{"id":7444,"date":"2022-04-23T20:29:31","date_gmt":"2022-04-24T01:29:31","guid":{"rendered":"https:\/\/acuariosupremus.com\/?post_type=product&#038;p=7444"},"modified":"2025-12-23T17:38:23","modified_gmt":"2025-12-23T23:38:23","slug":"carbon-plus-azoo-carbon-organico-liquido-500-ml","status":"publish","type":"product","link":"https:\/\/acuariosupremus.com\/?product=carbon-plus-azoo-carbon-organico-liquido-500-ml","title":{"rendered":"Carbon Plus AZOO (carb\u00f3n org\u00e1nico l\u00edquido) 500 ml."},"content":{"rendered":"<p>Para un acuario nuevo o despu\u00e9s de realizar un cambio de agua sustancial, agregue 5ml por cada 100 litros de agua del acuario, o bien una gota por cada litro de agua. Para uso normal, agregue 5ml por cada 200 litros de agua del acuario diariamente o cada tercer d\u00eda. (1 gota por cada 2 litros de agua) Sea prudente a la hora de sobre dosificar Carb\u00f3n Plus. Este producto puede impactar el valor pH cuando la reserva alcalina del acuario (dKH) es muy baja, causando valores abruptamente bajos.<br \/>\nObservaciones: Para garantizar una correcta dispersi\u00f3n, a\u00f1ada los aditivos en un \u00e1rea del acuario que tenga suficiente corriente. Para cambios de agua, puede a\u00f1adir los aditivos al agua antes de verterla sobre el acuario. Evite mezclar diferentes aditivos antes de a\u00f1adirlos. Algunos productos para acuarios pueden reaccionar qu\u00edmicamente con otros; procure no combinar varios productos al mismo tiempo para evitar precipitaciones o reacciones no deseadas.<br \/>\nATENCI\u00d3N:<br \/>\n\u2022 NO INGERIR, EN CASO DE CONTACTO CON LOS OJOS ENJUAGUE CON ABUNDANTE AGUA LIMPIA Y ACUDA AL M\u00c9DICO.<br \/>\n\u2022 MANTENGA EL PRODUCTO ALEJADO DE NI\u00d1OS Y MASCOTAS.<br \/>\n\u2022 AGITE EL ENVASE ANTES DE UTILIZARLO.<br \/>\n\u2022 CIERRE BIEN EL ENVASE DESPU\u00c9S DE CADA USO.<br \/>\n\u2022 GUARDE EL ENVASE EN UN LUGAR FRESCO Y SECO, EVITANDO LA EXPOSICI\u00d3N DIRECTA DEL SOL<br \/>\n\u2022 PARA USO EXCLUSIVO EN PECES ORNAMENTALES.<\/p>\n<p>P\/V Neto:<br \/>\n500 (ml.)<br \/>\nPeso total:<br \/>\n0.565 (Kg.)<br \/>\nTama\u00f1o mm<br \/>\n62 x 62 x 213 (l x a x h)<\/p>\n","protected":false},"excerpt":{"rendered":"<p>Para acuarios con plantas naturales. AZOO Carbon Plus provee de forma directa carbono biodisponible para las plantas. Es una fuente sustituta de CO2 que evita m\u00e9todos m\u00e1s costosos o tediosos de administrar, como la inyecci\u00f3n en reactores, la fermentaci\u00f3n o las pastillas efervescentes. Facilita la conversi\u00f3n del estado f\u00e9rrico del hierro (Fe3+) en estado ferroso (Fe2+) para facilitar a las plantas la absorci\u00f3n de este nutriente. Puede ser usado como \u00fanica fuente sustituta de CO2 o en combinaci\u00f3n con otros m\u00e9todos de suministro. Combate eficazmente las resistentes algas pincel y barbudas en el acuario. Para un mejor resultado en el crecimiento de las plantas combine AZOO Carbon Plus con la l\u00ednea de fertilizantes para plantas acu\u00e1ticas de AZOO.<\/p>\n","protected":false},"featured_media":7445,"template":"","meta":[],"product_brand":[118],"product_cat":[40,56],"product_tag":[596],"class_list":{"0":"post-7444","1":"product","2":"type-product","3":"status-publish","4":"has-post-thumbnail","6":"product_brand-azoo","7":"product_cat-peces","8":"product_cat-plantas-naturales","9":"product_tag-sustituto-de-co2-liquido","11":"first","12":"instock","13":"sale","14":"shipping-taxable","15":"purchasable","16":"product-type-simple"},"yoast_head":"<!-- This site is optimized with the Yoast SEO plugin v27.4 - https:\/\/yoast.com\/product\/yoast-seo-wordpress\/ -->\n<title>Carbon Plus AZOO (carb\u00f3n org\u00e1nico l\u00edquido) 500 ml. | Acuario Supremus<\/title>\n<meta name=\"description\" content=\"Para acuarios con plantas naturales. AZOO Carbon Plus provee de forma directa carbono biodisponible para las plantas. Es una fuente sustituta de CO2.\" \/>\n<meta name=\"robots\" content=\"index, follow, max-snippet:-1, max-image-preview:large, max-video-preview:-1\" \/>\n<link rel=\"canonical\" href=\"https:\/\/acuariosupremus.com\/?product=carbon-plus-azoo-carbon-organico-liquido-500-ml\" \/>\n<meta property=\"og:locale\" content=\"es_MX\" \/>\n<meta property=\"og:type\" content=\"article\" \/>\n<meta property=\"og:title\" content=\"Carbon Plus AZOO (carb\u00f3n org\u00e1nico l\u00edquido) 500 ml. | Acuario Supremus\" \/>\n<meta property=\"og:description\" content=\"Para acuarios con plantas naturales. AZOO Carbon Plus provee de forma directa carbono biodisponible para las plantas. Es una fuente sustituta de CO2.\" \/>\n<meta property=\"og:url\" content=\"https:\/\/acuariosupremus.com\/?product=carbon-plus-azoo-carbon-organico-liquido-500-ml\" \/>\n<meta property=\"og:site_name\" content=\"Acuario Supremus\" \/>\n<meta property=\"article:publisher\" content=\"https:\/\/www.facebook.com\/AcuarioSupremus\" \/>\n<meta property=\"article:modified_time\" content=\"2025-12-23T23:38:23+00:00\" \/>\n<meta property=\"og:image\" content=\"https:\/\/acuariosupremus.com\/wp-content\/uploads\/2022\/04\/azoo_carbon_plus_05.jpg\" \/>\n\t<meta property=\"og:image:width\" content=\"1250\" \/>\n\t<meta property=\"og:image:height\" content=\"1250\" \/>\n\t<meta property=\"og:image:type\" content=\"image\/jpeg\" \/>\n<meta name=\"twitter:card\" content=\"summary_large_image\" \/>\n<meta name=\"twitter:site\" content=\"@AcuarioSupremus\" \/>\n<meta name=\"twitter:label1\" content=\"Tiempo de lectura\" \/>\n\t<meta name=\"twitter:data1\" content=\"2 minutos\" \/>\n<script type=\"application\/ld+json\" class=\"yoast-schema-graph\">{\"@context\":\"https:\\\/\\\/schema.org\",\"@graph\":[{\"@type\":\"WebPage\",\"@id\":\"https:\\\/\\\/acuariosupremus.com\\\/?product=carbon-plus-azoo-carbon-organico-liquido-500-ml\",\"url\":\"https:\\\/\\\/acuariosupremus.com\\\/?product=carbon-plus-azoo-carbon-organico-liquido-500-ml\",\"name\":\"Carbon Plus AZOO (carb\u00f3n org\u00e1nico l\u00edquido) 500 ml. | Acuario Supremus\",\"isPartOf\":{\"@id\":\"https:\\\/\\\/acuariosupremus.com\\\/#website\"},\"primaryImageOfPage\":{\"@id\":\"https:\\\/\\\/acuariosupremus.com\\\/?product=carbon-plus-azoo-carbon-organico-liquido-500-ml#primaryimage\"},\"image\":{\"@id\":\"https:\\\/\\\/acuariosupremus.com\\\/?product=carbon-plus-azoo-carbon-organico-liquido-500-ml#primaryimage\"},\"thumbnailUrl\":\"https:\\\/\\\/acuariosupremus.com\\\/wp-content\\\/uploads\\\/2022\\\/04\\\/azoo_carbon_plus_05.jpg\",\"datePublished\":\"2022-04-24T01:29:31+00:00\",\"dateModified\":\"2025-12-23T23:38:23+00:00\",\"description\":\"Para acuarios con plantas naturales. AZOO Carbon Plus provee de forma directa carbono biodisponible para las plantas. Es una fuente sustituta de CO2.\",\"breadcrumb\":{\"@id\":\"https:\\\/\\\/acuariosupremus.com\\\/?product=carbon-plus-azoo-carbon-organico-liquido-500-ml#breadcrumb\"},\"inLanguage\":\"es\",\"potentialAction\":[{\"@type\":\"ReadAction\",\"target\":[\"https:\\\/\\\/acuariosupremus.com\\\/?product=carbon-plus-azoo-carbon-organico-liquido-500-ml\"]}]},{\"@type\":\"ImageObject\",\"inLanguage\":\"es\",\"@id\":\"https:\\\/\\\/acuariosupremus.com\\\/?product=carbon-plus-azoo-carbon-organico-liquido-500-ml#primaryimage\",\"url\":\"https:\\\/\\\/acuariosupremus.com\\\/wp-content\\\/uploads\\\/2022\\\/04\\\/azoo_carbon_plus_05.jpg\",\"contentUrl\":\"https:\\\/\\\/acuariosupremus.com\\\/wp-content\\\/uploads\\\/2022\\\/04\\\/azoo_carbon_plus_05.jpg\",\"width\":1250,\"height\":1250},{\"@type\":\"BreadcrumbList\",\"@id\":\"https:\\\/\\\/acuariosupremus.com\\\/?product=carbon-plus-azoo-carbon-organico-liquido-500-ml#breadcrumb\",\"itemListElement\":[{\"@type\":\"ListItem\",\"position\":1,\"name\":\"Portada\",\"item\":\"https:\\\/\\\/acuariosupremus.com\\\/\"},{\"@type\":\"ListItem\",\"position\":2,\"name\":\"Tienda\",\"item\":\"https:\\\/\\\/acuariosupremus.com\\\/tienda\\\/\"},{\"@type\":\"ListItem\",\"position\":3,\"name\":\"Carbon Plus AZOO (carb\u00f3n org\u00e1nico l\u00edquido) 500 ml.\"}]},{\"@type\":\"WebSite\",\"@id\":\"https:\\\/\\\/acuariosupremus.com\\\/#website\",\"url\":\"https:\\\/\\\/acuariosupremus.com\\\/\",\"name\":\"Acuario Supremus\",\"description\":\"Peces, Peceras y Mascotas.\",\"publisher\":{\"@id\":\"https:\\\/\\\/acuariosupremus.com\\\/#organization\"},\"potentialAction\":[{\"@type\":\"SearchAction\",\"target\":{\"@type\":\"EntryPoint\",\"urlTemplate\":\"https:\\\/\\\/acuariosupremus.com\\\/?s={search_term_string}\"},\"query-input\":{\"@type\":\"PropertyValueSpecification\",\"valueRequired\":true,\"valueName\":\"search_term_string\"}}],\"inLanguage\":\"es\"},{\"@type\":\"Organization\",\"@id\":\"https:\\\/\\\/acuariosupremus.com\\\/#organization\",\"name\":\"Acuario Supremus\",\"url\":\"https:\\\/\\\/acuariosupremus.com\\\/\",\"logo\":{\"@type\":\"ImageObject\",\"inLanguage\":\"es\",\"@id\":\"https:\\\/\\\/acuariosupremus.com\\\/#\\\/schema\\\/logo\\\/image\\\/\",\"url\":\"https:\\\/\\\/acuariosupremus.com\\\/wp-content\\\/uploads\\\/2021\\\/12\\\/cropped-logo_acuario_supremus_fn-2.png\",\"contentUrl\":\"https:\\\/\\\/acuariosupremus.com\\\/wp-content\\\/uploads\\\/2021\\\/12\\\/cropped-logo_acuario_supremus_fn-2.png\",\"width\":1000,\"height\":318,\"caption\":\"Acuario Supremus\"},\"image\":{\"@id\":\"https:\\\/\\\/acuariosupremus.com\\\/#\\\/schema\\\/logo\\\/image\\\/\"},\"sameAs\":[\"https:\\\/\\\/www.facebook.com\\\/AcuarioSupremus\",\"https:\\\/\\\/x.com\\\/AcuarioSupremus\",\"https:\\\/\\\/www.instagram.com\\\/acuariosupremus\\\/?hl=es\"]}]}<\/script>\n<!-- \/ Yoast SEO plugin. -->","yoast_head_json":{"title":"Carbon Plus AZOO (carb\u00f3n org\u00e1nico l\u00edquido) 500 ml. | Acuario Supremus","description":"Para acuarios con plantas naturales. AZOO Carbon Plus provee de forma directa carbono biodisponible para las plantas. Es una fuente sustituta de CO2.","robots":{"index":"index","follow":"follow","max-snippet":"max-snippet:-1","max-image-preview":"max-image-preview:large","max-video-preview":"max-video-preview:-1"},"canonical":"https:\/\/acuariosupremus.com\/?product=carbon-plus-azoo-carbon-organico-liquido-500-ml","og_locale":"es_MX","og_type":"article","og_title":"Carbon Plus AZOO (carb\u00f3n org\u00e1nico l\u00edquido) 500 ml. | Acuario Supremus","og_description":"Para acuarios con plantas naturales. AZOO Carbon Plus provee de forma directa carbono biodisponible para las plantas. Es una fuente sustituta de CO2.","og_url":"https:\/\/acuariosupremus.com\/?product=carbon-plus-azoo-carbon-organico-liquido-500-ml","og_site_name":"Acuario Supremus","article_publisher":"https:\/\/www.facebook.com\/AcuarioSupremus","article_modified_time":"2025-12-23T23:38:23+00:00","og_image":[{"width":1250,"height":1250,"url":"https:\/\/acuariosupremus.com\/wp-content\/uploads\/2022\/04\/azoo_carbon_plus_05.jpg","type":"image\/jpeg"}],"twitter_card":"summary_large_image","twitter_site":"@AcuarioSupremus","twitter_misc":{"Tiempo de lectura":"2 minutos"},"schema":{"@context":"https:\/\/schema.org","@graph":[{"@type":"WebPage","@id":"https:\/\/acuariosupremus.com\/?product=carbon-plus-azoo-carbon-organico-liquido-500-ml","url":"https:\/\/acuariosupremus.com\/?product=carbon-plus-azoo-carbon-organico-liquido-500-ml","name":"Carbon Plus AZOO (carb\u00f3n org\u00e1nico l\u00edquido) 500 ml. | Acuario Supremus","isPartOf":{"@id":"https:\/\/acuariosupremus.com\/#website"},"primaryImageOfPage":{"@id":"https:\/\/acuariosupremus.com\/?product=carbon-plus-azoo-carbon-organico-liquido-500-ml#primaryimage"},"image":{"@id":"https:\/\/acuariosupremus.com\/?product=carbon-plus-azoo-carbon-organico-liquido-500-ml#primaryimage"},"thumbnailUrl":"https:\/\/acuariosupremus.com\/wp-content\/uploads\/2022\/04\/azoo_carbon_plus_05.jpg","datePublished":"2022-04-24T01:29:31+00:00","dateModified":"2025-12-23T23:38:23+00:00","description":"Para acuarios con plantas naturales. AZOO Carbon Plus provee de forma directa carbono biodisponible para las plantas. Es una fuente sustituta de CO2.","breadcrumb":{"@id":"https:\/\/acuariosupremus.com\/?product=carbon-plus-azoo-carbon-organico-liquido-500-ml#breadcrumb"},"inLanguage":"es","potentialAction":[{"@type":"ReadAction","target":["https:\/\/acuariosupremus.com\/?product=carbon-plus-azoo-carbon-organico-liquido-500-ml"]}]},{"@type":"ImageObject","inLanguage":"es","@id":"https:\/\/acuariosupremus.com\/?product=carbon-plus-azoo-carbon-organico-liquido-500-ml#primaryimage","url":"https:\/\/acuariosupremus.com\/wp-content\/uploads\/2022\/04\/azoo_carbon_plus_05.jpg","contentUrl":"https:\/\/acuariosupremus.com\/wp-content\/uploads\/2022\/04\/azoo_carbon_plus_05.jpg","width":1250,"height":1250},{"@type":"BreadcrumbList","@id":"https:\/\/acuariosupremus.com\/?product=carbon-plus-azoo-carbon-organico-liquido-500-ml#breadcrumb","itemListElement":[{"@type":"ListItem","position":1,"name":"Portada","item":"https:\/\/acuariosupremus.com\/"},{"@type":"ListItem","position":2,"name":"Tienda","item":"https:\/\/acuariosupremus.com\/tienda\/"},{"@type":"ListItem","position":3,"name":"Carbon Plus AZOO (carb\u00f3n org\u00e1nico l\u00edquido) 500 ml."}]},{"@type":"WebSite","@id":"https:\/\/acuariosupremus.com\/#website","url":"https:\/\/acuariosupremus.com\/","name":"Acuario Supremus","description":"Peces, Peceras y Mascotas.","publisher":{"@id":"https:\/\/acuariosupremus.com\/#organization"},"potentialAction":[{"@type":"SearchAction","target":{"@type":"EntryPoint","urlTemplate":"https:\/\/acuariosupremus.com\/?s={search_term_string}"},"query-input":{"@type":"PropertyValueSpecification","valueRequired":true,"valueName":"search_term_string"}}],"inLanguage":"es"},{"@type":"Organization","@id":"https:\/\/acuariosupremus.com\/#organization","name":"Acuario Supremus","url":"https:\/\/acuariosupremus.com\/","logo":{"@type":"ImageObject","inLanguage":"es","@id":"https:\/\/acuariosupremus.com\/#\/schema\/logo\/image\/","url":"https:\/\/acuariosupremus.com\/wp-content\/uploads\/2021\/12\/cropped-logo_acuario_supremus_fn-2.png","contentUrl":"https:\/\/acuariosupremus.com\/wp-content\/uploads\/2021\/12\/cropped-logo_acuario_supremus_fn-2.png","width":1000,"height":318,"caption":"Acuario Supremus"},"image":{"@id":"https:\/\/acuariosupremus.com\/#\/schema\/logo\/image\/"},"sameAs":["https:\/\/www.facebook.com\/AcuarioSupremus","https:\/\/x.com\/AcuarioSupremus","https:\/\/www.instagram.com\/acuariosupremus\/?hl=es"]}]}},"jetpack_sharing_enabled":true,"_links":{"self":[{"href":"https:\/\/acuariosupremus.com\/index.php?rest_route=\/wp\/v2\/product\/7444","targetHints":{"allow":["GET"]}}],"collection":[{"href":"https:\/\/acuariosupremus.com\/index.php?rest_route=\/wp\/v2\/product"}],"about":[{"href":"https:\/\/acuariosupremus.com\/index.php?rest_route=\/wp\/v2\/types\/product"}],"wp:featuredmedia":[{"embeddable":true,"href":"https:\/\/acuariosupremus.com\/index.php?rest_route=\/wp\/v2\/media\/7445"}],"wp:attachment":[{"href":"https:\/\/acuariosupremus.com\/index.php?rest_route=%2Fwp%2Fv2%2Fmedia&parent=7444"}],"wp:term":[{"taxonomy":"product_brand","embeddable":true,"href":"https:\/\/acuariosupremus.com\/index.php?rest_route=%2Fwp%2Fv2%2Fproduct_brand&post=7444"},{"taxonomy":"product_cat","embeddable":true,"href":"https:\/\/acuariosupremus.com\/index.php?rest_route=%2Fwp%2Fv2%2Fproduct_cat&post=7444"},{"taxonomy":"product_tag","embeddable":true,"href":"https:\/\/acuariosupremus.com\/index.php?rest_route=%2Fwp%2Fv2%2Fproduct_tag&post=7444"}],"curies":[{"name":"wp","href":"https:\/\/api.w.org\/{rel}","templated":true}]}}