{"id":7460,"date":"2022-04-24T14:21:20","date_gmt":"2022-04-24T19:21:20","guid":{"rendered":"https:\/\/acuariosupremus.com\/?post_type=product&#038;p=7460"},"modified":"2025-12-23T17:39:41","modified_gmt":"2025-12-23T23:39:41","slug":"digital-thermometer-grados-centigrados-y-fahrenheit","status":"publish","type":"product","link":"https:\/\/acuariosupremus.com\/?product=digital-thermometer-grados-centigrados-y-fahrenheit","title":{"rendered":"Digital thermometer (grados Cent\u00edgrados y Fahrenheit)."},"content":{"rendered":"<p>1. Saque el term\u00f3metro de su bl\u00edster.<br \/>\n2. Seleccione un \u00e1rea f\u00e1cilmente visible en las caras externas de las paredes del acuario, preferiblemente lo m\u00e1s lejos posible del calentador o enfriador si los hubiera. Recomendamos \u00e1reas con un buen acceso y f\u00e1cil observaci\u00f3n, como el cristal delantero del acuario o del sumidero.<br \/>\n3. Una vez elegido el lugar, limpie la superficie con agua o alcohol donde se va a ubicar el term\u00f3metro, extraiga la l\u00e1mina protectora de la superficie adhesiva y col\u00f3quela de forma correcta para su lectura. Presione cuidadosamente frotando el adhesivo con un pa\u00f1o para extraer el posible aire atrapado y asegurar una fijaci\u00f3n perfecta.<br \/>\n4. Espere al menos 60 minutos para obtener una lectura fiable de la temperatura de agua. Especialmente despu\u00e9s de adherir el term\u00f3metro en el acuario o tras un cambio de agua.<br \/>\nPRECAUCIONES:<br \/>\n\u2022 Evite colocar el adhesivo sobre superficies manchadas con sustancias grasientas o aceitosas, ya que pueden repeler el material adhesivo.<br \/>\n\u2022 Presente previamente el term\u00f3metro en la ubicaci\u00f3n donde planea ubicarlo. Si queda satisfecho con el resultado remueva la banda protectora y proceda a pegarlo.<br \/>\n\u2022 Este term\u00f3metro est\u00e1 dise\u00f1ado para ser ubicado en un solo lugar. Despegar el adhesivo para ubicarlo en otro lugar no suele resultar satisfactorio, ya que puede deteriorar la banda pl\u00e1stica y perder sus propiedades de adhesi\u00f3n.<br \/>\n\u2022 No fije este term\u00f3metro sin remover la banda protectora. De hacerlo as\u00ed aislar\u00eda la transferencia t\u00e9rmica necesaria entre la pared del acuario y el term\u00f3metro causando falsas lecturas. Use siempre el adhesivo que incorpora para su correcta fijaci\u00f3n.<br \/>\n\u2022 Transcurrido un tiempo (m\u00e1s de 15 meses) puede que el term\u00f3metro deje de mostrar la temperatura tan claramente como antes, ya que los colores podr\u00edan perder su vivacidad y contraste habituales. En tal caso, puede ocurrir que el componte termo-reactivo de la banda haya perdido sus propiedades indicadoras. Si este es el caso, considere sustituirlo por un term\u00f3metro nuevo.<\/p>\n<p>Tama\u00f1o mm 85 x 3 x 190 (l x a x h) con embalaje.<\/p>\n","protected":false},"excerpt":{"rendered":"<p>Term\u00f3metro colorim\u00e9trico de pel\u00edcula termo-sensible para todo tipo de acuarios. Presenta un elegante y sencillo dise\u00f1o que consiste en una banda negra adhesiva de f\u00e1cil colocaci\u00f3n en la parte externa de su acuario. Indica la temperatura de forma muy clara y confiable con una resoluci\u00f3n de 1 grado, tanto en la escala de Celsius (\u00b0C) como en la de Fahrenheit (\u00b0F). La temperatura actual del agua se transfiere a trav\u00e9s del vidrio o el acr\u00edlico mediante transferencia t\u00e9rmica, activando un componente qu\u00edmico que reacciona a la temperatura cambiando su color. Esta mutaci\u00f3n de color var\u00eda desde el negro al azul, pasando por tonos verdes, amarillos y marrones. El valor resaltado en color verde representar\u00e1 la temperatura actual del agua. Ofrece un rango de medici\u00f3n de 18 a 34 grados cent\u00edgrados (\u00b0C), (64 a 93 \u00b0F) cubriendo las necesidades de temperatura para cualquier acuario.<\/p>\n","protected":false},"featured_media":7461,"template":"","meta":[],"product_brand":[118],"product_cat":[40,64],"product_tag":[243],"class_list":{"0":"post-7460","1":"product","2":"type-product","3":"status-publish","4":"has-post-thumbnail","6":"product_brand-azoo","7":"product_cat-peces","8":"product_cat-termometros-y-densimetros","9":"product_tag-termometro","11":"first","12":"instock","13":"sale","14":"shipping-taxable","15":"purchasable","16":"product-type-simple"},"yoast_head":"<!-- This site is optimized with the Yoast SEO plugin v27.4 - https:\/\/yoast.com\/product\/yoast-seo-wordpress\/ -->\n<title>Digital thermometer (grados Cent\u00edgrados y Fahrenheit). | Acuario Supremus<\/title>\n<meta name=\"description\" content=\"AZOO Term\u00f3metro colorim\u00e9trico de pel\u00edcula termo-sensible para todo tipo de acuarios.\" \/>\n<meta name=\"robots\" content=\"index, follow, max-snippet:-1, max-image-preview:large, max-video-preview:-1\" \/>\n<link rel=\"canonical\" href=\"https:\/\/acuariosupremus.com\/?product=digital-thermometer-grados-centigrados-y-fahrenheit\" \/>\n<meta property=\"og:locale\" content=\"es_MX\" \/>\n<meta property=\"og:type\" content=\"article\" \/>\n<meta property=\"og:title\" content=\"Digital thermometer (grados Cent\u00edgrados y Fahrenheit). | Acuario Supremus\" \/>\n<meta property=\"og:description\" content=\"AZOO Term\u00f3metro colorim\u00e9trico de pel\u00edcula termo-sensible para todo tipo de acuarios.\" \/>\n<meta property=\"og:url\" content=\"https:\/\/acuariosupremus.com\/?product=digital-thermometer-grados-centigrados-y-fahrenheit\" \/>\n<meta property=\"og:site_name\" content=\"Acuario Supremus\" \/>\n<meta property=\"article:publisher\" content=\"https:\/\/www.facebook.com\/AcuarioSupremus\" \/>\n<meta property=\"article:modified_time\" content=\"2025-12-23T23:39:41+00:00\" \/>\n<meta property=\"og:image\" content=\"https:\/\/acuariosupremus.com\/wp-content\/uploads\/2022\/04\/azoo_digital_thermometer_01.jpg\" \/>\n\t<meta property=\"og:image:width\" content=\"1250\" \/>\n\t<meta property=\"og:image:height\" content=\"1250\" \/>\n\t<meta property=\"og:image:type\" content=\"image\/jpeg\" \/>\n<meta name=\"twitter:card\" content=\"summary_large_image\" \/>\n<meta name=\"twitter:site\" content=\"@AcuarioSupremus\" \/>\n<meta name=\"twitter:label1\" content=\"Tiempo de lectura\" \/>\n\t<meta name=\"twitter:data1\" content=\"2 minutos\" \/>\n<script type=\"application\/ld+json\" class=\"yoast-schema-graph\">{\"@context\":\"https:\\\/\\\/schema.org\",\"@graph\":[{\"@type\":\"WebPage\",\"@id\":\"https:\\\/\\\/acuariosupremus.com\\\/?product=digital-thermometer-grados-centigrados-y-fahrenheit\",\"url\":\"https:\\\/\\\/acuariosupremus.com\\\/?product=digital-thermometer-grados-centigrados-y-fahrenheit\",\"name\":\"Digital thermometer (grados Cent\u00edgrados y Fahrenheit). | Acuario Supremus\",\"isPartOf\":{\"@id\":\"https:\\\/\\\/acuariosupremus.com\\\/#website\"},\"primaryImageOfPage\":{\"@id\":\"https:\\\/\\\/acuariosupremus.com\\\/?product=digital-thermometer-grados-centigrados-y-fahrenheit#primaryimage\"},\"image\":{\"@id\":\"https:\\\/\\\/acuariosupremus.com\\\/?product=digital-thermometer-grados-centigrados-y-fahrenheit#primaryimage\"},\"thumbnailUrl\":\"https:\\\/\\\/acuariosupremus.com\\\/wp-content\\\/uploads\\\/2022\\\/04\\\/azoo_digital_thermometer_01.jpg\",\"datePublished\":\"2022-04-24T19:21:20+00:00\",\"dateModified\":\"2025-12-23T23:39:41+00:00\",\"description\":\"AZOO Term\u00f3metro colorim\u00e9trico de pel\u00edcula termo-sensible para todo tipo de acuarios.\",\"breadcrumb\":{\"@id\":\"https:\\\/\\\/acuariosupremus.com\\\/?product=digital-thermometer-grados-centigrados-y-fahrenheit#breadcrumb\"},\"inLanguage\":\"es\",\"potentialAction\":[{\"@type\":\"ReadAction\",\"target\":[\"https:\\\/\\\/acuariosupremus.com\\\/?product=digital-thermometer-grados-centigrados-y-fahrenheit\"]}]},{\"@type\":\"ImageObject\",\"inLanguage\":\"es\",\"@id\":\"https:\\\/\\\/acuariosupremus.com\\\/?product=digital-thermometer-grados-centigrados-y-fahrenheit#primaryimage\",\"url\":\"https:\\\/\\\/acuariosupremus.com\\\/wp-content\\\/uploads\\\/2022\\\/04\\\/azoo_digital_thermometer_01.jpg\",\"contentUrl\":\"https:\\\/\\\/acuariosupremus.com\\\/wp-content\\\/uploads\\\/2022\\\/04\\\/azoo_digital_thermometer_01.jpg\",\"width\":1250,\"height\":1250},{\"@type\":\"BreadcrumbList\",\"@id\":\"https:\\\/\\\/acuariosupremus.com\\\/?product=digital-thermometer-grados-centigrados-y-fahrenheit#breadcrumb\",\"itemListElement\":[{\"@type\":\"ListItem\",\"position\":1,\"name\":\"Portada\",\"item\":\"https:\\\/\\\/acuariosupremus.com\\\/\"},{\"@type\":\"ListItem\",\"position\":2,\"name\":\"Tienda\",\"item\":\"https:\\\/\\\/acuariosupremus.com\\\/tienda\\\/\"},{\"@type\":\"ListItem\",\"position\":3,\"name\":\"Digital thermometer (grados Cent\u00edgrados y Fahrenheit).\"}]},{\"@type\":\"WebSite\",\"@id\":\"https:\\\/\\\/acuariosupremus.com\\\/#website\",\"url\":\"https:\\\/\\\/acuariosupremus.com\\\/\",\"name\":\"Acuario Supremus\",\"description\":\"Peces, Peceras y Mascotas.\",\"publisher\":{\"@id\":\"https:\\\/\\\/acuariosupremus.com\\\/#organization\"},\"potentialAction\":[{\"@type\":\"SearchAction\",\"target\":{\"@type\":\"EntryPoint\",\"urlTemplate\":\"https:\\\/\\\/acuariosupremus.com\\\/?s={search_term_string}\"},\"query-input\":{\"@type\":\"PropertyValueSpecification\",\"valueRequired\":true,\"valueName\":\"search_term_string\"}}],\"inLanguage\":\"es\"},{\"@type\":\"Organization\",\"@id\":\"https:\\\/\\\/acuariosupremus.com\\\/#organization\",\"name\":\"Acuario Supremus\",\"url\":\"https:\\\/\\\/acuariosupremus.com\\\/\",\"logo\":{\"@type\":\"ImageObject\",\"inLanguage\":\"es\",\"@id\":\"https:\\\/\\\/acuariosupremus.com\\\/#\\\/schema\\\/logo\\\/image\\\/\",\"url\":\"https:\\\/\\\/acuariosupremus.com\\\/wp-content\\\/uploads\\\/2021\\\/12\\\/cropped-logo_acuario_supremus_fn-2.png\",\"contentUrl\":\"https:\\\/\\\/acuariosupremus.com\\\/wp-content\\\/uploads\\\/2021\\\/12\\\/cropped-logo_acuario_supremus_fn-2.png\",\"width\":1000,\"height\":318,\"caption\":\"Acuario Supremus\"},\"image\":{\"@id\":\"https:\\\/\\\/acuariosupremus.com\\\/#\\\/schema\\\/logo\\\/image\\\/\"},\"sameAs\":[\"https:\\\/\\\/www.facebook.com\\\/AcuarioSupremus\",\"https:\\\/\\\/x.com\\\/AcuarioSupremus\",\"https:\\\/\\\/www.instagram.com\\\/acuariosupremus\\\/?hl=es\"]}]}<\/script>\n<!-- \/ Yoast SEO plugin. -->","yoast_head_json":{"title":"Digital thermometer (grados Cent\u00edgrados y Fahrenheit). | Acuario Supremus","description":"AZOO Term\u00f3metro colorim\u00e9trico de pel\u00edcula termo-sensible para todo tipo de acuarios.","robots":{"index":"index","follow":"follow","max-snippet":"max-snippet:-1","max-image-preview":"max-image-preview:large","max-video-preview":"max-video-preview:-1"},"canonical":"https:\/\/acuariosupremus.com\/?product=digital-thermometer-grados-centigrados-y-fahrenheit","og_locale":"es_MX","og_type":"article","og_title":"Digital thermometer (grados Cent\u00edgrados y Fahrenheit). | Acuario Supremus","og_description":"AZOO Term\u00f3metro colorim\u00e9trico de pel\u00edcula termo-sensible para todo tipo de acuarios.","og_url":"https:\/\/acuariosupremus.com\/?product=digital-thermometer-grados-centigrados-y-fahrenheit","og_site_name":"Acuario Supremus","article_publisher":"https:\/\/www.facebook.com\/AcuarioSupremus","article_modified_time":"2025-12-23T23:39:41+00:00","og_image":[{"width":1250,"height":1250,"url":"https:\/\/acuariosupremus.com\/wp-content\/uploads\/2022\/04\/azoo_digital_thermometer_01.jpg","type":"image\/jpeg"}],"twitter_card":"summary_large_image","twitter_site":"@AcuarioSupremus","twitter_misc":{"Tiempo de lectura":"2 minutos"},"schema":{"@context":"https:\/\/schema.org","@graph":[{"@type":"WebPage","@id":"https:\/\/acuariosupremus.com\/?product=digital-thermometer-grados-centigrados-y-fahrenheit","url":"https:\/\/acuariosupremus.com\/?product=digital-thermometer-grados-centigrados-y-fahrenheit","name":"Digital thermometer (grados Cent\u00edgrados y Fahrenheit). | Acuario Supremus","isPartOf":{"@id":"https:\/\/acuariosupremus.com\/#website"},"primaryImageOfPage":{"@id":"https:\/\/acuariosupremus.com\/?product=digital-thermometer-grados-centigrados-y-fahrenheit#primaryimage"},"image":{"@id":"https:\/\/acuariosupremus.com\/?product=digital-thermometer-grados-centigrados-y-fahrenheit#primaryimage"},"thumbnailUrl":"https:\/\/acuariosupremus.com\/wp-content\/uploads\/2022\/04\/azoo_digital_thermometer_01.jpg","datePublished":"2022-04-24T19:21:20+00:00","dateModified":"2025-12-23T23:39:41+00:00","description":"AZOO Term\u00f3metro colorim\u00e9trico de pel\u00edcula termo-sensible para todo tipo de acuarios.","breadcrumb":{"@id":"https:\/\/acuariosupremus.com\/?product=digital-thermometer-grados-centigrados-y-fahrenheit#breadcrumb"},"inLanguage":"es","potentialAction":[{"@type":"ReadAction","target":["https:\/\/acuariosupremus.com\/?product=digital-thermometer-grados-centigrados-y-fahrenheit"]}]},{"@type":"ImageObject","inLanguage":"es","@id":"https:\/\/acuariosupremus.com\/?product=digital-thermometer-grados-centigrados-y-fahrenheit#primaryimage","url":"https:\/\/acuariosupremus.com\/wp-content\/uploads\/2022\/04\/azoo_digital_thermometer_01.jpg","contentUrl":"https:\/\/acuariosupremus.com\/wp-content\/uploads\/2022\/04\/azoo_digital_thermometer_01.jpg","width":1250,"height":1250},{"@type":"BreadcrumbList","@id":"https:\/\/acuariosupremus.com\/?product=digital-thermometer-grados-centigrados-y-fahrenheit#breadcrumb","itemListElement":[{"@type":"ListItem","position":1,"name":"Portada","item":"https:\/\/acuariosupremus.com\/"},{"@type":"ListItem","position":2,"name":"Tienda","item":"https:\/\/acuariosupremus.com\/tienda\/"},{"@type":"ListItem","position":3,"name":"Digital thermometer (grados Cent\u00edgrados y Fahrenheit)."}]},{"@type":"WebSite","@id":"https:\/\/acuariosupremus.com\/#website","url":"https:\/\/acuariosupremus.com\/","name":"Acuario Supremus","description":"Peces, Peceras y Mascotas.","publisher":{"@id":"https:\/\/acuariosupremus.com\/#organization"},"potentialAction":[{"@type":"SearchAction","target":{"@type":"EntryPoint","urlTemplate":"https:\/\/acuariosupremus.com\/?s={search_term_string}"},"query-input":{"@type":"PropertyValueSpecification","valueRequired":true,"valueName":"search_term_string"}}],"inLanguage":"es"},{"@type":"Organization","@id":"https:\/\/acuariosupremus.com\/#organization","name":"Acuario Supremus","url":"https:\/\/acuariosupremus.com\/","logo":{"@type":"ImageObject","inLanguage":"es","@id":"https:\/\/acuariosupremus.com\/#\/schema\/logo\/image\/","url":"https:\/\/acuariosupremus.com\/wp-content\/uploads\/2021\/12\/cropped-logo_acuario_supremus_fn-2.png","contentUrl":"https:\/\/acuariosupremus.com\/wp-content\/uploads\/2021\/12\/cropped-logo_acuario_supremus_fn-2.png","width":1000,"height":318,"caption":"Acuario Supremus"},"image":{"@id":"https:\/\/acuariosupremus.com\/#\/schema\/logo\/image\/"},"sameAs":["https:\/\/www.facebook.com\/AcuarioSupremus","https:\/\/x.com\/AcuarioSupremus","https:\/\/www.instagram.com\/acuariosupremus\/?hl=es"]}]}},"jetpack_sharing_enabled":true,"_links":{"self":[{"href":"https:\/\/acuariosupremus.com\/index.php?rest_route=\/wp\/v2\/product\/7460","targetHints":{"allow":["GET"]}}],"collection":[{"href":"https:\/\/acuariosupremus.com\/index.php?rest_route=\/wp\/v2\/product"}],"about":[{"href":"https:\/\/acuariosupremus.com\/index.php?rest_route=\/wp\/v2\/types\/product"}],"wp:featuredmedia":[{"embeddable":true,"href":"https:\/\/acuariosupremus.com\/index.php?rest_route=\/wp\/v2\/media\/7461"}],"wp:attachment":[{"href":"https:\/\/acuariosupremus.com\/index.php?rest_route=%2Fwp%2Fv2%2Fmedia&parent=7460"}],"wp:term":[{"taxonomy":"product_brand","embeddable":true,"href":"https:\/\/acuariosupremus.com\/index.php?rest_route=%2Fwp%2Fv2%2Fproduct_brand&post=7460"},{"taxonomy":"product_cat","embeddable":true,"href":"https:\/\/acuariosupremus.com\/index.php?rest_route=%2Fwp%2Fv2%2Fproduct_cat&post=7460"},{"taxonomy":"product_tag","embeddable":true,"href":"https:\/\/acuariosupremus.com\/index.php?rest_route=%2Fwp%2Fv2%2Fproduct_tag&post=7460"}],"curies":[{"name":"wp","href":"https:\/\/api.w.org\/{rel}","templated":true}]}}