{"id":7475,"date":"2022-04-24T14:57:22","date_gmt":"2022-04-24T19:57:22","guid":{"rendered":"https:\/\/acuariosupremus.com\/?post_type=product&#038;p=7475"},"modified":"2025-12-23T19:58:53","modified_gmt":"2025-12-24T01:58:53","slug":"plant-premium-nutrientes-para-plantas-acuaticas-500-ml","status":"publish","type":"product","link":"https:\/\/acuariosupremus.com\/?product=plant-premium-nutrientes-para-plantas-acuaticas-500-ml","title":{"rendered":"Plant PREMIUM (nutrientes para plantas acu\u00e1ticas) 500 ml."},"content":{"rendered":"<p>CARACTER\u00cdSTICAS:<br \/>\n1. Especialmente formulado para el cuidado profesional de plantas acu\u00e1ticas en acuario.<br \/>\n2. Contiene una combinaci\u00f3n exhaustiva en la proporci\u00f3n y cantidad suficiente de y macro-nutrientes y elementos traza, as\u00ed como una forma quelatada de hierro en estado ferroso y nutrientes org\u00e1nicos, que cubren todas las necesidades tanto para las plantas rojas como las verdes, obteniendo un desarrollo vigoroso de la forma m\u00e1s natural.<br \/>\n3. Incrementa significativamente la eficiencia en la fotos\u00edntesis y en el ratio de absorci\u00f3n de nutrientes.<br \/>\n4. F\u00f3rmula especialmente dise\u00f1ada para prevenir el crecimiento de las algas.<br \/>\nINSTRUCCIONES:<br \/>\n1. Para un acuario reci\u00e9n plantado a\u00f1ada dos dosis de 3ml por cada 100 litros de agua del acuario cada 7 d\u00edas.<br \/>\n2. Uso regular: A\u00f1ada de 10ml por cada 100 litros de agua del acuario cada 4-7 d\u00edas. Puede variar la dosificaci\u00f3n a discreci\u00f3n dependiendo de la densidad y requerimientos puntuales de las plantas acu\u00e1ticas.<br \/>\n3. Recomendamos realizar un cambio de agua de un 50% cada semana, a\u00f1adiendo a continuaci\u00f3n su dosis de fertilizante. Este paso es muy importante, ya que cada vez que realice esta operaci\u00f3n restaurar\u00e1 la proporci\u00f3n correcta de nutrientes.<br \/>\n4. Agite el envase antes de usarlo.<\/p>\n<p>P\/V Neto:<br \/>\n500 (ml.)<br \/>\nPeso total:<br \/>\n0.525 (Kg.)<br \/>\nTama\u00f1o mm<br \/>\n62 x 62 x 212 (l x a x h)<\/p>\n","protected":false},"excerpt":{"rendered":"<p>Un fertilizante Premium ideal para todo tipo de plantas acu\u00e1ticas. De una forma simple y natural, Nature Gro Plant Premium contiene todos los requerimientos nutrimentales esenciales para un desarrollo vigoroso y sano en todos los acuarios plantados en un solo aditivo, aport\u00e1ndolos de forma balanceada y en la proporci\u00f3n que las plantas necesitan. Este producto es el resultado de un arduo trabajo en el departamento de investigaci\u00f3n y desarrollo de AZOO en Taiw\u00e1n, logrando la simplificaci\u00f3n m\u00e1xima del altamente complejo proceso de fertilizaci\u00f3n de las plantas acu\u00e1ticas.<\/p>\n","protected":false},"featured_media":7473,"template":"","meta":[],"product_brand":[124],"product_cat":[40,56],"product_tag":[598,697],"class_list":{"0":"post-7475","1":"product","2":"type-product","3":"status-publish","4":"has-post-thumbnail","6":"product_brand-azooplusnaturegro","7":"product_cat-peces","8":"product_cat-plantas-naturales","9":"product_tag-nutrientes-plantas-acuaticas","10":"product_tag-plant-premium","12":"first","13":"instock","14":"sale","15":"shipping-taxable","16":"purchasable","17":"product-type-simple"},"yoast_head":"<!-- This site is optimized with the Yoast SEO plugin v27.4 - https:\/\/yoast.com\/product\/yoast-seo-wordpress\/ -->\n<title>Plant PREMIUM (nutrientes para plantas acu\u00e1ticas) 500 ml. | Acuario Supremus<\/title>\n<meta name=\"description\" content=\"Un fertilizante Premium ideal para todo tipo de plantas acu\u00e1ticas, forma simple y natural, Plant Premium contiene todos los requerimientos nutrimentales.\" \/>\n<meta name=\"robots\" content=\"index, follow, max-snippet:-1, max-image-preview:large, max-video-preview:-1\" \/>\n<link rel=\"canonical\" href=\"https:\/\/acuariosupremus.com\/?product=plant-premium-nutrientes-para-plantas-acuaticas-500-ml\" \/>\n<meta property=\"og:locale\" content=\"es_MX\" \/>\n<meta property=\"og:type\" content=\"article\" \/>\n<meta property=\"og:title\" content=\"Plant PREMIUM (nutrientes para plantas acu\u00e1ticas) 500 ml. | Acuario Supremus\" \/>\n<meta property=\"og:description\" content=\"Un fertilizante Premium ideal para todo tipo de plantas acu\u00e1ticas, forma simple y natural, Plant Premium contiene todos los requerimientos nutrimentales.\" \/>\n<meta property=\"og:url\" content=\"https:\/\/acuariosupremus.com\/?product=plant-premium-nutrientes-para-plantas-acuaticas-500-ml\" \/>\n<meta property=\"og:site_name\" content=\"Acuario Supremus\" \/>\n<meta property=\"article:publisher\" content=\"https:\/\/www.facebook.com\/AcuarioSupremus\" \/>\n<meta property=\"article:modified_time\" content=\"2025-12-24T01:58:53+00:00\" \/>\n<meta property=\"og:image\" content=\"https:\/\/acuariosupremus.com\/wp-content\/uploads\/2022\/04\/azoo_plus_plant_premium_02.jpg\" \/>\n\t<meta property=\"og:image:width\" content=\"1250\" \/>\n\t<meta property=\"og:image:height\" content=\"1250\" \/>\n\t<meta property=\"og:image:type\" content=\"image\/jpeg\" \/>\n<meta name=\"twitter:card\" content=\"summary_large_image\" \/>\n<meta name=\"twitter:site\" content=\"@AcuarioSupremus\" \/>\n<meta name=\"twitter:label1\" content=\"Tiempo de lectura\" \/>\n\t<meta name=\"twitter:data1\" content=\"1 minuto\" \/>\n<script type=\"application\/ld+json\" class=\"yoast-schema-graph\">{\"@context\":\"https:\\\/\\\/schema.org\",\"@graph\":[{\"@type\":\"WebPage\",\"@id\":\"https:\\\/\\\/acuariosupremus.com\\\/?product=plant-premium-nutrientes-para-plantas-acuaticas-500-ml\",\"url\":\"https:\\\/\\\/acuariosupremus.com\\\/?product=plant-premium-nutrientes-para-plantas-acuaticas-500-ml\",\"name\":\"Plant PREMIUM (nutrientes para plantas acu\u00e1ticas) 500 ml. | Acuario Supremus\",\"isPartOf\":{\"@id\":\"https:\\\/\\\/acuariosupremus.com\\\/#website\"},\"primaryImageOfPage\":{\"@id\":\"https:\\\/\\\/acuariosupremus.com\\\/?product=plant-premium-nutrientes-para-plantas-acuaticas-500-ml#primaryimage\"},\"image\":{\"@id\":\"https:\\\/\\\/acuariosupremus.com\\\/?product=plant-premium-nutrientes-para-plantas-acuaticas-500-ml#primaryimage\"},\"thumbnailUrl\":\"https:\\\/\\\/acuariosupremus.com\\\/wp-content\\\/uploads\\\/2022\\\/04\\\/azoo_plus_plant_premium_02.jpg\",\"datePublished\":\"2022-04-24T19:57:22+00:00\",\"dateModified\":\"2025-12-24T01:58:53+00:00\",\"description\":\"Un fertilizante Premium ideal para todo tipo de plantas acu\u00e1ticas, forma simple y natural, Plant Premium contiene todos los requerimientos nutrimentales.\",\"breadcrumb\":{\"@id\":\"https:\\\/\\\/acuariosupremus.com\\\/?product=plant-premium-nutrientes-para-plantas-acuaticas-500-ml#breadcrumb\"},\"inLanguage\":\"es\",\"potentialAction\":[{\"@type\":\"ReadAction\",\"target\":[\"https:\\\/\\\/acuariosupremus.com\\\/?product=plant-premium-nutrientes-para-plantas-acuaticas-500-ml\"]}]},{\"@type\":\"ImageObject\",\"inLanguage\":\"es\",\"@id\":\"https:\\\/\\\/acuariosupremus.com\\\/?product=plant-premium-nutrientes-para-plantas-acuaticas-500-ml#primaryimage\",\"url\":\"https:\\\/\\\/acuariosupremus.com\\\/wp-content\\\/uploads\\\/2022\\\/04\\\/azoo_plus_plant_premium_02.jpg\",\"contentUrl\":\"https:\\\/\\\/acuariosupremus.com\\\/wp-content\\\/uploads\\\/2022\\\/04\\\/azoo_plus_plant_premium_02.jpg\",\"width\":1250,\"height\":1250},{\"@type\":\"BreadcrumbList\",\"@id\":\"https:\\\/\\\/acuariosupremus.com\\\/?product=plant-premium-nutrientes-para-plantas-acuaticas-500-ml#breadcrumb\",\"itemListElement\":[{\"@type\":\"ListItem\",\"position\":1,\"name\":\"Portada\",\"item\":\"https:\\\/\\\/acuariosupremus.com\\\/\"},{\"@type\":\"ListItem\",\"position\":2,\"name\":\"Tienda\",\"item\":\"https:\\\/\\\/acuariosupremus.com\\\/tienda\\\/\"},{\"@type\":\"ListItem\",\"position\":3,\"name\":\"Plant PREMIUM (nutrientes para plantas acu\u00e1ticas) 500 ml.\"}]},{\"@type\":\"WebSite\",\"@id\":\"https:\\\/\\\/acuariosupremus.com\\\/#website\",\"url\":\"https:\\\/\\\/acuariosupremus.com\\\/\",\"name\":\"Acuario Supremus\",\"description\":\"Peces, Peceras y Mascotas.\",\"publisher\":{\"@id\":\"https:\\\/\\\/acuariosupremus.com\\\/#organization\"},\"potentialAction\":[{\"@type\":\"SearchAction\",\"target\":{\"@type\":\"EntryPoint\",\"urlTemplate\":\"https:\\\/\\\/acuariosupremus.com\\\/?s={search_term_string}\"},\"query-input\":{\"@type\":\"PropertyValueSpecification\",\"valueRequired\":true,\"valueName\":\"search_term_string\"}}],\"inLanguage\":\"es\"},{\"@type\":\"Organization\",\"@id\":\"https:\\\/\\\/acuariosupremus.com\\\/#organization\",\"name\":\"Acuario Supremus\",\"url\":\"https:\\\/\\\/acuariosupremus.com\\\/\",\"logo\":{\"@type\":\"ImageObject\",\"inLanguage\":\"es\",\"@id\":\"https:\\\/\\\/acuariosupremus.com\\\/#\\\/schema\\\/logo\\\/image\\\/\",\"url\":\"https:\\\/\\\/acuariosupremus.com\\\/wp-content\\\/uploads\\\/2021\\\/12\\\/cropped-logo_acuario_supremus_fn-2.png\",\"contentUrl\":\"https:\\\/\\\/acuariosupremus.com\\\/wp-content\\\/uploads\\\/2021\\\/12\\\/cropped-logo_acuario_supremus_fn-2.png\",\"width\":1000,\"height\":318,\"caption\":\"Acuario Supremus\"},\"image\":{\"@id\":\"https:\\\/\\\/acuariosupremus.com\\\/#\\\/schema\\\/logo\\\/image\\\/\"},\"sameAs\":[\"https:\\\/\\\/www.facebook.com\\\/AcuarioSupremus\",\"https:\\\/\\\/x.com\\\/AcuarioSupremus\",\"https:\\\/\\\/www.instagram.com\\\/acuariosupremus\\\/?hl=es\"]}]}<\/script>\n<!-- \/ Yoast SEO plugin. -->","yoast_head_json":{"title":"Plant PREMIUM (nutrientes para plantas acu\u00e1ticas) 500 ml. | Acuario Supremus","description":"Un fertilizante Premium ideal para todo tipo de plantas acu\u00e1ticas, forma simple y natural, Plant Premium contiene todos los requerimientos nutrimentales.","robots":{"index":"index","follow":"follow","max-snippet":"max-snippet:-1","max-image-preview":"max-image-preview:large","max-video-preview":"max-video-preview:-1"},"canonical":"https:\/\/acuariosupremus.com\/?product=plant-premium-nutrientes-para-plantas-acuaticas-500-ml","og_locale":"es_MX","og_type":"article","og_title":"Plant PREMIUM (nutrientes para plantas acu\u00e1ticas) 500 ml. | Acuario Supremus","og_description":"Un fertilizante Premium ideal para todo tipo de plantas acu\u00e1ticas, forma simple y natural, Plant Premium contiene todos los requerimientos nutrimentales.","og_url":"https:\/\/acuariosupremus.com\/?product=plant-premium-nutrientes-para-plantas-acuaticas-500-ml","og_site_name":"Acuario Supremus","article_publisher":"https:\/\/www.facebook.com\/AcuarioSupremus","article_modified_time":"2025-12-24T01:58:53+00:00","og_image":[{"width":1250,"height":1250,"url":"https:\/\/acuariosupremus.com\/wp-content\/uploads\/2022\/04\/azoo_plus_plant_premium_02.jpg","type":"image\/jpeg"}],"twitter_card":"summary_large_image","twitter_site":"@AcuarioSupremus","twitter_misc":{"Tiempo de lectura":"1 minuto"},"schema":{"@context":"https:\/\/schema.org","@graph":[{"@type":"WebPage","@id":"https:\/\/acuariosupremus.com\/?product=plant-premium-nutrientes-para-plantas-acuaticas-500-ml","url":"https:\/\/acuariosupremus.com\/?product=plant-premium-nutrientes-para-plantas-acuaticas-500-ml","name":"Plant PREMIUM (nutrientes para plantas acu\u00e1ticas) 500 ml. | Acuario Supremus","isPartOf":{"@id":"https:\/\/acuariosupremus.com\/#website"},"primaryImageOfPage":{"@id":"https:\/\/acuariosupremus.com\/?product=plant-premium-nutrientes-para-plantas-acuaticas-500-ml#primaryimage"},"image":{"@id":"https:\/\/acuariosupremus.com\/?product=plant-premium-nutrientes-para-plantas-acuaticas-500-ml#primaryimage"},"thumbnailUrl":"https:\/\/acuariosupremus.com\/wp-content\/uploads\/2022\/04\/azoo_plus_plant_premium_02.jpg","datePublished":"2022-04-24T19:57:22+00:00","dateModified":"2025-12-24T01:58:53+00:00","description":"Un fertilizante Premium ideal para todo tipo de plantas acu\u00e1ticas, forma simple y natural, Plant Premium contiene todos los requerimientos nutrimentales.","breadcrumb":{"@id":"https:\/\/acuariosupremus.com\/?product=plant-premium-nutrientes-para-plantas-acuaticas-500-ml#breadcrumb"},"inLanguage":"es","potentialAction":[{"@type":"ReadAction","target":["https:\/\/acuariosupremus.com\/?product=plant-premium-nutrientes-para-plantas-acuaticas-500-ml"]}]},{"@type":"ImageObject","inLanguage":"es","@id":"https:\/\/acuariosupremus.com\/?product=plant-premium-nutrientes-para-plantas-acuaticas-500-ml#primaryimage","url":"https:\/\/acuariosupremus.com\/wp-content\/uploads\/2022\/04\/azoo_plus_plant_premium_02.jpg","contentUrl":"https:\/\/acuariosupremus.com\/wp-content\/uploads\/2022\/04\/azoo_plus_plant_premium_02.jpg","width":1250,"height":1250},{"@type":"BreadcrumbList","@id":"https:\/\/acuariosupremus.com\/?product=plant-premium-nutrientes-para-plantas-acuaticas-500-ml#breadcrumb","itemListElement":[{"@type":"ListItem","position":1,"name":"Portada","item":"https:\/\/acuariosupremus.com\/"},{"@type":"ListItem","position":2,"name":"Tienda","item":"https:\/\/acuariosupremus.com\/tienda\/"},{"@type":"ListItem","position":3,"name":"Plant PREMIUM (nutrientes para plantas acu\u00e1ticas) 500 ml."}]},{"@type":"WebSite","@id":"https:\/\/acuariosupremus.com\/#website","url":"https:\/\/acuariosupremus.com\/","name":"Acuario Supremus","description":"Peces, Peceras y Mascotas.","publisher":{"@id":"https:\/\/acuariosupremus.com\/#organization"},"potentialAction":[{"@type":"SearchAction","target":{"@type":"EntryPoint","urlTemplate":"https:\/\/acuariosupremus.com\/?s={search_term_string}"},"query-input":{"@type":"PropertyValueSpecification","valueRequired":true,"valueName":"search_term_string"}}],"inLanguage":"es"},{"@type":"Organization","@id":"https:\/\/acuariosupremus.com\/#organization","name":"Acuario Supremus","url":"https:\/\/acuariosupremus.com\/","logo":{"@type":"ImageObject","inLanguage":"es","@id":"https:\/\/acuariosupremus.com\/#\/schema\/logo\/image\/","url":"https:\/\/acuariosupremus.com\/wp-content\/uploads\/2021\/12\/cropped-logo_acuario_supremus_fn-2.png","contentUrl":"https:\/\/acuariosupremus.com\/wp-content\/uploads\/2021\/12\/cropped-logo_acuario_supremus_fn-2.png","width":1000,"height":318,"caption":"Acuario Supremus"},"image":{"@id":"https:\/\/acuariosupremus.com\/#\/schema\/logo\/image\/"},"sameAs":["https:\/\/www.facebook.com\/AcuarioSupremus","https:\/\/x.com\/AcuarioSupremus","https:\/\/www.instagram.com\/acuariosupremus\/?hl=es"]}]}},"jetpack_sharing_enabled":true,"_links":{"self":[{"href":"https:\/\/acuariosupremus.com\/index.php?rest_route=\/wp\/v2\/product\/7475","targetHints":{"allow":["GET"]}}],"collection":[{"href":"https:\/\/acuariosupremus.com\/index.php?rest_route=\/wp\/v2\/product"}],"about":[{"href":"https:\/\/acuariosupremus.com\/index.php?rest_route=\/wp\/v2\/types\/product"}],"wp:featuredmedia":[{"embeddable":true,"href":"https:\/\/acuariosupremus.com\/index.php?rest_route=\/wp\/v2\/media\/7473"}],"wp:attachment":[{"href":"https:\/\/acuariosupremus.com\/index.php?rest_route=%2Fwp%2Fv2%2Fmedia&parent=7475"}],"wp:term":[{"taxonomy":"product_brand","embeddable":true,"href":"https:\/\/acuariosupremus.com\/index.php?rest_route=%2Fwp%2Fv2%2Fproduct_brand&post=7475"},{"taxonomy":"product_cat","embeddable":true,"href":"https:\/\/acuariosupremus.com\/index.php?rest_route=%2Fwp%2Fv2%2Fproduct_cat&post=7475"},{"taxonomy":"product_tag","embeddable":true,"href":"https:\/\/acuariosupremus.com\/index.php?rest_route=%2Fwp%2Fv2%2Fproduct_tag&post=7475"}],"curies":[{"name":"wp","href":"https:\/\/api.w.org\/{rel}","templated":true}]}}