{"id":7481,"date":"2022-04-24T15:24:12","date_gmt":"2022-04-24T20:24:12","guid":{"rendered":"https:\/\/acuariosupremus.com\/?post_type=product&#038;p=7481"},"modified":"2025-12-23T19:59:53","modified_gmt":"2025-12-24T01:59:53","slug":"aquaguard-plus-acondicionador-500-ml","status":"publish","type":"product","link":"https:\/\/acuariosupremus.com\/?product=aquaguard-plus-acondicionador-500-ml","title":{"rendered":"Aquaguard PLUS (Acondicionador ) 500 ml."},"content":{"rendered":"<p>Para acuarios nuevos, utilice 20ml de AZOO Aquaguard Plus por cada 100 litros de agua del acuario. Para cambios de agua a\u00f1ada 10ml por cada 100 litros de agua nueva. Para un uso regular a\u00f1ada 5ml de producto cada semana<br \/>\nOBSERVACIONES:<br \/>\nPara garantizar una correcta dispersi\u00f3n, a\u00f1ada los aditivos en un \u00e1rea del acuario que tenga suficiente corriente. Para cambios de agua, puede a\u00f1adir los aditivos al agua antes de verterla sobre el acuario. Evite mezclar diferentes aditivos antes de a\u00f1adirlos.<br \/>\nAlgunos productos para acuarios pueden reaccionar qu\u00edmicamente con otros; procure no combinar varios productos al mismo tiempo para evitar precipitaciones o reacciones no deseadas.<br \/>\nINGREDIENTES PRNCIPALES:<br \/>\nVitaminas B1, B2, B6, Bicarbonato S\u00f3dico, Extracto de c\u00edtricos, \u00c1cido C\u00edtrico, \u00c1cido H\u00famico, extracto de hojas de Terminalina Catappa y agua destilada.<br \/>\nLa tapa de la botella le ayudar\u00e1 a medir la dosis con precisi\u00f3n:<\/p>\n<p>P\/V Neto:<br \/>\n500 (ml.)<br \/>\nPeso total:<br \/>\n0.555 (Kg.)<br \/>\nTama\u00f1o mm<br \/>\n62 x 62 x 212 (l x a x h)<\/p>\n","protected":false},"excerpt":{"rendered":"<p>Aquaguard Plus es un acondicionador Premium para acuarios de agua dulce. Este aditivo multi-funcional para el cuidado de su acuario elimina instant\u00e1neamente el Amonio, (NH4) cloraminas, cloro residual y metales pesados, aportando adem\u00e1s un efecto estabilizador en la calidad de agua. Contiene numerosas materias org\u00e1nicas especiales que fortalecen la capacidad de tamp\u00f3n del valor pH en el acuario, convirtiendo instant\u00e1neamente el agua del grifo en un medio natural para peces tropicales. Su f\u00f3rmula avanzada contiene ingredientes naturales, anti-bacterianos que inhiben el desarrollo de los agentes pat\u00f3genos y protegen la mucosa de la piel de los peces.<\/p>\n","protected":false},"featured_media":7482,"template":"","meta":[],"product_brand":[119],"product_cat":[40,41],"product_tag":[132,599],"class_list":{"0":"post-7481","1":"product","2":"type-product","3":"status-publish","4":"has-post-thumbnail","6":"product_brand-azooplus","7":"product_cat-peces","8":"product_cat-acondicionadores","9":"product_tag-neutralizador-para-peces","10":"product_tag-neutralizador-plus-para-peces","12":"first","13":"instock","14":"sale","15":"shipping-taxable","16":"purchasable","17":"product-type-simple"},"yoast_head":"<!-- This site is optimized with the Yoast SEO plugin v27.4 - https:\/\/yoast.com\/product\/yoast-seo-wordpress\/ -->\n<title>Aquaguard PLUS (Acondicionador ) 500 ml. | Acuario Supremus<\/title>\n<meta name=\"description\" content=\"Acondicionador Premium para acuarios de agua dulce. Este aditivo multi-funcional para el cuidado de su acuario elimina instant\u00e1neamente metales pesados.\" \/>\n<meta name=\"robots\" content=\"index, follow, max-snippet:-1, max-image-preview:large, max-video-preview:-1\" \/>\n<link rel=\"canonical\" href=\"https:\/\/acuariosupremus.com\/?product=aquaguard-plus-acondicionador-500-ml\" \/>\n<meta property=\"og:locale\" content=\"es_MX\" \/>\n<meta property=\"og:type\" content=\"article\" \/>\n<meta property=\"og:title\" content=\"Aquaguard PLUS (Acondicionador ) 500 ml. | Acuario Supremus\" \/>\n<meta property=\"og:description\" content=\"Acondicionador Premium para acuarios de agua dulce. Este aditivo multi-funcional para el cuidado de su acuario elimina instant\u00e1neamente metales pesados.\" \/>\n<meta property=\"og:url\" content=\"https:\/\/acuariosupremus.com\/?product=aquaguard-plus-acondicionador-500-ml\" \/>\n<meta property=\"og:site_name\" content=\"Acuario Supremus\" \/>\n<meta property=\"article:publisher\" content=\"https:\/\/www.facebook.com\/AcuarioSupremus\" \/>\n<meta property=\"article:modified_time\" content=\"2025-12-24T01:59:53+00:00\" \/>\n<meta property=\"og:image\" content=\"https:\/\/acuariosupremus.com\/wp-content\/uploads\/2022\/04\/azoo_plus_aquaguard_plus_02.jpg\" \/>\n\t<meta property=\"og:image:width\" content=\"477\" \/>\n\t<meta property=\"og:image:height\" content=\"473\" \/>\n\t<meta property=\"og:image:type\" content=\"image\/jpeg\" \/>\n<meta name=\"twitter:card\" content=\"summary_large_image\" \/>\n<meta name=\"twitter:site\" content=\"@AcuarioSupremus\" \/>\n<meta name=\"twitter:label1\" content=\"Tiempo de lectura\" \/>\n\t<meta name=\"twitter:data1\" content=\"1 minuto\" \/>\n<script type=\"application\/ld+json\" class=\"yoast-schema-graph\">{\"@context\":\"https:\\\/\\\/schema.org\",\"@graph\":[{\"@type\":\"WebPage\",\"@id\":\"https:\\\/\\\/acuariosupremus.com\\\/?product=aquaguard-plus-acondicionador-500-ml\",\"url\":\"https:\\\/\\\/acuariosupremus.com\\\/?product=aquaguard-plus-acondicionador-500-ml\",\"name\":\"Aquaguard PLUS (Acondicionador ) 500 ml. | Acuario Supremus\",\"isPartOf\":{\"@id\":\"https:\\\/\\\/acuariosupremus.com\\\/#website\"},\"primaryImageOfPage\":{\"@id\":\"https:\\\/\\\/acuariosupremus.com\\\/?product=aquaguard-plus-acondicionador-500-ml#primaryimage\"},\"image\":{\"@id\":\"https:\\\/\\\/acuariosupremus.com\\\/?product=aquaguard-plus-acondicionador-500-ml#primaryimage\"},\"thumbnailUrl\":\"https:\\\/\\\/acuariosupremus.com\\\/wp-content\\\/uploads\\\/2022\\\/04\\\/azoo_plus_aquaguard_plus_02.jpg\",\"datePublished\":\"2022-04-24T20:24:12+00:00\",\"dateModified\":\"2025-12-24T01:59:53+00:00\",\"description\":\"Acondicionador Premium para acuarios de agua dulce. Este aditivo multi-funcional para el cuidado de su acuario elimina instant\u00e1neamente metales pesados.\",\"breadcrumb\":{\"@id\":\"https:\\\/\\\/acuariosupremus.com\\\/?product=aquaguard-plus-acondicionador-500-ml#breadcrumb\"},\"inLanguage\":\"es\",\"potentialAction\":[{\"@type\":\"ReadAction\",\"target\":[\"https:\\\/\\\/acuariosupremus.com\\\/?product=aquaguard-plus-acondicionador-500-ml\"]}]},{\"@type\":\"ImageObject\",\"inLanguage\":\"es\",\"@id\":\"https:\\\/\\\/acuariosupremus.com\\\/?product=aquaguard-plus-acondicionador-500-ml#primaryimage\",\"url\":\"https:\\\/\\\/acuariosupremus.com\\\/wp-content\\\/uploads\\\/2022\\\/04\\\/azoo_plus_aquaguard_plus_02.jpg\",\"contentUrl\":\"https:\\\/\\\/acuariosupremus.com\\\/wp-content\\\/uploads\\\/2022\\\/04\\\/azoo_plus_aquaguard_plus_02.jpg\",\"width\":477,\"height\":473},{\"@type\":\"BreadcrumbList\",\"@id\":\"https:\\\/\\\/acuariosupremus.com\\\/?product=aquaguard-plus-acondicionador-500-ml#breadcrumb\",\"itemListElement\":[{\"@type\":\"ListItem\",\"position\":1,\"name\":\"Portada\",\"item\":\"https:\\\/\\\/acuariosupremus.com\\\/\"},{\"@type\":\"ListItem\",\"position\":2,\"name\":\"Tienda\",\"item\":\"https:\\\/\\\/acuariosupremus.com\\\/tienda\\\/\"},{\"@type\":\"ListItem\",\"position\":3,\"name\":\"Aquaguard PLUS (Acondicionador ) 500 ml.\"}]},{\"@type\":\"WebSite\",\"@id\":\"https:\\\/\\\/acuariosupremus.com\\\/#website\",\"url\":\"https:\\\/\\\/acuariosupremus.com\\\/\",\"name\":\"Acuario Supremus\",\"description\":\"Peces, Peceras y Mascotas.\",\"publisher\":{\"@id\":\"https:\\\/\\\/acuariosupremus.com\\\/#organization\"},\"potentialAction\":[{\"@type\":\"SearchAction\",\"target\":{\"@type\":\"EntryPoint\",\"urlTemplate\":\"https:\\\/\\\/acuariosupremus.com\\\/?s={search_term_string}\"},\"query-input\":{\"@type\":\"PropertyValueSpecification\",\"valueRequired\":true,\"valueName\":\"search_term_string\"}}],\"inLanguage\":\"es\"},{\"@type\":\"Organization\",\"@id\":\"https:\\\/\\\/acuariosupremus.com\\\/#organization\",\"name\":\"Acuario Supremus\",\"url\":\"https:\\\/\\\/acuariosupremus.com\\\/\",\"logo\":{\"@type\":\"ImageObject\",\"inLanguage\":\"es\",\"@id\":\"https:\\\/\\\/acuariosupremus.com\\\/#\\\/schema\\\/logo\\\/image\\\/\",\"url\":\"https:\\\/\\\/acuariosupremus.com\\\/wp-content\\\/uploads\\\/2021\\\/12\\\/cropped-logo_acuario_supremus_fn-2.png\",\"contentUrl\":\"https:\\\/\\\/acuariosupremus.com\\\/wp-content\\\/uploads\\\/2021\\\/12\\\/cropped-logo_acuario_supremus_fn-2.png\",\"width\":1000,\"height\":318,\"caption\":\"Acuario Supremus\"},\"image\":{\"@id\":\"https:\\\/\\\/acuariosupremus.com\\\/#\\\/schema\\\/logo\\\/image\\\/\"},\"sameAs\":[\"https:\\\/\\\/www.facebook.com\\\/AcuarioSupremus\",\"https:\\\/\\\/x.com\\\/AcuarioSupremus\",\"https:\\\/\\\/www.instagram.com\\\/acuariosupremus\\\/?hl=es\"]}]}<\/script>\n<!-- \/ Yoast SEO plugin. -->","yoast_head_json":{"title":"Aquaguard PLUS (Acondicionador ) 500 ml. | Acuario Supremus","description":"Acondicionador Premium para acuarios de agua dulce. Este aditivo multi-funcional para el cuidado de su acuario elimina instant\u00e1neamente metales pesados.","robots":{"index":"index","follow":"follow","max-snippet":"max-snippet:-1","max-image-preview":"max-image-preview:large","max-video-preview":"max-video-preview:-1"},"canonical":"https:\/\/acuariosupremus.com\/?product=aquaguard-plus-acondicionador-500-ml","og_locale":"es_MX","og_type":"article","og_title":"Aquaguard PLUS (Acondicionador ) 500 ml. | Acuario Supremus","og_description":"Acondicionador Premium para acuarios de agua dulce. Este aditivo multi-funcional para el cuidado de su acuario elimina instant\u00e1neamente metales pesados.","og_url":"https:\/\/acuariosupremus.com\/?product=aquaguard-plus-acondicionador-500-ml","og_site_name":"Acuario Supremus","article_publisher":"https:\/\/www.facebook.com\/AcuarioSupremus","article_modified_time":"2025-12-24T01:59:53+00:00","og_image":[{"width":477,"height":473,"url":"https:\/\/acuariosupremus.com\/wp-content\/uploads\/2022\/04\/azoo_plus_aquaguard_plus_02.jpg","type":"image\/jpeg"}],"twitter_card":"summary_large_image","twitter_site":"@AcuarioSupremus","twitter_misc":{"Tiempo de lectura":"1 minuto"},"schema":{"@context":"https:\/\/schema.org","@graph":[{"@type":"WebPage","@id":"https:\/\/acuariosupremus.com\/?product=aquaguard-plus-acondicionador-500-ml","url":"https:\/\/acuariosupremus.com\/?product=aquaguard-plus-acondicionador-500-ml","name":"Aquaguard PLUS (Acondicionador ) 500 ml. | Acuario Supremus","isPartOf":{"@id":"https:\/\/acuariosupremus.com\/#website"},"primaryImageOfPage":{"@id":"https:\/\/acuariosupremus.com\/?product=aquaguard-plus-acondicionador-500-ml#primaryimage"},"image":{"@id":"https:\/\/acuariosupremus.com\/?product=aquaguard-plus-acondicionador-500-ml#primaryimage"},"thumbnailUrl":"https:\/\/acuariosupremus.com\/wp-content\/uploads\/2022\/04\/azoo_plus_aquaguard_plus_02.jpg","datePublished":"2022-04-24T20:24:12+00:00","dateModified":"2025-12-24T01:59:53+00:00","description":"Acondicionador Premium para acuarios de agua dulce. Este aditivo multi-funcional para el cuidado de su acuario elimina instant\u00e1neamente metales pesados.","breadcrumb":{"@id":"https:\/\/acuariosupremus.com\/?product=aquaguard-plus-acondicionador-500-ml#breadcrumb"},"inLanguage":"es","potentialAction":[{"@type":"ReadAction","target":["https:\/\/acuariosupremus.com\/?product=aquaguard-plus-acondicionador-500-ml"]}]},{"@type":"ImageObject","inLanguage":"es","@id":"https:\/\/acuariosupremus.com\/?product=aquaguard-plus-acondicionador-500-ml#primaryimage","url":"https:\/\/acuariosupremus.com\/wp-content\/uploads\/2022\/04\/azoo_plus_aquaguard_plus_02.jpg","contentUrl":"https:\/\/acuariosupremus.com\/wp-content\/uploads\/2022\/04\/azoo_plus_aquaguard_plus_02.jpg","width":477,"height":473},{"@type":"BreadcrumbList","@id":"https:\/\/acuariosupremus.com\/?product=aquaguard-plus-acondicionador-500-ml#breadcrumb","itemListElement":[{"@type":"ListItem","position":1,"name":"Portada","item":"https:\/\/acuariosupremus.com\/"},{"@type":"ListItem","position":2,"name":"Tienda","item":"https:\/\/acuariosupremus.com\/tienda\/"},{"@type":"ListItem","position":3,"name":"Aquaguard PLUS (Acondicionador ) 500 ml."}]},{"@type":"WebSite","@id":"https:\/\/acuariosupremus.com\/#website","url":"https:\/\/acuariosupremus.com\/","name":"Acuario Supremus","description":"Peces, Peceras y Mascotas.","publisher":{"@id":"https:\/\/acuariosupremus.com\/#organization"},"potentialAction":[{"@type":"SearchAction","target":{"@type":"EntryPoint","urlTemplate":"https:\/\/acuariosupremus.com\/?s={search_term_string}"},"query-input":{"@type":"PropertyValueSpecification","valueRequired":true,"valueName":"search_term_string"}}],"inLanguage":"es"},{"@type":"Organization","@id":"https:\/\/acuariosupremus.com\/#organization","name":"Acuario Supremus","url":"https:\/\/acuariosupremus.com\/","logo":{"@type":"ImageObject","inLanguage":"es","@id":"https:\/\/acuariosupremus.com\/#\/schema\/logo\/image\/","url":"https:\/\/acuariosupremus.com\/wp-content\/uploads\/2021\/12\/cropped-logo_acuario_supremus_fn-2.png","contentUrl":"https:\/\/acuariosupremus.com\/wp-content\/uploads\/2021\/12\/cropped-logo_acuario_supremus_fn-2.png","width":1000,"height":318,"caption":"Acuario Supremus"},"image":{"@id":"https:\/\/acuariosupremus.com\/#\/schema\/logo\/image\/"},"sameAs":["https:\/\/www.facebook.com\/AcuarioSupremus","https:\/\/x.com\/AcuarioSupremus","https:\/\/www.instagram.com\/acuariosupremus\/?hl=es"]}]}},"jetpack_sharing_enabled":true,"_links":{"self":[{"href":"https:\/\/acuariosupremus.com\/index.php?rest_route=\/wp\/v2\/product\/7481","targetHints":{"allow":["GET"]}}],"collection":[{"href":"https:\/\/acuariosupremus.com\/index.php?rest_route=\/wp\/v2\/product"}],"about":[{"href":"https:\/\/acuariosupremus.com\/index.php?rest_route=\/wp\/v2\/types\/product"}],"wp:featuredmedia":[{"embeddable":true,"href":"https:\/\/acuariosupremus.com\/index.php?rest_route=\/wp\/v2\/media\/7482"}],"wp:attachment":[{"href":"https:\/\/acuariosupremus.com\/index.php?rest_route=%2Fwp%2Fv2%2Fmedia&parent=7481"}],"wp:term":[{"taxonomy":"product_brand","embeddable":true,"href":"https:\/\/acuariosupremus.com\/index.php?rest_route=%2Fwp%2Fv2%2Fproduct_brand&post=7481"},{"taxonomy":"product_cat","embeddable":true,"href":"https:\/\/acuariosupremus.com\/index.php?rest_route=%2Fwp%2Fv2%2Fproduct_cat&post=7481"},{"taxonomy":"product_tag","embeddable":true,"href":"https:\/\/acuariosupremus.com\/index.php?rest_route=%2Fwp%2Fv2%2Fproduct_tag&post=7481"}],"curies":[{"name":"wp","href":"https:\/\/api.w.org\/{rel}","templated":true}]}}