{"id":7492,"date":"2022-04-24T15:54:32","date_gmt":"2022-04-24T20:54:32","guid":{"rendered":"https:\/\/acuariosupremus.com\/?post_type=product&#038;p=7492"},"modified":"2025-12-23T20:01:25","modified_gmt":"2025-12-24T02:01:25","slug":"cloudy-treatment-plus-aclarador-120-ml","status":"publish","type":"product","link":"https:\/\/acuariosupremus.com\/?product=cloudy-treatment-plus-aclarador-120-ml","title":{"rendered":"Cloudy Treatment PLUS (Aclarador) 120 ml."},"content":{"rendered":"<p>INSTRUCCIONES:<br \/>\nA\u00f1ada 10ml de AZOO Cloudy Treatment Plus por cada 100 litros de agua del acuario.<br \/>\nOBSERVACIONES:<br \/>\nPara garantizar una correcta dispersi\u00f3n, a\u00f1ada los aditivos en un \u00e1rea del acuario que tenga suficiente corriente. Para cambios de agua, puede a\u00f1adir los aditivos al agua antes de verterla sobre el acuario. Evite mezclar diferentes aditivos antes de a\u00f1adirlos.<br \/>\nAlgunos productos para acuarios pueden reaccionar qu\u00edmicamente con otros; procure no combinar varios productos al mismo tiempo para evitar precipitaciones o reacciones no deseadas.<br \/>\nLa tapa de la botella le ayudar\u00e1 a medir la dosis con precisi\u00f3n:<br \/>\n\u2022 La cavidad interna tiene 5ml. de capacidad.<br \/>\n\u2022 El volumen comprendido entre la cavidad interior y la exterior contiene 10ml.<br \/>\n\u2022 Ambas cavidades llenas contienen 15ml. en total.<br \/>\n\u2022 La tapa llena completamente contiene 20ml.<\/p>\n<p>P\/V Neto:<br \/>\n120 (ml.)<br \/>\nPeso total:<br \/>\n0.160 (Kg.)<br \/>\nTama\u00f1o mm<br \/>\n40 x 40 x 136 (l x a x h)<\/p>\n","protected":false},"excerpt":{"rendered":"<p>Cloudy Treatment Plus resuelve r\u00e1pidamente cualquier situaci\u00f3n de turbidez en el agua de su acuario, restableciendo una transparencia absoluta de la forma m\u00e1s inocua y segura para sus peces. Funciona mediante la aglutinaci\u00f3n de la materia en suspensi\u00f3n (turbidez org\u00e1nica, inorg\u00e1nica o algas verdes en suspensi\u00f3n) permitiendo que las part\u00edculas precipitadas puedan ser atrapadas por el filtro mec\u00e1nico o bien ser metabolizadas f\u00e1cilmente en el filtro biol\u00f3gico. Su avanzada f\u00f3rmula contiene pol\u00edmeros de ion positivo y cloruro de poli aluminio, que protege la piel de los peces y carece de efectos nocivos o t\u00f3xicos.<\/p>\n","protected":false},"featured_media":7493,"template":"","meta":[],"product_brand":[119],"product_cat":[40,41],"product_tag":[133,601],"class_list":{"0":"post-7492","1":"product","2":"type-product","3":"status-publish","4":"has-post-thumbnail","6":"product_brand-azooplus","7":"product_cat-peces","8":"product_cat-acondicionadores","9":"product_tag-cristalizador","10":"product_tag-cristalizador-plus","12":"first","13":"instock","14":"sale","15":"shipping-taxable","16":"purchasable","17":"product-type-simple"},"yoast_head":"<!-- This site is optimized with the Yoast SEO plugin v27.4 - https:\/\/yoast.com\/product\/yoast-seo-wordpress\/ -->\n<title>Cloudy Treatment PLUS (Aclarador) 120 ml. | Acuario Supremus<\/title>\n<meta name=\"description\" content=\"Cloudy Treatment Plus resuelve r\u00e1pidamente cualquier situaci\u00f3n de turbidez en el agua de su acuario, de la forma m\u00e1s inocua y segura para sus peces.\" \/>\n<meta name=\"robots\" content=\"index, follow, max-snippet:-1, max-image-preview:large, max-video-preview:-1\" \/>\n<link rel=\"canonical\" href=\"https:\/\/acuariosupremus.com\/?product=cloudy-treatment-plus-aclarador-120-ml\" \/>\n<meta property=\"og:locale\" content=\"es_MX\" \/>\n<meta property=\"og:type\" content=\"article\" \/>\n<meta property=\"og:title\" content=\"Cloudy Treatment PLUS (Aclarador) 120 ml. | Acuario Supremus\" \/>\n<meta property=\"og:description\" content=\"Cloudy Treatment Plus resuelve r\u00e1pidamente cualquier situaci\u00f3n de turbidez en el agua de su acuario, de la forma m\u00e1s inocua y segura para sus peces.\" \/>\n<meta property=\"og:url\" content=\"https:\/\/acuariosupremus.com\/?product=cloudy-treatment-plus-aclarador-120-ml\" \/>\n<meta property=\"og:site_name\" content=\"Acuario Supremus\" \/>\n<meta property=\"article:publisher\" content=\"https:\/\/www.facebook.com\/AcuarioSupremus\" \/>\n<meta property=\"article:modified_time\" content=\"2025-12-24T02:01:25+00:00\" \/>\n<meta property=\"og:image\" content=\"https:\/\/acuariosupremus.com\/wp-content\/uploads\/2022\/04\/azoo_plus_cloudy_treatment_02.jpg\" \/>\n\t<meta property=\"og:image:width\" content=\"1250\" \/>\n\t<meta property=\"og:image:height\" content=\"1250\" \/>\n\t<meta property=\"og:image:type\" content=\"image\/jpeg\" \/>\n<meta name=\"twitter:card\" content=\"summary_large_image\" \/>\n<meta name=\"twitter:site\" content=\"@AcuarioSupremus\" \/>\n<meta name=\"twitter:label1\" content=\"Tiempo de lectura\" \/>\n\t<meta name=\"twitter:data1\" content=\"1 minuto\" \/>\n<script type=\"application\/ld+json\" class=\"yoast-schema-graph\">{\"@context\":\"https:\\\/\\\/schema.org\",\"@graph\":[{\"@type\":\"WebPage\",\"@id\":\"https:\\\/\\\/acuariosupremus.com\\\/?product=cloudy-treatment-plus-aclarador-120-ml\",\"url\":\"https:\\\/\\\/acuariosupremus.com\\\/?product=cloudy-treatment-plus-aclarador-120-ml\",\"name\":\"Cloudy Treatment PLUS (Aclarador) 120 ml. | Acuario Supremus\",\"isPartOf\":{\"@id\":\"https:\\\/\\\/acuariosupremus.com\\\/#website\"},\"primaryImageOfPage\":{\"@id\":\"https:\\\/\\\/acuariosupremus.com\\\/?product=cloudy-treatment-plus-aclarador-120-ml#primaryimage\"},\"image\":{\"@id\":\"https:\\\/\\\/acuariosupremus.com\\\/?product=cloudy-treatment-plus-aclarador-120-ml#primaryimage\"},\"thumbnailUrl\":\"https:\\\/\\\/acuariosupremus.com\\\/wp-content\\\/uploads\\\/2022\\\/04\\\/azoo_plus_cloudy_treatment_02.jpg\",\"datePublished\":\"2022-04-24T20:54:32+00:00\",\"dateModified\":\"2025-12-24T02:01:25+00:00\",\"description\":\"Cloudy Treatment Plus resuelve r\u00e1pidamente cualquier situaci\u00f3n de turbidez en el agua de su acuario, de la forma m\u00e1s inocua y segura para sus peces.\",\"breadcrumb\":{\"@id\":\"https:\\\/\\\/acuariosupremus.com\\\/?product=cloudy-treatment-plus-aclarador-120-ml#breadcrumb\"},\"inLanguage\":\"es\",\"potentialAction\":[{\"@type\":\"ReadAction\",\"target\":[\"https:\\\/\\\/acuariosupremus.com\\\/?product=cloudy-treatment-plus-aclarador-120-ml\"]}]},{\"@type\":\"ImageObject\",\"inLanguage\":\"es\",\"@id\":\"https:\\\/\\\/acuariosupremus.com\\\/?product=cloudy-treatment-plus-aclarador-120-ml#primaryimage\",\"url\":\"https:\\\/\\\/acuariosupremus.com\\\/wp-content\\\/uploads\\\/2022\\\/04\\\/azoo_plus_cloudy_treatment_02.jpg\",\"contentUrl\":\"https:\\\/\\\/acuariosupremus.com\\\/wp-content\\\/uploads\\\/2022\\\/04\\\/azoo_plus_cloudy_treatment_02.jpg\",\"width\":1250,\"height\":1250},{\"@type\":\"BreadcrumbList\",\"@id\":\"https:\\\/\\\/acuariosupremus.com\\\/?product=cloudy-treatment-plus-aclarador-120-ml#breadcrumb\",\"itemListElement\":[{\"@type\":\"ListItem\",\"position\":1,\"name\":\"Portada\",\"item\":\"https:\\\/\\\/acuariosupremus.com\\\/\"},{\"@type\":\"ListItem\",\"position\":2,\"name\":\"Tienda\",\"item\":\"https:\\\/\\\/acuariosupremus.com\\\/tienda\\\/\"},{\"@type\":\"ListItem\",\"position\":3,\"name\":\"Cloudy Treatment PLUS (Aclarador) 120 ml.\"}]},{\"@type\":\"WebSite\",\"@id\":\"https:\\\/\\\/acuariosupremus.com\\\/#website\",\"url\":\"https:\\\/\\\/acuariosupremus.com\\\/\",\"name\":\"Acuario Supremus\",\"description\":\"Peces, Peceras y Mascotas.\",\"publisher\":{\"@id\":\"https:\\\/\\\/acuariosupremus.com\\\/#organization\"},\"potentialAction\":[{\"@type\":\"SearchAction\",\"target\":{\"@type\":\"EntryPoint\",\"urlTemplate\":\"https:\\\/\\\/acuariosupremus.com\\\/?s={search_term_string}\"},\"query-input\":{\"@type\":\"PropertyValueSpecification\",\"valueRequired\":true,\"valueName\":\"search_term_string\"}}],\"inLanguage\":\"es\"},{\"@type\":\"Organization\",\"@id\":\"https:\\\/\\\/acuariosupremus.com\\\/#organization\",\"name\":\"Acuario Supremus\",\"url\":\"https:\\\/\\\/acuariosupremus.com\\\/\",\"logo\":{\"@type\":\"ImageObject\",\"inLanguage\":\"es\",\"@id\":\"https:\\\/\\\/acuariosupremus.com\\\/#\\\/schema\\\/logo\\\/image\\\/\",\"url\":\"https:\\\/\\\/acuariosupremus.com\\\/wp-content\\\/uploads\\\/2021\\\/12\\\/cropped-logo_acuario_supremus_fn-2.png\",\"contentUrl\":\"https:\\\/\\\/acuariosupremus.com\\\/wp-content\\\/uploads\\\/2021\\\/12\\\/cropped-logo_acuario_supremus_fn-2.png\",\"width\":1000,\"height\":318,\"caption\":\"Acuario Supremus\"},\"image\":{\"@id\":\"https:\\\/\\\/acuariosupremus.com\\\/#\\\/schema\\\/logo\\\/image\\\/\"},\"sameAs\":[\"https:\\\/\\\/www.facebook.com\\\/AcuarioSupremus\",\"https:\\\/\\\/x.com\\\/AcuarioSupremus\",\"https:\\\/\\\/www.instagram.com\\\/acuariosupremus\\\/?hl=es\"]}]}<\/script>\n<!-- \/ Yoast SEO plugin. -->","yoast_head_json":{"title":"Cloudy Treatment PLUS (Aclarador) 120 ml. | Acuario Supremus","description":"Cloudy Treatment Plus resuelve r\u00e1pidamente cualquier situaci\u00f3n de turbidez en el agua de su acuario, de la forma m\u00e1s inocua y segura para sus peces.","robots":{"index":"index","follow":"follow","max-snippet":"max-snippet:-1","max-image-preview":"max-image-preview:large","max-video-preview":"max-video-preview:-1"},"canonical":"https:\/\/acuariosupremus.com\/?product=cloudy-treatment-plus-aclarador-120-ml","og_locale":"es_MX","og_type":"article","og_title":"Cloudy Treatment PLUS (Aclarador) 120 ml. | Acuario Supremus","og_description":"Cloudy Treatment Plus resuelve r\u00e1pidamente cualquier situaci\u00f3n de turbidez en el agua de su acuario, de la forma m\u00e1s inocua y segura para sus peces.","og_url":"https:\/\/acuariosupremus.com\/?product=cloudy-treatment-plus-aclarador-120-ml","og_site_name":"Acuario Supremus","article_publisher":"https:\/\/www.facebook.com\/AcuarioSupremus","article_modified_time":"2025-12-24T02:01:25+00:00","og_image":[{"width":1250,"height":1250,"url":"https:\/\/acuariosupremus.com\/wp-content\/uploads\/2022\/04\/azoo_plus_cloudy_treatment_02.jpg","type":"image\/jpeg"}],"twitter_card":"summary_large_image","twitter_site":"@AcuarioSupremus","twitter_misc":{"Tiempo de lectura":"1 minuto"},"schema":{"@context":"https:\/\/schema.org","@graph":[{"@type":"WebPage","@id":"https:\/\/acuariosupremus.com\/?product=cloudy-treatment-plus-aclarador-120-ml","url":"https:\/\/acuariosupremus.com\/?product=cloudy-treatment-plus-aclarador-120-ml","name":"Cloudy Treatment PLUS (Aclarador) 120 ml. | Acuario Supremus","isPartOf":{"@id":"https:\/\/acuariosupremus.com\/#website"},"primaryImageOfPage":{"@id":"https:\/\/acuariosupremus.com\/?product=cloudy-treatment-plus-aclarador-120-ml#primaryimage"},"image":{"@id":"https:\/\/acuariosupremus.com\/?product=cloudy-treatment-plus-aclarador-120-ml#primaryimage"},"thumbnailUrl":"https:\/\/acuariosupremus.com\/wp-content\/uploads\/2022\/04\/azoo_plus_cloudy_treatment_02.jpg","datePublished":"2022-04-24T20:54:32+00:00","dateModified":"2025-12-24T02:01:25+00:00","description":"Cloudy Treatment Plus resuelve r\u00e1pidamente cualquier situaci\u00f3n de turbidez en el agua de su acuario, de la forma m\u00e1s inocua y segura para sus peces.","breadcrumb":{"@id":"https:\/\/acuariosupremus.com\/?product=cloudy-treatment-plus-aclarador-120-ml#breadcrumb"},"inLanguage":"es","potentialAction":[{"@type":"ReadAction","target":["https:\/\/acuariosupremus.com\/?product=cloudy-treatment-plus-aclarador-120-ml"]}]},{"@type":"ImageObject","inLanguage":"es","@id":"https:\/\/acuariosupremus.com\/?product=cloudy-treatment-plus-aclarador-120-ml#primaryimage","url":"https:\/\/acuariosupremus.com\/wp-content\/uploads\/2022\/04\/azoo_plus_cloudy_treatment_02.jpg","contentUrl":"https:\/\/acuariosupremus.com\/wp-content\/uploads\/2022\/04\/azoo_plus_cloudy_treatment_02.jpg","width":1250,"height":1250},{"@type":"BreadcrumbList","@id":"https:\/\/acuariosupremus.com\/?product=cloudy-treatment-plus-aclarador-120-ml#breadcrumb","itemListElement":[{"@type":"ListItem","position":1,"name":"Portada","item":"https:\/\/acuariosupremus.com\/"},{"@type":"ListItem","position":2,"name":"Tienda","item":"https:\/\/acuariosupremus.com\/tienda\/"},{"@type":"ListItem","position":3,"name":"Cloudy Treatment PLUS (Aclarador) 120 ml."}]},{"@type":"WebSite","@id":"https:\/\/acuariosupremus.com\/#website","url":"https:\/\/acuariosupremus.com\/","name":"Acuario Supremus","description":"Peces, Peceras y Mascotas.","publisher":{"@id":"https:\/\/acuariosupremus.com\/#organization"},"potentialAction":[{"@type":"SearchAction","target":{"@type":"EntryPoint","urlTemplate":"https:\/\/acuariosupremus.com\/?s={search_term_string}"},"query-input":{"@type":"PropertyValueSpecification","valueRequired":true,"valueName":"search_term_string"}}],"inLanguage":"es"},{"@type":"Organization","@id":"https:\/\/acuariosupremus.com\/#organization","name":"Acuario Supremus","url":"https:\/\/acuariosupremus.com\/","logo":{"@type":"ImageObject","inLanguage":"es","@id":"https:\/\/acuariosupremus.com\/#\/schema\/logo\/image\/","url":"https:\/\/acuariosupremus.com\/wp-content\/uploads\/2021\/12\/cropped-logo_acuario_supremus_fn-2.png","contentUrl":"https:\/\/acuariosupremus.com\/wp-content\/uploads\/2021\/12\/cropped-logo_acuario_supremus_fn-2.png","width":1000,"height":318,"caption":"Acuario Supremus"},"image":{"@id":"https:\/\/acuariosupremus.com\/#\/schema\/logo\/image\/"},"sameAs":["https:\/\/www.facebook.com\/AcuarioSupremus","https:\/\/x.com\/AcuarioSupremus","https:\/\/www.instagram.com\/acuariosupremus\/?hl=es"]}]}},"jetpack_sharing_enabled":true,"_links":{"self":[{"href":"https:\/\/acuariosupremus.com\/index.php?rest_route=\/wp\/v2\/product\/7492","targetHints":{"allow":["GET"]}}],"collection":[{"href":"https:\/\/acuariosupremus.com\/index.php?rest_route=\/wp\/v2\/product"}],"about":[{"href":"https:\/\/acuariosupremus.com\/index.php?rest_route=\/wp\/v2\/types\/product"}],"wp:featuredmedia":[{"embeddable":true,"href":"https:\/\/acuariosupremus.com\/index.php?rest_route=\/wp\/v2\/media\/7493"}],"wp:attachment":[{"href":"https:\/\/acuariosupremus.com\/index.php?rest_route=%2Fwp%2Fv2%2Fmedia&parent=7492"}],"wp:term":[{"taxonomy":"product_brand","embeddable":true,"href":"https:\/\/acuariosupremus.com\/index.php?rest_route=%2Fwp%2Fv2%2Fproduct_brand&post=7492"},{"taxonomy":"product_cat","embeddable":true,"href":"https:\/\/acuariosupremus.com\/index.php?rest_route=%2Fwp%2Fv2%2Fproduct_cat&post=7492"},{"taxonomy":"product_tag","embeddable":true,"href":"https:\/\/acuariosupremus.com\/index.php?rest_route=%2Fwp%2Fv2%2Fproduct_tag&post=7492"}],"curies":[{"name":"wp","href":"https:\/\/api.w.org\/{rel}","templated":true}]}}