{"id":7499,"date":"2022-04-24T16:17:08","date_gmt":"2022-04-24T21:17:08","guid":{"rendered":"https:\/\/acuariosupremus.com\/?post_type=product&#038;p=7499"},"modified":"2025-12-23T20:02:13","modified_gmt":"2025-12-24T02:02:13","slug":"discus-vitamins-vitaminas-para-peces-disco-250-ml","status":"publish","type":"product","link":"https:\/\/acuariosupremus.com\/?product=discus-vitamins-vitaminas-para-peces-disco-250-ml","title":{"rendered":"DISCUS VITAMINS (Vitaminas para peces DISCO) 250 ml."},"content":{"rendered":"<p>INSTRUCCIONES:<br \/>\nUtilice 10ml de Vitamins por cada 100 litros de agua del acuario semanalmente o tras realizar un cambio de agua. Durante un tratamiento de enfermedades o per\u00edodos de reproducci\u00f3n a\u00f1ada 10ml por cada 100 litros de agua diariamente. En el caso de procesos de reproducci\u00f3n es recomendable comenzar con la dosificaci\u00f3n 7 d\u00edas antes. Puede a\u00f1adir unas gotas de este producto al alimento antes de ofrec\u00e9rselo a sus peces.<br \/>\nOBSERVACIONES:<br \/>\nPara garantizar una correcta dispersi\u00f3n, a\u00f1ada los aditivos en un \u00e1rea del acuario que tenga suficiente corriente. Para cambios de agua, puede a\u00f1adir los aditivos al agua antes de verterla sobre el acuario. Evite mezclar diferentes aditivos antes de a\u00f1adirlos.<br \/>\nAlgunos productos para acuarios pueden reaccionar qu\u00edmicamente con otros; procure no combinar varios productos al mismo tiempo para evitar precipitaciones o reacciones no deseadas.<br \/>\nLa tapa de la botella le ayudar\u00e1 a medir la dosis con precisi\u00f3n:<br \/>\n\u2022 La cavidad interna tiene 5ml. de capacidad. \u2022 El volumen comprendido entre la cavidad interior y la exterior contiene 10ml.<br \/>\n\u2022 Ambas cavidades llenas contienen 15ml. en total. \u2022 La tapa llena completamente contiene 20ml.<\/p>\n<p>P\/V Neto:<br \/>\n250 (ml.)<br \/>\nPeso total:<br \/>\n0.290 (Kg.)<br \/>\nTama\u00f1o mm<br \/>\n50 x 50 x 172 (l x a x h)<\/p>\n","protected":false},"excerpt":{"rendered":"<p>Discus Vitamins es un acondicionador Premium especialmente formulado para aportar los requerimientos nutricionales para los peces disco. Es muy rico en nutrientes, vitaminas y minerales esenciales para poder desarrollar un crecimiento saludable y contierne \u00df-Glucano, un polisac\u00e1rido que refuerza notablemente el sistema inmunitario de los peces. Adem\u00e1s contiene vitaminas muy importantes tales como, el complejo B (B1, B2, B6, B12) la vitamina C, A, D, E entre otras.<\/p>\n","protected":false},"featured_media":7500,"template":"","meta":[],"product_brand":[119],"product_cat":[40,41],"product_tag":[602,600],"class_list":{"0":"post-7499","1":"product","2":"type-product","3":"status-publish","4":"has-post-thumbnail","6":"product_brand-azooplus","7":"product_cat-peces","8":"product_cat-acondicionadores","9":"product_tag-vitaminas-para-peces-disco","10":"product_tag-vitaminas-peces-tropicales","12":"first","13":"instock","14":"sale","15":"shipping-taxable","16":"purchasable","17":"product-type-simple"},"yoast_head":"<!-- This site is optimized with the Yoast SEO plugin v27.4 - https:\/\/yoast.com\/product\/yoast-seo-wordpress\/ -->\n<title>DISCUS VITAMINS (Vitaminas para peces DISCO) 250 ml. | Acuario Supremus<\/title>\n<meta name=\"description\" content=\"Discus Vitamins es un acondicionador Premium especialmente formulado para aportar los requerimientos nutricionales para los peces disco.\" \/>\n<meta name=\"robots\" content=\"index, follow, max-snippet:-1, max-image-preview:large, max-video-preview:-1\" \/>\n<link rel=\"canonical\" href=\"https:\/\/acuariosupremus.com\/?product=discus-vitamins-vitaminas-para-peces-disco-250-ml\" \/>\n<meta property=\"og:locale\" content=\"es_MX\" \/>\n<meta property=\"og:type\" content=\"article\" \/>\n<meta property=\"og:title\" content=\"DISCUS VITAMINS (Vitaminas para peces DISCO) 250 ml. | Acuario Supremus\" \/>\n<meta property=\"og:description\" content=\"Discus Vitamins es un acondicionador Premium especialmente formulado para aportar los requerimientos nutricionales para los peces disco.\" \/>\n<meta property=\"og:url\" content=\"https:\/\/acuariosupremus.com\/?product=discus-vitamins-vitaminas-para-peces-disco-250-ml\" \/>\n<meta property=\"og:site_name\" content=\"Acuario Supremus\" \/>\n<meta property=\"article:publisher\" content=\"https:\/\/www.facebook.com\/AcuarioSupremus\" \/>\n<meta property=\"article:modified_time\" content=\"2025-12-24T02:02:13+00:00\" \/>\n<meta property=\"og:image\" content=\"https:\/\/acuariosupremus.com\/wp-content\/uploads\/2022\/04\/azoo_plus_discus_vitamins_01.jpg\" \/>\n\t<meta property=\"og:image:width\" content=\"1250\" \/>\n\t<meta property=\"og:image:height\" content=\"1250\" \/>\n\t<meta property=\"og:image:type\" content=\"image\/jpeg\" \/>\n<meta name=\"twitter:card\" content=\"summary_large_image\" \/>\n<meta name=\"twitter:site\" content=\"@AcuarioSupremus\" \/>\n<meta name=\"twitter:label1\" content=\"Tiempo de lectura\" \/>\n\t<meta name=\"twitter:data1\" content=\"1 minuto\" \/>\n<script type=\"application\/ld+json\" class=\"yoast-schema-graph\">{\"@context\":\"https:\\\/\\\/schema.org\",\"@graph\":[{\"@type\":\"WebPage\",\"@id\":\"https:\\\/\\\/acuariosupremus.com\\\/?product=discus-vitamins-vitaminas-para-peces-disco-250-ml\",\"url\":\"https:\\\/\\\/acuariosupremus.com\\\/?product=discus-vitamins-vitaminas-para-peces-disco-250-ml\",\"name\":\"DISCUS VITAMINS (Vitaminas para peces DISCO) 250 ml. | Acuario Supremus\",\"isPartOf\":{\"@id\":\"https:\\\/\\\/acuariosupremus.com\\\/#website\"},\"primaryImageOfPage\":{\"@id\":\"https:\\\/\\\/acuariosupremus.com\\\/?product=discus-vitamins-vitaminas-para-peces-disco-250-ml#primaryimage\"},\"image\":{\"@id\":\"https:\\\/\\\/acuariosupremus.com\\\/?product=discus-vitamins-vitaminas-para-peces-disco-250-ml#primaryimage\"},\"thumbnailUrl\":\"https:\\\/\\\/acuariosupremus.com\\\/wp-content\\\/uploads\\\/2022\\\/04\\\/azoo_plus_discus_vitamins_01.jpg\",\"datePublished\":\"2022-04-24T21:17:08+00:00\",\"dateModified\":\"2025-12-24T02:02:13+00:00\",\"description\":\"Discus Vitamins es un acondicionador Premium especialmente formulado para aportar los requerimientos nutricionales para los peces disco.\",\"breadcrumb\":{\"@id\":\"https:\\\/\\\/acuariosupremus.com\\\/?product=discus-vitamins-vitaminas-para-peces-disco-250-ml#breadcrumb\"},\"inLanguage\":\"es\",\"potentialAction\":[{\"@type\":\"ReadAction\",\"target\":[\"https:\\\/\\\/acuariosupremus.com\\\/?product=discus-vitamins-vitaminas-para-peces-disco-250-ml\"]}]},{\"@type\":\"ImageObject\",\"inLanguage\":\"es\",\"@id\":\"https:\\\/\\\/acuariosupremus.com\\\/?product=discus-vitamins-vitaminas-para-peces-disco-250-ml#primaryimage\",\"url\":\"https:\\\/\\\/acuariosupremus.com\\\/wp-content\\\/uploads\\\/2022\\\/04\\\/azoo_plus_discus_vitamins_01.jpg\",\"contentUrl\":\"https:\\\/\\\/acuariosupremus.com\\\/wp-content\\\/uploads\\\/2022\\\/04\\\/azoo_plus_discus_vitamins_01.jpg\",\"width\":1250,\"height\":1250},{\"@type\":\"BreadcrumbList\",\"@id\":\"https:\\\/\\\/acuariosupremus.com\\\/?product=discus-vitamins-vitaminas-para-peces-disco-250-ml#breadcrumb\",\"itemListElement\":[{\"@type\":\"ListItem\",\"position\":1,\"name\":\"Portada\",\"item\":\"https:\\\/\\\/acuariosupremus.com\\\/\"},{\"@type\":\"ListItem\",\"position\":2,\"name\":\"Tienda\",\"item\":\"https:\\\/\\\/acuariosupremus.com\\\/tienda\\\/\"},{\"@type\":\"ListItem\",\"position\":3,\"name\":\"DISCUS VITAMINS (Vitaminas para peces DISCO) 250 ml.\"}]},{\"@type\":\"WebSite\",\"@id\":\"https:\\\/\\\/acuariosupremus.com\\\/#website\",\"url\":\"https:\\\/\\\/acuariosupremus.com\\\/\",\"name\":\"Acuario Supremus\",\"description\":\"Peces, Peceras y Mascotas.\",\"publisher\":{\"@id\":\"https:\\\/\\\/acuariosupremus.com\\\/#organization\"},\"potentialAction\":[{\"@type\":\"SearchAction\",\"target\":{\"@type\":\"EntryPoint\",\"urlTemplate\":\"https:\\\/\\\/acuariosupremus.com\\\/?s={search_term_string}\"},\"query-input\":{\"@type\":\"PropertyValueSpecification\",\"valueRequired\":true,\"valueName\":\"search_term_string\"}}],\"inLanguage\":\"es\"},{\"@type\":\"Organization\",\"@id\":\"https:\\\/\\\/acuariosupremus.com\\\/#organization\",\"name\":\"Acuario Supremus\",\"url\":\"https:\\\/\\\/acuariosupremus.com\\\/\",\"logo\":{\"@type\":\"ImageObject\",\"inLanguage\":\"es\",\"@id\":\"https:\\\/\\\/acuariosupremus.com\\\/#\\\/schema\\\/logo\\\/image\\\/\",\"url\":\"https:\\\/\\\/acuariosupremus.com\\\/wp-content\\\/uploads\\\/2021\\\/12\\\/cropped-logo_acuario_supremus_fn-2.png\",\"contentUrl\":\"https:\\\/\\\/acuariosupremus.com\\\/wp-content\\\/uploads\\\/2021\\\/12\\\/cropped-logo_acuario_supremus_fn-2.png\",\"width\":1000,\"height\":318,\"caption\":\"Acuario Supremus\"},\"image\":{\"@id\":\"https:\\\/\\\/acuariosupremus.com\\\/#\\\/schema\\\/logo\\\/image\\\/\"},\"sameAs\":[\"https:\\\/\\\/www.facebook.com\\\/AcuarioSupremus\",\"https:\\\/\\\/x.com\\\/AcuarioSupremus\",\"https:\\\/\\\/www.instagram.com\\\/acuariosupremus\\\/?hl=es\"]}]}<\/script>\n<!-- \/ Yoast SEO plugin. -->","yoast_head_json":{"title":"DISCUS VITAMINS (Vitaminas para peces DISCO) 250 ml. | Acuario Supremus","description":"Discus Vitamins es un acondicionador Premium especialmente formulado para aportar los requerimientos nutricionales para los peces disco.","robots":{"index":"index","follow":"follow","max-snippet":"max-snippet:-1","max-image-preview":"max-image-preview:large","max-video-preview":"max-video-preview:-1"},"canonical":"https:\/\/acuariosupremus.com\/?product=discus-vitamins-vitaminas-para-peces-disco-250-ml","og_locale":"es_MX","og_type":"article","og_title":"DISCUS VITAMINS (Vitaminas para peces DISCO) 250 ml. | Acuario Supremus","og_description":"Discus Vitamins es un acondicionador Premium especialmente formulado para aportar los requerimientos nutricionales para los peces disco.","og_url":"https:\/\/acuariosupremus.com\/?product=discus-vitamins-vitaminas-para-peces-disco-250-ml","og_site_name":"Acuario Supremus","article_publisher":"https:\/\/www.facebook.com\/AcuarioSupremus","article_modified_time":"2025-12-24T02:02:13+00:00","og_image":[{"width":1250,"height":1250,"url":"https:\/\/acuariosupremus.com\/wp-content\/uploads\/2022\/04\/azoo_plus_discus_vitamins_01.jpg","type":"image\/jpeg"}],"twitter_card":"summary_large_image","twitter_site":"@AcuarioSupremus","twitter_misc":{"Tiempo de lectura":"1 minuto"},"schema":{"@context":"https:\/\/schema.org","@graph":[{"@type":"WebPage","@id":"https:\/\/acuariosupremus.com\/?product=discus-vitamins-vitaminas-para-peces-disco-250-ml","url":"https:\/\/acuariosupremus.com\/?product=discus-vitamins-vitaminas-para-peces-disco-250-ml","name":"DISCUS VITAMINS (Vitaminas para peces DISCO) 250 ml. | Acuario Supremus","isPartOf":{"@id":"https:\/\/acuariosupremus.com\/#website"},"primaryImageOfPage":{"@id":"https:\/\/acuariosupremus.com\/?product=discus-vitamins-vitaminas-para-peces-disco-250-ml#primaryimage"},"image":{"@id":"https:\/\/acuariosupremus.com\/?product=discus-vitamins-vitaminas-para-peces-disco-250-ml#primaryimage"},"thumbnailUrl":"https:\/\/acuariosupremus.com\/wp-content\/uploads\/2022\/04\/azoo_plus_discus_vitamins_01.jpg","datePublished":"2022-04-24T21:17:08+00:00","dateModified":"2025-12-24T02:02:13+00:00","description":"Discus Vitamins es un acondicionador Premium especialmente formulado para aportar los requerimientos nutricionales para los peces disco.","breadcrumb":{"@id":"https:\/\/acuariosupremus.com\/?product=discus-vitamins-vitaminas-para-peces-disco-250-ml#breadcrumb"},"inLanguage":"es","potentialAction":[{"@type":"ReadAction","target":["https:\/\/acuariosupremus.com\/?product=discus-vitamins-vitaminas-para-peces-disco-250-ml"]}]},{"@type":"ImageObject","inLanguage":"es","@id":"https:\/\/acuariosupremus.com\/?product=discus-vitamins-vitaminas-para-peces-disco-250-ml#primaryimage","url":"https:\/\/acuariosupremus.com\/wp-content\/uploads\/2022\/04\/azoo_plus_discus_vitamins_01.jpg","contentUrl":"https:\/\/acuariosupremus.com\/wp-content\/uploads\/2022\/04\/azoo_plus_discus_vitamins_01.jpg","width":1250,"height":1250},{"@type":"BreadcrumbList","@id":"https:\/\/acuariosupremus.com\/?product=discus-vitamins-vitaminas-para-peces-disco-250-ml#breadcrumb","itemListElement":[{"@type":"ListItem","position":1,"name":"Portada","item":"https:\/\/acuariosupremus.com\/"},{"@type":"ListItem","position":2,"name":"Tienda","item":"https:\/\/acuariosupremus.com\/tienda\/"},{"@type":"ListItem","position":3,"name":"DISCUS VITAMINS (Vitaminas para peces DISCO) 250 ml."}]},{"@type":"WebSite","@id":"https:\/\/acuariosupremus.com\/#website","url":"https:\/\/acuariosupremus.com\/","name":"Acuario Supremus","description":"Peces, Peceras y Mascotas.","publisher":{"@id":"https:\/\/acuariosupremus.com\/#organization"},"potentialAction":[{"@type":"SearchAction","target":{"@type":"EntryPoint","urlTemplate":"https:\/\/acuariosupremus.com\/?s={search_term_string}"},"query-input":{"@type":"PropertyValueSpecification","valueRequired":true,"valueName":"search_term_string"}}],"inLanguage":"es"},{"@type":"Organization","@id":"https:\/\/acuariosupremus.com\/#organization","name":"Acuario Supremus","url":"https:\/\/acuariosupremus.com\/","logo":{"@type":"ImageObject","inLanguage":"es","@id":"https:\/\/acuariosupremus.com\/#\/schema\/logo\/image\/","url":"https:\/\/acuariosupremus.com\/wp-content\/uploads\/2021\/12\/cropped-logo_acuario_supremus_fn-2.png","contentUrl":"https:\/\/acuariosupremus.com\/wp-content\/uploads\/2021\/12\/cropped-logo_acuario_supremus_fn-2.png","width":1000,"height":318,"caption":"Acuario Supremus"},"image":{"@id":"https:\/\/acuariosupremus.com\/#\/schema\/logo\/image\/"},"sameAs":["https:\/\/www.facebook.com\/AcuarioSupremus","https:\/\/x.com\/AcuarioSupremus","https:\/\/www.instagram.com\/acuariosupremus\/?hl=es"]}]}},"jetpack_sharing_enabled":true,"_links":{"self":[{"href":"https:\/\/acuariosupremus.com\/index.php?rest_route=\/wp\/v2\/product\/7499","targetHints":{"allow":["GET"]}}],"collection":[{"href":"https:\/\/acuariosupremus.com\/index.php?rest_route=\/wp\/v2\/product"}],"about":[{"href":"https:\/\/acuariosupremus.com\/index.php?rest_route=\/wp\/v2\/types\/product"}],"wp:featuredmedia":[{"embeddable":true,"href":"https:\/\/acuariosupremus.com\/index.php?rest_route=\/wp\/v2\/media\/7500"}],"wp:attachment":[{"href":"https:\/\/acuariosupremus.com\/index.php?rest_route=%2Fwp%2Fv2%2Fmedia&parent=7499"}],"wp:term":[{"taxonomy":"product_brand","embeddable":true,"href":"https:\/\/acuariosupremus.com\/index.php?rest_route=%2Fwp%2Fv2%2Fproduct_brand&post=7499"},{"taxonomy":"product_cat","embeddable":true,"href":"https:\/\/acuariosupremus.com\/index.php?rest_route=%2Fwp%2Fv2%2Fproduct_cat&post=7499"},{"taxonomy":"product_tag","embeddable":true,"href":"https:\/\/acuariosupremus.com\/index.php?rest_route=%2Fwp%2Fv2%2Fproduct_tag&post=7499"}],"curies":[{"name":"wp","href":"https:\/\/api.w.org\/{rel}","templated":true}]}}