{"id":7507,"date":"2022-04-24T16:32:11","date_gmt":"2022-04-24T21:32:11","guid":{"rendered":"https:\/\/acuariosupremus.com\/?post_type=product&#038;p=7507"},"modified":"2025-12-23T20:03:17","modified_gmt":"2025-12-24T02:03:17","slug":"triple-black-water-plus-extracto-amazonico-250-ml","status":"publish","type":"product","link":"https:\/\/acuariosupremus.com\/?product=triple-black-water-plus-extracto-amazonico-250-ml","title":{"rendered":"Triple black water PLUS (Extracto amaz\u00f3nico ) 250 ml."},"content":{"rendered":"<p>INSTRUCCIONES:<br \/>\nUtilice 10ml de Vitamins por cada 100 litros de agua del acuario semanalmente o tras realizar un cambio de agua. Durante un tratamiento de enfermedades o per\u00edodos de reproducci\u00f3n a\u00f1ada 10ml por cada 100 litros de agua diariamente. En el caso de procesos de reproducci\u00f3n es recomendable comenzar con la dosificaci\u00f3n 7 d\u00edas antes. Puede a\u00f1adir unas gotas de este producto al alimento antes de ofrec\u00e9rselo a sus peces.<br \/>\nOBSERVACIONES:<br \/>\nPara garantizar una correcta dispersi\u00f3n, a\u00f1ada los aditivos en un \u00e1rea del acuario que tenga suficiente corriente. Para cambios de agua, puede a\u00f1adir los aditivos al agua antes de verterla sobre el acuario. Evite mezclar diferentes aditivos antes de a\u00f1adirlos.<br \/>\nAlgunos productos para acuarios pueden reaccionar qu\u00edmicamente con otros; procure no combinar varios productos al mismo tiempo para evitar precipitaciones o reacciones no deseadas.<br \/>\nLa tapa de la botella le ayudar\u00e1 a medir la dosis con precisi\u00f3n:<br \/>\n\u2022 La cavidad interna tiene 5ml. de capacidad. \u2022 El volumen comprendido entre la cavidad interior y la exterior contiene 10ml.<br \/>\n\u2022 Ambas cavidades llenas contienen 15ml. en total. \u2022 La tapa llena completamente contiene 20ml.<\/p>\n<p>P\/V Neto:<br \/>\n250 (ml.)<br \/>\nPeso total:<br \/>\n0.275 (Kg.)<br \/>\nTama\u00f1o mm<br \/>\n50 x 50 x 172 (l x a x h)<\/p>\n","protected":false},"excerpt":{"rendered":"<p>Triple Black Water es un acondicionador Premium que recrea un entorno qu\u00edmico ideal para los peces originarios de biotopos de aguas \u00e1cidas negras y otros entornos amaz\u00f3nicos. Su nueva f\u00f3rmula mejorada es 3 veces m\u00e1s concentrada que antes y contiene varios extractos naturales, entre ellos la turba y el extracto de hoja de almendro. Esto permite transformar instant\u00e1neamente el agua del grifo aportando sustancias beneficiosas como \u00e1cidos h\u00famicos, t\u00e1nicos, y f\u00falvicos, as\u00ed como elementos traza.<\/p>\n","protected":false},"featured_media":7505,"template":"","meta":[],"product_brand":[119],"product_cat":[40,41],"product_tag":[603],"class_list":{"0":"post-7507","1":"product","2":"type-product","3":"status-publish","4":"has-post-thumbnail","6":"product_brand-azooplus","7":"product_cat-peces","8":"product_cat-acondicionadores","9":"product_tag-extracto-amazonico-peces-tropicales","11":"first","12":"instock","13":"sale","14":"shipping-taxable","15":"purchasable","16":"product-type-simple"},"yoast_head":"<!-- This site is optimized with the Yoast SEO plugin v27.4 - https:\/\/yoast.com\/product\/yoast-seo-wordpress\/ -->\n<title>Triple black water PLUS (Extracto amaz\u00f3nico ) 250 ml. | Acuario Supremus<\/title>\n<meta name=\"description\" content=\"Triple Black Water recrea un entorno qu\u00edmico ideal para los peces originarios de biotopos de aguas \u00e1cidas negras y otros entornos amaz\u00f3nicos.\" \/>\n<meta name=\"robots\" content=\"index, follow, max-snippet:-1, max-image-preview:large, max-video-preview:-1\" \/>\n<link rel=\"canonical\" href=\"https:\/\/acuariosupremus.com\/?product=triple-black-water-plus-extracto-amazonico-250-ml\" \/>\n<meta property=\"og:locale\" content=\"es_MX\" \/>\n<meta property=\"og:type\" content=\"article\" \/>\n<meta property=\"og:title\" content=\"Triple black water PLUS (Extracto amaz\u00f3nico ) 250 ml. | Acuario Supremus\" \/>\n<meta property=\"og:description\" content=\"Triple Black Water recrea un entorno qu\u00edmico ideal para los peces originarios de biotopos de aguas \u00e1cidas negras y otros entornos amaz\u00f3nicos.\" \/>\n<meta property=\"og:url\" content=\"https:\/\/acuariosupremus.com\/?product=triple-black-water-plus-extracto-amazonico-250-ml\" \/>\n<meta property=\"og:site_name\" content=\"Acuario Supremus\" \/>\n<meta property=\"article:publisher\" content=\"https:\/\/www.facebook.com\/AcuarioSupremus\" \/>\n<meta property=\"article:modified_time\" content=\"2025-12-24T02:03:17+00:00\" \/>\n<meta property=\"og:image\" content=\"https:\/\/acuariosupremus.com\/wp-content\/uploads\/2022\/04\/azoo_plus_triple_black_water_01-1.jpg\" \/>\n\t<meta property=\"og:image:width\" content=\"1250\" \/>\n\t<meta property=\"og:image:height\" content=\"1250\" \/>\n\t<meta property=\"og:image:type\" content=\"image\/jpeg\" \/>\n<meta name=\"twitter:card\" content=\"summary_large_image\" \/>\n<meta name=\"twitter:site\" content=\"@AcuarioSupremus\" \/>\n<meta name=\"twitter:label1\" content=\"Tiempo de lectura\" \/>\n\t<meta name=\"twitter:data1\" content=\"1 minuto\" \/>\n<script type=\"application\/ld+json\" class=\"yoast-schema-graph\">{\"@context\":\"https:\\\/\\\/schema.org\",\"@graph\":[{\"@type\":\"WebPage\",\"@id\":\"https:\\\/\\\/acuariosupremus.com\\\/?product=triple-black-water-plus-extracto-amazonico-250-ml\",\"url\":\"https:\\\/\\\/acuariosupremus.com\\\/?product=triple-black-water-plus-extracto-amazonico-250-ml\",\"name\":\"Triple black water PLUS (Extracto amaz\u00f3nico ) 250 ml. | Acuario Supremus\",\"isPartOf\":{\"@id\":\"https:\\\/\\\/acuariosupremus.com\\\/#website\"},\"primaryImageOfPage\":{\"@id\":\"https:\\\/\\\/acuariosupremus.com\\\/?product=triple-black-water-plus-extracto-amazonico-250-ml#primaryimage\"},\"image\":{\"@id\":\"https:\\\/\\\/acuariosupremus.com\\\/?product=triple-black-water-plus-extracto-amazonico-250-ml#primaryimage\"},\"thumbnailUrl\":\"https:\\\/\\\/acuariosupremus.com\\\/wp-content\\\/uploads\\\/2022\\\/04\\\/azoo_plus_triple_black_water_01-1.jpg\",\"datePublished\":\"2022-04-24T21:32:11+00:00\",\"dateModified\":\"2025-12-24T02:03:17+00:00\",\"description\":\"Triple Black Water recrea un entorno qu\u00edmico ideal para los peces originarios de biotopos de aguas \u00e1cidas negras y otros entornos amaz\u00f3nicos.\",\"breadcrumb\":{\"@id\":\"https:\\\/\\\/acuariosupremus.com\\\/?product=triple-black-water-plus-extracto-amazonico-250-ml#breadcrumb\"},\"inLanguage\":\"es\",\"potentialAction\":[{\"@type\":\"ReadAction\",\"target\":[\"https:\\\/\\\/acuariosupremus.com\\\/?product=triple-black-water-plus-extracto-amazonico-250-ml\"]}]},{\"@type\":\"ImageObject\",\"inLanguage\":\"es\",\"@id\":\"https:\\\/\\\/acuariosupremus.com\\\/?product=triple-black-water-plus-extracto-amazonico-250-ml#primaryimage\",\"url\":\"https:\\\/\\\/acuariosupremus.com\\\/wp-content\\\/uploads\\\/2022\\\/04\\\/azoo_plus_triple_black_water_01-1.jpg\",\"contentUrl\":\"https:\\\/\\\/acuariosupremus.com\\\/wp-content\\\/uploads\\\/2022\\\/04\\\/azoo_plus_triple_black_water_01-1.jpg\",\"width\":1250,\"height\":1250},{\"@type\":\"BreadcrumbList\",\"@id\":\"https:\\\/\\\/acuariosupremus.com\\\/?product=triple-black-water-plus-extracto-amazonico-250-ml#breadcrumb\",\"itemListElement\":[{\"@type\":\"ListItem\",\"position\":1,\"name\":\"Portada\",\"item\":\"https:\\\/\\\/acuariosupremus.com\\\/\"},{\"@type\":\"ListItem\",\"position\":2,\"name\":\"Tienda\",\"item\":\"https:\\\/\\\/acuariosupremus.com\\\/tienda\\\/\"},{\"@type\":\"ListItem\",\"position\":3,\"name\":\"Triple black water PLUS (Extracto amaz\u00f3nico ) 250 ml.\"}]},{\"@type\":\"WebSite\",\"@id\":\"https:\\\/\\\/acuariosupremus.com\\\/#website\",\"url\":\"https:\\\/\\\/acuariosupremus.com\\\/\",\"name\":\"Acuario Supremus\",\"description\":\"Peces, Peceras y Mascotas.\",\"publisher\":{\"@id\":\"https:\\\/\\\/acuariosupremus.com\\\/#organization\"},\"potentialAction\":[{\"@type\":\"SearchAction\",\"target\":{\"@type\":\"EntryPoint\",\"urlTemplate\":\"https:\\\/\\\/acuariosupremus.com\\\/?s={search_term_string}\"},\"query-input\":{\"@type\":\"PropertyValueSpecification\",\"valueRequired\":true,\"valueName\":\"search_term_string\"}}],\"inLanguage\":\"es\"},{\"@type\":\"Organization\",\"@id\":\"https:\\\/\\\/acuariosupremus.com\\\/#organization\",\"name\":\"Acuario Supremus\",\"url\":\"https:\\\/\\\/acuariosupremus.com\\\/\",\"logo\":{\"@type\":\"ImageObject\",\"inLanguage\":\"es\",\"@id\":\"https:\\\/\\\/acuariosupremus.com\\\/#\\\/schema\\\/logo\\\/image\\\/\",\"url\":\"https:\\\/\\\/acuariosupremus.com\\\/wp-content\\\/uploads\\\/2021\\\/12\\\/cropped-logo_acuario_supremus_fn-2.png\",\"contentUrl\":\"https:\\\/\\\/acuariosupremus.com\\\/wp-content\\\/uploads\\\/2021\\\/12\\\/cropped-logo_acuario_supremus_fn-2.png\",\"width\":1000,\"height\":318,\"caption\":\"Acuario Supremus\"},\"image\":{\"@id\":\"https:\\\/\\\/acuariosupremus.com\\\/#\\\/schema\\\/logo\\\/image\\\/\"},\"sameAs\":[\"https:\\\/\\\/www.facebook.com\\\/AcuarioSupremus\",\"https:\\\/\\\/x.com\\\/AcuarioSupremus\",\"https:\\\/\\\/www.instagram.com\\\/acuariosupremus\\\/?hl=es\"]}]}<\/script>\n<!-- \/ Yoast SEO plugin. -->","yoast_head_json":{"title":"Triple black water PLUS (Extracto amaz\u00f3nico ) 250 ml. | Acuario Supremus","description":"Triple Black Water recrea un entorno qu\u00edmico ideal para los peces originarios de biotopos de aguas \u00e1cidas negras y otros entornos amaz\u00f3nicos.","robots":{"index":"index","follow":"follow","max-snippet":"max-snippet:-1","max-image-preview":"max-image-preview:large","max-video-preview":"max-video-preview:-1"},"canonical":"https:\/\/acuariosupremus.com\/?product=triple-black-water-plus-extracto-amazonico-250-ml","og_locale":"es_MX","og_type":"article","og_title":"Triple black water PLUS (Extracto amaz\u00f3nico ) 250 ml. | Acuario Supremus","og_description":"Triple Black Water recrea un entorno qu\u00edmico ideal para los peces originarios de biotopos de aguas \u00e1cidas negras y otros entornos amaz\u00f3nicos.","og_url":"https:\/\/acuariosupremus.com\/?product=triple-black-water-plus-extracto-amazonico-250-ml","og_site_name":"Acuario Supremus","article_publisher":"https:\/\/www.facebook.com\/AcuarioSupremus","article_modified_time":"2025-12-24T02:03:17+00:00","og_image":[{"width":1250,"height":1250,"url":"https:\/\/acuariosupremus.com\/wp-content\/uploads\/2022\/04\/azoo_plus_triple_black_water_01-1.jpg","type":"image\/jpeg"}],"twitter_card":"summary_large_image","twitter_site":"@AcuarioSupremus","twitter_misc":{"Tiempo de lectura":"1 minuto"},"schema":{"@context":"https:\/\/schema.org","@graph":[{"@type":"WebPage","@id":"https:\/\/acuariosupremus.com\/?product=triple-black-water-plus-extracto-amazonico-250-ml","url":"https:\/\/acuariosupremus.com\/?product=triple-black-water-plus-extracto-amazonico-250-ml","name":"Triple black water PLUS (Extracto amaz\u00f3nico ) 250 ml. | Acuario Supremus","isPartOf":{"@id":"https:\/\/acuariosupremus.com\/#website"},"primaryImageOfPage":{"@id":"https:\/\/acuariosupremus.com\/?product=triple-black-water-plus-extracto-amazonico-250-ml#primaryimage"},"image":{"@id":"https:\/\/acuariosupremus.com\/?product=triple-black-water-plus-extracto-amazonico-250-ml#primaryimage"},"thumbnailUrl":"https:\/\/acuariosupremus.com\/wp-content\/uploads\/2022\/04\/azoo_plus_triple_black_water_01-1.jpg","datePublished":"2022-04-24T21:32:11+00:00","dateModified":"2025-12-24T02:03:17+00:00","description":"Triple Black Water recrea un entorno qu\u00edmico ideal para los peces originarios de biotopos de aguas \u00e1cidas negras y otros entornos amaz\u00f3nicos.","breadcrumb":{"@id":"https:\/\/acuariosupremus.com\/?product=triple-black-water-plus-extracto-amazonico-250-ml#breadcrumb"},"inLanguage":"es","potentialAction":[{"@type":"ReadAction","target":["https:\/\/acuariosupremus.com\/?product=triple-black-water-plus-extracto-amazonico-250-ml"]}]},{"@type":"ImageObject","inLanguage":"es","@id":"https:\/\/acuariosupremus.com\/?product=triple-black-water-plus-extracto-amazonico-250-ml#primaryimage","url":"https:\/\/acuariosupremus.com\/wp-content\/uploads\/2022\/04\/azoo_plus_triple_black_water_01-1.jpg","contentUrl":"https:\/\/acuariosupremus.com\/wp-content\/uploads\/2022\/04\/azoo_plus_triple_black_water_01-1.jpg","width":1250,"height":1250},{"@type":"BreadcrumbList","@id":"https:\/\/acuariosupremus.com\/?product=triple-black-water-plus-extracto-amazonico-250-ml#breadcrumb","itemListElement":[{"@type":"ListItem","position":1,"name":"Portada","item":"https:\/\/acuariosupremus.com\/"},{"@type":"ListItem","position":2,"name":"Tienda","item":"https:\/\/acuariosupremus.com\/tienda\/"},{"@type":"ListItem","position":3,"name":"Triple black water PLUS (Extracto amaz\u00f3nico ) 250 ml."}]},{"@type":"WebSite","@id":"https:\/\/acuariosupremus.com\/#website","url":"https:\/\/acuariosupremus.com\/","name":"Acuario Supremus","description":"Peces, Peceras y Mascotas.","publisher":{"@id":"https:\/\/acuariosupremus.com\/#organization"},"potentialAction":[{"@type":"SearchAction","target":{"@type":"EntryPoint","urlTemplate":"https:\/\/acuariosupremus.com\/?s={search_term_string}"},"query-input":{"@type":"PropertyValueSpecification","valueRequired":true,"valueName":"search_term_string"}}],"inLanguage":"es"},{"@type":"Organization","@id":"https:\/\/acuariosupremus.com\/#organization","name":"Acuario Supremus","url":"https:\/\/acuariosupremus.com\/","logo":{"@type":"ImageObject","inLanguage":"es","@id":"https:\/\/acuariosupremus.com\/#\/schema\/logo\/image\/","url":"https:\/\/acuariosupremus.com\/wp-content\/uploads\/2021\/12\/cropped-logo_acuario_supremus_fn-2.png","contentUrl":"https:\/\/acuariosupremus.com\/wp-content\/uploads\/2021\/12\/cropped-logo_acuario_supremus_fn-2.png","width":1000,"height":318,"caption":"Acuario Supremus"},"image":{"@id":"https:\/\/acuariosupremus.com\/#\/schema\/logo\/image\/"},"sameAs":["https:\/\/www.facebook.com\/AcuarioSupremus","https:\/\/x.com\/AcuarioSupremus","https:\/\/www.instagram.com\/acuariosupremus\/?hl=es"]}]}},"jetpack_sharing_enabled":true,"_links":{"self":[{"href":"https:\/\/acuariosupremus.com\/index.php?rest_route=\/wp\/v2\/product\/7507","targetHints":{"allow":["GET"]}}],"collection":[{"href":"https:\/\/acuariosupremus.com\/index.php?rest_route=\/wp\/v2\/product"}],"about":[{"href":"https:\/\/acuariosupremus.com\/index.php?rest_route=\/wp\/v2\/types\/product"}],"wp:featuredmedia":[{"embeddable":true,"href":"https:\/\/acuariosupremus.com\/index.php?rest_route=\/wp\/v2\/media\/7505"}],"wp:attachment":[{"href":"https:\/\/acuariosupremus.com\/index.php?rest_route=%2Fwp%2Fv2%2Fmedia&parent=7507"}],"wp:term":[{"taxonomy":"product_brand","embeddable":true,"href":"https:\/\/acuariosupremus.com\/index.php?rest_route=%2Fwp%2Fv2%2Fproduct_brand&post=7507"},{"taxonomy":"product_cat","embeddable":true,"href":"https:\/\/acuariosupremus.com\/index.php?rest_route=%2Fwp%2Fv2%2Fproduct_cat&post=7507"},{"taxonomy":"product_tag","embeddable":true,"href":"https:\/\/acuariosupremus.com\/index.php?rest_route=%2Fwp%2Fv2%2Fproduct_tag&post=7507"}],"curies":[{"name":"wp","href":"https:\/\/api.w.org\/{rel}","templated":true}]}}