{"id":7512,"date":"2022-04-24T16:43:44","date_gmt":"2022-04-24T21:43:44","guid":{"rendered":"https:\/\/acuariosupremus.com\/?post_type=product&#038;p=7512"},"modified":"2025-12-23T20:03:50","modified_gmt":"2025-12-24T02:03:50","slug":"supreme-bioguard-bacteria-250-ml","status":"publish","type":"product","link":"https:\/\/acuariosupremus.com\/?product=supreme-bioguard-bacteria-250-ml","title":{"rendered":"Supreme BIOGUARD (Bacteria)  250 ml."},"content":{"rendered":"<p>Para un uso regular y al realizar un cambio de agua a\u00f1ada 10ml de Supreme Bioguard por cada 10 litros de agua del acuario cada 5 &#8211; 7 d\u00edas. Para mejorar la calidad del agua cuando hay peces enfermos a\u00f1ada 10 ml por cada 100 litros de agua del acuario todos los d\u00edas.<br \/>\nPara establecer el filtro biol\u00f3gico en un acuario nuevo aplique una primera dosis de 30ml por cada 100 litros de agua del acuario. A continuaci\u00f3n, aplique 10 dosis de 10ml por cada 100 litros de agua del acuario en d\u00edas alternos. En condiciones normales, tras cumplir ese per\u00edodo de 21 d\u00edas un lecho bacteriano se habr\u00e1 establecido en su filtro biol\u00f3gico estabilizando la tasa de amon\u00edaco y nitrito a niveles seguros. Una vez finalizada esta etapa puede comenzar con la dosis normal de uso: (10ml\/100L cada 5 -7 d\u00edas).<br \/>\nPuede monitorear la concentraci\u00f3n de nitrito y nitrato as\u00ed como otros par\u00e1metros de inter\u00e9s mediante los medidores de calidad de agua AZOO.<br \/>\nOBSERVACIONES:<br \/>\nPara garantizar una correcta dispersi\u00f3n, a\u00f1ada los aditivos en un \u00e1rea del acuario que tenga suficiente corriente. Para cambios de agua, puede a\u00f1adir los aditivos al agua antes de verterla sobre el acuario. Evite mezclar diferentes aditivos antes de a\u00f1adirlos. Algunos productos para acuarios pueden reaccionar qu\u00edmicamente con otros; procure no combinar varios productos al mismo tiempo para evitar precipitaciones o reacciones no deseadas. La tapa de la botella le ayudar\u00e1 a medir la dosis con precisi\u00f3n:<br \/>\n\u2022 La cavidad interna tiene 5ml. de capacidad. \u2022 El volumen comprendido entre la cavidad interior y la exterior contiene 10ml. \u2022 Ambas cavidades llenas contienen 15ml. en total.<br \/>\n\u2022 La tapa llena completamente contiene 20ml.<\/p>\n<p>P\/V Neto:<br \/>\n250 (ml.)<br \/>\nPeso total:<br \/>\n0.290 (Kg.)<br \/>\nTama\u00f1o mm<br \/>\n50 x 50 x 172 (l x a x h)<\/p>\n","protected":false},"excerpt":{"rendered":"<p>Supreme Bioguard es un acondicionador para acuarios de agua dulce con una magn\u00edfica capacidad de descomposici\u00f3n de sustancias nocivas producidas en el acuario como el amoniaco, el nitrito, el nitrato o el peligroso \u00e1cido sulfh\u00eddrico. Este aditivo est\u00e1 elaborado usando la m\u00e1s avanzada bio-tecnolog\u00eda, realizando un riguroso cultivo bacteriano que implementa un proceso de fermentaci\u00f3n de 360 horas a partir de cepas bacterianas aerobias y anaerobias extra\u00eddas de la naturaleza. El resultado de este estricto procedimiento es una incre\u00edble concentraci\u00f3n de 10 millones de bacterias nitrificantes por cada mililitro estabilizadas y listas para ser usadas.<\/p>\n","protected":false},"featured_media":7513,"template":"","meta":[],"product_brand":[119],"product_cat":[40,41],"product_tag":[135,531,705],"class_list":{"0":"post-7512","1":"product","2":"type-product","3":"status-publish","4":"has-post-thumbnail","6":"product_brand-azooplus","7":"product_cat-peces","8":"product_cat-acondicionadores","9":"product_tag-bacteria-liquida","10":"product_tag-bacteria-liquida-pro","11":"product_tag-supreme-bioguard","13":"first","14":"instock","15":"sale","16":"shipping-taxable","17":"purchasable","18":"product-type-simple"},"yoast_head":"<!-- This site is optimized with the Yoast SEO plugin v27.4 - https:\/\/yoast.com\/product\/yoast-seo-wordpress\/ -->\n<title>Supreme BIOGUARD (Bacteria) 250 ml. | Acuario Supremus<\/title>\n<meta name=\"description\" content=\"Supreme Bioguard es un acondicionador para acuarios de agua dulce con una magn\u00edfica capacidad de descomposici\u00f3n de sustancias nocivas.\" \/>\n<meta name=\"robots\" content=\"index, follow, max-snippet:-1, max-image-preview:large, max-video-preview:-1\" \/>\n<link rel=\"canonical\" href=\"https:\/\/acuariosupremus.com\/?product=supreme-bioguard-bacteria-250-ml\" \/>\n<meta property=\"og:locale\" content=\"es_MX\" \/>\n<meta property=\"og:type\" content=\"article\" \/>\n<meta property=\"og:title\" content=\"Supreme BIOGUARD (Bacteria) 250 ml. | Acuario Supremus\" \/>\n<meta property=\"og:description\" content=\"Supreme Bioguard es un acondicionador para acuarios de agua dulce con una magn\u00edfica capacidad de descomposici\u00f3n de sustancias nocivas.\" \/>\n<meta property=\"og:url\" content=\"https:\/\/acuariosupremus.com\/?product=supreme-bioguard-bacteria-250-ml\" \/>\n<meta property=\"og:site_name\" content=\"Acuario Supremus\" \/>\n<meta property=\"article:publisher\" content=\"https:\/\/www.facebook.com\/AcuarioSupremus\" \/>\n<meta property=\"article:modified_time\" content=\"2025-12-24T02:03:50+00:00\" \/>\n<meta property=\"og:image\" content=\"https:\/\/acuariosupremus.com\/wp-content\/uploads\/2022\/04\/azoo-plus_supreme_bioguard_04.jpg\" \/>\n\t<meta property=\"og:image:width\" content=\"1250\" \/>\n\t<meta property=\"og:image:height\" content=\"1250\" \/>\n\t<meta property=\"og:image:type\" content=\"image\/jpeg\" \/>\n<meta name=\"twitter:card\" content=\"summary_large_image\" \/>\n<meta name=\"twitter:site\" content=\"@AcuarioSupremus\" \/>\n<meta name=\"twitter:label1\" content=\"Tiempo de lectura\" \/>\n\t<meta name=\"twitter:data1\" content=\"2 minutos\" \/>\n<script type=\"application\/ld+json\" class=\"yoast-schema-graph\">{\"@context\":\"https:\\\/\\\/schema.org\",\"@graph\":[{\"@type\":\"WebPage\",\"@id\":\"https:\\\/\\\/acuariosupremus.com\\\/?product=supreme-bioguard-bacteria-250-ml\",\"url\":\"https:\\\/\\\/acuariosupremus.com\\\/?product=supreme-bioguard-bacteria-250-ml\",\"name\":\"Supreme BIOGUARD (Bacteria) 250 ml. | Acuario Supremus\",\"isPartOf\":{\"@id\":\"https:\\\/\\\/acuariosupremus.com\\\/#website\"},\"primaryImageOfPage\":{\"@id\":\"https:\\\/\\\/acuariosupremus.com\\\/?product=supreme-bioguard-bacteria-250-ml#primaryimage\"},\"image\":{\"@id\":\"https:\\\/\\\/acuariosupremus.com\\\/?product=supreme-bioguard-bacteria-250-ml#primaryimage\"},\"thumbnailUrl\":\"https:\\\/\\\/acuariosupremus.com\\\/wp-content\\\/uploads\\\/2022\\\/04\\\/azoo-plus_supreme_bioguard_04.jpg\",\"datePublished\":\"2022-04-24T21:43:44+00:00\",\"dateModified\":\"2025-12-24T02:03:50+00:00\",\"description\":\"Supreme Bioguard es un acondicionador para acuarios de agua dulce con una magn\u00edfica capacidad de descomposici\u00f3n de sustancias nocivas.\",\"breadcrumb\":{\"@id\":\"https:\\\/\\\/acuariosupremus.com\\\/?product=supreme-bioguard-bacteria-250-ml#breadcrumb\"},\"inLanguage\":\"es\",\"potentialAction\":[{\"@type\":\"ReadAction\",\"target\":[\"https:\\\/\\\/acuariosupremus.com\\\/?product=supreme-bioguard-bacteria-250-ml\"]}]},{\"@type\":\"ImageObject\",\"inLanguage\":\"es\",\"@id\":\"https:\\\/\\\/acuariosupremus.com\\\/?product=supreme-bioguard-bacteria-250-ml#primaryimage\",\"url\":\"https:\\\/\\\/acuariosupremus.com\\\/wp-content\\\/uploads\\\/2022\\\/04\\\/azoo-plus_supreme_bioguard_04.jpg\",\"contentUrl\":\"https:\\\/\\\/acuariosupremus.com\\\/wp-content\\\/uploads\\\/2022\\\/04\\\/azoo-plus_supreme_bioguard_04.jpg\",\"width\":1250,\"height\":1250},{\"@type\":\"BreadcrumbList\",\"@id\":\"https:\\\/\\\/acuariosupremus.com\\\/?product=supreme-bioguard-bacteria-250-ml#breadcrumb\",\"itemListElement\":[{\"@type\":\"ListItem\",\"position\":1,\"name\":\"Portada\",\"item\":\"https:\\\/\\\/acuariosupremus.com\\\/\"},{\"@type\":\"ListItem\",\"position\":2,\"name\":\"Tienda\",\"item\":\"https:\\\/\\\/acuariosupremus.com\\\/tienda\\\/\"},{\"@type\":\"ListItem\",\"position\":3,\"name\":\"Supreme BIOGUARD (Bacteria) 250 ml.\"}]},{\"@type\":\"WebSite\",\"@id\":\"https:\\\/\\\/acuariosupremus.com\\\/#website\",\"url\":\"https:\\\/\\\/acuariosupremus.com\\\/\",\"name\":\"Acuario Supremus\",\"description\":\"Peces, Peceras y Mascotas.\",\"publisher\":{\"@id\":\"https:\\\/\\\/acuariosupremus.com\\\/#organization\"},\"potentialAction\":[{\"@type\":\"SearchAction\",\"target\":{\"@type\":\"EntryPoint\",\"urlTemplate\":\"https:\\\/\\\/acuariosupremus.com\\\/?s={search_term_string}\"},\"query-input\":{\"@type\":\"PropertyValueSpecification\",\"valueRequired\":true,\"valueName\":\"search_term_string\"}}],\"inLanguage\":\"es\"},{\"@type\":\"Organization\",\"@id\":\"https:\\\/\\\/acuariosupremus.com\\\/#organization\",\"name\":\"Acuario Supremus\",\"url\":\"https:\\\/\\\/acuariosupremus.com\\\/\",\"logo\":{\"@type\":\"ImageObject\",\"inLanguage\":\"es\",\"@id\":\"https:\\\/\\\/acuariosupremus.com\\\/#\\\/schema\\\/logo\\\/image\\\/\",\"url\":\"https:\\\/\\\/acuariosupremus.com\\\/wp-content\\\/uploads\\\/2021\\\/12\\\/cropped-logo_acuario_supremus_fn-2.png\",\"contentUrl\":\"https:\\\/\\\/acuariosupremus.com\\\/wp-content\\\/uploads\\\/2021\\\/12\\\/cropped-logo_acuario_supremus_fn-2.png\",\"width\":1000,\"height\":318,\"caption\":\"Acuario Supremus\"},\"image\":{\"@id\":\"https:\\\/\\\/acuariosupremus.com\\\/#\\\/schema\\\/logo\\\/image\\\/\"},\"sameAs\":[\"https:\\\/\\\/www.facebook.com\\\/AcuarioSupremus\",\"https:\\\/\\\/x.com\\\/AcuarioSupremus\",\"https:\\\/\\\/www.instagram.com\\\/acuariosupremus\\\/?hl=es\"]}]}<\/script>\n<!-- \/ Yoast SEO plugin. -->","yoast_head_json":{"title":"Supreme BIOGUARD (Bacteria) 250 ml. | Acuario Supremus","description":"Supreme Bioguard es un acondicionador para acuarios de agua dulce con una magn\u00edfica capacidad de descomposici\u00f3n de sustancias nocivas.","robots":{"index":"index","follow":"follow","max-snippet":"max-snippet:-1","max-image-preview":"max-image-preview:large","max-video-preview":"max-video-preview:-1"},"canonical":"https:\/\/acuariosupremus.com\/?product=supreme-bioguard-bacteria-250-ml","og_locale":"es_MX","og_type":"article","og_title":"Supreme BIOGUARD (Bacteria) 250 ml. | Acuario Supremus","og_description":"Supreme Bioguard es un acondicionador para acuarios de agua dulce con una magn\u00edfica capacidad de descomposici\u00f3n de sustancias nocivas.","og_url":"https:\/\/acuariosupremus.com\/?product=supreme-bioguard-bacteria-250-ml","og_site_name":"Acuario Supremus","article_publisher":"https:\/\/www.facebook.com\/AcuarioSupremus","article_modified_time":"2025-12-24T02:03:50+00:00","og_image":[{"width":1250,"height":1250,"url":"https:\/\/acuariosupremus.com\/wp-content\/uploads\/2022\/04\/azoo-plus_supreme_bioguard_04.jpg","type":"image\/jpeg"}],"twitter_card":"summary_large_image","twitter_site":"@AcuarioSupremus","twitter_misc":{"Tiempo de lectura":"2 minutos"},"schema":{"@context":"https:\/\/schema.org","@graph":[{"@type":"WebPage","@id":"https:\/\/acuariosupremus.com\/?product=supreme-bioguard-bacteria-250-ml","url":"https:\/\/acuariosupremus.com\/?product=supreme-bioguard-bacteria-250-ml","name":"Supreme BIOGUARD (Bacteria) 250 ml. | Acuario Supremus","isPartOf":{"@id":"https:\/\/acuariosupremus.com\/#website"},"primaryImageOfPage":{"@id":"https:\/\/acuariosupremus.com\/?product=supreme-bioguard-bacteria-250-ml#primaryimage"},"image":{"@id":"https:\/\/acuariosupremus.com\/?product=supreme-bioguard-bacteria-250-ml#primaryimage"},"thumbnailUrl":"https:\/\/acuariosupremus.com\/wp-content\/uploads\/2022\/04\/azoo-plus_supreme_bioguard_04.jpg","datePublished":"2022-04-24T21:43:44+00:00","dateModified":"2025-12-24T02:03:50+00:00","description":"Supreme Bioguard es un acondicionador para acuarios de agua dulce con una magn\u00edfica capacidad de descomposici\u00f3n de sustancias nocivas.","breadcrumb":{"@id":"https:\/\/acuariosupremus.com\/?product=supreme-bioguard-bacteria-250-ml#breadcrumb"},"inLanguage":"es","potentialAction":[{"@type":"ReadAction","target":["https:\/\/acuariosupremus.com\/?product=supreme-bioguard-bacteria-250-ml"]}]},{"@type":"ImageObject","inLanguage":"es","@id":"https:\/\/acuariosupremus.com\/?product=supreme-bioguard-bacteria-250-ml#primaryimage","url":"https:\/\/acuariosupremus.com\/wp-content\/uploads\/2022\/04\/azoo-plus_supreme_bioguard_04.jpg","contentUrl":"https:\/\/acuariosupremus.com\/wp-content\/uploads\/2022\/04\/azoo-plus_supreme_bioguard_04.jpg","width":1250,"height":1250},{"@type":"BreadcrumbList","@id":"https:\/\/acuariosupremus.com\/?product=supreme-bioguard-bacteria-250-ml#breadcrumb","itemListElement":[{"@type":"ListItem","position":1,"name":"Portada","item":"https:\/\/acuariosupremus.com\/"},{"@type":"ListItem","position":2,"name":"Tienda","item":"https:\/\/acuariosupremus.com\/tienda\/"},{"@type":"ListItem","position":3,"name":"Supreme BIOGUARD (Bacteria) 250 ml."}]},{"@type":"WebSite","@id":"https:\/\/acuariosupremus.com\/#website","url":"https:\/\/acuariosupremus.com\/","name":"Acuario Supremus","description":"Peces, Peceras y Mascotas.","publisher":{"@id":"https:\/\/acuariosupremus.com\/#organization"},"potentialAction":[{"@type":"SearchAction","target":{"@type":"EntryPoint","urlTemplate":"https:\/\/acuariosupremus.com\/?s={search_term_string}"},"query-input":{"@type":"PropertyValueSpecification","valueRequired":true,"valueName":"search_term_string"}}],"inLanguage":"es"},{"@type":"Organization","@id":"https:\/\/acuariosupremus.com\/#organization","name":"Acuario Supremus","url":"https:\/\/acuariosupremus.com\/","logo":{"@type":"ImageObject","inLanguage":"es","@id":"https:\/\/acuariosupremus.com\/#\/schema\/logo\/image\/","url":"https:\/\/acuariosupremus.com\/wp-content\/uploads\/2021\/12\/cropped-logo_acuario_supremus_fn-2.png","contentUrl":"https:\/\/acuariosupremus.com\/wp-content\/uploads\/2021\/12\/cropped-logo_acuario_supremus_fn-2.png","width":1000,"height":318,"caption":"Acuario Supremus"},"image":{"@id":"https:\/\/acuariosupremus.com\/#\/schema\/logo\/image\/"},"sameAs":["https:\/\/www.facebook.com\/AcuarioSupremus","https:\/\/x.com\/AcuarioSupremus","https:\/\/www.instagram.com\/acuariosupremus\/?hl=es"]}]}},"jetpack_sharing_enabled":true,"_links":{"self":[{"href":"https:\/\/acuariosupremus.com\/index.php?rest_route=\/wp\/v2\/product\/7512","targetHints":{"allow":["GET"]}}],"collection":[{"href":"https:\/\/acuariosupremus.com\/index.php?rest_route=\/wp\/v2\/product"}],"about":[{"href":"https:\/\/acuariosupremus.com\/index.php?rest_route=\/wp\/v2\/types\/product"}],"wp:featuredmedia":[{"embeddable":true,"href":"https:\/\/acuariosupremus.com\/index.php?rest_route=\/wp\/v2\/media\/7513"}],"wp:attachment":[{"href":"https:\/\/acuariosupremus.com\/index.php?rest_route=%2Fwp%2Fv2%2Fmedia&parent=7512"}],"wp:term":[{"taxonomy":"product_brand","embeddable":true,"href":"https:\/\/acuariosupremus.com\/index.php?rest_route=%2Fwp%2Fv2%2Fproduct_brand&post=7512"},{"taxonomy":"product_cat","embeddable":true,"href":"https:\/\/acuariosupremus.com\/index.php?rest_route=%2Fwp%2Fv2%2Fproduct_cat&post=7512"},{"taxonomy":"product_tag","embeddable":true,"href":"https:\/\/acuariosupremus.com\/index.php?rest_route=%2Fwp%2Fv2%2Fproduct_tag&post=7512"}],"curies":[{"name":"wp","href":"https:\/\/api.w.org\/{rel}","templated":true}]}}