{"id":7524,"date":"2022-04-24T19:41:07","date_gmt":"2022-04-25T00:41:07","guid":{"rendered":"https:\/\/acuariosupremus.com\/?post_type=product&#038;p=7524"},"modified":"2025-12-23T20:07:44","modified_gmt":"2025-12-24T02:07:44","slug":"azoo-plus-carbon-plus-500ml","status":"publish","type":"product","link":"https:\/\/acuariosupremus.com\/?product=azoo-plus-carbon-plus-500ml","title":{"rendered":"Azoo plus carb\u00f3n plus 500ml."},"content":{"rendered":"<p>INSTRUCCIONES:<br \/>\nPara un acuario nuevo o despu\u00e9s de realizar un cambio de agua sustancial, agregue 5ml por cada 100 litros de agua del acuario, o bien una gota por cada litro de agua. Para uso normal, agregue 5ml por cada 200 litros de agua del acuario diariamente o cada tercer d\u00eda. (1 gota por cada 2 litros de agua) Sea prudente a la hora de sobre dosificar Carb\u00f3n Plus. Este producto puede impactar el valor pH cuando la reserva alcalina del acuario (dKH) es muy baja, causando valores abruptamente bajos.<br \/>\nOBSERVACIONES:<br \/>\nPara garantizar una correcta dispersi\u00f3n, a\u00f1ada el aditivo en un \u00e1rea del acuario que tenga suficiente corriente. Para los cambios parciales de agua, puede a\u00f1adir los aditivos al agua antes de verterla sobre el acuario. Evite mezclar diferentes aditivos antes de a\u00f1adirlos.<br \/>\nAlgunos productos para acuarios pueden reaccionar qu\u00edmicamente con otros; procure no combinar varios productos al mismo tiempo para evitar precipitaciones o reacciones no deseadas. La tapa de la botella le ayudar\u00e1 a medir la dosis con precisi\u00f3n:<br \/>\n\u2022 La cavidad interna tiene 5ml. de capacidad.<br \/>\n\u2022 El volumen comprendido entre la cavidad interior y la exterior contiene 10ml.<br \/>\n\u2022 Ambas cavidades llenas contienen 15ml. en total.<br \/>\n\u2022 La tapa llena completamente contiene 20ml.<\/p>\n<p>P\/V Neto:<br \/>\n500 (ml.)<br \/>\nPeso total:<br \/>\n0.555 (Kg.)<br \/>\nTama\u00f1o mm<br \/>\n62 x 62 x 212 (l x a x h)<\/p>\n","protected":false},"excerpt":{"rendered":"<p>AZOO Plus Carbon Plus provee de forma directa carbono biodisponible para las plantas. Es una fuente sustituta devCO2 que evita m\u00e9todos m\u00e1s costosos o tediosos de administrar, como la inyecci\u00f3n en reactores, la fermentaci\u00f3n o las pastillas efervescentes. Facilita la conversi\u00f3n del estado f\u00e9rrico del hierro (Fe3+) en estado ferroso (Fe2+) para facilitar a las plantas la absorci\u00f3n de este nutriente. Puede ser usado como \u00fanica fuente sustituta de CO2 o en combinaci\u00f3n con otros m\u00e9todos de suministro. Combate eficazmente las resistentes algas pincel y barbudas en el acuario.<\/p>\n","protected":false},"featured_media":7523,"template":"","meta":[],"product_brand":[119],"product_cat":[40,56],"product_tag":[596,604],"class_list":{"0":"post-7524","1":"product","2":"type-product","3":"status-publish","4":"has-post-thumbnail","6":"product_brand-azooplus","7":"product_cat-peces","8":"product_cat-plantas-naturales","9":"product_tag-sustituto-de-co2-liquido","10":"product_tag-sustituto-de-co2-liquido-plus","12":"first","13":"instock","14":"sale","15":"shipping-taxable","16":"purchasable","17":"product-type-simple"},"yoast_head":"<!-- This site is optimized with the Yoast SEO plugin v27.4 - https:\/\/yoast.com\/product\/yoast-seo-wordpress\/ -->\n<title>Azoo plus carb\u00f3n plus 500ml. | Acuario Supremus<\/title>\n<meta name=\"description\" content=\"AZOO Plus Carbon Plus provee de forma directa carbono biodisponible para las plantas. Es una fuente sustituta de CO2 que evita m\u00e9todos m\u00e1s costosos.\" \/>\n<meta name=\"robots\" content=\"index, follow, max-snippet:-1, max-image-preview:large, max-video-preview:-1\" \/>\n<link rel=\"canonical\" href=\"https:\/\/acuariosupremus.com\/?product=azoo-plus-carbon-plus-500ml\" \/>\n<meta property=\"og:locale\" content=\"es_MX\" \/>\n<meta property=\"og:type\" content=\"article\" \/>\n<meta property=\"og:title\" content=\"Azoo plus carb\u00f3n plus 500ml. | Acuario Supremus\" \/>\n<meta property=\"og:description\" content=\"AZOO Plus Carbon Plus provee de forma directa carbono biodisponible para las plantas. Es una fuente sustituta de CO2 que evita m\u00e9todos m\u00e1s costosos.\" \/>\n<meta property=\"og:url\" content=\"https:\/\/acuariosupremus.com\/?product=azoo-plus-carbon-plus-500ml\" \/>\n<meta property=\"og:site_name\" content=\"Acuario Supremus\" \/>\n<meta property=\"article:publisher\" content=\"https:\/\/www.facebook.com\/AcuarioSupremus\" \/>\n<meta property=\"article:modified_time\" content=\"2025-12-24T02:07:44+00:00\" \/>\n<meta property=\"og:image\" content=\"https:\/\/acuariosupremus.com\/wp-content\/uploads\/2022\/04\/azoo_plus_carbon_plus-02.jpg\" \/>\n\t<meta property=\"og:image:width\" content=\"1250\" \/>\n\t<meta property=\"og:image:height\" content=\"1250\" \/>\n\t<meta property=\"og:image:type\" content=\"image\/jpeg\" \/>\n<meta name=\"twitter:card\" content=\"summary_large_image\" \/>\n<meta name=\"twitter:site\" content=\"@AcuarioSupremus\" \/>\n<meta name=\"twitter:label1\" content=\"Tiempo de lectura\" \/>\n\t<meta name=\"twitter:data1\" content=\"2 minutos\" \/>\n<script type=\"application\/ld+json\" class=\"yoast-schema-graph\">{\"@context\":\"https:\\\/\\\/schema.org\",\"@graph\":[{\"@type\":\"WebPage\",\"@id\":\"https:\\\/\\\/acuariosupremus.com\\\/?product=azoo-plus-carbon-plus-500ml\",\"url\":\"https:\\\/\\\/acuariosupremus.com\\\/?product=azoo-plus-carbon-plus-500ml\",\"name\":\"Azoo plus carb\u00f3n plus 500ml. | Acuario Supremus\",\"isPartOf\":{\"@id\":\"https:\\\/\\\/acuariosupremus.com\\\/#website\"},\"primaryImageOfPage\":{\"@id\":\"https:\\\/\\\/acuariosupremus.com\\\/?product=azoo-plus-carbon-plus-500ml#primaryimage\"},\"image\":{\"@id\":\"https:\\\/\\\/acuariosupremus.com\\\/?product=azoo-plus-carbon-plus-500ml#primaryimage\"},\"thumbnailUrl\":\"https:\\\/\\\/acuariosupremus.com\\\/wp-content\\\/uploads\\\/2022\\\/04\\\/azoo_plus_carbon_plus-02.jpg\",\"datePublished\":\"2022-04-25T00:41:07+00:00\",\"dateModified\":\"2025-12-24T02:07:44+00:00\",\"description\":\"AZOO Plus Carbon Plus provee de forma directa carbono biodisponible para las plantas. Es una fuente sustituta de CO2 que evita m\u00e9todos m\u00e1s costosos.\",\"breadcrumb\":{\"@id\":\"https:\\\/\\\/acuariosupremus.com\\\/?product=azoo-plus-carbon-plus-500ml#breadcrumb\"},\"inLanguage\":\"es\",\"potentialAction\":[{\"@type\":\"ReadAction\",\"target\":[\"https:\\\/\\\/acuariosupremus.com\\\/?product=azoo-plus-carbon-plus-500ml\"]}]},{\"@type\":\"ImageObject\",\"inLanguage\":\"es\",\"@id\":\"https:\\\/\\\/acuariosupremus.com\\\/?product=azoo-plus-carbon-plus-500ml#primaryimage\",\"url\":\"https:\\\/\\\/acuariosupremus.com\\\/wp-content\\\/uploads\\\/2022\\\/04\\\/azoo_plus_carbon_plus-02.jpg\",\"contentUrl\":\"https:\\\/\\\/acuariosupremus.com\\\/wp-content\\\/uploads\\\/2022\\\/04\\\/azoo_plus_carbon_plus-02.jpg\",\"width\":1250,\"height\":1250},{\"@type\":\"BreadcrumbList\",\"@id\":\"https:\\\/\\\/acuariosupremus.com\\\/?product=azoo-plus-carbon-plus-500ml#breadcrumb\",\"itemListElement\":[{\"@type\":\"ListItem\",\"position\":1,\"name\":\"Portada\",\"item\":\"https:\\\/\\\/acuariosupremus.com\\\/\"},{\"@type\":\"ListItem\",\"position\":2,\"name\":\"Tienda\",\"item\":\"https:\\\/\\\/acuariosupremus.com\\\/tienda\\\/\"},{\"@type\":\"ListItem\",\"position\":3,\"name\":\"Azoo plus carb\u00f3n plus 500ml.\"}]},{\"@type\":\"WebSite\",\"@id\":\"https:\\\/\\\/acuariosupremus.com\\\/#website\",\"url\":\"https:\\\/\\\/acuariosupremus.com\\\/\",\"name\":\"Acuario Supremus\",\"description\":\"Peces, Peceras y Mascotas.\",\"publisher\":{\"@id\":\"https:\\\/\\\/acuariosupremus.com\\\/#organization\"},\"potentialAction\":[{\"@type\":\"SearchAction\",\"target\":{\"@type\":\"EntryPoint\",\"urlTemplate\":\"https:\\\/\\\/acuariosupremus.com\\\/?s={search_term_string}\"},\"query-input\":{\"@type\":\"PropertyValueSpecification\",\"valueRequired\":true,\"valueName\":\"search_term_string\"}}],\"inLanguage\":\"es\"},{\"@type\":\"Organization\",\"@id\":\"https:\\\/\\\/acuariosupremus.com\\\/#organization\",\"name\":\"Acuario Supremus\",\"url\":\"https:\\\/\\\/acuariosupremus.com\\\/\",\"logo\":{\"@type\":\"ImageObject\",\"inLanguage\":\"es\",\"@id\":\"https:\\\/\\\/acuariosupremus.com\\\/#\\\/schema\\\/logo\\\/image\\\/\",\"url\":\"https:\\\/\\\/acuariosupremus.com\\\/wp-content\\\/uploads\\\/2021\\\/12\\\/cropped-logo_acuario_supremus_fn-2.png\",\"contentUrl\":\"https:\\\/\\\/acuariosupremus.com\\\/wp-content\\\/uploads\\\/2021\\\/12\\\/cropped-logo_acuario_supremus_fn-2.png\",\"width\":1000,\"height\":318,\"caption\":\"Acuario Supremus\"},\"image\":{\"@id\":\"https:\\\/\\\/acuariosupremus.com\\\/#\\\/schema\\\/logo\\\/image\\\/\"},\"sameAs\":[\"https:\\\/\\\/www.facebook.com\\\/AcuarioSupremus\",\"https:\\\/\\\/x.com\\\/AcuarioSupremus\",\"https:\\\/\\\/www.instagram.com\\\/acuariosupremus\\\/?hl=es\"]}]}<\/script>\n<!-- \/ Yoast SEO plugin. -->","yoast_head_json":{"title":"Azoo plus carb\u00f3n plus 500ml. | Acuario Supremus","description":"AZOO Plus Carbon Plus provee de forma directa carbono biodisponible para las plantas. Es una fuente sustituta de CO2 que evita m\u00e9todos m\u00e1s costosos.","robots":{"index":"index","follow":"follow","max-snippet":"max-snippet:-1","max-image-preview":"max-image-preview:large","max-video-preview":"max-video-preview:-1"},"canonical":"https:\/\/acuariosupremus.com\/?product=azoo-plus-carbon-plus-500ml","og_locale":"es_MX","og_type":"article","og_title":"Azoo plus carb\u00f3n plus 500ml. | Acuario Supremus","og_description":"AZOO Plus Carbon Plus provee de forma directa carbono biodisponible para las plantas. Es una fuente sustituta de CO2 que evita m\u00e9todos m\u00e1s costosos.","og_url":"https:\/\/acuariosupremus.com\/?product=azoo-plus-carbon-plus-500ml","og_site_name":"Acuario Supremus","article_publisher":"https:\/\/www.facebook.com\/AcuarioSupremus","article_modified_time":"2025-12-24T02:07:44+00:00","og_image":[{"width":1250,"height":1250,"url":"https:\/\/acuariosupremus.com\/wp-content\/uploads\/2022\/04\/azoo_plus_carbon_plus-02.jpg","type":"image\/jpeg"}],"twitter_card":"summary_large_image","twitter_site":"@AcuarioSupremus","twitter_misc":{"Tiempo de lectura":"2 minutos"},"schema":{"@context":"https:\/\/schema.org","@graph":[{"@type":"WebPage","@id":"https:\/\/acuariosupremus.com\/?product=azoo-plus-carbon-plus-500ml","url":"https:\/\/acuariosupremus.com\/?product=azoo-plus-carbon-plus-500ml","name":"Azoo plus carb\u00f3n plus 500ml. | Acuario Supremus","isPartOf":{"@id":"https:\/\/acuariosupremus.com\/#website"},"primaryImageOfPage":{"@id":"https:\/\/acuariosupremus.com\/?product=azoo-plus-carbon-plus-500ml#primaryimage"},"image":{"@id":"https:\/\/acuariosupremus.com\/?product=azoo-plus-carbon-plus-500ml#primaryimage"},"thumbnailUrl":"https:\/\/acuariosupremus.com\/wp-content\/uploads\/2022\/04\/azoo_plus_carbon_plus-02.jpg","datePublished":"2022-04-25T00:41:07+00:00","dateModified":"2025-12-24T02:07:44+00:00","description":"AZOO Plus Carbon Plus provee de forma directa carbono biodisponible para las plantas. Es una fuente sustituta de CO2 que evita m\u00e9todos m\u00e1s costosos.","breadcrumb":{"@id":"https:\/\/acuariosupremus.com\/?product=azoo-plus-carbon-plus-500ml#breadcrumb"},"inLanguage":"es","potentialAction":[{"@type":"ReadAction","target":["https:\/\/acuariosupremus.com\/?product=azoo-plus-carbon-plus-500ml"]}]},{"@type":"ImageObject","inLanguage":"es","@id":"https:\/\/acuariosupremus.com\/?product=azoo-plus-carbon-plus-500ml#primaryimage","url":"https:\/\/acuariosupremus.com\/wp-content\/uploads\/2022\/04\/azoo_plus_carbon_plus-02.jpg","contentUrl":"https:\/\/acuariosupremus.com\/wp-content\/uploads\/2022\/04\/azoo_plus_carbon_plus-02.jpg","width":1250,"height":1250},{"@type":"BreadcrumbList","@id":"https:\/\/acuariosupremus.com\/?product=azoo-plus-carbon-plus-500ml#breadcrumb","itemListElement":[{"@type":"ListItem","position":1,"name":"Portada","item":"https:\/\/acuariosupremus.com\/"},{"@type":"ListItem","position":2,"name":"Tienda","item":"https:\/\/acuariosupremus.com\/tienda\/"},{"@type":"ListItem","position":3,"name":"Azoo plus carb\u00f3n plus 500ml."}]},{"@type":"WebSite","@id":"https:\/\/acuariosupremus.com\/#website","url":"https:\/\/acuariosupremus.com\/","name":"Acuario Supremus","description":"Peces, Peceras y Mascotas.","publisher":{"@id":"https:\/\/acuariosupremus.com\/#organization"},"potentialAction":[{"@type":"SearchAction","target":{"@type":"EntryPoint","urlTemplate":"https:\/\/acuariosupremus.com\/?s={search_term_string}"},"query-input":{"@type":"PropertyValueSpecification","valueRequired":true,"valueName":"search_term_string"}}],"inLanguage":"es"},{"@type":"Organization","@id":"https:\/\/acuariosupremus.com\/#organization","name":"Acuario Supremus","url":"https:\/\/acuariosupremus.com\/","logo":{"@type":"ImageObject","inLanguage":"es","@id":"https:\/\/acuariosupremus.com\/#\/schema\/logo\/image\/","url":"https:\/\/acuariosupremus.com\/wp-content\/uploads\/2021\/12\/cropped-logo_acuario_supremus_fn-2.png","contentUrl":"https:\/\/acuariosupremus.com\/wp-content\/uploads\/2021\/12\/cropped-logo_acuario_supremus_fn-2.png","width":1000,"height":318,"caption":"Acuario Supremus"},"image":{"@id":"https:\/\/acuariosupremus.com\/#\/schema\/logo\/image\/"},"sameAs":["https:\/\/www.facebook.com\/AcuarioSupremus","https:\/\/x.com\/AcuarioSupremus","https:\/\/www.instagram.com\/acuariosupremus\/?hl=es"]}]}},"jetpack_sharing_enabled":true,"_links":{"self":[{"href":"https:\/\/acuariosupremus.com\/index.php?rest_route=\/wp\/v2\/product\/7524","targetHints":{"allow":["GET"]}}],"collection":[{"href":"https:\/\/acuariosupremus.com\/index.php?rest_route=\/wp\/v2\/product"}],"about":[{"href":"https:\/\/acuariosupremus.com\/index.php?rest_route=\/wp\/v2\/types\/product"}],"wp:featuredmedia":[{"embeddable":true,"href":"https:\/\/acuariosupremus.com\/index.php?rest_route=\/wp\/v2\/media\/7523"}],"wp:attachment":[{"href":"https:\/\/acuariosupremus.com\/index.php?rest_route=%2Fwp%2Fv2%2Fmedia&parent=7524"}],"wp:term":[{"taxonomy":"product_brand","embeddable":true,"href":"https:\/\/acuariosupremus.com\/index.php?rest_route=%2Fwp%2Fv2%2Fproduct_brand&post=7524"},{"taxonomy":"product_cat","embeddable":true,"href":"https:\/\/acuariosupremus.com\/index.php?rest_route=%2Fwp%2Fv2%2Fproduct_cat&post=7524"},{"taxonomy":"product_tag","embeddable":true,"href":"https:\/\/acuariosupremus.com\/index.php?rest_route=%2Fwp%2Fv2%2Fproduct_tag&post=7524"}],"curies":[{"name":"wp","href":"https:\/\/api.w.org\/{rel}","templated":true}]}}