{"id":7542,"date":"2022-04-24T20:15:24","date_gmt":"2022-04-25T01:15:24","guid":{"rendered":"https:\/\/acuariosupremus.com\/?post_type=product&#038;p=7542"},"modified":"2025-12-24T16:32:59","modified_gmt":"2025-12-24T22:32:59","slug":"nutri-sticks-para-tortuga-bebe-1150ml-425g","status":"publish","type":"product","link":"https:\/\/acuariosupremus.com\/?product=nutri-sticks-para-tortuga-bebe-1150ml-425g","title":{"rendered":"Nutri Sticks para tortuga beb\u00e9 1150ml \/ 425g."},"content":{"rendered":"<p>1.\u2010 F\u00f3rmula especial compuesta por camarones frescos y pasta de camar\u00f3n que ofrecen una excelente palatabilidad y una nutrici\u00f3n de calcio natural.Elaborado con alto contenido de camar\u00f3n fresco y pasta de camar\u00f3n (hasta un 30%), adem\u00e1s de ajo y una mezcla de ingredientes naturales cuidadosamente seleccionados. Este alimento est\u00e1 enriquecido de calcio natural y se caracteriza por su alta palatabilidad y valor nutritivo para tortugas acu\u00e1ticas como las tortugas de Brasil, tortugas nariz de cerdo y otras especies de tortugas acu\u00e1ticas.<br \/>\n2.\u2010 F\u00e1cil de digerir y excreci\u00f3n reducida. Durante el proceso de elaboraci\u00f3n se utiliza tecnolog\u00eda de nueva generaci\u00f3n para su cocci\u00f3n a bajas temperaturas y enriquecimiento con probi\u00f3ticos intestinales. Esta formulaci\u00f3n mejora la ingesta, ayuda a la f\u00e1cil digesti\u00f3n y a la absorci\u00f3n eficiente de sus nutrientes, reduciendo as\u00ed la excreci\u00f3n excesiva de desechos, aprovechando mejor el alimento consumido, lo cual evita que se ensucie el acuario.<br \/>\n3.\u2010 Polisac\u00e1ridos de Ganoderma y ajo adicional para estimular la inmunidad. F\u00f3rmula de Calidad Premium que estimula el sistema inmunol\u00f3gico de los peces, rica en nutrientes valiosos como extractos polisac\u00e1ridos de Ganoderma, ajo, Spirulina australiana, vitaminas A, D3, C, E, B1, B2, B6 y B12, \u03b2\u2010caroteno, minerales naturales y oligoelementos para fortalecer el sistema inmune de las tortugas acu\u00e1ticas, aumentar su energ\u00eda y prevenir enfermedades.<\/p>\n<p>P\/V Neto:<br \/>\n(ml. \/grs.) 1150ml \/ 425g.<br \/>\nTama\u00f1o mm.<br \/>\n100 x 100 x 168 (l x a x h)<br \/>\nPeso total: 550 (g)<\/p>\n","protected":false},"excerpt":{"rendered":"<p>Azoo Plus Ultra Fresh Nutri sticks para tortugas acu\u00e1ticas beb\u00e9 es un alimento a base de pellets de peque\u00f1o tama\u00f1o recomendado para todo tipo de tortugas acu\u00e1ticas juveniles. Para elaborar este producto utilizamos \u00fanicamente productos frescos 100% naturales, sin aditivos qu\u00edmicos y cuidadosamente seleccionados. Entre estos ingredientes, a\u00f1adimos hasta un 30% de camarones espada frescos de calidad premium procedentes de Yilan, en Taiw\u00e1n ycamarones Akiami que aportan una palatabilidad natural que estimula el apetito de las tortugas acu\u00e1ticas, adem\u00e1s de con ajo fresco reci\u00e9n cosechado, hojas de camote y varios tipos de algas marinas y vegetales, que proporcionan suficiente calcio, vitaminas (A y D3).<\/p>\n<p>&nbsp;<\/p>\n","protected":false},"featured_media":7543,"template":"","meta":[],"product_brand":[121],"product_cat":[84,89],"product_tag":[150,296,157],"class_list":{"0":"post-7542","1":"product","2":"type-product","3":"status-publish","4":"has-post-thumbnail","6":"product_brand-ultrafresh","7":"product_cat-reptiles-y-anfibios","8":"product_cat-nutricion-reptiles-y-anfibios","9":"product_tag-alimento-premium","10":"product_tag-alimento-tortuga-baby","11":"product_tag-sticks","13":"first","14":"instock","15":"sale","16":"shipping-taxable","17":"purchasable","18":"product-type-simple"},"yoast_head":"<!-- This site is optimized with the Yoast SEO plugin v27.4 - https:\/\/yoast.com\/product\/yoast-seo-wordpress\/ -->\n<title>Nutri Sticks para tortuga beb\u00e9 1150ml \/ 425g. | Acuario Supremus<\/title>\n<meta name=\"description\" content=\"Sticks para tortugas acu\u00e1ticas beb\u00e9 es un alimento a base de pellets de peque\u00f1o tama\u00f1o recomendado para todo tipo de tortugas acu\u00e1ticas juveniles.\" \/>\n<meta name=\"robots\" content=\"index, follow, max-snippet:-1, max-image-preview:large, max-video-preview:-1\" \/>\n<link rel=\"canonical\" href=\"https:\/\/acuariosupremus.com\/?product=nutri-sticks-para-tortuga-bebe-1150ml-425g\" \/>\n<meta property=\"og:locale\" content=\"es_MX\" \/>\n<meta property=\"og:type\" content=\"article\" \/>\n<meta property=\"og:title\" content=\"Nutri Sticks para tortuga beb\u00e9 1150ml \/ 425g. | Acuario Supremus\" \/>\n<meta property=\"og:description\" content=\"Sticks para tortugas acu\u00e1ticas beb\u00e9 es un alimento a base de pellets de peque\u00f1o tama\u00f1o recomendado para todo tipo de tortugas acu\u00e1ticas juveniles.\" \/>\n<meta property=\"og:url\" content=\"https:\/\/acuariosupremus.com\/?product=nutri-sticks-para-tortuga-bebe-1150ml-425g\" \/>\n<meta property=\"og:site_name\" content=\"Acuario Supremus\" \/>\n<meta property=\"article:publisher\" content=\"https:\/\/www.facebook.com\/AcuarioSupremus\" \/>\n<meta property=\"article:modified_time\" content=\"2025-12-24T22:32:59+00:00\" \/>\n<meta property=\"og:image\" content=\"https:\/\/acuariosupremus.com\/wp-content\/uploads\/2022\/04\/ultra_fresh_-nutri_sticks_para_tortugas_acuaticas_bebe_07.jpg\" \/>\n\t<meta property=\"og:image:width\" content=\"317\" \/>\n\t<meta property=\"og:image:height\" content=\"316\" \/>\n\t<meta property=\"og:image:type\" content=\"image\/jpeg\" \/>\n<meta name=\"twitter:card\" content=\"summary_large_image\" \/>\n<meta name=\"twitter:site\" content=\"@AcuarioSupremus\" \/>\n<meta name=\"twitter:label1\" content=\"Tiempo de lectura\" \/>\n\t<meta name=\"twitter:data1\" content=\"2 minutos\" \/>\n<script type=\"application\/ld+json\" class=\"yoast-schema-graph\">{\"@context\":\"https:\\\/\\\/schema.org\",\"@graph\":[{\"@type\":\"WebPage\",\"@id\":\"https:\\\/\\\/acuariosupremus.com\\\/?product=nutri-sticks-para-tortuga-bebe-1150ml-425g\",\"url\":\"https:\\\/\\\/acuariosupremus.com\\\/?product=nutri-sticks-para-tortuga-bebe-1150ml-425g\",\"name\":\"Nutri Sticks para tortuga beb\u00e9 1150ml \\\/ 425g. | Acuario Supremus\",\"isPartOf\":{\"@id\":\"https:\\\/\\\/acuariosupremus.com\\\/#website\"},\"primaryImageOfPage\":{\"@id\":\"https:\\\/\\\/acuariosupremus.com\\\/?product=nutri-sticks-para-tortuga-bebe-1150ml-425g#primaryimage\"},\"image\":{\"@id\":\"https:\\\/\\\/acuariosupremus.com\\\/?product=nutri-sticks-para-tortuga-bebe-1150ml-425g#primaryimage\"},\"thumbnailUrl\":\"https:\\\/\\\/acuariosupremus.com\\\/wp-content\\\/uploads\\\/2022\\\/04\\\/ultra_fresh_-nutri_sticks_para_tortugas_acuaticas_bebe_07.jpg\",\"datePublished\":\"2022-04-25T01:15:24+00:00\",\"dateModified\":\"2025-12-24T22:32:59+00:00\",\"description\":\"Sticks para tortugas acu\u00e1ticas beb\u00e9 es un alimento a base de pellets de peque\u00f1o tama\u00f1o recomendado para todo tipo de tortugas acu\u00e1ticas juveniles.\",\"breadcrumb\":{\"@id\":\"https:\\\/\\\/acuariosupremus.com\\\/?product=nutri-sticks-para-tortuga-bebe-1150ml-425g#breadcrumb\"},\"inLanguage\":\"es\",\"potentialAction\":[{\"@type\":\"ReadAction\",\"target\":[\"https:\\\/\\\/acuariosupremus.com\\\/?product=nutri-sticks-para-tortuga-bebe-1150ml-425g\"]}]},{\"@type\":\"ImageObject\",\"inLanguage\":\"es\",\"@id\":\"https:\\\/\\\/acuariosupremus.com\\\/?product=nutri-sticks-para-tortuga-bebe-1150ml-425g#primaryimage\",\"url\":\"https:\\\/\\\/acuariosupremus.com\\\/wp-content\\\/uploads\\\/2022\\\/04\\\/ultra_fresh_-nutri_sticks_para_tortugas_acuaticas_bebe_07.jpg\",\"contentUrl\":\"https:\\\/\\\/acuariosupremus.com\\\/wp-content\\\/uploads\\\/2022\\\/04\\\/ultra_fresh_-nutri_sticks_para_tortugas_acuaticas_bebe_07.jpg\",\"width\":317,\"height\":316},{\"@type\":\"BreadcrumbList\",\"@id\":\"https:\\\/\\\/acuariosupremus.com\\\/?product=nutri-sticks-para-tortuga-bebe-1150ml-425g#breadcrumb\",\"itemListElement\":[{\"@type\":\"ListItem\",\"position\":1,\"name\":\"Portada\",\"item\":\"https:\\\/\\\/acuariosupremus.com\\\/\"},{\"@type\":\"ListItem\",\"position\":2,\"name\":\"Tienda\",\"item\":\"https:\\\/\\\/acuariosupremus.com\\\/tienda\\\/\"},{\"@type\":\"ListItem\",\"position\":3,\"name\":\"Nutri Sticks para tortuga beb\u00e9 1150ml \\\/ 425g.\"}]},{\"@type\":\"WebSite\",\"@id\":\"https:\\\/\\\/acuariosupremus.com\\\/#website\",\"url\":\"https:\\\/\\\/acuariosupremus.com\\\/\",\"name\":\"Acuario Supremus\",\"description\":\"Peces, Peceras y Mascotas.\",\"publisher\":{\"@id\":\"https:\\\/\\\/acuariosupremus.com\\\/#organization\"},\"potentialAction\":[{\"@type\":\"SearchAction\",\"target\":{\"@type\":\"EntryPoint\",\"urlTemplate\":\"https:\\\/\\\/acuariosupremus.com\\\/?s={search_term_string}\"},\"query-input\":{\"@type\":\"PropertyValueSpecification\",\"valueRequired\":true,\"valueName\":\"search_term_string\"}}],\"inLanguage\":\"es\"},{\"@type\":\"Organization\",\"@id\":\"https:\\\/\\\/acuariosupremus.com\\\/#organization\",\"name\":\"Acuario Supremus\",\"url\":\"https:\\\/\\\/acuariosupremus.com\\\/\",\"logo\":{\"@type\":\"ImageObject\",\"inLanguage\":\"es\",\"@id\":\"https:\\\/\\\/acuariosupremus.com\\\/#\\\/schema\\\/logo\\\/image\\\/\",\"url\":\"https:\\\/\\\/acuariosupremus.com\\\/wp-content\\\/uploads\\\/2021\\\/12\\\/cropped-logo_acuario_supremus_fn-2.png\",\"contentUrl\":\"https:\\\/\\\/acuariosupremus.com\\\/wp-content\\\/uploads\\\/2021\\\/12\\\/cropped-logo_acuario_supremus_fn-2.png\",\"width\":1000,\"height\":318,\"caption\":\"Acuario Supremus\"},\"image\":{\"@id\":\"https:\\\/\\\/acuariosupremus.com\\\/#\\\/schema\\\/logo\\\/image\\\/\"},\"sameAs\":[\"https:\\\/\\\/www.facebook.com\\\/AcuarioSupremus\",\"https:\\\/\\\/x.com\\\/AcuarioSupremus\",\"https:\\\/\\\/www.instagram.com\\\/acuariosupremus\\\/?hl=es\"]}]}<\/script>\n<!-- \/ Yoast SEO plugin. -->","yoast_head_json":{"title":"Nutri Sticks para tortuga beb\u00e9 1150ml \/ 425g. | Acuario Supremus","description":"Sticks para tortugas acu\u00e1ticas beb\u00e9 es un alimento a base de pellets de peque\u00f1o tama\u00f1o recomendado para todo tipo de tortugas acu\u00e1ticas juveniles.","robots":{"index":"index","follow":"follow","max-snippet":"max-snippet:-1","max-image-preview":"max-image-preview:large","max-video-preview":"max-video-preview:-1"},"canonical":"https:\/\/acuariosupremus.com\/?product=nutri-sticks-para-tortuga-bebe-1150ml-425g","og_locale":"es_MX","og_type":"article","og_title":"Nutri Sticks para tortuga beb\u00e9 1150ml \/ 425g. | Acuario Supremus","og_description":"Sticks para tortugas acu\u00e1ticas beb\u00e9 es un alimento a base de pellets de peque\u00f1o tama\u00f1o recomendado para todo tipo de tortugas acu\u00e1ticas juveniles.","og_url":"https:\/\/acuariosupremus.com\/?product=nutri-sticks-para-tortuga-bebe-1150ml-425g","og_site_name":"Acuario Supremus","article_publisher":"https:\/\/www.facebook.com\/AcuarioSupremus","article_modified_time":"2025-12-24T22:32:59+00:00","og_image":[{"width":317,"height":316,"url":"https:\/\/acuariosupremus.com\/wp-content\/uploads\/2022\/04\/ultra_fresh_-nutri_sticks_para_tortugas_acuaticas_bebe_07.jpg","type":"image\/jpeg"}],"twitter_card":"summary_large_image","twitter_site":"@AcuarioSupremus","twitter_misc":{"Tiempo de lectura":"2 minutos"},"schema":{"@context":"https:\/\/schema.org","@graph":[{"@type":"WebPage","@id":"https:\/\/acuariosupremus.com\/?product=nutri-sticks-para-tortuga-bebe-1150ml-425g","url":"https:\/\/acuariosupremus.com\/?product=nutri-sticks-para-tortuga-bebe-1150ml-425g","name":"Nutri Sticks para tortuga beb\u00e9 1150ml \/ 425g. | Acuario Supremus","isPartOf":{"@id":"https:\/\/acuariosupremus.com\/#website"},"primaryImageOfPage":{"@id":"https:\/\/acuariosupremus.com\/?product=nutri-sticks-para-tortuga-bebe-1150ml-425g#primaryimage"},"image":{"@id":"https:\/\/acuariosupremus.com\/?product=nutri-sticks-para-tortuga-bebe-1150ml-425g#primaryimage"},"thumbnailUrl":"https:\/\/acuariosupremus.com\/wp-content\/uploads\/2022\/04\/ultra_fresh_-nutri_sticks_para_tortugas_acuaticas_bebe_07.jpg","datePublished":"2022-04-25T01:15:24+00:00","dateModified":"2025-12-24T22:32:59+00:00","description":"Sticks para tortugas acu\u00e1ticas beb\u00e9 es un alimento a base de pellets de peque\u00f1o tama\u00f1o recomendado para todo tipo de tortugas acu\u00e1ticas juveniles.","breadcrumb":{"@id":"https:\/\/acuariosupremus.com\/?product=nutri-sticks-para-tortuga-bebe-1150ml-425g#breadcrumb"},"inLanguage":"es","potentialAction":[{"@type":"ReadAction","target":["https:\/\/acuariosupremus.com\/?product=nutri-sticks-para-tortuga-bebe-1150ml-425g"]}]},{"@type":"ImageObject","inLanguage":"es","@id":"https:\/\/acuariosupremus.com\/?product=nutri-sticks-para-tortuga-bebe-1150ml-425g#primaryimage","url":"https:\/\/acuariosupremus.com\/wp-content\/uploads\/2022\/04\/ultra_fresh_-nutri_sticks_para_tortugas_acuaticas_bebe_07.jpg","contentUrl":"https:\/\/acuariosupremus.com\/wp-content\/uploads\/2022\/04\/ultra_fresh_-nutri_sticks_para_tortugas_acuaticas_bebe_07.jpg","width":317,"height":316},{"@type":"BreadcrumbList","@id":"https:\/\/acuariosupremus.com\/?product=nutri-sticks-para-tortuga-bebe-1150ml-425g#breadcrumb","itemListElement":[{"@type":"ListItem","position":1,"name":"Portada","item":"https:\/\/acuariosupremus.com\/"},{"@type":"ListItem","position":2,"name":"Tienda","item":"https:\/\/acuariosupremus.com\/tienda\/"},{"@type":"ListItem","position":3,"name":"Nutri Sticks para tortuga beb\u00e9 1150ml \/ 425g."}]},{"@type":"WebSite","@id":"https:\/\/acuariosupremus.com\/#website","url":"https:\/\/acuariosupremus.com\/","name":"Acuario Supremus","description":"Peces, Peceras y Mascotas.","publisher":{"@id":"https:\/\/acuariosupremus.com\/#organization"},"potentialAction":[{"@type":"SearchAction","target":{"@type":"EntryPoint","urlTemplate":"https:\/\/acuariosupremus.com\/?s={search_term_string}"},"query-input":{"@type":"PropertyValueSpecification","valueRequired":true,"valueName":"search_term_string"}}],"inLanguage":"es"},{"@type":"Organization","@id":"https:\/\/acuariosupremus.com\/#organization","name":"Acuario Supremus","url":"https:\/\/acuariosupremus.com\/","logo":{"@type":"ImageObject","inLanguage":"es","@id":"https:\/\/acuariosupremus.com\/#\/schema\/logo\/image\/","url":"https:\/\/acuariosupremus.com\/wp-content\/uploads\/2021\/12\/cropped-logo_acuario_supremus_fn-2.png","contentUrl":"https:\/\/acuariosupremus.com\/wp-content\/uploads\/2021\/12\/cropped-logo_acuario_supremus_fn-2.png","width":1000,"height":318,"caption":"Acuario Supremus"},"image":{"@id":"https:\/\/acuariosupremus.com\/#\/schema\/logo\/image\/"},"sameAs":["https:\/\/www.facebook.com\/AcuarioSupremus","https:\/\/x.com\/AcuarioSupremus","https:\/\/www.instagram.com\/acuariosupremus\/?hl=es"]}]}},"jetpack_sharing_enabled":true,"_links":{"self":[{"href":"https:\/\/acuariosupremus.com\/index.php?rest_route=\/wp\/v2\/product\/7542","targetHints":{"allow":["GET"]}}],"collection":[{"href":"https:\/\/acuariosupremus.com\/index.php?rest_route=\/wp\/v2\/product"}],"about":[{"href":"https:\/\/acuariosupremus.com\/index.php?rest_route=\/wp\/v2\/types\/product"}],"wp:featuredmedia":[{"embeddable":true,"href":"https:\/\/acuariosupremus.com\/index.php?rest_route=\/wp\/v2\/media\/7543"}],"wp:attachment":[{"href":"https:\/\/acuariosupremus.com\/index.php?rest_route=%2Fwp%2Fv2%2Fmedia&parent=7542"}],"wp:term":[{"taxonomy":"product_brand","embeddable":true,"href":"https:\/\/acuariosupremus.com\/index.php?rest_route=%2Fwp%2Fv2%2Fproduct_brand&post=7542"},{"taxonomy":"product_cat","embeddable":true,"href":"https:\/\/acuariosupremus.com\/index.php?rest_route=%2Fwp%2Fv2%2Fproduct_cat&post=7542"},{"taxonomy":"product_tag","embeddable":true,"href":"https:\/\/acuariosupremus.com\/index.php?rest_route=%2Fwp%2Fv2%2Fproduct_tag&post=7542"}],"curies":[{"name":"wp","href":"https:\/\/api.w.org\/{rel}","templated":true}]}}