{"id":7560,"date":"2022-04-25T15:44:55","date_gmt":"2022-04-25T20:44:55","guid":{"rendered":"https:\/\/acuariosupremus.com\/?post_type=product&#038;p=7560"},"modified":"2025-12-24T16:39:49","modified_gmt":"2025-12-24T22:39:49","slug":"azoo-plus-ultra-fresh-pellet-peces-dorados-1150-ml-425-g","status":"publish","type":"product","link":"https:\/\/acuariosupremus.com\/?product=azoo-plus-ultra-fresh-pellet-peces-dorados-1150-ml-425-g","title":{"rendered":"Azoo Plus Ultra Fresh Pellet peces dorados  1150 ml \/ 425 g."},"content":{"rendered":"<p>1. Naturalmente nutritivo y formulado para una palatabilidad superior. Formulado con alto contenido de camarones (hasta un 40%), ajo, calamares frescos, adem\u00e1s de una mezcla de<br \/>\ningredientes naturales cuidadosamente seleccionados. Este alimento para peces tiene como caracter\u00edsticas una alta palatabilidad y valor nutritivo para Arowanas y todo tipo de peces<br \/>\ncarn\u00edvoros.<br \/>\n2. F\u00e1cil de digerir y excreci\u00f3n reducida. Durante el proceso de elaboraci\u00f3n se utiliza tecnolog\u00eda de nueva generaci\u00f3n para su cocci\u00f3n a bajas temperaturas y enriquecimiento con probi\u00f3ticos<br \/>\nintestinales. Esta formulaci\u00f3n mejora la ingesta, ayuda a la f\u00e1cil digesti\u00f3n y a la absorci\u00f3n eficiente de sus nutrientes, reduciendo as\u00ed la excreci\u00f3n excesiva de desechos, aprovechando mejor<br \/>\nel alimento consumido, lo cual evita que se ensucie el acuario.<br \/>\n3. Coloraci\u00f3n natural (6 % alga noruega + espirulina australiana). Su formulaci\u00f3n patentada con espirulina australiana, algas marinas naturales y camarones frescos de calidad premium,<br \/>\nmejora la coloraci\u00f3n natural de sus peces, presentando en ellos colores m\u00e1s naturales, intensos y consistentes.<br \/>\n4. Polisac\u00e1ridos de Ganoderma y ajo adicional para estimular la inmunidad. F\u00f3rmula de Calidad Premium que estimula el sistema inmunol\u00f3gico de los peces, rica en nutrientes valiosos<br \/>\ncomo extractos polisac\u00e1ridos de Ganoderma, ajo, Spirulina australiana, vitaminas A, D3, C, E, B1, B2, B6 y B12, \u03b2\u2010caroteno, minerales naturales y oligoelementos para fortalecer el sistema<br \/>\ninmune de los peces, aumentar su energ\u00eda y prevenir enfermedades.<\/p>\n<p>P\/V Neto:<br \/>\n(ml. \/grs.) 1150 ml \/ 425 g.<br \/>\nTama\u00f1o mm.<br \/>\n100 x 100 x 176 (l x a x h)<br \/>\nPeso total: 445 (g)<\/p>\n","protected":false},"excerpt":{"rendered":"<p>Azoo Plus Ultra Fresh: Pellet premium para peces dorados es un alimento a base de pellets flotantes medianos recomendado para todo tipo de peces dorados, incluyendo variedades como ranchu, tosakin, ryukin y oranda, as\u00ed como para peque\u00f1os peces koi. Para elaborar este producto utilizamos \u00fanicamente productos frescos 100% naturales, sin aditivos qu\u00edmicos y cuidadosamente seleccionados. Entre estos ingredientes, a\u00f1adimos hasta un 28% de camarones espada frescos de calidad premium procedentes de Yilan, en Taiw\u00e1n, que aportan una palatabilidad<br \/>\nnatural que estimula el apetito de los peces. Este alimento balanceado incrementa la eficiencia digestiva y una r\u00e1pida ingesta para reducir la contaminaci\u00f3n del agua en el acuario.<\/p>\n<p>&nbsp;<\/p>\n","protected":false},"featured_media":7561,"template":"","meta":[],"product_brand":[121],"product_cat":[40,43],"product_tag":[153,150,169],"class_list":{"0":"post-7560","1":"product","2":"type-product","3":"status-publish","4":"has-post-thumbnail","6":"product_brand-ultrafresh","7":"product_cat-peces","8":"product_cat-alimentos","9":"product_tag-gold-fish","10":"product_tag-alimento-premium","11":"product_tag-pellets","13":"first","14":"instock","15":"sale","16":"shipping-taxable","17":"purchasable","18":"product-type-simple"},"yoast_head":"<!-- This site is optimized with the Yoast SEO plugin v27.3 - https:\/\/yoast.com\/product\/yoast-seo-wordpress\/ -->\n<title>Azoo Plus Ultra Fresh Pellet peces dorados 1150 ml \/ 425 g. | Acuario Supremus<\/title>\n<meta name=\"description\" content=\"Pellet premium flotantes medianos para peces dorados incluyendo variedades como ranchu, tosakin, ryukin y oranda, as\u00ed como para peque\u00f1os peces koi.\" \/>\n<meta name=\"robots\" content=\"index, follow, max-snippet:-1, max-image-preview:large, max-video-preview:-1\" \/>\n<link rel=\"canonical\" href=\"https:\/\/acuariosupremus.com\/?product=azoo-plus-ultra-fresh-pellet-peces-dorados-1150-ml-425-g\" \/>\n<meta property=\"og:locale\" content=\"es_MX\" \/>\n<meta property=\"og:type\" content=\"article\" \/>\n<meta property=\"og:title\" content=\"Azoo Plus Ultra Fresh Pellet peces dorados 1150 ml \/ 425 g. | Acuario Supremus\" \/>\n<meta property=\"og:description\" content=\"Pellet premium flotantes medianos para peces dorados incluyendo variedades como ranchu, tosakin, ryukin y oranda, as\u00ed como para peque\u00f1os peces koi.\" \/>\n<meta property=\"og:url\" content=\"https:\/\/acuariosupremus.com\/?product=azoo-plus-ultra-fresh-pellet-peces-dorados-1150-ml-425-g\" \/>\n<meta property=\"og:site_name\" content=\"Acuario Supremus\" \/>\n<meta property=\"article:publisher\" content=\"https:\/\/www.facebook.com\/AcuarioSupremus\" \/>\n<meta property=\"article:modified_time\" content=\"2025-12-24T22:39:49+00:00\" \/>\n<meta property=\"og:image\" content=\"https:\/\/acuariosupremus.com\/wp-content\/uploads\/2022\/04\/ultra_fresh_pellet_-premium_-para_-peces_dorados_02.jpg\" \/>\n\t<meta property=\"og:image:width\" content=\"1250\" \/>\n\t<meta property=\"og:image:height\" content=\"1250\" \/>\n\t<meta property=\"og:image:type\" content=\"image\/jpeg\" \/>\n<meta name=\"twitter:card\" content=\"summary_large_image\" \/>\n<meta name=\"twitter:site\" content=\"@AcuarioSupremus\" \/>\n<meta name=\"twitter:label1\" content=\"Tiempo de lectura\" \/>\n\t<meta name=\"twitter:data1\" content=\"2 minutos\" \/>\n<script type=\"application\/ld+json\" class=\"yoast-schema-graph\">{\"@context\":\"https:\\\/\\\/schema.org\",\"@graph\":[{\"@type\":\"WebPage\",\"@id\":\"https:\\\/\\\/acuariosupremus.com\\\/?product=azoo-plus-ultra-fresh-pellet-peces-dorados-1150-ml-425-g\",\"url\":\"https:\\\/\\\/acuariosupremus.com\\\/?product=azoo-plus-ultra-fresh-pellet-peces-dorados-1150-ml-425-g\",\"name\":\"Azoo Plus Ultra Fresh Pellet peces dorados 1150 ml \\\/ 425 g. | Acuario Supremus\",\"isPartOf\":{\"@id\":\"https:\\\/\\\/acuariosupremus.com\\\/#website\"},\"primaryImageOfPage\":{\"@id\":\"https:\\\/\\\/acuariosupremus.com\\\/?product=azoo-plus-ultra-fresh-pellet-peces-dorados-1150-ml-425-g#primaryimage\"},\"image\":{\"@id\":\"https:\\\/\\\/acuariosupremus.com\\\/?product=azoo-plus-ultra-fresh-pellet-peces-dorados-1150-ml-425-g#primaryimage\"},\"thumbnailUrl\":\"https:\\\/\\\/acuariosupremus.com\\\/wp-content\\\/uploads\\\/2022\\\/04\\\/ultra_fresh_pellet_-premium_-para_-peces_dorados_02.jpg\",\"datePublished\":\"2022-04-25T20:44:55+00:00\",\"dateModified\":\"2025-12-24T22:39:49+00:00\",\"description\":\"Pellet premium flotantes medianos para peces dorados incluyendo variedades como ranchu, tosakin, ryukin y oranda, as\u00ed como para peque\u00f1os peces koi.\",\"breadcrumb\":{\"@id\":\"https:\\\/\\\/acuariosupremus.com\\\/?product=azoo-plus-ultra-fresh-pellet-peces-dorados-1150-ml-425-g#breadcrumb\"},\"inLanguage\":\"es\",\"potentialAction\":[{\"@type\":\"ReadAction\",\"target\":[\"https:\\\/\\\/acuariosupremus.com\\\/?product=azoo-plus-ultra-fresh-pellet-peces-dorados-1150-ml-425-g\"]}]},{\"@type\":\"ImageObject\",\"inLanguage\":\"es\",\"@id\":\"https:\\\/\\\/acuariosupremus.com\\\/?product=azoo-plus-ultra-fresh-pellet-peces-dorados-1150-ml-425-g#primaryimage\",\"url\":\"https:\\\/\\\/acuariosupremus.com\\\/wp-content\\\/uploads\\\/2022\\\/04\\\/ultra_fresh_pellet_-premium_-para_-peces_dorados_02.jpg\",\"contentUrl\":\"https:\\\/\\\/acuariosupremus.com\\\/wp-content\\\/uploads\\\/2022\\\/04\\\/ultra_fresh_pellet_-premium_-para_-peces_dorados_02.jpg\",\"width\":1250,\"height\":1250},{\"@type\":\"BreadcrumbList\",\"@id\":\"https:\\\/\\\/acuariosupremus.com\\\/?product=azoo-plus-ultra-fresh-pellet-peces-dorados-1150-ml-425-g#breadcrumb\",\"itemListElement\":[{\"@type\":\"ListItem\",\"position\":1,\"name\":\"Portada\",\"item\":\"https:\\\/\\\/acuariosupremus.com\\\/\"},{\"@type\":\"ListItem\",\"position\":2,\"name\":\"Tienda\",\"item\":\"https:\\\/\\\/acuariosupremus.com\\\/tienda\\\/\"},{\"@type\":\"ListItem\",\"position\":3,\"name\":\"Azoo Plus Ultra Fresh Pellet peces dorados 1150 ml \\\/ 425 g.\"}]},{\"@type\":\"WebSite\",\"@id\":\"https:\\\/\\\/acuariosupremus.com\\\/#website\",\"url\":\"https:\\\/\\\/acuariosupremus.com\\\/\",\"name\":\"Acuario Supremus\",\"description\":\"Peces, Peceras y Mascotas.\",\"publisher\":{\"@id\":\"https:\\\/\\\/acuariosupremus.com\\\/#organization\"},\"potentialAction\":[{\"@type\":\"SearchAction\",\"target\":{\"@type\":\"EntryPoint\",\"urlTemplate\":\"https:\\\/\\\/acuariosupremus.com\\\/?s={search_term_string}\"},\"query-input\":{\"@type\":\"PropertyValueSpecification\",\"valueRequired\":true,\"valueName\":\"search_term_string\"}}],\"inLanguage\":\"es\"},{\"@type\":\"Organization\",\"@id\":\"https:\\\/\\\/acuariosupremus.com\\\/#organization\",\"name\":\"Acuario Supremus\",\"url\":\"https:\\\/\\\/acuariosupremus.com\\\/\",\"logo\":{\"@type\":\"ImageObject\",\"inLanguage\":\"es\",\"@id\":\"https:\\\/\\\/acuariosupremus.com\\\/#\\\/schema\\\/logo\\\/image\\\/\",\"url\":\"https:\\\/\\\/acuariosupremus.com\\\/wp-content\\\/uploads\\\/2021\\\/12\\\/cropped-logo_acuario_supremus_fn-2.png\",\"contentUrl\":\"https:\\\/\\\/acuariosupremus.com\\\/wp-content\\\/uploads\\\/2021\\\/12\\\/cropped-logo_acuario_supremus_fn-2.png\",\"width\":1000,\"height\":318,\"caption\":\"Acuario Supremus\"},\"image\":{\"@id\":\"https:\\\/\\\/acuariosupremus.com\\\/#\\\/schema\\\/logo\\\/image\\\/\"},\"sameAs\":[\"https:\\\/\\\/www.facebook.com\\\/AcuarioSupremus\",\"https:\\\/\\\/x.com\\\/AcuarioSupremus\",\"https:\\\/\\\/www.instagram.com\\\/acuariosupremus\\\/?hl=es\"]}]}<\/script>\n<!-- \/ Yoast SEO plugin. -->","yoast_head_json":{"title":"Azoo Plus Ultra Fresh Pellet peces dorados 1150 ml \/ 425 g. | Acuario Supremus","description":"Pellet premium flotantes medianos para peces dorados incluyendo variedades como ranchu, tosakin, ryukin y oranda, as\u00ed como para peque\u00f1os peces koi.","robots":{"index":"index","follow":"follow","max-snippet":"max-snippet:-1","max-image-preview":"max-image-preview:large","max-video-preview":"max-video-preview:-1"},"canonical":"https:\/\/acuariosupremus.com\/?product=azoo-plus-ultra-fresh-pellet-peces-dorados-1150-ml-425-g","og_locale":"es_MX","og_type":"article","og_title":"Azoo Plus Ultra Fresh Pellet peces dorados 1150 ml \/ 425 g. | Acuario Supremus","og_description":"Pellet premium flotantes medianos para peces dorados incluyendo variedades como ranchu, tosakin, ryukin y oranda, as\u00ed como para peque\u00f1os peces koi.","og_url":"https:\/\/acuariosupremus.com\/?product=azoo-plus-ultra-fresh-pellet-peces-dorados-1150-ml-425-g","og_site_name":"Acuario Supremus","article_publisher":"https:\/\/www.facebook.com\/AcuarioSupremus","article_modified_time":"2025-12-24T22:39:49+00:00","og_image":[{"width":1250,"height":1250,"url":"https:\/\/acuariosupremus.com\/wp-content\/uploads\/2022\/04\/ultra_fresh_pellet_-premium_-para_-peces_dorados_02.jpg","type":"image\/jpeg"}],"twitter_card":"summary_large_image","twitter_site":"@AcuarioSupremus","twitter_misc":{"Tiempo de lectura":"2 minutos"},"schema":{"@context":"https:\/\/schema.org","@graph":[{"@type":"WebPage","@id":"https:\/\/acuariosupremus.com\/?product=azoo-plus-ultra-fresh-pellet-peces-dorados-1150-ml-425-g","url":"https:\/\/acuariosupremus.com\/?product=azoo-plus-ultra-fresh-pellet-peces-dorados-1150-ml-425-g","name":"Azoo Plus Ultra Fresh Pellet peces dorados 1150 ml \/ 425 g. | Acuario Supremus","isPartOf":{"@id":"https:\/\/acuariosupremus.com\/#website"},"primaryImageOfPage":{"@id":"https:\/\/acuariosupremus.com\/?product=azoo-plus-ultra-fresh-pellet-peces-dorados-1150-ml-425-g#primaryimage"},"image":{"@id":"https:\/\/acuariosupremus.com\/?product=azoo-plus-ultra-fresh-pellet-peces-dorados-1150-ml-425-g#primaryimage"},"thumbnailUrl":"https:\/\/acuariosupremus.com\/wp-content\/uploads\/2022\/04\/ultra_fresh_pellet_-premium_-para_-peces_dorados_02.jpg","datePublished":"2022-04-25T20:44:55+00:00","dateModified":"2025-12-24T22:39:49+00:00","description":"Pellet premium flotantes medianos para peces dorados incluyendo variedades como ranchu, tosakin, ryukin y oranda, as\u00ed como para peque\u00f1os peces koi.","breadcrumb":{"@id":"https:\/\/acuariosupremus.com\/?product=azoo-plus-ultra-fresh-pellet-peces-dorados-1150-ml-425-g#breadcrumb"},"inLanguage":"es","potentialAction":[{"@type":"ReadAction","target":["https:\/\/acuariosupremus.com\/?product=azoo-plus-ultra-fresh-pellet-peces-dorados-1150-ml-425-g"]}]},{"@type":"ImageObject","inLanguage":"es","@id":"https:\/\/acuariosupremus.com\/?product=azoo-plus-ultra-fresh-pellet-peces-dorados-1150-ml-425-g#primaryimage","url":"https:\/\/acuariosupremus.com\/wp-content\/uploads\/2022\/04\/ultra_fresh_pellet_-premium_-para_-peces_dorados_02.jpg","contentUrl":"https:\/\/acuariosupremus.com\/wp-content\/uploads\/2022\/04\/ultra_fresh_pellet_-premium_-para_-peces_dorados_02.jpg","width":1250,"height":1250},{"@type":"BreadcrumbList","@id":"https:\/\/acuariosupremus.com\/?product=azoo-plus-ultra-fresh-pellet-peces-dorados-1150-ml-425-g#breadcrumb","itemListElement":[{"@type":"ListItem","position":1,"name":"Portada","item":"https:\/\/acuariosupremus.com\/"},{"@type":"ListItem","position":2,"name":"Tienda","item":"https:\/\/acuariosupremus.com\/tienda\/"},{"@type":"ListItem","position":3,"name":"Azoo Plus Ultra Fresh Pellet peces dorados 1150 ml \/ 425 g."}]},{"@type":"WebSite","@id":"https:\/\/acuariosupremus.com\/#website","url":"https:\/\/acuariosupremus.com\/","name":"Acuario Supremus","description":"Peces, Peceras y Mascotas.","publisher":{"@id":"https:\/\/acuariosupremus.com\/#organization"},"potentialAction":[{"@type":"SearchAction","target":{"@type":"EntryPoint","urlTemplate":"https:\/\/acuariosupremus.com\/?s={search_term_string}"},"query-input":{"@type":"PropertyValueSpecification","valueRequired":true,"valueName":"search_term_string"}}],"inLanguage":"es"},{"@type":"Organization","@id":"https:\/\/acuariosupremus.com\/#organization","name":"Acuario Supremus","url":"https:\/\/acuariosupremus.com\/","logo":{"@type":"ImageObject","inLanguage":"es","@id":"https:\/\/acuariosupremus.com\/#\/schema\/logo\/image\/","url":"https:\/\/acuariosupremus.com\/wp-content\/uploads\/2021\/12\/cropped-logo_acuario_supremus_fn-2.png","contentUrl":"https:\/\/acuariosupremus.com\/wp-content\/uploads\/2021\/12\/cropped-logo_acuario_supremus_fn-2.png","width":1000,"height":318,"caption":"Acuario Supremus"},"image":{"@id":"https:\/\/acuariosupremus.com\/#\/schema\/logo\/image\/"},"sameAs":["https:\/\/www.facebook.com\/AcuarioSupremus","https:\/\/x.com\/AcuarioSupremus","https:\/\/www.instagram.com\/acuariosupremus\/?hl=es"]}]}},"jetpack_sharing_enabled":true,"_links":{"self":[{"href":"https:\/\/acuariosupremus.com\/index.php?rest_route=\/wp\/v2\/product\/7560","targetHints":{"allow":["GET"]}}],"collection":[{"href":"https:\/\/acuariosupremus.com\/index.php?rest_route=\/wp\/v2\/product"}],"about":[{"href":"https:\/\/acuariosupremus.com\/index.php?rest_route=\/wp\/v2\/types\/product"}],"wp:featuredmedia":[{"embeddable":true,"href":"https:\/\/acuariosupremus.com\/index.php?rest_route=\/wp\/v2\/media\/7561"}],"wp:attachment":[{"href":"https:\/\/acuariosupremus.com\/index.php?rest_route=%2Fwp%2Fv2%2Fmedia&parent=7560"}],"wp:term":[{"taxonomy":"product_brand","embeddable":true,"href":"https:\/\/acuariosupremus.com\/index.php?rest_route=%2Fwp%2Fv2%2Fproduct_brand&post=7560"},{"taxonomy":"product_cat","embeddable":true,"href":"https:\/\/acuariosupremus.com\/index.php?rest_route=%2Fwp%2Fv2%2Fproduct_cat&post=7560"},{"taxonomy":"product_tag","embeddable":true,"href":"https:\/\/acuariosupremus.com\/index.php?rest_route=%2Fwp%2Fv2%2Fproduct_tag&post=7560"}],"curies":[{"name":"wp","href":"https:\/\/api.w.org\/{rel}","templated":true}]}}