{"id":7590,"date":"2022-04-25T16:24:43","date_gmt":"2022-04-25T21:24:43","guid":{"rendered":"https:\/\/acuariosupremus.com\/?post_type=product&#038;p=7590"},"modified":"2025-12-24T16:41:47","modified_gmt":"2025-12-24T22:41:47","slug":"azoo-plus-ultra-fresh-pellet-ultracolor-goldfish-330ml-130g","status":"publish","type":"product","link":"https:\/\/acuariosupremus.com\/?product=azoo-plus-ultra-fresh-pellet-ultracolor-goldfish-330ml-130g","title":{"rendered":"Azoo Plus Ultra Fresh Pellet ULTRACOLOR GOLDFISH 330ml\/130g."},"content":{"rendered":"<p>100% prote\u00edna fresca, vegetales y algas marinas naturales para un perfecto desarrollo de los peces Goldfish de gran calidad.<br \/>\nPara elaborar este producto utilizamos \u00fanicamente productos frescos 100% naturales, sin aditivos qu\u00edmicos, reci\u00e9n cosechados y cuidadosamente seleccionados. Entre estos ingredientes, a\u00f1adimos hasta un 35% de camarones espada frescos Akiami de calidad premium procedentes de Yilan, en Taiw\u00e1n, que aportan una palatabilidad natural que estimula el apetito de los peces. Tambi\u00e9n a\u00f1adimos a la f\u00f3rmula calamar fresco, espirulina natural (22%), hojas de camote, hojas de moras y ajo fresco, por lo que adem\u00e1s es rico en fibra vegetal. Las caracter\u00edsticas de estos ingredientes combinados no solo aportan un excelente sabor, sino tambi\u00e9n un alto \u00edndice en valores nutricionales para el perfecto desarrollo de los peces dorados.<br \/>\nProceso de cocci\u00f3n especial para conservar su palatabilidad y valor nutricional.Durante el proceso de elaboraci\u00f3n implementamos tecnolog\u00eda de nueva generaci\u00f3n. Se trata de un cuidadoso proceso de cocci\u00f3n de 10 horas a baja temperatura que mantiene una alta palatabilidad y evita la desnaturalizaci\u00f3n de las prote\u00ednas. Esto mantiene un valor nutricional muy alto y conserva los sabores naturales y valores nutrimentales de sus ricos ingredientes frescos.<br \/>\nUna Ingesta r\u00e1pida y eficiente mantiene el agua limpia. Ultra Color Goldfish est\u00e1 reforzado con probi\u00f3ticos intestinales para lograr una la asimilaci\u00f3n eficiente y completa de nutrientes, evitando que sean expulsados sin digerir junto con sus heces. Por otro lado, sus pellets est\u00e1n dise\u00f1ados para ser hidratados r\u00e1pidamente una vez en el agua, pero sin llegar a desintegrarse y enturbiarla. Estas propiedades facilitan una ingesta r\u00e1pida y saludable, evitando complicaciones intestinales. Tras la digesti\u00f3n, tanto el volumen de las heces como su acci\u00f3n contaminante es mucho menor, reduciendo el impacto sobre la calidad del agua y aumentando su aprovechamiento nutricional<\/p>\n<p>P\/V Neto:<br \/>\n(ml. \/grs.) 330ml \/130g.<br \/>\nTama\u00f1o mm.<br \/>\n55 x 55 x 155 (l x a x h)<br \/>\nPeso total: 200 (g)<\/p>\n","protected":false},"excerpt":{"rendered":"<p>Ultra Color Goldfish es un alimento Super Premium a base de pellets de hundimiento lento de 1.6 x 2 mm. Aunque es ideal para todo tipo de peces dorados, est\u00e1 especialmente formulado para para resaltar los colores m\u00e1s vibrantes y maximizar el desarrollo saludable en peces Golfish de grado Show, tales como ranchu, tosakin, ryukin y oranda. Tambi\u00e9n es indicado para peque\u00f1os peces koi. Ultra Color Goldfish combina un 22% de espirulina natural y algas marinas con un 35% de camarones espada silvestres y camarones Akiami. Esta combinaci\u00f3n obtiene un balance ideal para los peces Goldfish de 6:4 entre prote\u00edna animal y vegetal, dando como resultado una coloraci\u00f3n vibrante y natural, con tonos blancos, negros y rojos m\u00e1s s\u00f3lidos y sin matices moteados.<\/p>\n<p>&nbsp;<\/p>\n","protected":false},"featured_media":7591,"template":"","meta":[],"product_brand":[121],"product_cat":[40,43],"product_tag":[153,154,150,169],"class_list":{"0":"post-7590","1":"product","2":"type-product","3":"status-publish","4":"has-post-thumbnail","6":"product_brand-ultrafresh","7":"product_cat-peces","8":"product_cat-alimentos","9":"product_tag-gold-fish","10":"product_tag-alimento-para-color","11":"product_tag-alimento-premium","12":"product_tag-pellets","14":"first","15":"instock","16":"sale","17":"shipping-taxable","18":"purchasable","19":"product-type-simple"},"yoast_head":"<!-- This site is optimized with the Yoast SEO plugin v27.3 - https:\/\/yoast.com\/product\/yoast-seo-wordpress\/ -->\n<title>Azoo Plus Ultra Fresh Pellet ULTRACOLOR GOLDFISH 330ml\/130g. | Acuario Supremus<\/title>\n<meta name=\"description\" content=\"Ultra Color Goldfish, alimento Super Premium en pellets de hundimiento lento de 1.6 x 2 mm, ideal para todo tipo de peces dorados y peque\u00f1os peces koi.\" \/>\n<meta name=\"robots\" content=\"index, follow, max-snippet:-1, max-image-preview:large, max-video-preview:-1\" \/>\n<link rel=\"canonical\" href=\"https:\/\/acuariosupremus.com\/?product=azoo-plus-ultra-fresh-pellet-ultracolor-goldfish-330ml-130g\" \/>\n<meta property=\"og:locale\" content=\"es_MX\" \/>\n<meta property=\"og:type\" content=\"article\" \/>\n<meta property=\"og:title\" content=\"Azoo Plus Ultra Fresh Pellet ULTRACOLOR GOLDFISH 330ml\/130g. | Acuario Supremus\" \/>\n<meta property=\"og:description\" content=\"Ultra Color Goldfish, alimento Super Premium en pellets de hundimiento lento de 1.6 x 2 mm, ideal para todo tipo de peces dorados y peque\u00f1os peces koi.\" \/>\n<meta property=\"og:url\" content=\"https:\/\/acuariosupremus.com\/?product=azoo-plus-ultra-fresh-pellet-ultracolor-goldfish-330ml-130g\" \/>\n<meta property=\"og:site_name\" content=\"Acuario Supremus\" \/>\n<meta property=\"article:publisher\" content=\"https:\/\/www.facebook.com\/AcuarioSupremus\" \/>\n<meta property=\"article:modified_time\" content=\"2025-12-24T22:41:47+00:00\" \/>\n<meta property=\"og:image\" content=\"https:\/\/acuariosupremus.com\/wp-content\/uploads\/2022\/04\/ultra_fresh_ultra_color_goldfish_01.jpg\" \/>\n\t<meta property=\"og:image:width\" content=\"1250\" \/>\n\t<meta property=\"og:image:height\" content=\"1250\" \/>\n\t<meta property=\"og:image:type\" content=\"image\/jpeg\" \/>\n<meta name=\"twitter:card\" content=\"summary_large_image\" \/>\n<meta name=\"twitter:site\" content=\"@AcuarioSupremus\" \/>\n<meta name=\"twitter:label1\" content=\"Tiempo de lectura\" \/>\n\t<meta name=\"twitter:data1\" content=\"2 minutos\" \/>\n<script type=\"application\/ld+json\" class=\"yoast-schema-graph\">{\"@context\":\"https:\\\/\\\/schema.org\",\"@graph\":[{\"@type\":\"WebPage\",\"@id\":\"https:\\\/\\\/acuariosupremus.com\\\/?product=azoo-plus-ultra-fresh-pellet-ultracolor-goldfish-330ml-130g\",\"url\":\"https:\\\/\\\/acuariosupremus.com\\\/?product=azoo-plus-ultra-fresh-pellet-ultracolor-goldfish-330ml-130g\",\"name\":\"Azoo Plus Ultra Fresh Pellet ULTRACOLOR GOLDFISH 330ml\\\/130g. | Acuario Supremus\",\"isPartOf\":{\"@id\":\"https:\\\/\\\/acuariosupremus.com\\\/#website\"},\"primaryImageOfPage\":{\"@id\":\"https:\\\/\\\/acuariosupremus.com\\\/?product=azoo-plus-ultra-fresh-pellet-ultracolor-goldfish-330ml-130g#primaryimage\"},\"image\":{\"@id\":\"https:\\\/\\\/acuariosupremus.com\\\/?product=azoo-plus-ultra-fresh-pellet-ultracolor-goldfish-330ml-130g#primaryimage\"},\"thumbnailUrl\":\"https:\\\/\\\/acuariosupremus.com\\\/wp-content\\\/uploads\\\/2022\\\/04\\\/ultra_fresh_ultra_color_goldfish_01.jpg\",\"datePublished\":\"2022-04-25T21:24:43+00:00\",\"dateModified\":\"2025-12-24T22:41:47+00:00\",\"description\":\"Ultra Color Goldfish, alimento Super Premium en pellets de hundimiento lento de 1.6 x 2 mm, ideal para todo tipo de peces dorados y peque\u00f1os peces koi.\",\"breadcrumb\":{\"@id\":\"https:\\\/\\\/acuariosupremus.com\\\/?product=azoo-plus-ultra-fresh-pellet-ultracolor-goldfish-330ml-130g#breadcrumb\"},\"inLanguage\":\"es\",\"potentialAction\":[{\"@type\":\"ReadAction\",\"target\":[\"https:\\\/\\\/acuariosupremus.com\\\/?product=azoo-plus-ultra-fresh-pellet-ultracolor-goldfish-330ml-130g\"]}]},{\"@type\":\"ImageObject\",\"inLanguage\":\"es\",\"@id\":\"https:\\\/\\\/acuariosupremus.com\\\/?product=azoo-plus-ultra-fresh-pellet-ultracolor-goldfish-330ml-130g#primaryimage\",\"url\":\"https:\\\/\\\/acuariosupremus.com\\\/wp-content\\\/uploads\\\/2022\\\/04\\\/ultra_fresh_ultra_color_goldfish_01.jpg\",\"contentUrl\":\"https:\\\/\\\/acuariosupremus.com\\\/wp-content\\\/uploads\\\/2022\\\/04\\\/ultra_fresh_ultra_color_goldfish_01.jpg\",\"width\":1250,\"height\":1250},{\"@type\":\"BreadcrumbList\",\"@id\":\"https:\\\/\\\/acuariosupremus.com\\\/?product=azoo-plus-ultra-fresh-pellet-ultracolor-goldfish-330ml-130g#breadcrumb\",\"itemListElement\":[{\"@type\":\"ListItem\",\"position\":1,\"name\":\"Portada\",\"item\":\"https:\\\/\\\/acuariosupremus.com\\\/\"},{\"@type\":\"ListItem\",\"position\":2,\"name\":\"Tienda\",\"item\":\"https:\\\/\\\/acuariosupremus.com\\\/tienda\\\/\"},{\"@type\":\"ListItem\",\"position\":3,\"name\":\"Azoo Plus Ultra Fresh Pellet ULTRACOLOR GOLDFISH 330ml\\\/130g.\"}]},{\"@type\":\"WebSite\",\"@id\":\"https:\\\/\\\/acuariosupremus.com\\\/#website\",\"url\":\"https:\\\/\\\/acuariosupremus.com\\\/\",\"name\":\"Acuario Supremus\",\"description\":\"Peces, Peceras y Mascotas.\",\"publisher\":{\"@id\":\"https:\\\/\\\/acuariosupremus.com\\\/#organization\"},\"potentialAction\":[{\"@type\":\"SearchAction\",\"target\":{\"@type\":\"EntryPoint\",\"urlTemplate\":\"https:\\\/\\\/acuariosupremus.com\\\/?s={search_term_string}\"},\"query-input\":{\"@type\":\"PropertyValueSpecification\",\"valueRequired\":true,\"valueName\":\"search_term_string\"}}],\"inLanguage\":\"es\"},{\"@type\":\"Organization\",\"@id\":\"https:\\\/\\\/acuariosupremus.com\\\/#organization\",\"name\":\"Acuario Supremus\",\"url\":\"https:\\\/\\\/acuariosupremus.com\\\/\",\"logo\":{\"@type\":\"ImageObject\",\"inLanguage\":\"es\",\"@id\":\"https:\\\/\\\/acuariosupremus.com\\\/#\\\/schema\\\/logo\\\/image\\\/\",\"url\":\"https:\\\/\\\/acuariosupremus.com\\\/wp-content\\\/uploads\\\/2021\\\/12\\\/cropped-logo_acuario_supremus_fn-2.png\",\"contentUrl\":\"https:\\\/\\\/acuariosupremus.com\\\/wp-content\\\/uploads\\\/2021\\\/12\\\/cropped-logo_acuario_supremus_fn-2.png\",\"width\":1000,\"height\":318,\"caption\":\"Acuario Supremus\"},\"image\":{\"@id\":\"https:\\\/\\\/acuariosupremus.com\\\/#\\\/schema\\\/logo\\\/image\\\/\"},\"sameAs\":[\"https:\\\/\\\/www.facebook.com\\\/AcuarioSupremus\",\"https:\\\/\\\/x.com\\\/AcuarioSupremus\",\"https:\\\/\\\/www.instagram.com\\\/acuariosupremus\\\/?hl=es\"]}]}<\/script>\n<!-- \/ Yoast SEO plugin. -->","yoast_head_json":{"title":"Azoo Plus Ultra Fresh Pellet ULTRACOLOR GOLDFISH 330ml\/130g. | Acuario Supremus","description":"Ultra Color Goldfish, alimento Super Premium en pellets de hundimiento lento de 1.6 x 2 mm, ideal para todo tipo de peces dorados y peque\u00f1os peces koi.","robots":{"index":"index","follow":"follow","max-snippet":"max-snippet:-1","max-image-preview":"max-image-preview:large","max-video-preview":"max-video-preview:-1"},"canonical":"https:\/\/acuariosupremus.com\/?product=azoo-plus-ultra-fresh-pellet-ultracolor-goldfish-330ml-130g","og_locale":"es_MX","og_type":"article","og_title":"Azoo Plus Ultra Fresh Pellet ULTRACOLOR GOLDFISH 330ml\/130g. | Acuario Supremus","og_description":"Ultra Color Goldfish, alimento Super Premium en pellets de hundimiento lento de 1.6 x 2 mm, ideal para todo tipo de peces dorados y peque\u00f1os peces koi.","og_url":"https:\/\/acuariosupremus.com\/?product=azoo-plus-ultra-fresh-pellet-ultracolor-goldfish-330ml-130g","og_site_name":"Acuario Supremus","article_publisher":"https:\/\/www.facebook.com\/AcuarioSupremus","article_modified_time":"2025-12-24T22:41:47+00:00","og_image":[{"width":1250,"height":1250,"url":"https:\/\/acuariosupremus.com\/wp-content\/uploads\/2022\/04\/ultra_fresh_ultra_color_goldfish_01.jpg","type":"image\/jpeg"}],"twitter_card":"summary_large_image","twitter_site":"@AcuarioSupremus","twitter_misc":{"Tiempo de lectura":"2 minutos"},"schema":{"@context":"https:\/\/schema.org","@graph":[{"@type":"WebPage","@id":"https:\/\/acuariosupremus.com\/?product=azoo-plus-ultra-fresh-pellet-ultracolor-goldfish-330ml-130g","url":"https:\/\/acuariosupremus.com\/?product=azoo-plus-ultra-fresh-pellet-ultracolor-goldfish-330ml-130g","name":"Azoo Plus Ultra Fresh Pellet ULTRACOLOR GOLDFISH 330ml\/130g. | Acuario Supremus","isPartOf":{"@id":"https:\/\/acuariosupremus.com\/#website"},"primaryImageOfPage":{"@id":"https:\/\/acuariosupremus.com\/?product=azoo-plus-ultra-fresh-pellet-ultracolor-goldfish-330ml-130g#primaryimage"},"image":{"@id":"https:\/\/acuariosupremus.com\/?product=azoo-plus-ultra-fresh-pellet-ultracolor-goldfish-330ml-130g#primaryimage"},"thumbnailUrl":"https:\/\/acuariosupremus.com\/wp-content\/uploads\/2022\/04\/ultra_fresh_ultra_color_goldfish_01.jpg","datePublished":"2022-04-25T21:24:43+00:00","dateModified":"2025-12-24T22:41:47+00:00","description":"Ultra Color Goldfish, alimento Super Premium en pellets de hundimiento lento de 1.6 x 2 mm, ideal para todo tipo de peces dorados y peque\u00f1os peces koi.","breadcrumb":{"@id":"https:\/\/acuariosupremus.com\/?product=azoo-plus-ultra-fresh-pellet-ultracolor-goldfish-330ml-130g#breadcrumb"},"inLanguage":"es","potentialAction":[{"@type":"ReadAction","target":["https:\/\/acuariosupremus.com\/?product=azoo-plus-ultra-fresh-pellet-ultracolor-goldfish-330ml-130g"]}]},{"@type":"ImageObject","inLanguage":"es","@id":"https:\/\/acuariosupremus.com\/?product=azoo-plus-ultra-fresh-pellet-ultracolor-goldfish-330ml-130g#primaryimage","url":"https:\/\/acuariosupremus.com\/wp-content\/uploads\/2022\/04\/ultra_fresh_ultra_color_goldfish_01.jpg","contentUrl":"https:\/\/acuariosupremus.com\/wp-content\/uploads\/2022\/04\/ultra_fresh_ultra_color_goldfish_01.jpg","width":1250,"height":1250},{"@type":"BreadcrumbList","@id":"https:\/\/acuariosupremus.com\/?product=azoo-plus-ultra-fresh-pellet-ultracolor-goldfish-330ml-130g#breadcrumb","itemListElement":[{"@type":"ListItem","position":1,"name":"Portada","item":"https:\/\/acuariosupremus.com\/"},{"@type":"ListItem","position":2,"name":"Tienda","item":"https:\/\/acuariosupremus.com\/tienda\/"},{"@type":"ListItem","position":3,"name":"Azoo Plus Ultra Fresh Pellet ULTRACOLOR GOLDFISH 330ml\/130g."}]},{"@type":"WebSite","@id":"https:\/\/acuariosupremus.com\/#website","url":"https:\/\/acuariosupremus.com\/","name":"Acuario Supremus","description":"Peces, Peceras y Mascotas.","publisher":{"@id":"https:\/\/acuariosupremus.com\/#organization"},"potentialAction":[{"@type":"SearchAction","target":{"@type":"EntryPoint","urlTemplate":"https:\/\/acuariosupremus.com\/?s={search_term_string}"},"query-input":{"@type":"PropertyValueSpecification","valueRequired":true,"valueName":"search_term_string"}}],"inLanguage":"es"},{"@type":"Organization","@id":"https:\/\/acuariosupremus.com\/#organization","name":"Acuario Supremus","url":"https:\/\/acuariosupremus.com\/","logo":{"@type":"ImageObject","inLanguage":"es","@id":"https:\/\/acuariosupremus.com\/#\/schema\/logo\/image\/","url":"https:\/\/acuariosupremus.com\/wp-content\/uploads\/2021\/12\/cropped-logo_acuario_supremus_fn-2.png","contentUrl":"https:\/\/acuariosupremus.com\/wp-content\/uploads\/2021\/12\/cropped-logo_acuario_supremus_fn-2.png","width":1000,"height":318,"caption":"Acuario Supremus"},"image":{"@id":"https:\/\/acuariosupremus.com\/#\/schema\/logo\/image\/"},"sameAs":["https:\/\/www.facebook.com\/AcuarioSupremus","https:\/\/x.com\/AcuarioSupremus","https:\/\/www.instagram.com\/acuariosupremus\/?hl=es"]}]}},"jetpack_sharing_enabled":true,"_links":{"self":[{"href":"https:\/\/acuariosupremus.com\/index.php?rest_route=\/wp\/v2\/product\/7590","targetHints":{"allow":["GET"]}}],"collection":[{"href":"https:\/\/acuariosupremus.com\/index.php?rest_route=\/wp\/v2\/product"}],"about":[{"href":"https:\/\/acuariosupremus.com\/index.php?rest_route=\/wp\/v2\/types\/product"}],"wp:featuredmedia":[{"embeddable":true,"href":"https:\/\/acuariosupremus.com\/index.php?rest_route=\/wp\/v2\/media\/7591"}],"wp:attachment":[{"href":"https:\/\/acuariosupremus.com\/index.php?rest_route=%2Fwp%2Fv2%2Fmedia&parent=7590"}],"wp:term":[{"taxonomy":"product_brand","embeddable":true,"href":"https:\/\/acuariosupremus.com\/index.php?rest_route=%2Fwp%2Fv2%2Fproduct_brand&post=7590"},{"taxonomy":"product_cat","embeddable":true,"href":"https:\/\/acuariosupremus.com\/index.php?rest_route=%2Fwp%2Fv2%2Fproduct_cat&post=7590"},{"taxonomy":"product_tag","embeddable":true,"href":"https:\/\/acuariosupremus.com\/index.php?rest_route=%2Fwp%2Fv2%2Fproduct_tag&post=7590"}],"curies":[{"name":"wp","href":"https:\/\/api.w.org\/{rel}","templated":true}]}}