{"id":7638,"date":"2022-04-25T17:33:17","date_gmt":"2022-04-25T22:33:17","guid":{"rendered":"https:\/\/acuariosupremus.com\/?post_type=product&#038;p=7638"},"modified":"2025-12-24T16:44:42","modified_gmt":"2025-12-24T22:44:42","slug":"micro-delicias-de-camaron-para-crias-60ml-20g","status":"publish","type":"product","link":"https:\/\/acuariosupremus.com\/?product=micro-delicias-de-camaron-para-crias-60ml-20g","title":{"rendered":"Micro delicias de camar\u00f3n para cr\u00edas 60ml\/20g."},"content":{"rendered":"<p>Prote\u00ednas 100% naturales procedentes de carne fresca, vegetales y algas marinas. 41% de Camarones espada silvestres y calamar fresco. 10% de espirulina natural y algas marinas. 0% de aditivos, colorantes artificiales o<br \/>\nsubproductos.<br \/>\nCARACTER\u00cdSTICAS:<br \/>\nAlimento ideal para todo tipo de peces ornamentales reci\u00e9n nacidos. El tama\u00f1o de la boca de muchos alevines es demasiado peque\u00f1o para un alimento normal. Este alimento especial ofrece un formato en part\u00edculas de<br \/>\n500 \u03bcm de hundimiento lento que imita a los nauplios de artemia reci\u00e9n eclosionados, creando un est\u00edmulo olfativo y visual que atrae a los alevines y peces muy peque\u00f1os y favorece su aprovechamiento. Su f\u00f3rmula<br \/>\ncontiene una proporci\u00f3n entre carne y otros vegetales de 8 a 2, ideal para la mayor\u00eda especies de peces tropicales peque\u00f1os. Es rico en calcio y fibra, mientras que es bajo en grasa para ayudar a los alevines a desarrollar<br \/>\nunos huesos fuertes y un cuerpo sano, ofreciendo una alternativa natural y perfecta al nauplio de Artemia viva. Adem\u00e1s, contiene probi\u00f3ticos de cepas m\u00faltiples de UF que facilitan la descomposici\u00f3n de las excretas y de<br \/>\nlos residuos para mantener el agua limpia. Una ingesta r\u00e1pida mantiene el agua limpia. Una ingesta f\u00e1cil por parte del pez ayuda con la digesti\u00f3n y completa absorci\u00f3n de los nutrimentos, reduciendo as\u00ed la excreci\u00f3n de<br \/>\ndesechos. Esto es gracias al tama\u00f1o de sus part\u00edculas, que con sus 500 \u03bcm de di\u00e1metro y un comportamiento de hundimiento lento imitan a los nauplios de Artemia reci\u00e9n eclosionados, ofreciendo se\u00f1ales olfativas y<br \/>\nvisuales para atraer alevines y peque\u00f1os peces tropicales. Los probi\u00f3ticos de cepas m\u00faltiples de UF facilitan la descomposici\u00f3n de las excretas y de los residuos para mantener el agua limpia adem\u00e1s de favorecer la<br \/>\nresistencia a los agentes pat\u00f3genos. Cada gramo de esta f\u00f3rmula contiene m\u00e1s de 3 millones de CFU de probi\u00f3ticos de cepas m\u00faltiples UF: Lactobacillus plantarum, Lactobacillus fermentum, Bacillus subtilis (m\u00ednimo<br \/>\n3,000,000 CFU\/g).<\/p>\n<p>P\/V Neto:<br \/>\n(ml. \/grs.) 60 ml\/ 20 g.<br \/>\nTama\u00f1o mm.<br \/>\n40 x 40 x 71 (l x a x h)<br \/>\nPeso total: 40 (g)<\/p>\n","protected":false},"excerpt":{"rendered":"<p>Alimento ideal para todo tipo de peces ornamentales reci\u00e9n nacidos. El tama\u00f1o de la boca de muchos alevines es demasiado peque\u00f1o para un alimento normal. Este alimento especial ofrece un formato en part\u00edculas de 500 \u03bcm de hundimiento lento que imita a los nauplios de artemia reci\u00e9n eclosionados, creando un est\u00edmulo olfativo y visual<br \/>\nque atrae a los alevines y peces muy peque\u00f1os y favorece su aprovechamiento.<\/p>\n<p>&nbsp;<\/p>\n","protected":false},"featured_media":7641,"template":"","meta":[],"product_brand":[121],"product_cat":[40,43],"product_tag":[608,148,150,609],"class_list":{"0":"post-7638","1":"product","2":"type-product","3":"status-publish","4":"has-post-thumbnail","6":"product_brand-ultrafresh","7":"product_cat-peces","8":"product_cat-alimentos","9":"product_tag-alimento-peces-baby","10":"product_tag-alimento-peces-tropicales","11":"product_tag-alimento-premium","12":"product_tag-cria-de-peces","14":"first","15":"instock","16":"sale","17":"shipping-taxable","18":"purchasable","19":"product-type-simple"},"yoast_head":"<!-- This site is optimized with the Yoast SEO plugin v27.4 - https:\/\/yoast.com\/product\/yoast-seo-wordpress\/ -->\n<title>Micro delicias de camar\u00f3n para cr\u00edas 60ml\/20g. | Acuario Supremus<\/title>\n<meta name=\"description\" content=\"Alimento ideal para todo tipo de peces ornamentales reci\u00e9n nacidos. El tama\u00f1o de la boca de muchos alevines es demasiado peque\u00f1o para un alimento normal.\" \/>\n<meta name=\"robots\" content=\"index, follow, max-snippet:-1, max-image-preview:large, max-video-preview:-1\" \/>\n<link rel=\"canonical\" href=\"https:\/\/acuariosupremus.com\/?product=micro-delicias-de-camaron-para-crias-60ml-20g\" \/>\n<meta property=\"og:locale\" content=\"es_MX\" \/>\n<meta property=\"og:type\" content=\"article\" \/>\n<meta property=\"og:title\" content=\"Micro delicias de camar\u00f3n para cr\u00edas 60ml\/20g. | Acuario Supremus\" \/>\n<meta property=\"og:description\" content=\"Alimento ideal para todo tipo de peces ornamentales reci\u00e9n nacidos. El tama\u00f1o de la boca de muchos alevines es demasiado peque\u00f1o para un alimento normal.\" \/>\n<meta property=\"og:url\" content=\"https:\/\/acuariosupremus.com\/?product=micro-delicias-de-camaron-para-crias-60ml-20g\" \/>\n<meta property=\"og:site_name\" content=\"Acuario Supremus\" \/>\n<meta property=\"article:publisher\" content=\"https:\/\/www.facebook.com\/AcuarioSupremus\" \/>\n<meta property=\"article:modified_time\" content=\"2025-12-24T22:44:42+00:00\" \/>\n<meta property=\"og:image\" content=\"https:\/\/acuariosupremus.com\/wp-content\/uploads\/2022\/04\/ultra_fresh_micro_delicias_de_camaron_parw_crias_05-1.jpg\" \/>\n\t<meta property=\"og:image:width\" content=\"1250\" \/>\n\t<meta property=\"og:image:height\" content=\"1250\" \/>\n\t<meta property=\"og:image:type\" content=\"image\/jpeg\" \/>\n<meta name=\"twitter:card\" content=\"summary_large_image\" \/>\n<meta name=\"twitter:site\" content=\"@AcuarioSupremus\" \/>\n<meta name=\"twitter:label1\" content=\"Tiempo de lectura\" \/>\n\t<meta name=\"twitter:data1\" content=\"2 minutos\" \/>\n<script type=\"application\/ld+json\" class=\"yoast-schema-graph\">{\"@context\":\"https:\\\/\\\/schema.org\",\"@graph\":[{\"@type\":\"WebPage\",\"@id\":\"https:\\\/\\\/acuariosupremus.com\\\/?product=micro-delicias-de-camaron-para-crias-60ml-20g\",\"url\":\"https:\\\/\\\/acuariosupremus.com\\\/?product=micro-delicias-de-camaron-para-crias-60ml-20g\",\"name\":\"Micro delicias de camar\u00f3n para cr\u00edas 60ml\\\/20g. | Acuario Supremus\",\"isPartOf\":{\"@id\":\"https:\\\/\\\/acuariosupremus.com\\\/#website\"},\"primaryImageOfPage\":{\"@id\":\"https:\\\/\\\/acuariosupremus.com\\\/?product=micro-delicias-de-camaron-para-crias-60ml-20g#primaryimage\"},\"image\":{\"@id\":\"https:\\\/\\\/acuariosupremus.com\\\/?product=micro-delicias-de-camaron-para-crias-60ml-20g#primaryimage\"},\"thumbnailUrl\":\"https:\\\/\\\/acuariosupremus.com\\\/wp-content\\\/uploads\\\/2022\\\/04\\\/ultra_fresh_micro_delicias_de_camaron_parw_crias_05-1.jpg\",\"datePublished\":\"2022-04-25T22:33:17+00:00\",\"dateModified\":\"2025-12-24T22:44:42+00:00\",\"description\":\"Alimento ideal para todo tipo de peces ornamentales reci\u00e9n nacidos. El tama\u00f1o de la boca de muchos alevines es demasiado peque\u00f1o para un alimento normal.\",\"breadcrumb\":{\"@id\":\"https:\\\/\\\/acuariosupremus.com\\\/?product=micro-delicias-de-camaron-para-crias-60ml-20g#breadcrumb\"},\"inLanguage\":\"es\",\"potentialAction\":[{\"@type\":\"ReadAction\",\"target\":[\"https:\\\/\\\/acuariosupremus.com\\\/?product=micro-delicias-de-camaron-para-crias-60ml-20g\"]}]},{\"@type\":\"ImageObject\",\"inLanguage\":\"es\",\"@id\":\"https:\\\/\\\/acuariosupremus.com\\\/?product=micro-delicias-de-camaron-para-crias-60ml-20g#primaryimage\",\"url\":\"https:\\\/\\\/acuariosupremus.com\\\/wp-content\\\/uploads\\\/2022\\\/04\\\/ultra_fresh_micro_delicias_de_camaron_parw_crias_05-1.jpg\",\"contentUrl\":\"https:\\\/\\\/acuariosupremus.com\\\/wp-content\\\/uploads\\\/2022\\\/04\\\/ultra_fresh_micro_delicias_de_camaron_parw_crias_05-1.jpg\",\"width\":1250,\"height\":1250},{\"@type\":\"BreadcrumbList\",\"@id\":\"https:\\\/\\\/acuariosupremus.com\\\/?product=micro-delicias-de-camaron-para-crias-60ml-20g#breadcrumb\",\"itemListElement\":[{\"@type\":\"ListItem\",\"position\":1,\"name\":\"Portada\",\"item\":\"https:\\\/\\\/acuariosupremus.com\\\/\"},{\"@type\":\"ListItem\",\"position\":2,\"name\":\"Tienda\",\"item\":\"https:\\\/\\\/acuariosupremus.com\\\/tienda\\\/\"},{\"@type\":\"ListItem\",\"position\":3,\"name\":\"Micro delicias de camar\u00f3n para cr\u00edas 60ml\\\/20g.\"}]},{\"@type\":\"WebSite\",\"@id\":\"https:\\\/\\\/acuariosupremus.com\\\/#website\",\"url\":\"https:\\\/\\\/acuariosupremus.com\\\/\",\"name\":\"Acuario Supremus\",\"description\":\"Peces, Peceras y Mascotas.\",\"publisher\":{\"@id\":\"https:\\\/\\\/acuariosupremus.com\\\/#organization\"},\"potentialAction\":[{\"@type\":\"SearchAction\",\"target\":{\"@type\":\"EntryPoint\",\"urlTemplate\":\"https:\\\/\\\/acuariosupremus.com\\\/?s={search_term_string}\"},\"query-input\":{\"@type\":\"PropertyValueSpecification\",\"valueRequired\":true,\"valueName\":\"search_term_string\"}}],\"inLanguage\":\"es\"},{\"@type\":\"Organization\",\"@id\":\"https:\\\/\\\/acuariosupremus.com\\\/#organization\",\"name\":\"Acuario Supremus\",\"url\":\"https:\\\/\\\/acuariosupremus.com\\\/\",\"logo\":{\"@type\":\"ImageObject\",\"inLanguage\":\"es\",\"@id\":\"https:\\\/\\\/acuariosupremus.com\\\/#\\\/schema\\\/logo\\\/image\\\/\",\"url\":\"https:\\\/\\\/acuariosupremus.com\\\/wp-content\\\/uploads\\\/2021\\\/12\\\/cropped-logo_acuario_supremus_fn-2.png\",\"contentUrl\":\"https:\\\/\\\/acuariosupremus.com\\\/wp-content\\\/uploads\\\/2021\\\/12\\\/cropped-logo_acuario_supremus_fn-2.png\",\"width\":1000,\"height\":318,\"caption\":\"Acuario Supremus\"},\"image\":{\"@id\":\"https:\\\/\\\/acuariosupremus.com\\\/#\\\/schema\\\/logo\\\/image\\\/\"},\"sameAs\":[\"https:\\\/\\\/www.facebook.com\\\/AcuarioSupremus\",\"https:\\\/\\\/x.com\\\/AcuarioSupremus\",\"https:\\\/\\\/www.instagram.com\\\/acuariosupremus\\\/?hl=es\"]}]}<\/script>\n<!-- \/ Yoast SEO plugin. -->","yoast_head_json":{"title":"Micro delicias de camar\u00f3n para cr\u00edas 60ml\/20g. | Acuario Supremus","description":"Alimento ideal para todo tipo de peces ornamentales reci\u00e9n nacidos. El tama\u00f1o de la boca de muchos alevines es demasiado peque\u00f1o para un alimento normal.","robots":{"index":"index","follow":"follow","max-snippet":"max-snippet:-1","max-image-preview":"max-image-preview:large","max-video-preview":"max-video-preview:-1"},"canonical":"https:\/\/acuariosupremus.com\/?product=micro-delicias-de-camaron-para-crias-60ml-20g","og_locale":"es_MX","og_type":"article","og_title":"Micro delicias de camar\u00f3n para cr\u00edas 60ml\/20g. | Acuario Supremus","og_description":"Alimento ideal para todo tipo de peces ornamentales reci\u00e9n nacidos. El tama\u00f1o de la boca de muchos alevines es demasiado peque\u00f1o para un alimento normal.","og_url":"https:\/\/acuariosupremus.com\/?product=micro-delicias-de-camaron-para-crias-60ml-20g","og_site_name":"Acuario Supremus","article_publisher":"https:\/\/www.facebook.com\/AcuarioSupremus","article_modified_time":"2025-12-24T22:44:42+00:00","og_image":[{"width":1250,"height":1250,"url":"https:\/\/acuariosupremus.com\/wp-content\/uploads\/2022\/04\/ultra_fresh_micro_delicias_de_camaron_parw_crias_05-1.jpg","type":"image\/jpeg"}],"twitter_card":"summary_large_image","twitter_site":"@AcuarioSupremus","twitter_misc":{"Tiempo de lectura":"2 minutos"},"schema":{"@context":"https:\/\/schema.org","@graph":[{"@type":"WebPage","@id":"https:\/\/acuariosupremus.com\/?product=micro-delicias-de-camaron-para-crias-60ml-20g","url":"https:\/\/acuariosupremus.com\/?product=micro-delicias-de-camaron-para-crias-60ml-20g","name":"Micro delicias de camar\u00f3n para cr\u00edas 60ml\/20g. | Acuario Supremus","isPartOf":{"@id":"https:\/\/acuariosupremus.com\/#website"},"primaryImageOfPage":{"@id":"https:\/\/acuariosupremus.com\/?product=micro-delicias-de-camaron-para-crias-60ml-20g#primaryimage"},"image":{"@id":"https:\/\/acuariosupremus.com\/?product=micro-delicias-de-camaron-para-crias-60ml-20g#primaryimage"},"thumbnailUrl":"https:\/\/acuariosupremus.com\/wp-content\/uploads\/2022\/04\/ultra_fresh_micro_delicias_de_camaron_parw_crias_05-1.jpg","datePublished":"2022-04-25T22:33:17+00:00","dateModified":"2025-12-24T22:44:42+00:00","description":"Alimento ideal para todo tipo de peces ornamentales reci\u00e9n nacidos. El tama\u00f1o de la boca de muchos alevines es demasiado peque\u00f1o para un alimento normal.","breadcrumb":{"@id":"https:\/\/acuariosupremus.com\/?product=micro-delicias-de-camaron-para-crias-60ml-20g#breadcrumb"},"inLanguage":"es","potentialAction":[{"@type":"ReadAction","target":["https:\/\/acuariosupremus.com\/?product=micro-delicias-de-camaron-para-crias-60ml-20g"]}]},{"@type":"ImageObject","inLanguage":"es","@id":"https:\/\/acuariosupremus.com\/?product=micro-delicias-de-camaron-para-crias-60ml-20g#primaryimage","url":"https:\/\/acuariosupremus.com\/wp-content\/uploads\/2022\/04\/ultra_fresh_micro_delicias_de_camaron_parw_crias_05-1.jpg","contentUrl":"https:\/\/acuariosupremus.com\/wp-content\/uploads\/2022\/04\/ultra_fresh_micro_delicias_de_camaron_parw_crias_05-1.jpg","width":1250,"height":1250},{"@type":"BreadcrumbList","@id":"https:\/\/acuariosupremus.com\/?product=micro-delicias-de-camaron-para-crias-60ml-20g#breadcrumb","itemListElement":[{"@type":"ListItem","position":1,"name":"Portada","item":"https:\/\/acuariosupremus.com\/"},{"@type":"ListItem","position":2,"name":"Tienda","item":"https:\/\/acuariosupremus.com\/tienda\/"},{"@type":"ListItem","position":3,"name":"Micro delicias de camar\u00f3n para cr\u00edas 60ml\/20g."}]},{"@type":"WebSite","@id":"https:\/\/acuariosupremus.com\/#website","url":"https:\/\/acuariosupremus.com\/","name":"Acuario Supremus","description":"Peces, Peceras y Mascotas.","publisher":{"@id":"https:\/\/acuariosupremus.com\/#organization"},"potentialAction":[{"@type":"SearchAction","target":{"@type":"EntryPoint","urlTemplate":"https:\/\/acuariosupremus.com\/?s={search_term_string}"},"query-input":{"@type":"PropertyValueSpecification","valueRequired":true,"valueName":"search_term_string"}}],"inLanguage":"es"},{"@type":"Organization","@id":"https:\/\/acuariosupremus.com\/#organization","name":"Acuario Supremus","url":"https:\/\/acuariosupremus.com\/","logo":{"@type":"ImageObject","inLanguage":"es","@id":"https:\/\/acuariosupremus.com\/#\/schema\/logo\/image\/","url":"https:\/\/acuariosupremus.com\/wp-content\/uploads\/2021\/12\/cropped-logo_acuario_supremus_fn-2.png","contentUrl":"https:\/\/acuariosupremus.com\/wp-content\/uploads\/2021\/12\/cropped-logo_acuario_supremus_fn-2.png","width":1000,"height":318,"caption":"Acuario Supremus"},"image":{"@id":"https:\/\/acuariosupremus.com\/#\/schema\/logo\/image\/"},"sameAs":["https:\/\/www.facebook.com\/AcuarioSupremus","https:\/\/x.com\/AcuarioSupremus","https:\/\/www.instagram.com\/acuariosupremus\/?hl=es"]}]}},"jetpack_sharing_enabled":true,"_links":{"self":[{"href":"https:\/\/acuariosupremus.com\/index.php?rest_route=\/wp\/v2\/product\/7638","targetHints":{"allow":["GET"]}}],"collection":[{"href":"https:\/\/acuariosupremus.com\/index.php?rest_route=\/wp\/v2\/product"}],"about":[{"href":"https:\/\/acuariosupremus.com\/index.php?rest_route=\/wp\/v2\/types\/product"}],"wp:featuredmedia":[{"embeddable":true,"href":"https:\/\/acuariosupremus.com\/index.php?rest_route=\/wp\/v2\/media\/7641"}],"wp:attachment":[{"href":"https:\/\/acuariosupremus.com\/index.php?rest_route=%2Fwp%2Fv2%2Fmedia&parent=7638"}],"wp:term":[{"taxonomy":"product_brand","embeddable":true,"href":"https:\/\/acuariosupremus.com\/index.php?rest_route=%2Fwp%2Fv2%2Fproduct_brand&post=7638"},{"taxonomy":"product_cat","embeddable":true,"href":"https:\/\/acuariosupremus.com\/index.php?rest_route=%2Fwp%2Fv2%2Fproduct_cat&post=7638"},{"taxonomy":"product_tag","embeddable":true,"href":"https:\/\/acuariosupremus.com\/index.php?rest_route=%2Fwp%2Fv2%2Fproduct_tag&post=7638"}],"curies":[{"name":"wp","href":"https:\/\/api.w.org\/{rel}","templated":true}]}}