{"id":7675,"date":"2022-04-26T16:54:11","date_gmt":"2022-04-26T21:54:11","guid":{"rendered":"https:\/\/acuariosupremus.com\/?post_type=product&#038;p=7675"},"modified":"2025-12-24T17:00:24","modified_gmt":"2025-12-24T23:00:24","slug":"rollo-de-manguera-de-silicon-para-acuario-6-mts","status":"publish","type":"product","link":"https:\/\/acuariosupremus.com\/?product=rollo-de-manguera-de-silicon-para-acuario-6-mts","title":{"rendered":"Rollo de manguera de silic\u00f3n para acuario 6 mts."},"content":{"rendered":"<p>Cuando est\u00e1n sumergidas de forma permanentemente en el agua de un acuario, las mangueras de aireaci\u00f3n se ven sometidas a condiciones oxidantes. En el caso de las mangueras de calidad convencional sufren una degeneraci\u00f3n severa en s\u00f3lo un par de meses, presentando amarillamiento, fragilidad, paredes cuarteadas, fugas de aire y p\u00e9rdida de la flexibilidad. La manguera de silic\u00f3n BOYU PT tiene una vida \u00fatil mucho mayor incluso bajo condiciones de uso rudo e intenso. Tambi\u00e9n puede ser usada para conducir gas ozono (O3), di\u00f3xido de carbono (CO2) agua de acuario para accionar reactores o aditivos de acuarios para bombas dosificadoras. Se presenta en rollos de 3, 6, 100 y 200 metros.<\/p>\n<p>Longitud del rollo 6 (Mts.) Medidas con embalaje 220 x 100 x 20 (mm) Peso con embalaje 75 (grs.)<\/p>\n","protected":false},"excerpt":{"rendered":"<p>Flexible, segura y duradera.<\/p>\n<p>Manguera flexible de silic\u00f3n transl\u00facido para sistemas de aireaci\u00f3n en acuarios. Esta manguera de calidad Premium es resistente al gas ozono en sistemas de agua salada y es qu\u00edmicamente inerte al agua, por lo que es totalmente segura para su uso con las especies m\u00e1s delicadas. Posee excelentes propiedades de flexibilidad, resistencia mec\u00e1nica y durabilidad muy por encima de las mangueras est\u00e1ndar de polietileno o pl\u00e1stico que encontramos normalmente en el mercado.<\/p>\n","protected":false},"featured_media":7676,"template":"","meta":[],"product_brand":[122],"product_cat":[40,42],"product_tag":[139],"class_list":{"0":"post-7675","1":"product","2":"type-product","3":"status-publish","4":"has-post-thumbnail","6":"product_brand-boyu","7":"product_cat-peces","8":"product_cat-aireacion","9":"product_tag-manguera-aireacion","11":"first","12":"instock","13":"sale","14":"shipping-taxable","15":"purchasable","16":"product-type-simple"},"yoast_head":"<!-- This site is optimized with the Yoast SEO plugin v27.4 - https:\/\/yoast.com\/product\/yoast-seo-wordpress\/ -->\n<title>Rollo de manguera de silic\u00f3n para acuario 6 mts. | Acuario Supremus<\/title>\n<meta name=\"description\" content=\"Flexible, segura y duradera.Manguera flexible de silic\u00f3n transl\u00facido para sistemas de aireaci\u00f3n en acuarios. Esta manguera de calidad Premium\" \/>\n<meta name=\"robots\" content=\"index, follow, max-snippet:-1, max-image-preview:large, max-video-preview:-1\" \/>\n<link rel=\"canonical\" href=\"https:\/\/acuariosupremus.com\/?product=rollo-de-manguera-de-silicon-para-acuario-6-mts\" \/>\n<meta property=\"og:locale\" content=\"es_MX\" \/>\n<meta property=\"og:type\" content=\"article\" \/>\n<meta property=\"og:title\" content=\"Rollo de manguera de silic\u00f3n para acuario 6 mts. | Acuario Supremus\" \/>\n<meta property=\"og:description\" content=\"Flexible, segura y duradera.Manguera flexible de silic\u00f3n transl\u00facido para sistemas de aireaci\u00f3n en acuarios. Esta manguera de calidad Premium\" \/>\n<meta property=\"og:url\" content=\"https:\/\/acuariosupremus.com\/?product=rollo-de-manguera-de-silicon-para-acuario-6-mts\" \/>\n<meta property=\"og:site_name\" content=\"Acuario Supremus\" \/>\n<meta property=\"article:publisher\" content=\"https:\/\/www.facebook.com\/AcuarioSupremus\" \/>\n<meta property=\"article:modified_time\" content=\"2025-12-24T23:00:24+00:00\" \/>\n<meta property=\"og:image\" content=\"https:\/\/acuariosupremus.com\/wp-content\/uploads\/2022\/04\/rollo_manguera_silicon_pt_01.jpg\" \/>\n\t<meta property=\"og:image:width\" content=\"1250\" \/>\n\t<meta property=\"og:image:height\" content=\"1250\" \/>\n\t<meta property=\"og:image:type\" content=\"image\/jpeg\" \/>\n<meta name=\"twitter:card\" content=\"summary_large_image\" \/>\n<meta name=\"twitter:site\" content=\"@AcuarioSupremus\" \/>\n<meta name=\"twitter:label1\" content=\"Tiempo de lectura\" \/>\n\t<meta name=\"twitter:data1\" content=\"1 minuto\" \/>\n<script type=\"application\/ld+json\" class=\"yoast-schema-graph\">{\"@context\":\"https:\\\/\\\/schema.org\",\"@graph\":[{\"@type\":\"WebPage\",\"@id\":\"https:\\\/\\\/acuariosupremus.com\\\/?product=rollo-de-manguera-de-silicon-para-acuario-6-mts\",\"url\":\"https:\\\/\\\/acuariosupremus.com\\\/?product=rollo-de-manguera-de-silicon-para-acuario-6-mts\",\"name\":\"Rollo de manguera de silic\u00f3n para acuario 6 mts. | Acuario Supremus\",\"isPartOf\":{\"@id\":\"https:\\\/\\\/acuariosupremus.com\\\/#website\"},\"primaryImageOfPage\":{\"@id\":\"https:\\\/\\\/acuariosupremus.com\\\/?product=rollo-de-manguera-de-silicon-para-acuario-6-mts#primaryimage\"},\"image\":{\"@id\":\"https:\\\/\\\/acuariosupremus.com\\\/?product=rollo-de-manguera-de-silicon-para-acuario-6-mts#primaryimage\"},\"thumbnailUrl\":\"https:\\\/\\\/acuariosupremus.com\\\/wp-content\\\/uploads\\\/2022\\\/04\\\/rollo_manguera_silicon_pt_01.jpg\",\"datePublished\":\"2022-04-26T21:54:11+00:00\",\"dateModified\":\"2025-12-24T23:00:24+00:00\",\"description\":\"Flexible, segura y duradera.Manguera flexible de silic\u00f3n transl\u00facido para sistemas de aireaci\u00f3n en acuarios. Esta manguera de calidad Premium\",\"breadcrumb\":{\"@id\":\"https:\\\/\\\/acuariosupremus.com\\\/?product=rollo-de-manguera-de-silicon-para-acuario-6-mts#breadcrumb\"},\"inLanguage\":\"es\",\"potentialAction\":[{\"@type\":\"ReadAction\",\"target\":[\"https:\\\/\\\/acuariosupremus.com\\\/?product=rollo-de-manguera-de-silicon-para-acuario-6-mts\"]}]},{\"@type\":\"ImageObject\",\"inLanguage\":\"es\",\"@id\":\"https:\\\/\\\/acuariosupremus.com\\\/?product=rollo-de-manguera-de-silicon-para-acuario-6-mts#primaryimage\",\"url\":\"https:\\\/\\\/acuariosupremus.com\\\/wp-content\\\/uploads\\\/2022\\\/04\\\/rollo_manguera_silicon_pt_01.jpg\",\"contentUrl\":\"https:\\\/\\\/acuariosupremus.com\\\/wp-content\\\/uploads\\\/2022\\\/04\\\/rollo_manguera_silicon_pt_01.jpg\",\"width\":1250,\"height\":1250},{\"@type\":\"BreadcrumbList\",\"@id\":\"https:\\\/\\\/acuariosupremus.com\\\/?product=rollo-de-manguera-de-silicon-para-acuario-6-mts#breadcrumb\",\"itemListElement\":[{\"@type\":\"ListItem\",\"position\":1,\"name\":\"Portada\",\"item\":\"https:\\\/\\\/acuariosupremus.com\\\/\"},{\"@type\":\"ListItem\",\"position\":2,\"name\":\"Tienda\",\"item\":\"https:\\\/\\\/acuariosupremus.com\\\/tienda\\\/\"},{\"@type\":\"ListItem\",\"position\":3,\"name\":\"Rollo de manguera de silic\u00f3n para acuario 6 mts.\"}]},{\"@type\":\"WebSite\",\"@id\":\"https:\\\/\\\/acuariosupremus.com\\\/#website\",\"url\":\"https:\\\/\\\/acuariosupremus.com\\\/\",\"name\":\"Acuario Supremus\",\"description\":\"Peces, Peceras y Mascotas.\",\"publisher\":{\"@id\":\"https:\\\/\\\/acuariosupremus.com\\\/#organization\"},\"potentialAction\":[{\"@type\":\"SearchAction\",\"target\":{\"@type\":\"EntryPoint\",\"urlTemplate\":\"https:\\\/\\\/acuariosupremus.com\\\/?s={search_term_string}\"},\"query-input\":{\"@type\":\"PropertyValueSpecification\",\"valueRequired\":true,\"valueName\":\"search_term_string\"}}],\"inLanguage\":\"es\"},{\"@type\":\"Organization\",\"@id\":\"https:\\\/\\\/acuariosupremus.com\\\/#organization\",\"name\":\"Acuario Supremus\",\"url\":\"https:\\\/\\\/acuariosupremus.com\\\/\",\"logo\":{\"@type\":\"ImageObject\",\"inLanguage\":\"es\",\"@id\":\"https:\\\/\\\/acuariosupremus.com\\\/#\\\/schema\\\/logo\\\/image\\\/\",\"url\":\"https:\\\/\\\/acuariosupremus.com\\\/wp-content\\\/uploads\\\/2021\\\/12\\\/cropped-logo_acuario_supremus_fn-2.png\",\"contentUrl\":\"https:\\\/\\\/acuariosupremus.com\\\/wp-content\\\/uploads\\\/2021\\\/12\\\/cropped-logo_acuario_supremus_fn-2.png\",\"width\":1000,\"height\":318,\"caption\":\"Acuario Supremus\"},\"image\":{\"@id\":\"https:\\\/\\\/acuariosupremus.com\\\/#\\\/schema\\\/logo\\\/image\\\/\"},\"sameAs\":[\"https:\\\/\\\/www.facebook.com\\\/AcuarioSupremus\",\"https:\\\/\\\/x.com\\\/AcuarioSupremus\",\"https:\\\/\\\/www.instagram.com\\\/acuariosupremus\\\/?hl=es\"]}]}<\/script>\n<!-- \/ Yoast SEO plugin. -->","yoast_head_json":{"title":"Rollo de manguera de silic\u00f3n para acuario 6 mts. | Acuario Supremus","description":"Flexible, segura y duradera.Manguera flexible de silic\u00f3n transl\u00facido para sistemas de aireaci\u00f3n en acuarios. Esta manguera de calidad Premium","robots":{"index":"index","follow":"follow","max-snippet":"max-snippet:-1","max-image-preview":"max-image-preview:large","max-video-preview":"max-video-preview:-1"},"canonical":"https:\/\/acuariosupremus.com\/?product=rollo-de-manguera-de-silicon-para-acuario-6-mts","og_locale":"es_MX","og_type":"article","og_title":"Rollo de manguera de silic\u00f3n para acuario 6 mts. | Acuario Supremus","og_description":"Flexible, segura y duradera.Manguera flexible de silic\u00f3n transl\u00facido para sistemas de aireaci\u00f3n en acuarios. Esta manguera de calidad Premium","og_url":"https:\/\/acuariosupremus.com\/?product=rollo-de-manguera-de-silicon-para-acuario-6-mts","og_site_name":"Acuario Supremus","article_publisher":"https:\/\/www.facebook.com\/AcuarioSupremus","article_modified_time":"2025-12-24T23:00:24+00:00","og_image":[{"width":1250,"height":1250,"url":"https:\/\/acuariosupremus.com\/wp-content\/uploads\/2022\/04\/rollo_manguera_silicon_pt_01.jpg","type":"image\/jpeg"}],"twitter_card":"summary_large_image","twitter_site":"@AcuarioSupremus","twitter_misc":{"Tiempo de lectura":"1 minuto"},"schema":{"@context":"https:\/\/schema.org","@graph":[{"@type":"WebPage","@id":"https:\/\/acuariosupremus.com\/?product=rollo-de-manguera-de-silicon-para-acuario-6-mts","url":"https:\/\/acuariosupremus.com\/?product=rollo-de-manguera-de-silicon-para-acuario-6-mts","name":"Rollo de manguera de silic\u00f3n para acuario 6 mts. | Acuario Supremus","isPartOf":{"@id":"https:\/\/acuariosupremus.com\/#website"},"primaryImageOfPage":{"@id":"https:\/\/acuariosupremus.com\/?product=rollo-de-manguera-de-silicon-para-acuario-6-mts#primaryimage"},"image":{"@id":"https:\/\/acuariosupremus.com\/?product=rollo-de-manguera-de-silicon-para-acuario-6-mts#primaryimage"},"thumbnailUrl":"https:\/\/acuariosupremus.com\/wp-content\/uploads\/2022\/04\/rollo_manguera_silicon_pt_01.jpg","datePublished":"2022-04-26T21:54:11+00:00","dateModified":"2025-12-24T23:00:24+00:00","description":"Flexible, segura y duradera.Manguera flexible de silic\u00f3n transl\u00facido para sistemas de aireaci\u00f3n en acuarios. Esta manguera de calidad Premium","breadcrumb":{"@id":"https:\/\/acuariosupremus.com\/?product=rollo-de-manguera-de-silicon-para-acuario-6-mts#breadcrumb"},"inLanguage":"es","potentialAction":[{"@type":"ReadAction","target":["https:\/\/acuariosupremus.com\/?product=rollo-de-manguera-de-silicon-para-acuario-6-mts"]}]},{"@type":"ImageObject","inLanguage":"es","@id":"https:\/\/acuariosupremus.com\/?product=rollo-de-manguera-de-silicon-para-acuario-6-mts#primaryimage","url":"https:\/\/acuariosupremus.com\/wp-content\/uploads\/2022\/04\/rollo_manguera_silicon_pt_01.jpg","contentUrl":"https:\/\/acuariosupremus.com\/wp-content\/uploads\/2022\/04\/rollo_manguera_silicon_pt_01.jpg","width":1250,"height":1250},{"@type":"BreadcrumbList","@id":"https:\/\/acuariosupremus.com\/?product=rollo-de-manguera-de-silicon-para-acuario-6-mts#breadcrumb","itemListElement":[{"@type":"ListItem","position":1,"name":"Portada","item":"https:\/\/acuariosupremus.com\/"},{"@type":"ListItem","position":2,"name":"Tienda","item":"https:\/\/acuariosupremus.com\/tienda\/"},{"@type":"ListItem","position":3,"name":"Rollo de manguera de silic\u00f3n para acuario 6 mts."}]},{"@type":"WebSite","@id":"https:\/\/acuariosupremus.com\/#website","url":"https:\/\/acuariosupremus.com\/","name":"Acuario Supremus","description":"Peces, Peceras y Mascotas.","publisher":{"@id":"https:\/\/acuariosupremus.com\/#organization"},"potentialAction":[{"@type":"SearchAction","target":{"@type":"EntryPoint","urlTemplate":"https:\/\/acuariosupremus.com\/?s={search_term_string}"},"query-input":{"@type":"PropertyValueSpecification","valueRequired":true,"valueName":"search_term_string"}}],"inLanguage":"es"},{"@type":"Organization","@id":"https:\/\/acuariosupremus.com\/#organization","name":"Acuario Supremus","url":"https:\/\/acuariosupremus.com\/","logo":{"@type":"ImageObject","inLanguage":"es","@id":"https:\/\/acuariosupremus.com\/#\/schema\/logo\/image\/","url":"https:\/\/acuariosupremus.com\/wp-content\/uploads\/2021\/12\/cropped-logo_acuario_supremus_fn-2.png","contentUrl":"https:\/\/acuariosupremus.com\/wp-content\/uploads\/2021\/12\/cropped-logo_acuario_supremus_fn-2.png","width":1000,"height":318,"caption":"Acuario Supremus"},"image":{"@id":"https:\/\/acuariosupremus.com\/#\/schema\/logo\/image\/"},"sameAs":["https:\/\/www.facebook.com\/AcuarioSupremus","https:\/\/x.com\/AcuarioSupremus","https:\/\/www.instagram.com\/acuariosupremus\/?hl=es"]}]}},"jetpack_sharing_enabled":true,"_links":{"self":[{"href":"https:\/\/acuariosupremus.com\/index.php?rest_route=\/wp\/v2\/product\/7675","targetHints":{"allow":["GET"]}}],"collection":[{"href":"https:\/\/acuariosupremus.com\/index.php?rest_route=\/wp\/v2\/product"}],"about":[{"href":"https:\/\/acuariosupremus.com\/index.php?rest_route=\/wp\/v2\/types\/product"}],"wp:featuredmedia":[{"embeddable":true,"href":"https:\/\/acuariosupremus.com\/index.php?rest_route=\/wp\/v2\/media\/7676"}],"wp:attachment":[{"href":"https:\/\/acuariosupremus.com\/index.php?rest_route=%2Fwp%2Fv2%2Fmedia&parent=7675"}],"wp:term":[{"taxonomy":"product_brand","embeddable":true,"href":"https:\/\/acuariosupremus.com\/index.php?rest_route=%2Fwp%2Fv2%2Fproduct_brand&post=7675"},{"taxonomy":"product_cat","embeddable":true,"href":"https:\/\/acuariosupremus.com\/index.php?rest_route=%2Fwp%2Fv2%2Fproduct_cat&post=7675"},{"taxonomy":"product_tag","embeddable":true,"href":"https:\/\/acuariosupremus.com\/index.php?rest_route=%2Fwp%2Fv2%2Fproduct_tag&post=7675"}],"curies":[{"name":"wp","href":"https:\/\/api.w.org\/{rel}","templated":true}]}}