{"id":7700,"date":"2022-04-26T17:47:51","date_gmt":"2022-04-26T22:47:51","guid":{"rendered":"https:\/\/acuariosupremus.com\/?post_type=product&#038;p=7700"},"modified":"2025-05-07T16:06:21","modified_gmt":"2025-05-07T22:06:21","slug":"valvula-anti-sifon-para-manguera-de-aire-grande","status":"publish","type":"product","link":"https:\/\/acuariosupremus.com\/?product=valvula-anti-sifon-para-manguera-de-aire-grande","title":{"rendered":"V\u00e1lvula anti sif\u00f3n para manguera de aire  grande."},"content":{"rendered":"<p>Di\u00e1metro 15 (\u00d8mm) Longitud 55 (mm) Longitud espiga 13 (mm) Peso 55 (grs.)<\/p>\n","protected":false},"excerpt":{"rendered":"<p>Seguras y confiables.<br \/>\nV\u00e1lvulas anti-retorno de la Serie SV impiden que el flujo de aire pueda invertirse en una manguera de aire. Un accidente frecuente en los acuarios suele producirse al interrumpir la corriente el\u00e9ctrica de nuestra bomba de aire cuando se encuentra situada por debajo del nivel m\u00e1ximo de agua en nuestro acuario. En esos casos, debido la ley de vasos comunicantes el agua de nuestro acuario puede introducirse por el difusor y alcanzar la bomba de aire a trav\u00e9s de la manguera, provocando un derramamiento de agua con consecuencias que ponen en riesgo nuestra seguridad y la de nuestros peces. Para solucionar este problema es necesario contar con una v\u00e1lvula at\u00f3xica y a prueba de fallos, que solo permita el paso de fluidos en una direcci\u00f3n. A parte de su confiabilidad y durabilidad, posee la ventaja de exigir poca presi\u00f3n para su apertura con el fin de no restar demasiado rendimiento a la bomba de aire.<\/p>\n","protected":false},"featured_media":7701,"template":"","meta":[],"product_brand":[122],"product_cat":[40,42],"product_tag":[140],"class_list":{"0":"post-7700","1":"product","2":"type-product","3":"status-publish","4":"has-post-thumbnail","6":"product_brand-boyu","7":"product_cat-peces","8":"product_cat-aireacion","9":"product_tag-valvula-check","11":"first","12":"instock","13":"shipping-taxable","14":"purchasable","15":"product-type-simple"},"yoast_head":"<!-- This site is optimized with the Yoast SEO plugin v27.4 - https:\/\/yoast.com\/product\/yoast-seo-wordpress\/ -->\n<title>V\u00e1lvula anti sif\u00f3n para manguera de aire grande. | Acuario Supremus<\/title>\n<meta name=\"description\" content=\"Seguras y confiables.V\u00e1lvulas anti-retorno de la Serie SV impiden que el flujo de aire pueda invertirse en una manguera de aire.\" \/>\n<meta name=\"robots\" content=\"index, follow, max-snippet:-1, max-image-preview:large, max-video-preview:-1\" \/>\n<link rel=\"canonical\" href=\"https:\/\/acuariosupremus.com\/producto\/valvula-anti-sifon-para-manguera-de-aire-grande\/\" \/>\n<meta property=\"og:locale\" content=\"es_MX\" \/>\n<meta property=\"og:type\" content=\"article\" \/>\n<meta property=\"og:title\" content=\"V\u00e1lvula anti sif\u00f3n para manguera de aire grande. | Acuario Supremus\" \/>\n<meta property=\"og:description\" content=\"Seguras y confiables.V\u00e1lvulas anti-retorno de la Serie SV impiden que el flujo de aire pueda invertirse en una manguera de aire.\" \/>\n<meta property=\"og:url\" content=\"https:\/\/acuariosupremus.com\/producto\/valvula-anti-sifon-para-manguera-de-aire-grande\/\" \/>\n<meta property=\"og:site_name\" content=\"Acuario Supremus\" \/>\n<meta property=\"article:publisher\" content=\"https:\/\/www.facebook.com\/AcuarioSupremus\" \/>\n<meta property=\"article:modified_time\" content=\"2025-05-07T22:06:21+00:00\" \/>\n<meta property=\"og:image\" content=\"https:\/\/acuariosupremus.com\/wp-content\/uploads\/2022\/04\/valvula_check_sv_06.jpg\" \/>\n\t<meta property=\"og:image:width\" content=\"1250\" \/>\n\t<meta property=\"og:image:height\" content=\"1250\" \/>\n\t<meta property=\"og:image:type\" content=\"image\/jpeg\" \/>\n<meta name=\"twitter:card\" content=\"summary_large_image\" \/>\n<meta name=\"twitter:site\" content=\"@AcuarioSupremus\" \/>\n<meta name=\"twitter:label1\" content=\"Tiempo de lectura\" \/>\n\t<meta name=\"twitter:data1\" content=\"1 minuto\" \/>\n<script type=\"application\/ld+json\" class=\"yoast-schema-graph\">{\"@context\":\"https:\\\/\\\/schema.org\",\"@graph\":[{\"@type\":\"WebPage\",\"@id\":\"https:\\\/\\\/acuariosupremus.com\\\/producto\\\/valvula-anti-sifon-para-manguera-de-aire-grande\\\/\",\"url\":\"https:\\\/\\\/acuariosupremus.com\\\/producto\\\/valvula-anti-sifon-para-manguera-de-aire-grande\\\/\",\"name\":\"V\u00e1lvula anti sif\u00f3n para manguera de aire grande. | Acuario Supremus\",\"isPartOf\":{\"@id\":\"https:\\\/\\\/acuariosupremus.com\\\/#website\"},\"primaryImageOfPage\":{\"@id\":\"https:\\\/\\\/acuariosupremus.com\\\/producto\\\/valvula-anti-sifon-para-manguera-de-aire-grande\\\/#primaryimage\"},\"image\":{\"@id\":\"https:\\\/\\\/acuariosupremus.com\\\/producto\\\/valvula-anti-sifon-para-manguera-de-aire-grande\\\/#primaryimage\"},\"thumbnailUrl\":\"https:\\\/\\\/acuariosupremus.com\\\/wp-content\\\/uploads\\\/2022\\\/04\\\/valvula_check_sv_06.jpg\",\"datePublished\":\"2022-04-26T22:47:51+00:00\",\"dateModified\":\"2025-05-07T22:06:21+00:00\",\"description\":\"Seguras y confiables.V\u00e1lvulas anti-retorno de la Serie SV impiden que el flujo de aire pueda invertirse en una manguera de aire.\",\"breadcrumb\":{\"@id\":\"https:\\\/\\\/acuariosupremus.com\\\/producto\\\/valvula-anti-sifon-para-manguera-de-aire-grande\\\/#breadcrumb\"},\"inLanguage\":\"es\",\"potentialAction\":[{\"@type\":\"ReadAction\",\"target\":[\"https:\\\/\\\/acuariosupremus.com\\\/producto\\\/valvula-anti-sifon-para-manguera-de-aire-grande\\\/\"]}]},{\"@type\":\"ImageObject\",\"inLanguage\":\"es\",\"@id\":\"https:\\\/\\\/acuariosupremus.com\\\/producto\\\/valvula-anti-sifon-para-manguera-de-aire-grande\\\/#primaryimage\",\"url\":\"https:\\\/\\\/acuariosupremus.com\\\/wp-content\\\/uploads\\\/2022\\\/04\\\/valvula_check_sv_06.jpg\",\"contentUrl\":\"https:\\\/\\\/acuariosupremus.com\\\/wp-content\\\/uploads\\\/2022\\\/04\\\/valvula_check_sv_06.jpg\",\"width\":1250,\"height\":1250},{\"@type\":\"BreadcrumbList\",\"@id\":\"https:\\\/\\\/acuariosupremus.com\\\/producto\\\/valvula-anti-sifon-para-manguera-de-aire-grande\\\/#breadcrumb\",\"itemListElement\":[{\"@type\":\"ListItem\",\"position\":1,\"name\":\"Portada\",\"item\":\"https:\\\/\\\/acuariosupremus.com\\\/\"},{\"@type\":\"ListItem\",\"position\":2,\"name\":\"Tienda\",\"item\":\"https:\\\/\\\/acuariosupremus.com\\\/tienda\\\/\"},{\"@type\":\"ListItem\",\"position\":3,\"name\":\"V\u00e1lvula anti sif\u00f3n para manguera de aire grande.\"}]},{\"@type\":\"WebSite\",\"@id\":\"https:\\\/\\\/acuariosupremus.com\\\/#website\",\"url\":\"https:\\\/\\\/acuariosupremus.com\\\/\",\"name\":\"Acuario Supremus\",\"description\":\"Peces, Peceras y Mascotas.\",\"publisher\":{\"@id\":\"https:\\\/\\\/acuariosupremus.com\\\/#organization\"},\"potentialAction\":[{\"@type\":\"SearchAction\",\"target\":{\"@type\":\"EntryPoint\",\"urlTemplate\":\"https:\\\/\\\/acuariosupremus.com\\\/?s={search_term_string}\"},\"query-input\":{\"@type\":\"PropertyValueSpecification\",\"valueRequired\":true,\"valueName\":\"search_term_string\"}}],\"inLanguage\":\"es\"},{\"@type\":\"Organization\",\"@id\":\"https:\\\/\\\/acuariosupremus.com\\\/#organization\",\"name\":\"Acuario Supremus\",\"url\":\"https:\\\/\\\/acuariosupremus.com\\\/\",\"logo\":{\"@type\":\"ImageObject\",\"inLanguage\":\"es\",\"@id\":\"https:\\\/\\\/acuariosupremus.com\\\/#\\\/schema\\\/logo\\\/image\\\/\",\"url\":\"https:\\\/\\\/acuariosupremus.com\\\/wp-content\\\/uploads\\\/2021\\\/12\\\/cropped-logo_acuario_supremus_fn-2.png\",\"contentUrl\":\"https:\\\/\\\/acuariosupremus.com\\\/wp-content\\\/uploads\\\/2021\\\/12\\\/cropped-logo_acuario_supremus_fn-2.png\",\"width\":1000,\"height\":318,\"caption\":\"Acuario Supremus\"},\"image\":{\"@id\":\"https:\\\/\\\/acuariosupremus.com\\\/#\\\/schema\\\/logo\\\/image\\\/\"},\"sameAs\":[\"https:\\\/\\\/www.facebook.com\\\/AcuarioSupremus\",\"https:\\\/\\\/x.com\\\/AcuarioSupremus\",\"https:\\\/\\\/www.instagram.com\\\/acuariosupremus\\\/?hl=es\"]}]}<\/script>\n<!-- \/ Yoast SEO plugin. -->","yoast_head_json":{"title":"V\u00e1lvula anti sif\u00f3n para manguera de aire grande. | Acuario Supremus","description":"Seguras y confiables.V\u00e1lvulas anti-retorno de la Serie SV impiden que el flujo de aire pueda invertirse en una manguera de aire.","robots":{"index":"index","follow":"follow","max-snippet":"max-snippet:-1","max-image-preview":"max-image-preview:large","max-video-preview":"max-video-preview:-1"},"canonical":"https:\/\/acuariosupremus.com\/producto\/valvula-anti-sifon-para-manguera-de-aire-grande\/","og_locale":"es_MX","og_type":"article","og_title":"V\u00e1lvula anti sif\u00f3n para manguera de aire grande. | Acuario Supremus","og_description":"Seguras y confiables.V\u00e1lvulas anti-retorno de la Serie SV impiden que el flujo de aire pueda invertirse en una manguera de aire.","og_url":"https:\/\/acuariosupremus.com\/producto\/valvula-anti-sifon-para-manguera-de-aire-grande\/","og_site_name":"Acuario Supremus","article_publisher":"https:\/\/www.facebook.com\/AcuarioSupremus","article_modified_time":"2025-05-07T22:06:21+00:00","og_image":[{"width":1250,"height":1250,"url":"https:\/\/acuariosupremus.com\/wp-content\/uploads\/2022\/04\/valvula_check_sv_06.jpg","type":"image\/jpeg"}],"twitter_card":"summary_large_image","twitter_site":"@AcuarioSupremus","twitter_misc":{"Tiempo de lectura":"1 minuto"},"schema":{"@context":"https:\/\/schema.org","@graph":[{"@type":"WebPage","@id":"https:\/\/acuariosupremus.com\/producto\/valvula-anti-sifon-para-manguera-de-aire-grande\/","url":"https:\/\/acuariosupremus.com\/producto\/valvula-anti-sifon-para-manguera-de-aire-grande\/","name":"V\u00e1lvula anti sif\u00f3n para manguera de aire grande. | Acuario Supremus","isPartOf":{"@id":"https:\/\/acuariosupremus.com\/#website"},"primaryImageOfPage":{"@id":"https:\/\/acuariosupremus.com\/producto\/valvula-anti-sifon-para-manguera-de-aire-grande\/#primaryimage"},"image":{"@id":"https:\/\/acuariosupremus.com\/producto\/valvula-anti-sifon-para-manguera-de-aire-grande\/#primaryimage"},"thumbnailUrl":"https:\/\/acuariosupremus.com\/wp-content\/uploads\/2022\/04\/valvula_check_sv_06.jpg","datePublished":"2022-04-26T22:47:51+00:00","dateModified":"2025-05-07T22:06:21+00:00","description":"Seguras y confiables.V\u00e1lvulas anti-retorno de la Serie SV impiden que el flujo de aire pueda invertirse en una manguera de aire.","breadcrumb":{"@id":"https:\/\/acuariosupremus.com\/producto\/valvula-anti-sifon-para-manguera-de-aire-grande\/#breadcrumb"},"inLanguage":"es","potentialAction":[{"@type":"ReadAction","target":["https:\/\/acuariosupremus.com\/producto\/valvula-anti-sifon-para-manguera-de-aire-grande\/"]}]},{"@type":"ImageObject","inLanguage":"es","@id":"https:\/\/acuariosupremus.com\/producto\/valvula-anti-sifon-para-manguera-de-aire-grande\/#primaryimage","url":"https:\/\/acuariosupremus.com\/wp-content\/uploads\/2022\/04\/valvula_check_sv_06.jpg","contentUrl":"https:\/\/acuariosupremus.com\/wp-content\/uploads\/2022\/04\/valvula_check_sv_06.jpg","width":1250,"height":1250},{"@type":"BreadcrumbList","@id":"https:\/\/acuariosupremus.com\/producto\/valvula-anti-sifon-para-manguera-de-aire-grande\/#breadcrumb","itemListElement":[{"@type":"ListItem","position":1,"name":"Portada","item":"https:\/\/acuariosupremus.com\/"},{"@type":"ListItem","position":2,"name":"Tienda","item":"https:\/\/acuariosupremus.com\/tienda\/"},{"@type":"ListItem","position":3,"name":"V\u00e1lvula anti sif\u00f3n para manguera de aire grande."}]},{"@type":"WebSite","@id":"https:\/\/acuariosupremus.com\/#website","url":"https:\/\/acuariosupremus.com\/","name":"Acuario Supremus","description":"Peces, Peceras y Mascotas.","publisher":{"@id":"https:\/\/acuariosupremus.com\/#organization"},"potentialAction":[{"@type":"SearchAction","target":{"@type":"EntryPoint","urlTemplate":"https:\/\/acuariosupremus.com\/?s={search_term_string}"},"query-input":{"@type":"PropertyValueSpecification","valueRequired":true,"valueName":"search_term_string"}}],"inLanguage":"es"},{"@type":"Organization","@id":"https:\/\/acuariosupremus.com\/#organization","name":"Acuario Supremus","url":"https:\/\/acuariosupremus.com\/","logo":{"@type":"ImageObject","inLanguage":"es","@id":"https:\/\/acuariosupremus.com\/#\/schema\/logo\/image\/","url":"https:\/\/acuariosupremus.com\/wp-content\/uploads\/2021\/12\/cropped-logo_acuario_supremus_fn-2.png","contentUrl":"https:\/\/acuariosupremus.com\/wp-content\/uploads\/2021\/12\/cropped-logo_acuario_supremus_fn-2.png","width":1000,"height":318,"caption":"Acuario Supremus"},"image":{"@id":"https:\/\/acuariosupremus.com\/#\/schema\/logo\/image\/"},"sameAs":["https:\/\/www.facebook.com\/AcuarioSupremus","https:\/\/x.com\/AcuarioSupremus","https:\/\/www.instagram.com\/acuariosupremus\/?hl=es"]}]}},"jetpack_sharing_enabled":true,"_links":{"self":[{"href":"https:\/\/acuariosupremus.com\/index.php?rest_route=\/wp\/v2\/product\/7700","targetHints":{"allow":["GET"]}}],"collection":[{"href":"https:\/\/acuariosupremus.com\/index.php?rest_route=\/wp\/v2\/product"}],"about":[{"href":"https:\/\/acuariosupremus.com\/index.php?rest_route=\/wp\/v2\/types\/product"}],"wp:featuredmedia":[{"embeddable":true,"href":"https:\/\/acuariosupremus.com\/index.php?rest_route=\/wp\/v2\/media\/7701"}],"wp:attachment":[{"href":"https:\/\/acuariosupremus.com\/index.php?rest_route=%2Fwp%2Fv2%2Fmedia&parent=7700"}],"wp:term":[{"taxonomy":"product_brand","embeddable":true,"href":"https:\/\/acuariosupremus.com\/index.php?rest_route=%2Fwp%2Fv2%2Fproduct_brand&post=7700"},{"taxonomy":"product_cat","embeddable":true,"href":"https:\/\/acuariosupremus.com\/index.php?rest_route=%2Fwp%2Fv2%2Fproduct_cat&post=7700"},{"taxonomy":"product_tag","embeddable":true,"href":"https:\/\/acuariosupremus.com\/index.php?rest_route=%2Fwp%2Fv2%2Fproduct_tag&post=7700"}],"curies":[{"name":"wp","href":"https:\/\/api.w.org\/{rel}","templated":true}]}}