{"id":7712,"date":"2022-04-26T19:58:23","date_gmt":"2022-04-27T00:58:23","guid":{"rendered":"https:\/\/acuariosupremus.com\/?post_type=product&#038;p=7712"},"modified":"2025-05-07T16:09:39","modified_gmt":"2025-05-07T22:09:39","slug":"cortina-difusora-de-aire-60-cm","status":"publish","type":"product","link":"https:\/\/acuariosupremus.com\/?product=cortina-difusora-de-aire-60-cm","title":{"rendered":"Cortina difusora de aire BOYU TN-60, (60 cm)."},"content":{"rendered":"<p>Est\u00e1 fabricado con componentes de alta calidad y durabilidad, adem\u00e1s de ser qu\u00edmicamente inertes al agua dulce. Se ofrece en 3 longitudes diferentes: 30, 45 y 60 cm. Recuerde no usar este difusor en acuarios de agua salada debido al alambre interior. Para obtener unos resultados satisfactorios, recomendamos seleccionar la bomba de aire correcta para poder suministrar el caudal y la presi\u00f3n m\u00e1s adecuados para cada longitud de cortina de aire.<\/p>\n<p>&nbsp;<\/p>\n","protected":false},"excerpt":{"rendered":"<p>Aireaci\u00f3n garantizada.<br \/>\nLos difusores flexibles BOYU son ideales para para crear cortinas de burbujas en acuarios y estanques de agua dulce. Est\u00e1n formados por un tubo de elast\u00f3mero micro-poroso con un alambre flexible en el centro. Usted puede reducir la longitud total o crear formas personalizadas doblando el difusor para poder adaptar su cortina de burbujas a la forma deseada. Adem\u00e1s, su color negro le permite integrarse en cualquier decoraci\u00f3n, mientras que la flotabilidad negativa que aporta el alambre nos evitar\u00e1 la dif\u00edcil labor de fijar el difusor en el fondo con ventosas o lastres, al tiempo que mantendr\u00e1 la forma deseada. Adem\u00e1s de su funci\u00f3n decorativa y oxigenante, este difusor puede ser usado como aireador de emergencia en caso de aver\u00eda o usarlo perfectamente durante el transporte de sus peces.<\/p>\n","protected":false},"featured_media":7713,"template":"","meta":[],"product_brand":[122],"product_cat":[40,42],"product_tag":[611],"class_list":{"0":"post-7712","1":"product","2":"type-product","3":"status-publish","4":"has-post-thumbnail","6":"product_brand-boyu","7":"product_cat-peces","8":"product_cat-aireacion","9":"product_tag-cortina-flexible-aireacion","11":"first","12":"instock","13":"shipping-taxable","14":"purchasable","15":"product-type-simple"},"yoast_head":"<!-- This site is optimized with the Yoast SEO plugin v27.4 - https:\/\/yoast.com\/product\/yoast-seo-wordpress\/ -->\n<title>Cortina difusora de aire BOYU TN-60, (60 cm). | Acuario Supremus<\/title>\n<meta name=\"description\" content=\"Aireaci\u00f3n garantizada.Los difusores flexibles BOYU son ideales para para crear cortinas de burbujas en acuarios y estanques de agua dulce.\" \/>\n<meta name=\"robots\" content=\"index, follow, max-snippet:-1, max-image-preview:large, max-video-preview:-1\" \/>\n<link rel=\"canonical\" href=\"https:\/\/acuariosupremus.com\/?product=cortina-difusora-de-aire-60-cm\" \/>\n<meta property=\"og:locale\" content=\"es_MX\" \/>\n<meta property=\"og:type\" content=\"article\" \/>\n<meta property=\"og:title\" content=\"Cortina difusora de aire BOYU TN-60, (60 cm). | Acuario Supremus\" \/>\n<meta property=\"og:description\" content=\"Aireaci\u00f3n garantizada.Los difusores flexibles BOYU son ideales para para crear cortinas de burbujas en acuarios y estanques de agua dulce.\" \/>\n<meta property=\"og:url\" content=\"https:\/\/acuariosupremus.com\/?product=cortina-difusora-de-aire-60-cm\" \/>\n<meta property=\"og:site_name\" content=\"Acuario Supremus\" \/>\n<meta property=\"article:publisher\" content=\"https:\/\/www.facebook.com\/AcuarioSupremus\" \/>\n<meta property=\"article:modified_time\" content=\"2025-05-07T22:09:39+00:00\" \/>\n<meta property=\"og:image\" content=\"https:\/\/acuariosupremus.com\/wp-content\/uploads\/2022\/04\/cortina_difusora_tn_04.jpg\" \/>\n\t<meta property=\"og:image:width\" content=\"1250\" \/>\n\t<meta property=\"og:image:height\" content=\"1250\" \/>\n\t<meta property=\"og:image:type\" content=\"image\/jpeg\" \/>\n<meta name=\"twitter:card\" content=\"summary_large_image\" \/>\n<meta name=\"twitter:site\" content=\"@AcuarioSupremus\" \/>\n<meta name=\"twitter:label1\" content=\"Tiempo de lectura\" \/>\n\t<meta name=\"twitter:data1\" content=\"1 minuto\" \/>\n<script type=\"application\/ld+json\" class=\"yoast-schema-graph\">{\"@context\":\"https:\\\/\\\/schema.org\",\"@graph\":[{\"@type\":\"WebPage\",\"@id\":\"https:\\\/\\\/acuariosupremus.com\\\/?product=cortina-difusora-de-aire-60-cm\",\"url\":\"https:\\\/\\\/acuariosupremus.com\\\/?product=cortina-difusora-de-aire-60-cm\",\"name\":\"Cortina difusora de aire BOYU TN-60, (60 cm). | Acuario Supremus\",\"isPartOf\":{\"@id\":\"https:\\\/\\\/acuariosupremus.com\\\/#website\"},\"primaryImageOfPage\":{\"@id\":\"https:\\\/\\\/acuariosupremus.com\\\/?product=cortina-difusora-de-aire-60-cm#primaryimage\"},\"image\":{\"@id\":\"https:\\\/\\\/acuariosupremus.com\\\/?product=cortina-difusora-de-aire-60-cm#primaryimage\"},\"thumbnailUrl\":\"https:\\\/\\\/acuariosupremus.com\\\/wp-content\\\/uploads\\\/2022\\\/04\\\/cortina_difusora_tn_04.jpg\",\"datePublished\":\"2022-04-27T00:58:23+00:00\",\"dateModified\":\"2025-05-07T22:09:39+00:00\",\"description\":\"Aireaci\u00f3n garantizada.Los difusores flexibles BOYU son ideales para para crear cortinas de burbujas en acuarios y estanques de agua dulce.\",\"breadcrumb\":{\"@id\":\"https:\\\/\\\/acuariosupremus.com\\\/?product=cortina-difusora-de-aire-60-cm#breadcrumb\"},\"inLanguage\":\"es\",\"potentialAction\":[{\"@type\":\"ReadAction\",\"target\":[\"https:\\\/\\\/acuariosupremus.com\\\/?product=cortina-difusora-de-aire-60-cm\"]}]},{\"@type\":\"ImageObject\",\"inLanguage\":\"es\",\"@id\":\"https:\\\/\\\/acuariosupremus.com\\\/?product=cortina-difusora-de-aire-60-cm#primaryimage\",\"url\":\"https:\\\/\\\/acuariosupremus.com\\\/wp-content\\\/uploads\\\/2022\\\/04\\\/cortina_difusora_tn_04.jpg\",\"contentUrl\":\"https:\\\/\\\/acuariosupremus.com\\\/wp-content\\\/uploads\\\/2022\\\/04\\\/cortina_difusora_tn_04.jpg\",\"width\":1250,\"height\":1250},{\"@type\":\"BreadcrumbList\",\"@id\":\"https:\\\/\\\/acuariosupremus.com\\\/?product=cortina-difusora-de-aire-60-cm#breadcrumb\",\"itemListElement\":[{\"@type\":\"ListItem\",\"position\":1,\"name\":\"Portada\",\"item\":\"https:\\\/\\\/acuariosupremus.com\\\/\"},{\"@type\":\"ListItem\",\"position\":2,\"name\":\"Tienda\",\"item\":\"https:\\\/\\\/acuariosupremus.com\\\/tienda\\\/\"},{\"@type\":\"ListItem\",\"position\":3,\"name\":\"Cortina difusora de aire BOYU TN-60, (60 cm).\"}]},{\"@type\":\"WebSite\",\"@id\":\"https:\\\/\\\/acuariosupremus.com\\\/#website\",\"url\":\"https:\\\/\\\/acuariosupremus.com\\\/\",\"name\":\"Acuario Supremus\",\"description\":\"Peces, Peceras y Mascotas.\",\"publisher\":{\"@id\":\"https:\\\/\\\/acuariosupremus.com\\\/#organization\"},\"potentialAction\":[{\"@type\":\"SearchAction\",\"target\":{\"@type\":\"EntryPoint\",\"urlTemplate\":\"https:\\\/\\\/acuariosupremus.com\\\/?s={search_term_string}\"},\"query-input\":{\"@type\":\"PropertyValueSpecification\",\"valueRequired\":true,\"valueName\":\"search_term_string\"}}],\"inLanguage\":\"es\"},{\"@type\":\"Organization\",\"@id\":\"https:\\\/\\\/acuariosupremus.com\\\/#organization\",\"name\":\"Acuario Supremus\",\"url\":\"https:\\\/\\\/acuariosupremus.com\\\/\",\"logo\":{\"@type\":\"ImageObject\",\"inLanguage\":\"es\",\"@id\":\"https:\\\/\\\/acuariosupremus.com\\\/#\\\/schema\\\/logo\\\/image\\\/\",\"url\":\"https:\\\/\\\/acuariosupremus.com\\\/wp-content\\\/uploads\\\/2021\\\/12\\\/cropped-logo_acuario_supremus_fn-2.png\",\"contentUrl\":\"https:\\\/\\\/acuariosupremus.com\\\/wp-content\\\/uploads\\\/2021\\\/12\\\/cropped-logo_acuario_supremus_fn-2.png\",\"width\":1000,\"height\":318,\"caption\":\"Acuario Supremus\"},\"image\":{\"@id\":\"https:\\\/\\\/acuariosupremus.com\\\/#\\\/schema\\\/logo\\\/image\\\/\"},\"sameAs\":[\"https:\\\/\\\/www.facebook.com\\\/AcuarioSupremus\",\"https:\\\/\\\/x.com\\\/AcuarioSupremus\",\"https:\\\/\\\/www.instagram.com\\\/acuariosupremus\\\/?hl=es\"]}]}<\/script>\n<!-- \/ Yoast SEO plugin. -->","yoast_head_json":{"title":"Cortina difusora de aire BOYU TN-60, (60 cm). | Acuario Supremus","description":"Aireaci\u00f3n garantizada.Los difusores flexibles BOYU son ideales para para crear cortinas de burbujas en acuarios y estanques de agua dulce.","robots":{"index":"index","follow":"follow","max-snippet":"max-snippet:-1","max-image-preview":"max-image-preview:large","max-video-preview":"max-video-preview:-1"},"canonical":"https:\/\/acuariosupremus.com\/?product=cortina-difusora-de-aire-60-cm","og_locale":"es_MX","og_type":"article","og_title":"Cortina difusora de aire BOYU TN-60, (60 cm). | Acuario Supremus","og_description":"Aireaci\u00f3n garantizada.Los difusores flexibles BOYU son ideales para para crear cortinas de burbujas en acuarios y estanques de agua dulce.","og_url":"https:\/\/acuariosupremus.com\/?product=cortina-difusora-de-aire-60-cm","og_site_name":"Acuario Supremus","article_publisher":"https:\/\/www.facebook.com\/AcuarioSupremus","article_modified_time":"2025-05-07T22:09:39+00:00","og_image":[{"width":1250,"height":1250,"url":"https:\/\/acuariosupremus.com\/wp-content\/uploads\/2022\/04\/cortina_difusora_tn_04.jpg","type":"image\/jpeg"}],"twitter_card":"summary_large_image","twitter_site":"@AcuarioSupremus","twitter_misc":{"Tiempo de lectura":"1 minuto"},"schema":{"@context":"https:\/\/schema.org","@graph":[{"@type":"WebPage","@id":"https:\/\/acuariosupremus.com\/?product=cortina-difusora-de-aire-60-cm","url":"https:\/\/acuariosupremus.com\/?product=cortina-difusora-de-aire-60-cm","name":"Cortina difusora de aire BOYU TN-60, (60 cm). | Acuario Supremus","isPartOf":{"@id":"https:\/\/acuariosupremus.com\/#website"},"primaryImageOfPage":{"@id":"https:\/\/acuariosupremus.com\/?product=cortina-difusora-de-aire-60-cm#primaryimage"},"image":{"@id":"https:\/\/acuariosupremus.com\/?product=cortina-difusora-de-aire-60-cm#primaryimage"},"thumbnailUrl":"https:\/\/acuariosupremus.com\/wp-content\/uploads\/2022\/04\/cortina_difusora_tn_04.jpg","datePublished":"2022-04-27T00:58:23+00:00","dateModified":"2025-05-07T22:09:39+00:00","description":"Aireaci\u00f3n garantizada.Los difusores flexibles BOYU son ideales para para crear cortinas de burbujas en acuarios y estanques de agua dulce.","breadcrumb":{"@id":"https:\/\/acuariosupremus.com\/?product=cortina-difusora-de-aire-60-cm#breadcrumb"},"inLanguage":"es","potentialAction":[{"@type":"ReadAction","target":["https:\/\/acuariosupremus.com\/?product=cortina-difusora-de-aire-60-cm"]}]},{"@type":"ImageObject","inLanguage":"es","@id":"https:\/\/acuariosupremus.com\/?product=cortina-difusora-de-aire-60-cm#primaryimage","url":"https:\/\/acuariosupremus.com\/wp-content\/uploads\/2022\/04\/cortina_difusora_tn_04.jpg","contentUrl":"https:\/\/acuariosupremus.com\/wp-content\/uploads\/2022\/04\/cortina_difusora_tn_04.jpg","width":1250,"height":1250},{"@type":"BreadcrumbList","@id":"https:\/\/acuariosupremus.com\/?product=cortina-difusora-de-aire-60-cm#breadcrumb","itemListElement":[{"@type":"ListItem","position":1,"name":"Portada","item":"https:\/\/acuariosupremus.com\/"},{"@type":"ListItem","position":2,"name":"Tienda","item":"https:\/\/acuariosupremus.com\/tienda\/"},{"@type":"ListItem","position":3,"name":"Cortina difusora de aire BOYU TN-60, (60 cm)."}]},{"@type":"WebSite","@id":"https:\/\/acuariosupremus.com\/#website","url":"https:\/\/acuariosupremus.com\/","name":"Acuario Supremus","description":"Peces, Peceras y Mascotas.","publisher":{"@id":"https:\/\/acuariosupremus.com\/#organization"},"potentialAction":[{"@type":"SearchAction","target":{"@type":"EntryPoint","urlTemplate":"https:\/\/acuariosupremus.com\/?s={search_term_string}"},"query-input":{"@type":"PropertyValueSpecification","valueRequired":true,"valueName":"search_term_string"}}],"inLanguage":"es"},{"@type":"Organization","@id":"https:\/\/acuariosupremus.com\/#organization","name":"Acuario Supremus","url":"https:\/\/acuariosupremus.com\/","logo":{"@type":"ImageObject","inLanguage":"es","@id":"https:\/\/acuariosupremus.com\/#\/schema\/logo\/image\/","url":"https:\/\/acuariosupremus.com\/wp-content\/uploads\/2021\/12\/cropped-logo_acuario_supremus_fn-2.png","contentUrl":"https:\/\/acuariosupremus.com\/wp-content\/uploads\/2021\/12\/cropped-logo_acuario_supremus_fn-2.png","width":1000,"height":318,"caption":"Acuario Supremus"},"image":{"@id":"https:\/\/acuariosupremus.com\/#\/schema\/logo\/image\/"},"sameAs":["https:\/\/www.facebook.com\/AcuarioSupremus","https:\/\/x.com\/AcuarioSupremus","https:\/\/www.instagram.com\/acuariosupremus\/?hl=es"]}]}},"jetpack_sharing_enabled":true,"_links":{"self":[{"href":"https:\/\/acuariosupremus.com\/index.php?rest_route=\/wp\/v2\/product\/7712","targetHints":{"allow":["GET"]}}],"collection":[{"href":"https:\/\/acuariosupremus.com\/index.php?rest_route=\/wp\/v2\/product"}],"about":[{"href":"https:\/\/acuariosupremus.com\/index.php?rest_route=\/wp\/v2\/types\/product"}],"wp:featuredmedia":[{"embeddable":true,"href":"https:\/\/acuariosupremus.com\/index.php?rest_route=\/wp\/v2\/media\/7713"}],"wp:attachment":[{"href":"https:\/\/acuariosupremus.com\/index.php?rest_route=%2Fwp%2Fv2%2Fmedia&parent=7712"}],"wp:term":[{"taxonomy":"product_brand","embeddable":true,"href":"https:\/\/acuariosupremus.com\/index.php?rest_route=%2Fwp%2Fv2%2Fproduct_brand&post=7712"},{"taxonomy":"product_cat","embeddable":true,"href":"https:\/\/acuariosupremus.com\/index.php?rest_route=%2Fwp%2Fv2%2Fproduct_cat&post=7712"},{"taxonomy":"product_tag","embeddable":true,"href":"https:\/\/acuariosupremus.com\/index.php?rest_route=%2Fwp%2Fv2%2Fproduct_tag&post=7712"}],"curies":[{"name":"wp","href":"https:\/\/api.w.org\/{rel}","templated":true}]}}