{"id":7754,"date":"2022-04-26T20:49:48","date_gmt":"2022-04-27T01:49:48","guid":{"rendered":"https:\/\/acuariosupremus.com\/?post_type=product&#038;p=7754"},"modified":"2025-12-24T17:32:56","modified_gmt":"2025-12-24T23:32:56","slug":"triple-mini-acuario-plastico-romboidal-con-base-luminosa-led","status":"publish","type":"product","link":"https:\/\/acuariosupremus.com\/?product=triple-mini-acuario-plastico-romboidal-con-base-luminosa-led","title":{"rendered":"Triple Mini acuario pl\u00e1stico romboidal con base luminosa LED."},"content":{"rendered":"<p>Los mini acuarios de la serie NA \u201cNight Aquarium\u201d proporcionan entorno ideal para mantener peces Betta u otros anab\u00e1ntidos de peque\u00f1o tama\u00f1o como el pez para\u00edso, aportando al tiempo un decorativo toque de estilo a su estancia. Tienen un original dise\u00f1o modular basado en cuerpos con forma romboidal que permiten m\u00faltiples combinaciones. El modelo NA-3 cuenta con tres m\u00f3dulos con dos bisagras en cada lateral que permiten ser conectados entre s\u00ed, pudiendo armar un cuerpo con base hexagonal o formar una \u201ccadena\u201d de acuarios conectando todos los que usted desee. Adem\u00e1s, su base es tambi\u00e9n modular, de modo que puede acoplarlos verticalmente de forma estable y sin impedir la respiraci\u00f3n de los peces. Est\u00e1n construidos en polietileno transparente de gran calidad y su base contiene un sistema de iluminaci\u00f3n con tres chips LED RGB por cada m\u00f3dulo que cambian constantemente de color, aportando una atm\u00f3sfera luz tenue a su alrededor. El modelo NA-1 est\u00e1 pensado para usarse de forma individual y no cuenta con las bisagras de los m\u00f3dulos NA-3. Funciona con tres pilas standard tipo \u201cAAA\u201d (no incluidas) que le permiten una gran autonom\u00eda de funcionamiento, y viene equipado con un bot\u00f3n interruptor y una toma de corriente continua (DC) para poder conectar una fuente de alimentaci\u00f3n de 4.5V. (no incluida)<\/p>\n<p>Medidas: 210 x 210 x 165 ( l x a x h mm) Capacidad 3&#215;1 (Litros) Volt. \/ frec. 3&#215;4.5 (V\/DC) Iluminaci\u00f3n: 3xLED\u00a0 (Tipo) Medidas c. Embalaje 160 x 100 x 160 ( l x a x h mm) Peso con embalaje 1.040 (kg)<\/p>\n<p>&nbsp;<\/p>\n","protected":false},"excerpt":{"rendered":"<p>Mini acuarios de pl\u00e1stico para peces Betta con iluminaci\u00f3n LED<\/p>\n","protected":false},"featured_media":7757,"template":"","meta":[],"product_brand":[122],"product_cat":[40,55],"product_tag":[613,234,208,172,198,612],"class_list":{"0":"post-7754","1":"product","2":"type-product","3":"status-publish","4":"has-post-thumbnail","6":"product_brand-boyu","7":"product_cat-peces","8":"product_cat-betteras","9":"product_tag-acuario-boyu","10":"product_tag-acuario-nano","11":"product_tag-beteras","12":"product_tag-bettas","13":"product_tag-led","14":"product_tag-mini-acuario-de-escritorio","16":"first","17":"instock","18":"sale","19":"shipping-taxable","20":"purchasable","21":"product-type-simple"},"yoast_head":"<!-- This site is optimized with the Yoast SEO plugin v27.4 - https:\/\/yoast.com\/product\/yoast-seo-wordpress\/ -->\n<title>Triple Mini acuario pl\u00e1stico romboidal con base luminosa LED. | Acuario Supremus<\/title>\n<meta name=\"description\" content=\"Mini acuarios de pl\u00e1stico para 3 peces Betta con iluminaci\u00f3n LED.\" \/>\n<meta name=\"robots\" content=\"index, follow, max-snippet:-1, max-image-preview:large, max-video-preview:-1\" \/>\n<link rel=\"canonical\" href=\"https:\/\/acuariosupremus.com\/?product=triple-mini-acuario-plastico-romboidal-con-base-luminosa-led\" \/>\n<meta property=\"og:locale\" content=\"es_MX\" \/>\n<meta property=\"og:type\" content=\"article\" \/>\n<meta property=\"og:title\" content=\"Triple Mini acuario pl\u00e1stico romboidal con base luminosa LED. | Acuario Supremus\" \/>\n<meta property=\"og:description\" content=\"Mini acuarios de pl\u00e1stico para 3 peces Betta con iluminaci\u00f3n LED.\" \/>\n<meta property=\"og:url\" content=\"https:\/\/acuariosupremus.com\/?product=triple-mini-acuario-plastico-romboidal-con-base-luminosa-led\" \/>\n<meta property=\"og:site_name\" content=\"Acuario Supremus\" \/>\n<meta property=\"article:publisher\" content=\"https:\/\/www.facebook.com\/AcuarioSupremus\" \/>\n<meta property=\"article:modified_time\" content=\"2025-12-24T23:32:56+00:00\" \/>\n<meta property=\"og:image\" content=\"https:\/\/acuariosupremus.com\/wp-content\/uploads\/2022\/04\/mini_acuario_peces_betta_na_10.jpg\" \/>\n\t<meta property=\"og:image:width\" content=\"1250\" \/>\n\t<meta property=\"og:image:height\" content=\"1250\" \/>\n\t<meta property=\"og:image:type\" content=\"image\/jpeg\" \/>\n<meta name=\"twitter:card\" content=\"summary_large_image\" \/>\n<meta name=\"twitter:site\" content=\"@AcuarioSupremus\" \/>\n<meta name=\"twitter:label1\" content=\"Tiempo de lectura\" \/>\n\t<meta name=\"twitter:data1\" content=\"2 minutos\" \/>\n<script type=\"application\/ld+json\" class=\"yoast-schema-graph\">{\"@context\":\"https:\\\/\\\/schema.org\",\"@graph\":[{\"@type\":\"WebPage\",\"@id\":\"https:\\\/\\\/acuariosupremus.com\\\/?product=triple-mini-acuario-plastico-romboidal-con-base-luminosa-led\",\"url\":\"https:\\\/\\\/acuariosupremus.com\\\/?product=triple-mini-acuario-plastico-romboidal-con-base-luminosa-led\",\"name\":\"Triple Mini acuario pl\u00e1stico romboidal con base luminosa LED. | Acuario Supremus\",\"isPartOf\":{\"@id\":\"https:\\\/\\\/acuariosupremus.com\\\/#website\"},\"primaryImageOfPage\":{\"@id\":\"https:\\\/\\\/acuariosupremus.com\\\/?product=triple-mini-acuario-plastico-romboidal-con-base-luminosa-led#primaryimage\"},\"image\":{\"@id\":\"https:\\\/\\\/acuariosupremus.com\\\/?product=triple-mini-acuario-plastico-romboidal-con-base-luminosa-led#primaryimage\"},\"thumbnailUrl\":\"https:\\\/\\\/acuariosupremus.com\\\/wp-content\\\/uploads\\\/2022\\\/04\\\/mini_acuario_peces_betta_na_10.jpg\",\"datePublished\":\"2022-04-27T01:49:48+00:00\",\"dateModified\":\"2025-12-24T23:32:56+00:00\",\"description\":\"Mini acuarios de pl\u00e1stico para 3 peces Betta con iluminaci\u00f3n LED.\",\"breadcrumb\":{\"@id\":\"https:\\\/\\\/acuariosupremus.com\\\/?product=triple-mini-acuario-plastico-romboidal-con-base-luminosa-led#breadcrumb\"},\"inLanguage\":\"es\",\"potentialAction\":[{\"@type\":\"ReadAction\",\"target\":[\"https:\\\/\\\/acuariosupremus.com\\\/?product=triple-mini-acuario-plastico-romboidal-con-base-luminosa-led\"]}]},{\"@type\":\"ImageObject\",\"inLanguage\":\"es\",\"@id\":\"https:\\\/\\\/acuariosupremus.com\\\/?product=triple-mini-acuario-plastico-romboidal-con-base-luminosa-led#primaryimage\",\"url\":\"https:\\\/\\\/acuariosupremus.com\\\/wp-content\\\/uploads\\\/2022\\\/04\\\/mini_acuario_peces_betta_na_10.jpg\",\"contentUrl\":\"https:\\\/\\\/acuariosupremus.com\\\/wp-content\\\/uploads\\\/2022\\\/04\\\/mini_acuario_peces_betta_na_10.jpg\",\"width\":1250,\"height\":1250},{\"@type\":\"BreadcrumbList\",\"@id\":\"https:\\\/\\\/acuariosupremus.com\\\/?product=triple-mini-acuario-plastico-romboidal-con-base-luminosa-led#breadcrumb\",\"itemListElement\":[{\"@type\":\"ListItem\",\"position\":1,\"name\":\"Portada\",\"item\":\"https:\\\/\\\/acuariosupremus.com\\\/\"},{\"@type\":\"ListItem\",\"position\":2,\"name\":\"Tienda\",\"item\":\"https:\\\/\\\/acuariosupremus.com\\\/tienda\\\/\"},{\"@type\":\"ListItem\",\"position\":3,\"name\":\"Triple Mini acuario pl\u00e1stico romboidal con base luminosa LED.\"}]},{\"@type\":\"WebSite\",\"@id\":\"https:\\\/\\\/acuariosupremus.com\\\/#website\",\"url\":\"https:\\\/\\\/acuariosupremus.com\\\/\",\"name\":\"Acuario Supremus\",\"description\":\"Peces, Peceras y Mascotas.\",\"publisher\":{\"@id\":\"https:\\\/\\\/acuariosupremus.com\\\/#organization\"},\"potentialAction\":[{\"@type\":\"SearchAction\",\"target\":{\"@type\":\"EntryPoint\",\"urlTemplate\":\"https:\\\/\\\/acuariosupremus.com\\\/?s={search_term_string}\"},\"query-input\":{\"@type\":\"PropertyValueSpecification\",\"valueRequired\":true,\"valueName\":\"search_term_string\"}}],\"inLanguage\":\"es\"},{\"@type\":\"Organization\",\"@id\":\"https:\\\/\\\/acuariosupremus.com\\\/#organization\",\"name\":\"Acuario Supremus\",\"url\":\"https:\\\/\\\/acuariosupremus.com\\\/\",\"logo\":{\"@type\":\"ImageObject\",\"inLanguage\":\"es\",\"@id\":\"https:\\\/\\\/acuariosupremus.com\\\/#\\\/schema\\\/logo\\\/image\\\/\",\"url\":\"https:\\\/\\\/acuariosupremus.com\\\/wp-content\\\/uploads\\\/2021\\\/12\\\/cropped-logo_acuario_supremus_fn-2.png\",\"contentUrl\":\"https:\\\/\\\/acuariosupremus.com\\\/wp-content\\\/uploads\\\/2021\\\/12\\\/cropped-logo_acuario_supremus_fn-2.png\",\"width\":1000,\"height\":318,\"caption\":\"Acuario Supremus\"},\"image\":{\"@id\":\"https:\\\/\\\/acuariosupremus.com\\\/#\\\/schema\\\/logo\\\/image\\\/\"},\"sameAs\":[\"https:\\\/\\\/www.facebook.com\\\/AcuarioSupremus\",\"https:\\\/\\\/x.com\\\/AcuarioSupremus\",\"https:\\\/\\\/www.instagram.com\\\/acuariosupremus\\\/?hl=es\"]}]}<\/script>\n<!-- \/ Yoast SEO plugin. -->","yoast_head_json":{"title":"Triple Mini acuario pl\u00e1stico romboidal con base luminosa LED. | Acuario Supremus","description":"Mini acuarios de pl\u00e1stico para 3 peces Betta con iluminaci\u00f3n LED.","robots":{"index":"index","follow":"follow","max-snippet":"max-snippet:-1","max-image-preview":"max-image-preview:large","max-video-preview":"max-video-preview:-1"},"canonical":"https:\/\/acuariosupremus.com\/?product=triple-mini-acuario-plastico-romboidal-con-base-luminosa-led","og_locale":"es_MX","og_type":"article","og_title":"Triple Mini acuario pl\u00e1stico romboidal con base luminosa LED. | Acuario Supremus","og_description":"Mini acuarios de pl\u00e1stico para 3 peces Betta con iluminaci\u00f3n LED.","og_url":"https:\/\/acuariosupremus.com\/?product=triple-mini-acuario-plastico-romboidal-con-base-luminosa-led","og_site_name":"Acuario Supremus","article_publisher":"https:\/\/www.facebook.com\/AcuarioSupremus","article_modified_time":"2025-12-24T23:32:56+00:00","og_image":[{"width":1250,"height":1250,"url":"https:\/\/acuariosupremus.com\/wp-content\/uploads\/2022\/04\/mini_acuario_peces_betta_na_10.jpg","type":"image\/jpeg"}],"twitter_card":"summary_large_image","twitter_site":"@AcuarioSupremus","twitter_misc":{"Tiempo de lectura":"2 minutos"},"schema":{"@context":"https:\/\/schema.org","@graph":[{"@type":"WebPage","@id":"https:\/\/acuariosupremus.com\/?product=triple-mini-acuario-plastico-romboidal-con-base-luminosa-led","url":"https:\/\/acuariosupremus.com\/?product=triple-mini-acuario-plastico-romboidal-con-base-luminosa-led","name":"Triple Mini acuario pl\u00e1stico romboidal con base luminosa LED. | Acuario Supremus","isPartOf":{"@id":"https:\/\/acuariosupremus.com\/#website"},"primaryImageOfPage":{"@id":"https:\/\/acuariosupremus.com\/?product=triple-mini-acuario-plastico-romboidal-con-base-luminosa-led#primaryimage"},"image":{"@id":"https:\/\/acuariosupremus.com\/?product=triple-mini-acuario-plastico-romboidal-con-base-luminosa-led#primaryimage"},"thumbnailUrl":"https:\/\/acuariosupremus.com\/wp-content\/uploads\/2022\/04\/mini_acuario_peces_betta_na_10.jpg","datePublished":"2022-04-27T01:49:48+00:00","dateModified":"2025-12-24T23:32:56+00:00","description":"Mini acuarios de pl\u00e1stico para 3 peces Betta con iluminaci\u00f3n LED.","breadcrumb":{"@id":"https:\/\/acuariosupremus.com\/?product=triple-mini-acuario-plastico-romboidal-con-base-luminosa-led#breadcrumb"},"inLanguage":"es","potentialAction":[{"@type":"ReadAction","target":["https:\/\/acuariosupremus.com\/?product=triple-mini-acuario-plastico-romboidal-con-base-luminosa-led"]}]},{"@type":"ImageObject","inLanguage":"es","@id":"https:\/\/acuariosupremus.com\/?product=triple-mini-acuario-plastico-romboidal-con-base-luminosa-led#primaryimage","url":"https:\/\/acuariosupremus.com\/wp-content\/uploads\/2022\/04\/mini_acuario_peces_betta_na_10.jpg","contentUrl":"https:\/\/acuariosupremus.com\/wp-content\/uploads\/2022\/04\/mini_acuario_peces_betta_na_10.jpg","width":1250,"height":1250},{"@type":"BreadcrumbList","@id":"https:\/\/acuariosupremus.com\/?product=triple-mini-acuario-plastico-romboidal-con-base-luminosa-led#breadcrumb","itemListElement":[{"@type":"ListItem","position":1,"name":"Portada","item":"https:\/\/acuariosupremus.com\/"},{"@type":"ListItem","position":2,"name":"Tienda","item":"https:\/\/acuariosupremus.com\/tienda\/"},{"@type":"ListItem","position":3,"name":"Triple Mini acuario pl\u00e1stico romboidal con base luminosa LED."}]},{"@type":"WebSite","@id":"https:\/\/acuariosupremus.com\/#website","url":"https:\/\/acuariosupremus.com\/","name":"Acuario Supremus","description":"Peces, Peceras y Mascotas.","publisher":{"@id":"https:\/\/acuariosupremus.com\/#organization"},"potentialAction":[{"@type":"SearchAction","target":{"@type":"EntryPoint","urlTemplate":"https:\/\/acuariosupremus.com\/?s={search_term_string}"},"query-input":{"@type":"PropertyValueSpecification","valueRequired":true,"valueName":"search_term_string"}}],"inLanguage":"es"},{"@type":"Organization","@id":"https:\/\/acuariosupremus.com\/#organization","name":"Acuario Supremus","url":"https:\/\/acuariosupremus.com\/","logo":{"@type":"ImageObject","inLanguage":"es","@id":"https:\/\/acuariosupremus.com\/#\/schema\/logo\/image\/","url":"https:\/\/acuariosupremus.com\/wp-content\/uploads\/2021\/12\/cropped-logo_acuario_supremus_fn-2.png","contentUrl":"https:\/\/acuariosupremus.com\/wp-content\/uploads\/2021\/12\/cropped-logo_acuario_supremus_fn-2.png","width":1000,"height":318,"caption":"Acuario Supremus"},"image":{"@id":"https:\/\/acuariosupremus.com\/#\/schema\/logo\/image\/"},"sameAs":["https:\/\/www.facebook.com\/AcuarioSupremus","https:\/\/x.com\/AcuarioSupremus","https:\/\/www.instagram.com\/acuariosupremus\/?hl=es"]}]}},"jetpack_sharing_enabled":true,"_links":{"self":[{"href":"https:\/\/acuariosupremus.com\/index.php?rest_route=\/wp\/v2\/product\/7754","targetHints":{"allow":["GET"]}}],"collection":[{"href":"https:\/\/acuariosupremus.com\/index.php?rest_route=\/wp\/v2\/product"}],"about":[{"href":"https:\/\/acuariosupremus.com\/index.php?rest_route=\/wp\/v2\/types\/product"}],"wp:featuredmedia":[{"embeddable":true,"href":"https:\/\/acuariosupremus.com\/index.php?rest_route=\/wp\/v2\/media\/7757"}],"wp:attachment":[{"href":"https:\/\/acuariosupremus.com\/index.php?rest_route=%2Fwp%2Fv2%2Fmedia&parent=7754"}],"wp:term":[{"taxonomy":"product_brand","embeddable":true,"href":"https:\/\/acuariosupremus.com\/index.php?rest_route=%2Fwp%2Fv2%2Fproduct_brand&post=7754"},{"taxonomy":"product_cat","embeddable":true,"href":"https:\/\/acuariosupremus.com\/index.php?rest_route=%2Fwp%2Fv2%2Fproduct_cat&post=7754"},{"taxonomy":"product_tag","embeddable":true,"href":"https:\/\/acuariosupremus.com\/index.php?rest_route=%2Fwp%2Fv2%2Fproduct_tag&post=7754"}],"curies":[{"name":"wp","href":"https:\/\/api.w.org\/{rel}","templated":true}]}}