{"id":7789,"date":"2022-04-27T16:21:34","date_gmt":"2022-04-27T21:21:34","guid":{"rendered":"https:\/\/acuariosupremus.com\/?post_type=product&#038;p=7789"},"modified":"2025-12-24T17:35:43","modified_gmt":"2025-12-24T23:35:43","slug":"bomba-sumergible-para-estanque-10000-lph","status":"publish","type":"product","link":"https:\/\/acuariosupremus.com\/?product=bomba-sumergible-para-estanque-10000-lph","title":{"rendered":"Bomba sumergible para estanque 10000 lph BOYU SPF10000."},"content":{"rendered":"<p>La gran calidad y propiedades f\u00edsicas de los componentes de estas bombas, las hacen aptas para todos los acuarios y sistemas de agua dulce. El modelo m\u00e1s potente ofrece un caudal de hasta 13,000 litros por hora con una elevaci\u00f3n m\u00e1xima de hasta 5 metros. Tiene un motor electrico sincr\u00f3nico realmente confiable que cuenta con tecnolog\u00eda de arrastre magn\u00e9tico permanente. La versatilidad de esta bomba es muy amplia, ya que nos ofrece un asa ergon\u00f3mica, un fuerte cable de suministro el\u00e9ctrico de m\u00e1s de 10 metros con toma de tierra y una conexi\u00f3n standard para manguera en la salida de 16 a 40 mm de di\u00e1metro.<\/p>\n<p>Corriente: 127V\/60Hz (V\/HZ) Consumo 115 (W\/h) Protecci\u00f3n al agua: IPX68 Long. Cable\u00a0 1,040 (cm) Tipo de enchufe: \u201cA\u201d 3 pines Peso: 3,565(grs.) Dimensiones: 270 x 130 x 170(l x a x h, mm) Peso c. embalaje: 3,960 (grs.) Dim. embalaje: 360 x 200 x 195(l x a x h, mm).<\/p>\n<p>Sistemas entre: 3000 &#8211; 10,000 (L) Caudal aprox: 10,000 (l\/h) Conexi\u00f3n: 1 \u00bd \u201c (\u00d8 mm\/\u201d) Cap. elevaci\u00f3n: 4.50 (metros) Temp. Min\/ M\u00e1x: 5-40 (\u00b0C).<\/p>\n","protected":false},"excerpt":{"rendered":"<p>Confiables y robustas.<br \/>\nLas bombas de agua de la serie SPF est\u00e1n espec\u00edficamente dise\u00f1adas para crear corrientes y accionar fuentes, cascadas y filtros en todo tipo de estanques, pudiendo ser usada fuera del agua circulando en l\u00ednea. La principal causa de aver\u00eda de este tipo de bombas es el deterioro del rotor o de su alojamiento debido a la aspiraci\u00f3n accidental de part\u00edculas s\u00f3lidas. Esta serie de es especialmente resistente a este tipo de accidentes, gracias a que el rotor de turbina y su alojamiento poseen una camisa de acero inoxidable que aumenta notablemente su vida \u00fatil. Adem\u00e1s, cuenta con una amplia coladera de seguridad para proteger su motor.<\/p>\n","protected":false},"featured_media":7792,"template":"","meta":[],"product_brand":[122],"product_cat":[40,93],"product_tag":[175,614,616,618,158],"class_list":{"0":"post-7789","1":"product","2":"type-product","3":"status-publish","4":"has-post-thumbnail","6":"product_brand-boyu","7":"product_cat-peces","8":"product_cat-bombas-fuente-y-estanque","9":"product_tag-bomba","10":"product_tag-bomba-estanque","11":"product_tag-eco-bomba-boyu","12":"product_tag-eco-bomba-boyu-spf","13":"product_tag-estanque","15":"first","16":"instock","17":"sale","18":"shipping-taxable","19":"purchasable","20":"product-type-simple"},"yoast_head":"<!-- This site is optimized with the Yoast SEO plugin v27.4 - https:\/\/yoast.com\/product\/yoast-seo-wordpress\/ -->\n<title>Bomba sumergible para estanque 10000 lph BOYU SPF10000. | Acuario Supremus<\/title>\n<meta name=\"description\" content=\"Las bombas de agua de la serie SPF est\u00e1n dise\u00f1adas para crear corrientes y accionar fuentes, cascadas y filtros en estanques, pudiendo ser usada fuera del agua.\" \/>\n<meta name=\"robots\" content=\"index, follow, max-snippet:-1, max-image-preview:large, max-video-preview:-1\" \/>\n<link rel=\"canonical\" href=\"https:\/\/acuariosupremus.com\/?product=bomba-sumergible-para-estanque-10000-lph\" \/>\n<meta property=\"og:locale\" content=\"es_MX\" \/>\n<meta property=\"og:type\" content=\"article\" \/>\n<meta property=\"og:title\" content=\"Bomba sumergible para estanque 10000 lph BOYU SPF10000. | Acuario Supremus\" \/>\n<meta property=\"og:description\" content=\"Las bombas de agua de la serie SPF est\u00e1n dise\u00f1adas para crear corrientes y accionar fuentes, cascadas y filtros en estanques, pudiendo ser usada fuera del agua.\" \/>\n<meta property=\"og:url\" content=\"https:\/\/acuariosupremus.com\/?product=bomba-sumergible-para-estanque-10000-lph\" \/>\n<meta property=\"og:site_name\" content=\"Acuario Supremus\" \/>\n<meta property=\"article:publisher\" content=\"https:\/\/www.facebook.com\/AcuarioSupremus\" \/>\n<meta property=\"article:modified_time\" content=\"2025-12-24T23:35:43+00:00\" \/>\n<meta property=\"og:image\" content=\"https:\/\/acuariosupremus.com\/wp-content\/uploads\/2022\/04\/bomba_estanque_spf_01.jpg\" \/>\n\t<meta property=\"og:image:width\" content=\"1250\" \/>\n\t<meta property=\"og:image:height\" content=\"1250\" \/>\n\t<meta property=\"og:image:type\" content=\"image\/jpeg\" \/>\n<meta name=\"twitter:card\" content=\"summary_large_image\" \/>\n<meta name=\"twitter:site\" content=\"@AcuarioSupremus\" \/>\n<meta name=\"twitter:label1\" content=\"Tiempo de lectura\" \/>\n\t<meta name=\"twitter:data1\" content=\"1 minuto\" \/>\n<script type=\"application\/ld+json\" class=\"yoast-schema-graph\">{\"@context\":\"https:\\\/\\\/schema.org\",\"@graph\":[{\"@type\":\"WebPage\",\"@id\":\"https:\\\/\\\/acuariosupremus.com\\\/?product=bomba-sumergible-para-estanque-10000-lph\",\"url\":\"https:\\\/\\\/acuariosupremus.com\\\/?product=bomba-sumergible-para-estanque-10000-lph\",\"name\":\"Bomba sumergible para estanque 10000 lph BOYU SPF10000. | Acuario Supremus\",\"isPartOf\":{\"@id\":\"https:\\\/\\\/acuariosupremus.com\\\/#website\"},\"primaryImageOfPage\":{\"@id\":\"https:\\\/\\\/acuariosupremus.com\\\/?product=bomba-sumergible-para-estanque-10000-lph#primaryimage\"},\"image\":{\"@id\":\"https:\\\/\\\/acuariosupremus.com\\\/?product=bomba-sumergible-para-estanque-10000-lph#primaryimage\"},\"thumbnailUrl\":\"https:\\\/\\\/acuariosupremus.com\\\/wp-content\\\/uploads\\\/2022\\\/04\\\/bomba_estanque_spf_01.jpg\",\"datePublished\":\"2022-04-27T21:21:34+00:00\",\"dateModified\":\"2025-12-24T23:35:43+00:00\",\"description\":\"Las bombas de agua de la serie SPF est\u00e1n dise\u00f1adas para crear corrientes y accionar fuentes, cascadas y filtros en estanques, pudiendo ser usada fuera del agua.\",\"breadcrumb\":{\"@id\":\"https:\\\/\\\/acuariosupremus.com\\\/?product=bomba-sumergible-para-estanque-10000-lph#breadcrumb\"},\"inLanguage\":\"es\",\"potentialAction\":[{\"@type\":\"ReadAction\",\"target\":[\"https:\\\/\\\/acuariosupremus.com\\\/?product=bomba-sumergible-para-estanque-10000-lph\"]}]},{\"@type\":\"ImageObject\",\"inLanguage\":\"es\",\"@id\":\"https:\\\/\\\/acuariosupremus.com\\\/?product=bomba-sumergible-para-estanque-10000-lph#primaryimage\",\"url\":\"https:\\\/\\\/acuariosupremus.com\\\/wp-content\\\/uploads\\\/2022\\\/04\\\/bomba_estanque_spf_01.jpg\",\"contentUrl\":\"https:\\\/\\\/acuariosupremus.com\\\/wp-content\\\/uploads\\\/2022\\\/04\\\/bomba_estanque_spf_01.jpg\",\"width\":1250,\"height\":1250},{\"@type\":\"BreadcrumbList\",\"@id\":\"https:\\\/\\\/acuariosupremus.com\\\/?product=bomba-sumergible-para-estanque-10000-lph#breadcrumb\",\"itemListElement\":[{\"@type\":\"ListItem\",\"position\":1,\"name\":\"Portada\",\"item\":\"https:\\\/\\\/acuariosupremus.com\\\/\"},{\"@type\":\"ListItem\",\"position\":2,\"name\":\"Tienda\",\"item\":\"https:\\\/\\\/acuariosupremus.com\\\/tienda\\\/\"},{\"@type\":\"ListItem\",\"position\":3,\"name\":\"Bomba sumergible para estanque 10000 lph BOYU SPF10000.\"}]},{\"@type\":\"WebSite\",\"@id\":\"https:\\\/\\\/acuariosupremus.com\\\/#website\",\"url\":\"https:\\\/\\\/acuariosupremus.com\\\/\",\"name\":\"Acuario Supremus\",\"description\":\"Peces, Peceras y Mascotas.\",\"publisher\":{\"@id\":\"https:\\\/\\\/acuariosupremus.com\\\/#organization\"},\"potentialAction\":[{\"@type\":\"SearchAction\",\"target\":{\"@type\":\"EntryPoint\",\"urlTemplate\":\"https:\\\/\\\/acuariosupremus.com\\\/?s={search_term_string}\"},\"query-input\":{\"@type\":\"PropertyValueSpecification\",\"valueRequired\":true,\"valueName\":\"search_term_string\"}}],\"inLanguage\":\"es\"},{\"@type\":\"Organization\",\"@id\":\"https:\\\/\\\/acuariosupremus.com\\\/#organization\",\"name\":\"Acuario Supremus\",\"url\":\"https:\\\/\\\/acuariosupremus.com\\\/\",\"logo\":{\"@type\":\"ImageObject\",\"inLanguage\":\"es\",\"@id\":\"https:\\\/\\\/acuariosupremus.com\\\/#\\\/schema\\\/logo\\\/image\\\/\",\"url\":\"https:\\\/\\\/acuariosupremus.com\\\/wp-content\\\/uploads\\\/2021\\\/12\\\/cropped-logo_acuario_supremus_fn-2.png\",\"contentUrl\":\"https:\\\/\\\/acuariosupremus.com\\\/wp-content\\\/uploads\\\/2021\\\/12\\\/cropped-logo_acuario_supremus_fn-2.png\",\"width\":1000,\"height\":318,\"caption\":\"Acuario Supremus\"},\"image\":{\"@id\":\"https:\\\/\\\/acuariosupremus.com\\\/#\\\/schema\\\/logo\\\/image\\\/\"},\"sameAs\":[\"https:\\\/\\\/www.facebook.com\\\/AcuarioSupremus\",\"https:\\\/\\\/x.com\\\/AcuarioSupremus\",\"https:\\\/\\\/www.instagram.com\\\/acuariosupremus\\\/?hl=es\"]}]}<\/script>\n<!-- \/ Yoast SEO plugin. -->","yoast_head_json":{"title":"Bomba sumergible para estanque 10000 lph BOYU SPF10000. | Acuario Supremus","description":"Las bombas de agua de la serie SPF est\u00e1n dise\u00f1adas para crear corrientes y accionar fuentes, cascadas y filtros en estanques, pudiendo ser usada fuera del agua.","robots":{"index":"index","follow":"follow","max-snippet":"max-snippet:-1","max-image-preview":"max-image-preview:large","max-video-preview":"max-video-preview:-1"},"canonical":"https:\/\/acuariosupremus.com\/?product=bomba-sumergible-para-estanque-10000-lph","og_locale":"es_MX","og_type":"article","og_title":"Bomba sumergible para estanque 10000 lph BOYU SPF10000. | Acuario Supremus","og_description":"Las bombas de agua de la serie SPF est\u00e1n dise\u00f1adas para crear corrientes y accionar fuentes, cascadas y filtros en estanques, pudiendo ser usada fuera del agua.","og_url":"https:\/\/acuariosupremus.com\/?product=bomba-sumergible-para-estanque-10000-lph","og_site_name":"Acuario Supremus","article_publisher":"https:\/\/www.facebook.com\/AcuarioSupremus","article_modified_time":"2025-12-24T23:35:43+00:00","og_image":[{"width":1250,"height":1250,"url":"https:\/\/acuariosupremus.com\/wp-content\/uploads\/2022\/04\/bomba_estanque_spf_01.jpg","type":"image\/jpeg"}],"twitter_card":"summary_large_image","twitter_site":"@AcuarioSupremus","twitter_misc":{"Tiempo de lectura":"1 minuto"},"schema":{"@context":"https:\/\/schema.org","@graph":[{"@type":"WebPage","@id":"https:\/\/acuariosupremus.com\/?product=bomba-sumergible-para-estanque-10000-lph","url":"https:\/\/acuariosupremus.com\/?product=bomba-sumergible-para-estanque-10000-lph","name":"Bomba sumergible para estanque 10000 lph BOYU SPF10000. | Acuario Supremus","isPartOf":{"@id":"https:\/\/acuariosupremus.com\/#website"},"primaryImageOfPage":{"@id":"https:\/\/acuariosupremus.com\/?product=bomba-sumergible-para-estanque-10000-lph#primaryimage"},"image":{"@id":"https:\/\/acuariosupremus.com\/?product=bomba-sumergible-para-estanque-10000-lph#primaryimage"},"thumbnailUrl":"https:\/\/acuariosupremus.com\/wp-content\/uploads\/2022\/04\/bomba_estanque_spf_01.jpg","datePublished":"2022-04-27T21:21:34+00:00","dateModified":"2025-12-24T23:35:43+00:00","description":"Las bombas de agua de la serie SPF est\u00e1n dise\u00f1adas para crear corrientes y accionar fuentes, cascadas y filtros en estanques, pudiendo ser usada fuera del agua.","breadcrumb":{"@id":"https:\/\/acuariosupremus.com\/?product=bomba-sumergible-para-estanque-10000-lph#breadcrumb"},"inLanguage":"es","potentialAction":[{"@type":"ReadAction","target":["https:\/\/acuariosupremus.com\/?product=bomba-sumergible-para-estanque-10000-lph"]}]},{"@type":"ImageObject","inLanguage":"es","@id":"https:\/\/acuariosupremus.com\/?product=bomba-sumergible-para-estanque-10000-lph#primaryimage","url":"https:\/\/acuariosupremus.com\/wp-content\/uploads\/2022\/04\/bomba_estanque_spf_01.jpg","contentUrl":"https:\/\/acuariosupremus.com\/wp-content\/uploads\/2022\/04\/bomba_estanque_spf_01.jpg","width":1250,"height":1250},{"@type":"BreadcrumbList","@id":"https:\/\/acuariosupremus.com\/?product=bomba-sumergible-para-estanque-10000-lph#breadcrumb","itemListElement":[{"@type":"ListItem","position":1,"name":"Portada","item":"https:\/\/acuariosupremus.com\/"},{"@type":"ListItem","position":2,"name":"Tienda","item":"https:\/\/acuariosupremus.com\/tienda\/"},{"@type":"ListItem","position":3,"name":"Bomba sumergible para estanque 10000 lph BOYU SPF10000."}]},{"@type":"WebSite","@id":"https:\/\/acuariosupremus.com\/#website","url":"https:\/\/acuariosupremus.com\/","name":"Acuario Supremus","description":"Peces, Peceras y Mascotas.","publisher":{"@id":"https:\/\/acuariosupremus.com\/#organization"},"potentialAction":[{"@type":"SearchAction","target":{"@type":"EntryPoint","urlTemplate":"https:\/\/acuariosupremus.com\/?s={search_term_string}"},"query-input":{"@type":"PropertyValueSpecification","valueRequired":true,"valueName":"search_term_string"}}],"inLanguage":"es"},{"@type":"Organization","@id":"https:\/\/acuariosupremus.com\/#organization","name":"Acuario Supremus","url":"https:\/\/acuariosupremus.com\/","logo":{"@type":"ImageObject","inLanguage":"es","@id":"https:\/\/acuariosupremus.com\/#\/schema\/logo\/image\/","url":"https:\/\/acuariosupremus.com\/wp-content\/uploads\/2021\/12\/cropped-logo_acuario_supremus_fn-2.png","contentUrl":"https:\/\/acuariosupremus.com\/wp-content\/uploads\/2021\/12\/cropped-logo_acuario_supremus_fn-2.png","width":1000,"height":318,"caption":"Acuario Supremus"},"image":{"@id":"https:\/\/acuariosupremus.com\/#\/schema\/logo\/image\/"},"sameAs":["https:\/\/www.facebook.com\/AcuarioSupremus","https:\/\/x.com\/AcuarioSupremus","https:\/\/www.instagram.com\/acuariosupremus\/?hl=es"]}]}},"jetpack_sharing_enabled":true,"_links":{"self":[{"href":"https:\/\/acuariosupremus.com\/index.php?rest_route=\/wp\/v2\/product\/7789","targetHints":{"allow":["GET"]}}],"collection":[{"href":"https:\/\/acuariosupremus.com\/index.php?rest_route=\/wp\/v2\/product"}],"about":[{"href":"https:\/\/acuariosupremus.com\/index.php?rest_route=\/wp\/v2\/types\/product"}],"wp:featuredmedia":[{"embeddable":true,"href":"https:\/\/acuariosupremus.com\/index.php?rest_route=\/wp\/v2\/media\/7792"}],"wp:attachment":[{"href":"https:\/\/acuariosupremus.com\/index.php?rest_route=%2Fwp%2Fv2%2Fmedia&parent=7789"}],"wp:term":[{"taxonomy":"product_brand","embeddable":true,"href":"https:\/\/acuariosupremus.com\/index.php?rest_route=%2Fwp%2Fv2%2Fproduct_brand&post=7789"},{"taxonomy":"product_cat","embeddable":true,"href":"https:\/\/acuariosupremus.com\/index.php?rest_route=%2Fwp%2Fv2%2Fproduct_cat&post=7789"},{"taxonomy":"product_tag","embeddable":true,"href":"https:\/\/acuariosupremus.com\/index.php?rest_route=%2Fwp%2Fv2%2Fproduct_tag&post=7789"}],"curies":[{"name":"wp","href":"https:\/\/api.w.org\/{rel}","templated":true}]}}