{"id":7815,"date":"2022-04-27T19:23:35","date_gmt":"2022-04-28T00:23:35","guid":{"rendered":"https:\/\/acuariosupremus.com\/?post_type=product&#038;p=7815"},"modified":"2025-12-24T17:36:49","modified_gmt":"2025-12-24T23:36:49","slug":"eco-bomba-sumergible-para-estanque-5000-lph-boyu-fspm-5000e","status":"publish","type":"product","link":"https:\/\/acuariosupremus.com\/?product=eco-bomba-sumergible-para-estanque-5000-lph-boyu-fspm-5000e","title":{"rendered":"ECO Bomba sumergible para estanque 5000 lph BOYU FSPM-5000E."},"content":{"rendered":"<p>La gran calidad y propiedades f\u00edsicas de los componentes de estas bombas, las hacen aptas para todos los acuarios y sistemas de agua dulce y salada. El modelo m\u00e1s potente ofrece un caudal de hasta 6,500 litros por hora con una elevaci\u00f3n m\u00e1xima de hasta 4 metros. Tiene un motor el\u00e9ctrico sincr\u00f3nico realmente confiable que cuenta con tecnolog\u00eda de arrastre magn\u00e9tico permanente. La versatilidad de esta bomba es muy amplia, ya que nos ofrece un fuerte cable de suministro el\u00e9ctrico de m\u00e1s de 10 metros con toma de tierra y una conexi\u00f3n standard para manguera en la salida de 16 a 40 mm de di\u00e1metro.<\/p>\n<p>Corriente: 127V\/60Hz (V\/HZ) Consumo 40 (W\/h) Protecci\u00f3n al agua: IPX68 Long. Cable\u00a0 465 (cm) Tipo de enchufe: \u201cA\u201d 3 pines Peso: 3,940(grs.) Dimensiones: 344 x 342 x 240(l x a x h, mm) Peso c. embalaje: 4,485 (grs.) Dim. embalaje: 425 x 265x 165(l x a x h, mm).<\/p>\n<p>Sistemas entre: 5,000 &#8211; 25,000 (L) Caudal aprox: 5,000 (l\/h) Conexi\u00f3n: 2\u201d (\u00d8 mm\/\u201d) Cap. elevaci\u00f3n: 3.5 (metros) Temp. Min\/ M\u00e1x: 5-35 (\u00b0C).<\/p>\n","protected":false},"excerpt":{"rendered":"<p>Gran potencia y bajo mantenimiento.<br \/>\nLas bombas de agua de la serie SPM y FSPM est\u00e1n espec\u00edficamente dise\u00f1adas para crear corrientes y accionar fuentes, cascadas y filtros en todo tipo de estanques. La principal causa de aver\u00eda en las bombas de estanque es el deterioro del rotor o de su alojamiento debido a la aspiraci\u00f3n accidental de part\u00edculas s\u00f3lidas. Para evitar este problema, algunas bombas cuentan con una coladera para retener dichas part\u00edculas, pero sufren el inconveniente de tener que limpiarla regularmente para no obstruir su capacidad de aspiraci\u00f3n. Estas series de bombas cuentan con una gran coladera que rodea toda la bomba por completo para disipar la presi\u00f3n de aspiraci\u00f3n haciendo virtualmente imposible que acaben obstruy\u00e9ndose. De este modo su mantenimiento se reduce notablemente, aumentando al mismo tiempo su confiablidad y vida \u00fatil.<\/p>\n","protected":false},"featured_media":7805,"template":"","meta":[],"product_brand":[122],"product_cat":[40,93],"product_tag":[175,614,616,620,158],"class_list":{"0":"post-7815","1":"product","2":"type-product","3":"status-publish","4":"has-post-thumbnail","6":"product_brand-boyu","7":"product_cat-peces","8":"product_cat-bombas-fuente-y-estanque","9":"product_tag-bomba","10":"product_tag-bomba-estanque","11":"product_tag-eco-bomba-boyu","12":"product_tag-eco-bomba-boyu-fspm","13":"product_tag-estanque","15":"first","16":"instock","17":"sale","18":"shipping-taxable","19":"purchasable","20":"product-type-simple"},"yoast_head":"<!-- This site is optimized with the Yoast SEO plugin v27.4 - https:\/\/yoast.com\/product\/yoast-seo-wordpress\/ -->\n<title>ECO Bomba sumergible para estanque 5000 lph BOYU FSPM-5000E. | Acuario Supremus<\/title>\n<meta name=\"description\" content=\"Las bombas de agua de la serie FSPM est\u00e1n espec\u00edficamente dise\u00f1adas para crear corrientes y accionar fuentes, cascadas y filtros en todo tipo de estanques.\" \/>\n<meta name=\"robots\" content=\"index, follow, max-snippet:-1, max-image-preview:large, max-video-preview:-1\" \/>\n<link rel=\"canonical\" href=\"https:\/\/acuariosupremus.com\/?product=eco-bomba-sumergible-para-estanque-5000-lph-boyu-fspm-5000e\" \/>\n<meta property=\"og:locale\" content=\"es_MX\" \/>\n<meta property=\"og:type\" content=\"article\" \/>\n<meta property=\"og:title\" content=\"ECO Bomba sumergible para estanque 5000 lph BOYU FSPM-5000E. | Acuario Supremus\" \/>\n<meta property=\"og:description\" content=\"Las bombas de agua de la serie FSPM est\u00e1n espec\u00edficamente dise\u00f1adas para crear corrientes y accionar fuentes, cascadas y filtros en todo tipo de estanques.\" \/>\n<meta property=\"og:url\" content=\"https:\/\/acuariosupremus.com\/?product=eco-bomba-sumergible-para-estanque-5000-lph-boyu-fspm-5000e\" \/>\n<meta property=\"og:site_name\" content=\"Acuario Supremus\" \/>\n<meta property=\"article:publisher\" content=\"https:\/\/www.facebook.com\/AcuarioSupremus\" \/>\n<meta property=\"article:modified_time\" content=\"2025-12-24T23:36:49+00:00\" \/>\n<meta property=\"og:image\" content=\"https:\/\/acuariosupremus.com\/wp-content\/uploads\/2022\/04\/bomba_estanque_fspm-e_03.jpg\" \/>\n\t<meta property=\"og:image:width\" content=\"1250\" \/>\n\t<meta property=\"og:image:height\" content=\"1250\" \/>\n\t<meta property=\"og:image:type\" content=\"image\/jpeg\" \/>\n<meta name=\"twitter:card\" content=\"summary_large_image\" \/>\n<meta name=\"twitter:site\" content=\"@AcuarioSupremus\" \/>\n<meta name=\"twitter:label1\" content=\"Tiempo de lectura\" \/>\n\t<meta name=\"twitter:data1\" content=\"1 minuto\" \/>\n<script type=\"application\/ld+json\" class=\"yoast-schema-graph\">{\"@context\":\"https:\\\/\\\/schema.org\",\"@graph\":[{\"@type\":\"WebPage\",\"@id\":\"https:\\\/\\\/acuariosupremus.com\\\/?product=eco-bomba-sumergible-para-estanque-5000-lph-boyu-fspm-5000e\",\"url\":\"https:\\\/\\\/acuariosupremus.com\\\/?product=eco-bomba-sumergible-para-estanque-5000-lph-boyu-fspm-5000e\",\"name\":\"ECO Bomba sumergible para estanque 5000 lph BOYU FSPM-5000E. | Acuario Supremus\",\"isPartOf\":{\"@id\":\"https:\\\/\\\/acuariosupremus.com\\\/#website\"},\"primaryImageOfPage\":{\"@id\":\"https:\\\/\\\/acuariosupremus.com\\\/?product=eco-bomba-sumergible-para-estanque-5000-lph-boyu-fspm-5000e#primaryimage\"},\"image\":{\"@id\":\"https:\\\/\\\/acuariosupremus.com\\\/?product=eco-bomba-sumergible-para-estanque-5000-lph-boyu-fspm-5000e#primaryimage\"},\"thumbnailUrl\":\"https:\\\/\\\/acuariosupremus.com\\\/wp-content\\\/uploads\\\/2022\\\/04\\\/bomba_estanque_fspm-e_03.jpg\",\"datePublished\":\"2022-04-28T00:23:35+00:00\",\"dateModified\":\"2025-12-24T23:36:49+00:00\",\"description\":\"Las bombas de agua de la serie FSPM est\u00e1n espec\u00edficamente dise\u00f1adas para crear corrientes y accionar fuentes, cascadas y filtros en todo tipo de estanques.\",\"breadcrumb\":{\"@id\":\"https:\\\/\\\/acuariosupremus.com\\\/?product=eco-bomba-sumergible-para-estanque-5000-lph-boyu-fspm-5000e#breadcrumb\"},\"inLanguage\":\"es\",\"potentialAction\":[{\"@type\":\"ReadAction\",\"target\":[\"https:\\\/\\\/acuariosupremus.com\\\/?product=eco-bomba-sumergible-para-estanque-5000-lph-boyu-fspm-5000e\"]}]},{\"@type\":\"ImageObject\",\"inLanguage\":\"es\",\"@id\":\"https:\\\/\\\/acuariosupremus.com\\\/?product=eco-bomba-sumergible-para-estanque-5000-lph-boyu-fspm-5000e#primaryimage\",\"url\":\"https:\\\/\\\/acuariosupremus.com\\\/wp-content\\\/uploads\\\/2022\\\/04\\\/bomba_estanque_fspm-e_03.jpg\",\"contentUrl\":\"https:\\\/\\\/acuariosupremus.com\\\/wp-content\\\/uploads\\\/2022\\\/04\\\/bomba_estanque_fspm-e_03.jpg\",\"width\":1250,\"height\":1250},{\"@type\":\"BreadcrumbList\",\"@id\":\"https:\\\/\\\/acuariosupremus.com\\\/?product=eco-bomba-sumergible-para-estanque-5000-lph-boyu-fspm-5000e#breadcrumb\",\"itemListElement\":[{\"@type\":\"ListItem\",\"position\":1,\"name\":\"Portada\",\"item\":\"https:\\\/\\\/acuariosupremus.com\\\/\"},{\"@type\":\"ListItem\",\"position\":2,\"name\":\"Tienda\",\"item\":\"https:\\\/\\\/acuariosupremus.com\\\/tienda\\\/\"},{\"@type\":\"ListItem\",\"position\":3,\"name\":\"ECO Bomba sumergible para estanque 5000 lph BOYU FSPM-5000E.\"}]},{\"@type\":\"WebSite\",\"@id\":\"https:\\\/\\\/acuariosupremus.com\\\/#website\",\"url\":\"https:\\\/\\\/acuariosupremus.com\\\/\",\"name\":\"Acuario Supremus\",\"description\":\"Peces, Peceras y Mascotas.\",\"publisher\":{\"@id\":\"https:\\\/\\\/acuariosupremus.com\\\/#organization\"},\"potentialAction\":[{\"@type\":\"SearchAction\",\"target\":{\"@type\":\"EntryPoint\",\"urlTemplate\":\"https:\\\/\\\/acuariosupremus.com\\\/?s={search_term_string}\"},\"query-input\":{\"@type\":\"PropertyValueSpecification\",\"valueRequired\":true,\"valueName\":\"search_term_string\"}}],\"inLanguage\":\"es\"},{\"@type\":\"Organization\",\"@id\":\"https:\\\/\\\/acuariosupremus.com\\\/#organization\",\"name\":\"Acuario Supremus\",\"url\":\"https:\\\/\\\/acuariosupremus.com\\\/\",\"logo\":{\"@type\":\"ImageObject\",\"inLanguage\":\"es\",\"@id\":\"https:\\\/\\\/acuariosupremus.com\\\/#\\\/schema\\\/logo\\\/image\\\/\",\"url\":\"https:\\\/\\\/acuariosupremus.com\\\/wp-content\\\/uploads\\\/2021\\\/12\\\/cropped-logo_acuario_supremus_fn-2.png\",\"contentUrl\":\"https:\\\/\\\/acuariosupremus.com\\\/wp-content\\\/uploads\\\/2021\\\/12\\\/cropped-logo_acuario_supremus_fn-2.png\",\"width\":1000,\"height\":318,\"caption\":\"Acuario Supremus\"},\"image\":{\"@id\":\"https:\\\/\\\/acuariosupremus.com\\\/#\\\/schema\\\/logo\\\/image\\\/\"},\"sameAs\":[\"https:\\\/\\\/www.facebook.com\\\/AcuarioSupremus\",\"https:\\\/\\\/x.com\\\/AcuarioSupremus\",\"https:\\\/\\\/www.instagram.com\\\/acuariosupremus\\\/?hl=es\"]}]}<\/script>\n<!-- \/ Yoast SEO plugin. -->","yoast_head_json":{"title":"ECO Bomba sumergible para estanque 5000 lph BOYU FSPM-5000E. | Acuario Supremus","description":"Las bombas de agua de la serie FSPM est\u00e1n espec\u00edficamente dise\u00f1adas para crear corrientes y accionar fuentes, cascadas y filtros en todo tipo de estanques.","robots":{"index":"index","follow":"follow","max-snippet":"max-snippet:-1","max-image-preview":"max-image-preview:large","max-video-preview":"max-video-preview:-1"},"canonical":"https:\/\/acuariosupremus.com\/?product=eco-bomba-sumergible-para-estanque-5000-lph-boyu-fspm-5000e","og_locale":"es_MX","og_type":"article","og_title":"ECO Bomba sumergible para estanque 5000 lph BOYU FSPM-5000E. | Acuario Supremus","og_description":"Las bombas de agua de la serie FSPM est\u00e1n espec\u00edficamente dise\u00f1adas para crear corrientes y accionar fuentes, cascadas y filtros en todo tipo de estanques.","og_url":"https:\/\/acuariosupremus.com\/?product=eco-bomba-sumergible-para-estanque-5000-lph-boyu-fspm-5000e","og_site_name":"Acuario Supremus","article_publisher":"https:\/\/www.facebook.com\/AcuarioSupremus","article_modified_time":"2025-12-24T23:36:49+00:00","og_image":[{"width":1250,"height":1250,"url":"https:\/\/acuariosupremus.com\/wp-content\/uploads\/2022\/04\/bomba_estanque_fspm-e_03.jpg","type":"image\/jpeg"}],"twitter_card":"summary_large_image","twitter_site":"@AcuarioSupremus","twitter_misc":{"Tiempo de lectura":"1 minuto"},"schema":{"@context":"https:\/\/schema.org","@graph":[{"@type":"WebPage","@id":"https:\/\/acuariosupremus.com\/?product=eco-bomba-sumergible-para-estanque-5000-lph-boyu-fspm-5000e","url":"https:\/\/acuariosupremus.com\/?product=eco-bomba-sumergible-para-estanque-5000-lph-boyu-fspm-5000e","name":"ECO Bomba sumergible para estanque 5000 lph BOYU FSPM-5000E. | Acuario Supremus","isPartOf":{"@id":"https:\/\/acuariosupremus.com\/#website"},"primaryImageOfPage":{"@id":"https:\/\/acuariosupremus.com\/?product=eco-bomba-sumergible-para-estanque-5000-lph-boyu-fspm-5000e#primaryimage"},"image":{"@id":"https:\/\/acuariosupremus.com\/?product=eco-bomba-sumergible-para-estanque-5000-lph-boyu-fspm-5000e#primaryimage"},"thumbnailUrl":"https:\/\/acuariosupremus.com\/wp-content\/uploads\/2022\/04\/bomba_estanque_fspm-e_03.jpg","datePublished":"2022-04-28T00:23:35+00:00","dateModified":"2025-12-24T23:36:49+00:00","description":"Las bombas de agua de la serie FSPM est\u00e1n espec\u00edficamente dise\u00f1adas para crear corrientes y accionar fuentes, cascadas y filtros en todo tipo de estanques.","breadcrumb":{"@id":"https:\/\/acuariosupremus.com\/?product=eco-bomba-sumergible-para-estanque-5000-lph-boyu-fspm-5000e#breadcrumb"},"inLanguage":"es","potentialAction":[{"@type":"ReadAction","target":["https:\/\/acuariosupremus.com\/?product=eco-bomba-sumergible-para-estanque-5000-lph-boyu-fspm-5000e"]}]},{"@type":"ImageObject","inLanguage":"es","@id":"https:\/\/acuariosupremus.com\/?product=eco-bomba-sumergible-para-estanque-5000-lph-boyu-fspm-5000e#primaryimage","url":"https:\/\/acuariosupremus.com\/wp-content\/uploads\/2022\/04\/bomba_estanque_fspm-e_03.jpg","contentUrl":"https:\/\/acuariosupremus.com\/wp-content\/uploads\/2022\/04\/bomba_estanque_fspm-e_03.jpg","width":1250,"height":1250},{"@type":"BreadcrumbList","@id":"https:\/\/acuariosupremus.com\/?product=eco-bomba-sumergible-para-estanque-5000-lph-boyu-fspm-5000e#breadcrumb","itemListElement":[{"@type":"ListItem","position":1,"name":"Portada","item":"https:\/\/acuariosupremus.com\/"},{"@type":"ListItem","position":2,"name":"Tienda","item":"https:\/\/acuariosupremus.com\/tienda\/"},{"@type":"ListItem","position":3,"name":"ECO Bomba sumergible para estanque 5000 lph BOYU FSPM-5000E."}]},{"@type":"WebSite","@id":"https:\/\/acuariosupremus.com\/#website","url":"https:\/\/acuariosupremus.com\/","name":"Acuario Supremus","description":"Peces, Peceras y Mascotas.","publisher":{"@id":"https:\/\/acuariosupremus.com\/#organization"},"potentialAction":[{"@type":"SearchAction","target":{"@type":"EntryPoint","urlTemplate":"https:\/\/acuariosupremus.com\/?s={search_term_string}"},"query-input":{"@type":"PropertyValueSpecification","valueRequired":true,"valueName":"search_term_string"}}],"inLanguage":"es"},{"@type":"Organization","@id":"https:\/\/acuariosupremus.com\/#organization","name":"Acuario Supremus","url":"https:\/\/acuariosupremus.com\/","logo":{"@type":"ImageObject","inLanguage":"es","@id":"https:\/\/acuariosupremus.com\/#\/schema\/logo\/image\/","url":"https:\/\/acuariosupremus.com\/wp-content\/uploads\/2021\/12\/cropped-logo_acuario_supremus_fn-2.png","contentUrl":"https:\/\/acuariosupremus.com\/wp-content\/uploads\/2021\/12\/cropped-logo_acuario_supremus_fn-2.png","width":1000,"height":318,"caption":"Acuario Supremus"},"image":{"@id":"https:\/\/acuariosupremus.com\/#\/schema\/logo\/image\/"},"sameAs":["https:\/\/www.facebook.com\/AcuarioSupremus","https:\/\/x.com\/AcuarioSupremus","https:\/\/www.instagram.com\/acuariosupremus\/?hl=es"]}]}},"jetpack_sharing_enabled":true,"_links":{"self":[{"href":"https:\/\/acuariosupremus.com\/index.php?rest_route=\/wp\/v2\/product\/7815","targetHints":{"allow":["GET"]}}],"collection":[{"href":"https:\/\/acuariosupremus.com\/index.php?rest_route=\/wp\/v2\/product"}],"about":[{"href":"https:\/\/acuariosupremus.com\/index.php?rest_route=\/wp\/v2\/types\/product"}],"wp:featuredmedia":[{"embeddable":true,"href":"https:\/\/acuariosupremus.com\/index.php?rest_route=\/wp\/v2\/media\/7805"}],"wp:attachment":[{"href":"https:\/\/acuariosupremus.com\/index.php?rest_route=%2Fwp%2Fv2%2Fmedia&parent=7815"}],"wp:term":[{"taxonomy":"product_brand","embeddable":true,"href":"https:\/\/acuariosupremus.com\/index.php?rest_route=%2Fwp%2Fv2%2Fproduct_brand&post=7815"},{"taxonomy":"product_cat","embeddable":true,"href":"https:\/\/acuariosupremus.com\/index.php?rest_route=%2Fwp%2Fv2%2Fproduct_cat&post=7815"},{"taxonomy":"product_tag","embeddable":true,"href":"https:\/\/acuariosupremus.com\/index.php?rest_route=%2Fwp%2Fv2%2Fproduct_tag&post=7815"}],"curies":[{"name":"wp","href":"https:\/\/api.w.org\/{rel}","templated":true}]}}