{"id":7842,"date":"2022-04-28T13:16:40","date_gmt":"2022-04-28T18:16:40","guid":{"rendered":"https:\/\/acuariosupremus.com\/?post_type=product&#038;p=7842"},"modified":"2025-12-24T17:42:05","modified_gmt":"2025-12-24T23:42:05","slug":"bomba-sumergible-para-estanque-22000-lph-boyu-sh-22000","status":"publish","type":"product","link":"https:\/\/acuariosupremus.com\/?product=bomba-sumergible-para-estanque-22000-lph-boyu-sh-22000","title":{"rendered":"Bomba sumergible para estanque 22000 lph, BOYU SH-22000."},"content":{"rendered":"<p>Estas excelentes cifras de rendimiento y eficiencia energ\u00e9tica pertenecen a la s\u00e9ptima generaci\u00f3n de tecnolog\u00eda de motores el\u00e9ctricos DC de BOYU. Su motor de arrastre magn\u00e9tico permanente y libre de escobillas usa una asombrosa tecnolog\u00eda de gesti\u00f3n electr\u00f3nica adaptativa. Un peque\u00f1o chip adapta autom\u00e1ticamente las revoluciones del rotor en funci\u00f3n al voltaje recibido, para obtener un funcionamiento muy suave, estable y eficiente.<\/p>\n<p>Corriente: 127V\/60Hz (V\/HZ) Consumo 175 (W\/h) Protecci\u00f3n al agua: IPX68 Long. Cable\u00a0 1,000 (cm) Tipo de enchufe: \u201cA\u201d 3 pines Peso: 4,310(grs.) Dimensiones: 164 x 171 x 295(l x a x h, mm) Peso c. embalaje: 4,700 (grs.) Dim. embalaje: 215 x 200 x 350 (l x a x h, mm).<\/p>\n<p>Sistemas entre: 4000 \u2013 40000 (L) Caudal aprox: 22,000 (l\/h) Conexi\u00f3n: 75 (\u00d8 mm) Cap. elevaci\u00f3n: 3.0 (metros) Temp. Min\/ M\u00e1x: 5-35 (\u00b0C).<\/p>\n","protected":false},"excerpt":{"rendered":"<p>Alto caudal y bajo consumo<br \/>\nLas bombas BOYU TH y SH estan dise\u00f1adas para circular y elevar agua en estanques y grandes instalaciones, tanto de agua dulce como de salada. Esta categoria de bombas entregan elevados caudales con un consumo el\u00e9ctrico muy reducido y una robustez sin precedentes. El modelo SH-33000 AE pertenece a la categor\u00eda ECO; capaz de elevar agua hasta 4 metros con un caudal en superficie de hasta 33.000 litros por hora, y todo ello un consumo de s\u00f3lo 200w.<\/p>\n","protected":false},"featured_media":7843,"template":"","meta":[],"product_brand":[122],"product_cat":[40,93],"product_tag":[175,614,616,622,158],"class_list":{"0":"post-7842","1":"product","2":"type-product","3":"status-publish","4":"has-post-thumbnail","6":"product_brand-boyu","7":"product_cat-peces","8":"product_cat-bombas-fuente-y-estanque","9":"product_tag-bomba","10":"product_tag-bomba-estanque","11":"product_tag-eco-bomba-boyu","12":"product_tag-eco-bomba-boyu-sh","13":"product_tag-estanque","15":"first","16":"instock","17":"sale","18":"shipping-taxable","19":"purchasable","20":"product-type-simple"},"yoast_head":"<!-- This site is optimized with the Yoast SEO plugin v27.4 - https:\/\/yoast.com\/product\/yoast-seo-wordpress\/ -->\n<title>Bomba sumergible para estanque 22000 lph, BOYU SH-22000. | Acuario Supremus<\/title>\n<meta name=\"description\" content=\"Las bombas BOYU SH estan dise\u00f1adas para circular y elevar agua en estanques y grandes instalaciones, tanto de agua dulce como de salada.\" \/>\n<meta name=\"robots\" content=\"index, follow, max-snippet:-1, max-image-preview:large, max-video-preview:-1\" \/>\n<link rel=\"canonical\" href=\"https:\/\/acuariosupremus.com\/?product=bomba-sumergible-para-estanque-22000-lph-boyu-sh-22000\" \/>\n<meta property=\"og:locale\" content=\"es_MX\" \/>\n<meta property=\"og:type\" content=\"article\" \/>\n<meta property=\"og:title\" content=\"Bomba sumergible para estanque 22000 lph, BOYU SH-22000. | Acuario Supremus\" \/>\n<meta property=\"og:description\" content=\"Las bombas BOYU SH estan dise\u00f1adas para circular y elevar agua en estanques y grandes instalaciones, tanto de agua dulce como de salada.\" \/>\n<meta property=\"og:url\" content=\"https:\/\/acuariosupremus.com\/?product=bomba-sumergible-para-estanque-22000-lph-boyu-sh-22000\" \/>\n<meta property=\"og:site_name\" content=\"Acuario Supremus\" \/>\n<meta property=\"article:publisher\" content=\"https:\/\/www.facebook.com\/AcuarioSupremus\" \/>\n<meta property=\"article:modified_time\" content=\"2025-12-24T23:42:05+00:00\" \/>\n<meta property=\"og:image\" content=\"https:\/\/acuariosupremus.com\/wp-content\/uploads\/2022\/04\/bomba_circulacion_sh-22000_01.jpg\" \/>\n\t<meta property=\"og:image:width\" content=\"1250\" \/>\n\t<meta property=\"og:image:height\" content=\"1250\" \/>\n\t<meta property=\"og:image:type\" content=\"image\/jpeg\" \/>\n<meta name=\"twitter:card\" content=\"summary_large_image\" \/>\n<meta name=\"twitter:site\" content=\"@AcuarioSupremus\" \/>\n<meta name=\"twitter:label1\" content=\"Tiempo de lectura\" \/>\n\t<meta name=\"twitter:data1\" content=\"1 minuto\" \/>\n<script type=\"application\/ld+json\" class=\"yoast-schema-graph\">{\"@context\":\"https:\\\/\\\/schema.org\",\"@graph\":[{\"@type\":\"WebPage\",\"@id\":\"https:\\\/\\\/acuariosupremus.com\\\/?product=bomba-sumergible-para-estanque-22000-lph-boyu-sh-22000\",\"url\":\"https:\\\/\\\/acuariosupremus.com\\\/?product=bomba-sumergible-para-estanque-22000-lph-boyu-sh-22000\",\"name\":\"Bomba sumergible para estanque 22000 lph, BOYU SH-22000. | Acuario Supremus\",\"isPartOf\":{\"@id\":\"https:\\\/\\\/acuariosupremus.com\\\/#website\"},\"primaryImageOfPage\":{\"@id\":\"https:\\\/\\\/acuariosupremus.com\\\/?product=bomba-sumergible-para-estanque-22000-lph-boyu-sh-22000#primaryimage\"},\"image\":{\"@id\":\"https:\\\/\\\/acuariosupremus.com\\\/?product=bomba-sumergible-para-estanque-22000-lph-boyu-sh-22000#primaryimage\"},\"thumbnailUrl\":\"https:\\\/\\\/acuariosupremus.com\\\/wp-content\\\/uploads\\\/2022\\\/04\\\/bomba_circulacion_sh-22000_01.jpg\",\"datePublished\":\"2022-04-28T18:16:40+00:00\",\"dateModified\":\"2025-12-24T23:42:05+00:00\",\"description\":\"Las bombas BOYU SH estan dise\u00f1adas para circular y elevar agua en estanques y grandes instalaciones, tanto de agua dulce como de salada.\",\"breadcrumb\":{\"@id\":\"https:\\\/\\\/acuariosupremus.com\\\/?product=bomba-sumergible-para-estanque-22000-lph-boyu-sh-22000#breadcrumb\"},\"inLanguage\":\"es\",\"potentialAction\":[{\"@type\":\"ReadAction\",\"target\":[\"https:\\\/\\\/acuariosupremus.com\\\/?product=bomba-sumergible-para-estanque-22000-lph-boyu-sh-22000\"]}]},{\"@type\":\"ImageObject\",\"inLanguage\":\"es\",\"@id\":\"https:\\\/\\\/acuariosupremus.com\\\/?product=bomba-sumergible-para-estanque-22000-lph-boyu-sh-22000#primaryimage\",\"url\":\"https:\\\/\\\/acuariosupremus.com\\\/wp-content\\\/uploads\\\/2022\\\/04\\\/bomba_circulacion_sh-22000_01.jpg\",\"contentUrl\":\"https:\\\/\\\/acuariosupremus.com\\\/wp-content\\\/uploads\\\/2022\\\/04\\\/bomba_circulacion_sh-22000_01.jpg\",\"width\":1250,\"height\":1250},{\"@type\":\"BreadcrumbList\",\"@id\":\"https:\\\/\\\/acuariosupremus.com\\\/?product=bomba-sumergible-para-estanque-22000-lph-boyu-sh-22000#breadcrumb\",\"itemListElement\":[{\"@type\":\"ListItem\",\"position\":1,\"name\":\"Portada\",\"item\":\"https:\\\/\\\/acuariosupremus.com\\\/\"},{\"@type\":\"ListItem\",\"position\":2,\"name\":\"Tienda\",\"item\":\"https:\\\/\\\/acuariosupremus.com\\\/tienda\\\/\"},{\"@type\":\"ListItem\",\"position\":3,\"name\":\"Bomba sumergible para estanque 22000 lph, BOYU SH-22000.\"}]},{\"@type\":\"WebSite\",\"@id\":\"https:\\\/\\\/acuariosupremus.com\\\/#website\",\"url\":\"https:\\\/\\\/acuariosupremus.com\\\/\",\"name\":\"Acuario Supremus\",\"description\":\"Peces, Peceras y Mascotas.\",\"publisher\":{\"@id\":\"https:\\\/\\\/acuariosupremus.com\\\/#organization\"},\"potentialAction\":[{\"@type\":\"SearchAction\",\"target\":{\"@type\":\"EntryPoint\",\"urlTemplate\":\"https:\\\/\\\/acuariosupremus.com\\\/?s={search_term_string}\"},\"query-input\":{\"@type\":\"PropertyValueSpecification\",\"valueRequired\":true,\"valueName\":\"search_term_string\"}}],\"inLanguage\":\"es\"},{\"@type\":\"Organization\",\"@id\":\"https:\\\/\\\/acuariosupremus.com\\\/#organization\",\"name\":\"Acuario Supremus\",\"url\":\"https:\\\/\\\/acuariosupremus.com\\\/\",\"logo\":{\"@type\":\"ImageObject\",\"inLanguage\":\"es\",\"@id\":\"https:\\\/\\\/acuariosupremus.com\\\/#\\\/schema\\\/logo\\\/image\\\/\",\"url\":\"https:\\\/\\\/acuariosupremus.com\\\/wp-content\\\/uploads\\\/2021\\\/12\\\/cropped-logo_acuario_supremus_fn-2.png\",\"contentUrl\":\"https:\\\/\\\/acuariosupremus.com\\\/wp-content\\\/uploads\\\/2021\\\/12\\\/cropped-logo_acuario_supremus_fn-2.png\",\"width\":1000,\"height\":318,\"caption\":\"Acuario Supremus\"},\"image\":{\"@id\":\"https:\\\/\\\/acuariosupremus.com\\\/#\\\/schema\\\/logo\\\/image\\\/\"},\"sameAs\":[\"https:\\\/\\\/www.facebook.com\\\/AcuarioSupremus\",\"https:\\\/\\\/x.com\\\/AcuarioSupremus\",\"https:\\\/\\\/www.instagram.com\\\/acuariosupremus\\\/?hl=es\"]}]}<\/script>\n<!-- \/ Yoast SEO plugin. -->","yoast_head_json":{"title":"Bomba sumergible para estanque 22000 lph, BOYU SH-22000. | Acuario Supremus","description":"Las bombas BOYU SH estan dise\u00f1adas para circular y elevar agua en estanques y grandes instalaciones, tanto de agua dulce como de salada.","robots":{"index":"index","follow":"follow","max-snippet":"max-snippet:-1","max-image-preview":"max-image-preview:large","max-video-preview":"max-video-preview:-1"},"canonical":"https:\/\/acuariosupremus.com\/?product=bomba-sumergible-para-estanque-22000-lph-boyu-sh-22000","og_locale":"es_MX","og_type":"article","og_title":"Bomba sumergible para estanque 22000 lph, BOYU SH-22000. | Acuario Supremus","og_description":"Las bombas BOYU SH estan dise\u00f1adas para circular y elevar agua en estanques y grandes instalaciones, tanto de agua dulce como de salada.","og_url":"https:\/\/acuariosupremus.com\/?product=bomba-sumergible-para-estanque-22000-lph-boyu-sh-22000","og_site_name":"Acuario Supremus","article_publisher":"https:\/\/www.facebook.com\/AcuarioSupremus","article_modified_time":"2025-12-24T23:42:05+00:00","og_image":[{"width":1250,"height":1250,"url":"https:\/\/acuariosupremus.com\/wp-content\/uploads\/2022\/04\/bomba_circulacion_sh-22000_01.jpg","type":"image\/jpeg"}],"twitter_card":"summary_large_image","twitter_site":"@AcuarioSupremus","twitter_misc":{"Tiempo de lectura":"1 minuto"},"schema":{"@context":"https:\/\/schema.org","@graph":[{"@type":"WebPage","@id":"https:\/\/acuariosupremus.com\/?product=bomba-sumergible-para-estanque-22000-lph-boyu-sh-22000","url":"https:\/\/acuariosupremus.com\/?product=bomba-sumergible-para-estanque-22000-lph-boyu-sh-22000","name":"Bomba sumergible para estanque 22000 lph, BOYU SH-22000. | Acuario Supremus","isPartOf":{"@id":"https:\/\/acuariosupremus.com\/#website"},"primaryImageOfPage":{"@id":"https:\/\/acuariosupremus.com\/?product=bomba-sumergible-para-estanque-22000-lph-boyu-sh-22000#primaryimage"},"image":{"@id":"https:\/\/acuariosupremus.com\/?product=bomba-sumergible-para-estanque-22000-lph-boyu-sh-22000#primaryimage"},"thumbnailUrl":"https:\/\/acuariosupremus.com\/wp-content\/uploads\/2022\/04\/bomba_circulacion_sh-22000_01.jpg","datePublished":"2022-04-28T18:16:40+00:00","dateModified":"2025-12-24T23:42:05+00:00","description":"Las bombas BOYU SH estan dise\u00f1adas para circular y elevar agua en estanques y grandes instalaciones, tanto de agua dulce como de salada.","breadcrumb":{"@id":"https:\/\/acuariosupremus.com\/?product=bomba-sumergible-para-estanque-22000-lph-boyu-sh-22000#breadcrumb"},"inLanguage":"es","potentialAction":[{"@type":"ReadAction","target":["https:\/\/acuariosupremus.com\/?product=bomba-sumergible-para-estanque-22000-lph-boyu-sh-22000"]}]},{"@type":"ImageObject","inLanguage":"es","@id":"https:\/\/acuariosupremus.com\/?product=bomba-sumergible-para-estanque-22000-lph-boyu-sh-22000#primaryimage","url":"https:\/\/acuariosupremus.com\/wp-content\/uploads\/2022\/04\/bomba_circulacion_sh-22000_01.jpg","contentUrl":"https:\/\/acuariosupremus.com\/wp-content\/uploads\/2022\/04\/bomba_circulacion_sh-22000_01.jpg","width":1250,"height":1250},{"@type":"BreadcrumbList","@id":"https:\/\/acuariosupremus.com\/?product=bomba-sumergible-para-estanque-22000-lph-boyu-sh-22000#breadcrumb","itemListElement":[{"@type":"ListItem","position":1,"name":"Portada","item":"https:\/\/acuariosupremus.com\/"},{"@type":"ListItem","position":2,"name":"Tienda","item":"https:\/\/acuariosupremus.com\/tienda\/"},{"@type":"ListItem","position":3,"name":"Bomba sumergible para estanque 22000 lph, BOYU SH-22000."}]},{"@type":"WebSite","@id":"https:\/\/acuariosupremus.com\/#website","url":"https:\/\/acuariosupremus.com\/","name":"Acuario Supremus","description":"Peces, Peceras y Mascotas.","publisher":{"@id":"https:\/\/acuariosupremus.com\/#organization"},"potentialAction":[{"@type":"SearchAction","target":{"@type":"EntryPoint","urlTemplate":"https:\/\/acuariosupremus.com\/?s={search_term_string}"},"query-input":{"@type":"PropertyValueSpecification","valueRequired":true,"valueName":"search_term_string"}}],"inLanguage":"es"},{"@type":"Organization","@id":"https:\/\/acuariosupremus.com\/#organization","name":"Acuario Supremus","url":"https:\/\/acuariosupremus.com\/","logo":{"@type":"ImageObject","inLanguage":"es","@id":"https:\/\/acuariosupremus.com\/#\/schema\/logo\/image\/","url":"https:\/\/acuariosupremus.com\/wp-content\/uploads\/2021\/12\/cropped-logo_acuario_supremus_fn-2.png","contentUrl":"https:\/\/acuariosupremus.com\/wp-content\/uploads\/2021\/12\/cropped-logo_acuario_supremus_fn-2.png","width":1000,"height":318,"caption":"Acuario Supremus"},"image":{"@id":"https:\/\/acuariosupremus.com\/#\/schema\/logo\/image\/"},"sameAs":["https:\/\/www.facebook.com\/AcuarioSupremus","https:\/\/x.com\/AcuarioSupremus","https:\/\/www.instagram.com\/acuariosupremus\/?hl=es"]}]}},"jetpack_sharing_enabled":true,"_links":{"self":[{"href":"https:\/\/acuariosupremus.com\/index.php?rest_route=\/wp\/v2\/product\/7842","targetHints":{"allow":["GET"]}}],"collection":[{"href":"https:\/\/acuariosupremus.com\/index.php?rest_route=\/wp\/v2\/product"}],"about":[{"href":"https:\/\/acuariosupremus.com\/index.php?rest_route=\/wp\/v2\/types\/product"}],"wp:featuredmedia":[{"embeddable":true,"href":"https:\/\/acuariosupremus.com\/index.php?rest_route=\/wp\/v2\/media\/7843"}],"wp:attachment":[{"href":"https:\/\/acuariosupremus.com\/index.php?rest_route=%2Fwp%2Fv2%2Fmedia&parent=7842"}],"wp:term":[{"taxonomy":"product_brand","embeddable":true,"href":"https:\/\/acuariosupremus.com\/index.php?rest_route=%2Fwp%2Fv2%2Fproduct_brand&post=7842"},{"taxonomy":"product_cat","embeddable":true,"href":"https:\/\/acuariosupremus.com\/index.php?rest_route=%2Fwp%2Fv2%2Fproduct_cat&post=7842"},{"taxonomy":"product_tag","embeddable":true,"href":"https:\/\/acuariosupremus.com\/index.php?rest_route=%2Fwp%2Fv2%2Fproduct_tag&post=7842"}],"curies":[{"name":"wp","href":"https:\/\/api.w.org\/{rel}","templated":true}]}}