{"id":7872,"date":"2022-04-28T15:05:16","date_gmt":"2022-04-28T20:05:16","guid":{"rendered":"https:\/\/acuariosupremus.com\/?post_type=product&#038;p=7872"},"modified":"2025-12-24T17:43:39","modified_gmt":"2025-12-24T23:43:39","slug":"bomba-de-achique-1000-lph-boyu-ds-2500","status":"publish","type":"product","link":"https:\/\/acuariosupremus.com\/?product=bomba-de-achique-1000-lph-boyu-ds-2500","title":{"rendered":"Bomba de achique 1000 lph, BOYU DS-2500."},"content":{"rendered":"<p>Estas cifras de rendimiento se obtienen gracias a los motores el\u00e9ctricos con bobina libre de escobillas y arrastre magn\u00e9tico permanente de BOYU. El movimiento de agua se genera a trav\u00e9s de un rotor tradicional con eje cer\u00e1mico de 6 palas rectas, que act\u00faa en una c\u00e1mara conectada a una rampa de elevaci\u00f3n de agua permitiendo aspirar el agua y lanzarla verticalmente. Este dise\u00f1o hidr\u00e1ulico permite un flujo de agua si turbulencias, evitando p\u00e9rdidas de energ\u00eda y cavitaciones en el rotor. Estas bombas pueden elevar, transportar y circular agua de forma continua, siendo ideales para estanques y sistemas al aire libre donde se requiere un alto caudal y una gran confiabilidad, adem\u00e1s de cualquier labor de mantenimiento que requiera trasiego o movimiento de agua.<\/p>\n<p>Corriente: 127V\/60Hz (V\/HZ) Consumo 55 (W\/h) Protecci\u00f3n al agua: IPX68 Long. Cable\u00a0 170 (cm) Tipo de enchufe: \u201cA\u201d 2 pines Peso: 1,150 (grs.) Dimensiones: 137 X 115 X 191 (l x a x h, mm) Peso c. embalaje: 1,255 (grs.) Dim. embalaje: 160 X 140 X 200 (l x a x h, mm).<\/p>\n<p>Sistemas entre: 1.250 \u2013 7.500 (L) Caudal aprox: 2,500 (l\/h) Conexi\u00f3n: 20\/25 (\u00d8 mm) Cap. elevaci\u00f3n: 300 (cent\u00edmetros) Temp. Min\/ M\u00e1x: 5-35 (\u00b0C).<\/p>\n","protected":false},"excerpt":{"rendered":"<p>Una bomba para todo uso.<br \/>\nLas bombas de achique BOYU serie DS ofrecen m\u00faltiples soluciones a la hora de abordar el mantenimiento de su acuario o estanque con un costo muy reducido. El modelo m\u00e1s potente es capaz de aspirar el agua del fondo de un acuario o dep\u00f3sito hasta un nivel m\u00ednimo de 5 mm, pudiendo elevar el agua hasta 3 metros con un caudal m\u00e1ximo de 3.000 l\/h con un consumo de 55w.<\/p>\n","protected":false},"featured_media":7867,"template":"","meta":[],"product_brand":[122],"product_cat":[40,93],"product_tag":[624,625,175,614,158],"class_list":{"0":"post-7872","1":"product","2":"type-product","3":"status-publish","4":"has-post-thumbnail","6":"product_brand-boyu","7":"product_cat-peces","8":"product_cat-bombas-fuente-y-estanque","9":"product_tag-bomba-boyu","10":"product_tag-bomba-boyu-ds-de-achique","11":"product_tag-bomba","12":"product_tag-bomba-estanque","13":"product_tag-estanque","15":"first","16":"instock","17":"sale","18":"shipping-taxable","19":"purchasable","20":"product-type-simple"},"yoast_head":"<!-- This site is optimized with the Yoast SEO plugin v27.4 - https:\/\/yoast.com\/product\/yoast-seo-wordpress\/ -->\n<title>Bomba de achique 1000 lph, BOYU DS-2500. | Acuario Supremus<\/title>\n<meta name=\"description\" content=\"Las bombas de achique BOYU serie DS ofrecen m\u00faltiples soluciones a la hora de abordar el mantenimiento de su acuario o estanque con un costo muy reducido.\" \/>\n<meta name=\"robots\" content=\"index, follow, max-snippet:-1, max-image-preview:large, max-video-preview:-1\" \/>\n<link rel=\"canonical\" href=\"https:\/\/acuariosupremus.com\/?product=bomba-de-achique-1000-lph-boyu-ds-2500\" \/>\n<meta property=\"og:locale\" content=\"es_MX\" \/>\n<meta property=\"og:type\" content=\"article\" \/>\n<meta property=\"og:title\" content=\"Bomba de achique 1000 lph, BOYU DS-2500. | Acuario Supremus\" \/>\n<meta property=\"og:description\" content=\"Las bombas de achique BOYU serie DS ofrecen m\u00faltiples soluciones a la hora de abordar el mantenimiento de su acuario o estanque con un costo muy reducido.\" \/>\n<meta property=\"og:url\" content=\"https:\/\/acuariosupremus.com\/?product=bomba-de-achique-1000-lph-boyu-ds-2500\" \/>\n<meta property=\"og:site_name\" content=\"Acuario Supremus\" \/>\n<meta property=\"article:publisher\" content=\"https:\/\/www.facebook.com\/AcuarioSupremus\" \/>\n<meta property=\"article:modified_time\" content=\"2025-12-24T23:43:39+00:00\" \/>\n<meta property=\"og:image\" content=\"https:\/\/acuariosupremus.com\/wp-content\/uploads\/2022\/04\/bombas_achique_serie_ds_03.jpg\" \/>\n\t<meta property=\"og:image:width\" content=\"1250\" \/>\n\t<meta property=\"og:image:height\" content=\"1250\" \/>\n\t<meta property=\"og:image:type\" content=\"image\/jpeg\" \/>\n<meta name=\"twitter:card\" content=\"summary_large_image\" \/>\n<meta name=\"twitter:site\" content=\"@AcuarioSupremus\" \/>\n<meta name=\"twitter:label1\" content=\"Tiempo de lectura\" \/>\n\t<meta name=\"twitter:data1\" content=\"1 minuto\" \/>\n<script type=\"application\/ld+json\" class=\"yoast-schema-graph\">{\"@context\":\"https:\\\/\\\/schema.org\",\"@graph\":[{\"@type\":\"WebPage\",\"@id\":\"https:\\\/\\\/acuariosupremus.com\\\/?product=bomba-de-achique-1000-lph-boyu-ds-2500\",\"url\":\"https:\\\/\\\/acuariosupremus.com\\\/?product=bomba-de-achique-1000-lph-boyu-ds-2500\",\"name\":\"Bomba de achique 1000 lph, BOYU DS-2500. | Acuario Supremus\",\"isPartOf\":{\"@id\":\"https:\\\/\\\/acuariosupremus.com\\\/#website\"},\"primaryImageOfPage\":{\"@id\":\"https:\\\/\\\/acuariosupremus.com\\\/?product=bomba-de-achique-1000-lph-boyu-ds-2500#primaryimage\"},\"image\":{\"@id\":\"https:\\\/\\\/acuariosupremus.com\\\/?product=bomba-de-achique-1000-lph-boyu-ds-2500#primaryimage\"},\"thumbnailUrl\":\"https:\\\/\\\/acuariosupremus.com\\\/wp-content\\\/uploads\\\/2022\\\/04\\\/bombas_achique_serie_ds_03.jpg\",\"datePublished\":\"2022-04-28T20:05:16+00:00\",\"dateModified\":\"2025-12-24T23:43:39+00:00\",\"description\":\"Las bombas de achique BOYU serie DS ofrecen m\u00faltiples soluciones a la hora de abordar el mantenimiento de su acuario o estanque con un costo muy reducido.\",\"breadcrumb\":{\"@id\":\"https:\\\/\\\/acuariosupremus.com\\\/?product=bomba-de-achique-1000-lph-boyu-ds-2500#breadcrumb\"},\"inLanguage\":\"es\",\"potentialAction\":[{\"@type\":\"ReadAction\",\"target\":[\"https:\\\/\\\/acuariosupremus.com\\\/?product=bomba-de-achique-1000-lph-boyu-ds-2500\"]}]},{\"@type\":\"ImageObject\",\"inLanguage\":\"es\",\"@id\":\"https:\\\/\\\/acuariosupremus.com\\\/?product=bomba-de-achique-1000-lph-boyu-ds-2500#primaryimage\",\"url\":\"https:\\\/\\\/acuariosupremus.com\\\/wp-content\\\/uploads\\\/2022\\\/04\\\/bombas_achique_serie_ds_03.jpg\",\"contentUrl\":\"https:\\\/\\\/acuariosupremus.com\\\/wp-content\\\/uploads\\\/2022\\\/04\\\/bombas_achique_serie_ds_03.jpg\",\"width\":1250,\"height\":1250},{\"@type\":\"BreadcrumbList\",\"@id\":\"https:\\\/\\\/acuariosupremus.com\\\/?product=bomba-de-achique-1000-lph-boyu-ds-2500#breadcrumb\",\"itemListElement\":[{\"@type\":\"ListItem\",\"position\":1,\"name\":\"Portada\",\"item\":\"https:\\\/\\\/acuariosupremus.com\\\/\"},{\"@type\":\"ListItem\",\"position\":2,\"name\":\"Tienda\",\"item\":\"https:\\\/\\\/acuariosupremus.com\\\/tienda\\\/\"},{\"@type\":\"ListItem\",\"position\":3,\"name\":\"Bomba de achique 1000 lph, BOYU DS-2500.\"}]},{\"@type\":\"WebSite\",\"@id\":\"https:\\\/\\\/acuariosupremus.com\\\/#website\",\"url\":\"https:\\\/\\\/acuariosupremus.com\\\/\",\"name\":\"Acuario Supremus\",\"description\":\"Peces, Peceras y Mascotas.\",\"publisher\":{\"@id\":\"https:\\\/\\\/acuariosupremus.com\\\/#organization\"},\"potentialAction\":[{\"@type\":\"SearchAction\",\"target\":{\"@type\":\"EntryPoint\",\"urlTemplate\":\"https:\\\/\\\/acuariosupremus.com\\\/?s={search_term_string}\"},\"query-input\":{\"@type\":\"PropertyValueSpecification\",\"valueRequired\":true,\"valueName\":\"search_term_string\"}}],\"inLanguage\":\"es\"},{\"@type\":\"Organization\",\"@id\":\"https:\\\/\\\/acuariosupremus.com\\\/#organization\",\"name\":\"Acuario Supremus\",\"url\":\"https:\\\/\\\/acuariosupremus.com\\\/\",\"logo\":{\"@type\":\"ImageObject\",\"inLanguage\":\"es\",\"@id\":\"https:\\\/\\\/acuariosupremus.com\\\/#\\\/schema\\\/logo\\\/image\\\/\",\"url\":\"https:\\\/\\\/acuariosupremus.com\\\/wp-content\\\/uploads\\\/2021\\\/12\\\/cropped-logo_acuario_supremus_fn-2.png\",\"contentUrl\":\"https:\\\/\\\/acuariosupremus.com\\\/wp-content\\\/uploads\\\/2021\\\/12\\\/cropped-logo_acuario_supremus_fn-2.png\",\"width\":1000,\"height\":318,\"caption\":\"Acuario Supremus\"},\"image\":{\"@id\":\"https:\\\/\\\/acuariosupremus.com\\\/#\\\/schema\\\/logo\\\/image\\\/\"},\"sameAs\":[\"https:\\\/\\\/www.facebook.com\\\/AcuarioSupremus\",\"https:\\\/\\\/x.com\\\/AcuarioSupremus\",\"https:\\\/\\\/www.instagram.com\\\/acuariosupremus\\\/?hl=es\"]}]}<\/script>\n<!-- \/ Yoast SEO plugin. -->","yoast_head_json":{"title":"Bomba de achique 1000 lph, BOYU DS-2500. | Acuario Supremus","description":"Las bombas de achique BOYU serie DS ofrecen m\u00faltiples soluciones a la hora de abordar el mantenimiento de su acuario o estanque con un costo muy reducido.","robots":{"index":"index","follow":"follow","max-snippet":"max-snippet:-1","max-image-preview":"max-image-preview:large","max-video-preview":"max-video-preview:-1"},"canonical":"https:\/\/acuariosupremus.com\/?product=bomba-de-achique-1000-lph-boyu-ds-2500","og_locale":"es_MX","og_type":"article","og_title":"Bomba de achique 1000 lph, BOYU DS-2500. | Acuario Supremus","og_description":"Las bombas de achique BOYU serie DS ofrecen m\u00faltiples soluciones a la hora de abordar el mantenimiento de su acuario o estanque con un costo muy reducido.","og_url":"https:\/\/acuariosupremus.com\/?product=bomba-de-achique-1000-lph-boyu-ds-2500","og_site_name":"Acuario Supremus","article_publisher":"https:\/\/www.facebook.com\/AcuarioSupremus","article_modified_time":"2025-12-24T23:43:39+00:00","og_image":[{"width":1250,"height":1250,"url":"https:\/\/acuariosupremus.com\/wp-content\/uploads\/2022\/04\/bombas_achique_serie_ds_03.jpg","type":"image\/jpeg"}],"twitter_card":"summary_large_image","twitter_site":"@AcuarioSupremus","twitter_misc":{"Tiempo de lectura":"1 minuto"},"schema":{"@context":"https:\/\/schema.org","@graph":[{"@type":"WebPage","@id":"https:\/\/acuariosupremus.com\/?product=bomba-de-achique-1000-lph-boyu-ds-2500","url":"https:\/\/acuariosupremus.com\/?product=bomba-de-achique-1000-lph-boyu-ds-2500","name":"Bomba de achique 1000 lph, BOYU DS-2500. | Acuario Supremus","isPartOf":{"@id":"https:\/\/acuariosupremus.com\/#website"},"primaryImageOfPage":{"@id":"https:\/\/acuariosupremus.com\/?product=bomba-de-achique-1000-lph-boyu-ds-2500#primaryimage"},"image":{"@id":"https:\/\/acuariosupremus.com\/?product=bomba-de-achique-1000-lph-boyu-ds-2500#primaryimage"},"thumbnailUrl":"https:\/\/acuariosupremus.com\/wp-content\/uploads\/2022\/04\/bombas_achique_serie_ds_03.jpg","datePublished":"2022-04-28T20:05:16+00:00","dateModified":"2025-12-24T23:43:39+00:00","description":"Las bombas de achique BOYU serie DS ofrecen m\u00faltiples soluciones a la hora de abordar el mantenimiento de su acuario o estanque con un costo muy reducido.","breadcrumb":{"@id":"https:\/\/acuariosupremus.com\/?product=bomba-de-achique-1000-lph-boyu-ds-2500#breadcrumb"},"inLanguage":"es","potentialAction":[{"@type":"ReadAction","target":["https:\/\/acuariosupremus.com\/?product=bomba-de-achique-1000-lph-boyu-ds-2500"]}]},{"@type":"ImageObject","inLanguage":"es","@id":"https:\/\/acuariosupremus.com\/?product=bomba-de-achique-1000-lph-boyu-ds-2500#primaryimage","url":"https:\/\/acuariosupremus.com\/wp-content\/uploads\/2022\/04\/bombas_achique_serie_ds_03.jpg","contentUrl":"https:\/\/acuariosupremus.com\/wp-content\/uploads\/2022\/04\/bombas_achique_serie_ds_03.jpg","width":1250,"height":1250},{"@type":"BreadcrumbList","@id":"https:\/\/acuariosupremus.com\/?product=bomba-de-achique-1000-lph-boyu-ds-2500#breadcrumb","itemListElement":[{"@type":"ListItem","position":1,"name":"Portada","item":"https:\/\/acuariosupremus.com\/"},{"@type":"ListItem","position":2,"name":"Tienda","item":"https:\/\/acuariosupremus.com\/tienda\/"},{"@type":"ListItem","position":3,"name":"Bomba de achique 1000 lph, BOYU DS-2500."}]},{"@type":"WebSite","@id":"https:\/\/acuariosupremus.com\/#website","url":"https:\/\/acuariosupremus.com\/","name":"Acuario Supremus","description":"Peces, Peceras y Mascotas.","publisher":{"@id":"https:\/\/acuariosupremus.com\/#organization"},"potentialAction":[{"@type":"SearchAction","target":{"@type":"EntryPoint","urlTemplate":"https:\/\/acuariosupremus.com\/?s={search_term_string}"},"query-input":{"@type":"PropertyValueSpecification","valueRequired":true,"valueName":"search_term_string"}}],"inLanguage":"es"},{"@type":"Organization","@id":"https:\/\/acuariosupremus.com\/#organization","name":"Acuario Supremus","url":"https:\/\/acuariosupremus.com\/","logo":{"@type":"ImageObject","inLanguage":"es","@id":"https:\/\/acuariosupremus.com\/#\/schema\/logo\/image\/","url":"https:\/\/acuariosupremus.com\/wp-content\/uploads\/2021\/12\/cropped-logo_acuario_supremus_fn-2.png","contentUrl":"https:\/\/acuariosupremus.com\/wp-content\/uploads\/2021\/12\/cropped-logo_acuario_supremus_fn-2.png","width":1000,"height":318,"caption":"Acuario Supremus"},"image":{"@id":"https:\/\/acuariosupremus.com\/#\/schema\/logo\/image\/"},"sameAs":["https:\/\/www.facebook.com\/AcuarioSupremus","https:\/\/x.com\/AcuarioSupremus","https:\/\/www.instagram.com\/acuariosupremus\/?hl=es"]}]}},"jetpack_sharing_enabled":true,"_links":{"self":[{"href":"https:\/\/acuariosupremus.com\/index.php?rest_route=\/wp\/v2\/product\/7872","targetHints":{"allow":["GET"]}}],"collection":[{"href":"https:\/\/acuariosupremus.com\/index.php?rest_route=\/wp\/v2\/product"}],"about":[{"href":"https:\/\/acuariosupremus.com\/index.php?rest_route=\/wp\/v2\/types\/product"}],"wp:featuredmedia":[{"embeddable":true,"href":"https:\/\/acuariosupremus.com\/index.php?rest_route=\/wp\/v2\/media\/7867"}],"wp:attachment":[{"href":"https:\/\/acuariosupremus.com\/index.php?rest_route=%2Fwp%2Fv2%2Fmedia&parent=7872"}],"wp:term":[{"taxonomy":"product_brand","embeddable":true,"href":"https:\/\/acuariosupremus.com\/index.php?rest_route=%2Fwp%2Fv2%2Fproduct_brand&post=7872"},{"taxonomy":"product_cat","embeddable":true,"href":"https:\/\/acuariosupremus.com\/index.php?rest_route=%2Fwp%2Fv2%2Fproduct_cat&post=7872"},{"taxonomy":"product_tag","embeddable":true,"href":"https:\/\/acuariosupremus.com\/index.php?rest_route=%2Fwp%2Fv2%2Fproduct_tag&post=7872"}],"curies":[{"name":"wp","href":"https:\/\/api.w.org\/{rel}","templated":true}]}}