{"id":7919,"date":"2022-04-28T17:00:58","date_gmt":"2022-04-28T22:00:58","guid":{"rendered":"https:\/\/acuariosupremus.com\/?post_type=product&#038;p=7919"},"modified":"2025-12-24T17:48:59","modified_gmt":"2025-12-24T23:48:59","slug":"cabeza-de-poder-700-lph-boyu-sp-1800","status":"publish","type":"product","link":"https:\/\/acuariosupremus.com\/?product=cabeza-de-poder-700-lph-boyu-sp-1800","title":{"rendered":"Cabeza de poder 700 lph, BOYU SP-1800."},"content":{"rendered":"<p>Estas bombas de agua son muy populares por su gran eficacia al ser conectadas en la torre de los tradicionales filtros de plataforma, y gracias a su gran potencia tambi\u00e9n pueden ser colocadas en cualquier punto de nuestro acuario para generar corrientes o accionar diferentes sistemas de filtraci\u00f3n. Cuentan con un Venturi que aprovecha su flujo de salida para proyectar finas burbujas que incrementan notablemente la oxigenaci\u00f3n del agua en nuestro acuario. Est\u00e1 pensada para entregar un alto desempe\u00f1o en sistemas densamente poblados con un uso intensivo gracias a la robustez de su estructura, a la alta calidad del pl\u00e1stico ABS empleado y a su fuerte rotor con eje de acero inoxidable.<\/p>\n<p>Corriente: 127V\/60Hz (V\/HZ) Consumo 13 (W\/h) Protecci\u00f3n al agua: IPX68 Long. Cable\u00a0 147 (cm) Tipo de enchufe: \u201cA\u201d 2 pines Peso: 445 (grs.) Dimensiones: 64 x 116 x 125 (l x a x h, mm) Peso c. embalaje: 490 (grs.) Dim. embalaje: 120 x 65 x 155 (l x a x h, mm).<\/p>\n<p>Sistemas entre: 150 &#8211; 250 (L) Caudal aprox: 700 (l\/h)\u00a0 Cap. elevaci\u00f3n: 100 (cent\u00edmetros) Temp. Min\/ M\u00e1x: 5-40 (\u00b0C).<\/p>\n","protected":false},"excerpt":{"rendered":"<p>Circulaci\u00f3n para su acuario.<br \/>\nLas cabezas de poder BOYU de la serie SP est\u00e1n dise\u00f1adas para cumplir diferentes funciones relacionadas con la circulaci\u00f3n y la aireaci\u00f3n de los acuarios de agua dulce, agua salada, aqua-terrarios y estanques.<\/p>\n","protected":false},"featured_media":7910,"template":"","meta":[],"product_brand":[122],"product_cat":[40,45],"product_tag":[624,173,174,627],"class_list":{"0":"post-7919","1":"product","2":"type-product","3":"status-publish","4":"has-post-thumbnail","6":"product_brand-boyu","7":"product_cat-peces","8":"product_cat-cabezas-poder-y-wave-maker","9":"product_tag-bomba-boyu","10":"product_tag-fuente","11":"product_tag-cabeza-de-poder","12":"product_tag-cabeza-de-poder-boyu-sp","14":"first","15":"instock","16":"sale","17":"shipping-taxable","18":"purchasable","19":"product-type-simple"},"yoast_head":"<!-- This site is optimized with the Yoast SEO plugin v27.4 - https:\/\/yoast.com\/product\/yoast-seo-wordpress\/ -->\n<title>Cabeza de poder 700 lph, BOYU SP-1800. | Acuario Supremus<\/title>\n<meta name=\"description\" content=\"Las cabezas de poder BOYU de la serie SP est\u00e1n dise\u00f1adas para cumplir con la circulaci\u00f3n y la aireaci\u00f3n de los acuarios de agua dulce, agua salada, aqua-terrarios y estanques.\" \/>\n<meta name=\"robots\" content=\"index, follow, max-snippet:-1, max-image-preview:large, max-video-preview:-1\" \/>\n<link rel=\"canonical\" href=\"https:\/\/acuariosupremus.com\/?product=cabeza-de-poder-700-lph-boyu-sp-1800\" \/>\n<meta property=\"og:locale\" content=\"es_MX\" \/>\n<meta property=\"og:type\" content=\"article\" \/>\n<meta property=\"og:title\" content=\"Cabeza de poder 700 lph, BOYU SP-1800. | Acuario Supremus\" \/>\n<meta property=\"og:description\" content=\"Las cabezas de poder BOYU de la serie SP est\u00e1n dise\u00f1adas para cumplir con la circulaci\u00f3n y la aireaci\u00f3n de los acuarios de agua dulce, agua salada, aqua-terrarios y estanques.\" \/>\n<meta property=\"og:url\" content=\"https:\/\/acuariosupremus.com\/?product=cabeza-de-poder-700-lph-boyu-sp-1800\" \/>\n<meta property=\"og:site_name\" content=\"Acuario Supremus\" \/>\n<meta property=\"article:publisher\" content=\"https:\/\/www.facebook.com\/AcuarioSupremus\" \/>\n<meta property=\"article:modified_time\" content=\"2025-12-24T23:48:59+00:00\" \/>\n<meta property=\"og:image\" content=\"https:\/\/acuariosupremus.com\/wp-content\/uploads\/2022\/04\/cabeza_de_poder_sp_01.jpg\" \/>\n\t<meta property=\"og:image:width\" content=\"1250\" \/>\n\t<meta property=\"og:image:height\" content=\"1250\" \/>\n\t<meta property=\"og:image:type\" content=\"image\/jpeg\" \/>\n<meta name=\"twitter:card\" content=\"summary_large_image\" \/>\n<meta name=\"twitter:site\" content=\"@AcuarioSupremus\" \/>\n<meta name=\"twitter:label1\" content=\"Tiempo de lectura\" \/>\n\t<meta name=\"twitter:data1\" content=\"1 minuto\" \/>\n<script type=\"application\/ld+json\" class=\"yoast-schema-graph\">{\"@context\":\"https:\\\/\\\/schema.org\",\"@graph\":[{\"@type\":\"WebPage\",\"@id\":\"https:\\\/\\\/acuariosupremus.com\\\/?product=cabeza-de-poder-700-lph-boyu-sp-1800\",\"url\":\"https:\\\/\\\/acuariosupremus.com\\\/?product=cabeza-de-poder-700-lph-boyu-sp-1800\",\"name\":\"Cabeza de poder 700 lph, BOYU SP-1800. | Acuario Supremus\",\"isPartOf\":{\"@id\":\"https:\\\/\\\/acuariosupremus.com\\\/#website\"},\"primaryImageOfPage\":{\"@id\":\"https:\\\/\\\/acuariosupremus.com\\\/?product=cabeza-de-poder-700-lph-boyu-sp-1800#primaryimage\"},\"image\":{\"@id\":\"https:\\\/\\\/acuariosupremus.com\\\/?product=cabeza-de-poder-700-lph-boyu-sp-1800#primaryimage\"},\"thumbnailUrl\":\"https:\\\/\\\/acuariosupremus.com\\\/wp-content\\\/uploads\\\/2022\\\/04\\\/cabeza_de_poder_sp_01.jpg\",\"datePublished\":\"2022-04-28T22:00:58+00:00\",\"dateModified\":\"2025-12-24T23:48:59+00:00\",\"description\":\"Las cabezas de poder BOYU de la serie SP est\u00e1n dise\u00f1adas para cumplir con la circulaci\u00f3n y la aireaci\u00f3n de los acuarios de agua dulce, agua salada, aqua-terrarios y estanques.\",\"breadcrumb\":{\"@id\":\"https:\\\/\\\/acuariosupremus.com\\\/?product=cabeza-de-poder-700-lph-boyu-sp-1800#breadcrumb\"},\"inLanguage\":\"es\",\"potentialAction\":[{\"@type\":\"ReadAction\",\"target\":[\"https:\\\/\\\/acuariosupremus.com\\\/?product=cabeza-de-poder-700-lph-boyu-sp-1800\"]}]},{\"@type\":\"ImageObject\",\"inLanguage\":\"es\",\"@id\":\"https:\\\/\\\/acuariosupremus.com\\\/?product=cabeza-de-poder-700-lph-boyu-sp-1800#primaryimage\",\"url\":\"https:\\\/\\\/acuariosupremus.com\\\/wp-content\\\/uploads\\\/2022\\\/04\\\/cabeza_de_poder_sp_01.jpg\",\"contentUrl\":\"https:\\\/\\\/acuariosupremus.com\\\/wp-content\\\/uploads\\\/2022\\\/04\\\/cabeza_de_poder_sp_01.jpg\",\"width\":1250,\"height\":1250},{\"@type\":\"BreadcrumbList\",\"@id\":\"https:\\\/\\\/acuariosupremus.com\\\/?product=cabeza-de-poder-700-lph-boyu-sp-1800#breadcrumb\",\"itemListElement\":[{\"@type\":\"ListItem\",\"position\":1,\"name\":\"Portada\",\"item\":\"https:\\\/\\\/acuariosupremus.com\\\/\"},{\"@type\":\"ListItem\",\"position\":2,\"name\":\"Tienda\",\"item\":\"https:\\\/\\\/acuariosupremus.com\\\/tienda\\\/\"},{\"@type\":\"ListItem\",\"position\":3,\"name\":\"Cabeza de poder 700 lph, BOYU SP-1800.\"}]},{\"@type\":\"WebSite\",\"@id\":\"https:\\\/\\\/acuariosupremus.com\\\/#website\",\"url\":\"https:\\\/\\\/acuariosupremus.com\\\/\",\"name\":\"Acuario Supremus\",\"description\":\"Peces, Peceras y Mascotas.\",\"publisher\":{\"@id\":\"https:\\\/\\\/acuariosupremus.com\\\/#organization\"},\"potentialAction\":[{\"@type\":\"SearchAction\",\"target\":{\"@type\":\"EntryPoint\",\"urlTemplate\":\"https:\\\/\\\/acuariosupremus.com\\\/?s={search_term_string}\"},\"query-input\":{\"@type\":\"PropertyValueSpecification\",\"valueRequired\":true,\"valueName\":\"search_term_string\"}}],\"inLanguage\":\"es\"},{\"@type\":\"Organization\",\"@id\":\"https:\\\/\\\/acuariosupremus.com\\\/#organization\",\"name\":\"Acuario Supremus\",\"url\":\"https:\\\/\\\/acuariosupremus.com\\\/\",\"logo\":{\"@type\":\"ImageObject\",\"inLanguage\":\"es\",\"@id\":\"https:\\\/\\\/acuariosupremus.com\\\/#\\\/schema\\\/logo\\\/image\\\/\",\"url\":\"https:\\\/\\\/acuariosupremus.com\\\/wp-content\\\/uploads\\\/2021\\\/12\\\/cropped-logo_acuario_supremus_fn-2.png\",\"contentUrl\":\"https:\\\/\\\/acuariosupremus.com\\\/wp-content\\\/uploads\\\/2021\\\/12\\\/cropped-logo_acuario_supremus_fn-2.png\",\"width\":1000,\"height\":318,\"caption\":\"Acuario Supremus\"},\"image\":{\"@id\":\"https:\\\/\\\/acuariosupremus.com\\\/#\\\/schema\\\/logo\\\/image\\\/\"},\"sameAs\":[\"https:\\\/\\\/www.facebook.com\\\/AcuarioSupremus\",\"https:\\\/\\\/x.com\\\/AcuarioSupremus\",\"https:\\\/\\\/www.instagram.com\\\/acuariosupremus\\\/?hl=es\"]}]}<\/script>\n<!-- \/ Yoast SEO plugin. -->","yoast_head_json":{"title":"Cabeza de poder 700 lph, BOYU SP-1800. | Acuario Supremus","description":"Las cabezas de poder BOYU de la serie SP est\u00e1n dise\u00f1adas para cumplir con la circulaci\u00f3n y la aireaci\u00f3n de los acuarios de agua dulce, agua salada, aqua-terrarios y estanques.","robots":{"index":"index","follow":"follow","max-snippet":"max-snippet:-1","max-image-preview":"max-image-preview:large","max-video-preview":"max-video-preview:-1"},"canonical":"https:\/\/acuariosupremus.com\/?product=cabeza-de-poder-700-lph-boyu-sp-1800","og_locale":"es_MX","og_type":"article","og_title":"Cabeza de poder 700 lph, BOYU SP-1800. | Acuario Supremus","og_description":"Las cabezas de poder BOYU de la serie SP est\u00e1n dise\u00f1adas para cumplir con la circulaci\u00f3n y la aireaci\u00f3n de los acuarios de agua dulce, agua salada, aqua-terrarios y estanques.","og_url":"https:\/\/acuariosupremus.com\/?product=cabeza-de-poder-700-lph-boyu-sp-1800","og_site_name":"Acuario Supremus","article_publisher":"https:\/\/www.facebook.com\/AcuarioSupremus","article_modified_time":"2025-12-24T23:48:59+00:00","og_image":[{"width":1250,"height":1250,"url":"https:\/\/acuariosupremus.com\/wp-content\/uploads\/2022\/04\/cabeza_de_poder_sp_01.jpg","type":"image\/jpeg"}],"twitter_card":"summary_large_image","twitter_site":"@AcuarioSupremus","twitter_misc":{"Tiempo de lectura":"1 minuto"},"schema":{"@context":"https:\/\/schema.org","@graph":[{"@type":"WebPage","@id":"https:\/\/acuariosupremus.com\/?product=cabeza-de-poder-700-lph-boyu-sp-1800","url":"https:\/\/acuariosupremus.com\/?product=cabeza-de-poder-700-lph-boyu-sp-1800","name":"Cabeza de poder 700 lph, BOYU SP-1800. | Acuario Supremus","isPartOf":{"@id":"https:\/\/acuariosupremus.com\/#website"},"primaryImageOfPage":{"@id":"https:\/\/acuariosupremus.com\/?product=cabeza-de-poder-700-lph-boyu-sp-1800#primaryimage"},"image":{"@id":"https:\/\/acuariosupremus.com\/?product=cabeza-de-poder-700-lph-boyu-sp-1800#primaryimage"},"thumbnailUrl":"https:\/\/acuariosupremus.com\/wp-content\/uploads\/2022\/04\/cabeza_de_poder_sp_01.jpg","datePublished":"2022-04-28T22:00:58+00:00","dateModified":"2025-12-24T23:48:59+00:00","description":"Las cabezas de poder BOYU de la serie SP est\u00e1n dise\u00f1adas para cumplir con la circulaci\u00f3n y la aireaci\u00f3n de los acuarios de agua dulce, agua salada, aqua-terrarios y estanques.","breadcrumb":{"@id":"https:\/\/acuariosupremus.com\/?product=cabeza-de-poder-700-lph-boyu-sp-1800#breadcrumb"},"inLanguage":"es","potentialAction":[{"@type":"ReadAction","target":["https:\/\/acuariosupremus.com\/?product=cabeza-de-poder-700-lph-boyu-sp-1800"]}]},{"@type":"ImageObject","inLanguage":"es","@id":"https:\/\/acuariosupremus.com\/?product=cabeza-de-poder-700-lph-boyu-sp-1800#primaryimage","url":"https:\/\/acuariosupremus.com\/wp-content\/uploads\/2022\/04\/cabeza_de_poder_sp_01.jpg","contentUrl":"https:\/\/acuariosupremus.com\/wp-content\/uploads\/2022\/04\/cabeza_de_poder_sp_01.jpg","width":1250,"height":1250},{"@type":"BreadcrumbList","@id":"https:\/\/acuariosupremus.com\/?product=cabeza-de-poder-700-lph-boyu-sp-1800#breadcrumb","itemListElement":[{"@type":"ListItem","position":1,"name":"Portada","item":"https:\/\/acuariosupremus.com\/"},{"@type":"ListItem","position":2,"name":"Tienda","item":"https:\/\/acuariosupremus.com\/tienda\/"},{"@type":"ListItem","position":3,"name":"Cabeza de poder 700 lph, BOYU SP-1800."}]},{"@type":"WebSite","@id":"https:\/\/acuariosupremus.com\/#website","url":"https:\/\/acuariosupremus.com\/","name":"Acuario Supremus","description":"Peces, Peceras y Mascotas.","publisher":{"@id":"https:\/\/acuariosupremus.com\/#organization"},"potentialAction":[{"@type":"SearchAction","target":{"@type":"EntryPoint","urlTemplate":"https:\/\/acuariosupremus.com\/?s={search_term_string}"},"query-input":{"@type":"PropertyValueSpecification","valueRequired":true,"valueName":"search_term_string"}}],"inLanguage":"es"},{"@type":"Organization","@id":"https:\/\/acuariosupremus.com\/#organization","name":"Acuario Supremus","url":"https:\/\/acuariosupremus.com\/","logo":{"@type":"ImageObject","inLanguage":"es","@id":"https:\/\/acuariosupremus.com\/#\/schema\/logo\/image\/","url":"https:\/\/acuariosupremus.com\/wp-content\/uploads\/2021\/12\/cropped-logo_acuario_supremus_fn-2.png","contentUrl":"https:\/\/acuariosupremus.com\/wp-content\/uploads\/2021\/12\/cropped-logo_acuario_supremus_fn-2.png","width":1000,"height":318,"caption":"Acuario Supremus"},"image":{"@id":"https:\/\/acuariosupremus.com\/#\/schema\/logo\/image\/"},"sameAs":["https:\/\/www.facebook.com\/AcuarioSupremus","https:\/\/x.com\/AcuarioSupremus","https:\/\/www.instagram.com\/acuariosupremus\/?hl=es"]}]}},"jetpack_sharing_enabled":true,"_links":{"self":[{"href":"https:\/\/acuariosupremus.com\/index.php?rest_route=\/wp\/v2\/product\/7919","targetHints":{"allow":["GET"]}}],"collection":[{"href":"https:\/\/acuariosupremus.com\/index.php?rest_route=\/wp\/v2\/product"}],"about":[{"href":"https:\/\/acuariosupremus.com\/index.php?rest_route=\/wp\/v2\/types\/product"}],"wp:featuredmedia":[{"embeddable":true,"href":"https:\/\/acuariosupremus.com\/index.php?rest_route=\/wp\/v2\/media\/7910"}],"wp:attachment":[{"href":"https:\/\/acuariosupremus.com\/index.php?rest_route=%2Fwp%2Fv2%2Fmedia&parent=7919"}],"wp:term":[{"taxonomy":"product_brand","embeddable":true,"href":"https:\/\/acuariosupremus.com\/index.php?rest_route=%2Fwp%2Fv2%2Fproduct_brand&post=7919"},{"taxonomy":"product_cat","embeddable":true,"href":"https:\/\/acuariosupremus.com\/index.php?rest_route=%2Fwp%2Fv2%2Fproduct_cat&post=7919"},{"taxonomy":"product_tag","embeddable":true,"href":"https:\/\/acuariosupremus.com\/index.php?rest_route=%2Fwp%2Fv2%2Fproduct_tag&post=7919"}],"curies":[{"name":"wp","href":"https:\/\/api.w.org\/{rel}","templated":true}]}}