{"id":7922,"date":"2022-04-28T17:57:49","date_gmt":"2022-04-28T22:57:49","guid":{"rendered":"https:\/\/acuariosupremus.com\/?post_type=product&#038;p=7922"},"modified":"2025-12-24T17:51:22","modified_gmt":"2025-12-24T23:51:22","slug":"wave-maker-boyu-wm-2-con-controlador-de-intensidad-y-tiempo","status":"publish","type":"product","link":"https:\/\/acuariosupremus.com\/?product=wave-maker-boyu-wm-2-con-controlador-de-intensidad-y-tiempo","title":{"rendered":"Wave maker BOYU WM-2, con controlador de intensidad y tiempo."},"content":{"rendered":"<p>Esta bomba aporta un funcionamiento muy silencioso a la vez que potente y eficiente, que permitir\u00e1 recrear con facilidad el comportamiento t\u00edpico de las corrientes en los arrecifes. Este generador de corrientes es tambi\u00e9n muy \u00fatil en aquellos acuarios que por diferentes causas requieran movimiento de agua, como estanques, acuarios plantados, acuarios salobres o aquellos que reproducen en biotopos de r\u00edos con alto movimiento de agua. Este modelo est\u00e1 equipado con dos sistemas de fijaci\u00f3n intercambiables: un sistema de soporte de 3 ventosas o una percha ajustable en altura que se fija desde borde del acuario, ideal para crear corrientes de superficie. Opcionalmente est\u00e1n disponibles los soportes magn\u00e9ticos CLZ-2 y CLZ-3 para sujetar c\u00f3modamente sus bombas en vidrios de hasta 18 mil\u00edmetros de grosor.<\/p>\n<p>Corriente: 127V\/60Hz (V\/HZ) Consumo 18 (W\/h)\u00a0 Long. Cable 140 (cm) Tipo de enchufe: \u201cA\u201d 2 pines Peso: 0.405+1095 (grs.) Dimensiones: 260 x 120 x 200 (l x a x h, mm) Peso c. embalaje: 1.760 (grs.) Dim. embalaje: 235 x 140 x 105 (l x a x h, mm).<\/p>\n<p>Convertidor de corriente: AC\/DC 24v 1100mA Programas: 3 (L)<\/p>\n","protected":false},"excerpt":{"rendered":"<p>Pr\u00e1ctica y compacta.<br \/>\nBOYU WM-2 es una bomba pensada para crear corrientes y oleajes en los acuarios de arrecife. Est\u00e1 equipada con una consola de control muy funcional que le permitir\u00e1 gestionar tanto la intensidad en el flujo de la bomba como los ciclos de paro y encendido. Adem\u00e1s, cuenta con un con un bot\u00f3n que interrumpir\u00e1 su funcionamiento para poder alimentar c\u00f3modamente a sus peces e invertebrados. Su eficiente motor el\u00e9ctrico AC trabaja a 24 voltios con un consumo el\u00e9ctrico de 18w, y est\u00e1 dotado de una bobina sin escobillas que rinde un caudal suficiente para acuarios de hasta 200 litros.<\/p>\n","protected":false},"featured_media":7923,"template":"","meta":[],"product_brand":[122],"product_cat":[40,45],"product_tag":[178,179,177,629],"class_list":{"0":"post-7922","1":"product","2":"type-product","3":"status-publish","4":"has-post-thumbnail","6":"product_brand-boyu","7":"product_cat-peces","8":"product_cat-cabezas-poder-y-wave-maker","9":"product_tag-arrecife","10":"product_tag-generador-de-olas","11":"product_tag-wave-maker","12":"product_tag-wave-maker-boyu","14":"first","15":"instock","16":"sale","17":"shipping-taxable","18":"purchasable","19":"product-type-simple"},"yoast_head":"<!-- This site is optimized with the Yoast SEO plugin v27.3 - https:\/\/yoast.com\/product\/yoast-seo-wordpress\/ -->\n<title>Wave maker BOYU WM-2, con controlador de intensidad y tiempo. | Acuario Supremus<\/title>\n<meta name=\"description\" content=\"BOYU WM-2 es una bomba equipada con una consola de control gestiona tanto la intensidad en el flujo de la bomba como los ciclos de paro y encendido.\" \/>\n<meta name=\"robots\" content=\"index, follow, max-snippet:-1, max-image-preview:large, max-video-preview:-1\" \/>\n<link rel=\"canonical\" href=\"https:\/\/acuariosupremus.com\/?product=wave-maker-boyu-wm-2-con-controlador-de-intensidad-y-tiempo\" \/>\n<meta property=\"og:locale\" content=\"es_MX\" \/>\n<meta property=\"og:type\" content=\"article\" \/>\n<meta property=\"og:title\" content=\"Wave maker BOYU WM-2, con controlador de intensidad y tiempo. | Acuario Supremus\" \/>\n<meta property=\"og:description\" content=\"BOYU WM-2 es una bomba equipada con una consola de control gestiona tanto la intensidad en el flujo de la bomba como los ciclos de paro y encendido.\" \/>\n<meta property=\"og:url\" content=\"https:\/\/acuariosupremus.com\/?product=wave-maker-boyu-wm-2-con-controlador-de-intensidad-y-tiempo\" \/>\n<meta property=\"og:site_name\" content=\"Acuario Supremus\" \/>\n<meta property=\"article:publisher\" content=\"https:\/\/www.facebook.com\/AcuarioSupremus\" \/>\n<meta property=\"article:modified_time\" content=\"2025-12-24T23:51:22+00:00\" \/>\n<meta property=\"og:image\" content=\"https:\/\/acuariosupremus.com\/wp-content\/uploads\/2022\/04\/wave_maker_wm-2_01.jpg\" \/>\n\t<meta property=\"og:image:width\" content=\"1250\" \/>\n\t<meta property=\"og:image:height\" content=\"1250\" \/>\n\t<meta property=\"og:image:type\" content=\"image\/jpeg\" \/>\n<meta name=\"twitter:card\" content=\"summary_large_image\" \/>\n<meta name=\"twitter:site\" content=\"@AcuarioSupremus\" \/>\n<meta name=\"twitter:label1\" content=\"Tiempo de lectura\" \/>\n\t<meta name=\"twitter:data1\" content=\"1 minuto\" \/>\n<script type=\"application\/ld+json\" class=\"yoast-schema-graph\">{\"@context\":\"https:\\\/\\\/schema.org\",\"@graph\":[{\"@type\":\"WebPage\",\"@id\":\"https:\\\/\\\/acuariosupremus.com\\\/?product=wave-maker-boyu-wm-2-con-controlador-de-intensidad-y-tiempo\",\"url\":\"https:\\\/\\\/acuariosupremus.com\\\/?product=wave-maker-boyu-wm-2-con-controlador-de-intensidad-y-tiempo\",\"name\":\"Wave maker BOYU WM-2, con controlador de intensidad y tiempo. | Acuario Supremus\",\"isPartOf\":{\"@id\":\"https:\\\/\\\/acuariosupremus.com\\\/#website\"},\"primaryImageOfPage\":{\"@id\":\"https:\\\/\\\/acuariosupremus.com\\\/?product=wave-maker-boyu-wm-2-con-controlador-de-intensidad-y-tiempo#primaryimage\"},\"image\":{\"@id\":\"https:\\\/\\\/acuariosupremus.com\\\/?product=wave-maker-boyu-wm-2-con-controlador-de-intensidad-y-tiempo#primaryimage\"},\"thumbnailUrl\":\"https:\\\/\\\/acuariosupremus.com\\\/wp-content\\\/uploads\\\/2022\\\/04\\\/wave_maker_wm-2_01.jpg\",\"datePublished\":\"2022-04-28T22:57:49+00:00\",\"dateModified\":\"2025-12-24T23:51:22+00:00\",\"description\":\"BOYU WM-2 es una bomba equipada con una consola de control gestiona tanto la intensidad en el flujo de la bomba como los ciclos de paro y encendido.\",\"breadcrumb\":{\"@id\":\"https:\\\/\\\/acuariosupremus.com\\\/?product=wave-maker-boyu-wm-2-con-controlador-de-intensidad-y-tiempo#breadcrumb\"},\"inLanguage\":\"es\",\"potentialAction\":[{\"@type\":\"ReadAction\",\"target\":[\"https:\\\/\\\/acuariosupremus.com\\\/?product=wave-maker-boyu-wm-2-con-controlador-de-intensidad-y-tiempo\"]}]},{\"@type\":\"ImageObject\",\"inLanguage\":\"es\",\"@id\":\"https:\\\/\\\/acuariosupremus.com\\\/?product=wave-maker-boyu-wm-2-con-controlador-de-intensidad-y-tiempo#primaryimage\",\"url\":\"https:\\\/\\\/acuariosupremus.com\\\/wp-content\\\/uploads\\\/2022\\\/04\\\/wave_maker_wm-2_01.jpg\",\"contentUrl\":\"https:\\\/\\\/acuariosupremus.com\\\/wp-content\\\/uploads\\\/2022\\\/04\\\/wave_maker_wm-2_01.jpg\",\"width\":1250,\"height\":1250},{\"@type\":\"BreadcrumbList\",\"@id\":\"https:\\\/\\\/acuariosupremus.com\\\/?product=wave-maker-boyu-wm-2-con-controlador-de-intensidad-y-tiempo#breadcrumb\",\"itemListElement\":[{\"@type\":\"ListItem\",\"position\":1,\"name\":\"Portada\",\"item\":\"https:\\\/\\\/acuariosupremus.com\\\/\"},{\"@type\":\"ListItem\",\"position\":2,\"name\":\"Tienda\",\"item\":\"https:\\\/\\\/acuariosupremus.com\\\/tienda\\\/\"},{\"@type\":\"ListItem\",\"position\":3,\"name\":\"Wave maker BOYU WM-2, con controlador de intensidad y tiempo.\"}]},{\"@type\":\"WebSite\",\"@id\":\"https:\\\/\\\/acuariosupremus.com\\\/#website\",\"url\":\"https:\\\/\\\/acuariosupremus.com\\\/\",\"name\":\"Acuario Supremus\",\"description\":\"Peces, Peceras y Mascotas.\",\"publisher\":{\"@id\":\"https:\\\/\\\/acuariosupremus.com\\\/#organization\"},\"potentialAction\":[{\"@type\":\"SearchAction\",\"target\":{\"@type\":\"EntryPoint\",\"urlTemplate\":\"https:\\\/\\\/acuariosupremus.com\\\/?s={search_term_string}\"},\"query-input\":{\"@type\":\"PropertyValueSpecification\",\"valueRequired\":true,\"valueName\":\"search_term_string\"}}],\"inLanguage\":\"es\"},{\"@type\":\"Organization\",\"@id\":\"https:\\\/\\\/acuariosupremus.com\\\/#organization\",\"name\":\"Acuario Supremus\",\"url\":\"https:\\\/\\\/acuariosupremus.com\\\/\",\"logo\":{\"@type\":\"ImageObject\",\"inLanguage\":\"es\",\"@id\":\"https:\\\/\\\/acuariosupremus.com\\\/#\\\/schema\\\/logo\\\/image\\\/\",\"url\":\"https:\\\/\\\/acuariosupremus.com\\\/wp-content\\\/uploads\\\/2021\\\/12\\\/cropped-logo_acuario_supremus_fn-2.png\",\"contentUrl\":\"https:\\\/\\\/acuariosupremus.com\\\/wp-content\\\/uploads\\\/2021\\\/12\\\/cropped-logo_acuario_supremus_fn-2.png\",\"width\":1000,\"height\":318,\"caption\":\"Acuario Supremus\"},\"image\":{\"@id\":\"https:\\\/\\\/acuariosupremus.com\\\/#\\\/schema\\\/logo\\\/image\\\/\"},\"sameAs\":[\"https:\\\/\\\/www.facebook.com\\\/AcuarioSupremus\",\"https:\\\/\\\/x.com\\\/AcuarioSupremus\",\"https:\\\/\\\/www.instagram.com\\\/acuariosupremus\\\/?hl=es\"]}]}<\/script>\n<!-- \/ Yoast SEO plugin. -->","yoast_head_json":{"title":"Wave maker BOYU WM-2, con controlador de intensidad y tiempo. | Acuario Supremus","description":"BOYU WM-2 es una bomba equipada con una consola de control gestiona tanto la intensidad en el flujo de la bomba como los ciclos de paro y encendido.","robots":{"index":"index","follow":"follow","max-snippet":"max-snippet:-1","max-image-preview":"max-image-preview:large","max-video-preview":"max-video-preview:-1"},"canonical":"https:\/\/acuariosupremus.com\/?product=wave-maker-boyu-wm-2-con-controlador-de-intensidad-y-tiempo","og_locale":"es_MX","og_type":"article","og_title":"Wave maker BOYU WM-2, con controlador de intensidad y tiempo. | Acuario Supremus","og_description":"BOYU WM-2 es una bomba equipada con una consola de control gestiona tanto la intensidad en el flujo de la bomba como los ciclos de paro y encendido.","og_url":"https:\/\/acuariosupremus.com\/?product=wave-maker-boyu-wm-2-con-controlador-de-intensidad-y-tiempo","og_site_name":"Acuario Supremus","article_publisher":"https:\/\/www.facebook.com\/AcuarioSupremus","article_modified_time":"2025-12-24T23:51:22+00:00","og_image":[{"width":1250,"height":1250,"url":"https:\/\/acuariosupremus.com\/wp-content\/uploads\/2022\/04\/wave_maker_wm-2_01.jpg","type":"image\/jpeg"}],"twitter_card":"summary_large_image","twitter_site":"@AcuarioSupremus","twitter_misc":{"Tiempo de lectura":"1 minuto"},"schema":{"@context":"https:\/\/schema.org","@graph":[{"@type":"WebPage","@id":"https:\/\/acuariosupremus.com\/?product=wave-maker-boyu-wm-2-con-controlador-de-intensidad-y-tiempo","url":"https:\/\/acuariosupremus.com\/?product=wave-maker-boyu-wm-2-con-controlador-de-intensidad-y-tiempo","name":"Wave maker BOYU WM-2, con controlador de intensidad y tiempo. | Acuario Supremus","isPartOf":{"@id":"https:\/\/acuariosupremus.com\/#website"},"primaryImageOfPage":{"@id":"https:\/\/acuariosupremus.com\/?product=wave-maker-boyu-wm-2-con-controlador-de-intensidad-y-tiempo#primaryimage"},"image":{"@id":"https:\/\/acuariosupremus.com\/?product=wave-maker-boyu-wm-2-con-controlador-de-intensidad-y-tiempo#primaryimage"},"thumbnailUrl":"https:\/\/acuariosupremus.com\/wp-content\/uploads\/2022\/04\/wave_maker_wm-2_01.jpg","datePublished":"2022-04-28T22:57:49+00:00","dateModified":"2025-12-24T23:51:22+00:00","description":"BOYU WM-2 es una bomba equipada con una consola de control gestiona tanto la intensidad en el flujo de la bomba como los ciclos de paro y encendido.","breadcrumb":{"@id":"https:\/\/acuariosupremus.com\/?product=wave-maker-boyu-wm-2-con-controlador-de-intensidad-y-tiempo#breadcrumb"},"inLanguage":"es","potentialAction":[{"@type":"ReadAction","target":["https:\/\/acuariosupremus.com\/?product=wave-maker-boyu-wm-2-con-controlador-de-intensidad-y-tiempo"]}]},{"@type":"ImageObject","inLanguage":"es","@id":"https:\/\/acuariosupremus.com\/?product=wave-maker-boyu-wm-2-con-controlador-de-intensidad-y-tiempo#primaryimage","url":"https:\/\/acuariosupremus.com\/wp-content\/uploads\/2022\/04\/wave_maker_wm-2_01.jpg","contentUrl":"https:\/\/acuariosupremus.com\/wp-content\/uploads\/2022\/04\/wave_maker_wm-2_01.jpg","width":1250,"height":1250},{"@type":"BreadcrumbList","@id":"https:\/\/acuariosupremus.com\/?product=wave-maker-boyu-wm-2-con-controlador-de-intensidad-y-tiempo#breadcrumb","itemListElement":[{"@type":"ListItem","position":1,"name":"Portada","item":"https:\/\/acuariosupremus.com\/"},{"@type":"ListItem","position":2,"name":"Tienda","item":"https:\/\/acuariosupremus.com\/tienda\/"},{"@type":"ListItem","position":3,"name":"Wave maker BOYU WM-2, con controlador de intensidad y tiempo."}]},{"@type":"WebSite","@id":"https:\/\/acuariosupremus.com\/#website","url":"https:\/\/acuariosupremus.com\/","name":"Acuario Supremus","description":"Peces, Peceras y Mascotas.","publisher":{"@id":"https:\/\/acuariosupremus.com\/#organization"},"potentialAction":[{"@type":"SearchAction","target":{"@type":"EntryPoint","urlTemplate":"https:\/\/acuariosupremus.com\/?s={search_term_string}"},"query-input":{"@type":"PropertyValueSpecification","valueRequired":true,"valueName":"search_term_string"}}],"inLanguage":"es"},{"@type":"Organization","@id":"https:\/\/acuariosupremus.com\/#organization","name":"Acuario Supremus","url":"https:\/\/acuariosupremus.com\/","logo":{"@type":"ImageObject","inLanguage":"es","@id":"https:\/\/acuariosupremus.com\/#\/schema\/logo\/image\/","url":"https:\/\/acuariosupremus.com\/wp-content\/uploads\/2021\/12\/cropped-logo_acuario_supremus_fn-2.png","contentUrl":"https:\/\/acuariosupremus.com\/wp-content\/uploads\/2021\/12\/cropped-logo_acuario_supremus_fn-2.png","width":1000,"height":318,"caption":"Acuario Supremus"},"image":{"@id":"https:\/\/acuariosupremus.com\/#\/schema\/logo\/image\/"},"sameAs":["https:\/\/www.facebook.com\/AcuarioSupremus","https:\/\/x.com\/AcuarioSupremus","https:\/\/www.instagram.com\/acuariosupremus\/?hl=es"]}]}},"jetpack_sharing_enabled":true,"_links":{"self":[{"href":"https:\/\/acuariosupremus.com\/index.php?rest_route=\/wp\/v2\/product\/7922","targetHints":{"allow":["GET"]}}],"collection":[{"href":"https:\/\/acuariosupremus.com\/index.php?rest_route=\/wp\/v2\/product"}],"about":[{"href":"https:\/\/acuariosupremus.com\/index.php?rest_route=\/wp\/v2\/types\/product"}],"wp:featuredmedia":[{"embeddable":true,"href":"https:\/\/acuariosupremus.com\/index.php?rest_route=\/wp\/v2\/media\/7923"}],"wp:attachment":[{"href":"https:\/\/acuariosupremus.com\/index.php?rest_route=%2Fwp%2Fv2%2Fmedia&parent=7922"}],"wp:term":[{"taxonomy":"product_brand","embeddable":true,"href":"https:\/\/acuariosupremus.com\/index.php?rest_route=%2Fwp%2Fv2%2Fproduct_brand&post=7922"},{"taxonomy":"product_cat","embeddable":true,"href":"https:\/\/acuariosupremus.com\/index.php?rest_route=%2Fwp%2Fv2%2Fproduct_cat&post=7922"},{"taxonomy":"product_tag","embeddable":true,"href":"https:\/\/acuariosupremus.com\/index.php?rest_route=%2Fwp%2Fv2%2Fproduct_tag&post=7922"}],"curies":[{"name":"wp","href":"https:\/\/api.w.org\/{rel}","templated":true}]}}