{"id":7952,"date":"2022-04-28T20:15:48","date_gmt":"2022-04-29T01:15:48","guid":{"rendered":"https:\/\/acuariosupremus.com\/?post_type=product&#038;p=7952"},"modified":"2025-12-24T17:53:14","modified_gmt":"2025-12-24T23:53:14","slug":"wave-maker-con-doble-cabezal-con-variador-de-frecuencia-boyu-wm-102","status":"publish","type":"product","link":"https:\/\/acuariosupremus.com\/?product=wave-maker-con-doble-cabezal-con-variador-de-frecuencia-boyu-wm-102","title":{"rendered":"Wave maker con doble cabezal, con variador de frecuencia BOYU WM-102."},"content":{"rendered":"<p>Este generador de corrientes es tambi\u00e9n muy \u00fatil en aquellos acuarios que por diferentes causas requieran movimiento de agua, como estanques, acuarios plantados, acuarios salobres o aquellos que reproducen en biotopos de r\u00edos con alto movimiento de agua. Est\u00e1 equipado con un sistema de soportes de goma en varias etapas que a\u00edslan los motores eficazmente de las vibraciones y el ruido, evitando el estr\u00e9s en los peces. Opcionalmente est\u00e1n disponibles los soportes magn\u00e9ticos CLZ-2 y CLZ-3 para sujetar c\u00f3modamente sus bombas en vidrios de hasta 15 mm.<\/p>\n<p>Corriente: DC24V \/ 3A (V\/HZ) Consumo 2&#215;25 (W\/h) Caudal:2x 5,500 (L\/h)\u00a0 Long. Cable 140+130+180 (cm) Tipo de enchufe: \u201cA\u201d 2 pines Peso: 565 (grs.) Dimensiones: 104 x 78 x 137 (l x a x h, mm) Peso c. embalaje: 625 (grs.) Dim. embalaje: 160 x 160 x 85 (l x a x h, mm).<\/p>\n<p>Suministro el\u00e9ctrico: 110-127\/50-60hz Programas: <strong>9<\/strong> (L)<\/p>\n","protected":false},"excerpt":{"rendered":"<p>Eficiente, potente y silencioso,<br \/>\nPeque\u00f1a y potente bomba pensada para crear corrientes en mini-acuarios de arrecife. Su eficiente motor el\u00e9ctrico AC de 7w est\u00e1 dotado de una bobina sin escobillas que rinde un caudal suficiente para un acuario de hasta 120 litros. Su alta eficiencia y bajas vibraciones se deben a la tecnolog\u00eda de flujo en su rotor, que adopta una hidrodin\u00e1mica similar a que se usa en las h\u00e9lices de los propulsores en las embarcaciones. El resultado es un funcionamiento muy silencioso a la vez que potente y eficiente, que permitir\u00e1 recrear con facilidad el comportamiento t\u00edpico de las corrientes en los arrecifes.<\/p>\n","protected":false},"featured_media":7958,"template":"","meta":[],"product_brand":[122],"product_cat":[40,45],"product_tag":[178,179,177,629],"class_list":{"0":"post-7952","1":"product","2":"type-product","3":"status-publish","4":"has-post-thumbnail","6":"product_brand-boyu","7":"product_cat-peces","8":"product_cat-cabezas-poder-y-wave-maker","9":"product_tag-arrecife","10":"product_tag-generador-de-olas","11":"product_tag-wave-maker","12":"product_tag-wave-maker-boyu","14":"first","15":"instock","16":"sale","17":"shipping-taxable","18":"purchasable","19":"product-type-simple"},"yoast_head":"<!-- This site is optimized with the Yoast SEO plugin v27.3 - https:\/\/yoast.com\/product\/yoast-seo-wordpress\/ -->\n<title>Wave maker con doble cabezal, con variador de frecuencia BOYU WM-102. | Acuario Supremus<\/title>\n<meta name=\"description\" content=\"Eficiente, potente y silencioso,Peque\u00f1a y potente bomba pensada para crear corrientes en mini-acuarios de arrecife. Su eficiente motor el\u00e9ctrico AC de 7w\" \/>\n<meta name=\"robots\" content=\"index, follow, max-snippet:-1, max-image-preview:large, max-video-preview:-1\" \/>\n<link rel=\"canonical\" href=\"https:\/\/acuariosupremus.com\/?product=wave-maker-con-doble-cabezal-con-variador-de-frecuencia-boyu-wm-102\" \/>\n<meta property=\"og:locale\" content=\"es_MX\" \/>\n<meta property=\"og:type\" content=\"article\" \/>\n<meta property=\"og:title\" content=\"Wave maker con doble cabezal, con variador de frecuencia BOYU WM-102. | Acuario Supremus\" \/>\n<meta property=\"og:description\" content=\"Eficiente, potente y silencioso,Peque\u00f1a y potente bomba pensada para crear corrientes en mini-acuarios de arrecife. Su eficiente motor el\u00e9ctrico AC de 7w\" \/>\n<meta property=\"og:url\" content=\"https:\/\/acuariosupremus.com\/?product=wave-maker-con-doble-cabezal-con-variador-de-frecuencia-boyu-wm-102\" \/>\n<meta property=\"og:site_name\" content=\"Acuario Supremus\" \/>\n<meta property=\"article:publisher\" content=\"https:\/\/www.facebook.com\/AcuarioSupremus\" \/>\n<meta property=\"article:modified_time\" content=\"2025-12-24T23:53:14+00:00\" \/>\n<meta property=\"og:image\" content=\"https:\/\/acuariosupremus.com\/wp-content\/uploads\/2022\/04\/wave_maker_wm-102_02.jpg\" \/>\n\t<meta property=\"og:image:width\" content=\"1250\" \/>\n\t<meta property=\"og:image:height\" content=\"1250\" \/>\n\t<meta property=\"og:image:type\" content=\"image\/jpeg\" \/>\n<meta name=\"twitter:card\" content=\"summary_large_image\" \/>\n<meta name=\"twitter:site\" content=\"@AcuarioSupremus\" \/>\n<meta name=\"twitter:label1\" content=\"Tiempo de lectura\" \/>\n\t<meta name=\"twitter:data1\" content=\"1 minuto\" \/>\n<script type=\"application\/ld+json\" class=\"yoast-schema-graph\">{\"@context\":\"https:\\\/\\\/schema.org\",\"@graph\":[{\"@type\":\"WebPage\",\"@id\":\"https:\\\/\\\/acuariosupremus.com\\\/?product=wave-maker-con-doble-cabezal-con-variador-de-frecuencia-boyu-wm-102\",\"url\":\"https:\\\/\\\/acuariosupremus.com\\\/?product=wave-maker-con-doble-cabezal-con-variador-de-frecuencia-boyu-wm-102\",\"name\":\"Wave maker con doble cabezal, con variador de frecuencia BOYU WM-102. | Acuario Supremus\",\"isPartOf\":{\"@id\":\"https:\\\/\\\/acuariosupremus.com\\\/#website\"},\"primaryImageOfPage\":{\"@id\":\"https:\\\/\\\/acuariosupremus.com\\\/?product=wave-maker-con-doble-cabezal-con-variador-de-frecuencia-boyu-wm-102#primaryimage\"},\"image\":{\"@id\":\"https:\\\/\\\/acuariosupremus.com\\\/?product=wave-maker-con-doble-cabezal-con-variador-de-frecuencia-boyu-wm-102#primaryimage\"},\"thumbnailUrl\":\"https:\\\/\\\/acuariosupremus.com\\\/wp-content\\\/uploads\\\/2022\\\/04\\\/wave_maker_wm-102_02.jpg\",\"datePublished\":\"2022-04-29T01:15:48+00:00\",\"dateModified\":\"2025-12-24T23:53:14+00:00\",\"description\":\"Eficiente, potente y silencioso,Peque\u00f1a y potente bomba pensada para crear corrientes en mini-acuarios de arrecife. Su eficiente motor el\u00e9ctrico AC de 7w\",\"breadcrumb\":{\"@id\":\"https:\\\/\\\/acuariosupremus.com\\\/?product=wave-maker-con-doble-cabezal-con-variador-de-frecuencia-boyu-wm-102#breadcrumb\"},\"inLanguage\":\"es\",\"potentialAction\":[{\"@type\":\"ReadAction\",\"target\":[\"https:\\\/\\\/acuariosupremus.com\\\/?product=wave-maker-con-doble-cabezal-con-variador-de-frecuencia-boyu-wm-102\"]}]},{\"@type\":\"ImageObject\",\"inLanguage\":\"es\",\"@id\":\"https:\\\/\\\/acuariosupremus.com\\\/?product=wave-maker-con-doble-cabezal-con-variador-de-frecuencia-boyu-wm-102#primaryimage\",\"url\":\"https:\\\/\\\/acuariosupremus.com\\\/wp-content\\\/uploads\\\/2022\\\/04\\\/wave_maker_wm-102_02.jpg\",\"contentUrl\":\"https:\\\/\\\/acuariosupremus.com\\\/wp-content\\\/uploads\\\/2022\\\/04\\\/wave_maker_wm-102_02.jpg\",\"width\":1250,\"height\":1250},{\"@type\":\"BreadcrumbList\",\"@id\":\"https:\\\/\\\/acuariosupremus.com\\\/?product=wave-maker-con-doble-cabezal-con-variador-de-frecuencia-boyu-wm-102#breadcrumb\",\"itemListElement\":[{\"@type\":\"ListItem\",\"position\":1,\"name\":\"Portada\",\"item\":\"https:\\\/\\\/acuariosupremus.com\\\/\"},{\"@type\":\"ListItem\",\"position\":2,\"name\":\"Tienda\",\"item\":\"https:\\\/\\\/acuariosupremus.com\\\/tienda\\\/\"},{\"@type\":\"ListItem\",\"position\":3,\"name\":\"Wave maker con doble cabezal, con variador de frecuencia BOYU WM-102.\"}]},{\"@type\":\"WebSite\",\"@id\":\"https:\\\/\\\/acuariosupremus.com\\\/#website\",\"url\":\"https:\\\/\\\/acuariosupremus.com\\\/\",\"name\":\"Acuario Supremus\",\"description\":\"Peces, Peceras y Mascotas.\",\"publisher\":{\"@id\":\"https:\\\/\\\/acuariosupremus.com\\\/#organization\"},\"potentialAction\":[{\"@type\":\"SearchAction\",\"target\":{\"@type\":\"EntryPoint\",\"urlTemplate\":\"https:\\\/\\\/acuariosupremus.com\\\/?s={search_term_string}\"},\"query-input\":{\"@type\":\"PropertyValueSpecification\",\"valueRequired\":true,\"valueName\":\"search_term_string\"}}],\"inLanguage\":\"es\"},{\"@type\":\"Organization\",\"@id\":\"https:\\\/\\\/acuariosupremus.com\\\/#organization\",\"name\":\"Acuario Supremus\",\"url\":\"https:\\\/\\\/acuariosupremus.com\\\/\",\"logo\":{\"@type\":\"ImageObject\",\"inLanguage\":\"es\",\"@id\":\"https:\\\/\\\/acuariosupremus.com\\\/#\\\/schema\\\/logo\\\/image\\\/\",\"url\":\"https:\\\/\\\/acuariosupremus.com\\\/wp-content\\\/uploads\\\/2021\\\/12\\\/cropped-logo_acuario_supremus_fn-2.png\",\"contentUrl\":\"https:\\\/\\\/acuariosupremus.com\\\/wp-content\\\/uploads\\\/2021\\\/12\\\/cropped-logo_acuario_supremus_fn-2.png\",\"width\":1000,\"height\":318,\"caption\":\"Acuario Supremus\"},\"image\":{\"@id\":\"https:\\\/\\\/acuariosupremus.com\\\/#\\\/schema\\\/logo\\\/image\\\/\"},\"sameAs\":[\"https:\\\/\\\/www.facebook.com\\\/AcuarioSupremus\",\"https:\\\/\\\/x.com\\\/AcuarioSupremus\",\"https:\\\/\\\/www.instagram.com\\\/acuariosupremus\\\/?hl=es\"]}]}<\/script>\n<!-- \/ Yoast SEO plugin. -->","yoast_head_json":{"title":"Wave maker con doble cabezal, con variador de frecuencia BOYU WM-102. | Acuario Supremus","description":"Eficiente, potente y silencioso,Peque\u00f1a y potente bomba pensada para crear corrientes en mini-acuarios de arrecife. Su eficiente motor el\u00e9ctrico AC de 7w","robots":{"index":"index","follow":"follow","max-snippet":"max-snippet:-1","max-image-preview":"max-image-preview:large","max-video-preview":"max-video-preview:-1"},"canonical":"https:\/\/acuariosupremus.com\/?product=wave-maker-con-doble-cabezal-con-variador-de-frecuencia-boyu-wm-102","og_locale":"es_MX","og_type":"article","og_title":"Wave maker con doble cabezal, con variador de frecuencia BOYU WM-102. | Acuario Supremus","og_description":"Eficiente, potente y silencioso,Peque\u00f1a y potente bomba pensada para crear corrientes en mini-acuarios de arrecife. Su eficiente motor el\u00e9ctrico AC de 7w","og_url":"https:\/\/acuariosupremus.com\/?product=wave-maker-con-doble-cabezal-con-variador-de-frecuencia-boyu-wm-102","og_site_name":"Acuario Supremus","article_publisher":"https:\/\/www.facebook.com\/AcuarioSupremus","article_modified_time":"2025-12-24T23:53:14+00:00","og_image":[{"width":1250,"height":1250,"url":"https:\/\/acuariosupremus.com\/wp-content\/uploads\/2022\/04\/wave_maker_wm-102_02.jpg","type":"image\/jpeg"}],"twitter_card":"summary_large_image","twitter_site":"@AcuarioSupremus","twitter_misc":{"Tiempo de lectura":"1 minuto"},"schema":{"@context":"https:\/\/schema.org","@graph":[{"@type":"WebPage","@id":"https:\/\/acuariosupremus.com\/?product=wave-maker-con-doble-cabezal-con-variador-de-frecuencia-boyu-wm-102","url":"https:\/\/acuariosupremus.com\/?product=wave-maker-con-doble-cabezal-con-variador-de-frecuencia-boyu-wm-102","name":"Wave maker con doble cabezal, con variador de frecuencia BOYU WM-102. | Acuario Supremus","isPartOf":{"@id":"https:\/\/acuariosupremus.com\/#website"},"primaryImageOfPage":{"@id":"https:\/\/acuariosupremus.com\/?product=wave-maker-con-doble-cabezal-con-variador-de-frecuencia-boyu-wm-102#primaryimage"},"image":{"@id":"https:\/\/acuariosupremus.com\/?product=wave-maker-con-doble-cabezal-con-variador-de-frecuencia-boyu-wm-102#primaryimage"},"thumbnailUrl":"https:\/\/acuariosupremus.com\/wp-content\/uploads\/2022\/04\/wave_maker_wm-102_02.jpg","datePublished":"2022-04-29T01:15:48+00:00","dateModified":"2025-12-24T23:53:14+00:00","description":"Eficiente, potente y silencioso,Peque\u00f1a y potente bomba pensada para crear corrientes en mini-acuarios de arrecife. Su eficiente motor el\u00e9ctrico AC de 7w","breadcrumb":{"@id":"https:\/\/acuariosupremus.com\/?product=wave-maker-con-doble-cabezal-con-variador-de-frecuencia-boyu-wm-102#breadcrumb"},"inLanguage":"es","potentialAction":[{"@type":"ReadAction","target":["https:\/\/acuariosupremus.com\/?product=wave-maker-con-doble-cabezal-con-variador-de-frecuencia-boyu-wm-102"]}]},{"@type":"ImageObject","inLanguage":"es","@id":"https:\/\/acuariosupremus.com\/?product=wave-maker-con-doble-cabezal-con-variador-de-frecuencia-boyu-wm-102#primaryimage","url":"https:\/\/acuariosupremus.com\/wp-content\/uploads\/2022\/04\/wave_maker_wm-102_02.jpg","contentUrl":"https:\/\/acuariosupremus.com\/wp-content\/uploads\/2022\/04\/wave_maker_wm-102_02.jpg","width":1250,"height":1250},{"@type":"BreadcrumbList","@id":"https:\/\/acuariosupremus.com\/?product=wave-maker-con-doble-cabezal-con-variador-de-frecuencia-boyu-wm-102#breadcrumb","itemListElement":[{"@type":"ListItem","position":1,"name":"Portada","item":"https:\/\/acuariosupremus.com\/"},{"@type":"ListItem","position":2,"name":"Tienda","item":"https:\/\/acuariosupremus.com\/tienda\/"},{"@type":"ListItem","position":3,"name":"Wave maker con doble cabezal, con variador de frecuencia BOYU WM-102."}]},{"@type":"WebSite","@id":"https:\/\/acuariosupremus.com\/#website","url":"https:\/\/acuariosupremus.com\/","name":"Acuario Supremus","description":"Peces, Peceras y Mascotas.","publisher":{"@id":"https:\/\/acuariosupremus.com\/#organization"},"potentialAction":[{"@type":"SearchAction","target":{"@type":"EntryPoint","urlTemplate":"https:\/\/acuariosupremus.com\/?s={search_term_string}"},"query-input":{"@type":"PropertyValueSpecification","valueRequired":true,"valueName":"search_term_string"}}],"inLanguage":"es"},{"@type":"Organization","@id":"https:\/\/acuariosupremus.com\/#organization","name":"Acuario Supremus","url":"https:\/\/acuariosupremus.com\/","logo":{"@type":"ImageObject","inLanguage":"es","@id":"https:\/\/acuariosupremus.com\/#\/schema\/logo\/image\/","url":"https:\/\/acuariosupremus.com\/wp-content\/uploads\/2021\/12\/cropped-logo_acuario_supremus_fn-2.png","contentUrl":"https:\/\/acuariosupremus.com\/wp-content\/uploads\/2021\/12\/cropped-logo_acuario_supremus_fn-2.png","width":1000,"height":318,"caption":"Acuario Supremus"},"image":{"@id":"https:\/\/acuariosupremus.com\/#\/schema\/logo\/image\/"},"sameAs":["https:\/\/www.facebook.com\/AcuarioSupremus","https:\/\/x.com\/AcuarioSupremus","https:\/\/www.instagram.com\/acuariosupremus\/?hl=es"]}]}},"jetpack_sharing_enabled":true,"_links":{"self":[{"href":"https:\/\/acuariosupremus.com\/index.php?rest_route=\/wp\/v2\/product\/7952","targetHints":{"allow":["GET"]}}],"collection":[{"href":"https:\/\/acuariosupremus.com\/index.php?rest_route=\/wp\/v2\/product"}],"about":[{"href":"https:\/\/acuariosupremus.com\/index.php?rest_route=\/wp\/v2\/types\/product"}],"wp:featuredmedia":[{"embeddable":true,"href":"https:\/\/acuariosupremus.com\/index.php?rest_route=\/wp\/v2\/media\/7958"}],"wp:attachment":[{"href":"https:\/\/acuariosupremus.com\/index.php?rest_route=%2Fwp%2Fv2%2Fmedia&parent=7952"}],"wp:term":[{"taxonomy":"product_brand","embeddable":true,"href":"https:\/\/acuariosupremus.com\/index.php?rest_route=%2Fwp%2Fv2%2Fproduct_brand&post=7952"},{"taxonomy":"product_cat","embeddable":true,"href":"https:\/\/acuariosupremus.com\/index.php?rest_route=%2Fwp%2Fv2%2Fproduct_cat&post=7952"},{"taxonomy":"product_tag","embeddable":true,"href":"https:\/\/acuariosupremus.com\/index.php?rest_route=%2Fwp%2Fv2%2Fproduct_tag&post=7952"}],"curies":[{"name":"wp","href":"https:\/\/api.w.org\/{rel}","templated":true}]}}