{"id":7963,"date":"2022-04-29T14:26:50","date_gmt":"2022-04-29T19:26:50","guid":{"rendered":"https:\/\/acuariosupremus.com\/?post_type=product&#038;p=7963"},"modified":"2025-12-24T17:53:26","modified_gmt":"2025-12-24T23:53:26","slug":"wave-maker-boyu-wm-25-con-adaptador-a-c-a-d-c","status":"publish","type":"product","link":"https:\/\/acuariosupremus.com\/?product=wave-maker-boyu-wm-25-con-adaptador-a-c-a-d-c","title":{"rendered":"Wave maker BOYU WM-25, con adaptador A\/C a D\/C."},"content":{"rendered":"<p>Este generador de corrientes es tambi\u00e9n muy \u00fatil en aquellos acuarios que por diferentes causas requieran movimiento de agua, como estanques, acuarios plantados, acuarios salobres o aquellos que reproducen en biotopos de r\u00edos con alto movimiento de agua. Est\u00e1 equipado con un robusto soporte pl\u00e1stico dotado con una ventosa de generosas dimensiones. El cuerpo de la bomba est\u00e1 conectado mediante una r\u00f3tula que permite orientar f\u00e1cilmente el flujo de corriente. Esta r\u00f3tula est\u00e1 aislada mediante una goma que evita de forma eficaz la transmisi\u00f3n de ruidos y vibraciones.<\/p>\n<p>Corriente: DC24V \/ 3A (V\/HZ) Consumo 25 (W\/h) Caudal: 5,500 (L\/h)\u00a0 Long. Cable 140+130+180 (cm) Tipo de enchufe: \u201cA\u201d 2 pines Peso: 565 (grs.) Dimensiones: 104 x 78 x 137 (l x a x h, mm) Peso c. embalaje: 625 (grs.) Dim. embalaje: 160 x 160 x 85 (l x a x h, mm).<\/p>\n<p>Suministro el\u00e9ctrico: 110-127\/50-60hz Programas: <strong>6<\/strong> (L)<\/p>\n","protected":false},"excerpt":{"rendered":"<p>Peque\u00f1a y silenciosa.<br \/>\nCompacta y potente bomba para crear corrientes en acuarios de arrecife. Posee un sistema de sujeci\u00f3n ajustable que permite orientar c\u00f3modamente el flujo de la corriente. Su eficiente motor el\u00e9ctrico DC de 25w est\u00e1 dotado de una bobina sin escobillas que rinde hasta 5500 l\/h de caudal. Esto es gracias a la tecnolog\u00eda de flujo en su rotor, que adopta una hidrodin\u00e1mica similar a la usada en las h\u00e9lices en los propulsores de las embarcaciones. Puede regular el caudal de la bomba en 6 distintas etapas configurando f\u00e1cilmente su regulador de voltaje. Su funcionamiento es muy silencioso a la vez que potente y eficiente, permitiendo recrear el comportamiento t\u00edpico de las corrientes en los arrecifes.<\/p>\n","protected":false},"featured_media":7964,"template":"","meta":[],"product_brand":[122],"product_cat":[40,45],"product_tag":[630,178,179,177,629],"class_list":{"0":"post-7963","1":"product","2":"type-product","3":"status-publish","4":"has-post-thumbnail","6":"product_brand-boyu","7":"product_cat-peces","8":"product_cat-cabezas-poder-y-wave-maker","9":"product_tag-a-c-y-d-c","10":"product_tag-arrecife","11":"product_tag-generador-de-olas","12":"product_tag-wave-maker","13":"product_tag-wave-maker-boyu","15":"first","16":"instock","17":"sale","18":"shipping-taxable","19":"purchasable","20":"product-type-simple"},"yoast_head":"<!-- This site is optimized with the Yoast SEO plugin v27.3 - https:\/\/yoast.com\/product\/yoast-seo-wordpress\/ -->\n<title>Wave maker BOYU WM-25, con adaptador A\/C a D\/C. | Acuario Supremus<\/title>\n<meta name=\"description\" content=\"Peque\u00f1a y silenciosa.Compacta y potente bomba para crear corrientes en acuarios de arrecife. Posee un sistema de sujeci\u00f3n ajustable.\" \/>\n<meta name=\"robots\" content=\"index, follow, max-snippet:-1, max-image-preview:large, max-video-preview:-1\" \/>\n<link rel=\"canonical\" href=\"https:\/\/acuariosupremus.com\/?product=wave-maker-boyu-wm-25-con-adaptador-a-c-a-d-c\" \/>\n<meta property=\"og:locale\" content=\"es_MX\" \/>\n<meta property=\"og:type\" content=\"article\" \/>\n<meta property=\"og:title\" content=\"Wave maker BOYU WM-25, con adaptador A\/C a D\/C. | Acuario Supremus\" \/>\n<meta property=\"og:description\" content=\"Peque\u00f1a y silenciosa.Compacta y potente bomba para crear corrientes en acuarios de arrecife. Posee un sistema de sujeci\u00f3n ajustable.\" \/>\n<meta property=\"og:url\" content=\"https:\/\/acuariosupremus.com\/?product=wave-maker-boyu-wm-25-con-adaptador-a-c-a-d-c\" \/>\n<meta property=\"og:site_name\" content=\"Acuario Supremus\" \/>\n<meta property=\"article:publisher\" content=\"https:\/\/www.facebook.com\/AcuarioSupremus\" \/>\n<meta property=\"article:modified_time\" content=\"2025-12-24T23:53:26+00:00\" \/>\n<meta property=\"og:image\" content=\"https:\/\/acuariosupremus.com\/wp-content\/uploads\/2022\/04\/wave_maker_wm-25_01.jpg\" \/>\n\t<meta property=\"og:image:width\" content=\"1250\" \/>\n\t<meta property=\"og:image:height\" content=\"1250\" \/>\n\t<meta property=\"og:image:type\" content=\"image\/jpeg\" \/>\n<meta name=\"twitter:card\" content=\"summary_large_image\" \/>\n<meta name=\"twitter:site\" content=\"@AcuarioSupremus\" \/>\n<meta name=\"twitter:label1\" content=\"Tiempo de lectura\" \/>\n\t<meta name=\"twitter:data1\" content=\"1 minuto\" \/>\n<script type=\"application\/ld+json\" class=\"yoast-schema-graph\">{\"@context\":\"https:\\\/\\\/schema.org\",\"@graph\":[{\"@type\":\"WebPage\",\"@id\":\"https:\\\/\\\/acuariosupremus.com\\\/?product=wave-maker-boyu-wm-25-con-adaptador-a-c-a-d-c\",\"url\":\"https:\\\/\\\/acuariosupremus.com\\\/?product=wave-maker-boyu-wm-25-con-adaptador-a-c-a-d-c\",\"name\":\"Wave maker BOYU WM-25, con adaptador A\\\/C a D\\\/C. | Acuario Supremus\",\"isPartOf\":{\"@id\":\"https:\\\/\\\/acuariosupremus.com\\\/#website\"},\"primaryImageOfPage\":{\"@id\":\"https:\\\/\\\/acuariosupremus.com\\\/?product=wave-maker-boyu-wm-25-con-adaptador-a-c-a-d-c#primaryimage\"},\"image\":{\"@id\":\"https:\\\/\\\/acuariosupremus.com\\\/?product=wave-maker-boyu-wm-25-con-adaptador-a-c-a-d-c#primaryimage\"},\"thumbnailUrl\":\"https:\\\/\\\/acuariosupremus.com\\\/wp-content\\\/uploads\\\/2022\\\/04\\\/wave_maker_wm-25_01.jpg\",\"datePublished\":\"2022-04-29T19:26:50+00:00\",\"dateModified\":\"2025-12-24T23:53:26+00:00\",\"description\":\"Peque\u00f1a y silenciosa.Compacta y potente bomba para crear corrientes en acuarios de arrecife. Posee un sistema de sujeci\u00f3n ajustable.\",\"breadcrumb\":{\"@id\":\"https:\\\/\\\/acuariosupremus.com\\\/?product=wave-maker-boyu-wm-25-con-adaptador-a-c-a-d-c#breadcrumb\"},\"inLanguage\":\"es\",\"potentialAction\":[{\"@type\":\"ReadAction\",\"target\":[\"https:\\\/\\\/acuariosupremus.com\\\/?product=wave-maker-boyu-wm-25-con-adaptador-a-c-a-d-c\"]}]},{\"@type\":\"ImageObject\",\"inLanguage\":\"es\",\"@id\":\"https:\\\/\\\/acuariosupremus.com\\\/?product=wave-maker-boyu-wm-25-con-adaptador-a-c-a-d-c#primaryimage\",\"url\":\"https:\\\/\\\/acuariosupremus.com\\\/wp-content\\\/uploads\\\/2022\\\/04\\\/wave_maker_wm-25_01.jpg\",\"contentUrl\":\"https:\\\/\\\/acuariosupremus.com\\\/wp-content\\\/uploads\\\/2022\\\/04\\\/wave_maker_wm-25_01.jpg\",\"width\":1250,\"height\":1250},{\"@type\":\"BreadcrumbList\",\"@id\":\"https:\\\/\\\/acuariosupremus.com\\\/?product=wave-maker-boyu-wm-25-con-adaptador-a-c-a-d-c#breadcrumb\",\"itemListElement\":[{\"@type\":\"ListItem\",\"position\":1,\"name\":\"Portada\",\"item\":\"https:\\\/\\\/acuariosupremus.com\\\/\"},{\"@type\":\"ListItem\",\"position\":2,\"name\":\"Tienda\",\"item\":\"https:\\\/\\\/acuariosupremus.com\\\/tienda\\\/\"},{\"@type\":\"ListItem\",\"position\":3,\"name\":\"Wave maker BOYU WM-25, con adaptador A\\\/C a D\\\/C.\"}]},{\"@type\":\"WebSite\",\"@id\":\"https:\\\/\\\/acuariosupremus.com\\\/#website\",\"url\":\"https:\\\/\\\/acuariosupremus.com\\\/\",\"name\":\"Acuario Supremus\",\"description\":\"Peces, Peceras y Mascotas.\",\"publisher\":{\"@id\":\"https:\\\/\\\/acuariosupremus.com\\\/#organization\"},\"potentialAction\":[{\"@type\":\"SearchAction\",\"target\":{\"@type\":\"EntryPoint\",\"urlTemplate\":\"https:\\\/\\\/acuariosupremus.com\\\/?s={search_term_string}\"},\"query-input\":{\"@type\":\"PropertyValueSpecification\",\"valueRequired\":true,\"valueName\":\"search_term_string\"}}],\"inLanguage\":\"es\"},{\"@type\":\"Organization\",\"@id\":\"https:\\\/\\\/acuariosupremus.com\\\/#organization\",\"name\":\"Acuario Supremus\",\"url\":\"https:\\\/\\\/acuariosupremus.com\\\/\",\"logo\":{\"@type\":\"ImageObject\",\"inLanguage\":\"es\",\"@id\":\"https:\\\/\\\/acuariosupremus.com\\\/#\\\/schema\\\/logo\\\/image\\\/\",\"url\":\"https:\\\/\\\/acuariosupremus.com\\\/wp-content\\\/uploads\\\/2021\\\/12\\\/cropped-logo_acuario_supremus_fn-2.png\",\"contentUrl\":\"https:\\\/\\\/acuariosupremus.com\\\/wp-content\\\/uploads\\\/2021\\\/12\\\/cropped-logo_acuario_supremus_fn-2.png\",\"width\":1000,\"height\":318,\"caption\":\"Acuario Supremus\"},\"image\":{\"@id\":\"https:\\\/\\\/acuariosupremus.com\\\/#\\\/schema\\\/logo\\\/image\\\/\"},\"sameAs\":[\"https:\\\/\\\/www.facebook.com\\\/AcuarioSupremus\",\"https:\\\/\\\/x.com\\\/AcuarioSupremus\",\"https:\\\/\\\/www.instagram.com\\\/acuariosupremus\\\/?hl=es\"]}]}<\/script>\n<!-- \/ Yoast SEO plugin. -->","yoast_head_json":{"title":"Wave maker BOYU WM-25, con adaptador A\/C a D\/C. | Acuario Supremus","description":"Peque\u00f1a y silenciosa.Compacta y potente bomba para crear corrientes en acuarios de arrecife. Posee un sistema de sujeci\u00f3n ajustable.","robots":{"index":"index","follow":"follow","max-snippet":"max-snippet:-1","max-image-preview":"max-image-preview:large","max-video-preview":"max-video-preview:-1"},"canonical":"https:\/\/acuariosupremus.com\/?product=wave-maker-boyu-wm-25-con-adaptador-a-c-a-d-c","og_locale":"es_MX","og_type":"article","og_title":"Wave maker BOYU WM-25, con adaptador A\/C a D\/C. | Acuario Supremus","og_description":"Peque\u00f1a y silenciosa.Compacta y potente bomba para crear corrientes en acuarios de arrecife. Posee un sistema de sujeci\u00f3n ajustable.","og_url":"https:\/\/acuariosupremus.com\/?product=wave-maker-boyu-wm-25-con-adaptador-a-c-a-d-c","og_site_name":"Acuario Supremus","article_publisher":"https:\/\/www.facebook.com\/AcuarioSupremus","article_modified_time":"2025-12-24T23:53:26+00:00","og_image":[{"width":1250,"height":1250,"url":"https:\/\/acuariosupremus.com\/wp-content\/uploads\/2022\/04\/wave_maker_wm-25_01.jpg","type":"image\/jpeg"}],"twitter_card":"summary_large_image","twitter_site":"@AcuarioSupremus","twitter_misc":{"Tiempo de lectura":"1 minuto"},"schema":{"@context":"https:\/\/schema.org","@graph":[{"@type":"WebPage","@id":"https:\/\/acuariosupremus.com\/?product=wave-maker-boyu-wm-25-con-adaptador-a-c-a-d-c","url":"https:\/\/acuariosupremus.com\/?product=wave-maker-boyu-wm-25-con-adaptador-a-c-a-d-c","name":"Wave maker BOYU WM-25, con adaptador A\/C a D\/C. | Acuario Supremus","isPartOf":{"@id":"https:\/\/acuariosupremus.com\/#website"},"primaryImageOfPage":{"@id":"https:\/\/acuariosupremus.com\/?product=wave-maker-boyu-wm-25-con-adaptador-a-c-a-d-c#primaryimage"},"image":{"@id":"https:\/\/acuariosupremus.com\/?product=wave-maker-boyu-wm-25-con-adaptador-a-c-a-d-c#primaryimage"},"thumbnailUrl":"https:\/\/acuariosupremus.com\/wp-content\/uploads\/2022\/04\/wave_maker_wm-25_01.jpg","datePublished":"2022-04-29T19:26:50+00:00","dateModified":"2025-12-24T23:53:26+00:00","description":"Peque\u00f1a y silenciosa.Compacta y potente bomba para crear corrientes en acuarios de arrecife. Posee un sistema de sujeci\u00f3n ajustable.","breadcrumb":{"@id":"https:\/\/acuariosupremus.com\/?product=wave-maker-boyu-wm-25-con-adaptador-a-c-a-d-c#breadcrumb"},"inLanguage":"es","potentialAction":[{"@type":"ReadAction","target":["https:\/\/acuariosupremus.com\/?product=wave-maker-boyu-wm-25-con-adaptador-a-c-a-d-c"]}]},{"@type":"ImageObject","inLanguage":"es","@id":"https:\/\/acuariosupremus.com\/?product=wave-maker-boyu-wm-25-con-adaptador-a-c-a-d-c#primaryimage","url":"https:\/\/acuariosupremus.com\/wp-content\/uploads\/2022\/04\/wave_maker_wm-25_01.jpg","contentUrl":"https:\/\/acuariosupremus.com\/wp-content\/uploads\/2022\/04\/wave_maker_wm-25_01.jpg","width":1250,"height":1250},{"@type":"BreadcrumbList","@id":"https:\/\/acuariosupremus.com\/?product=wave-maker-boyu-wm-25-con-adaptador-a-c-a-d-c#breadcrumb","itemListElement":[{"@type":"ListItem","position":1,"name":"Portada","item":"https:\/\/acuariosupremus.com\/"},{"@type":"ListItem","position":2,"name":"Tienda","item":"https:\/\/acuariosupremus.com\/tienda\/"},{"@type":"ListItem","position":3,"name":"Wave maker BOYU WM-25, con adaptador A\/C a D\/C."}]},{"@type":"WebSite","@id":"https:\/\/acuariosupremus.com\/#website","url":"https:\/\/acuariosupremus.com\/","name":"Acuario Supremus","description":"Peces, Peceras y Mascotas.","publisher":{"@id":"https:\/\/acuariosupremus.com\/#organization"},"potentialAction":[{"@type":"SearchAction","target":{"@type":"EntryPoint","urlTemplate":"https:\/\/acuariosupremus.com\/?s={search_term_string}"},"query-input":{"@type":"PropertyValueSpecification","valueRequired":true,"valueName":"search_term_string"}}],"inLanguage":"es"},{"@type":"Organization","@id":"https:\/\/acuariosupremus.com\/#organization","name":"Acuario Supremus","url":"https:\/\/acuariosupremus.com\/","logo":{"@type":"ImageObject","inLanguage":"es","@id":"https:\/\/acuariosupremus.com\/#\/schema\/logo\/image\/","url":"https:\/\/acuariosupremus.com\/wp-content\/uploads\/2021\/12\/cropped-logo_acuario_supremus_fn-2.png","contentUrl":"https:\/\/acuariosupremus.com\/wp-content\/uploads\/2021\/12\/cropped-logo_acuario_supremus_fn-2.png","width":1000,"height":318,"caption":"Acuario Supremus"},"image":{"@id":"https:\/\/acuariosupremus.com\/#\/schema\/logo\/image\/"},"sameAs":["https:\/\/www.facebook.com\/AcuarioSupremus","https:\/\/x.com\/AcuarioSupremus","https:\/\/www.instagram.com\/acuariosupremus\/?hl=es"]}]}},"jetpack_sharing_enabled":true,"_links":{"self":[{"href":"https:\/\/acuariosupremus.com\/index.php?rest_route=\/wp\/v2\/product\/7963","targetHints":{"allow":["GET"]}}],"collection":[{"href":"https:\/\/acuariosupremus.com\/index.php?rest_route=\/wp\/v2\/product"}],"about":[{"href":"https:\/\/acuariosupremus.com\/index.php?rest_route=\/wp\/v2\/types\/product"}],"wp:featuredmedia":[{"embeddable":true,"href":"https:\/\/acuariosupremus.com\/index.php?rest_route=\/wp\/v2\/media\/7964"}],"wp:attachment":[{"href":"https:\/\/acuariosupremus.com\/index.php?rest_route=%2Fwp%2Fv2%2Fmedia&parent=7963"}],"wp:term":[{"taxonomy":"product_brand","embeddable":true,"href":"https:\/\/acuariosupremus.com\/index.php?rest_route=%2Fwp%2Fv2%2Fproduct_brand&post=7963"},{"taxonomy":"product_cat","embeddable":true,"href":"https:\/\/acuariosupremus.com\/index.php?rest_route=%2Fwp%2Fv2%2Fproduct_cat&post=7963"},{"taxonomy":"product_tag","embeddable":true,"href":"https:\/\/acuariosupremus.com\/index.php?rest_route=%2Fwp%2Fv2%2Fproduct_tag&post=7963"}],"curies":[{"name":"wp","href":"https:\/\/api.w.org\/{rel}","templated":true}]}}