{"id":7974,"date":"2022-04-29T14:39:33","date_gmt":"2022-04-29T19:39:33","guid":{"rendered":"https:\/\/acuariosupremus.com\/?post_type=product&#038;p=7974"},"modified":"2025-12-24T17:53:39","modified_gmt":"2025-12-24T23:53:39","slug":"wave-maker-boyu-wm-3e-3000-lph","status":"publish","type":"product","link":"https:\/\/acuariosupremus.com\/?product=wave-maker-boyu-wm-3e-3000-lph","title":{"rendered":"Wave maker BOYU WM-3E, 3000 lph."},"content":{"rendered":"<p>Estos generadores de corrientes son tambi\u00e9n muy \u00fatiles en aquellos acuarios que por diferentes causas requieran un mayor movimiento de agua, como estanques, acuarios plantados, acuarios salobres o aquellos que reproducen en biotopos de r\u00edos con alto movimiento de agua. Est\u00e1n equipadas con un robusto sistema de fijaci\u00f3n orientable basado en una copa de succi\u00f3n r\u00edgida accionada por una palanca que asegura una alta capacidad de succi\u00f3n y estabilidad a la ventosa de goma, que est\u00e1 fabricada con materiales de muy alta calidad para asegurar una larga vida de uso. Esta l\u00ednea de bombas es compatible con los soportes magn\u00e9ticos CLZ-2 y CLZ-3 para sujetar c\u00f3modamente sus bombas en vidrios de hasta 18 mil\u00edmetros de grosor. (NOTA: los soportes magn\u00e9ticos son opcionales).<\/p>\n<p>Corriente: AC 127v\/60Hz (V\/HZ) Consumo 8 (W\/h) Caudal: 3,000 (L\/h)\u00a0 Long. Cable 192 (cm) Tipo de enchufe: \u201cA\u201d 2 pines Peso: 400 (grs.) Dimensiones: 80 x 167 x 144 (l x a x h, mm) Peso c. embalaje: 505 (grs.) Dim. embalaje: 180 x 150 x 90 (l x a x h, mm).<\/p>\n","protected":false},"excerpt":{"rendered":"<p>Eficientes, potentes y silenciosas<br \/>\nBOYU WM-E es una l\u00ednea de bombas generadoras de corrientes especialmente dise\u00f1adas para acuarios de arrecife. Poseen un eficiente motor el\u00e9ctrico DC sin escobillas con tecnolog\u00eda \u201cinverter\u201d que ofrece un alto rendimiento, una alta eficiencia energ\u00e9tica y una larga vida \u00fatil. Estos 5 modelos est\u00e1n equipados con una bobina sin escobillas que aumenta la potencia para obtener mayores caudales para acuarios desde los 100 hasta m\u00e1s de 1.000 litros. Su alta eficiencia y bajo nivel de vibraciones se debe a la tecnolog\u00eda de flujo en su rotor tipo \u201cpropeler\u201d, que adopta una hidrodin\u00e1mica similar a que se usa en las h\u00e9lices de los propulsores en las embarcaciones. Posee un aislante de goma en varias etapas que a\u00edslan el motor de las vibraciones y el ruido, evitando el estr\u00e9s en los peces. El resultado es un funcionamiento muy silencioso a la vez que potente y eficiente, que permitir\u00e1 recrear con facilidad el comportamiento t\u00edpico de las corrientes en los arrecifes.<\/p>\n","protected":false},"featured_media":7975,"template":"","meta":[],"product_brand":[122],"product_cat":[40,45],"product_tag":[178,179,177,629],"class_list":{"0":"post-7974","1":"product","2":"type-product","3":"status-publish","4":"has-post-thumbnail","6":"product_brand-boyu","7":"product_cat-peces","8":"product_cat-cabezas-poder-y-wave-maker","9":"product_tag-arrecife","10":"product_tag-generador-de-olas","11":"product_tag-wave-maker","12":"product_tag-wave-maker-boyu","14":"first","15":"instock","16":"sale","17":"shipping-taxable","18":"purchasable","19":"product-type-simple"},"yoast_head":"<!-- This site is optimized with the Yoast SEO plugin v27.4 - https:\/\/yoast.com\/product\/yoast-seo-wordpress\/ -->\n<title>Wave maker BOYU WM-3E, 3000 lph. | Acuario Supremus<\/title>\n<meta name=\"description\" content=\"Eficientes, potentes y silenciosas BOYU WM-E es una l\u00ednea de bombas generadoras de corrientes especialmente dise\u00f1adas para acuarios de arrecife.\" \/>\n<meta name=\"robots\" content=\"index, follow, max-snippet:-1, max-image-preview:large, max-video-preview:-1\" \/>\n<link rel=\"canonical\" href=\"https:\/\/acuariosupremus.com\/?product=wave-maker-boyu-wm-3e-3000-lph\" \/>\n<meta property=\"og:locale\" content=\"es_MX\" \/>\n<meta property=\"og:type\" content=\"article\" \/>\n<meta property=\"og:title\" content=\"Wave maker BOYU WM-3E, 3000 lph. | Acuario Supremus\" \/>\n<meta property=\"og:description\" content=\"Eficientes, potentes y silenciosas BOYU WM-E es una l\u00ednea de bombas generadoras de corrientes especialmente dise\u00f1adas para acuarios de arrecife.\" \/>\n<meta property=\"og:url\" content=\"https:\/\/acuariosupremus.com\/?product=wave-maker-boyu-wm-3e-3000-lph\" \/>\n<meta property=\"og:site_name\" content=\"Acuario Supremus\" \/>\n<meta property=\"article:publisher\" content=\"https:\/\/www.facebook.com\/AcuarioSupremus\" \/>\n<meta property=\"article:modified_time\" content=\"2025-12-24T23:53:39+00:00\" \/>\n<meta property=\"og:image\" content=\"https:\/\/acuariosupremus.com\/wp-content\/uploads\/2022\/04\/wave_maker_boyu_wm-e_01.jpg\" \/>\n\t<meta property=\"og:image:width\" content=\"1250\" \/>\n\t<meta property=\"og:image:height\" content=\"1250\" \/>\n\t<meta property=\"og:image:type\" content=\"image\/jpeg\" \/>\n<meta name=\"twitter:card\" content=\"summary_large_image\" \/>\n<meta name=\"twitter:site\" content=\"@AcuarioSupremus\" \/>\n<meta name=\"twitter:label1\" content=\"Tiempo de lectura\" \/>\n\t<meta name=\"twitter:data1\" content=\"1 minuto\" \/>\n<script type=\"application\/ld+json\" class=\"yoast-schema-graph\">{\"@context\":\"https:\\\/\\\/schema.org\",\"@graph\":[{\"@type\":\"WebPage\",\"@id\":\"https:\\\/\\\/acuariosupremus.com\\\/?product=wave-maker-boyu-wm-3e-3000-lph\",\"url\":\"https:\\\/\\\/acuariosupremus.com\\\/?product=wave-maker-boyu-wm-3e-3000-lph\",\"name\":\"Wave maker BOYU WM-3E, 3000 lph. | Acuario Supremus\",\"isPartOf\":{\"@id\":\"https:\\\/\\\/acuariosupremus.com\\\/#website\"},\"primaryImageOfPage\":{\"@id\":\"https:\\\/\\\/acuariosupremus.com\\\/?product=wave-maker-boyu-wm-3e-3000-lph#primaryimage\"},\"image\":{\"@id\":\"https:\\\/\\\/acuariosupremus.com\\\/?product=wave-maker-boyu-wm-3e-3000-lph#primaryimage\"},\"thumbnailUrl\":\"https:\\\/\\\/acuariosupremus.com\\\/wp-content\\\/uploads\\\/2022\\\/04\\\/wave_maker_boyu_wm-e_01.jpg\",\"datePublished\":\"2022-04-29T19:39:33+00:00\",\"dateModified\":\"2025-12-24T23:53:39+00:00\",\"description\":\"Eficientes, potentes y silenciosas BOYU WM-E es una l\u00ednea de bombas generadoras de corrientes especialmente dise\u00f1adas para acuarios de arrecife.\",\"breadcrumb\":{\"@id\":\"https:\\\/\\\/acuariosupremus.com\\\/?product=wave-maker-boyu-wm-3e-3000-lph#breadcrumb\"},\"inLanguage\":\"es\",\"potentialAction\":[{\"@type\":\"ReadAction\",\"target\":[\"https:\\\/\\\/acuariosupremus.com\\\/?product=wave-maker-boyu-wm-3e-3000-lph\"]}]},{\"@type\":\"ImageObject\",\"inLanguage\":\"es\",\"@id\":\"https:\\\/\\\/acuariosupremus.com\\\/?product=wave-maker-boyu-wm-3e-3000-lph#primaryimage\",\"url\":\"https:\\\/\\\/acuariosupremus.com\\\/wp-content\\\/uploads\\\/2022\\\/04\\\/wave_maker_boyu_wm-e_01.jpg\",\"contentUrl\":\"https:\\\/\\\/acuariosupremus.com\\\/wp-content\\\/uploads\\\/2022\\\/04\\\/wave_maker_boyu_wm-e_01.jpg\",\"width\":1250,\"height\":1250},{\"@type\":\"BreadcrumbList\",\"@id\":\"https:\\\/\\\/acuariosupremus.com\\\/?product=wave-maker-boyu-wm-3e-3000-lph#breadcrumb\",\"itemListElement\":[{\"@type\":\"ListItem\",\"position\":1,\"name\":\"Portada\",\"item\":\"https:\\\/\\\/acuariosupremus.com\\\/\"},{\"@type\":\"ListItem\",\"position\":2,\"name\":\"Tienda\",\"item\":\"https:\\\/\\\/acuariosupremus.com\\\/tienda\\\/\"},{\"@type\":\"ListItem\",\"position\":3,\"name\":\"Wave maker BOYU WM-3E, 3000 lph.\"}]},{\"@type\":\"WebSite\",\"@id\":\"https:\\\/\\\/acuariosupremus.com\\\/#website\",\"url\":\"https:\\\/\\\/acuariosupremus.com\\\/\",\"name\":\"Acuario Supremus\",\"description\":\"Peces, Peceras y Mascotas.\",\"publisher\":{\"@id\":\"https:\\\/\\\/acuariosupremus.com\\\/#organization\"},\"potentialAction\":[{\"@type\":\"SearchAction\",\"target\":{\"@type\":\"EntryPoint\",\"urlTemplate\":\"https:\\\/\\\/acuariosupremus.com\\\/?s={search_term_string}\"},\"query-input\":{\"@type\":\"PropertyValueSpecification\",\"valueRequired\":true,\"valueName\":\"search_term_string\"}}],\"inLanguage\":\"es\"},{\"@type\":\"Organization\",\"@id\":\"https:\\\/\\\/acuariosupremus.com\\\/#organization\",\"name\":\"Acuario Supremus\",\"url\":\"https:\\\/\\\/acuariosupremus.com\\\/\",\"logo\":{\"@type\":\"ImageObject\",\"inLanguage\":\"es\",\"@id\":\"https:\\\/\\\/acuariosupremus.com\\\/#\\\/schema\\\/logo\\\/image\\\/\",\"url\":\"https:\\\/\\\/acuariosupremus.com\\\/wp-content\\\/uploads\\\/2021\\\/12\\\/cropped-logo_acuario_supremus_fn-2.png\",\"contentUrl\":\"https:\\\/\\\/acuariosupremus.com\\\/wp-content\\\/uploads\\\/2021\\\/12\\\/cropped-logo_acuario_supremus_fn-2.png\",\"width\":1000,\"height\":318,\"caption\":\"Acuario Supremus\"},\"image\":{\"@id\":\"https:\\\/\\\/acuariosupremus.com\\\/#\\\/schema\\\/logo\\\/image\\\/\"},\"sameAs\":[\"https:\\\/\\\/www.facebook.com\\\/AcuarioSupremus\",\"https:\\\/\\\/x.com\\\/AcuarioSupremus\",\"https:\\\/\\\/www.instagram.com\\\/acuariosupremus\\\/?hl=es\"]}]}<\/script>\n<!-- \/ Yoast SEO plugin. -->","yoast_head_json":{"title":"Wave maker BOYU WM-3E, 3000 lph. | Acuario Supremus","description":"Eficientes, potentes y silenciosas BOYU WM-E es una l\u00ednea de bombas generadoras de corrientes especialmente dise\u00f1adas para acuarios de arrecife.","robots":{"index":"index","follow":"follow","max-snippet":"max-snippet:-1","max-image-preview":"max-image-preview:large","max-video-preview":"max-video-preview:-1"},"canonical":"https:\/\/acuariosupremus.com\/?product=wave-maker-boyu-wm-3e-3000-lph","og_locale":"es_MX","og_type":"article","og_title":"Wave maker BOYU WM-3E, 3000 lph. | Acuario Supremus","og_description":"Eficientes, potentes y silenciosas BOYU WM-E es una l\u00ednea de bombas generadoras de corrientes especialmente dise\u00f1adas para acuarios de arrecife.","og_url":"https:\/\/acuariosupremus.com\/?product=wave-maker-boyu-wm-3e-3000-lph","og_site_name":"Acuario Supremus","article_publisher":"https:\/\/www.facebook.com\/AcuarioSupremus","article_modified_time":"2025-12-24T23:53:39+00:00","og_image":[{"width":1250,"height":1250,"url":"https:\/\/acuariosupremus.com\/wp-content\/uploads\/2022\/04\/wave_maker_boyu_wm-e_01.jpg","type":"image\/jpeg"}],"twitter_card":"summary_large_image","twitter_site":"@AcuarioSupremus","twitter_misc":{"Tiempo de lectura":"1 minuto"},"schema":{"@context":"https:\/\/schema.org","@graph":[{"@type":"WebPage","@id":"https:\/\/acuariosupremus.com\/?product=wave-maker-boyu-wm-3e-3000-lph","url":"https:\/\/acuariosupremus.com\/?product=wave-maker-boyu-wm-3e-3000-lph","name":"Wave maker BOYU WM-3E, 3000 lph. | Acuario Supremus","isPartOf":{"@id":"https:\/\/acuariosupremus.com\/#website"},"primaryImageOfPage":{"@id":"https:\/\/acuariosupremus.com\/?product=wave-maker-boyu-wm-3e-3000-lph#primaryimage"},"image":{"@id":"https:\/\/acuariosupremus.com\/?product=wave-maker-boyu-wm-3e-3000-lph#primaryimage"},"thumbnailUrl":"https:\/\/acuariosupremus.com\/wp-content\/uploads\/2022\/04\/wave_maker_boyu_wm-e_01.jpg","datePublished":"2022-04-29T19:39:33+00:00","dateModified":"2025-12-24T23:53:39+00:00","description":"Eficientes, potentes y silenciosas BOYU WM-E es una l\u00ednea de bombas generadoras de corrientes especialmente dise\u00f1adas para acuarios de arrecife.","breadcrumb":{"@id":"https:\/\/acuariosupremus.com\/?product=wave-maker-boyu-wm-3e-3000-lph#breadcrumb"},"inLanguage":"es","potentialAction":[{"@type":"ReadAction","target":["https:\/\/acuariosupremus.com\/?product=wave-maker-boyu-wm-3e-3000-lph"]}]},{"@type":"ImageObject","inLanguage":"es","@id":"https:\/\/acuariosupremus.com\/?product=wave-maker-boyu-wm-3e-3000-lph#primaryimage","url":"https:\/\/acuariosupremus.com\/wp-content\/uploads\/2022\/04\/wave_maker_boyu_wm-e_01.jpg","contentUrl":"https:\/\/acuariosupremus.com\/wp-content\/uploads\/2022\/04\/wave_maker_boyu_wm-e_01.jpg","width":1250,"height":1250},{"@type":"BreadcrumbList","@id":"https:\/\/acuariosupremus.com\/?product=wave-maker-boyu-wm-3e-3000-lph#breadcrumb","itemListElement":[{"@type":"ListItem","position":1,"name":"Portada","item":"https:\/\/acuariosupremus.com\/"},{"@type":"ListItem","position":2,"name":"Tienda","item":"https:\/\/acuariosupremus.com\/tienda\/"},{"@type":"ListItem","position":3,"name":"Wave maker BOYU WM-3E, 3000 lph."}]},{"@type":"WebSite","@id":"https:\/\/acuariosupremus.com\/#website","url":"https:\/\/acuariosupremus.com\/","name":"Acuario Supremus","description":"Peces, Peceras y Mascotas.","publisher":{"@id":"https:\/\/acuariosupremus.com\/#organization"},"potentialAction":[{"@type":"SearchAction","target":{"@type":"EntryPoint","urlTemplate":"https:\/\/acuariosupremus.com\/?s={search_term_string}"},"query-input":{"@type":"PropertyValueSpecification","valueRequired":true,"valueName":"search_term_string"}}],"inLanguage":"es"},{"@type":"Organization","@id":"https:\/\/acuariosupremus.com\/#organization","name":"Acuario Supremus","url":"https:\/\/acuariosupremus.com\/","logo":{"@type":"ImageObject","inLanguage":"es","@id":"https:\/\/acuariosupremus.com\/#\/schema\/logo\/image\/","url":"https:\/\/acuariosupremus.com\/wp-content\/uploads\/2021\/12\/cropped-logo_acuario_supremus_fn-2.png","contentUrl":"https:\/\/acuariosupremus.com\/wp-content\/uploads\/2021\/12\/cropped-logo_acuario_supremus_fn-2.png","width":1000,"height":318,"caption":"Acuario Supremus"},"image":{"@id":"https:\/\/acuariosupremus.com\/#\/schema\/logo\/image\/"},"sameAs":["https:\/\/www.facebook.com\/AcuarioSupremus","https:\/\/x.com\/AcuarioSupremus","https:\/\/www.instagram.com\/acuariosupremus\/?hl=es"]}]}},"jetpack_sharing_enabled":true,"_links":{"self":[{"href":"https:\/\/acuariosupremus.com\/index.php?rest_route=\/wp\/v2\/product\/7974","targetHints":{"allow":["GET"]}}],"collection":[{"href":"https:\/\/acuariosupremus.com\/index.php?rest_route=\/wp\/v2\/product"}],"about":[{"href":"https:\/\/acuariosupremus.com\/index.php?rest_route=\/wp\/v2\/types\/product"}],"wp:featuredmedia":[{"embeddable":true,"href":"https:\/\/acuariosupremus.com\/index.php?rest_route=\/wp\/v2\/media\/7975"}],"wp:attachment":[{"href":"https:\/\/acuariosupremus.com\/index.php?rest_route=%2Fwp%2Fv2%2Fmedia&parent=7974"}],"wp:term":[{"taxonomy":"product_brand","embeddable":true,"href":"https:\/\/acuariosupremus.com\/index.php?rest_route=%2Fwp%2Fv2%2Fproduct_brand&post=7974"},{"taxonomy":"product_cat","embeddable":true,"href":"https:\/\/acuariosupremus.com\/index.php?rest_route=%2Fwp%2Fv2%2Fproduct_cat&post=7974"},{"taxonomy":"product_tag","embeddable":true,"href":"https:\/\/acuariosupremus.com\/index.php?rest_route=%2Fwp%2Fv2%2Fproduct_tag&post=7974"}],"curies":[{"name":"wp","href":"https:\/\/api.w.org\/{rel}","templated":true}]}}