{"id":8009,"date":"2022-04-29T16:16:24","date_gmt":"2022-04-29T21:16:24","guid":{"rendered":"https:\/\/acuariosupremus.com\/?post_type=product&#038;p=8009"},"modified":"2025-12-24T17:55:35","modified_gmt":"2025-12-24T23:55:35","slug":"compresor-de-aire-boyu-acq-009-160-lpm","status":"publish","type":"product","link":"https:\/\/acuariosupremus.com\/?product=compresor-de-aire-boyu-acq-009-160-lpm","title":{"rendered":"Compresor de aire, BOYU ACQ-009 160 lpm."},"content":{"rendered":"<p>Est\u00e1 compuesto por carcasa externa met\u00e1lica que aporta una gran solidez al conjunto, adem\u00e1s de una pr\u00e1ctica asa y un soporte anclable mediante tornillos, ambos elementos fabricados en pl\u00e1stico ABS de gran calidad. Este aparato est\u00e1 dise\u00f1ado mediante computadora con sistema CAD y fabricado bajo los estrictos controles de calidad que ofrece BOYU. En todos los sistemas profesionales, la potencia, confiablilidad y rentabilidad son los factores m\u00e1s determinantes. Es por ello que su motor AC libre de lubricantes usa tecnolog\u00eda de inducci\u00f3n magn\u00e9tica permanente empleando un sistema de un solo pist\u00f3n. Esta tecnolog\u00eda asegura un alto caudal con una presi\u00f3n adecuada, mientras que opera de una forma suave y muy confiable, ahorrando al tiempo energ\u00eda y emitiendo un nivel de ruido y vibraciones muy bajo. La l\u00ednea de compresores BOYU ACQ le garantizar\u00e1 una alta productividad y durabilidad para su negocio con un nivel de mantenimiento casi nulo. Adem\u00e1s, al igual que cualquier otro producto BOYU estos compresores cuentan con un excelente servicio de garant\u00eda y un confiable suministro refacciones y repuestos.<\/p>\n<p>Corriente: AC 127v\/60Hz (V\/HZ) Consumo 105 (W\/h)\u00a0 Long. Cable 189 (cm) Tipo de enchufe: \u201cA\u201d 2 pines Protecci\u00f3n El\u00e9ctrica: IPX4 Presi\u00f3n M\u00e1x. (MPa) 0.030 N\u00famero de salidas: 16\u00a0 Caudal 160 (Litros\/min.) Peso: 4780 (grs.) Dimensiones: 288 x 145 x 158 (l x a x h, mm)\u00a0 Dim. embalaje: 280 x 160 x 220 (l x a x h, mm) Peso con embalaje: 5005(Grs) Conexi\u00f3n (mm) 12\/16 Para acuarios de hasta: 15,000(L) .<\/p>\n","protected":false},"excerpt":{"rendered":"<p>Aireaci\u00f3n para profesionales.<br \/>\nLa l\u00ednea profesional de compresores BOYU ACQ es la m\u00e1s moderna potente y eficiente. Sus 4 modelos abarcan potencias que var\u00edan desde los 70 hasta los 150w, con unos caudales desde los 60 a los 150 l\/m y unas presiones nominales de hasta 0.035 MPa. Estas prestaciones permiten ofrecer aireaci\u00f3n a sistemas acu\u00e1ticos densamente poblados para acuicultura ornamental o de consumo, estanques o sistemas profesionales de acuariofilia de hasta 20.000 litros de capacidad. Incluye una conexi\u00f3n de lat\u00f3n y un distribuidor de hasta 16 salidas de 4\/6 mm.<\/p>\n","protected":false},"featured_media":8001,"template":"","meta":[],"product_brand":[122],"product_cat":[40,44],"product_tag":[181,631],"class_list":{"0":"post-8009","1":"product","2":"type-product","3":"status-publish","4":"has-post-thumbnail","6":"product_brand-boyu","7":"product_cat-peces","8":"product_cat-compresores-de-aire","9":"product_tag-compresor-de-aire","10":"product_tag-compresor-de-aire-boyu-acq","12":"first","13":"instock","14":"sale","15":"shipping-taxable","16":"purchasable","17":"product-type-simple"},"yoast_head":"<!-- This site is optimized with the Yoast SEO plugin v27.4 - https:\/\/yoast.com\/product\/yoast-seo-wordpress\/ -->\n<title>Compresor de aire, BOYU ACQ-009 160 lpm. | Acuario Supremus<\/title>\n<meta name=\"description\" content=\"Aireaci\u00f3n para profesionales.La l\u00ednea profesional de compresores BOYU ACQ es la m\u00e1s moderna potente y eficiente.\" \/>\n<meta name=\"robots\" content=\"index, follow, max-snippet:-1, max-image-preview:large, max-video-preview:-1\" \/>\n<link rel=\"canonical\" href=\"https:\/\/acuariosupremus.com\/?product=compresor-de-aire-boyu-acq-009-160-lpm\" \/>\n<meta property=\"og:locale\" content=\"es_MX\" \/>\n<meta property=\"og:type\" content=\"article\" \/>\n<meta property=\"og:title\" content=\"Compresor de aire, BOYU ACQ-009 160 lpm. | Acuario Supremus\" \/>\n<meta property=\"og:description\" content=\"Aireaci\u00f3n para profesionales.La l\u00ednea profesional de compresores BOYU ACQ es la m\u00e1s moderna potente y eficiente.\" \/>\n<meta property=\"og:url\" content=\"https:\/\/acuariosupremus.com\/?product=compresor-de-aire-boyu-acq-009-160-lpm\" \/>\n<meta property=\"og:site_name\" content=\"Acuario Supremus\" \/>\n<meta property=\"article:publisher\" content=\"https:\/\/www.facebook.com\/AcuarioSupremus\" \/>\n<meta property=\"article:modified_time\" content=\"2025-12-24T23:55:35+00:00\" \/>\n<meta property=\"og:image\" content=\"https:\/\/acuariosupremus.com\/wp-content\/uploads\/2022\/04\/bomba_de_aire_acq_01.jpg\" \/>\n\t<meta property=\"og:image:width\" content=\"1250\" \/>\n\t<meta property=\"og:image:height\" content=\"1250\" \/>\n\t<meta property=\"og:image:type\" content=\"image\/jpeg\" \/>\n<meta name=\"twitter:card\" content=\"summary_large_image\" \/>\n<meta name=\"twitter:site\" content=\"@AcuarioSupremus\" \/>\n<meta name=\"twitter:label1\" content=\"Tiempo de lectura\" \/>\n\t<meta name=\"twitter:data1\" content=\"2 minutos\" \/>\n<script type=\"application\/ld+json\" class=\"yoast-schema-graph\">{\"@context\":\"https:\\\/\\\/schema.org\",\"@graph\":[{\"@type\":\"WebPage\",\"@id\":\"https:\\\/\\\/acuariosupremus.com\\\/?product=compresor-de-aire-boyu-acq-009-160-lpm\",\"url\":\"https:\\\/\\\/acuariosupremus.com\\\/?product=compresor-de-aire-boyu-acq-009-160-lpm\",\"name\":\"Compresor de aire, BOYU ACQ-009 160 lpm. | Acuario Supremus\",\"isPartOf\":{\"@id\":\"https:\\\/\\\/acuariosupremus.com\\\/#website\"},\"primaryImageOfPage\":{\"@id\":\"https:\\\/\\\/acuariosupremus.com\\\/?product=compresor-de-aire-boyu-acq-009-160-lpm#primaryimage\"},\"image\":{\"@id\":\"https:\\\/\\\/acuariosupremus.com\\\/?product=compresor-de-aire-boyu-acq-009-160-lpm#primaryimage\"},\"thumbnailUrl\":\"https:\\\/\\\/acuariosupremus.com\\\/wp-content\\\/uploads\\\/2022\\\/04\\\/bomba_de_aire_acq_01.jpg\",\"datePublished\":\"2022-04-29T21:16:24+00:00\",\"dateModified\":\"2025-12-24T23:55:35+00:00\",\"description\":\"Aireaci\u00f3n para profesionales.La l\u00ednea profesional de compresores BOYU ACQ es la m\u00e1s moderna potente y eficiente.\",\"breadcrumb\":{\"@id\":\"https:\\\/\\\/acuariosupremus.com\\\/?product=compresor-de-aire-boyu-acq-009-160-lpm#breadcrumb\"},\"inLanguage\":\"es\",\"potentialAction\":[{\"@type\":\"ReadAction\",\"target\":[\"https:\\\/\\\/acuariosupremus.com\\\/?product=compresor-de-aire-boyu-acq-009-160-lpm\"]}]},{\"@type\":\"ImageObject\",\"inLanguage\":\"es\",\"@id\":\"https:\\\/\\\/acuariosupremus.com\\\/?product=compresor-de-aire-boyu-acq-009-160-lpm#primaryimage\",\"url\":\"https:\\\/\\\/acuariosupremus.com\\\/wp-content\\\/uploads\\\/2022\\\/04\\\/bomba_de_aire_acq_01.jpg\",\"contentUrl\":\"https:\\\/\\\/acuariosupremus.com\\\/wp-content\\\/uploads\\\/2022\\\/04\\\/bomba_de_aire_acq_01.jpg\",\"width\":1250,\"height\":1250},{\"@type\":\"BreadcrumbList\",\"@id\":\"https:\\\/\\\/acuariosupremus.com\\\/?product=compresor-de-aire-boyu-acq-009-160-lpm#breadcrumb\",\"itemListElement\":[{\"@type\":\"ListItem\",\"position\":1,\"name\":\"Portada\",\"item\":\"https:\\\/\\\/acuariosupremus.com\\\/\"},{\"@type\":\"ListItem\",\"position\":2,\"name\":\"Tienda\",\"item\":\"https:\\\/\\\/acuariosupremus.com\\\/tienda\\\/\"},{\"@type\":\"ListItem\",\"position\":3,\"name\":\"Compresor de aire, BOYU ACQ-009 160 lpm.\"}]},{\"@type\":\"WebSite\",\"@id\":\"https:\\\/\\\/acuariosupremus.com\\\/#website\",\"url\":\"https:\\\/\\\/acuariosupremus.com\\\/\",\"name\":\"Acuario Supremus\",\"description\":\"Peces, Peceras y Mascotas.\",\"publisher\":{\"@id\":\"https:\\\/\\\/acuariosupremus.com\\\/#organization\"},\"potentialAction\":[{\"@type\":\"SearchAction\",\"target\":{\"@type\":\"EntryPoint\",\"urlTemplate\":\"https:\\\/\\\/acuariosupremus.com\\\/?s={search_term_string}\"},\"query-input\":{\"@type\":\"PropertyValueSpecification\",\"valueRequired\":true,\"valueName\":\"search_term_string\"}}],\"inLanguage\":\"es\"},{\"@type\":\"Organization\",\"@id\":\"https:\\\/\\\/acuariosupremus.com\\\/#organization\",\"name\":\"Acuario Supremus\",\"url\":\"https:\\\/\\\/acuariosupremus.com\\\/\",\"logo\":{\"@type\":\"ImageObject\",\"inLanguage\":\"es\",\"@id\":\"https:\\\/\\\/acuariosupremus.com\\\/#\\\/schema\\\/logo\\\/image\\\/\",\"url\":\"https:\\\/\\\/acuariosupremus.com\\\/wp-content\\\/uploads\\\/2021\\\/12\\\/cropped-logo_acuario_supremus_fn-2.png\",\"contentUrl\":\"https:\\\/\\\/acuariosupremus.com\\\/wp-content\\\/uploads\\\/2021\\\/12\\\/cropped-logo_acuario_supremus_fn-2.png\",\"width\":1000,\"height\":318,\"caption\":\"Acuario Supremus\"},\"image\":{\"@id\":\"https:\\\/\\\/acuariosupremus.com\\\/#\\\/schema\\\/logo\\\/image\\\/\"},\"sameAs\":[\"https:\\\/\\\/www.facebook.com\\\/AcuarioSupremus\",\"https:\\\/\\\/x.com\\\/AcuarioSupremus\",\"https:\\\/\\\/www.instagram.com\\\/acuariosupremus\\\/?hl=es\"]}]}<\/script>\n<!-- \/ Yoast SEO plugin. -->","yoast_head_json":{"title":"Compresor de aire, BOYU ACQ-009 160 lpm. | Acuario Supremus","description":"Aireaci\u00f3n para profesionales.La l\u00ednea profesional de compresores BOYU ACQ es la m\u00e1s moderna potente y eficiente.","robots":{"index":"index","follow":"follow","max-snippet":"max-snippet:-1","max-image-preview":"max-image-preview:large","max-video-preview":"max-video-preview:-1"},"canonical":"https:\/\/acuariosupremus.com\/?product=compresor-de-aire-boyu-acq-009-160-lpm","og_locale":"es_MX","og_type":"article","og_title":"Compresor de aire, BOYU ACQ-009 160 lpm. | Acuario Supremus","og_description":"Aireaci\u00f3n para profesionales.La l\u00ednea profesional de compresores BOYU ACQ es la m\u00e1s moderna potente y eficiente.","og_url":"https:\/\/acuariosupremus.com\/?product=compresor-de-aire-boyu-acq-009-160-lpm","og_site_name":"Acuario Supremus","article_publisher":"https:\/\/www.facebook.com\/AcuarioSupremus","article_modified_time":"2025-12-24T23:55:35+00:00","og_image":[{"width":1250,"height":1250,"url":"https:\/\/acuariosupremus.com\/wp-content\/uploads\/2022\/04\/bomba_de_aire_acq_01.jpg","type":"image\/jpeg"}],"twitter_card":"summary_large_image","twitter_site":"@AcuarioSupremus","twitter_misc":{"Tiempo de lectura":"2 minutos"},"schema":{"@context":"https:\/\/schema.org","@graph":[{"@type":"WebPage","@id":"https:\/\/acuariosupremus.com\/?product=compresor-de-aire-boyu-acq-009-160-lpm","url":"https:\/\/acuariosupremus.com\/?product=compresor-de-aire-boyu-acq-009-160-lpm","name":"Compresor de aire, BOYU ACQ-009 160 lpm. | Acuario Supremus","isPartOf":{"@id":"https:\/\/acuariosupremus.com\/#website"},"primaryImageOfPage":{"@id":"https:\/\/acuariosupremus.com\/?product=compresor-de-aire-boyu-acq-009-160-lpm#primaryimage"},"image":{"@id":"https:\/\/acuariosupremus.com\/?product=compresor-de-aire-boyu-acq-009-160-lpm#primaryimage"},"thumbnailUrl":"https:\/\/acuariosupremus.com\/wp-content\/uploads\/2022\/04\/bomba_de_aire_acq_01.jpg","datePublished":"2022-04-29T21:16:24+00:00","dateModified":"2025-12-24T23:55:35+00:00","description":"Aireaci\u00f3n para profesionales.La l\u00ednea profesional de compresores BOYU ACQ es la m\u00e1s moderna potente y eficiente.","breadcrumb":{"@id":"https:\/\/acuariosupremus.com\/?product=compresor-de-aire-boyu-acq-009-160-lpm#breadcrumb"},"inLanguage":"es","potentialAction":[{"@type":"ReadAction","target":["https:\/\/acuariosupremus.com\/?product=compresor-de-aire-boyu-acq-009-160-lpm"]}]},{"@type":"ImageObject","inLanguage":"es","@id":"https:\/\/acuariosupremus.com\/?product=compresor-de-aire-boyu-acq-009-160-lpm#primaryimage","url":"https:\/\/acuariosupremus.com\/wp-content\/uploads\/2022\/04\/bomba_de_aire_acq_01.jpg","contentUrl":"https:\/\/acuariosupremus.com\/wp-content\/uploads\/2022\/04\/bomba_de_aire_acq_01.jpg","width":1250,"height":1250},{"@type":"BreadcrumbList","@id":"https:\/\/acuariosupremus.com\/?product=compresor-de-aire-boyu-acq-009-160-lpm#breadcrumb","itemListElement":[{"@type":"ListItem","position":1,"name":"Portada","item":"https:\/\/acuariosupremus.com\/"},{"@type":"ListItem","position":2,"name":"Tienda","item":"https:\/\/acuariosupremus.com\/tienda\/"},{"@type":"ListItem","position":3,"name":"Compresor de aire, BOYU ACQ-009 160 lpm."}]},{"@type":"WebSite","@id":"https:\/\/acuariosupremus.com\/#website","url":"https:\/\/acuariosupremus.com\/","name":"Acuario Supremus","description":"Peces, Peceras y Mascotas.","publisher":{"@id":"https:\/\/acuariosupremus.com\/#organization"},"potentialAction":[{"@type":"SearchAction","target":{"@type":"EntryPoint","urlTemplate":"https:\/\/acuariosupremus.com\/?s={search_term_string}"},"query-input":{"@type":"PropertyValueSpecification","valueRequired":true,"valueName":"search_term_string"}}],"inLanguage":"es"},{"@type":"Organization","@id":"https:\/\/acuariosupremus.com\/#organization","name":"Acuario Supremus","url":"https:\/\/acuariosupremus.com\/","logo":{"@type":"ImageObject","inLanguage":"es","@id":"https:\/\/acuariosupremus.com\/#\/schema\/logo\/image\/","url":"https:\/\/acuariosupremus.com\/wp-content\/uploads\/2021\/12\/cropped-logo_acuario_supremus_fn-2.png","contentUrl":"https:\/\/acuariosupremus.com\/wp-content\/uploads\/2021\/12\/cropped-logo_acuario_supremus_fn-2.png","width":1000,"height":318,"caption":"Acuario Supremus"},"image":{"@id":"https:\/\/acuariosupremus.com\/#\/schema\/logo\/image\/"},"sameAs":["https:\/\/www.facebook.com\/AcuarioSupremus","https:\/\/x.com\/AcuarioSupremus","https:\/\/www.instagram.com\/acuariosupremus\/?hl=es"]}]}},"jetpack_sharing_enabled":true,"_links":{"self":[{"href":"https:\/\/acuariosupremus.com\/index.php?rest_route=\/wp\/v2\/product\/8009","targetHints":{"allow":["GET"]}}],"collection":[{"href":"https:\/\/acuariosupremus.com\/index.php?rest_route=\/wp\/v2\/product"}],"about":[{"href":"https:\/\/acuariosupremus.com\/index.php?rest_route=\/wp\/v2\/types\/product"}],"wp:featuredmedia":[{"embeddable":true,"href":"https:\/\/acuariosupremus.com\/index.php?rest_route=\/wp\/v2\/media\/8001"}],"wp:attachment":[{"href":"https:\/\/acuariosupremus.com\/index.php?rest_route=%2Fwp%2Fv2%2Fmedia&parent=8009"}],"wp:term":[{"taxonomy":"product_brand","embeddable":true,"href":"https:\/\/acuariosupremus.com\/index.php?rest_route=%2Fwp%2Fv2%2Fproduct_brand&post=8009"},{"taxonomy":"product_cat","embeddable":true,"href":"https:\/\/acuariosupremus.com\/index.php?rest_route=%2Fwp%2Fv2%2Fproduct_cat&post=8009"},{"taxonomy":"product_tag","embeddable":true,"href":"https:\/\/acuariosupremus.com\/index.php?rest_route=%2Fwp%2Fv2%2Fproduct_tag&post=8009"}],"curies":[{"name":"wp","href":"https:\/\/api.w.org\/{rel}","templated":true}]}}