{"id":8052,"date":"2022-04-29T19:46:22","date_gmt":"2022-04-30T00:46:22","guid":{"rendered":"https:\/\/acuariosupremus.com\/?post_type=product&#038;p=8052"},"modified":"2025-12-24T18:00:52","modified_gmt":"2025-12-25T00:00:52","slug":"bomba-de-aire-2-salidas-32-lpm-boyu-sa-1500","status":"publish","type":"product","link":"https:\/\/acuariosupremus.com\/?product=bomba-de-aire-2-salidas-32-lpm-boyu-sa-1500","title":{"rendered":"Bomba de aire 2 salidas 3,2 lpm, BOYU SA-1500."},"content":{"rendered":"<p>Cuenta con dos conexiones pl\u00e1sticas para sus salidas de aire y un regulador neum\u00e1tico para ajustar el caudal a las necesidades puntuales de su acuario. El cuerpo del aireador est\u00e1 protegido contra eventuales salpicaduras de agua, (IPx4) y cuenta con un filtro de aire remplazable que impedir\u00e1 que el polvo penetre en el motor y en el acuario. Esta bomba de elegante y a la vez robusto dise\u00f1o ofrece una presi\u00f3n nominal de 0.12 Mpa con un caudal de 3.2 litros por minuto para cada una de sus dos salidas de aire.<\/p>\n<p>Corriente: AC 127v\/60Hz (V\/HZ) Consumo 6 (W\/h)\u00a0 Long. Cable 102 (cm) Tipo de enchufe: \u201cA\u201d 2 pines Protecci\u00f3n El\u00e9ctrica: IPX4 Presi\u00f3n M\u00e1x. (MPa) 0.012 N\u00famero de salidas: 2\u00a0 Caudal 2&#215;3.2 (Litros\/min.) Peso: 435 (grs.) Dimensiones: 130 x 75 x 59 (l x a x h, mm)\u00a0 Dim. embalaje: 145 x 92 x 98 (l x a x h, mm) Peso con embalaje: 485(Grs)\u00a0 Para acuarios de hasta: 200 (L) .<\/p>\n","protected":false},"excerpt":{"rendered":"<p>Potente y silenciosa.<br \/>\nLa bomba de aire BOYU SA 1500 es un simple pero eficaz aireador de dos salidas para acuarios de hasta 200 litros de capacidad, que proporciona la aireaci\u00f3n que necesita su acuario de una forma confiable y silenciosa. Equipa un motor libre de lubricantes que emplea el tradicional sistema de impulsi\u00f3n de aire mediante tambor y membrana de elast\u00f3mero de alta resistencia. Este modelo es una soluci\u00f3n pr\u00e1ctica y econ\u00f3mica para acuarios de mediano tama\u00f1o, ya que ocupa poco espacio, requiere un consumo el\u00e9ctrico reducido y emite pocas vibraciones con un nivel de ruido aceptable, gracias a sus cuatro soportes de goma especiales que aislar\u00e1n eficazmente el conjunto.<\/p>\n","protected":false},"featured_media":8054,"template":"","meta":[],"product_brand":[122],"product_cat":[40,44],"product_tag":[181,184],"class_list":{"0":"post-8052","1":"product","2":"type-product","3":"status-publish","4":"has-post-thumbnail","6":"product_brand-boyu","7":"product_cat-peces","8":"product_cat-compresores-de-aire","9":"product_tag-compresor-de-aire","10":"product_tag-compresor-de-aire-2-salidas","12":"first","13":"instock","14":"sale","15":"shipping-taxable","16":"purchasable","17":"product-type-simple"},"yoast_head":"<!-- This site is optimized with the Yoast SEO plugin v27.4 - https:\/\/yoast.com\/product\/yoast-seo-wordpress\/ -->\n<title>Bomba de aire 2 salidas 3,2 lpm, BOYU SA-1500. | Acuario Supremus<\/title>\n<meta name=\"description\" content=\"La bomba de aire BOYU SA 1500 es de dos salidas para acuarios de hasta 200 litros de capacidad, que proporciona la aireaci\u00f3n que necesita su acuario.\" \/>\n<meta name=\"robots\" content=\"index, follow, max-snippet:-1, max-image-preview:large, max-video-preview:-1\" \/>\n<link rel=\"canonical\" href=\"https:\/\/acuariosupremus.com\/?product=bomba-de-aire-2-salidas-32-lpm-boyu-sa-1500\" \/>\n<meta property=\"og:locale\" content=\"es_MX\" \/>\n<meta property=\"og:type\" content=\"article\" \/>\n<meta property=\"og:title\" content=\"Bomba de aire 2 salidas 3,2 lpm, BOYU SA-1500. | Acuario Supremus\" \/>\n<meta property=\"og:description\" content=\"La bomba de aire BOYU SA 1500 es de dos salidas para acuarios de hasta 200 litros de capacidad, que proporciona la aireaci\u00f3n que necesita su acuario.\" \/>\n<meta property=\"og:url\" content=\"https:\/\/acuariosupremus.com\/?product=bomba-de-aire-2-salidas-32-lpm-boyu-sa-1500\" \/>\n<meta property=\"og:site_name\" content=\"Acuario Supremus\" \/>\n<meta property=\"article:publisher\" content=\"https:\/\/www.facebook.com\/AcuarioSupremus\" \/>\n<meta property=\"article:modified_time\" content=\"2025-12-25T00:00:52+00:00\" \/>\n<meta property=\"og:image\" content=\"https:\/\/acuariosupremus.com\/wp-content\/uploads\/2022\/04\/bomba_de_aire_sa1500_01.jpg\" \/>\n\t<meta property=\"og:image:width\" content=\"1250\" \/>\n\t<meta property=\"og:image:height\" content=\"1250\" \/>\n\t<meta property=\"og:image:type\" content=\"image\/jpeg\" \/>\n<meta name=\"twitter:card\" content=\"summary_large_image\" \/>\n<meta name=\"twitter:site\" content=\"@AcuarioSupremus\" \/>\n<meta name=\"twitter:label1\" content=\"Tiempo de lectura\" \/>\n\t<meta name=\"twitter:data1\" content=\"1 minuto\" \/>\n<script type=\"application\/ld+json\" class=\"yoast-schema-graph\">{\"@context\":\"https:\\\/\\\/schema.org\",\"@graph\":[{\"@type\":\"WebPage\",\"@id\":\"https:\\\/\\\/acuariosupremus.com\\\/?product=bomba-de-aire-2-salidas-32-lpm-boyu-sa-1500\",\"url\":\"https:\\\/\\\/acuariosupremus.com\\\/?product=bomba-de-aire-2-salidas-32-lpm-boyu-sa-1500\",\"name\":\"Bomba de aire 2 salidas 3,2 lpm, BOYU SA-1500. | Acuario Supremus\",\"isPartOf\":{\"@id\":\"https:\\\/\\\/acuariosupremus.com\\\/#website\"},\"primaryImageOfPage\":{\"@id\":\"https:\\\/\\\/acuariosupremus.com\\\/?product=bomba-de-aire-2-salidas-32-lpm-boyu-sa-1500#primaryimage\"},\"image\":{\"@id\":\"https:\\\/\\\/acuariosupremus.com\\\/?product=bomba-de-aire-2-salidas-32-lpm-boyu-sa-1500#primaryimage\"},\"thumbnailUrl\":\"https:\\\/\\\/acuariosupremus.com\\\/wp-content\\\/uploads\\\/2022\\\/04\\\/bomba_de_aire_sa1500_01.jpg\",\"datePublished\":\"2022-04-30T00:46:22+00:00\",\"dateModified\":\"2025-12-25T00:00:52+00:00\",\"description\":\"La bomba de aire BOYU SA 1500 es de dos salidas para acuarios de hasta 200 litros de capacidad, que proporciona la aireaci\u00f3n que necesita su acuario.\",\"breadcrumb\":{\"@id\":\"https:\\\/\\\/acuariosupremus.com\\\/?product=bomba-de-aire-2-salidas-32-lpm-boyu-sa-1500#breadcrumb\"},\"inLanguage\":\"es\",\"potentialAction\":[{\"@type\":\"ReadAction\",\"target\":[\"https:\\\/\\\/acuariosupremus.com\\\/?product=bomba-de-aire-2-salidas-32-lpm-boyu-sa-1500\"]}]},{\"@type\":\"ImageObject\",\"inLanguage\":\"es\",\"@id\":\"https:\\\/\\\/acuariosupremus.com\\\/?product=bomba-de-aire-2-salidas-32-lpm-boyu-sa-1500#primaryimage\",\"url\":\"https:\\\/\\\/acuariosupremus.com\\\/wp-content\\\/uploads\\\/2022\\\/04\\\/bomba_de_aire_sa1500_01.jpg\",\"contentUrl\":\"https:\\\/\\\/acuariosupremus.com\\\/wp-content\\\/uploads\\\/2022\\\/04\\\/bomba_de_aire_sa1500_01.jpg\",\"width\":1250,\"height\":1250},{\"@type\":\"BreadcrumbList\",\"@id\":\"https:\\\/\\\/acuariosupremus.com\\\/?product=bomba-de-aire-2-salidas-32-lpm-boyu-sa-1500#breadcrumb\",\"itemListElement\":[{\"@type\":\"ListItem\",\"position\":1,\"name\":\"Portada\",\"item\":\"https:\\\/\\\/acuariosupremus.com\\\/\"},{\"@type\":\"ListItem\",\"position\":2,\"name\":\"Tienda\",\"item\":\"https:\\\/\\\/acuariosupremus.com\\\/tienda\\\/\"},{\"@type\":\"ListItem\",\"position\":3,\"name\":\"Bomba de aire 2 salidas 3,2 lpm, BOYU SA-1500.\"}]},{\"@type\":\"WebSite\",\"@id\":\"https:\\\/\\\/acuariosupremus.com\\\/#website\",\"url\":\"https:\\\/\\\/acuariosupremus.com\\\/\",\"name\":\"Acuario Supremus\",\"description\":\"Peces, Peceras y Mascotas.\",\"publisher\":{\"@id\":\"https:\\\/\\\/acuariosupremus.com\\\/#organization\"},\"potentialAction\":[{\"@type\":\"SearchAction\",\"target\":{\"@type\":\"EntryPoint\",\"urlTemplate\":\"https:\\\/\\\/acuariosupremus.com\\\/?s={search_term_string}\"},\"query-input\":{\"@type\":\"PropertyValueSpecification\",\"valueRequired\":true,\"valueName\":\"search_term_string\"}}],\"inLanguage\":\"es\"},{\"@type\":\"Organization\",\"@id\":\"https:\\\/\\\/acuariosupremus.com\\\/#organization\",\"name\":\"Acuario Supremus\",\"url\":\"https:\\\/\\\/acuariosupremus.com\\\/\",\"logo\":{\"@type\":\"ImageObject\",\"inLanguage\":\"es\",\"@id\":\"https:\\\/\\\/acuariosupremus.com\\\/#\\\/schema\\\/logo\\\/image\\\/\",\"url\":\"https:\\\/\\\/acuariosupremus.com\\\/wp-content\\\/uploads\\\/2021\\\/12\\\/cropped-logo_acuario_supremus_fn-2.png\",\"contentUrl\":\"https:\\\/\\\/acuariosupremus.com\\\/wp-content\\\/uploads\\\/2021\\\/12\\\/cropped-logo_acuario_supremus_fn-2.png\",\"width\":1000,\"height\":318,\"caption\":\"Acuario Supremus\"},\"image\":{\"@id\":\"https:\\\/\\\/acuariosupremus.com\\\/#\\\/schema\\\/logo\\\/image\\\/\"},\"sameAs\":[\"https:\\\/\\\/www.facebook.com\\\/AcuarioSupremus\",\"https:\\\/\\\/x.com\\\/AcuarioSupremus\",\"https:\\\/\\\/www.instagram.com\\\/acuariosupremus\\\/?hl=es\"]}]}<\/script>\n<!-- \/ Yoast SEO plugin. -->","yoast_head_json":{"title":"Bomba de aire 2 salidas 3,2 lpm, BOYU SA-1500. | Acuario Supremus","description":"La bomba de aire BOYU SA 1500 es de dos salidas para acuarios de hasta 200 litros de capacidad, que proporciona la aireaci\u00f3n que necesita su acuario.","robots":{"index":"index","follow":"follow","max-snippet":"max-snippet:-1","max-image-preview":"max-image-preview:large","max-video-preview":"max-video-preview:-1"},"canonical":"https:\/\/acuariosupremus.com\/?product=bomba-de-aire-2-salidas-32-lpm-boyu-sa-1500","og_locale":"es_MX","og_type":"article","og_title":"Bomba de aire 2 salidas 3,2 lpm, BOYU SA-1500. | Acuario Supremus","og_description":"La bomba de aire BOYU SA 1500 es de dos salidas para acuarios de hasta 200 litros de capacidad, que proporciona la aireaci\u00f3n que necesita su acuario.","og_url":"https:\/\/acuariosupremus.com\/?product=bomba-de-aire-2-salidas-32-lpm-boyu-sa-1500","og_site_name":"Acuario Supremus","article_publisher":"https:\/\/www.facebook.com\/AcuarioSupremus","article_modified_time":"2025-12-25T00:00:52+00:00","og_image":[{"width":1250,"height":1250,"url":"https:\/\/acuariosupremus.com\/wp-content\/uploads\/2022\/04\/bomba_de_aire_sa1500_01.jpg","type":"image\/jpeg"}],"twitter_card":"summary_large_image","twitter_site":"@AcuarioSupremus","twitter_misc":{"Tiempo de lectura":"1 minuto"},"schema":{"@context":"https:\/\/schema.org","@graph":[{"@type":"WebPage","@id":"https:\/\/acuariosupremus.com\/?product=bomba-de-aire-2-salidas-32-lpm-boyu-sa-1500","url":"https:\/\/acuariosupremus.com\/?product=bomba-de-aire-2-salidas-32-lpm-boyu-sa-1500","name":"Bomba de aire 2 salidas 3,2 lpm, BOYU SA-1500. | Acuario Supremus","isPartOf":{"@id":"https:\/\/acuariosupremus.com\/#website"},"primaryImageOfPage":{"@id":"https:\/\/acuariosupremus.com\/?product=bomba-de-aire-2-salidas-32-lpm-boyu-sa-1500#primaryimage"},"image":{"@id":"https:\/\/acuariosupremus.com\/?product=bomba-de-aire-2-salidas-32-lpm-boyu-sa-1500#primaryimage"},"thumbnailUrl":"https:\/\/acuariosupremus.com\/wp-content\/uploads\/2022\/04\/bomba_de_aire_sa1500_01.jpg","datePublished":"2022-04-30T00:46:22+00:00","dateModified":"2025-12-25T00:00:52+00:00","description":"La bomba de aire BOYU SA 1500 es de dos salidas para acuarios de hasta 200 litros de capacidad, que proporciona la aireaci\u00f3n que necesita su acuario.","breadcrumb":{"@id":"https:\/\/acuariosupremus.com\/?product=bomba-de-aire-2-salidas-32-lpm-boyu-sa-1500#breadcrumb"},"inLanguage":"es","potentialAction":[{"@type":"ReadAction","target":["https:\/\/acuariosupremus.com\/?product=bomba-de-aire-2-salidas-32-lpm-boyu-sa-1500"]}]},{"@type":"ImageObject","inLanguage":"es","@id":"https:\/\/acuariosupremus.com\/?product=bomba-de-aire-2-salidas-32-lpm-boyu-sa-1500#primaryimage","url":"https:\/\/acuariosupremus.com\/wp-content\/uploads\/2022\/04\/bomba_de_aire_sa1500_01.jpg","contentUrl":"https:\/\/acuariosupremus.com\/wp-content\/uploads\/2022\/04\/bomba_de_aire_sa1500_01.jpg","width":1250,"height":1250},{"@type":"BreadcrumbList","@id":"https:\/\/acuariosupremus.com\/?product=bomba-de-aire-2-salidas-32-lpm-boyu-sa-1500#breadcrumb","itemListElement":[{"@type":"ListItem","position":1,"name":"Portada","item":"https:\/\/acuariosupremus.com\/"},{"@type":"ListItem","position":2,"name":"Tienda","item":"https:\/\/acuariosupremus.com\/tienda\/"},{"@type":"ListItem","position":3,"name":"Bomba de aire 2 salidas 3,2 lpm, BOYU SA-1500."}]},{"@type":"WebSite","@id":"https:\/\/acuariosupremus.com\/#website","url":"https:\/\/acuariosupremus.com\/","name":"Acuario Supremus","description":"Peces, Peceras y Mascotas.","publisher":{"@id":"https:\/\/acuariosupremus.com\/#organization"},"potentialAction":[{"@type":"SearchAction","target":{"@type":"EntryPoint","urlTemplate":"https:\/\/acuariosupremus.com\/?s={search_term_string}"},"query-input":{"@type":"PropertyValueSpecification","valueRequired":true,"valueName":"search_term_string"}}],"inLanguage":"es"},{"@type":"Organization","@id":"https:\/\/acuariosupremus.com\/#organization","name":"Acuario Supremus","url":"https:\/\/acuariosupremus.com\/","logo":{"@type":"ImageObject","inLanguage":"es","@id":"https:\/\/acuariosupremus.com\/#\/schema\/logo\/image\/","url":"https:\/\/acuariosupremus.com\/wp-content\/uploads\/2021\/12\/cropped-logo_acuario_supremus_fn-2.png","contentUrl":"https:\/\/acuariosupremus.com\/wp-content\/uploads\/2021\/12\/cropped-logo_acuario_supremus_fn-2.png","width":1000,"height":318,"caption":"Acuario Supremus"},"image":{"@id":"https:\/\/acuariosupremus.com\/#\/schema\/logo\/image\/"},"sameAs":["https:\/\/www.facebook.com\/AcuarioSupremus","https:\/\/x.com\/AcuarioSupremus","https:\/\/www.instagram.com\/acuariosupremus\/?hl=es"]}]}},"jetpack_sharing_enabled":true,"_links":{"self":[{"href":"https:\/\/acuariosupremus.com\/index.php?rest_route=\/wp\/v2\/product\/8052","targetHints":{"allow":["GET"]}}],"collection":[{"href":"https:\/\/acuariosupremus.com\/index.php?rest_route=\/wp\/v2\/product"}],"about":[{"href":"https:\/\/acuariosupremus.com\/index.php?rest_route=\/wp\/v2\/types\/product"}],"wp:featuredmedia":[{"embeddable":true,"href":"https:\/\/acuariosupremus.com\/index.php?rest_route=\/wp\/v2\/media\/8054"}],"wp:attachment":[{"href":"https:\/\/acuariosupremus.com\/index.php?rest_route=%2Fwp%2Fv2%2Fmedia&parent=8052"}],"wp:term":[{"taxonomy":"product_brand","embeddable":true,"href":"https:\/\/acuariosupremus.com\/index.php?rest_route=%2Fwp%2Fv2%2Fproduct_brand&post=8052"},{"taxonomy":"product_cat","embeddable":true,"href":"https:\/\/acuariosupremus.com\/index.php?rest_route=%2Fwp%2Fv2%2Fproduct_cat&post=8052"},{"taxonomy":"product_tag","embeddable":true,"href":"https:\/\/acuariosupremus.com\/index.php?rest_route=%2Fwp%2Fv2%2Fproduct_tag&post=8052"}],"curies":[{"name":"wp","href":"https:\/\/api.w.org\/{rel}","templated":true}]}}