{"id":8155,"date":"2022-04-30T16:39:12","date_gmt":"2022-04-30T21:39:12","guid":{"rendered":"https:\/\/acuariosupremus.com\/?post_type=product&#038;p=8155"},"modified":"2025-12-25T15:12:12","modified_gmt":"2025-12-25T21:12:12","slug":"filtro-de-canasta-sin-cargas-1000-lph-boyu-fef-280","status":"publish","type":"product","link":"https:\/\/acuariosupremus.com\/?product=filtro-de-canasta-sin-cargas-1000-lph-boyu-fef-280","title":{"rendered":"Filtro de canasta sin cargas 1000 lph, BOYU FEF-280."},"content":{"rendered":"<p>Tambi\u00e9n disminuye el exceso de temperatura que se produce en las capas superficiales del agua debido a la radiaci\u00f3n solar. Nunca fue tan sencillo mantener su filtro limpio y en perfecto estado. Obtenga el m\u00e1ximo rendimiento de filtraci\u00f3n en pocos minutos gracias a su sistema de canastas modulares, su sistema de cebado manual y a sus dos v\u00e1lvulas con conexiones desmontables r\u00e1pidas y orientables de entrada y salida de agua. Estos dos modelos incluyen una esponja para filtraci\u00f3n mec\u00e1nica fina.<\/p>\n<p>Corriente: AC 127v\/60Hz (V\/HZ) Consumo\/caudal bomba de agua: 18w &#8211; 1,000 l\/h (W- l\/h) Long. Cable 114 (cm) Tipo de enchufe: \u201cA\u201d 2 pines Conexi\u00f3n: 16\/22 (\u00d8 int.\/ext. mm) \u00a0 Peso vac\u00edo : 3,975 (grs.) Dimensiones: 225 x 265 x 448 (l x a x h, mm) Dim. embalaje: 290 x 260 x 420 (l x a x h, mm) Peso con embalaje: 4,475(Grs) Masa filtrante: 4 x 2.0 L (Litros totales) Mangueras: 2x 1,500 (\u00d816\/22) (l x \u00d8 mm) Bast\u00f3n aspiraci\u00f3n : 430 x 95 (\u00d816\/22) (L x a x \u00d8 mm) Bast\u00f3n impulsi\u00f3n:230 x 90 (\u00d816\/22)\u00a0 (L x a x \u00d8 mm) Acuarios hasta: 400-600 (Litros).<\/p>\n","protected":false},"excerpt":{"rendered":"<p>El sistema de filtraci\u00f3n m\u00e1s confiable y avanzado.<br \/>\nEl m\u00e9todo de filtraci\u00f3n tipo canister es el m\u00e1s completo y efectivo que podemos instalar en un acuario de agua dulce o salada. BOYU nos ofrece su l\u00ednea m\u00e1s sencilla y pr\u00e1ctica con los filtros de canasta FEF. Estos equipos pueden procesar hasta 4 etapas de filtraci\u00f3n en sus canastas modulares, pudiendo combinar de forma progresiva los m\u00e9todos m\u00e1s avanzados del mercado mediante materiales filtrantes de tipo mec\u00e1nico, biol\u00f3gico y qu\u00edmico. Son presurizables gracias a la gran calidad sus empaques y al f\u00e1cil y pr\u00e1ctico sistema de cierre con cuatro clips de seguridad. Esta caracter\u00edstica mejora notablemente la eficiencia de sedimentaci\u00f3n mec\u00e1nica y posibilita la instalaci\u00f3n por debajo del acuario.<\/p>\n","protected":false},"featured_media":8156,"template":"","meta":[],"product_brand":[122],"product_cat":[40,47],"product_tag":[195,189,644,186],"class_list":{"0":"post-8155","1":"product","2":"type-product","3":"status-publish","4":"has-post-thumbnail","6":"product_brand-boyu","7":"product_cat-peces","8":"product_cat-filtros-externos","9":"product_tag-filtracion-biologica","10":"product_tag-filtro-canister","11":"product_tag-filtro-canister-boyu-fef","12":"product_tag-filtro-externo","14":"first","15":"instock","16":"sale","17":"shipping-taxable","18":"purchasable","19":"product-type-simple"},"yoast_head":"<!-- This site is optimized with the Yoast SEO plugin v27.4 - https:\/\/yoast.com\/product\/yoast-seo-wordpress\/ -->\n<title>Filtro de canasta sin cargas 1000 lph, BOYU FEF-280. | Acuario Supremus<\/title>\n<meta name=\"description\" content=\"El m\u00e9todo de filtraci\u00f3n tipo canister es el m\u00e1s completo y efectivo, BOYU FEF es la linea sencilla f\u00e1cil y pr\u00e1ctico sistema de cierre con cuatro clips de seguridad.\" \/>\n<meta name=\"robots\" content=\"index, follow, max-snippet:-1, max-image-preview:large, max-video-preview:-1\" \/>\n<link rel=\"canonical\" href=\"https:\/\/acuariosupremus.com\/?product=filtro-de-canasta-sin-cargas-1000-lph-boyu-fef-280\" \/>\n<meta property=\"og:locale\" content=\"es_MX\" \/>\n<meta property=\"og:type\" content=\"article\" \/>\n<meta property=\"og:title\" content=\"Filtro de canasta sin cargas 1000 lph, BOYU FEF-280. | Acuario Supremus\" \/>\n<meta property=\"og:description\" content=\"El m\u00e9todo de filtraci\u00f3n tipo canister es el m\u00e1s completo y efectivo, BOYU FEF es la linea sencilla f\u00e1cil y pr\u00e1ctico sistema de cierre con cuatro clips de seguridad.\" \/>\n<meta property=\"og:url\" content=\"https:\/\/acuariosupremus.com\/?product=filtro-de-canasta-sin-cargas-1000-lph-boyu-fef-280\" \/>\n<meta property=\"og:site_name\" content=\"Acuario Supremus\" \/>\n<meta property=\"article:publisher\" content=\"https:\/\/www.facebook.com\/AcuarioSupremus\" \/>\n<meta property=\"article:modified_time\" content=\"2025-12-25T21:12:12+00:00\" \/>\n<meta property=\"og:image\" content=\"https:\/\/acuariosupremus.com\/wp-content\/uploads\/2022\/04\/filtro_canister_serie_fef_02-413x413-1.jpg\" \/>\n\t<meta property=\"og:image:width\" content=\"413\" \/>\n\t<meta property=\"og:image:height\" content=\"413\" \/>\n\t<meta property=\"og:image:type\" content=\"image\/jpeg\" \/>\n<meta name=\"twitter:card\" content=\"summary_large_image\" \/>\n<meta name=\"twitter:site\" content=\"@AcuarioSupremus\" \/>\n<meta name=\"twitter:label1\" content=\"Tiempo de lectura\" \/>\n\t<meta name=\"twitter:data1\" content=\"1 minuto\" \/>\n<script type=\"application\/ld+json\" class=\"yoast-schema-graph\">{\"@context\":\"https:\\\/\\\/schema.org\",\"@graph\":[{\"@type\":\"WebPage\",\"@id\":\"https:\\\/\\\/acuariosupremus.com\\\/?product=filtro-de-canasta-sin-cargas-1000-lph-boyu-fef-280\",\"url\":\"https:\\\/\\\/acuariosupremus.com\\\/?product=filtro-de-canasta-sin-cargas-1000-lph-boyu-fef-280\",\"name\":\"Filtro de canasta sin cargas 1000 lph, BOYU FEF-280. | Acuario Supremus\",\"isPartOf\":{\"@id\":\"https:\\\/\\\/acuariosupremus.com\\\/#website\"},\"primaryImageOfPage\":{\"@id\":\"https:\\\/\\\/acuariosupremus.com\\\/?product=filtro-de-canasta-sin-cargas-1000-lph-boyu-fef-280#primaryimage\"},\"image\":{\"@id\":\"https:\\\/\\\/acuariosupremus.com\\\/?product=filtro-de-canasta-sin-cargas-1000-lph-boyu-fef-280#primaryimage\"},\"thumbnailUrl\":\"https:\\\/\\\/acuariosupremus.com\\\/wp-content\\\/uploads\\\/2022\\\/04\\\/filtro_canister_serie_fef_02-413x413-1.jpg\",\"datePublished\":\"2022-04-30T21:39:12+00:00\",\"dateModified\":\"2025-12-25T21:12:12+00:00\",\"description\":\"El m\u00e9todo de filtraci\u00f3n tipo canister es el m\u00e1s completo y efectivo, BOYU FEF es la linea sencilla f\u00e1cil y pr\u00e1ctico sistema de cierre con cuatro clips de seguridad.\",\"breadcrumb\":{\"@id\":\"https:\\\/\\\/acuariosupremus.com\\\/?product=filtro-de-canasta-sin-cargas-1000-lph-boyu-fef-280#breadcrumb\"},\"inLanguage\":\"es\",\"potentialAction\":[{\"@type\":\"ReadAction\",\"target\":[\"https:\\\/\\\/acuariosupremus.com\\\/?product=filtro-de-canasta-sin-cargas-1000-lph-boyu-fef-280\"]}]},{\"@type\":\"ImageObject\",\"inLanguage\":\"es\",\"@id\":\"https:\\\/\\\/acuariosupremus.com\\\/?product=filtro-de-canasta-sin-cargas-1000-lph-boyu-fef-280#primaryimage\",\"url\":\"https:\\\/\\\/acuariosupremus.com\\\/wp-content\\\/uploads\\\/2022\\\/04\\\/filtro_canister_serie_fef_02-413x413-1.jpg\",\"contentUrl\":\"https:\\\/\\\/acuariosupremus.com\\\/wp-content\\\/uploads\\\/2022\\\/04\\\/filtro_canister_serie_fef_02-413x413-1.jpg\",\"width\":413,\"height\":413},{\"@type\":\"BreadcrumbList\",\"@id\":\"https:\\\/\\\/acuariosupremus.com\\\/?product=filtro-de-canasta-sin-cargas-1000-lph-boyu-fef-280#breadcrumb\",\"itemListElement\":[{\"@type\":\"ListItem\",\"position\":1,\"name\":\"Portada\",\"item\":\"https:\\\/\\\/acuariosupremus.com\\\/\"},{\"@type\":\"ListItem\",\"position\":2,\"name\":\"Tienda\",\"item\":\"https:\\\/\\\/acuariosupremus.com\\\/tienda\\\/\"},{\"@type\":\"ListItem\",\"position\":3,\"name\":\"Filtro de canasta sin cargas 1000 lph, BOYU FEF-280.\"}]},{\"@type\":\"WebSite\",\"@id\":\"https:\\\/\\\/acuariosupremus.com\\\/#website\",\"url\":\"https:\\\/\\\/acuariosupremus.com\\\/\",\"name\":\"Acuario Supremus\",\"description\":\"Peces, Peceras y Mascotas.\",\"publisher\":{\"@id\":\"https:\\\/\\\/acuariosupremus.com\\\/#organization\"},\"potentialAction\":[{\"@type\":\"SearchAction\",\"target\":{\"@type\":\"EntryPoint\",\"urlTemplate\":\"https:\\\/\\\/acuariosupremus.com\\\/?s={search_term_string}\"},\"query-input\":{\"@type\":\"PropertyValueSpecification\",\"valueRequired\":true,\"valueName\":\"search_term_string\"}}],\"inLanguage\":\"es\"},{\"@type\":\"Organization\",\"@id\":\"https:\\\/\\\/acuariosupremus.com\\\/#organization\",\"name\":\"Acuario Supremus\",\"url\":\"https:\\\/\\\/acuariosupremus.com\\\/\",\"logo\":{\"@type\":\"ImageObject\",\"inLanguage\":\"es\",\"@id\":\"https:\\\/\\\/acuariosupremus.com\\\/#\\\/schema\\\/logo\\\/image\\\/\",\"url\":\"https:\\\/\\\/acuariosupremus.com\\\/wp-content\\\/uploads\\\/2021\\\/12\\\/cropped-logo_acuario_supremus_fn-2.png\",\"contentUrl\":\"https:\\\/\\\/acuariosupremus.com\\\/wp-content\\\/uploads\\\/2021\\\/12\\\/cropped-logo_acuario_supremus_fn-2.png\",\"width\":1000,\"height\":318,\"caption\":\"Acuario Supremus\"},\"image\":{\"@id\":\"https:\\\/\\\/acuariosupremus.com\\\/#\\\/schema\\\/logo\\\/image\\\/\"},\"sameAs\":[\"https:\\\/\\\/www.facebook.com\\\/AcuarioSupremus\",\"https:\\\/\\\/x.com\\\/AcuarioSupremus\",\"https:\\\/\\\/www.instagram.com\\\/acuariosupremus\\\/?hl=es\"]}]}<\/script>\n<!-- \/ Yoast SEO plugin. -->","yoast_head_json":{"title":"Filtro de canasta sin cargas 1000 lph, BOYU FEF-280. | Acuario Supremus","description":"El m\u00e9todo de filtraci\u00f3n tipo canister es el m\u00e1s completo y efectivo, BOYU FEF es la linea sencilla f\u00e1cil y pr\u00e1ctico sistema de cierre con cuatro clips de seguridad.","robots":{"index":"index","follow":"follow","max-snippet":"max-snippet:-1","max-image-preview":"max-image-preview:large","max-video-preview":"max-video-preview:-1"},"canonical":"https:\/\/acuariosupremus.com\/?product=filtro-de-canasta-sin-cargas-1000-lph-boyu-fef-280","og_locale":"es_MX","og_type":"article","og_title":"Filtro de canasta sin cargas 1000 lph, BOYU FEF-280. | Acuario Supremus","og_description":"El m\u00e9todo de filtraci\u00f3n tipo canister es el m\u00e1s completo y efectivo, BOYU FEF es la linea sencilla f\u00e1cil y pr\u00e1ctico sistema de cierre con cuatro clips de seguridad.","og_url":"https:\/\/acuariosupremus.com\/?product=filtro-de-canasta-sin-cargas-1000-lph-boyu-fef-280","og_site_name":"Acuario Supremus","article_publisher":"https:\/\/www.facebook.com\/AcuarioSupremus","article_modified_time":"2025-12-25T21:12:12+00:00","og_image":[{"width":413,"height":413,"url":"https:\/\/acuariosupremus.com\/wp-content\/uploads\/2022\/04\/filtro_canister_serie_fef_02-413x413-1.jpg","type":"image\/jpeg"}],"twitter_card":"summary_large_image","twitter_site":"@AcuarioSupremus","twitter_misc":{"Tiempo de lectura":"1 minuto"},"schema":{"@context":"https:\/\/schema.org","@graph":[{"@type":"WebPage","@id":"https:\/\/acuariosupremus.com\/?product=filtro-de-canasta-sin-cargas-1000-lph-boyu-fef-280","url":"https:\/\/acuariosupremus.com\/?product=filtro-de-canasta-sin-cargas-1000-lph-boyu-fef-280","name":"Filtro de canasta sin cargas 1000 lph, BOYU FEF-280. | Acuario Supremus","isPartOf":{"@id":"https:\/\/acuariosupremus.com\/#website"},"primaryImageOfPage":{"@id":"https:\/\/acuariosupremus.com\/?product=filtro-de-canasta-sin-cargas-1000-lph-boyu-fef-280#primaryimage"},"image":{"@id":"https:\/\/acuariosupremus.com\/?product=filtro-de-canasta-sin-cargas-1000-lph-boyu-fef-280#primaryimage"},"thumbnailUrl":"https:\/\/acuariosupremus.com\/wp-content\/uploads\/2022\/04\/filtro_canister_serie_fef_02-413x413-1.jpg","datePublished":"2022-04-30T21:39:12+00:00","dateModified":"2025-12-25T21:12:12+00:00","description":"El m\u00e9todo de filtraci\u00f3n tipo canister es el m\u00e1s completo y efectivo, BOYU FEF es la linea sencilla f\u00e1cil y pr\u00e1ctico sistema de cierre con cuatro clips de seguridad.","breadcrumb":{"@id":"https:\/\/acuariosupremus.com\/?product=filtro-de-canasta-sin-cargas-1000-lph-boyu-fef-280#breadcrumb"},"inLanguage":"es","potentialAction":[{"@type":"ReadAction","target":["https:\/\/acuariosupremus.com\/?product=filtro-de-canasta-sin-cargas-1000-lph-boyu-fef-280"]}]},{"@type":"ImageObject","inLanguage":"es","@id":"https:\/\/acuariosupremus.com\/?product=filtro-de-canasta-sin-cargas-1000-lph-boyu-fef-280#primaryimage","url":"https:\/\/acuariosupremus.com\/wp-content\/uploads\/2022\/04\/filtro_canister_serie_fef_02-413x413-1.jpg","contentUrl":"https:\/\/acuariosupremus.com\/wp-content\/uploads\/2022\/04\/filtro_canister_serie_fef_02-413x413-1.jpg","width":413,"height":413},{"@type":"BreadcrumbList","@id":"https:\/\/acuariosupremus.com\/?product=filtro-de-canasta-sin-cargas-1000-lph-boyu-fef-280#breadcrumb","itemListElement":[{"@type":"ListItem","position":1,"name":"Portada","item":"https:\/\/acuariosupremus.com\/"},{"@type":"ListItem","position":2,"name":"Tienda","item":"https:\/\/acuariosupremus.com\/tienda\/"},{"@type":"ListItem","position":3,"name":"Filtro de canasta sin cargas 1000 lph, BOYU FEF-280."}]},{"@type":"WebSite","@id":"https:\/\/acuariosupremus.com\/#website","url":"https:\/\/acuariosupremus.com\/","name":"Acuario Supremus","description":"Peces, Peceras y Mascotas.","publisher":{"@id":"https:\/\/acuariosupremus.com\/#organization"},"potentialAction":[{"@type":"SearchAction","target":{"@type":"EntryPoint","urlTemplate":"https:\/\/acuariosupremus.com\/?s={search_term_string}"},"query-input":{"@type":"PropertyValueSpecification","valueRequired":true,"valueName":"search_term_string"}}],"inLanguage":"es"},{"@type":"Organization","@id":"https:\/\/acuariosupremus.com\/#organization","name":"Acuario Supremus","url":"https:\/\/acuariosupremus.com\/","logo":{"@type":"ImageObject","inLanguage":"es","@id":"https:\/\/acuariosupremus.com\/#\/schema\/logo\/image\/","url":"https:\/\/acuariosupremus.com\/wp-content\/uploads\/2021\/12\/cropped-logo_acuario_supremus_fn-2.png","contentUrl":"https:\/\/acuariosupremus.com\/wp-content\/uploads\/2021\/12\/cropped-logo_acuario_supremus_fn-2.png","width":1000,"height":318,"caption":"Acuario Supremus"},"image":{"@id":"https:\/\/acuariosupremus.com\/#\/schema\/logo\/image\/"},"sameAs":["https:\/\/www.facebook.com\/AcuarioSupremus","https:\/\/x.com\/AcuarioSupremus","https:\/\/www.instagram.com\/acuariosupremus\/?hl=es"]}]}},"jetpack_sharing_enabled":true,"_links":{"self":[{"href":"https:\/\/acuariosupremus.com\/index.php?rest_route=\/wp\/v2\/product\/8155","targetHints":{"allow":["GET"]}}],"collection":[{"href":"https:\/\/acuariosupremus.com\/index.php?rest_route=\/wp\/v2\/product"}],"about":[{"href":"https:\/\/acuariosupremus.com\/index.php?rest_route=\/wp\/v2\/types\/product"}],"wp:featuredmedia":[{"embeddable":true,"href":"https:\/\/acuariosupremus.com\/index.php?rest_route=\/wp\/v2\/media\/8156"}],"wp:attachment":[{"href":"https:\/\/acuariosupremus.com\/index.php?rest_route=%2Fwp%2Fv2%2Fmedia&parent=8155"}],"wp:term":[{"taxonomy":"product_brand","embeddable":true,"href":"https:\/\/acuariosupremus.com\/index.php?rest_route=%2Fwp%2Fv2%2Fproduct_brand&post=8155"},{"taxonomy":"product_cat","embeddable":true,"href":"https:\/\/acuariosupremus.com\/index.php?rest_route=%2Fwp%2Fv2%2Fproduct_cat&post=8155"},{"taxonomy":"product_tag","embeddable":true,"href":"https:\/\/acuariosupremus.com\/index.php?rest_route=%2Fwp%2Fv2%2Fproduct_tag&post=8155"}],"curies":[{"name":"wp","href":"https:\/\/api.w.org\/{rel}","templated":true}]}}