{"id":8158,"date":"2022-04-30T16:46:31","date_gmt":"2022-04-30T21:46:31","guid":{"rendered":"https:\/\/acuariosupremus.com\/?post_type=product&#038;p=8158"},"modified":"2025-12-25T15:12:45","modified_gmt":"2025-12-25T21:12:45","slug":"filtro-de-cascada-50-litros-150-lph-boyu-wf-2015","status":"publish","type":"product","link":"https:\/\/acuariosupremus.com\/?product=filtro-de-cascada-50-litros-150-lph-boyu-wf-2015","title":{"rendered":"Filtro de cascada 50 litros 150 lph, BOYU WF-2015."},"content":{"rendered":"<p>Al tratarse de un sistema de filtraci\u00f3n externo este dispositivo no ocupar\u00e1 espacio dentro del h\u00e1bitat de sus peces, mientras que su dise\u00f1o compacto ahorrar\u00e1 espacio tras la cara del acuario donde se ubique el filtro. Est\u00e1 elaborado con pl\u00e1stico transparente de gran calidad que permite evaluar el estado de sus materiales filtrantes en todo momento con un solo vistazo. Este sistema conduce el flujo de agua a trav\u00e9s de su cartucho filtrante mec\u00e1nico y qu\u00edmico de f\u00e1cil extracci\u00f3n para despu\u00e9s pasar por una esponja cuya funci\u00f3n ser\u00e1 la filtraci\u00f3n biol\u00f3gica. Puede instalar el filtro en menos de un minuto y realizar un mantenimiento peri\u00f3dico f\u00e1cilmente casi sin mojarse las manos. Las bombas que equipan estos filtros obtienen un flujo regulable entre 150 y 300 litros por hora con un consumo de 6 a 11w seg\u00fan el modelo. Gracias a su gran versatilidad y capacidad de oxigenaci\u00f3n, estos filtros tambi\u00e9n resultan ideales para equipar tanto acuarios de aclimataci\u00f3n como aquellos destinados a funciones de cuarentena y hospital.<\/p>\n<p>Corriente: AC 127v\/60Hz (V\/HZ) Consumo\/caudal bomba de agua: 6w &#8211; 150 l\/h (W- l\/h) Long. Cable 146 (cm) Tipo de enchufe: \u201cA\u201d 2 pines Protecci\u00f3n al agua:\u00a0 IPX68\u00a0 Peso vac\u00edo : 265 (grs.) Dimensiones: 85 x 97 x 190 (l x a x h, mm) Dim. embalaje: 2120 x 100 x 130 (l x a x h, mm) Peso con embalaje: 315 (Grs)\u00a0 Acuarios hasta:20-50 (Litros).<\/p>\n","protected":false},"excerpt":{"rendered":"<p>Pr\u00e1cticos y eficientes.<br \/>\nLos filtros BOYU de la serie WF 2015 y 2025 son la versi\u00f3n m\u00e1s compacta y robusta de los tradicionales filtros de cascada. Est\u00e1n dise\u00f1ados para obtener una calidad de agua excelente tanto en acuarios de agua dulce como salada, y abarcando desde los sistemas m\u00e1s peque\u00f1os hasta los que superan los 100 litros de capacidad. Sus principales ventajas sobre otros sistemas de filtraci\u00f3n son su f\u00e1cil instalaci\u00f3n, rapidez de mantenimiento y una abundante oxigenaci\u00f3n para su acuario.<\/p>\n","protected":false},"featured_media":8165,"template":"","meta":[],"product_brand":[122],"product_cat":[40,47],"product_tag":[187,645,186],"class_list":{"0":"post-8158","1":"product","2":"type-product","3":"status-publish","4":"has-post-thumbnail","6":"product_brand-boyu","7":"product_cat-peces","8":"product_cat-filtros-externos","9":"product_tag-filtro-de-cascada","10":"product_tag-filtro-de-cascada-boyu-wf","11":"product_tag-filtro-externo","13":"first","14":"instock","15":"sale","16":"shipping-taxable","17":"purchasable","18":"product-type-simple"},"yoast_head":"<!-- This site is optimized with the Yoast SEO plugin v27.4 - https:\/\/yoast.com\/product\/yoast-seo-wordpress\/ -->\n<title>Filtro de cascada 50 litros 150 lph, BOYU WF-2015. | Acuario Supremus<\/title>\n<meta name=\"description\" content=\"Los filtros BOYU de la serie WF, est\u00e1n dise\u00f1ados para obtener una calidad de agua excelente tanto en acuarios de agua dulce como salada.\" \/>\n<meta name=\"robots\" content=\"index, follow, max-snippet:-1, max-image-preview:large, max-video-preview:-1\" \/>\n<link rel=\"canonical\" href=\"https:\/\/acuariosupremus.com\/?product=filtro-de-cascada-50-litros-150-lph-boyu-wf-2015\" \/>\n<meta property=\"og:locale\" content=\"es_MX\" \/>\n<meta property=\"og:type\" content=\"article\" \/>\n<meta property=\"og:title\" content=\"Filtro de cascada 50 litros 150 lph, BOYU WF-2015. | Acuario Supremus\" \/>\n<meta property=\"og:description\" content=\"Los filtros BOYU de la serie WF, est\u00e1n dise\u00f1ados para obtener una calidad de agua excelente tanto en acuarios de agua dulce como salada.\" \/>\n<meta property=\"og:url\" content=\"https:\/\/acuariosupremus.com\/?product=filtro-de-cascada-50-litros-150-lph-boyu-wf-2015\" \/>\n<meta property=\"og:site_name\" content=\"Acuario Supremus\" \/>\n<meta property=\"article:publisher\" content=\"https:\/\/www.facebook.com\/AcuarioSupremus\" \/>\n<meta property=\"article:modified_time\" content=\"2025-12-25T21:12:45+00:00\" \/>\n<meta property=\"og:image\" content=\"https:\/\/acuariosupremus.com\/wp-content\/uploads\/2022\/04\/filtro_cascada_wf-2015-2025_02-1.jpg\" \/>\n\t<meta property=\"og:image:width\" content=\"1250\" \/>\n\t<meta property=\"og:image:height\" content=\"1250\" \/>\n\t<meta property=\"og:image:type\" content=\"image\/jpeg\" \/>\n<meta name=\"twitter:card\" content=\"summary_large_image\" \/>\n<meta name=\"twitter:site\" content=\"@AcuarioSupremus\" \/>\n<meta name=\"twitter:label1\" content=\"Tiempo de lectura\" \/>\n\t<meta name=\"twitter:data1\" content=\"2 minutos\" \/>\n<script type=\"application\/ld+json\" class=\"yoast-schema-graph\">{\"@context\":\"https:\\\/\\\/schema.org\",\"@graph\":[{\"@type\":\"WebPage\",\"@id\":\"https:\\\/\\\/acuariosupremus.com\\\/?product=filtro-de-cascada-50-litros-150-lph-boyu-wf-2015\",\"url\":\"https:\\\/\\\/acuariosupremus.com\\\/?product=filtro-de-cascada-50-litros-150-lph-boyu-wf-2015\",\"name\":\"Filtro de cascada 50 litros 150 lph, BOYU WF-2015. | Acuario Supremus\",\"isPartOf\":{\"@id\":\"https:\\\/\\\/acuariosupremus.com\\\/#website\"},\"primaryImageOfPage\":{\"@id\":\"https:\\\/\\\/acuariosupremus.com\\\/?product=filtro-de-cascada-50-litros-150-lph-boyu-wf-2015#primaryimage\"},\"image\":{\"@id\":\"https:\\\/\\\/acuariosupremus.com\\\/?product=filtro-de-cascada-50-litros-150-lph-boyu-wf-2015#primaryimage\"},\"thumbnailUrl\":\"https:\\\/\\\/acuariosupremus.com\\\/wp-content\\\/uploads\\\/2022\\\/04\\\/filtro_cascada_wf-2015-2025_02-1.jpg\",\"datePublished\":\"2022-04-30T21:46:31+00:00\",\"dateModified\":\"2025-12-25T21:12:45+00:00\",\"description\":\"Los filtros BOYU de la serie WF, est\u00e1n dise\u00f1ados para obtener una calidad de agua excelente tanto en acuarios de agua dulce como salada.\",\"breadcrumb\":{\"@id\":\"https:\\\/\\\/acuariosupremus.com\\\/?product=filtro-de-cascada-50-litros-150-lph-boyu-wf-2015#breadcrumb\"},\"inLanguage\":\"es\",\"potentialAction\":[{\"@type\":\"ReadAction\",\"target\":[\"https:\\\/\\\/acuariosupremus.com\\\/?product=filtro-de-cascada-50-litros-150-lph-boyu-wf-2015\"]}]},{\"@type\":\"ImageObject\",\"inLanguage\":\"es\",\"@id\":\"https:\\\/\\\/acuariosupremus.com\\\/?product=filtro-de-cascada-50-litros-150-lph-boyu-wf-2015#primaryimage\",\"url\":\"https:\\\/\\\/acuariosupremus.com\\\/wp-content\\\/uploads\\\/2022\\\/04\\\/filtro_cascada_wf-2015-2025_02-1.jpg\",\"contentUrl\":\"https:\\\/\\\/acuariosupremus.com\\\/wp-content\\\/uploads\\\/2022\\\/04\\\/filtro_cascada_wf-2015-2025_02-1.jpg\",\"width\":1250,\"height\":1250},{\"@type\":\"BreadcrumbList\",\"@id\":\"https:\\\/\\\/acuariosupremus.com\\\/?product=filtro-de-cascada-50-litros-150-lph-boyu-wf-2015#breadcrumb\",\"itemListElement\":[{\"@type\":\"ListItem\",\"position\":1,\"name\":\"Portada\",\"item\":\"https:\\\/\\\/acuariosupremus.com\\\/\"},{\"@type\":\"ListItem\",\"position\":2,\"name\":\"Tienda\",\"item\":\"https:\\\/\\\/acuariosupremus.com\\\/tienda\\\/\"},{\"@type\":\"ListItem\",\"position\":3,\"name\":\"Filtro de cascada 50 litros 150 lph, BOYU WF-2015.\"}]},{\"@type\":\"WebSite\",\"@id\":\"https:\\\/\\\/acuariosupremus.com\\\/#website\",\"url\":\"https:\\\/\\\/acuariosupremus.com\\\/\",\"name\":\"Acuario Supremus\",\"description\":\"Peces, Peceras y Mascotas.\",\"publisher\":{\"@id\":\"https:\\\/\\\/acuariosupremus.com\\\/#organization\"},\"potentialAction\":[{\"@type\":\"SearchAction\",\"target\":{\"@type\":\"EntryPoint\",\"urlTemplate\":\"https:\\\/\\\/acuariosupremus.com\\\/?s={search_term_string}\"},\"query-input\":{\"@type\":\"PropertyValueSpecification\",\"valueRequired\":true,\"valueName\":\"search_term_string\"}}],\"inLanguage\":\"es\"},{\"@type\":\"Organization\",\"@id\":\"https:\\\/\\\/acuariosupremus.com\\\/#organization\",\"name\":\"Acuario Supremus\",\"url\":\"https:\\\/\\\/acuariosupremus.com\\\/\",\"logo\":{\"@type\":\"ImageObject\",\"inLanguage\":\"es\",\"@id\":\"https:\\\/\\\/acuariosupremus.com\\\/#\\\/schema\\\/logo\\\/image\\\/\",\"url\":\"https:\\\/\\\/acuariosupremus.com\\\/wp-content\\\/uploads\\\/2021\\\/12\\\/cropped-logo_acuario_supremus_fn-2.png\",\"contentUrl\":\"https:\\\/\\\/acuariosupremus.com\\\/wp-content\\\/uploads\\\/2021\\\/12\\\/cropped-logo_acuario_supremus_fn-2.png\",\"width\":1000,\"height\":318,\"caption\":\"Acuario Supremus\"},\"image\":{\"@id\":\"https:\\\/\\\/acuariosupremus.com\\\/#\\\/schema\\\/logo\\\/image\\\/\"},\"sameAs\":[\"https:\\\/\\\/www.facebook.com\\\/AcuarioSupremus\",\"https:\\\/\\\/x.com\\\/AcuarioSupremus\",\"https:\\\/\\\/www.instagram.com\\\/acuariosupremus\\\/?hl=es\"]}]}<\/script>\n<!-- \/ Yoast SEO plugin. -->","yoast_head_json":{"title":"Filtro de cascada 50 litros 150 lph, BOYU WF-2015. | Acuario Supremus","description":"Los filtros BOYU de la serie WF, est\u00e1n dise\u00f1ados para obtener una calidad de agua excelente tanto en acuarios de agua dulce como salada.","robots":{"index":"index","follow":"follow","max-snippet":"max-snippet:-1","max-image-preview":"max-image-preview:large","max-video-preview":"max-video-preview:-1"},"canonical":"https:\/\/acuariosupremus.com\/?product=filtro-de-cascada-50-litros-150-lph-boyu-wf-2015","og_locale":"es_MX","og_type":"article","og_title":"Filtro de cascada 50 litros 150 lph, BOYU WF-2015. | Acuario Supremus","og_description":"Los filtros BOYU de la serie WF, est\u00e1n dise\u00f1ados para obtener una calidad de agua excelente tanto en acuarios de agua dulce como salada.","og_url":"https:\/\/acuariosupremus.com\/?product=filtro-de-cascada-50-litros-150-lph-boyu-wf-2015","og_site_name":"Acuario Supremus","article_publisher":"https:\/\/www.facebook.com\/AcuarioSupremus","article_modified_time":"2025-12-25T21:12:45+00:00","og_image":[{"width":1250,"height":1250,"url":"https:\/\/acuariosupremus.com\/wp-content\/uploads\/2022\/04\/filtro_cascada_wf-2015-2025_02-1.jpg","type":"image\/jpeg"}],"twitter_card":"summary_large_image","twitter_site":"@AcuarioSupremus","twitter_misc":{"Tiempo de lectura":"2 minutos"},"schema":{"@context":"https:\/\/schema.org","@graph":[{"@type":"WebPage","@id":"https:\/\/acuariosupremus.com\/?product=filtro-de-cascada-50-litros-150-lph-boyu-wf-2015","url":"https:\/\/acuariosupremus.com\/?product=filtro-de-cascada-50-litros-150-lph-boyu-wf-2015","name":"Filtro de cascada 50 litros 150 lph, BOYU WF-2015. | Acuario Supremus","isPartOf":{"@id":"https:\/\/acuariosupremus.com\/#website"},"primaryImageOfPage":{"@id":"https:\/\/acuariosupremus.com\/?product=filtro-de-cascada-50-litros-150-lph-boyu-wf-2015#primaryimage"},"image":{"@id":"https:\/\/acuariosupremus.com\/?product=filtro-de-cascada-50-litros-150-lph-boyu-wf-2015#primaryimage"},"thumbnailUrl":"https:\/\/acuariosupremus.com\/wp-content\/uploads\/2022\/04\/filtro_cascada_wf-2015-2025_02-1.jpg","datePublished":"2022-04-30T21:46:31+00:00","dateModified":"2025-12-25T21:12:45+00:00","description":"Los filtros BOYU de la serie WF, est\u00e1n dise\u00f1ados para obtener una calidad de agua excelente tanto en acuarios de agua dulce como salada.","breadcrumb":{"@id":"https:\/\/acuariosupremus.com\/?product=filtro-de-cascada-50-litros-150-lph-boyu-wf-2015#breadcrumb"},"inLanguage":"es","potentialAction":[{"@type":"ReadAction","target":["https:\/\/acuariosupremus.com\/?product=filtro-de-cascada-50-litros-150-lph-boyu-wf-2015"]}]},{"@type":"ImageObject","inLanguage":"es","@id":"https:\/\/acuariosupremus.com\/?product=filtro-de-cascada-50-litros-150-lph-boyu-wf-2015#primaryimage","url":"https:\/\/acuariosupremus.com\/wp-content\/uploads\/2022\/04\/filtro_cascada_wf-2015-2025_02-1.jpg","contentUrl":"https:\/\/acuariosupremus.com\/wp-content\/uploads\/2022\/04\/filtro_cascada_wf-2015-2025_02-1.jpg","width":1250,"height":1250},{"@type":"BreadcrumbList","@id":"https:\/\/acuariosupremus.com\/?product=filtro-de-cascada-50-litros-150-lph-boyu-wf-2015#breadcrumb","itemListElement":[{"@type":"ListItem","position":1,"name":"Portada","item":"https:\/\/acuariosupremus.com\/"},{"@type":"ListItem","position":2,"name":"Tienda","item":"https:\/\/acuariosupremus.com\/tienda\/"},{"@type":"ListItem","position":3,"name":"Filtro de cascada 50 litros 150 lph, BOYU WF-2015."}]},{"@type":"WebSite","@id":"https:\/\/acuariosupremus.com\/#website","url":"https:\/\/acuariosupremus.com\/","name":"Acuario Supremus","description":"Peces, Peceras y Mascotas.","publisher":{"@id":"https:\/\/acuariosupremus.com\/#organization"},"potentialAction":[{"@type":"SearchAction","target":{"@type":"EntryPoint","urlTemplate":"https:\/\/acuariosupremus.com\/?s={search_term_string}"},"query-input":{"@type":"PropertyValueSpecification","valueRequired":true,"valueName":"search_term_string"}}],"inLanguage":"es"},{"@type":"Organization","@id":"https:\/\/acuariosupremus.com\/#organization","name":"Acuario Supremus","url":"https:\/\/acuariosupremus.com\/","logo":{"@type":"ImageObject","inLanguage":"es","@id":"https:\/\/acuariosupremus.com\/#\/schema\/logo\/image\/","url":"https:\/\/acuariosupremus.com\/wp-content\/uploads\/2021\/12\/cropped-logo_acuario_supremus_fn-2.png","contentUrl":"https:\/\/acuariosupremus.com\/wp-content\/uploads\/2021\/12\/cropped-logo_acuario_supremus_fn-2.png","width":1000,"height":318,"caption":"Acuario Supremus"},"image":{"@id":"https:\/\/acuariosupremus.com\/#\/schema\/logo\/image\/"},"sameAs":["https:\/\/www.facebook.com\/AcuarioSupremus","https:\/\/x.com\/AcuarioSupremus","https:\/\/www.instagram.com\/acuariosupremus\/?hl=es"]}]}},"jetpack_sharing_enabled":true,"_links":{"self":[{"href":"https:\/\/acuariosupremus.com\/index.php?rest_route=\/wp\/v2\/product\/8158","targetHints":{"allow":["GET"]}}],"collection":[{"href":"https:\/\/acuariosupremus.com\/index.php?rest_route=\/wp\/v2\/product"}],"about":[{"href":"https:\/\/acuariosupremus.com\/index.php?rest_route=\/wp\/v2\/types\/product"}],"wp:featuredmedia":[{"embeddable":true,"href":"https:\/\/acuariosupremus.com\/index.php?rest_route=\/wp\/v2\/media\/8165"}],"wp:attachment":[{"href":"https:\/\/acuariosupremus.com\/index.php?rest_route=%2Fwp%2Fv2%2Fmedia&parent=8158"}],"wp:term":[{"taxonomy":"product_brand","embeddable":true,"href":"https:\/\/acuariosupremus.com\/index.php?rest_route=%2Fwp%2Fv2%2Fproduct_brand&post=8158"},{"taxonomy":"product_cat","embeddable":true,"href":"https:\/\/acuariosupremus.com\/index.php?rest_route=%2Fwp%2Fv2%2Fproduct_cat&post=8158"},{"taxonomy":"product_tag","embeddable":true,"href":"https:\/\/acuariosupremus.com\/index.php?rest_route=%2Fwp%2Fv2%2Fproduct_tag&post=8158"}],"curies":[{"name":"wp","href":"https:\/\/api.w.org\/{rel}","templated":true}]}}