{"id":8245,"date":"2022-05-01T15:15:53","date_gmt":"2022-05-01T20:15:53","guid":{"rendered":"https:\/\/acuariosupremus.com\/?post_type=product&#038;p=8245"},"modified":"2025-12-25T15:35:30","modified_gmt":"2025-12-25T21:35:30","slug":"filtro-con-cargas-luz-uv-150-lph-boyu-efu-05","status":"publish","type":"product","link":"https:\/\/acuariosupremus.com\/?product=filtro-con-cargas-luz-uv-150-lph-boyu-efu-05","title":{"rendered":"Filtro con cargas luz UV 150 lph, BOYU EFU-05."},"content":{"rendered":"<p>Este filtro puede ser colocado en la parte posterior del acuario sobre una superficie horizontal, e incluso colgarlo en una superficie vertical gracias al soporte deslizable que incluye. Tiene un completo set de complementos en 9\/12 mm. para armar un circuito de impulsi\u00f3n\/irrigaci\u00f3n y aspiraci\u00f3n completamente integrado a su peque\u00f1o acuario. Este filtro es presurizable gracias a la gran calidad sus empaques y al f\u00e1cil y pr\u00e1ctico sistema de cierre con dos clips corredizos de seguridad. Esta caracter\u00edstica mejora notablemente la eficiencia de sedimentaci\u00f3n mec\u00e1nica y posibilita la instalaci\u00f3n por debajo del acuario. Este modelo incluye una esponja para filtraci\u00f3n mec\u00e1nica, carb\u00f3n activado y material cer\u00e1mico para abordar la filtraci\u00f3n biol\u00f3gica.<\/p>\n<p>Corriente: 127V\/60Hz (V\/HZ) Consumo U.V. 5 (W\/h) Consumo\/caudal bomba: 6 w \u2013 150 l\/h (W- l\/h) Long. Cable 10+133 (cm) Tipo de enchufe \u201cA\u201d 2 pines Compartimentos 2 Conexi\u00f3n: 9\/12 (\u00d8 int.\/ext. mm) Peso vac\u00edo: 1,520 (Kg.) Peso c. embalaje:1,630 (Kg.) Dimensiones filtro: 160 x 100 x 170 (l x a x h, mm) Dim. con embalaje: 225 x 135 x 185 (l x a x h, mm).<\/p>\n<p>Masa filtrante: 1 (Litros totales) Mangueras 2x 500 (\u00d89\/12) (l x \u00d8 mm) Pieza aspiraci\u00f3n 225 x 55 (\u00d812\/16) (L x a x \u00d8 mm) Bast\u00f3n impulsi\u00f3n 220 x 90 (\u00d812\/16) (L x a x \u00d8 mm) Barras irrigadoras 150 (\u00d812\/16)(L x x \u00d8 mm) Barra irrigadora 6 x \u00d83mm N\u00b0 Orificios x \u00d8 mm Acuarios hasta: 20-100 (Litros).<\/p>\n","protected":false},"excerpt":{"rendered":"<p>Filtraci\u00f3n externa para acuarios de peque\u00f1o tama\u00f1o.<br \/>\nEl m\u00e9todo de filtraci\u00f3n tipo canister es el m\u00e1s completo, vers\u00e1til y efectivo que podemos instalar en un acuario de agua dulce o salada. Para ello, BOYU nos ofrece la l\u00ednea Premium m\u00e1s avanzada con los modelos de la serie\u00a0 EFU. Los filtros EFU-05 poseen un dise\u00f1o ultra-compacto para cubrir las necesidades de los acuarios m\u00e1s peque\u00f1os sin ocupar espacio dentro de ellos. A pesar de su tama\u00f1o reducido pueden procesar diversas etapas de filtraci\u00f3n en sus dos compartimentos, pudiendo combinar de forma progresiva los m\u00e9todos m\u00e1s avanzados del mercado mediante materiales filtrantes de tipo mec\u00e1nico, biol\u00f3gico y qu\u00edmico. La versi\u00f3n EFU-05 adem\u00e1s combina sin\u00e9rgicamente a su gran potencial de filtraci\u00f3n todo el poder de la desinfecci\u00f3n U.V. de alto desempe\u00f1o. El funcionamiento de la l\u00e1mpara puede ser monitoreado en todo memento gracias a un indicador luminoso situado en la cubierta superior.<\/p>\n","protected":false},"featured_media":8246,"template":"","meta":[],"product_brand":[122],"product_cat":[40,47],"product_tag":[205,195,643,189,186,190],"class_list":{"0":"post-8245","1":"product","2":"type-product","3":"status-publish","4":"has-post-thumbnail","6":"product_brand-boyu","7":"product_cat-peces","8":"product_cat-filtros-externos","9":"product_tag-esterilizador-uv","10":"product_tag-filtracion-biologica","11":"product_tag-filtro-boyu-efu","12":"product_tag-filtro-canister","13":"product_tag-filtro-externo","14":"product_tag-luz-uv","16":"first","17":"instock","18":"sale","19":"shipping-taxable","20":"purchasable","21":"product-type-simple"},"yoast_head":"<!-- This site is optimized with the Yoast SEO plugin v27.4 - https:\/\/yoast.com\/product\/yoast-seo-wordpress\/ -->\n<title>Filtro con cargas luz UV 150 lph, BOYU EFU-05. | Acuario Supremus<\/title>\n<meta name=\"description\" content=\"Los filtros EFU mediante materiales filtrantes de tipo mec\u00e1nico, biol\u00f3gico y qu\u00edmico agregan todo el poder de la desinfecci\u00f3n U.V. de alto desempe\u00f1o.\" \/>\n<meta name=\"robots\" content=\"index, follow, max-snippet:-1, max-image-preview:large, max-video-preview:-1\" \/>\n<link rel=\"canonical\" href=\"https:\/\/acuariosupremus.com\/?product=filtro-con-cargas-luz-uv-150-lph-boyu-efu-05\" \/>\n<meta property=\"og:locale\" content=\"es_MX\" \/>\n<meta property=\"og:type\" content=\"article\" \/>\n<meta property=\"og:title\" content=\"Filtro con cargas luz UV 150 lph, BOYU EFU-05. | Acuario Supremus\" \/>\n<meta property=\"og:description\" content=\"Los filtros EFU mediante materiales filtrantes de tipo mec\u00e1nico, biol\u00f3gico y qu\u00edmico agregan todo el poder de la desinfecci\u00f3n U.V. de alto desempe\u00f1o.\" \/>\n<meta property=\"og:url\" content=\"https:\/\/acuariosupremus.com\/?product=filtro-con-cargas-luz-uv-150-lph-boyu-efu-05\" \/>\n<meta property=\"og:site_name\" content=\"Acuario Supremus\" \/>\n<meta property=\"article:publisher\" content=\"https:\/\/www.facebook.com\/AcuarioSupremus\" \/>\n<meta property=\"article:modified_time\" content=\"2025-12-25T21:35:30+00:00\" \/>\n<meta property=\"og:image\" content=\"https:\/\/acuariosupremus.com\/wp-content\/uploads\/2022\/05\/filtro_canister_ef-efu-05_01-413x413-1.jpg\" \/>\n\t<meta property=\"og:image:width\" content=\"413\" \/>\n\t<meta property=\"og:image:height\" content=\"413\" \/>\n\t<meta property=\"og:image:type\" content=\"image\/jpeg\" \/>\n<meta name=\"twitter:card\" content=\"summary_large_image\" \/>\n<meta name=\"twitter:site\" content=\"@AcuarioSupremus\" \/>\n<meta name=\"twitter:label1\" content=\"Tiempo de lectura\" \/>\n\t<meta name=\"twitter:data1\" content=\"2 minutos\" \/>\n<script type=\"application\/ld+json\" class=\"yoast-schema-graph\">{\"@context\":\"https:\\\/\\\/schema.org\",\"@graph\":[{\"@type\":\"WebPage\",\"@id\":\"https:\\\/\\\/acuariosupremus.com\\\/?product=filtro-con-cargas-luz-uv-150-lph-boyu-efu-05\",\"url\":\"https:\\\/\\\/acuariosupremus.com\\\/?product=filtro-con-cargas-luz-uv-150-lph-boyu-efu-05\",\"name\":\"Filtro con cargas luz UV 150 lph, BOYU EFU-05. | Acuario Supremus\",\"isPartOf\":{\"@id\":\"https:\\\/\\\/acuariosupremus.com\\\/#website\"},\"primaryImageOfPage\":{\"@id\":\"https:\\\/\\\/acuariosupremus.com\\\/?product=filtro-con-cargas-luz-uv-150-lph-boyu-efu-05#primaryimage\"},\"image\":{\"@id\":\"https:\\\/\\\/acuariosupremus.com\\\/?product=filtro-con-cargas-luz-uv-150-lph-boyu-efu-05#primaryimage\"},\"thumbnailUrl\":\"https:\\\/\\\/acuariosupremus.com\\\/wp-content\\\/uploads\\\/2022\\\/05\\\/filtro_canister_ef-efu-05_01-413x413-1.jpg\",\"datePublished\":\"2022-05-01T20:15:53+00:00\",\"dateModified\":\"2025-12-25T21:35:30+00:00\",\"description\":\"Los filtros EFU mediante materiales filtrantes de tipo mec\u00e1nico, biol\u00f3gico y qu\u00edmico agregan todo el poder de la desinfecci\u00f3n U.V. de alto desempe\u00f1o.\",\"breadcrumb\":{\"@id\":\"https:\\\/\\\/acuariosupremus.com\\\/?product=filtro-con-cargas-luz-uv-150-lph-boyu-efu-05#breadcrumb\"},\"inLanguage\":\"es\",\"potentialAction\":[{\"@type\":\"ReadAction\",\"target\":[\"https:\\\/\\\/acuariosupremus.com\\\/?product=filtro-con-cargas-luz-uv-150-lph-boyu-efu-05\"]}]},{\"@type\":\"ImageObject\",\"inLanguage\":\"es\",\"@id\":\"https:\\\/\\\/acuariosupremus.com\\\/?product=filtro-con-cargas-luz-uv-150-lph-boyu-efu-05#primaryimage\",\"url\":\"https:\\\/\\\/acuariosupremus.com\\\/wp-content\\\/uploads\\\/2022\\\/05\\\/filtro_canister_ef-efu-05_01-413x413-1.jpg\",\"contentUrl\":\"https:\\\/\\\/acuariosupremus.com\\\/wp-content\\\/uploads\\\/2022\\\/05\\\/filtro_canister_ef-efu-05_01-413x413-1.jpg\",\"width\":413,\"height\":413},{\"@type\":\"BreadcrumbList\",\"@id\":\"https:\\\/\\\/acuariosupremus.com\\\/?product=filtro-con-cargas-luz-uv-150-lph-boyu-efu-05#breadcrumb\",\"itemListElement\":[{\"@type\":\"ListItem\",\"position\":1,\"name\":\"Portada\",\"item\":\"https:\\\/\\\/acuariosupremus.com\\\/\"},{\"@type\":\"ListItem\",\"position\":2,\"name\":\"Tienda\",\"item\":\"https:\\\/\\\/acuariosupremus.com\\\/tienda\\\/\"},{\"@type\":\"ListItem\",\"position\":3,\"name\":\"Filtro con cargas luz UV 150 lph, BOYU EFU-05.\"}]},{\"@type\":\"WebSite\",\"@id\":\"https:\\\/\\\/acuariosupremus.com\\\/#website\",\"url\":\"https:\\\/\\\/acuariosupremus.com\\\/\",\"name\":\"Acuario Supremus\",\"description\":\"Peces, Peceras y Mascotas.\",\"publisher\":{\"@id\":\"https:\\\/\\\/acuariosupremus.com\\\/#organization\"},\"potentialAction\":[{\"@type\":\"SearchAction\",\"target\":{\"@type\":\"EntryPoint\",\"urlTemplate\":\"https:\\\/\\\/acuariosupremus.com\\\/?s={search_term_string}\"},\"query-input\":{\"@type\":\"PropertyValueSpecification\",\"valueRequired\":true,\"valueName\":\"search_term_string\"}}],\"inLanguage\":\"es\"},{\"@type\":\"Organization\",\"@id\":\"https:\\\/\\\/acuariosupremus.com\\\/#organization\",\"name\":\"Acuario Supremus\",\"url\":\"https:\\\/\\\/acuariosupremus.com\\\/\",\"logo\":{\"@type\":\"ImageObject\",\"inLanguage\":\"es\",\"@id\":\"https:\\\/\\\/acuariosupremus.com\\\/#\\\/schema\\\/logo\\\/image\\\/\",\"url\":\"https:\\\/\\\/acuariosupremus.com\\\/wp-content\\\/uploads\\\/2021\\\/12\\\/cropped-logo_acuario_supremus_fn-2.png\",\"contentUrl\":\"https:\\\/\\\/acuariosupremus.com\\\/wp-content\\\/uploads\\\/2021\\\/12\\\/cropped-logo_acuario_supremus_fn-2.png\",\"width\":1000,\"height\":318,\"caption\":\"Acuario Supremus\"},\"image\":{\"@id\":\"https:\\\/\\\/acuariosupremus.com\\\/#\\\/schema\\\/logo\\\/image\\\/\"},\"sameAs\":[\"https:\\\/\\\/www.facebook.com\\\/AcuarioSupremus\",\"https:\\\/\\\/x.com\\\/AcuarioSupremus\",\"https:\\\/\\\/www.instagram.com\\\/acuariosupremus\\\/?hl=es\"]}]}<\/script>\n<!-- \/ Yoast SEO plugin. -->","yoast_head_json":{"title":"Filtro con cargas luz UV 150 lph, BOYU EFU-05. | Acuario Supremus","description":"Los filtros EFU mediante materiales filtrantes de tipo mec\u00e1nico, biol\u00f3gico y qu\u00edmico agregan todo el poder de la desinfecci\u00f3n U.V. de alto desempe\u00f1o.","robots":{"index":"index","follow":"follow","max-snippet":"max-snippet:-1","max-image-preview":"max-image-preview:large","max-video-preview":"max-video-preview:-1"},"canonical":"https:\/\/acuariosupremus.com\/?product=filtro-con-cargas-luz-uv-150-lph-boyu-efu-05","og_locale":"es_MX","og_type":"article","og_title":"Filtro con cargas luz UV 150 lph, BOYU EFU-05. | Acuario Supremus","og_description":"Los filtros EFU mediante materiales filtrantes de tipo mec\u00e1nico, biol\u00f3gico y qu\u00edmico agregan todo el poder de la desinfecci\u00f3n U.V. de alto desempe\u00f1o.","og_url":"https:\/\/acuariosupremus.com\/?product=filtro-con-cargas-luz-uv-150-lph-boyu-efu-05","og_site_name":"Acuario Supremus","article_publisher":"https:\/\/www.facebook.com\/AcuarioSupremus","article_modified_time":"2025-12-25T21:35:30+00:00","og_image":[{"width":413,"height":413,"url":"https:\/\/acuariosupremus.com\/wp-content\/uploads\/2022\/05\/filtro_canister_ef-efu-05_01-413x413-1.jpg","type":"image\/jpeg"}],"twitter_card":"summary_large_image","twitter_site":"@AcuarioSupremus","twitter_misc":{"Tiempo de lectura":"2 minutos"},"schema":{"@context":"https:\/\/schema.org","@graph":[{"@type":"WebPage","@id":"https:\/\/acuariosupremus.com\/?product=filtro-con-cargas-luz-uv-150-lph-boyu-efu-05","url":"https:\/\/acuariosupremus.com\/?product=filtro-con-cargas-luz-uv-150-lph-boyu-efu-05","name":"Filtro con cargas luz UV 150 lph, BOYU EFU-05. | Acuario Supremus","isPartOf":{"@id":"https:\/\/acuariosupremus.com\/#website"},"primaryImageOfPage":{"@id":"https:\/\/acuariosupremus.com\/?product=filtro-con-cargas-luz-uv-150-lph-boyu-efu-05#primaryimage"},"image":{"@id":"https:\/\/acuariosupremus.com\/?product=filtro-con-cargas-luz-uv-150-lph-boyu-efu-05#primaryimage"},"thumbnailUrl":"https:\/\/acuariosupremus.com\/wp-content\/uploads\/2022\/05\/filtro_canister_ef-efu-05_01-413x413-1.jpg","datePublished":"2022-05-01T20:15:53+00:00","dateModified":"2025-12-25T21:35:30+00:00","description":"Los filtros EFU mediante materiales filtrantes de tipo mec\u00e1nico, biol\u00f3gico y qu\u00edmico agregan todo el poder de la desinfecci\u00f3n U.V. de alto desempe\u00f1o.","breadcrumb":{"@id":"https:\/\/acuariosupremus.com\/?product=filtro-con-cargas-luz-uv-150-lph-boyu-efu-05#breadcrumb"},"inLanguage":"es","potentialAction":[{"@type":"ReadAction","target":["https:\/\/acuariosupremus.com\/?product=filtro-con-cargas-luz-uv-150-lph-boyu-efu-05"]}]},{"@type":"ImageObject","inLanguage":"es","@id":"https:\/\/acuariosupremus.com\/?product=filtro-con-cargas-luz-uv-150-lph-boyu-efu-05#primaryimage","url":"https:\/\/acuariosupremus.com\/wp-content\/uploads\/2022\/05\/filtro_canister_ef-efu-05_01-413x413-1.jpg","contentUrl":"https:\/\/acuariosupremus.com\/wp-content\/uploads\/2022\/05\/filtro_canister_ef-efu-05_01-413x413-1.jpg","width":413,"height":413},{"@type":"BreadcrumbList","@id":"https:\/\/acuariosupremus.com\/?product=filtro-con-cargas-luz-uv-150-lph-boyu-efu-05#breadcrumb","itemListElement":[{"@type":"ListItem","position":1,"name":"Portada","item":"https:\/\/acuariosupremus.com\/"},{"@type":"ListItem","position":2,"name":"Tienda","item":"https:\/\/acuariosupremus.com\/tienda\/"},{"@type":"ListItem","position":3,"name":"Filtro con cargas luz UV 150 lph, BOYU EFU-05."}]},{"@type":"WebSite","@id":"https:\/\/acuariosupremus.com\/#website","url":"https:\/\/acuariosupremus.com\/","name":"Acuario Supremus","description":"Peces, Peceras y Mascotas.","publisher":{"@id":"https:\/\/acuariosupremus.com\/#organization"},"potentialAction":[{"@type":"SearchAction","target":{"@type":"EntryPoint","urlTemplate":"https:\/\/acuariosupremus.com\/?s={search_term_string}"},"query-input":{"@type":"PropertyValueSpecification","valueRequired":true,"valueName":"search_term_string"}}],"inLanguage":"es"},{"@type":"Organization","@id":"https:\/\/acuariosupremus.com\/#organization","name":"Acuario Supremus","url":"https:\/\/acuariosupremus.com\/","logo":{"@type":"ImageObject","inLanguage":"es","@id":"https:\/\/acuariosupremus.com\/#\/schema\/logo\/image\/","url":"https:\/\/acuariosupremus.com\/wp-content\/uploads\/2021\/12\/cropped-logo_acuario_supremus_fn-2.png","contentUrl":"https:\/\/acuariosupremus.com\/wp-content\/uploads\/2021\/12\/cropped-logo_acuario_supremus_fn-2.png","width":1000,"height":318,"caption":"Acuario Supremus"},"image":{"@id":"https:\/\/acuariosupremus.com\/#\/schema\/logo\/image\/"},"sameAs":["https:\/\/www.facebook.com\/AcuarioSupremus","https:\/\/x.com\/AcuarioSupremus","https:\/\/www.instagram.com\/acuariosupremus\/?hl=es"]}]}},"jetpack_sharing_enabled":true,"_links":{"self":[{"href":"https:\/\/acuariosupremus.com\/index.php?rest_route=\/wp\/v2\/product\/8245","targetHints":{"allow":["GET"]}}],"collection":[{"href":"https:\/\/acuariosupremus.com\/index.php?rest_route=\/wp\/v2\/product"}],"about":[{"href":"https:\/\/acuariosupremus.com\/index.php?rest_route=\/wp\/v2\/types\/product"}],"wp:featuredmedia":[{"embeddable":true,"href":"https:\/\/acuariosupremus.com\/index.php?rest_route=\/wp\/v2\/media\/8246"}],"wp:attachment":[{"href":"https:\/\/acuariosupremus.com\/index.php?rest_route=%2Fwp%2Fv2%2Fmedia&parent=8245"}],"wp:term":[{"taxonomy":"product_brand","embeddable":true,"href":"https:\/\/acuariosupremus.com\/index.php?rest_route=%2Fwp%2Fv2%2Fproduct_brand&post=8245"},{"taxonomy":"product_cat","embeddable":true,"href":"https:\/\/acuariosupremus.com\/index.php?rest_route=%2Fwp%2Fv2%2Fproduct_cat&post=8245"},{"taxonomy":"product_tag","embeddable":true,"href":"https:\/\/acuariosupremus.com\/index.php?rest_route=%2Fwp%2Fv2%2Fproduct_tag&post=8245"}],"curies":[{"name":"wp","href":"https:\/\/api.w.org\/{rel}","templated":true}]}}