{"id":8249,"date":"2022-05-01T15:38:28","date_gmt":"2022-05-01T20:38:28","guid":{"rendered":"https:\/\/acuariosupremus.com\/?post_type=product&#038;p=8249"},"modified":"2025-12-25T15:36:07","modified_gmt":"2025-12-25T21:36:07","slug":"filtro-con-cargas-luz-uv-300-lph-boyu-efu-10","status":"publish","type":"product","link":"https:\/\/acuariosupremus.com\/?product=filtro-con-cargas-luz-uv-300-lph-boyu-efu-10","title":{"rendered":"Filtro sin cargas luz UV 300 lph, BOYU EFU-10."},"content":{"rendered":"<p>Este filtro es presurizable gracias a la gran calidad sus empaques y al f\u00e1cil y pr\u00e1ctico sistema de cierre con cuatro clips de seguridad, adem\u00e1s de un asa desplegable para su manipulaci\u00f3n y transporte. Esta caracter\u00edstica mejora notablemente la eficiencia de sedimentaci\u00f3n mec\u00e1nica y posibilita la instalaci\u00f3n por debajo del acuario. Nunca fue tan sencillo mantener su filtro limpio y en perfecto estado. Obtenga el m\u00e1ximo rendimiento de filtraci\u00f3n en pocos minutos gracias a su sistema de canastas modulares, su sistema de cebado manual y a las conexiones desmontables con v\u00e1lvula de seguridad. Este modelo incluye dos esponjas para filtraci\u00f3n mec\u00e1nica de diferentes granulometr\u00edas.<\/p>\n<p>Corriente: 127V\/60Hz (V\/HZ)\u00a0 Consumo\/caudal bomba: 16w \u2013 300 l\/h (W- l\/h) Long. Cable 130 (cm) Tipo de enchufe \u201cA\u201d 2 pines Compartimentos 2 Conexi\u00f3n:16\/22 (\u00d8 int.\/ext. mm) Peso vac\u00edo: 3.54 (Kg.) Peso c. embalaje: 4.27 (Kg.) Dimensiones filtro: 223 x 223 x 280 (l x a x h, mm) Dim. con embalaje: 350 x 240 x 305 (l x a x h, mm).<\/p>\n<p>Masa filtrante: 2 x 1.1 L (Litros totales) Mangueras 2x 1,500 (\u00d816\/22) (l x \u00d8 mm) Pieza aspiraci\u00f3n 265 x 80 (\u00d816\/22) (L x a x \u00d8 mm) Bast\u00f3n impulsi\u00f3n 220 x 90 (\u00d816\/22 (L x a x \u00d8 mm) Barras irrigadoras 2 x 180 (\u00d816\/22)(L x x \u00d8 mm) Barra irrigadora 2 x (6 x \u00d83mm) N\u00b0 Orificios x \u00d8 mm Acuarios hasta: 100-300 (Litros).<\/p>\n","protected":false},"excerpt":{"rendered":"<p>Sistema de filtraci\u00f3n para acuarios de mediano tama\u00f1o.<br \/>\nEl m\u00e9todo de filtraci\u00f3n tipo canister es el m\u00e1s completo, vers\u00e1til y efectivo que podemos instalar en un acuario de agua dulce o salada. Para ello, BOYU nos ofrece la l\u00ednea Premium m\u00e1s avanzada con los modelos de la serie EFU. El filtro EFU-10 puede procesar diversas etapas de filtraci\u00f3n en sus dos canastas modulares, pudiendo combinar de forma progresiva los m\u00e9todos m\u00e1s avanzados del mercado mediante materiales filtrantes de tipo mec\u00e1nico, biol\u00f3gico y qu\u00edmico. Este filtro adem\u00e1s combina sin\u00e9rgicamente su gran potencial de filtraci\u00f3n con todo el poder de la desinfecci\u00f3n U.V. de alto desempe\u00f1o. La l\u00e1mpara puede ser accionada en todo momento mediante un c\u00f3modo interruptor protegido y situado en la cubierta superior.<\/p>\n","protected":false},"featured_media":8250,"template":"","meta":[],"product_brand":[122],"product_cat":[40,47],"product_tag":[205,195,643,189,186,190],"class_list":{"0":"post-8249","1":"product","2":"type-product","3":"status-publish","4":"has-post-thumbnail","6":"product_brand-boyu","7":"product_cat-peces","8":"product_cat-filtros-externos","9":"product_tag-esterilizador-uv","10":"product_tag-filtracion-biologica","11":"product_tag-filtro-boyu-efu","12":"product_tag-filtro-canister","13":"product_tag-filtro-externo","14":"product_tag-luz-uv","16":"first","17":"instock","18":"sale","19":"shipping-taxable","20":"purchasable","21":"product-type-simple"},"yoast_head":"<!-- This site is optimized with the Yoast SEO plugin v27.4 - https:\/\/yoast.com\/product\/yoast-seo-wordpress\/ -->\n<title>Filtro sin cargas luz UV 300 lph, BOYU EFU-10. | Acuario Supremus<\/title>\n<meta name=\"description\" content=\"Los filtros EFU mediante materiales filtrantes de tipo mec\u00e1nico, biol\u00f3gico y qu\u00edmico agregan todo el poder de la desinfecci\u00f3n U.V. de alto desempe\u00f1o.\" \/>\n<meta name=\"robots\" content=\"index, follow, max-snippet:-1, max-image-preview:large, max-video-preview:-1\" \/>\n<link rel=\"canonical\" href=\"https:\/\/acuariosupremus.com\/?product=filtro-con-cargas-luz-uv-300-lph-boyu-efu-10\" \/>\n<meta property=\"og:locale\" content=\"es_MX\" \/>\n<meta property=\"og:type\" content=\"article\" \/>\n<meta property=\"og:title\" content=\"Filtro sin cargas luz UV 300 lph, BOYU EFU-10. | Acuario Supremus\" \/>\n<meta property=\"og:description\" content=\"Los filtros EFU mediante materiales filtrantes de tipo mec\u00e1nico, biol\u00f3gico y qu\u00edmico agregan todo el poder de la desinfecci\u00f3n U.V. de alto desempe\u00f1o.\" \/>\n<meta property=\"og:url\" content=\"https:\/\/acuariosupremus.com\/?product=filtro-con-cargas-luz-uv-300-lph-boyu-efu-10\" \/>\n<meta property=\"og:site_name\" content=\"Acuario Supremus\" \/>\n<meta property=\"article:publisher\" content=\"https:\/\/www.facebook.com\/AcuarioSupremus\" \/>\n<meta property=\"article:modified_time\" content=\"2025-12-25T21:36:07+00:00\" \/>\n<meta property=\"og:image\" content=\"https:\/\/acuariosupremus.com\/wp-content\/uploads\/2022\/05\/filtro_canister_ef-efu10_01-413x413-1.jpg\" \/>\n\t<meta property=\"og:image:width\" content=\"413\" \/>\n\t<meta property=\"og:image:height\" content=\"413\" \/>\n\t<meta property=\"og:image:type\" content=\"image\/jpeg\" \/>\n<meta name=\"twitter:card\" content=\"summary_large_image\" \/>\n<meta name=\"twitter:site\" content=\"@AcuarioSupremus\" \/>\n<meta name=\"twitter:label1\" content=\"Tiempo de lectura\" \/>\n\t<meta name=\"twitter:data1\" content=\"2 minutos\" \/>\n<script type=\"application\/ld+json\" class=\"yoast-schema-graph\">{\"@context\":\"https:\\\/\\\/schema.org\",\"@graph\":[{\"@type\":\"WebPage\",\"@id\":\"https:\\\/\\\/acuariosupremus.com\\\/?product=filtro-con-cargas-luz-uv-300-lph-boyu-efu-10\",\"url\":\"https:\\\/\\\/acuariosupremus.com\\\/?product=filtro-con-cargas-luz-uv-300-lph-boyu-efu-10\",\"name\":\"Filtro sin cargas luz UV 300 lph, BOYU EFU-10. | Acuario Supremus\",\"isPartOf\":{\"@id\":\"https:\\\/\\\/acuariosupremus.com\\\/#website\"},\"primaryImageOfPage\":{\"@id\":\"https:\\\/\\\/acuariosupremus.com\\\/?product=filtro-con-cargas-luz-uv-300-lph-boyu-efu-10#primaryimage\"},\"image\":{\"@id\":\"https:\\\/\\\/acuariosupremus.com\\\/?product=filtro-con-cargas-luz-uv-300-lph-boyu-efu-10#primaryimage\"},\"thumbnailUrl\":\"https:\\\/\\\/acuariosupremus.com\\\/wp-content\\\/uploads\\\/2022\\\/05\\\/filtro_canister_ef-efu10_01-413x413-1.jpg\",\"datePublished\":\"2022-05-01T20:38:28+00:00\",\"dateModified\":\"2025-12-25T21:36:07+00:00\",\"description\":\"Los filtros EFU mediante materiales filtrantes de tipo mec\u00e1nico, biol\u00f3gico y qu\u00edmico agregan todo el poder de la desinfecci\u00f3n U.V. de alto desempe\u00f1o.\",\"breadcrumb\":{\"@id\":\"https:\\\/\\\/acuariosupremus.com\\\/?product=filtro-con-cargas-luz-uv-300-lph-boyu-efu-10#breadcrumb\"},\"inLanguage\":\"es\",\"potentialAction\":[{\"@type\":\"ReadAction\",\"target\":[\"https:\\\/\\\/acuariosupremus.com\\\/?product=filtro-con-cargas-luz-uv-300-lph-boyu-efu-10\"]}]},{\"@type\":\"ImageObject\",\"inLanguage\":\"es\",\"@id\":\"https:\\\/\\\/acuariosupremus.com\\\/?product=filtro-con-cargas-luz-uv-300-lph-boyu-efu-10#primaryimage\",\"url\":\"https:\\\/\\\/acuariosupremus.com\\\/wp-content\\\/uploads\\\/2022\\\/05\\\/filtro_canister_ef-efu10_01-413x413-1.jpg\",\"contentUrl\":\"https:\\\/\\\/acuariosupremus.com\\\/wp-content\\\/uploads\\\/2022\\\/05\\\/filtro_canister_ef-efu10_01-413x413-1.jpg\",\"width\":413,\"height\":413},{\"@type\":\"BreadcrumbList\",\"@id\":\"https:\\\/\\\/acuariosupremus.com\\\/?product=filtro-con-cargas-luz-uv-300-lph-boyu-efu-10#breadcrumb\",\"itemListElement\":[{\"@type\":\"ListItem\",\"position\":1,\"name\":\"Portada\",\"item\":\"https:\\\/\\\/acuariosupremus.com\\\/\"},{\"@type\":\"ListItem\",\"position\":2,\"name\":\"Tienda\",\"item\":\"https:\\\/\\\/acuariosupremus.com\\\/tienda\\\/\"},{\"@type\":\"ListItem\",\"position\":3,\"name\":\"Filtro sin cargas luz UV 300 lph, BOYU EFU-10.\"}]},{\"@type\":\"WebSite\",\"@id\":\"https:\\\/\\\/acuariosupremus.com\\\/#website\",\"url\":\"https:\\\/\\\/acuariosupremus.com\\\/\",\"name\":\"Acuario Supremus\",\"description\":\"Peces, Peceras y Mascotas.\",\"publisher\":{\"@id\":\"https:\\\/\\\/acuariosupremus.com\\\/#organization\"},\"potentialAction\":[{\"@type\":\"SearchAction\",\"target\":{\"@type\":\"EntryPoint\",\"urlTemplate\":\"https:\\\/\\\/acuariosupremus.com\\\/?s={search_term_string}\"},\"query-input\":{\"@type\":\"PropertyValueSpecification\",\"valueRequired\":true,\"valueName\":\"search_term_string\"}}],\"inLanguage\":\"es\"},{\"@type\":\"Organization\",\"@id\":\"https:\\\/\\\/acuariosupremus.com\\\/#organization\",\"name\":\"Acuario Supremus\",\"url\":\"https:\\\/\\\/acuariosupremus.com\\\/\",\"logo\":{\"@type\":\"ImageObject\",\"inLanguage\":\"es\",\"@id\":\"https:\\\/\\\/acuariosupremus.com\\\/#\\\/schema\\\/logo\\\/image\\\/\",\"url\":\"https:\\\/\\\/acuariosupremus.com\\\/wp-content\\\/uploads\\\/2021\\\/12\\\/cropped-logo_acuario_supremus_fn-2.png\",\"contentUrl\":\"https:\\\/\\\/acuariosupremus.com\\\/wp-content\\\/uploads\\\/2021\\\/12\\\/cropped-logo_acuario_supremus_fn-2.png\",\"width\":1000,\"height\":318,\"caption\":\"Acuario Supremus\"},\"image\":{\"@id\":\"https:\\\/\\\/acuariosupremus.com\\\/#\\\/schema\\\/logo\\\/image\\\/\"},\"sameAs\":[\"https:\\\/\\\/www.facebook.com\\\/AcuarioSupremus\",\"https:\\\/\\\/x.com\\\/AcuarioSupremus\",\"https:\\\/\\\/www.instagram.com\\\/acuariosupremus\\\/?hl=es\"]}]}<\/script>\n<!-- \/ Yoast SEO plugin. -->","yoast_head_json":{"title":"Filtro sin cargas luz UV 300 lph, BOYU EFU-10. | Acuario Supremus","description":"Los filtros EFU mediante materiales filtrantes de tipo mec\u00e1nico, biol\u00f3gico y qu\u00edmico agregan todo el poder de la desinfecci\u00f3n U.V. de alto desempe\u00f1o.","robots":{"index":"index","follow":"follow","max-snippet":"max-snippet:-1","max-image-preview":"max-image-preview:large","max-video-preview":"max-video-preview:-1"},"canonical":"https:\/\/acuariosupremus.com\/?product=filtro-con-cargas-luz-uv-300-lph-boyu-efu-10","og_locale":"es_MX","og_type":"article","og_title":"Filtro sin cargas luz UV 300 lph, BOYU EFU-10. | Acuario Supremus","og_description":"Los filtros EFU mediante materiales filtrantes de tipo mec\u00e1nico, biol\u00f3gico y qu\u00edmico agregan todo el poder de la desinfecci\u00f3n U.V. de alto desempe\u00f1o.","og_url":"https:\/\/acuariosupremus.com\/?product=filtro-con-cargas-luz-uv-300-lph-boyu-efu-10","og_site_name":"Acuario Supremus","article_publisher":"https:\/\/www.facebook.com\/AcuarioSupremus","article_modified_time":"2025-12-25T21:36:07+00:00","og_image":[{"width":413,"height":413,"url":"https:\/\/acuariosupremus.com\/wp-content\/uploads\/2022\/05\/filtro_canister_ef-efu10_01-413x413-1.jpg","type":"image\/jpeg"}],"twitter_card":"summary_large_image","twitter_site":"@AcuarioSupremus","twitter_misc":{"Tiempo de lectura":"2 minutos"},"schema":{"@context":"https:\/\/schema.org","@graph":[{"@type":"WebPage","@id":"https:\/\/acuariosupremus.com\/?product=filtro-con-cargas-luz-uv-300-lph-boyu-efu-10","url":"https:\/\/acuariosupremus.com\/?product=filtro-con-cargas-luz-uv-300-lph-boyu-efu-10","name":"Filtro sin cargas luz UV 300 lph, BOYU EFU-10. | Acuario Supremus","isPartOf":{"@id":"https:\/\/acuariosupremus.com\/#website"},"primaryImageOfPage":{"@id":"https:\/\/acuariosupremus.com\/?product=filtro-con-cargas-luz-uv-300-lph-boyu-efu-10#primaryimage"},"image":{"@id":"https:\/\/acuariosupremus.com\/?product=filtro-con-cargas-luz-uv-300-lph-boyu-efu-10#primaryimage"},"thumbnailUrl":"https:\/\/acuariosupremus.com\/wp-content\/uploads\/2022\/05\/filtro_canister_ef-efu10_01-413x413-1.jpg","datePublished":"2022-05-01T20:38:28+00:00","dateModified":"2025-12-25T21:36:07+00:00","description":"Los filtros EFU mediante materiales filtrantes de tipo mec\u00e1nico, biol\u00f3gico y qu\u00edmico agregan todo el poder de la desinfecci\u00f3n U.V. de alto desempe\u00f1o.","breadcrumb":{"@id":"https:\/\/acuariosupremus.com\/?product=filtro-con-cargas-luz-uv-300-lph-boyu-efu-10#breadcrumb"},"inLanguage":"es","potentialAction":[{"@type":"ReadAction","target":["https:\/\/acuariosupremus.com\/?product=filtro-con-cargas-luz-uv-300-lph-boyu-efu-10"]}]},{"@type":"ImageObject","inLanguage":"es","@id":"https:\/\/acuariosupremus.com\/?product=filtro-con-cargas-luz-uv-300-lph-boyu-efu-10#primaryimage","url":"https:\/\/acuariosupremus.com\/wp-content\/uploads\/2022\/05\/filtro_canister_ef-efu10_01-413x413-1.jpg","contentUrl":"https:\/\/acuariosupremus.com\/wp-content\/uploads\/2022\/05\/filtro_canister_ef-efu10_01-413x413-1.jpg","width":413,"height":413},{"@type":"BreadcrumbList","@id":"https:\/\/acuariosupremus.com\/?product=filtro-con-cargas-luz-uv-300-lph-boyu-efu-10#breadcrumb","itemListElement":[{"@type":"ListItem","position":1,"name":"Portada","item":"https:\/\/acuariosupremus.com\/"},{"@type":"ListItem","position":2,"name":"Tienda","item":"https:\/\/acuariosupremus.com\/tienda\/"},{"@type":"ListItem","position":3,"name":"Filtro sin cargas luz UV 300 lph, BOYU EFU-10."}]},{"@type":"WebSite","@id":"https:\/\/acuariosupremus.com\/#website","url":"https:\/\/acuariosupremus.com\/","name":"Acuario Supremus","description":"Peces, Peceras y Mascotas.","publisher":{"@id":"https:\/\/acuariosupremus.com\/#organization"},"potentialAction":[{"@type":"SearchAction","target":{"@type":"EntryPoint","urlTemplate":"https:\/\/acuariosupremus.com\/?s={search_term_string}"},"query-input":{"@type":"PropertyValueSpecification","valueRequired":true,"valueName":"search_term_string"}}],"inLanguage":"es"},{"@type":"Organization","@id":"https:\/\/acuariosupremus.com\/#organization","name":"Acuario Supremus","url":"https:\/\/acuariosupremus.com\/","logo":{"@type":"ImageObject","inLanguage":"es","@id":"https:\/\/acuariosupremus.com\/#\/schema\/logo\/image\/","url":"https:\/\/acuariosupremus.com\/wp-content\/uploads\/2021\/12\/cropped-logo_acuario_supremus_fn-2.png","contentUrl":"https:\/\/acuariosupremus.com\/wp-content\/uploads\/2021\/12\/cropped-logo_acuario_supremus_fn-2.png","width":1000,"height":318,"caption":"Acuario Supremus"},"image":{"@id":"https:\/\/acuariosupremus.com\/#\/schema\/logo\/image\/"},"sameAs":["https:\/\/www.facebook.com\/AcuarioSupremus","https:\/\/x.com\/AcuarioSupremus","https:\/\/www.instagram.com\/acuariosupremus\/?hl=es"]}]}},"jetpack_sharing_enabled":true,"_links":{"self":[{"href":"https:\/\/acuariosupremus.com\/index.php?rest_route=\/wp\/v2\/product\/8249","targetHints":{"allow":["GET"]}}],"collection":[{"href":"https:\/\/acuariosupremus.com\/index.php?rest_route=\/wp\/v2\/product"}],"about":[{"href":"https:\/\/acuariosupremus.com\/index.php?rest_route=\/wp\/v2\/types\/product"}],"wp:featuredmedia":[{"embeddable":true,"href":"https:\/\/acuariosupremus.com\/index.php?rest_route=\/wp\/v2\/media\/8250"}],"wp:attachment":[{"href":"https:\/\/acuariosupremus.com\/index.php?rest_route=%2Fwp%2Fv2%2Fmedia&parent=8249"}],"wp:term":[{"taxonomy":"product_brand","embeddable":true,"href":"https:\/\/acuariosupremus.com\/index.php?rest_route=%2Fwp%2Fv2%2Fproduct_brand&post=8249"},{"taxonomy":"product_cat","embeddable":true,"href":"https:\/\/acuariosupremus.com\/index.php?rest_route=%2Fwp%2Fv2%2Fproduct_cat&post=8249"},{"taxonomy":"product_tag","embeddable":true,"href":"https:\/\/acuariosupremus.com\/index.php?rest_route=%2Fwp%2Fv2%2Fproduct_tag&post=8249"}],"curies":[{"name":"wp","href":"https:\/\/api.w.org\/{rel}","templated":true}]}}