{"id":835,"date":"2022-01-23T16:58:24","date_gmt":"2022-01-23T22:58:24","guid":{"rendered":"https:\/\/acuariosupremus.com\/?post_type=product&#038;p=835"},"modified":"2026-04-18T16:47:34","modified_gmt":"2026-04-18T22:47:34","slug":"acondicionador-cycle-250-ml","status":"publish","type":"product","link":"https:\/\/acuariosupremus.com\/?product=acondicionador-cycle-250-ml","title":{"rendered":"ACONDICIONADOR CYCLE 250 ML."},"content":{"rendered":"<p>Caracter\u00edsticas:<\/p>\n<p>La aplicaci\u00f3n regular ayuda a excluir competitivamente el establecimiento de bacterias indeseables en acuarios. El acondicionador Cycle proporciona resultados consistentes gracias a su tecnolog\u00eda bio-floc que preserva la estabilidad, la eficacia y la vida \u00fatil del producto. La formula del acondicionador Cycle contiene colonias bacterianas puras, seguras y libres de contaminantes indeseables. Es un producto totalmente natural que no da\u00f1a las plantas, animales o seres humanos.<\/p>\n<p>No requiere refrigeraci\u00f3n. Para usar en agua dulce y salada.<\/p>\n<p>Tama\u00f1o: <strong>250 ml<\/strong> (8.4 fl oz).<\/p>\n<p>Dosis:<br \/>\nAcuarios nuevos. D\u00eda 1: 25 ml por 38 l (10 gal.) D\u00eda 2: 10 ml por 38 l (10 gal.) D\u00eda 3: 10 ml por 38 l (10 gal.) Despu\u00e9s de a\u00f1adir<br \/>\nnuevos peces y\/o medicamentos. 10 ml por 38 l (10 gal.) Dosis semanal para mantener una buena colonia biol\u00f3gica. 5 ml por 38 L (10 gal.)<\/p>\n<p>Precauciones:<br \/>\nMantener fuera del alcance de los ni\u00f1os.<br \/>\nEn caso de ingerir el producto busque atenci\u00f3n medica.<\/p>\n<p>Medidas:<br \/>\n15.5 cm x 6 cm di\u00e1metro<\/p>\n","protected":false},"excerpt":{"rendered":"<p>Suplemento biol\u00f3gico para acuarios, f\u00f3rmula con alta concentraci\u00f3n bacteriana que permite establecer de manera inmediata un ambiente propicio para la vida en el acuario. El acondicionador Cycle trabaja de manera inmediata, liberando grandes cantidades de bacterias ben\u00e9ficas que eliminan el amon\u00edaco y nitritos t\u00f3xicos.<\/p>\n","protected":false},"featured_media":837,"template":"","meta":[],"product_brand":[112],"product_cat":[40,41],"product_tag":[135,707],"class_list":{"0":"post-835","1":"product","2":"type-product","3":"status-publish","4":"has-post-thumbnail","6":"product_brand-hagen","7":"product_cat-peces","8":"product_cat-acondicionadores","9":"product_tag-bacteria-liquida","10":"product_tag-cycle","12":"first","13":"instock","14":"sale","15":"shipping-taxable","16":"purchasable","17":"product-type-simple"},"yoast_head":"<!-- This site is optimized with the Yoast SEO plugin v27.4 - https:\/\/yoast.com\/product\/yoast-seo-wordpress\/ -->\n<title>ACONDICIONADOR CYCLE 250 ML. | Acuario Supremus<\/title>\n<meta name=\"description\" content=\"El acondicionador Cycle trabaja de manera inmediata, liberando grandes cantidades de bacterias que eliminan el amoniaco y nitritos t\u00f3xicos.\" \/>\n<meta name=\"robots\" content=\"index, follow, max-snippet:-1, max-image-preview:large, max-video-preview:-1\" \/>\n<link rel=\"canonical\" href=\"https:\/\/acuariosupremus.com\/?product=acondicionador-cycle-250-ml\" \/>\n<meta property=\"og:locale\" content=\"es_MX\" \/>\n<meta property=\"og:type\" content=\"article\" \/>\n<meta property=\"og:title\" content=\"ACONDICIONADOR CYCLE 250 ML. | Acuario Supremus\" \/>\n<meta property=\"og:description\" content=\"El acondicionador Cycle trabaja de manera inmediata, liberando grandes cantidades de bacterias que eliminan el amoniaco y nitritos t\u00f3xicos.\" \/>\n<meta property=\"og:url\" content=\"https:\/\/acuariosupremus.com\/?product=acondicionador-cycle-250-ml\" \/>\n<meta property=\"og:site_name\" content=\"Acuario Supremus\" \/>\n<meta property=\"article:publisher\" content=\"https:\/\/www.facebook.com\/AcuarioSupremus\" \/>\n<meta property=\"article:modified_time\" content=\"2026-04-18T22:47:34+00:00\" \/>\n<meta property=\"og:image\" content=\"https:\/\/acuariosupremus.com\/wp-content\/uploads\/2022\/01\/HA7902.jpg\" \/>\n\t<meta property=\"og:image:width\" content=\"1000\" \/>\n\t<meta property=\"og:image:height\" content=\"1000\" \/>\n\t<meta property=\"og:image:type\" content=\"image\/jpeg\" \/>\n<meta name=\"twitter:card\" content=\"summary_large_image\" \/>\n<meta name=\"twitter:site\" content=\"@AcuarioSupremus\" \/>\n<meta name=\"twitter:label1\" content=\"Tiempo de lectura\" \/>\n\t<meta name=\"twitter:data1\" content=\"1 minuto\" \/>\n<script type=\"application\/ld+json\" class=\"yoast-schema-graph\">{\"@context\":\"https:\\\/\\\/schema.org\",\"@graph\":[{\"@type\":\"WebPage\",\"@id\":\"https:\\\/\\\/acuariosupremus.com\\\/?product=acondicionador-cycle-250-ml\",\"url\":\"https:\\\/\\\/acuariosupremus.com\\\/?product=acondicionador-cycle-250-ml\",\"name\":\"ACONDICIONADOR CYCLE 250 ML. | Acuario Supremus\",\"isPartOf\":{\"@id\":\"https:\\\/\\\/acuariosupremus.com\\\/#website\"},\"primaryImageOfPage\":{\"@id\":\"https:\\\/\\\/acuariosupremus.com\\\/?product=acondicionador-cycle-250-ml#primaryimage\"},\"image\":{\"@id\":\"https:\\\/\\\/acuariosupremus.com\\\/?product=acondicionador-cycle-250-ml#primaryimage\"},\"thumbnailUrl\":\"https:\\\/\\\/acuariosupremus.com\\\/wp-content\\\/uploads\\\/2022\\\/01\\\/HA7902.jpg\",\"datePublished\":\"2022-01-23T22:58:24+00:00\",\"dateModified\":\"2026-04-18T22:47:34+00:00\",\"description\":\"El acondicionador Cycle trabaja de manera inmediata, liberando grandes cantidades de bacterias que eliminan el amoniaco y nitritos t\u00f3xicos.\",\"breadcrumb\":{\"@id\":\"https:\\\/\\\/acuariosupremus.com\\\/?product=acondicionador-cycle-250-ml#breadcrumb\"},\"inLanguage\":\"es\",\"potentialAction\":[{\"@type\":\"ReadAction\",\"target\":[\"https:\\\/\\\/acuariosupremus.com\\\/?product=acondicionador-cycle-250-ml\"]}]},{\"@type\":\"ImageObject\",\"inLanguage\":\"es\",\"@id\":\"https:\\\/\\\/acuariosupremus.com\\\/?product=acondicionador-cycle-250-ml#primaryimage\",\"url\":\"https:\\\/\\\/acuariosupremus.com\\\/wp-content\\\/uploads\\\/2022\\\/01\\\/HA7902.jpg\",\"contentUrl\":\"https:\\\/\\\/acuariosupremus.com\\\/wp-content\\\/uploads\\\/2022\\\/01\\\/HA7902.jpg\",\"width\":1000,\"height\":1000},{\"@type\":\"BreadcrumbList\",\"@id\":\"https:\\\/\\\/acuariosupremus.com\\\/?product=acondicionador-cycle-250-ml#breadcrumb\",\"itemListElement\":[{\"@type\":\"ListItem\",\"position\":1,\"name\":\"Portada\",\"item\":\"https:\\\/\\\/acuariosupremus.com\\\/\"},{\"@type\":\"ListItem\",\"position\":2,\"name\":\"Tienda\",\"item\":\"https:\\\/\\\/acuariosupremus.com\\\/tienda\\\/\"},{\"@type\":\"ListItem\",\"position\":3,\"name\":\"ACONDICIONADOR CYCLE 250 ML.\"}]},{\"@type\":\"WebSite\",\"@id\":\"https:\\\/\\\/acuariosupremus.com\\\/#website\",\"url\":\"https:\\\/\\\/acuariosupremus.com\\\/\",\"name\":\"Acuario Supremus\",\"description\":\"Peces, Peceras y Mascotas.\",\"publisher\":{\"@id\":\"https:\\\/\\\/acuariosupremus.com\\\/#organization\"},\"potentialAction\":[{\"@type\":\"SearchAction\",\"target\":{\"@type\":\"EntryPoint\",\"urlTemplate\":\"https:\\\/\\\/acuariosupremus.com\\\/?s={search_term_string}\"},\"query-input\":{\"@type\":\"PropertyValueSpecification\",\"valueRequired\":true,\"valueName\":\"search_term_string\"}}],\"inLanguage\":\"es\"},{\"@type\":\"Organization\",\"@id\":\"https:\\\/\\\/acuariosupremus.com\\\/#organization\",\"name\":\"Acuario Supremus\",\"url\":\"https:\\\/\\\/acuariosupremus.com\\\/\",\"logo\":{\"@type\":\"ImageObject\",\"inLanguage\":\"es\",\"@id\":\"https:\\\/\\\/acuariosupremus.com\\\/#\\\/schema\\\/logo\\\/image\\\/\",\"url\":\"https:\\\/\\\/acuariosupremus.com\\\/wp-content\\\/uploads\\\/2021\\\/12\\\/cropped-logo_acuario_supremus_fn-2.png\",\"contentUrl\":\"https:\\\/\\\/acuariosupremus.com\\\/wp-content\\\/uploads\\\/2021\\\/12\\\/cropped-logo_acuario_supremus_fn-2.png\",\"width\":1000,\"height\":318,\"caption\":\"Acuario Supremus\"},\"image\":{\"@id\":\"https:\\\/\\\/acuariosupremus.com\\\/#\\\/schema\\\/logo\\\/image\\\/\"},\"sameAs\":[\"https:\\\/\\\/www.facebook.com\\\/AcuarioSupremus\",\"https:\\\/\\\/x.com\\\/AcuarioSupremus\",\"https:\\\/\\\/www.instagram.com\\\/acuariosupremus\\\/?hl=es\"]}]}<\/script>\n<!-- \/ Yoast SEO plugin. -->","yoast_head_json":{"title":"ACONDICIONADOR CYCLE 250 ML. | Acuario Supremus","description":"El acondicionador Cycle trabaja de manera inmediata, liberando grandes cantidades de bacterias que eliminan el amoniaco y nitritos t\u00f3xicos.","robots":{"index":"index","follow":"follow","max-snippet":"max-snippet:-1","max-image-preview":"max-image-preview:large","max-video-preview":"max-video-preview:-1"},"canonical":"https:\/\/acuariosupremus.com\/?product=acondicionador-cycle-250-ml","og_locale":"es_MX","og_type":"article","og_title":"ACONDICIONADOR CYCLE 250 ML. | Acuario Supremus","og_description":"El acondicionador Cycle trabaja de manera inmediata, liberando grandes cantidades de bacterias que eliminan el amoniaco y nitritos t\u00f3xicos.","og_url":"https:\/\/acuariosupremus.com\/?product=acondicionador-cycle-250-ml","og_site_name":"Acuario Supremus","article_publisher":"https:\/\/www.facebook.com\/AcuarioSupremus","article_modified_time":"2026-04-18T22:47:34+00:00","og_image":[{"width":1000,"height":1000,"url":"https:\/\/acuariosupremus.com\/wp-content\/uploads\/2022\/01\/HA7902.jpg","type":"image\/jpeg"}],"twitter_card":"summary_large_image","twitter_site":"@AcuarioSupremus","twitter_misc":{"Tiempo de lectura":"1 minuto"},"schema":{"@context":"https:\/\/schema.org","@graph":[{"@type":"WebPage","@id":"https:\/\/acuariosupremus.com\/?product=acondicionador-cycle-250-ml","url":"https:\/\/acuariosupremus.com\/?product=acondicionador-cycle-250-ml","name":"ACONDICIONADOR CYCLE 250 ML. | Acuario Supremus","isPartOf":{"@id":"https:\/\/acuariosupremus.com\/#website"},"primaryImageOfPage":{"@id":"https:\/\/acuariosupremus.com\/?product=acondicionador-cycle-250-ml#primaryimage"},"image":{"@id":"https:\/\/acuariosupremus.com\/?product=acondicionador-cycle-250-ml#primaryimage"},"thumbnailUrl":"https:\/\/acuariosupremus.com\/wp-content\/uploads\/2022\/01\/HA7902.jpg","datePublished":"2022-01-23T22:58:24+00:00","dateModified":"2026-04-18T22:47:34+00:00","description":"El acondicionador Cycle trabaja de manera inmediata, liberando grandes cantidades de bacterias que eliminan el amoniaco y nitritos t\u00f3xicos.","breadcrumb":{"@id":"https:\/\/acuariosupremus.com\/?product=acondicionador-cycle-250-ml#breadcrumb"},"inLanguage":"es","potentialAction":[{"@type":"ReadAction","target":["https:\/\/acuariosupremus.com\/?product=acondicionador-cycle-250-ml"]}]},{"@type":"ImageObject","inLanguage":"es","@id":"https:\/\/acuariosupremus.com\/?product=acondicionador-cycle-250-ml#primaryimage","url":"https:\/\/acuariosupremus.com\/wp-content\/uploads\/2022\/01\/HA7902.jpg","contentUrl":"https:\/\/acuariosupremus.com\/wp-content\/uploads\/2022\/01\/HA7902.jpg","width":1000,"height":1000},{"@type":"BreadcrumbList","@id":"https:\/\/acuariosupremus.com\/?product=acondicionador-cycle-250-ml#breadcrumb","itemListElement":[{"@type":"ListItem","position":1,"name":"Portada","item":"https:\/\/acuariosupremus.com\/"},{"@type":"ListItem","position":2,"name":"Tienda","item":"https:\/\/acuariosupremus.com\/tienda\/"},{"@type":"ListItem","position":3,"name":"ACONDICIONADOR CYCLE 250 ML."}]},{"@type":"WebSite","@id":"https:\/\/acuariosupremus.com\/#website","url":"https:\/\/acuariosupremus.com\/","name":"Acuario Supremus","description":"Peces, Peceras y Mascotas.","publisher":{"@id":"https:\/\/acuariosupremus.com\/#organization"},"potentialAction":[{"@type":"SearchAction","target":{"@type":"EntryPoint","urlTemplate":"https:\/\/acuariosupremus.com\/?s={search_term_string}"},"query-input":{"@type":"PropertyValueSpecification","valueRequired":true,"valueName":"search_term_string"}}],"inLanguage":"es"},{"@type":"Organization","@id":"https:\/\/acuariosupremus.com\/#organization","name":"Acuario Supremus","url":"https:\/\/acuariosupremus.com\/","logo":{"@type":"ImageObject","inLanguage":"es","@id":"https:\/\/acuariosupremus.com\/#\/schema\/logo\/image\/","url":"https:\/\/acuariosupremus.com\/wp-content\/uploads\/2021\/12\/cropped-logo_acuario_supremus_fn-2.png","contentUrl":"https:\/\/acuariosupremus.com\/wp-content\/uploads\/2021\/12\/cropped-logo_acuario_supremus_fn-2.png","width":1000,"height":318,"caption":"Acuario Supremus"},"image":{"@id":"https:\/\/acuariosupremus.com\/#\/schema\/logo\/image\/"},"sameAs":["https:\/\/www.facebook.com\/AcuarioSupremus","https:\/\/x.com\/AcuarioSupremus","https:\/\/www.instagram.com\/acuariosupremus\/?hl=es"]}]}},"jetpack_sharing_enabled":true,"_links":{"self":[{"href":"https:\/\/acuariosupremus.com\/index.php?rest_route=\/wp\/v2\/product\/835","targetHints":{"allow":["GET"]}}],"collection":[{"href":"https:\/\/acuariosupremus.com\/index.php?rest_route=\/wp\/v2\/product"}],"about":[{"href":"https:\/\/acuariosupremus.com\/index.php?rest_route=\/wp\/v2\/types\/product"}],"wp:featuredmedia":[{"embeddable":true,"href":"https:\/\/acuariosupremus.com\/index.php?rest_route=\/wp\/v2\/media\/837"}],"wp:attachment":[{"href":"https:\/\/acuariosupremus.com\/index.php?rest_route=%2Fwp%2Fv2%2Fmedia&parent=835"}],"wp:term":[{"taxonomy":"product_brand","embeddable":true,"href":"https:\/\/acuariosupremus.com\/index.php?rest_route=%2Fwp%2Fv2%2Fproduct_brand&post=835"},{"taxonomy":"product_cat","embeddable":true,"href":"https:\/\/acuariosupremus.com\/index.php?rest_route=%2Fwp%2Fv2%2Fproduct_cat&post=835"},{"taxonomy":"product_tag","embeddable":true,"href":"https:\/\/acuariosupremus.com\/index.php?rest_route=%2Fwp%2Fv2%2Fproduct_tag&post=835"}],"curies":[{"name":"wp","href":"https:\/\/api.w.org\/{rel}","templated":true}]}}