{"id":8351,"date":"2022-05-02T19:12:15","date_gmt":"2022-05-03T00:12:15","guid":{"rendered":"https:\/\/acuariosupremus.com\/?post_type=product&#038;p=8351"},"modified":"2025-12-25T15:48:31","modified_gmt":"2025-12-25T21:48:31","slug":"filtro-de-esponja-ultradurable-400-litros-boyu-sf-104","status":"publish","type":"product","link":"https:\/\/acuariosupremus.com\/?product=filtro-de-esponja-ultradurable-400-litros-boyu-sf-104","title":{"rendered":"Filtro de esponja ultradurable 400 litros, BOYU SF-104."},"content":{"rendered":"<p>Su cualidad m\u00e1s notable es que pueden accionarse mediante una bomba de aire, basando su funcionamiento en un flujo ascendente de burbujas que provoca la circulaci\u00f3n del agua del acuario a trav\u00e9s de su cuerpo de esponja, que posee excelentes propiedades como filtro biomec\u00e1nico. El agua atraviesa un compartimento donde podemos colocar materiales filtrantes diversos como carb\u00f3n activado o resinas. Finalmente, las burbujas salen por su \u201cchimenea\u201d para oxigenar abundantemente el acuario al llegar a la superficie. Est\u00e1 fabricado con materiales de muy alta calidad para asegurarle una larga vida de uso. Su esponja bio-mec\u00e1nica est\u00e1 compuesta por unos diminutos poros abiertos que aportan una gran superficie para albergar una m\u00e1xima cantidad de bacterias beneficiosas, y retener adem\u00e1s part\u00edculas s\u00f3lidas de peque\u00f1o tama\u00f1o para obtener un agua transparente y de gran calidad.<\/p>\n<p>Para acuarios de hasta: 400 (litros) Peso neto: 200 (grs.) Peso con embalaje 260 (grs.) Dimensiones: 120 x 120 x 240 (l x a x h, mm) Dimensiones con embalaje: 125 x 130 x 150 (l x a x h, mm)<\/p>\n","protected":false},"excerpt":{"rendered":"<p>Precisos y confiables.<br \/>\nLos filtros de esponja BOYU son la mejor soluci\u00f3n para resolver las necesidades de nuestros acuarios de agua dulce y salada en multitud de situaciones. Las funciones y ventajas de su sistema son muchas, ya que ofrece en muy poco espacio una excelente oxigenaci\u00f3n del agua con las funciones de filtraci\u00f3n mec\u00e1nica, biol\u00f3gica y hasta qu\u00edmica, todo ello con una inversi\u00f3n econ\u00f3mica m\u00e1s que razonable y un m\u00ednimo consumo el\u00e9ctrico.<\/p>\n","protected":false},"featured_media":8352,"template":"","meta":[],"product_brand":[122],"product_cat":[40,46],"product_tag":[263,654,194],"class_list":{"0":"post-8351","1":"product","2":"type-product","3":"status-publish","4":"has-post-thumbnail","6":"product_brand-boyu","7":"product_cat-peces","8":"product_cat-filtros-internos","9":"product_tag-filtro-esponja","10":"product_tag-filtro-esponja-boyu-sf","11":"product_tag-filtro-interno","13":"first","14":"instock","15":"sale","16":"shipping-taxable","17":"purchasable","18":"product-type-simple"},"yoast_head":"<!-- This site is optimized with the Yoast SEO plugin v27.4 - https:\/\/yoast.com\/product\/yoast-seo-wordpress\/ -->\n<title>Filtro de esponja ultradurable 400 litros, BOYU SF-104. | Acuario Supremus<\/title>\n<meta name=\"description\" content=\"Los filtros de esponja BOYU son la mejor soluci\u00f3n para resolver las necesidades de nuestros acuarios de agua dulce y salada en multitud de situaciones.\" \/>\n<meta name=\"robots\" content=\"index, follow, max-snippet:-1, max-image-preview:large, max-video-preview:-1\" \/>\n<link rel=\"canonical\" href=\"https:\/\/acuariosupremus.com\/?product=filtro-de-esponja-ultradurable-400-litros-boyu-sf-104\" \/>\n<meta property=\"og:locale\" content=\"es_MX\" \/>\n<meta property=\"og:type\" content=\"article\" \/>\n<meta property=\"og:title\" content=\"Filtro de esponja ultradurable 400 litros, BOYU SF-104. | Acuario Supremus\" \/>\n<meta property=\"og:description\" content=\"Los filtros de esponja BOYU son la mejor soluci\u00f3n para resolver las necesidades de nuestros acuarios de agua dulce y salada en multitud de situaciones.\" \/>\n<meta property=\"og:url\" content=\"https:\/\/acuariosupremus.com\/?product=filtro-de-esponja-ultradurable-400-litros-boyu-sf-104\" \/>\n<meta property=\"og:site_name\" content=\"Acuario Supremus\" \/>\n<meta property=\"article:publisher\" content=\"https:\/\/www.facebook.com\/AcuarioSupremus\" \/>\n<meta property=\"article:modified_time\" content=\"2025-12-25T21:48:31+00:00\" \/>\n<meta property=\"og:image\" content=\"https:\/\/acuariosupremus.com\/wp-content\/uploads\/2022\/05\/filtro_esponja_sf-101_05.jpg\" \/>\n\t<meta property=\"og:image:width\" content=\"1250\" \/>\n\t<meta property=\"og:image:height\" content=\"1250\" \/>\n\t<meta property=\"og:image:type\" content=\"image\/jpeg\" \/>\n<meta name=\"twitter:card\" content=\"summary_large_image\" \/>\n<meta name=\"twitter:site\" content=\"@AcuarioSupremus\" \/>\n<meta name=\"twitter:label1\" content=\"Tiempo de lectura\" \/>\n\t<meta name=\"twitter:data1\" content=\"1 minuto\" \/>\n<script type=\"application\/ld+json\" class=\"yoast-schema-graph\">{\"@context\":\"https:\\\/\\\/schema.org\",\"@graph\":[{\"@type\":\"WebPage\",\"@id\":\"https:\\\/\\\/acuariosupremus.com\\\/?product=filtro-de-esponja-ultradurable-400-litros-boyu-sf-104\",\"url\":\"https:\\\/\\\/acuariosupremus.com\\\/?product=filtro-de-esponja-ultradurable-400-litros-boyu-sf-104\",\"name\":\"Filtro de esponja ultradurable 400 litros, BOYU SF-104. | Acuario Supremus\",\"isPartOf\":{\"@id\":\"https:\\\/\\\/acuariosupremus.com\\\/#website\"},\"primaryImageOfPage\":{\"@id\":\"https:\\\/\\\/acuariosupremus.com\\\/?product=filtro-de-esponja-ultradurable-400-litros-boyu-sf-104#primaryimage\"},\"image\":{\"@id\":\"https:\\\/\\\/acuariosupremus.com\\\/?product=filtro-de-esponja-ultradurable-400-litros-boyu-sf-104#primaryimage\"},\"thumbnailUrl\":\"https:\\\/\\\/acuariosupremus.com\\\/wp-content\\\/uploads\\\/2022\\\/05\\\/filtro_esponja_sf-101_05.jpg\",\"datePublished\":\"2022-05-03T00:12:15+00:00\",\"dateModified\":\"2025-12-25T21:48:31+00:00\",\"description\":\"Los filtros de esponja BOYU son la mejor soluci\u00f3n para resolver las necesidades de nuestros acuarios de agua dulce y salada en multitud de situaciones.\",\"breadcrumb\":{\"@id\":\"https:\\\/\\\/acuariosupremus.com\\\/?product=filtro-de-esponja-ultradurable-400-litros-boyu-sf-104#breadcrumb\"},\"inLanguage\":\"es\",\"potentialAction\":[{\"@type\":\"ReadAction\",\"target\":[\"https:\\\/\\\/acuariosupremus.com\\\/?product=filtro-de-esponja-ultradurable-400-litros-boyu-sf-104\"]}]},{\"@type\":\"ImageObject\",\"inLanguage\":\"es\",\"@id\":\"https:\\\/\\\/acuariosupremus.com\\\/?product=filtro-de-esponja-ultradurable-400-litros-boyu-sf-104#primaryimage\",\"url\":\"https:\\\/\\\/acuariosupremus.com\\\/wp-content\\\/uploads\\\/2022\\\/05\\\/filtro_esponja_sf-101_05.jpg\",\"contentUrl\":\"https:\\\/\\\/acuariosupremus.com\\\/wp-content\\\/uploads\\\/2022\\\/05\\\/filtro_esponja_sf-101_05.jpg\",\"width\":1250,\"height\":1250},{\"@type\":\"BreadcrumbList\",\"@id\":\"https:\\\/\\\/acuariosupremus.com\\\/?product=filtro-de-esponja-ultradurable-400-litros-boyu-sf-104#breadcrumb\",\"itemListElement\":[{\"@type\":\"ListItem\",\"position\":1,\"name\":\"Portada\",\"item\":\"https:\\\/\\\/acuariosupremus.com\\\/\"},{\"@type\":\"ListItem\",\"position\":2,\"name\":\"Tienda\",\"item\":\"https:\\\/\\\/acuariosupremus.com\\\/tienda\\\/\"},{\"@type\":\"ListItem\",\"position\":3,\"name\":\"Filtro de esponja ultradurable 400 litros, BOYU SF-104.\"}]},{\"@type\":\"WebSite\",\"@id\":\"https:\\\/\\\/acuariosupremus.com\\\/#website\",\"url\":\"https:\\\/\\\/acuariosupremus.com\\\/\",\"name\":\"Acuario Supremus\",\"description\":\"Peces, Peceras y Mascotas.\",\"publisher\":{\"@id\":\"https:\\\/\\\/acuariosupremus.com\\\/#organization\"},\"potentialAction\":[{\"@type\":\"SearchAction\",\"target\":{\"@type\":\"EntryPoint\",\"urlTemplate\":\"https:\\\/\\\/acuariosupremus.com\\\/?s={search_term_string}\"},\"query-input\":{\"@type\":\"PropertyValueSpecification\",\"valueRequired\":true,\"valueName\":\"search_term_string\"}}],\"inLanguage\":\"es\"},{\"@type\":\"Organization\",\"@id\":\"https:\\\/\\\/acuariosupremus.com\\\/#organization\",\"name\":\"Acuario Supremus\",\"url\":\"https:\\\/\\\/acuariosupremus.com\\\/\",\"logo\":{\"@type\":\"ImageObject\",\"inLanguage\":\"es\",\"@id\":\"https:\\\/\\\/acuariosupremus.com\\\/#\\\/schema\\\/logo\\\/image\\\/\",\"url\":\"https:\\\/\\\/acuariosupremus.com\\\/wp-content\\\/uploads\\\/2021\\\/12\\\/cropped-logo_acuario_supremus_fn-2.png\",\"contentUrl\":\"https:\\\/\\\/acuariosupremus.com\\\/wp-content\\\/uploads\\\/2021\\\/12\\\/cropped-logo_acuario_supremus_fn-2.png\",\"width\":1000,\"height\":318,\"caption\":\"Acuario Supremus\"},\"image\":{\"@id\":\"https:\\\/\\\/acuariosupremus.com\\\/#\\\/schema\\\/logo\\\/image\\\/\"},\"sameAs\":[\"https:\\\/\\\/www.facebook.com\\\/AcuarioSupremus\",\"https:\\\/\\\/x.com\\\/AcuarioSupremus\",\"https:\\\/\\\/www.instagram.com\\\/acuariosupremus\\\/?hl=es\"]}]}<\/script>\n<!-- \/ Yoast SEO plugin. -->","yoast_head_json":{"title":"Filtro de esponja ultradurable 400 litros, BOYU SF-104. | Acuario Supremus","description":"Los filtros de esponja BOYU son la mejor soluci\u00f3n para resolver las necesidades de nuestros acuarios de agua dulce y salada en multitud de situaciones.","robots":{"index":"index","follow":"follow","max-snippet":"max-snippet:-1","max-image-preview":"max-image-preview:large","max-video-preview":"max-video-preview:-1"},"canonical":"https:\/\/acuariosupremus.com\/?product=filtro-de-esponja-ultradurable-400-litros-boyu-sf-104","og_locale":"es_MX","og_type":"article","og_title":"Filtro de esponja ultradurable 400 litros, BOYU SF-104. | Acuario Supremus","og_description":"Los filtros de esponja BOYU son la mejor soluci\u00f3n para resolver las necesidades de nuestros acuarios de agua dulce y salada en multitud de situaciones.","og_url":"https:\/\/acuariosupremus.com\/?product=filtro-de-esponja-ultradurable-400-litros-boyu-sf-104","og_site_name":"Acuario Supremus","article_publisher":"https:\/\/www.facebook.com\/AcuarioSupremus","article_modified_time":"2025-12-25T21:48:31+00:00","og_image":[{"width":1250,"height":1250,"url":"https:\/\/acuariosupremus.com\/wp-content\/uploads\/2022\/05\/filtro_esponja_sf-101_05.jpg","type":"image\/jpeg"}],"twitter_card":"summary_large_image","twitter_site":"@AcuarioSupremus","twitter_misc":{"Tiempo de lectura":"1 minuto"},"schema":{"@context":"https:\/\/schema.org","@graph":[{"@type":"WebPage","@id":"https:\/\/acuariosupremus.com\/?product=filtro-de-esponja-ultradurable-400-litros-boyu-sf-104","url":"https:\/\/acuariosupremus.com\/?product=filtro-de-esponja-ultradurable-400-litros-boyu-sf-104","name":"Filtro de esponja ultradurable 400 litros, BOYU SF-104. | Acuario Supremus","isPartOf":{"@id":"https:\/\/acuariosupremus.com\/#website"},"primaryImageOfPage":{"@id":"https:\/\/acuariosupremus.com\/?product=filtro-de-esponja-ultradurable-400-litros-boyu-sf-104#primaryimage"},"image":{"@id":"https:\/\/acuariosupremus.com\/?product=filtro-de-esponja-ultradurable-400-litros-boyu-sf-104#primaryimage"},"thumbnailUrl":"https:\/\/acuariosupremus.com\/wp-content\/uploads\/2022\/05\/filtro_esponja_sf-101_05.jpg","datePublished":"2022-05-03T00:12:15+00:00","dateModified":"2025-12-25T21:48:31+00:00","description":"Los filtros de esponja BOYU son la mejor soluci\u00f3n para resolver las necesidades de nuestros acuarios de agua dulce y salada en multitud de situaciones.","breadcrumb":{"@id":"https:\/\/acuariosupremus.com\/?product=filtro-de-esponja-ultradurable-400-litros-boyu-sf-104#breadcrumb"},"inLanguage":"es","potentialAction":[{"@type":"ReadAction","target":["https:\/\/acuariosupremus.com\/?product=filtro-de-esponja-ultradurable-400-litros-boyu-sf-104"]}]},{"@type":"ImageObject","inLanguage":"es","@id":"https:\/\/acuariosupremus.com\/?product=filtro-de-esponja-ultradurable-400-litros-boyu-sf-104#primaryimage","url":"https:\/\/acuariosupremus.com\/wp-content\/uploads\/2022\/05\/filtro_esponja_sf-101_05.jpg","contentUrl":"https:\/\/acuariosupremus.com\/wp-content\/uploads\/2022\/05\/filtro_esponja_sf-101_05.jpg","width":1250,"height":1250},{"@type":"BreadcrumbList","@id":"https:\/\/acuariosupremus.com\/?product=filtro-de-esponja-ultradurable-400-litros-boyu-sf-104#breadcrumb","itemListElement":[{"@type":"ListItem","position":1,"name":"Portada","item":"https:\/\/acuariosupremus.com\/"},{"@type":"ListItem","position":2,"name":"Tienda","item":"https:\/\/acuariosupremus.com\/tienda\/"},{"@type":"ListItem","position":3,"name":"Filtro de esponja ultradurable 400 litros, BOYU SF-104."}]},{"@type":"WebSite","@id":"https:\/\/acuariosupremus.com\/#website","url":"https:\/\/acuariosupremus.com\/","name":"Acuario Supremus","description":"Peces, Peceras y Mascotas.","publisher":{"@id":"https:\/\/acuariosupremus.com\/#organization"},"potentialAction":[{"@type":"SearchAction","target":{"@type":"EntryPoint","urlTemplate":"https:\/\/acuariosupremus.com\/?s={search_term_string}"},"query-input":{"@type":"PropertyValueSpecification","valueRequired":true,"valueName":"search_term_string"}}],"inLanguage":"es"},{"@type":"Organization","@id":"https:\/\/acuariosupremus.com\/#organization","name":"Acuario Supremus","url":"https:\/\/acuariosupremus.com\/","logo":{"@type":"ImageObject","inLanguage":"es","@id":"https:\/\/acuariosupremus.com\/#\/schema\/logo\/image\/","url":"https:\/\/acuariosupremus.com\/wp-content\/uploads\/2021\/12\/cropped-logo_acuario_supremus_fn-2.png","contentUrl":"https:\/\/acuariosupremus.com\/wp-content\/uploads\/2021\/12\/cropped-logo_acuario_supremus_fn-2.png","width":1000,"height":318,"caption":"Acuario Supremus"},"image":{"@id":"https:\/\/acuariosupremus.com\/#\/schema\/logo\/image\/"},"sameAs":["https:\/\/www.facebook.com\/AcuarioSupremus","https:\/\/x.com\/AcuarioSupremus","https:\/\/www.instagram.com\/acuariosupremus\/?hl=es"]}]}},"jetpack_sharing_enabled":true,"_links":{"self":[{"href":"https:\/\/acuariosupremus.com\/index.php?rest_route=\/wp\/v2\/product\/8351","targetHints":{"allow":["GET"]}}],"collection":[{"href":"https:\/\/acuariosupremus.com\/index.php?rest_route=\/wp\/v2\/product"}],"about":[{"href":"https:\/\/acuariosupremus.com\/index.php?rest_route=\/wp\/v2\/types\/product"}],"wp:featuredmedia":[{"embeddable":true,"href":"https:\/\/acuariosupremus.com\/index.php?rest_route=\/wp\/v2\/media\/8352"}],"wp:attachment":[{"href":"https:\/\/acuariosupremus.com\/index.php?rest_route=%2Fwp%2Fv2%2Fmedia&parent=8351"}],"wp:term":[{"taxonomy":"product_brand","embeddable":true,"href":"https:\/\/acuariosupremus.com\/index.php?rest_route=%2Fwp%2Fv2%2Fproduct_brand&post=8351"},{"taxonomy":"product_cat","embeddable":true,"href":"https:\/\/acuariosupremus.com\/index.php?rest_route=%2Fwp%2Fv2%2Fproduct_cat&post=8351"},{"taxonomy":"product_tag","embeddable":true,"href":"https:\/\/acuariosupremus.com\/index.php?rest_route=%2Fwp%2Fv2%2Fproduct_tag&post=8351"}],"curies":[{"name":"wp","href":"https:\/\/api.w.org\/{rel}","templated":true}]}}