{"id":8390,"date":"2022-05-03T14:08:33","date_gmt":"2022-05-03T19:08:33","guid":{"rendered":"https:\/\/acuariosupremus.com\/?post_type=product&#038;p=8390"},"modified":"2025-12-25T16:51:23","modified_gmt":"2025-12-25T22:51:23","slug":"anillos-ceramicos-anidacion-de-bacteria-boyu-cr-300-300-g","status":"publish","type":"product","link":"https:\/\/acuariosupremus.com\/?product=anillos-ceramicos-anidacion-de-bacteria-boyu-cr-300-300-g","title":{"rendered":"Anillos cer\u00e1micos anidaci\u00f3n de bacteria BOYU CR-300 (300 g)."},"content":{"rendered":"<p>Este material es 100% inerte y at\u00f3xico al agua dulce y salada, entregando un gran rendimiento por un largo periodo de tiempo.<br \/>\nEste medio es una de las mejores opciones para desempe\u00f1ar la filtraci\u00f3n biol\u00f3gica en un acuario gracias a que posee un alto rendimiento en muy poco espacio. Puede usarse tanto en filtros tipo canasta como filtros de \u201cmochila\u201d, \u201cBack Filters\u201d, \u201cTop Filters\u201d y filtros seco h\u00famedos o de percolaci\u00f3n instalados en sumideros. Es muy recomendable colocarlos con una filtraci\u00f3n mec\u00e1nica previa para que no se saturen sus peque\u00f1os poros. Este material alberga simult\u00e1neamente tanto las bacterias nitrificantes aerobias como las anaerobias desnitrificantes en un entorno ideal para su \u00f3ptima proliferaci\u00f3n. Es totalmente seguro e inocuo para todos los organismos acu\u00e1ticos, qu\u00edmicamente inerte al agua, libre de toxinas y con una consistencia mec\u00e1nica muy alta.<\/p>\n<p>P\/V Neto:300-320 (ml. \/g) Formato pellets: \u00d8 15x 15 mm Peso total: 365 (g) Tama\u00f1o mm: 122 x 42 x 195 (l x a x h)<\/p>\n","protected":false},"excerpt":{"rendered":"<p>Para acuarios de agua dulce, acuarios plantados, estanques, agua salada y arrecifes.<br \/>\nLos anillos cer\u00e1micos de BOYU son un medio filtrante de tipo biol\u00f3gico elaborado con materiales cer\u00e1micos cocidos a altas temperaturas y presiones para obtener una excelente estructura micro porosa sin perder consistencia mec\u00e1nica. Estos anillos aportan un entorno ideal para la proliferaci\u00f3n de distintas colonias bacterianas beneficiosas para el acuario, que ayudan a descomponer las prote\u00ednas de los deshechos para procesarlas en nitrito y nitrato.<\/p>\n","protected":false},"featured_media":8391,"template":"","meta":[],"product_brand":[122],"product_cat":[40,48],"product_tag":[659,211,212,264],"class_list":{"0":"post-8390","1":"product","2":"type-product","3":"status-publish","4":"has-post-thumbnail","6":"product_brand-boyu","7":"product_cat-peces","8":"product_cat-material-filtrante","9":"product_tag-anillos-ceramicos-boyu-cr","10":"product_tag-canutillos-ceramicos","11":"product_tag-colonia-bacteriana","12":"product_tag-material-filtrante","14":"first","15":"instock","16":"shipping-taxable","17":"purchasable","18":"product-type-simple"},"yoast_head":"<!-- This site is optimized with the Yoast SEO plugin v27.4 - https:\/\/yoast.com\/product\/yoast-seo-wordpress\/ -->\n<title>Anillos cer\u00e1micos anidaci\u00f3n de bacteria BOYU CR-300 (300 g). | Acuario Supremus<\/title>\n<meta name=\"description\" content=\"Los anillos cer\u00e1micos de BOYU son un medio filtrante de tipo biol\u00f3gico elaborado con materiales cer\u00e1micos con una excelente estructura micro porosa.\" \/>\n<meta name=\"robots\" content=\"index, follow, max-snippet:-1, max-image-preview:large, max-video-preview:-1\" \/>\n<link rel=\"canonical\" href=\"https:\/\/acuariosupremus.com\/?product=anillos-ceramicos-anidacion-de-bacteria-boyu-cr-300-300-g\" \/>\n<meta property=\"og:locale\" content=\"es_MX\" \/>\n<meta property=\"og:type\" content=\"article\" \/>\n<meta property=\"og:title\" content=\"Anillos cer\u00e1micos anidaci\u00f3n de bacteria BOYU CR-300 (300 g). | Acuario Supremus\" \/>\n<meta property=\"og:description\" content=\"Los anillos cer\u00e1micos de BOYU son un medio filtrante de tipo biol\u00f3gico elaborado con materiales cer\u00e1micos con una excelente estructura micro porosa.\" \/>\n<meta property=\"og:url\" content=\"https:\/\/acuariosupremus.com\/?product=anillos-ceramicos-anidacion-de-bacteria-boyu-cr-300-300-g\" \/>\n<meta property=\"og:site_name\" content=\"Acuario Supremus\" \/>\n<meta property=\"article:publisher\" content=\"https:\/\/www.facebook.com\/AcuarioSupremus\" \/>\n<meta property=\"article:modified_time\" content=\"2025-12-25T22:51:23+00:00\" \/>\n<meta property=\"og:image\" content=\"https:\/\/acuariosupremus.com\/wp-content\/uploads\/2022\/05\/anillos_ceramicos_boyu_04.jpg\" \/>\n\t<meta property=\"og:image:width\" content=\"1250\" \/>\n\t<meta property=\"og:image:height\" content=\"1250\" \/>\n\t<meta property=\"og:image:type\" content=\"image\/jpeg\" \/>\n<meta name=\"twitter:card\" content=\"summary_large_image\" \/>\n<meta name=\"twitter:site\" content=\"@AcuarioSupremus\" \/>\n<meta name=\"twitter:label1\" content=\"Tiempo de lectura\" \/>\n\t<meta name=\"twitter:data1\" content=\"1 minuto\" \/>\n<script type=\"application\/ld+json\" class=\"yoast-schema-graph\">{\"@context\":\"https:\\\/\\\/schema.org\",\"@graph\":[{\"@type\":\"WebPage\",\"@id\":\"https:\\\/\\\/acuariosupremus.com\\\/?product=anillos-ceramicos-anidacion-de-bacteria-boyu-cr-300-300-g\",\"url\":\"https:\\\/\\\/acuariosupremus.com\\\/?product=anillos-ceramicos-anidacion-de-bacteria-boyu-cr-300-300-g\",\"name\":\"Anillos cer\u00e1micos anidaci\u00f3n de bacteria BOYU CR-300 (300 g). | Acuario Supremus\",\"isPartOf\":{\"@id\":\"https:\\\/\\\/acuariosupremus.com\\\/#website\"},\"primaryImageOfPage\":{\"@id\":\"https:\\\/\\\/acuariosupremus.com\\\/?product=anillos-ceramicos-anidacion-de-bacteria-boyu-cr-300-300-g#primaryimage\"},\"image\":{\"@id\":\"https:\\\/\\\/acuariosupremus.com\\\/?product=anillos-ceramicos-anidacion-de-bacteria-boyu-cr-300-300-g#primaryimage\"},\"thumbnailUrl\":\"https:\\\/\\\/acuariosupremus.com\\\/wp-content\\\/uploads\\\/2022\\\/05\\\/anillos_ceramicos_boyu_04.jpg\",\"datePublished\":\"2022-05-03T19:08:33+00:00\",\"dateModified\":\"2025-12-25T22:51:23+00:00\",\"description\":\"Los anillos cer\u00e1micos de BOYU son un medio filtrante de tipo biol\u00f3gico elaborado con materiales cer\u00e1micos con una excelente estructura micro porosa.\",\"breadcrumb\":{\"@id\":\"https:\\\/\\\/acuariosupremus.com\\\/?product=anillos-ceramicos-anidacion-de-bacteria-boyu-cr-300-300-g#breadcrumb\"},\"inLanguage\":\"es\",\"potentialAction\":[{\"@type\":\"ReadAction\",\"target\":[\"https:\\\/\\\/acuariosupremus.com\\\/?product=anillos-ceramicos-anidacion-de-bacteria-boyu-cr-300-300-g\"]}]},{\"@type\":\"ImageObject\",\"inLanguage\":\"es\",\"@id\":\"https:\\\/\\\/acuariosupremus.com\\\/?product=anillos-ceramicos-anidacion-de-bacteria-boyu-cr-300-300-g#primaryimage\",\"url\":\"https:\\\/\\\/acuariosupremus.com\\\/wp-content\\\/uploads\\\/2022\\\/05\\\/anillos_ceramicos_boyu_04.jpg\",\"contentUrl\":\"https:\\\/\\\/acuariosupremus.com\\\/wp-content\\\/uploads\\\/2022\\\/05\\\/anillos_ceramicos_boyu_04.jpg\",\"width\":1250,\"height\":1250},{\"@type\":\"BreadcrumbList\",\"@id\":\"https:\\\/\\\/acuariosupremus.com\\\/?product=anillos-ceramicos-anidacion-de-bacteria-boyu-cr-300-300-g#breadcrumb\",\"itemListElement\":[{\"@type\":\"ListItem\",\"position\":1,\"name\":\"Portada\",\"item\":\"https:\\\/\\\/acuariosupremus.com\\\/\"},{\"@type\":\"ListItem\",\"position\":2,\"name\":\"Tienda\",\"item\":\"https:\\\/\\\/acuariosupremus.com\\\/tienda\\\/\"},{\"@type\":\"ListItem\",\"position\":3,\"name\":\"Anillos cer\u00e1micos anidaci\u00f3n de bacteria BOYU CR-300 (300 g).\"}]},{\"@type\":\"WebSite\",\"@id\":\"https:\\\/\\\/acuariosupremus.com\\\/#website\",\"url\":\"https:\\\/\\\/acuariosupremus.com\\\/\",\"name\":\"Acuario Supremus\",\"description\":\"Peces, Peceras y Mascotas.\",\"publisher\":{\"@id\":\"https:\\\/\\\/acuariosupremus.com\\\/#organization\"},\"potentialAction\":[{\"@type\":\"SearchAction\",\"target\":{\"@type\":\"EntryPoint\",\"urlTemplate\":\"https:\\\/\\\/acuariosupremus.com\\\/?s={search_term_string}\"},\"query-input\":{\"@type\":\"PropertyValueSpecification\",\"valueRequired\":true,\"valueName\":\"search_term_string\"}}],\"inLanguage\":\"es\"},{\"@type\":\"Organization\",\"@id\":\"https:\\\/\\\/acuariosupremus.com\\\/#organization\",\"name\":\"Acuario Supremus\",\"url\":\"https:\\\/\\\/acuariosupremus.com\\\/\",\"logo\":{\"@type\":\"ImageObject\",\"inLanguage\":\"es\",\"@id\":\"https:\\\/\\\/acuariosupremus.com\\\/#\\\/schema\\\/logo\\\/image\\\/\",\"url\":\"https:\\\/\\\/acuariosupremus.com\\\/wp-content\\\/uploads\\\/2021\\\/12\\\/cropped-logo_acuario_supremus_fn-2.png\",\"contentUrl\":\"https:\\\/\\\/acuariosupremus.com\\\/wp-content\\\/uploads\\\/2021\\\/12\\\/cropped-logo_acuario_supremus_fn-2.png\",\"width\":1000,\"height\":318,\"caption\":\"Acuario Supremus\"},\"image\":{\"@id\":\"https:\\\/\\\/acuariosupremus.com\\\/#\\\/schema\\\/logo\\\/image\\\/\"},\"sameAs\":[\"https:\\\/\\\/www.facebook.com\\\/AcuarioSupremus\",\"https:\\\/\\\/x.com\\\/AcuarioSupremus\",\"https:\\\/\\\/www.instagram.com\\\/acuariosupremus\\\/?hl=es\"]}]}<\/script>\n<!-- \/ Yoast SEO plugin. -->","yoast_head_json":{"title":"Anillos cer\u00e1micos anidaci\u00f3n de bacteria BOYU CR-300 (300 g). | Acuario Supremus","description":"Los anillos cer\u00e1micos de BOYU son un medio filtrante de tipo biol\u00f3gico elaborado con materiales cer\u00e1micos con una excelente estructura micro porosa.","robots":{"index":"index","follow":"follow","max-snippet":"max-snippet:-1","max-image-preview":"max-image-preview:large","max-video-preview":"max-video-preview:-1"},"canonical":"https:\/\/acuariosupremus.com\/?product=anillos-ceramicos-anidacion-de-bacteria-boyu-cr-300-300-g","og_locale":"es_MX","og_type":"article","og_title":"Anillos cer\u00e1micos anidaci\u00f3n de bacteria BOYU CR-300 (300 g). | Acuario Supremus","og_description":"Los anillos cer\u00e1micos de BOYU son un medio filtrante de tipo biol\u00f3gico elaborado con materiales cer\u00e1micos con una excelente estructura micro porosa.","og_url":"https:\/\/acuariosupremus.com\/?product=anillos-ceramicos-anidacion-de-bacteria-boyu-cr-300-300-g","og_site_name":"Acuario Supremus","article_publisher":"https:\/\/www.facebook.com\/AcuarioSupremus","article_modified_time":"2025-12-25T22:51:23+00:00","og_image":[{"width":1250,"height":1250,"url":"https:\/\/acuariosupremus.com\/wp-content\/uploads\/2022\/05\/anillos_ceramicos_boyu_04.jpg","type":"image\/jpeg"}],"twitter_card":"summary_large_image","twitter_site":"@AcuarioSupremus","twitter_misc":{"Tiempo de lectura":"1 minuto"},"schema":{"@context":"https:\/\/schema.org","@graph":[{"@type":"WebPage","@id":"https:\/\/acuariosupremus.com\/?product=anillos-ceramicos-anidacion-de-bacteria-boyu-cr-300-300-g","url":"https:\/\/acuariosupremus.com\/?product=anillos-ceramicos-anidacion-de-bacteria-boyu-cr-300-300-g","name":"Anillos cer\u00e1micos anidaci\u00f3n de bacteria BOYU CR-300 (300 g). | Acuario Supremus","isPartOf":{"@id":"https:\/\/acuariosupremus.com\/#website"},"primaryImageOfPage":{"@id":"https:\/\/acuariosupremus.com\/?product=anillos-ceramicos-anidacion-de-bacteria-boyu-cr-300-300-g#primaryimage"},"image":{"@id":"https:\/\/acuariosupremus.com\/?product=anillos-ceramicos-anidacion-de-bacteria-boyu-cr-300-300-g#primaryimage"},"thumbnailUrl":"https:\/\/acuariosupremus.com\/wp-content\/uploads\/2022\/05\/anillos_ceramicos_boyu_04.jpg","datePublished":"2022-05-03T19:08:33+00:00","dateModified":"2025-12-25T22:51:23+00:00","description":"Los anillos cer\u00e1micos de BOYU son un medio filtrante de tipo biol\u00f3gico elaborado con materiales cer\u00e1micos con una excelente estructura micro porosa.","breadcrumb":{"@id":"https:\/\/acuariosupremus.com\/?product=anillos-ceramicos-anidacion-de-bacteria-boyu-cr-300-300-g#breadcrumb"},"inLanguage":"es","potentialAction":[{"@type":"ReadAction","target":["https:\/\/acuariosupremus.com\/?product=anillos-ceramicos-anidacion-de-bacteria-boyu-cr-300-300-g"]}]},{"@type":"ImageObject","inLanguage":"es","@id":"https:\/\/acuariosupremus.com\/?product=anillos-ceramicos-anidacion-de-bacteria-boyu-cr-300-300-g#primaryimage","url":"https:\/\/acuariosupremus.com\/wp-content\/uploads\/2022\/05\/anillos_ceramicos_boyu_04.jpg","contentUrl":"https:\/\/acuariosupremus.com\/wp-content\/uploads\/2022\/05\/anillos_ceramicos_boyu_04.jpg","width":1250,"height":1250},{"@type":"BreadcrumbList","@id":"https:\/\/acuariosupremus.com\/?product=anillos-ceramicos-anidacion-de-bacteria-boyu-cr-300-300-g#breadcrumb","itemListElement":[{"@type":"ListItem","position":1,"name":"Portada","item":"https:\/\/acuariosupremus.com\/"},{"@type":"ListItem","position":2,"name":"Tienda","item":"https:\/\/acuariosupremus.com\/tienda\/"},{"@type":"ListItem","position":3,"name":"Anillos cer\u00e1micos anidaci\u00f3n de bacteria BOYU CR-300 (300 g)."}]},{"@type":"WebSite","@id":"https:\/\/acuariosupremus.com\/#website","url":"https:\/\/acuariosupremus.com\/","name":"Acuario Supremus","description":"Peces, Peceras y Mascotas.","publisher":{"@id":"https:\/\/acuariosupremus.com\/#organization"},"potentialAction":[{"@type":"SearchAction","target":{"@type":"EntryPoint","urlTemplate":"https:\/\/acuariosupremus.com\/?s={search_term_string}"},"query-input":{"@type":"PropertyValueSpecification","valueRequired":true,"valueName":"search_term_string"}}],"inLanguage":"es"},{"@type":"Organization","@id":"https:\/\/acuariosupremus.com\/#organization","name":"Acuario Supremus","url":"https:\/\/acuariosupremus.com\/","logo":{"@type":"ImageObject","inLanguage":"es","@id":"https:\/\/acuariosupremus.com\/#\/schema\/logo\/image\/","url":"https:\/\/acuariosupremus.com\/wp-content\/uploads\/2021\/12\/cropped-logo_acuario_supremus_fn-2.png","contentUrl":"https:\/\/acuariosupremus.com\/wp-content\/uploads\/2021\/12\/cropped-logo_acuario_supremus_fn-2.png","width":1000,"height":318,"caption":"Acuario Supremus"},"image":{"@id":"https:\/\/acuariosupremus.com\/#\/schema\/logo\/image\/"},"sameAs":["https:\/\/www.facebook.com\/AcuarioSupremus","https:\/\/x.com\/AcuarioSupremus","https:\/\/www.instagram.com\/acuariosupremus\/?hl=es"]}]}},"jetpack_sharing_enabled":true,"_links":{"self":[{"href":"https:\/\/acuariosupremus.com\/index.php?rest_route=\/wp\/v2\/product\/8390","targetHints":{"allow":["GET"]}}],"collection":[{"href":"https:\/\/acuariosupremus.com\/index.php?rest_route=\/wp\/v2\/product"}],"about":[{"href":"https:\/\/acuariosupremus.com\/index.php?rest_route=\/wp\/v2\/types\/product"}],"wp:featuredmedia":[{"embeddable":true,"href":"https:\/\/acuariosupremus.com\/index.php?rest_route=\/wp\/v2\/media\/8391"}],"wp:attachment":[{"href":"https:\/\/acuariosupremus.com\/index.php?rest_route=%2Fwp%2Fv2%2Fmedia&parent=8390"}],"wp:term":[{"taxonomy":"product_brand","embeddable":true,"href":"https:\/\/acuariosupremus.com\/index.php?rest_route=%2Fwp%2Fv2%2Fproduct_brand&post=8390"},{"taxonomy":"product_cat","embeddable":true,"href":"https:\/\/acuariosupremus.com\/index.php?rest_route=%2Fwp%2Fv2%2Fproduct_cat&post=8390"},{"taxonomy":"product_tag","embeddable":true,"href":"https:\/\/acuariosupremus.com\/index.php?rest_route=%2Fwp%2Fv2%2Fproduct_tag&post=8390"}],"curies":[{"name":"wp","href":"https:\/\/api.w.org\/{rel}","templated":true}]}}