{"id":8402,"date":"2022-05-03T14:31:43","date_gmt":"2022-05-03T19:31:43","guid":{"rendered":"https:\/\/acuariosupremus.com\/?post_type=product&#038;p=8402"},"modified":"2025-12-25T16:52:26","modified_gmt":"2025-12-25T22:52:26","slug":"carbon-activado-boyu-ac-500-500-g","status":"publish","type":"product","link":"https:\/\/acuariosupremus.com\/?product=carbon-activado-boyu-ac-500-500-g","title":{"rendered":"Carb\u00f3n activado BOYU AC-500 (500 g)."},"content":{"rendered":"<p>Elimina eficazmente olores y sustancias amarillentas del agua, siendo adem\u00e1s una soluci\u00f3n ideal para absorber los residuos qu\u00edmicos tras finalizar un tratamiento m\u00e9dico. Adem\u00e1s, descompone sustancias org\u00e1nicas como el \u00e1cido carb\u00f3lico, \u00e1cido t\u00e1nico y el cloro residual del agua de la llave. El carb\u00f3n activado de BOYU posee una durabilidad mayor que otros carbones convencionales. El rendimiento de estos materiales es relativo a las condiciones de cada acuario, pero como dato orientativo, cada bolsa de 500g incluida en cada envase de este material puede tratar aproximadamente 200 litros durante 40 d\u00edas. Una de sus caracter\u00edsticas m\u00e1s notables es el alto nivel de transparencia y sensaci\u00f3n de limpieza que aporta al agua de su su acuario. Puede usarse dentro de su malla incluida o en peque\u00f1as porciones, tanto en filtros tipo canasta como filtros de \u201cmochila\u201d, \u201cBack Filters\u201d, \u201cTop Filters\u201d y filtros seco h\u00famedos o de percolaci\u00f3n instalados en sumideros. Es muy recomendable colocarlos con una filtraci\u00f3n mec\u00e1nica previa para que no se saturen sus peque\u00f1os poros. Es totalmente seguro e inocuo para todos los organismos acu\u00e1ticos, qu\u00edmicamente inerte al agua y libre de toxinas.<\/p>\n<p>P\/V Neto: 500-485 (ml. \/g) Formato pellets: \u00d8 4x 10 mm Peso total: 530 (g) Tama\u00f1o mm: 122 x 42 x 210 (l x a x h)<\/p>\n","protected":false},"excerpt":{"rendered":"<p>Para acuarios de agua dulce, acuarios plantados, estanques, agua salada y arrecifes.<br \/>\nEl Carb\u00f3n Activado de BOYU es un medio filtrante qu\u00edmico basado en un carb\u00f3n activado en formato de \u201cPellets\u201d especialmente dise\u00f1ados para acuarios. Est\u00e1 elaborado a partir de materias primas naturales, est\u00e1 libre de impurezas y posee una alta capacidad de absorci\u00f3n.<\/p>\n","protected":false},"featured_media":8403,"template":"","meta":[],"product_brand":[122],"product_cat":[40,48],"product_tag":[210,580,264],"class_list":{"0":"post-8402","1":"product","2":"type-product","3":"status-publish","4":"has-post-thumbnail","6":"product_brand-boyu","7":"product_cat-peces","8":"product_cat-material-filtrante","9":"product_tag-carbon-activo","10":"product_tag-filtracion-quimica","11":"product_tag-material-filtrante","13":"first","14":"instock","15":"shipping-taxable","16":"purchasable","17":"product-type-simple"},"yoast_head":"<!-- This site is optimized with the Yoast SEO plugin v27.4 - https:\/\/yoast.com\/product\/yoast-seo-wordpress\/ -->\n<title>Carb\u00f3n activado BOYU AC-500 (500 g). | Acuario Supremus<\/title>\n<meta name=\"description\" content=\"El Carb\u00f3n Activado de BOYU es un medio filtrante qu\u00edmico basado en un carb\u00f3n activado en formato de \u201cPellets\u201d especialmente dise\u00f1ados para acuarios.\" \/>\n<meta name=\"robots\" content=\"index, follow, max-snippet:-1, max-image-preview:large, max-video-preview:-1\" \/>\n<link rel=\"canonical\" href=\"https:\/\/acuariosupremus.com\/?product=carbon-activado-boyu-ac-500-500-g\" \/>\n<meta property=\"og:locale\" content=\"es_MX\" \/>\n<meta property=\"og:type\" content=\"article\" \/>\n<meta property=\"og:title\" content=\"Carb\u00f3n activado BOYU AC-500 (500 g). | Acuario Supremus\" \/>\n<meta property=\"og:description\" content=\"El Carb\u00f3n Activado de BOYU es un medio filtrante qu\u00edmico basado en un carb\u00f3n activado en formato de \u201cPellets\u201d especialmente dise\u00f1ados para acuarios.\" \/>\n<meta property=\"og:url\" content=\"https:\/\/acuariosupremus.com\/?product=carbon-activado-boyu-ac-500-500-g\" \/>\n<meta property=\"og:site_name\" content=\"Acuario Supremus\" \/>\n<meta property=\"article:publisher\" content=\"https:\/\/www.facebook.com\/AcuarioSupremus\" \/>\n<meta property=\"article:modified_time\" content=\"2025-12-25T22:52:26+00:00\" \/>\n<meta property=\"og:image\" content=\"https:\/\/acuariosupremus.com\/wp-content\/uploads\/2022\/05\/carbon_activado_boyu_01.jpg\" \/>\n\t<meta property=\"og:image:width\" content=\"1250\" \/>\n\t<meta property=\"og:image:height\" content=\"1250\" \/>\n\t<meta property=\"og:image:type\" content=\"image\/jpeg\" \/>\n<meta name=\"twitter:card\" content=\"summary_large_image\" \/>\n<meta name=\"twitter:site\" content=\"@AcuarioSupremus\" \/>\n<meta name=\"twitter:label1\" content=\"Tiempo de lectura\" \/>\n\t<meta name=\"twitter:data1\" content=\"1 minuto\" \/>\n<script type=\"application\/ld+json\" class=\"yoast-schema-graph\">{\"@context\":\"https:\\\/\\\/schema.org\",\"@graph\":[{\"@type\":\"WebPage\",\"@id\":\"https:\\\/\\\/acuariosupremus.com\\\/?product=carbon-activado-boyu-ac-500-500-g\",\"url\":\"https:\\\/\\\/acuariosupremus.com\\\/?product=carbon-activado-boyu-ac-500-500-g\",\"name\":\"Carb\u00f3n activado BOYU AC-500 (500 g). | Acuario Supremus\",\"isPartOf\":{\"@id\":\"https:\\\/\\\/acuariosupremus.com\\\/#website\"},\"primaryImageOfPage\":{\"@id\":\"https:\\\/\\\/acuariosupremus.com\\\/?product=carbon-activado-boyu-ac-500-500-g#primaryimage\"},\"image\":{\"@id\":\"https:\\\/\\\/acuariosupremus.com\\\/?product=carbon-activado-boyu-ac-500-500-g#primaryimage\"},\"thumbnailUrl\":\"https:\\\/\\\/acuariosupremus.com\\\/wp-content\\\/uploads\\\/2022\\\/05\\\/carbon_activado_boyu_01.jpg\",\"datePublished\":\"2022-05-03T19:31:43+00:00\",\"dateModified\":\"2025-12-25T22:52:26+00:00\",\"description\":\"El Carb\u00f3n Activado de BOYU es un medio filtrante qu\u00edmico basado en un carb\u00f3n activado en formato de \u201cPellets\u201d especialmente dise\u00f1ados para acuarios.\",\"breadcrumb\":{\"@id\":\"https:\\\/\\\/acuariosupremus.com\\\/?product=carbon-activado-boyu-ac-500-500-g#breadcrumb\"},\"inLanguage\":\"es\",\"potentialAction\":[{\"@type\":\"ReadAction\",\"target\":[\"https:\\\/\\\/acuariosupremus.com\\\/?product=carbon-activado-boyu-ac-500-500-g\"]}]},{\"@type\":\"ImageObject\",\"inLanguage\":\"es\",\"@id\":\"https:\\\/\\\/acuariosupremus.com\\\/?product=carbon-activado-boyu-ac-500-500-g#primaryimage\",\"url\":\"https:\\\/\\\/acuariosupremus.com\\\/wp-content\\\/uploads\\\/2022\\\/05\\\/carbon_activado_boyu_01.jpg\",\"contentUrl\":\"https:\\\/\\\/acuariosupremus.com\\\/wp-content\\\/uploads\\\/2022\\\/05\\\/carbon_activado_boyu_01.jpg\",\"width\":1250,\"height\":1250},{\"@type\":\"BreadcrumbList\",\"@id\":\"https:\\\/\\\/acuariosupremus.com\\\/?product=carbon-activado-boyu-ac-500-500-g#breadcrumb\",\"itemListElement\":[{\"@type\":\"ListItem\",\"position\":1,\"name\":\"Portada\",\"item\":\"https:\\\/\\\/acuariosupremus.com\\\/\"},{\"@type\":\"ListItem\",\"position\":2,\"name\":\"Tienda\",\"item\":\"https:\\\/\\\/acuariosupremus.com\\\/tienda\\\/\"},{\"@type\":\"ListItem\",\"position\":3,\"name\":\"Carb\u00f3n activado BOYU AC-500 (500 g).\"}]},{\"@type\":\"WebSite\",\"@id\":\"https:\\\/\\\/acuariosupremus.com\\\/#website\",\"url\":\"https:\\\/\\\/acuariosupremus.com\\\/\",\"name\":\"Acuario Supremus\",\"description\":\"Peces, Peceras y Mascotas.\",\"publisher\":{\"@id\":\"https:\\\/\\\/acuariosupremus.com\\\/#organization\"},\"potentialAction\":[{\"@type\":\"SearchAction\",\"target\":{\"@type\":\"EntryPoint\",\"urlTemplate\":\"https:\\\/\\\/acuariosupremus.com\\\/?s={search_term_string}\"},\"query-input\":{\"@type\":\"PropertyValueSpecification\",\"valueRequired\":true,\"valueName\":\"search_term_string\"}}],\"inLanguage\":\"es\"},{\"@type\":\"Organization\",\"@id\":\"https:\\\/\\\/acuariosupremus.com\\\/#organization\",\"name\":\"Acuario Supremus\",\"url\":\"https:\\\/\\\/acuariosupremus.com\\\/\",\"logo\":{\"@type\":\"ImageObject\",\"inLanguage\":\"es\",\"@id\":\"https:\\\/\\\/acuariosupremus.com\\\/#\\\/schema\\\/logo\\\/image\\\/\",\"url\":\"https:\\\/\\\/acuariosupremus.com\\\/wp-content\\\/uploads\\\/2021\\\/12\\\/cropped-logo_acuario_supremus_fn-2.png\",\"contentUrl\":\"https:\\\/\\\/acuariosupremus.com\\\/wp-content\\\/uploads\\\/2021\\\/12\\\/cropped-logo_acuario_supremus_fn-2.png\",\"width\":1000,\"height\":318,\"caption\":\"Acuario Supremus\"},\"image\":{\"@id\":\"https:\\\/\\\/acuariosupremus.com\\\/#\\\/schema\\\/logo\\\/image\\\/\"},\"sameAs\":[\"https:\\\/\\\/www.facebook.com\\\/AcuarioSupremus\",\"https:\\\/\\\/x.com\\\/AcuarioSupremus\",\"https:\\\/\\\/www.instagram.com\\\/acuariosupremus\\\/?hl=es\"]}]}<\/script>\n<!-- \/ Yoast SEO plugin. -->","yoast_head_json":{"title":"Carb\u00f3n activado BOYU AC-500 (500 g). | Acuario Supremus","description":"El Carb\u00f3n Activado de BOYU es un medio filtrante qu\u00edmico basado en un carb\u00f3n activado en formato de \u201cPellets\u201d especialmente dise\u00f1ados para acuarios.","robots":{"index":"index","follow":"follow","max-snippet":"max-snippet:-1","max-image-preview":"max-image-preview:large","max-video-preview":"max-video-preview:-1"},"canonical":"https:\/\/acuariosupremus.com\/?product=carbon-activado-boyu-ac-500-500-g","og_locale":"es_MX","og_type":"article","og_title":"Carb\u00f3n activado BOYU AC-500 (500 g). | Acuario Supremus","og_description":"El Carb\u00f3n Activado de BOYU es un medio filtrante qu\u00edmico basado en un carb\u00f3n activado en formato de \u201cPellets\u201d especialmente dise\u00f1ados para acuarios.","og_url":"https:\/\/acuariosupremus.com\/?product=carbon-activado-boyu-ac-500-500-g","og_site_name":"Acuario Supremus","article_publisher":"https:\/\/www.facebook.com\/AcuarioSupremus","article_modified_time":"2025-12-25T22:52:26+00:00","og_image":[{"width":1250,"height":1250,"url":"https:\/\/acuariosupremus.com\/wp-content\/uploads\/2022\/05\/carbon_activado_boyu_01.jpg","type":"image\/jpeg"}],"twitter_card":"summary_large_image","twitter_site":"@AcuarioSupremus","twitter_misc":{"Tiempo de lectura":"1 minuto"},"schema":{"@context":"https:\/\/schema.org","@graph":[{"@type":"WebPage","@id":"https:\/\/acuariosupremus.com\/?product=carbon-activado-boyu-ac-500-500-g","url":"https:\/\/acuariosupremus.com\/?product=carbon-activado-boyu-ac-500-500-g","name":"Carb\u00f3n activado BOYU AC-500 (500 g). | Acuario Supremus","isPartOf":{"@id":"https:\/\/acuariosupremus.com\/#website"},"primaryImageOfPage":{"@id":"https:\/\/acuariosupremus.com\/?product=carbon-activado-boyu-ac-500-500-g#primaryimage"},"image":{"@id":"https:\/\/acuariosupremus.com\/?product=carbon-activado-boyu-ac-500-500-g#primaryimage"},"thumbnailUrl":"https:\/\/acuariosupremus.com\/wp-content\/uploads\/2022\/05\/carbon_activado_boyu_01.jpg","datePublished":"2022-05-03T19:31:43+00:00","dateModified":"2025-12-25T22:52:26+00:00","description":"El Carb\u00f3n Activado de BOYU es un medio filtrante qu\u00edmico basado en un carb\u00f3n activado en formato de \u201cPellets\u201d especialmente dise\u00f1ados para acuarios.","breadcrumb":{"@id":"https:\/\/acuariosupremus.com\/?product=carbon-activado-boyu-ac-500-500-g#breadcrumb"},"inLanguage":"es","potentialAction":[{"@type":"ReadAction","target":["https:\/\/acuariosupremus.com\/?product=carbon-activado-boyu-ac-500-500-g"]}]},{"@type":"ImageObject","inLanguage":"es","@id":"https:\/\/acuariosupremus.com\/?product=carbon-activado-boyu-ac-500-500-g#primaryimage","url":"https:\/\/acuariosupremus.com\/wp-content\/uploads\/2022\/05\/carbon_activado_boyu_01.jpg","contentUrl":"https:\/\/acuariosupremus.com\/wp-content\/uploads\/2022\/05\/carbon_activado_boyu_01.jpg","width":1250,"height":1250},{"@type":"BreadcrumbList","@id":"https:\/\/acuariosupremus.com\/?product=carbon-activado-boyu-ac-500-500-g#breadcrumb","itemListElement":[{"@type":"ListItem","position":1,"name":"Portada","item":"https:\/\/acuariosupremus.com\/"},{"@type":"ListItem","position":2,"name":"Tienda","item":"https:\/\/acuariosupremus.com\/tienda\/"},{"@type":"ListItem","position":3,"name":"Carb\u00f3n activado BOYU AC-500 (500 g)."}]},{"@type":"WebSite","@id":"https:\/\/acuariosupremus.com\/#website","url":"https:\/\/acuariosupremus.com\/","name":"Acuario Supremus","description":"Peces, Peceras y Mascotas.","publisher":{"@id":"https:\/\/acuariosupremus.com\/#organization"},"potentialAction":[{"@type":"SearchAction","target":{"@type":"EntryPoint","urlTemplate":"https:\/\/acuariosupremus.com\/?s={search_term_string}"},"query-input":{"@type":"PropertyValueSpecification","valueRequired":true,"valueName":"search_term_string"}}],"inLanguage":"es"},{"@type":"Organization","@id":"https:\/\/acuariosupremus.com\/#organization","name":"Acuario Supremus","url":"https:\/\/acuariosupremus.com\/","logo":{"@type":"ImageObject","inLanguage":"es","@id":"https:\/\/acuariosupremus.com\/#\/schema\/logo\/image\/","url":"https:\/\/acuariosupremus.com\/wp-content\/uploads\/2021\/12\/cropped-logo_acuario_supremus_fn-2.png","contentUrl":"https:\/\/acuariosupremus.com\/wp-content\/uploads\/2021\/12\/cropped-logo_acuario_supremus_fn-2.png","width":1000,"height":318,"caption":"Acuario Supremus"},"image":{"@id":"https:\/\/acuariosupremus.com\/#\/schema\/logo\/image\/"},"sameAs":["https:\/\/www.facebook.com\/AcuarioSupremus","https:\/\/x.com\/AcuarioSupremus","https:\/\/www.instagram.com\/acuariosupremus\/?hl=es"]}]}},"jetpack_sharing_enabled":true,"_links":{"self":[{"href":"https:\/\/acuariosupremus.com\/index.php?rest_route=\/wp\/v2\/product\/8402","targetHints":{"allow":["GET"]}}],"collection":[{"href":"https:\/\/acuariosupremus.com\/index.php?rest_route=\/wp\/v2\/product"}],"about":[{"href":"https:\/\/acuariosupremus.com\/index.php?rest_route=\/wp\/v2\/types\/product"}],"wp:featuredmedia":[{"embeddable":true,"href":"https:\/\/acuariosupremus.com\/index.php?rest_route=\/wp\/v2\/media\/8403"}],"wp:attachment":[{"href":"https:\/\/acuariosupremus.com\/index.php?rest_route=%2Fwp%2Fv2%2Fmedia&parent=8402"}],"wp:term":[{"taxonomy":"product_brand","embeddable":true,"href":"https:\/\/acuariosupremus.com\/index.php?rest_route=%2Fwp%2Fv2%2Fproduct_brand&post=8402"},{"taxonomy":"product_cat","embeddable":true,"href":"https:\/\/acuariosupremus.com\/index.php?rest_route=%2Fwp%2Fv2%2Fproduct_cat&post=8402"},{"taxonomy":"product_tag","embeddable":true,"href":"https:\/\/acuariosupremus.com\/index.php?rest_route=%2Fwp%2Fv2%2Fproduct_tag&post=8402"}],"curies":[{"name":"wp","href":"https:\/\/api.w.org\/{rel}","templated":true}]}}