{"id":8478,"date":"2022-05-04T13:48:29","date_gmt":"2022-05-04T18:48:29","guid":{"rendered":"https:\/\/acuariosupremus.com\/?post_type=product&#038;p=8478"},"modified":"2025-12-25T17:01:31","modified_gmt":"2025-12-25T23:01:31","slug":"acuario-esquinas-curvas-y-gabinete-reforzado-gigante-boyu-lzt1800-negro","status":"publish","type":"product","link":"https:\/\/acuariosupremus.com\/?product=acuario-esquinas-curvas-y-gabinete-reforzado-gigante-boyu-lzt1800-negro","title":{"rendered":"Acuario esquinas curvas y gabinete reforzado GIGANTE, BOYU LZ+T1800 Negro ."},"content":{"rendered":"<p>El sencillo, aunque eficiente sistema de filtraci\u00f3n \u201cTop Filter\u201d funciona por percolaci\u00f3n y queda oculto bajo la cubierta del acuario, aportando adem\u00e1s la circulaci\u00f3n y aireaci\u00f3n que necesitan los peces y plantas de acuario. Esta l\u00ednea se ofrece en acabado negro mate, tanto para los marcos de los acuarios como en sus correspondientes gabinetes.<\/p>\n<p>Modelo: <strong>LZ-1800 NEGRO<\/strong> Medidas: 1.829 x 600 x 850 ( l x a x h mm) Capacidad: 698 (Litros) Volt. \/ frec. 127\/60 (V\/Hz) Bomba de agua: 2&#215;19 (w) Caudal: 2&#215;1,200 (L\/h) Iluminaci\u00f3n: LED 4 x 20 (Tipo \/ w) Medidas c. Embalaje: 1.850 x 620 x 870 ( l x a x h mm) Peso con embalaje: 324,00 con gabinete (kg).<\/p>\n<p>GABINETE REFORZADO.<\/p>\n<p>Modelo: <strong>LZT-1800 NEGRO<\/strong> Medidas: 1.829 x 600 x 700 ( l x a x h mm) Medidas con Embalaje: 1.850 x 620 x 710 ( l x a x h mm) Peso con embalaje: 324,00 con acuario (kg).<\/p>\n","protected":false},"excerpt":{"rendered":"<p>Acuarios\u00a0 \u201cTodo en uno\u201d con frente curvo.<\/p>\n<p>BOYU nos ofrece la l\u00ednea m\u00e1s completa de acuarios de gran formato del mercado con su l\u00ednea LZ. Con unas capacidades desde los 245 a los 1,059 litros, estos acuarios presentan una est\u00e9tica sobria y elegante gracias al dise\u00f1o especial de su vidrio frontal termoformado, que con sus dos curvas eliminan las uniones verticales de silicona que normalmente vemos. Para estos acuarios de calidad Premium se usan solamente acabados y materiales de alta calidad como el aluminio de extrusi\u00f3n anodizado o el resistente pl\u00e1stico ABS junto unos controles de calidad muy estrictos.<\/p>\n<p><em><strong>*ACUARIO Y GABINETE SE VENDE POR SEPARADO.<\/strong><\/em><\/p>\n","protected":false},"featured_media":8479,"template":"","meta":[],"product_brand":[122],"product_cat":[40,53],"product_tag":[613,665],"class_list":{"0":"post-8478","1":"product","2":"type-product","3":"status-publish","4":"has-post-thumbnail","6":"product_brand-boyu","7":"product_cat-peces","8":"product_cat-peceras","9":"product_tag-acuario-boyu","10":"product_tag-acuario-boyu-lz","12":"first","13":"instock","14":"sale","15":"shipping-taxable","16":"purchasable","17":"product-type-simple"},"yoast_head":"<!-- This site is optimized with the Yoast SEO plugin v27.4 - https:\/\/yoast.com\/product\/yoast-seo-wordpress\/ -->\n<title>Acuario esquinas curvas y gabinete reforzado GIGANTE, BOYU LZ+T1800 Negro . | Acuario Supremus<\/title>\n<meta name=\"description\" content=\"BOYU nos ofrece la l\u00ednea m\u00e1s completa de acuarios de gran formato del mercado con su l\u00ednea LZ, Con unas capacidades desde los 245 a los 1,059 litros\" \/>\n<meta name=\"robots\" content=\"index, follow, max-snippet:-1, max-image-preview:large, max-video-preview:-1\" \/>\n<link rel=\"canonical\" href=\"https:\/\/acuariosupremus.com\/?product=acuario-esquinas-curvas-y-gabinete-reforzado-gigante-boyu-lzt1800-negro\" \/>\n<meta property=\"og:locale\" content=\"es_MX\" \/>\n<meta property=\"og:type\" content=\"article\" \/>\n<meta property=\"og:title\" content=\"Acuario esquinas curvas y gabinete reforzado GIGANTE, BOYU LZ+T1800 Negro . | Acuario Supremus\" \/>\n<meta property=\"og:description\" content=\"BOYU nos ofrece la l\u00ednea m\u00e1s completa de acuarios de gran formato del mercado con su l\u00ednea LZ, Con unas capacidades desde los 245 a los 1,059 litros\" \/>\n<meta property=\"og:url\" content=\"https:\/\/acuariosupremus.com\/?product=acuario-esquinas-curvas-y-gabinete-reforzado-gigante-boyu-lzt1800-negro\" \/>\n<meta property=\"og:site_name\" content=\"Acuario Supremus\" \/>\n<meta property=\"article:publisher\" content=\"https:\/\/www.facebook.com\/AcuarioSupremus\" \/>\n<meta property=\"article:modified_time\" content=\"2025-12-25T23:01:31+00:00\" \/>\n<meta property=\"og:image\" content=\"https:\/\/acuariosupremus.com\/wp-content\/uploads\/2022\/05\/acuarios_boyu_serie_lz_01.jpg\" \/>\n\t<meta property=\"og:image:width\" content=\"1250\" \/>\n\t<meta property=\"og:image:height\" content=\"1250\" \/>\n\t<meta property=\"og:image:type\" content=\"image\/jpeg\" \/>\n<meta name=\"twitter:card\" content=\"summary_large_image\" \/>\n<meta name=\"twitter:site\" content=\"@AcuarioSupremus\" \/>\n<meta name=\"twitter:label1\" content=\"Tiempo de lectura\" \/>\n\t<meta name=\"twitter:data1\" content=\"1 minuto\" \/>\n<script type=\"application\/ld+json\" class=\"yoast-schema-graph\">{\"@context\":\"https:\\\/\\\/schema.org\",\"@graph\":[{\"@type\":\"WebPage\",\"@id\":\"https:\\\/\\\/acuariosupremus.com\\\/?product=acuario-esquinas-curvas-y-gabinete-reforzado-gigante-boyu-lzt1800-negro\",\"url\":\"https:\\\/\\\/acuariosupremus.com\\\/?product=acuario-esquinas-curvas-y-gabinete-reforzado-gigante-boyu-lzt1800-negro\",\"name\":\"Acuario esquinas curvas y gabinete reforzado GIGANTE, BOYU LZ+T1800 Negro . | Acuario Supremus\",\"isPartOf\":{\"@id\":\"https:\\\/\\\/acuariosupremus.com\\\/#website\"},\"primaryImageOfPage\":{\"@id\":\"https:\\\/\\\/acuariosupremus.com\\\/?product=acuario-esquinas-curvas-y-gabinete-reforzado-gigante-boyu-lzt1800-negro#primaryimage\"},\"image\":{\"@id\":\"https:\\\/\\\/acuariosupremus.com\\\/?product=acuario-esquinas-curvas-y-gabinete-reforzado-gigante-boyu-lzt1800-negro#primaryimage\"},\"thumbnailUrl\":\"https:\\\/\\\/acuariosupremus.com\\\/wp-content\\\/uploads\\\/2022\\\/05\\\/acuarios_boyu_serie_lz_01.jpg\",\"datePublished\":\"2022-05-04T18:48:29+00:00\",\"dateModified\":\"2025-12-25T23:01:31+00:00\",\"description\":\"BOYU nos ofrece la l\u00ednea m\u00e1s completa de acuarios de gran formato del mercado con su l\u00ednea LZ, Con unas capacidades desde los 245 a los 1,059 litros\",\"breadcrumb\":{\"@id\":\"https:\\\/\\\/acuariosupremus.com\\\/?product=acuario-esquinas-curvas-y-gabinete-reforzado-gigante-boyu-lzt1800-negro#breadcrumb\"},\"inLanguage\":\"es\",\"potentialAction\":[{\"@type\":\"ReadAction\",\"target\":[\"https:\\\/\\\/acuariosupremus.com\\\/?product=acuario-esquinas-curvas-y-gabinete-reforzado-gigante-boyu-lzt1800-negro\"]}]},{\"@type\":\"ImageObject\",\"inLanguage\":\"es\",\"@id\":\"https:\\\/\\\/acuariosupremus.com\\\/?product=acuario-esquinas-curvas-y-gabinete-reforzado-gigante-boyu-lzt1800-negro#primaryimage\",\"url\":\"https:\\\/\\\/acuariosupremus.com\\\/wp-content\\\/uploads\\\/2022\\\/05\\\/acuarios_boyu_serie_lz_01.jpg\",\"contentUrl\":\"https:\\\/\\\/acuariosupremus.com\\\/wp-content\\\/uploads\\\/2022\\\/05\\\/acuarios_boyu_serie_lz_01.jpg\",\"width\":1250,\"height\":1250},{\"@type\":\"BreadcrumbList\",\"@id\":\"https:\\\/\\\/acuariosupremus.com\\\/?product=acuario-esquinas-curvas-y-gabinete-reforzado-gigante-boyu-lzt1800-negro#breadcrumb\",\"itemListElement\":[{\"@type\":\"ListItem\",\"position\":1,\"name\":\"Portada\",\"item\":\"https:\\\/\\\/acuariosupremus.com\\\/\"},{\"@type\":\"ListItem\",\"position\":2,\"name\":\"Tienda\",\"item\":\"https:\\\/\\\/acuariosupremus.com\\\/tienda\\\/\"},{\"@type\":\"ListItem\",\"position\":3,\"name\":\"Acuario esquinas curvas y gabinete reforzado GIGANTE, BOYU LZ+T1800 Negro .\"}]},{\"@type\":\"WebSite\",\"@id\":\"https:\\\/\\\/acuariosupremus.com\\\/#website\",\"url\":\"https:\\\/\\\/acuariosupremus.com\\\/\",\"name\":\"Acuario Supremus\",\"description\":\"Peces, Peceras y Mascotas.\",\"publisher\":{\"@id\":\"https:\\\/\\\/acuariosupremus.com\\\/#organization\"},\"potentialAction\":[{\"@type\":\"SearchAction\",\"target\":{\"@type\":\"EntryPoint\",\"urlTemplate\":\"https:\\\/\\\/acuariosupremus.com\\\/?s={search_term_string}\"},\"query-input\":{\"@type\":\"PropertyValueSpecification\",\"valueRequired\":true,\"valueName\":\"search_term_string\"}}],\"inLanguage\":\"es\"},{\"@type\":\"Organization\",\"@id\":\"https:\\\/\\\/acuariosupremus.com\\\/#organization\",\"name\":\"Acuario Supremus\",\"url\":\"https:\\\/\\\/acuariosupremus.com\\\/\",\"logo\":{\"@type\":\"ImageObject\",\"inLanguage\":\"es\",\"@id\":\"https:\\\/\\\/acuariosupremus.com\\\/#\\\/schema\\\/logo\\\/image\\\/\",\"url\":\"https:\\\/\\\/acuariosupremus.com\\\/wp-content\\\/uploads\\\/2021\\\/12\\\/cropped-logo_acuario_supremus_fn-2.png\",\"contentUrl\":\"https:\\\/\\\/acuariosupremus.com\\\/wp-content\\\/uploads\\\/2021\\\/12\\\/cropped-logo_acuario_supremus_fn-2.png\",\"width\":1000,\"height\":318,\"caption\":\"Acuario Supremus\"},\"image\":{\"@id\":\"https:\\\/\\\/acuariosupremus.com\\\/#\\\/schema\\\/logo\\\/image\\\/\"},\"sameAs\":[\"https:\\\/\\\/www.facebook.com\\\/AcuarioSupremus\",\"https:\\\/\\\/x.com\\\/AcuarioSupremus\",\"https:\\\/\\\/www.instagram.com\\\/acuariosupremus\\\/?hl=es\"]}]}<\/script>\n<!-- \/ Yoast SEO plugin. -->","yoast_head_json":{"title":"Acuario esquinas curvas y gabinete reforzado GIGANTE, BOYU LZ+T1800 Negro . | Acuario Supremus","description":"BOYU nos ofrece la l\u00ednea m\u00e1s completa de acuarios de gran formato del mercado con su l\u00ednea LZ, Con unas capacidades desde los 245 a los 1,059 litros","robots":{"index":"index","follow":"follow","max-snippet":"max-snippet:-1","max-image-preview":"max-image-preview:large","max-video-preview":"max-video-preview:-1"},"canonical":"https:\/\/acuariosupremus.com\/?product=acuario-esquinas-curvas-y-gabinete-reforzado-gigante-boyu-lzt1800-negro","og_locale":"es_MX","og_type":"article","og_title":"Acuario esquinas curvas y gabinete reforzado GIGANTE, BOYU LZ+T1800 Negro . | Acuario Supremus","og_description":"BOYU nos ofrece la l\u00ednea m\u00e1s completa de acuarios de gran formato del mercado con su l\u00ednea LZ, Con unas capacidades desde los 245 a los 1,059 litros","og_url":"https:\/\/acuariosupremus.com\/?product=acuario-esquinas-curvas-y-gabinete-reforzado-gigante-boyu-lzt1800-negro","og_site_name":"Acuario Supremus","article_publisher":"https:\/\/www.facebook.com\/AcuarioSupremus","article_modified_time":"2025-12-25T23:01:31+00:00","og_image":[{"width":1250,"height":1250,"url":"https:\/\/acuariosupremus.com\/wp-content\/uploads\/2022\/05\/acuarios_boyu_serie_lz_01.jpg","type":"image\/jpeg"}],"twitter_card":"summary_large_image","twitter_site":"@AcuarioSupremus","twitter_misc":{"Tiempo de lectura":"1 minuto"},"schema":{"@context":"https:\/\/schema.org","@graph":[{"@type":"WebPage","@id":"https:\/\/acuariosupremus.com\/?product=acuario-esquinas-curvas-y-gabinete-reforzado-gigante-boyu-lzt1800-negro","url":"https:\/\/acuariosupremus.com\/?product=acuario-esquinas-curvas-y-gabinete-reforzado-gigante-boyu-lzt1800-negro","name":"Acuario esquinas curvas y gabinete reforzado GIGANTE, BOYU LZ+T1800 Negro . | Acuario Supremus","isPartOf":{"@id":"https:\/\/acuariosupremus.com\/#website"},"primaryImageOfPage":{"@id":"https:\/\/acuariosupremus.com\/?product=acuario-esquinas-curvas-y-gabinete-reforzado-gigante-boyu-lzt1800-negro#primaryimage"},"image":{"@id":"https:\/\/acuariosupremus.com\/?product=acuario-esquinas-curvas-y-gabinete-reforzado-gigante-boyu-lzt1800-negro#primaryimage"},"thumbnailUrl":"https:\/\/acuariosupremus.com\/wp-content\/uploads\/2022\/05\/acuarios_boyu_serie_lz_01.jpg","datePublished":"2022-05-04T18:48:29+00:00","dateModified":"2025-12-25T23:01:31+00:00","description":"BOYU nos ofrece la l\u00ednea m\u00e1s completa de acuarios de gran formato del mercado con su l\u00ednea LZ, Con unas capacidades desde los 245 a los 1,059 litros","breadcrumb":{"@id":"https:\/\/acuariosupremus.com\/?product=acuario-esquinas-curvas-y-gabinete-reforzado-gigante-boyu-lzt1800-negro#breadcrumb"},"inLanguage":"es","potentialAction":[{"@type":"ReadAction","target":["https:\/\/acuariosupremus.com\/?product=acuario-esquinas-curvas-y-gabinete-reforzado-gigante-boyu-lzt1800-negro"]}]},{"@type":"ImageObject","inLanguage":"es","@id":"https:\/\/acuariosupremus.com\/?product=acuario-esquinas-curvas-y-gabinete-reforzado-gigante-boyu-lzt1800-negro#primaryimage","url":"https:\/\/acuariosupremus.com\/wp-content\/uploads\/2022\/05\/acuarios_boyu_serie_lz_01.jpg","contentUrl":"https:\/\/acuariosupremus.com\/wp-content\/uploads\/2022\/05\/acuarios_boyu_serie_lz_01.jpg","width":1250,"height":1250},{"@type":"BreadcrumbList","@id":"https:\/\/acuariosupremus.com\/?product=acuario-esquinas-curvas-y-gabinete-reforzado-gigante-boyu-lzt1800-negro#breadcrumb","itemListElement":[{"@type":"ListItem","position":1,"name":"Portada","item":"https:\/\/acuariosupremus.com\/"},{"@type":"ListItem","position":2,"name":"Tienda","item":"https:\/\/acuariosupremus.com\/tienda\/"},{"@type":"ListItem","position":3,"name":"Acuario esquinas curvas y gabinete reforzado GIGANTE, BOYU LZ+T1800 Negro ."}]},{"@type":"WebSite","@id":"https:\/\/acuariosupremus.com\/#website","url":"https:\/\/acuariosupremus.com\/","name":"Acuario Supremus","description":"Peces, Peceras y Mascotas.","publisher":{"@id":"https:\/\/acuariosupremus.com\/#organization"},"potentialAction":[{"@type":"SearchAction","target":{"@type":"EntryPoint","urlTemplate":"https:\/\/acuariosupremus.com\/?s={search_term_string}"},"query-input":{"@type":"PropertyValueSpecification","valueRequired":true,"valueName":"search_term_string"}}],"inLanguage":"es"},{"@type":"Organization","@id":"https:\/\/acuariosupremus.com\/#organization","name":"Acuario Supremus","url":"https:\/\/acuariosupremus.com\/","logo":{"@type":"ImageObject","inLanguage":"es","@id":"https:\/\/acuariosupremus.com\/#\/schema\/logo\/image\/","url":"https:\/\/acuariosupremus.com\/wp-content\/uploads\/2021\/12\/cropped-logo_acuario_supremus_fn-2.png","contentUrl":"https:\/\/acuariosupremus.com\/wp-content\/uploads\/2021\/12\/cropped-logo_acuario_supremus_fn-2.png","width":1000,"height":318,"caption":"Acuario Supremus"},"image":{"@id":"https:\/\/acuariosupremus.com\/#\/schema\/logo\/image\/"},"sameAs":["https:\/\/www.facebook.com\/AcuarioSupremus","https:\/\/x.com\/AcuarioSupremus","https:\/\/www.instagram.com\/acuariosupremus\/?hl=es"]}]}},"jetpack_sharing_enabled":true,"_links":{"self":[{"href":"https:\/\/acuariosupremus.com\/index.php?rest_route=\/wp\/v2\/product\/8478","targetHints":{"allow":["GET"]}}],"collection":[{"href":"https:\/\/acuariosupremus.com\/index.php?rest_route=\/wp\/v2\/product"}],"about":[{"href":"https:\/\/acuariosupremus.com\/index.php?rest_route=\/wp\/v2\/types\/product"}],"wp:featuredmedia":[{"embeddable":true,"href":"https:\/\/acuariosupremus.com\/index.php?rest_route=\/wp\/v2\/media\/8479"}],"wp:attachment":[{"href":"https:\/\/acuariosupremus.com\/index.php?rest_route=%2Fwp%2Fv2%2Fmedia&parent=8478"}],"wp:term":[{"taxonomy":"product_brand","embeddable":true,"href":"https:\/\/acuariosupremus.com\/index.php?rest_route=%2Fwp%2Fv2%2Fproduct_brand&post=8478"},{"taxonomy":"product_cat","embeddable":true,"href":"https:\/\/acuariosupremus.com\/index.php?rest_route=%2Fwp%2Fv2%2Fproduct_cat&post=8478"},{"taxonomy":"product_tag","embeddable":true,"href":"https:\/\/acuariosupremus.com\/index.php?rest_route=%2Fwp%2Fv2%2Fproduct_tag&post=8478"}],"curies":[{"name":"wp","href":"https:\/\/api.w.org\/{rel}","templated":true}]}}