{"id":8524,"date":"2022-05-04T16:33:06","date_gmt":"2022-05-04T21:33:06","guid":{"rendered":"https:\/\/acuariosupremus.com\/?post_type=product&#038;p=8524"},"modified":"2025-12-25T19:33:36","modified_gmt":"2025-12-26T01:33:36","slug":"acuario-tapa-aluminio-iluminacion-filtracion-208-l-boyu-ea-100b","status":"publish","type":"product","link":"https:\/\/acuariosupremus.com\/?product=acuario-tapa-aluminio-iluminacion-filtracion-208-l-boyu-ea-100b","title":{"rendered":"Acuario tapa aluminio, iluminaci\u00f3n, filtraci\u00f3n, 208 l, BOYU EA-100B."},"content":{"rendered":"<p>Sus principales caracter\u00edsticas son su vidrio frontal termoformado con las equinas redondeadas que eliminan la necesidad de uniones de silicona y una pr\u00e1ctica y moderna cubierta de aluminio de extrusi\u00f3n anodizado en color \u201cchampagne\u201d. Estas caracter\u00edsticas especiales, junto con el empleo de materiales premium como el pl\u00e1stico ABS y vidrio de alta transparencia, unos estrictos procesos en los controles de calidad y un precio accesible, hacen de estos acuarios la opci\u00f3n m\u00e1s conveniente para montar nuestro primer acuario. Esta l\u00ednea ofrece opcionalmente gabinetes para cada modelo muy elegantes con un acabado en negro mate.<\/p>\n<p>Modelo:\u00a0<strong>EA-100B<\/strong> Medidas: 1.000 x 400 x 700 ( l x a x h mm) Capacidad: 208 (Litros) Volt. \/ frec. 127\/60 (V\/Hz) Bomba de agua: 15 (w) Caudal: 960 (L\/h) Iluminaci\u00f3n: LED \u201cT8\u201d 2&#215;15 (Tipo \/ w) Medidas c. Embalaje:1.034 x 525 x 640 ( l x a x h mm) Peso con embalaje: 69,40 (kg).<\/p>\n","protected":false},"excerpt":{"rendered":"<p>Acuario modernista con cubierta de aluminio.<\/p>\n<p>Esta moderna l\u00ednea de acuarios de BOYU presenta una opci\u00f3n elegante, sencilla, econ\u00f3mica y vers\u00e1til. Sus nueve modelos sirven preferentemente para agua dulce, pero se podr\u00edan usar con salada, abarcando capacidades desde los 85 hasta los 479 litros y ofreciendo longitudes desde los 60 hasta los 150 cent\u00edmetros. Las opciones de altura del acuario son tambi\u00e9n muy amplias; comenzando desde los 48 cent\u00edmetros del modelo m\u00e1s peque\u00f1o hasta los 72 cent\u00edmetros del mayor de todos.<\/p>\n<p><a href=\"https:\/\/acuariosupremus.com\/producto\/gabinete-para-acuario-ea-100-o-ea-100b-boyu-eat-100-negro\/\">Gabinete para acuario EA-100 o EA-100B, BOYU EAT-100 Negro.<\/a><\/p>\n<p><em><strong>*ACUARIO Y GABINETE SE VENDE POR SEPARADO.<\/strong><\/em><\/p>\n","protected":false},"featured_media":8523,"template":"","meta":[],"product_brand":[122],"product_cat":[40,53],"product_tag":[613,669],"class_list":{"0":"post-8524","1":"product","2":"type-product","3":"status-publish","4":"has-post-thumbnail","6":"product_brand-boyu","7":"product_cat-peces","8":"product_cat-peceras","9":"product_tag-acuario-boyu","10":"product_tag-acuario-boyu-ea","12":"first","13":"instock","14":"sale","15":"shipping-taxable","16":"purchasable","17":"product-type-simple"},"yoast_head":"<!-- This site is optimized with the Yoast SEO plugin v27.5 - https:\/\/yoast.com\/product\/yoast-seo-wordpress\/ -->\n<title>Acuario tapa aluminio, iluminaci\u00f3n, filtraci\u00f3n, 208 l, BOYU EA-100B. | Acuario Supremus<\/title>\n<meta name=\"description\" content=\"Esta moderna l\u00ednea de acuarios de BOYU EA presenta una opci\u00f3n elegante, sencilla, econ\u00f3mica y vers\u00e1til, diferentes tama\u00f1os y alturas\" \/>\n<meta name=\"robots\" content=\"index, follow, max-snippet:-1, max-image-preview:large, max-video-preview:-1\" \/>\n<link rel=\"canonical\" href=\"https:\/\/acuariosupremus.com\/?product=acuario-tapa-aluminio-iluminacion-filtracion-208-l-boyu-ea-100b\" \/>\n<meta property=\"og:locale\" content=\"es_MX\" \/>\n<meta property=\"og:type\" content=\"article\" \/>\n<meta property=\"og:title\" content=\"Acuario tapa aluminio, iluminaci\u00f3n, filtraci\u00f3n, 208 l, BOYU EA-100B. | Acuario Supremus\" \/>\n<meta property=\"og:description\" content=\"Esta moderna l\u00ednea de acuarios de BOYU EA presenta una opci\u00f3n elegante, sencilla, econ\u00f3mica y vers\u00e1til, diferentes tama\u00f1os y alturas\" \/>\n<meta property=\"og:url\" content=\"https:\/\/acuariosupremus.com\/?product=acuario-tapa-aluminio-iluminacion-filtracion-208-l-boyu-ea-100b\" \/>\n<meta property=\"og:site_name\" content=\"Acuario Supremus\" \/>\n<meta property=\"article:publisher\" content=\"https:\/\/www.facebook.com\/AcuarioSupremus\" \/>\n<meta property=\"article:modified_time\" content=\"2025-12-26T01:33:36+00:00\" \/>\n<meta property=\"og:image\" content=\"https:\/\/acuariosupremus.com\/wp-content\/uploads\/2022\/05\/EA-100.gif\" \/>\n\t<meta property=\"og:image:width\" content=\"580\" \/>\n\t<meta property=\"og:image:height\" content=\"538\" \/>\n\t<meta property=\"og:image:type\" content=\"image\/gif\" \/>\n<meta name=\"twitter:card\" content=\"summary_large_image\" \/>\n<meta name=\"twitter:site\" content=\"@AcuarioSupremus\" \/>\n<meta name=\"twitter:label1\" content=\"Tiempo de lectura\" \/>\n\t<meta name=\"twitter:data1\" content=\"1 minuto\" \/>\n<script type=\"application\/ld+json\" class=\"yoast-schema-graph\">{\"@context\":\"https:\\\/\\\/schema.org\",\"@graph\":[{\"@type\":\"WebPage\",\"@id\":\"https:\\\/\\\/acuariosupremus.com\\\/?product=acuario-tapa-aluminio-iluminacion-filtracion-208-l-boyu-ea-100b\",\"url\":\"https:\\\/\\\/acuariosupremus.com\\\/?product=acuario-tapa-aluminio-iluminacion-filtracion-208-l-boyu-ea-100b\",\"name\":\"Acuario tapa aluminio, iluminaci\u00f3n, filtraci\u00f3n, 208 l, BOYU EA-100B. | Acuario Supremus\",\"isPartOf\":{\"@id\":\"https:\\\/\\\/acuariosupremus.com\\\/#website\"},\"primaryImageOfPage\":{\"@id\":\"https:\\\/\\\/acuariosupremus.com\\\/?product=acuario-tapa-aluminio-iluminacion-filtracion-208-l-boyu-ea-100b#primaryimage\"},\"image\":{\"@id\":\"https:\\\/\\\/acuariosupremus.com\\\/?product=acuario-tapa-aluminio-iluminacion-filtracion-208-l-boyu-ea-100b#primaryimage\"},\"thumbnailUrl\":\"https:\\\/\\\/acuariosupremus.com\\\/wp-content\\\/uploads\\\/2022\\\/05\\\/EA-100.gif\",\"datePublished\":\"2022-05-04T21:33:06+00:00\",\"dateModified\":\"2025-12-26T01:33:36+00:00\",\"description\":\"Esta moderna l\u00ednea de acuarios de BOYU EA presenta una opci\u00f3n elegante, sencilla, econ\u00f3mica y vers\u00e1til, diferentes tama\u00f1os y alturas\",\"breadcrumb\":{\"@id\":\"https:\\\/\\\/acuariosupremus.com\\\/?product=acuario-tapa-aluminio-iluminacion-filtracion-208-l-boyu-ea-100b#breadcrumb\"},\"inLanguage\":\"es\",\"potentialAction\":[{\"@type\":\"ReadAction\",\"target\":[\"https:\\\/\\\/acuariosupremus.com\\\/?product=acuario-tapa-aluminio-iluminacion-filtracion-208-l-boyu-ea-100b\"]}]},{\"@type\":\"ImageObject\",\"inLanguage\":\"es\",\"@id\":\"https:\\\/\\\/acuariosupremus.com\\\/?product=acuario-tapa-aluminio-iluminacion-filtracion-208-l-boyu-ea-100b#primaryimage\",\"url\":\"https:\\\/\\\/acuariosupremus.com\\\/wp-content\\\/uploads\\\/2022\\\/05\\\/EA-100.gif\",\"contentUrl\":\"https:\\\/\\\/acuariosupremus.com\\\/wp-content\\\/uploads\\\/2022\\\/05\\\/EA-100.gif\",\"width\":580,\"height\":538},{\"@type\":\"BreadcrumbList\",\"@id\":\"https:\\\/\\\/acuariosupremus.com\\\/?product=acuario-tapa-aluminio-iluminacion-filtracion-208-l-boyu-ea-100b#breadcrumb\",\"itemListElement\":[{\"@type\":\"ListItem\",\"position\":1,\"name\":\"Portada\",\"item\":\"https:\\\/\\\/acuariosupremus.com\\\/\"},{\"@type\":\"ListItem\",\"position\":2,\"name\":\"Tienda\",\"item\":\"https:\\\/\\\/acuariosupremus.com\\\/tienda\\\/\"},{\"@type\":\"ListItem\",\"position\":3,\"name\":\"Acuario tapa aluminio, iluminaci\u00f3n, filtraci\u00f3n, 208 l, BOYU EA-100B.\"}]},{\"@type\":\"WebSite\",\"@id\":\"https:\\\/\\\/acuariosupremus.com\\\/#website\",\"url\":\"https:\\\/\\\/acuariosupremus.com\\\/\",\"name\":\"Acuario Supremus\",\"description\":\"Peces, Peceras y Mascotas.\",\"publisher\":{\"@id\":\"https:\\\/\\\/acuariosupremus.com\\\/#organization\"},\"potentialAction\":[{\"@type\":\"SearchAction\",\"target\":{\"@type\":\"EntryPoint\",\"urlTemplate\":\"https:\\\/\\\/acuariosupremus.com\\\/?s={search_term_string}\"},\"query-input\":{\"@type\":\"PropertyValueSpecification\",\"valueRequired\":true,\"valueName\":\"search_term_string\"}}],\"inLanguage\":\"es\"},{\"@type\":\"Organization\",\"@id\":\"https:\\\/\\\/acuariosupremus.com\\\/#organization\",\"name\":\"Acuario Supremus\",\"url\":\"https:\\\/\\\/acuariosupremus.com\\\/\",\"logo\":{\"@type\":\"ImageObject\",\"inLanguage\":\"es\",\"@id\":\"https:\\\/\\\/acuariosupremus.com\\\/#\\\/schema\\\/logo\\\/image\\\/\",\"url\":\"https:\\\/\\\/acuariosupremus.com\\\/wp-content\\\/uploads\\\/2021\\\/12\\\/cropped-logo_acuario_supremus_fn-2.png\",\"contentUrl\":\"https:\\\/\\\/acuariosupremus.com\\\/wp-content\\\/uploads\\\/2021\\\/12\\\/cropped-logo_acuario_supremus_fn-2.png\",\"width\":1000,\"height\":318,\"caption\":\"Acuario Supremus\"},\"image\":{\"@id\":\"https:\\\/\\\/acuariosupremus.com\\\/#\\\/schema\\\/logo\\\/image\\\/\"},\"sameAs\":[\"https:\\\/\\\/www.facebook.com\\\/AcuarioSupremus\",\"https:\\\/\\\/x.com\\\/AcuarioSupremus\",\"https:\\\/\\\/www.instagram.com\\\/acuariosupremus\\\/?hl=es\"]}]}<\/script>\n<!-- \/ Yoast SEO plugin. -->","yoast_head_json":{"title":"Acuario tapa aluminio, iluminaci\u00f3n, filtraci\u00f3n, 208 l, BOYU EA-100B. | Acuario Supremus","description":"Esta moderna l\u00ednea de acuarios de BOYU EA presenta una opci\u00f3n elegante, sencilla, econ\u00f3mica y vers\u00e1til, diferentes tama\u00f1os y alturas","robots":{"index":"index","follow":"follow","max-snippet":"max-snippet:-1","max-image-preview":"max-image-preview:large","max-video-preview":"max-video-preview:-1"},"canonical":"https:\/\/acuariosupremus.com\/?product=acuario-tapa-aluminio-iluminacion-filtracion-208-l-boyu-ea-100b","og_locale":"es_MX","og_type":"article","og_title":"Acuario tapa aluminio, iluminaci\u00f3n, filtraci\u00f3n, 208 l, BOYU EA-100B. | Acuario Supremus","og_description":"Esta moderna l\u00ednea de acuarios de BOYU EA presenta una opci\u00f3n elegante, sencilla, econ\u00f3mica y vers\u00e1til, diferentes tama\u00f1os y alturas","og_url":"https:\/\/acuariosupremus.com\/?product=acuario-tapa-aluminio-iluminacion-filtracion-208-l-boyu-ea-100b","og_site_name":"Acuario Supremus","article_publisher":"https:\/\/www.facebook.com\/AcuarioSupremus","article_modified_time":"2025-12-26T01:33:36+00:00","og_image":[{"width":580,"height":538,"url":"https:\/\/acuariosupremus.com\/wp-content\/uploads\/2022\/05\/EA-100.gif","type":"image\/gif"}],"twitter_card":"summary_large_image","twitter_site":"@AcuarioSupremus","twitter_misc":{"Tiempo de lectura":"1 minuto"},"schema":{"@context":"https:\/\/schema.org","@graph":[{"@type":"WebPage","@id":"https:\/\/acuariosupremus.com\/?product=acuario-tapa-aluminio-iluminacion-filtracion-208-l-boyu-ea-100b","url":"https:\/\/acuariosupremus.com\/?product=acuario-tapa-aluminio-iluminacion-filtracion-208-l-boyu-ea-100b","name":"Acuario tapa aluminio, iluminaci\u00f3n, filtraci\u00f3n, 208 l, BOYU EA-100B. | Acuario Supremus","isPartOf":{"@id":"https:\/\/acuariosupremus.com\/#website"},"primaryImageOfPage":{"@id":"https:\/\/acuariosupremus.com\/?product=acuario-tapa-aluminio-iluminacion-filtracion-208-l-boyu-ea-100b#primaryimage"},"image":{"@id":"https:\/\/acuariosupremus.com\/?product=acuario-tapa-aluminio-iluminacion-filtracion-208-l-boyu-ea-100b#primaryimage"},"thumbnailUrl":"https:\/\/acuariosupremus.com\/wp-content\/uploads\/2022\/05\/EA-100.gif","datePublished":"2022-05-04T21:33:06+00:00","dateModified":"2025-12-26T01:33:36+00:00","description":"Esta moderna l\u00ednea de acuarios de BOYU EA presenta una opci\u00f3n elegante, sencilla, econ\u00f3mica y vers\u00e1til, diferentes tama\u00f1os y alturas","breadcrumb":{"@id":"https:\/\/acuariosupremus.com\/?product=acuario-tapa-aluminio-iluminacion-filtracion-208-l-boyu-ea-100b#breadcrumb"},"inLanguage":"es","potentialAction":[{"@type":"ReadAction","target":["https:\/\/acuariosupremus.com\/?product=acuario-tapa-aluminio-iluminacion-filtracion-208-l-boyu-ea-100b"]}]},{"@type":"ImageObject","inLanguage":"es","@id":"https:\/\/acuariosupremus.com\/?product=acuario-tapa-aluminio-iluminacion-filtracion-208-l-boyu-ea-100b#primaryimage","url":"https:\/\/acuariosupremus.com\/wp-content\/uploads\/2022\/05\/EA-100.gif","contentUrl":"https:\/\/acuariosupremus.com\/wp-content\/uploads\/2022\/05\/EA-100.gif","width":580,"height":538},{"@type":"BreadcrumbList","@id":"https:\/\/acuariosupremus.com\/?product=acuario-tapa-aluminio-iluminacion-filtracion-208-l-boyu-ea-100b#breadcrumb","itemListElement":[{"@type":"ListItem","position":1,"name":"Portada","item":"https:\/\/acuariosupremus.com\/"},{"@type":"ListItem","position":2,"name":"Tienda","item":"https:\/\/acuariosupremus.com\/tienda\/"},{"@type":"ListItem","position":3,"name":"Acuario tapa aluminio, iluminaci\u00f3n, filtraci\u00f3n, 208 l, BOYU EA-100B."}]},{"@type":"WebSite","@id":"https:\/\/acuariosupremus.com\/#website","url":"https:\/\/acuariosupremus.com\/","name":"Acuario Supremus","description":"Peces, Peceras y Mascotas.","publisher":{"@id":"https:\/\/acuariosupremus.com\/#organization"},"potentialAction":[{"@type":"SearchAction","target":{"@type":"EntryPoint","urlTemplate":"https:\/\/acuariosupremus.com\/?s={search_term_string}"},"query-input":{"@type":"PropertyValueSpecification","valueRequired":true,"valueName":"search_term_string"}}],"inLanguage":"es"},{"@type":"Organization","@id":"https:\/\/acuariosupremus.com\/#organization","name":"Acuario Supremus","url":"https:\/\/acuariosupremus.com\/","logo":{"@type":"ImageObject","inLanguage":"es","@id":"https:\/\/acuariosupremus.com\/#\/schema\/logo\/image\/","url":"https:\/\/acuariosupremus.com\/wp-content\/uploads\/2021\/12\/cropped-logo_acuario_supremus_fn-2.png","contentUrl":"https:\/\/acuariosupremus.com\/wp-content\/uploads\/2021\/12\/cropped-logo_acuario_supremus_fn-2.png","width":1000,"height":318,"caption":"Acuario Supremus"},"image":{"@id":"https:\/\/acuariosupremus.com\/#\/schema\/logo\/image\/"},"sameAs":["https:\/\/www.facebook.com\/AcuarioSupremus","https:\/\/x.com\/AcuarioSupremus","https:\/\/www.instagram.com\/acuariosupremus\/?hl=es"]}]}},"jetpack_sharing_enabled":true,"_links":{"self":[{"href":"https:\/\/acuariosupremus.com\/index.php?rest_route=\/wp\/v2\/product\/8524","targetHints":{"allow":["GET"]}}],"collection":[{"href":"https:\/\/acuariosupremus.com\/index.php?rest_route=\/wp\/v2\/product"}],"about":[{"href":"https:\/\/acuariosupremus.com\/index.php?rest_route=\/wp\/v2\/types\/product"}],"wp:featuredmedia":[{"embeddable":true,"href":"https:\/\/acuariosupremus.com\/index.php?rest_route=\/wp\/v2\/media\/8523"}],"wp:attachment":[{"href":"https:\/\/acuariosupremus.com\/index.php?rest_route=%2Fwp%2Fv2%2Fmedia&parent=8524"}],"wp:term":[{"taxonomy":"product_brand","embeddable":true,"href":"https:\/\/acuariosupremus.com\/index.php?rest_route=%2Fwp%2Fv2%2Fproduct_brand&post=8524"},{"taxonomy":"product_cat","embeddable":true,"href":"https:\/\/acuariosupremus.com\/index.php?rest_route=%2Fwp%2Fv2%2Fproduct_cat&post=8524"},{"taxonomy":"product_tag","embeddable":true,"href":"https:\/\/acuariosupremus.com\/index.php?rest_route=%2Fwp%2Fv2%2Fproduct_tag&post=8524"}],"curies":[{"name":"wp","href":"https:\/\/api.w.org\/{rel}","templated":true}]}}