{"id":857,"date":"2022-01-23T19:20:57","date_gmt":"2022-01-24T01:20:57","guid":{"rendered":"https:\/\/acuariosupremus.com\/?post_type=product&#038;p=857"},"modified":"2025-12-10T15:52:05","modified_gmt":"2025-12-10T21:52:05","slug":"water-clarifier-100-ml-3-38-oz","status":"publish","type":"product","link":"https:\/\/acuariosupremus.com\/?product=water-clarifier-100-ml-3-38-oz","title":{"rendered":"WATER CLARIFIER 100 ML."},"content":{"rendered":"<p>Instrucciones:<br \/>\nA\u00f1adir 1 cucharadita (5 ml) de clarificador por cada 10 galones ( 38 litros) de agua del acuario.<br \/>\nLa tapa de la botella se puede utilizar para medir, llenar hasta la l\u00ednea del anillo interno para el tratamiento de 10 galones o usar un tap\u00f3n completo por cada 20 galones (76 litros). El agua del acuario comenzar\u00e1 a limpiarse en un par de horas. Repita seg\u00fan sea necesario, con un plazo de 48 horas entre las dosis. A diferencia de muchos productos de clarificaci\u00f3n en el mercado, Tetra Water Clarifier es seguro para los peces, incluso en condiciones de agua muy suave (bajo KH), sin embargo, en acuarios con KH muy bajo se recomienda aplicar media dosis.<br \/>\nTetra Water Clarifier elimina la turbidez del agua del acuario causada por la sobrealimentaci\u00f3n, el polvo de grava y otras<br \/>\npart\u00edculas en suspensi\u00f3n. -Seguro para peces y plantas &#8211; No afecta el pH. -Seguro en condiciones de agua blanda. Aglomera<br \/>\nr\u00e1pidamente las part\u00edculas peque\u00f1as, estas part\u00edculas aglomeradas se retiran durante el funcionamiento normal del sistema de filtraci\u00f3n.<br \/>\nPeso\/Capacidad:<br \/>\n3.38 oz\/<strong>100 ml<\/strong>.<\/p>\n","protected":false},"excerpt":{"rendered":"<p>Elimina r\u00e1pidamente la turbidez del agua del acuario.<br \/>\nFormula libre de fosfatos.<br \/>\nMANTENGASE FUERA DEL ALCANCE DE LOS NI\u00d1OS.<\/p>\n","protected":false},"featured_media":859,"template":"","meta":[],"product_brand":[116],"product_cat":[40,41],"product_tag":[133],"class_list":{"0":"post-857","1":"product","2":"type-product","3":"status-publish","4":"has-post-thumbnail","6":"product_brand-tetra","7":"product_cat-peces","8":"product_cat-acondicionadores","9":"product_tag-cristalizador","11":"first","12":"instock","13":"sale","14":"shipping-taxable","15":"purchasable","16":"product-type-simple"},"yoast_head":"<!-- This site is optimized with the Yoast SEO plugin v27.4 - https:\/\/yoast.com\/product\/yoast-seo-wordpress\/ -->\n<title>WATER CLARIFIER 100 ML. | Acuario Supremus<\/title>\n<meta name=\"description\" content=\"Tetra Water Clarifier elimina la turbidez del agua en acuario causada por la sobrealimentaci\u00f3n, el polvo de grava o part\u00edculas en suspensi\u00f3n.\" \/>\n<meta name=\"robots\" content=\"index, follow, max-snippet:-1, max-image-preview:large, max-video-preview:-1\" \/>\n<link rel=\"canonical\" href=\"https:\/\/acuariosupremus.com\/?product=water-clarifier-100-ml-3-38-oz\" \/>\n<meta property=\"og:locale\" content=\"es_MX\" \/>\n<meta property=\"og:type\" content=\"article\" \/>\n<meta property=\"og:title\" content=\"WATER CLARIFIER 100 ML. | Acuario Supremus\" \/>\n<meta property=\"og:description\" content=\"Tetra Water Clarifier elimina la turbidez del agua en acuario causada por la sobrealimentaci\u00f3n, el polvo de grava o part\u00edculas en suspensi\u00f3n.\" \/>\n<meta property=\"og:url\" content=\"https:\/\/acuariosupremus.com\/?product=water-clarifier-100-ml-3-38-oz\" \/>\n<meta property=\"og:site_name\" content=\"Acuario Supremus\" \/>\n<meta property=\"article:publisher\" content=\"https:\/\/www.facebook.com\/AcuarioSupremus\" \/>\n<meta property=\"article:modified_time\" content=\"2025-12-10T21:52:05+00:00\" \/>\n<meta property=\"og:image\" content=\"https:\/\/acuariosupremus.com\/wp-content\/uploads\/2022\/01\/TE77135.jpg\" \/>\n\t<meta property=\"og:image:width\" content=\"1000\" \/>\n\t<meta property=\"og:image:height\" content=\"1000\" \/>\n\t<meta property=\"og:image:type\" content=\"image\/jpeg\" \/>\n<meta name=\"twitter:card\" content=\"summary_large_image\" \/>\n<meta name=\"twitter:site\" content=\"@AcuarioSupremus\" \/>\n<meta name=\"twitter:label1\" content=\"Tiempo de lectura\" \/>\n\t<meta name=\"twitter:data1\" content=\"1 minuto\" \/>\n<script type=\"application\/ld+json\" class=\"yoast-schema-graph\">{\"@context\":\"https:\\\/\\\/schema.org\",\"@graph\":[{\"@type\":\"WebPage\",\"@id\":\"https:\\\/\\\/acuariosupremus.com\\\/?product=water-clarifier-100-ml-3-38-oz\",\"url\":\"https:\\\/\\\/acuariosupremus.com\\\/?product=water-clarifier-100-ml-3-38-oz\",\"name\":\"WATER CLARIFIER 100 ML. | Acuario Supremus\",\"isPartOf\":{\"@id\":\"https:\\\/\\\/acuariosupremus.com\\\/#website\"},\"primaryImageOfPage\":{\"@id\":\"https:\\\/\\\/acuariosupremus.com\\\/?product=water-clarifier-100-ml-3-38-oz#primaryimage\"},\"image\":{\"@id\":\"https:\\\/\\\/acuariosupremus.com\\\/?product=water-clarifier-100-ml-3-38-oz#primaryimage\"},\"thumbnailUrl\":\"https:\\\/\\\/acuariosupremus.com\\\/wp-content\\\/uploads\\\/2022\\\/01\\\/TE77135.jpg\",\"datePublished\":\"2022-01-24T01:20:57+00:00\",\"dateModified\":\"2025-12-10T21:52:05+00:00\",\"description\":\"Tetra Water Clarifier elimina la turbidez del agua en acuario causada por la sobrealimentaci\u00f3n, el polvo de grava o part\u00edculas en suspensi\u00f3n.\",\"breadcrumb\":{\"@id\":\"https:\\\/\\\/acuariosupremus.com\\\/?product=water-clarifier-100-ml-3-38-oz#breadcrumb\"},\"inLanguage\":\"es\",\"potentialAction\":[{\"@type\":\"ReadAction\",\"target\":[\"https:\\\/\\\/acuariosupremus.com\\\/?product=water-clarifier-100-ml-3-38-oz\"]}]},{\"@type\":\"ImageObject\",\"inLanguage\":\"es\",\"@id\":\"https:\\\/\\\/acuariosupremus.com\\\/?product=water-clarifier-100-ml-3-38-oz#primaryimage\",\"url\":\"https:\\\/\\\/acuariosupremus.com\\\/wp-content\\\/uploads\\\/2022\\\/01\\\/TE77135.jpg\",\"contentUrl\":\"https:\\\/\\\/acuariosupremus.com\\\/wp-content\\\/uploads\\\/2022\\\/01\\\/TE77135.jpg\",\"width\":1000,\"height\":1000},{\"@type\":\"BreadcrumbList\",\"@id\":\"https:\\\/\\\/acuariosupremus.com\\\/?product=water-clarifier-100-ml-3-38-oz#breadcrumb\",\"itemListElement\":[{\"@type\":\"ListItem\",\"position\":1,\"name\":\"Portada\",\"item\":\"https:\\\/\\\/acuariosupremus.com\\\/\"},{\"@type\":\"ListItem\",\"position\":2,\"name\":\"Tienda\",\"item\":\"https:\\\/\\\/acuariosupremus.com\\\/tienda\\\/\"},{\"@type\":\"ListItem\",\"position\":3,\"name\":\"WATER CLARIFIER 100 ML.\"}]},{\"@type\":\"WebSite\",\"@id\":\"https:\\\/\\\/acuariosupremus.com\\\/#website\",\"url\":\"https:\\\/\\\/acuariosupremus.com\\\/\",\"name\":\"Acuario Supremus\",\"description\":\"Peces, Peceras y Mascotas.\",\"publisher\":{\"@id\":\"https:\\\/\\\/acuariosupremus.com\\\/#organization\"},\"potentialAction\":[{\"@type\":\"SearchAction\",\"target\":{\"@type\":\"EntryPoint\",\"urlTemplate\":\"https:\\\/\\\/acuariosupremus.com\\\/?s={search_term_string}\"},\"query-input\":{\"@type\":\"PropertyValueSpecification\",\"valueRequired\":true,\"valueName\":\"search_term_string\"}}],\"inLanguage\":\"es\"},{\"@type\":\"Organization\",\"@id\":\"https:\\\/\\\/acuariosupremus.com\\\/#organization\",\"name\":\"Acuario Supremus\",\"url\":\"https:\\\/\\\/acuariosupremus.com\\\/\",\"logo\":{\"@type\":\"ImageObject\",\"inLanguage\":\"es\",\"@id\":\"https:\\\/\\\/acuariosupremus.com\\\/#\\\/schema\\\/logo\\\/image\\\/\",\"url\":\"https:\\\/\\\/acuariosupremus.com\\\/wp-content\\\/uploads\\\/2021\\\/12\\\/cropped-logo_acuario_supremus_fn-2.png\",\"contentUrl\":\"https:\\\/\\\/acuariosupremus.com\\\/wp-content\\\/uploads\\\/2021\\\/12\\\/cropped-logo_acuario_supremus_fn-2.png\",\"width\":1000,\"height\":318,\"caption\":\"Acuario Supremus\"},\"image\":{\"@id\":\"https:\\\/\\\/acuariosupremus.com\\\/#\\\/schema\\\/logo\\\/image\\\/\"},\"sameAs\":[\"https:\\\/\\\/www.facebook.com\\\/AcuarioSupremus\",\"https:\\\/\\\/x.com\\\/AcuarioSupremus\",\"https:\\\/\\\/www.instagram.com\\\/acuariosupremus\\\/?hl=es\"]}]}<\/script>\n<!-- \/ Yoast SEO plugin. -->","yoast_head_json":{"title":"WATER CLARIFIER 100 ML. | Acuario Supremus","description":"Tetra Water Clarifier elimina la turbidez del agua en acuario causada por la sobrealimentaci\u00f3n, el polvo de grava o part\u00edculas en suspensi\u00f3n.","robots":{"index":"index","follow":"follow","max-snippet":"max-snippet:-1","max-image-preview":"max-image-preview:large","max-video-preview":"max-video-preview:-1"},"canonical":"https:\/\/acuariosupremus.com\/?product=water-clarifier-100-ml-3-38-oz","og_locale":"es_MX","og_type":"article","og_title":"WATER CLARIFIER 100 ML. | Acuario Supremus","og_description":"Tetra Water Clarifier elimina la turbidez del agua en acuario causada por la sobrealimentaci\u00f3n, el polvo de grava o part\u00edculas en suspensi\u00f3n.","og_url":"https:\/\/acuariosupremus.com\/?product=water-clarifier-100-ml-3-38-oz","og_site_name":"Acuario Supremus","article_publisher":"https:\/\/www.facebook.com\/AcuarioSupremus","article_modified_time":"2025-12-10T21:52:05+00:00","og_image":[{"width":1000,"height":1000,"url":"https:\/\/acuariosupremus.com\/wp-content\/uploads\/2022\/01\/TE77135.jpg","type":"image\/jpeg"}],"twitter_card":"summary_large_image","twitter_site":"@AcuarioSupremus","twitter_misc":{"Tiempo de lectura":"1 minuto"},"schema":{"@context":"https:\/\/schema.org","@graph":[{"@type":"WebPage","@id":"https:\/\/acuariosupremus.com\/?product=water-clarifier-100-ml-3-38-oz","url":"https:\/\/acuariosupremus.com\/?product=water-clarifier-100-ml-3-38-oz","name":"WATER CLARIFIER 100 ML. | Acuario Supremus","isPartOf":{"@id":"https:\/\/acuariosupremus.com\/#website"},"primaryImageOfPage":{"@id":"https:\/\/acuariosupremus.com\/?product=water-clarifier-100-ml-3-38-oz#primaryimage"},"image":{"@id":"https:\/\/acuariosupremus.com\/?product=water-clarifier-100-ml-3-38-oz#primaryimage"},"thumbnailUrl":"https:\/\/acuariosupremus.com\/wp-content\/uploads\/2022\/01\/TE77135.jpg","datePublished":"2022-01-24T01:20:57+00:00","dateModified":"2025-12-10T21:52:05+00:00","description":"Tetra Water Clarifier elimina la turbidez del agua en acuario causada por la sobrealimentaci\u00f3n, el polvo de grava o part\u00edculas en suspensi\u00f3n.","breadcrumb":{"@id":"https:\/\/acuariosupremus.com\/?product=water-clarifier-100-ml-3-38-oz#breadcrumb"},"inLanguage":"es","potentialAction":[{"@type":"ReadAction","target":["https:\/\/acuariosupremus.com\/?product=water-clarifier-100-ml-3-38-oz"]}]},{"@type":"ImageObject","inLanguage":"es","@id":"https:\/\/acuariosupremus.com\/?product=water-clarifier-100-ml-3-38-oz#primaryimage","url":"https:\/\/acuariosupremus.com\/wp-content\/uploads\/2022\/01\/TE77135.jpg","contentUrl":"https:\/\/acuariosupremus.com\/wp-content\/uploads\/2022\/01\/TE77135.jpg","width":1000,"height":1000},{"@type":"BreadcrumbList","@id":"https:\/\/acuariosupremus.com\/?product=water-clarifier-100-ml-3-38-oz#breadcrumb","itemListElement":[{"@type":"ListItem","position":1,"name":"Portada","item":"https:\/\/acuariosupremus.com\/"},{"@type":"ListItem","position":2,"name":"Tienda","item":"https:\/\/acuariosupremus.com\/tienda\/"},{"@type":"ListItem","position":3,"name":"WATER CLARIFIER 100 ML."}]},{"@type":"WebSite","@id":"https:\/\/acuariosupremus.com\/#website","url":"https:\/\/acuariosupremus.com\/","name":"Acuario Supremus","description":"Peces, Peceras y Mascotas.","publisher":{"@id":"https:\/\/acuariosupremus.com\/#organization"},"potentialAction":[{"@type":"SearchAction","target":{"@type":"EntryPoint","urlTemplate":"https:\/\/acuariosupremus.com\/?s={search_term_string}"},"query-input":{"@type":"PropertyValueSpecification","valueRequired":true,"valueName":"search_term_string"}}],"inLanguage":"es"},{"@type":"Organization","@id":"https:\/\/acuariosupremus.com\/#organization","name":"Acuario Supremus","url":"https:\/\/acuariosupremus.com\/","logo":{"@type":"ImageObject","inLanguage":"es","@id":"https:\/\/acuariosupremus.com\/#\/schema\/logo\/image\/","url":"https:\/\/acuariosupremus.com\/wp-content\/uploads\/2021\/12\/cropped-logo_acuario_supremus_fn-2.png","contentUrl":"https:\/\/acuariosupremus.com\/wp-content\/uploads\/2021\/12\/cropped-logo_acuario_supremus_fn-2.png","width":1000,"height":318,"caption":"Acuario Supremus"},"image":{"@id":"https:\/\/acuariosupremus.com\/#\/schema\/logo\/image\/"},"sameAs":["https:\/\/www.facebook.com\/AcuarioSupremus","https:\/\/x.com\/AcuarioSupremus","https:\/\/www.instagram.com\/acuariosupremus\/?hl=es"]}]}},"jetpack_sharing_enabled":true,"_links":{"self":[{"href":"https:\/\/acuariosupremus.com\/index.php?rest_route=\/wp\/v2\/product\/857","targetHints":{"allow":["GET"]}}],"collection":[{"href":"https:\/\/acuariosupremus.com\/index.php?rest_route=\/wp\/v2\/product"}],"about":[{"href":"https:\/\/acuariosupremus.com\/index.php?rest_route=\/wp\/v2\/types\/product"}],"wp:featuredmedia":[{"embeddable":true,"href":"https:\/\/acuariosupremus.com\/index.php?rest_route=\/wp\/v2\/media\/859"}],"wp:attachment":[{"href":"https:\/\/acuariosupremus.com\/index.php?rest_route=%2Fwp%2Fv2%2Fmedia&parent=857"}],"wp:term":[{"taxonomy":"product_brand","embeddable":true,"href":"https:\/\/acuariosupremus.com\/index.php?rest_route=%2Fwp%2Fv2%2Fproduct_brand&post=857"},{"taxonomy":"product_cat","embeddable":true,"href":"https:\/\/acuariosupremus.com\/index.php?rest_route=%2Fwp%2Fv2%2Fproduct_cat&post=857"},{"taxonomy":"product_tag","embeddable":true,"href":"https:\/\/acuariosupremus.com\/index.php?rest_route=%2Fwp%2Fv2%2Fproduct_tag&post=857"}],"curies":[{"name":"wp","href":"https:\/\/api.w.org\/{rel}","templated":true}]}}