{"id":8595,"date":"2022-05-05T13:20:57","date_gmt":"2022-05-05T18:20:57","guid":{"rendered":"https:\/\/acuariosupremus.com\/?post_type=product&#038;p=8595"},"modified":"2025-12-26T15:17:19","modified_gmt":"2025-12-26T21:17:19","slug":"acuario-hexagonal-de-vidrio-curveado-22-l-boyu-lj-300-plateado","status":"publish","type":"product","link":"https:\/\/acuariosupremus.com\/?product=acuario-hexagonal-de-vidrio-curveado-22-l-boyu-lj-300-plateado","title":{"rendered":"Acuario hexagonal de vidrio curveado 22 l, BOYU LJ-300 Plateado."},"content":{"rendered":"<p>Est\u00e1 equipado con un filtro superior oculto bajo la tapa, dotado de una potente bomba y materiales filtrantes de gran calidad. Debido a las contenidas dimensiones de su base, estos acuarios no ocupar\u00e1n demasiado sitio y nos ofrecen dos tama\u00f1os que arrojan capacidades de 21 y 63 litros. Tanto los acuarios como sus gabinetes est\u00e1n disponibles en colores negro mate y plateado para adaptarse mejor a su entorno decorativo.<\/p>\n<p>Modelo:\u00a0<strong>LJ-300 PLATA<\/strong> Medidas: 300x300x440 ( l x a x h mm) Capacidad: 22 (Litros) Volt. \/ frec. 127\/60 (V\/Hz) Bomba de agua: 4 (w) Caudal: 290 (L\/h) Iluminaci\u00f3n: LED \/ 5 (Tipo \/ w) Medidas c. Embalaje: 360 x 340 x 520 ( l x a x h mm) Peso con embalaje: 6,61 (kg).<\/p>\n","protected":false},"excerpt":{"rendered":"<p>Acuario decorativo con dise\u00f1o hexagonal<\/p>\n<p>Los LJ son probablemente los acuarios m\u00e1s originales y decorativos que ha dise\u00f1ado BOYU. Usando tan solo dos uniones de silicona, este acuario forma una base hexagonal gracias a su vidrio frontal termoformado, al que se aplican cuatro pliegues de 60\u00b0. Al combinarlo con su gabinete a juego se obtiene una sorprendente apariencia de columna hexagonal, que puede aportar un toque muy decorativo en nuestra estancia.<\/p>\n<p><a href=\"https:\/\/acuariosupremus.com\/producto\/gabinete-para-acuario-lj-300-boyu-ljt-300-plateado\/\">Gabinete para acuario LJ-300, BOYU LJT-300 Plateado.<\/a><\/p>\n<p><em><strong>*ACUARIO Y GABINETE SE VENDE POR SEPARADO.<\/strong><\/em><\/p>\n","protected":false},"featured_media":8581,"template":"","meta":[],"product_brand":[122],"product_cat":[40,53],"product_tag":[613,675],"class_list":{"0":"post-8595","1":"product","2":"type-product","3":"status-publish","4":"has-post-thumbnail","6":"product_brand-boyu","7":"product_cat-peces","8":"product_cat-peceras","9":"product_tag-acuario-boyu","10":"product_tag-acuario-boyu-lj","12":"first","13":"instock","14":"sale","15":"shipping-taxable","16":"purchasable","17":"product-type-simple"},"yoast_head":"<!-- This site is optimized with the Yoast SEO plugin v27.3 - https:\/\/yoast.com\/product\/yoast-seo-wordpress\/ -->\n<title>Acuario hexagonal de vidrio curveado 22 l, BOYU LJ-300 Plateado. | Acuario Supremus<\/title>\n<meta name=\"description\" content=\"Los LJ son los acuarios m\u00e1s originales y decorativos de BOYU, tan solo dos uniones de silicona, este acuario hexagonal y vidrio termoformado de 1 pieza.\" \/>\n<meta name=\"robots\" content=\"index, follow, max-snippet:-1, max-image-preview:large, max-video-preview:-1\" \/>\n<link rel=\"canonical\" href=\"https:\/\/acuariosupremus.com\/?product=acuario-hexagonal-de-vidrio-curveado-22-l-boyu-lj-300-plateado\" \/>\n<meta property=\"og:locale\" content=\"es_MX\" \/>\n<meta property=\"og:type\" content=\"article\" \/>\n<meta property=\"og:title\" content=\"Acuario hexagonal de vidrio curveado 22 l, BOYU LJ-300 Plateado. | Acuario Supremus\" \/>\n<meta property=\"og:description\" content=\"Los LJ son los acuarios m\u00e1s originales y decorativos de BOYU, tan solo dos uniones de silicona, este acuario hexagonal y vidrio termoformado de 1 pieza.\" \/>\n<meta property=\"og:url\" content=\"https:\/\/acuariosupremus.com\/?product=acuario-hexagonal-de-vidrio-curveado-22-l-boyu-lj-300-plateado\" \/>\n<meta property=\"og:site_name\" content=\"Acuario Supremus\" \/>\n<meta property=\"article:publisher\" content=\"https:\/\/www.facebook.com\/AcuarioSupremus\" \/>\n<meta property=\"article:modified_time\" content=\"2025-12-26T21:17:19+00:00\" \/>\n<meta property=\"og:image\" content=\"https:\/\/acuariosupremus.com\/wp-content\/uploads\/2022\/05\/LJ-300.jpg\" \/>\n\t<meta property=\"og:image:width\" content=\"650\" \/>\n\t<meta property=\"og:image:height\" content=\"602\" \/>\n\t<meta property=\"og:image:type\" content=\"image\/jpeg\" \/>\n<meta name=\"twitter:card\" content=\"summary_large_image\" \/>\n<meta name=\"twitter:site\" content=\"@AcuarioSupremus\" \/>\n<meta name=\"twitter:label1\" content=\"Tiempo de lectura\" \/>\n\t<meta name=\"twitter:data1\" content=\"1 minuto\" \/>\n<script type=\"application\/ld+json\" class=\"yoast-schema-graph\">{\"@context\":\"https:\\\/\\\/schema.org\",\"@graph\":[{\"@type\":\"WebPage\",\"@id\":\"https:\\\/\\\/acuariosupremus.com\\\/?product=acuario-hexagonal-de-vidrio-curveado-22-l-boyu-lj-300-plateado\",\"url\":\"https:\\\/\\\/acuariosupremus.com\\\/?product=acuario-hexagonal-de-vidrio-curveado-22-l-boyu-lj-300-plateado\",\"name\":\"Acuario hexagonal de vidrio curveado 22 l, BOYU LJ-300 Plateado. | Acuario Supremus\",\"isPartOf\":{\"@id\":\"https:\\\/\\\/acuariosupremus.com\\\/#website\"},\"primaryImageOfPage\":{\"@id\":\"https:\\\/\\\/acuariosupremus.com\\\/?product=acuario-hexagonal-de-vidrio-curveado-22-l-boyu-lj-300-plateado#primaryimage\"},\"image\":{\"@id\":\"https:\\\/\\\/acuariosupremus.com\\\/?product=acuario-hexagonal-de-vidrio-curveado-22-l-boyu-lj-300-plateado#primaryimage\"},\"thumbnailUrl\":\"https:\\\/\\\/acuariosupremus.com\\\/wp-content\\\/uploads\\\/2022\\\/05\\\/LJ-300.jpg\",\"datePublished\":\"2022-05-05T18:20:57+00:00\",\"dateModified\":\"2025-12-26T21:17:19+00:00\",\"description\":\"Los LJ son los acuarios m\u00e1s originales y decorativos de BOYU, tan solo dos uniones de silicona, este acuario hexagonal y vidrio termoformado de 1 pieza.\",\"breadcrumb\":{\"@id\":\"https:\\\/\\\/acuariosupremus.com\\\/?product=acuario-hexagonal-de-vidrio-curveado-22-l-boyu-lj-300-plateado#breadcrumb\"},\"inLanguage\":\"es\",\"potentialAction\":[{\"@type\":\"ReadAction\",\"target\":[\"https:\\\/\\\/acuariosupremus.com\\\/?product=acuario-hexagonal-de-vidrio-curveado-22-l-boyu-lj-300-plateado\"]}]},{\"@type\":\"ImageObject\",\"inLanguage\":\"es\",\"@id\":\"https:\\\/\\\/acuariosupremus.com\\\/?product=acuario-hexagonal-de-vidrio-curveado-22-l-boyu-lj-300-plateado#primaryimage\",\"url\":\"https:\\\/\\\/acuariosupremus.com\\\/wp-content\\\/uploads\\\/2022\\\/05\\\/LJ-300.jpg\",\"contentUrl\":\"https:\\\/\\\/acuariosupremus.com\\\/wp-content\\\/uploads\\\/2022\\\/05\\\/LJ-300.jpg\",\"width\":650,\"height\":602},{\"@type\":\"BreadcrumbList\",\"@id\":\"https:\\\/\\\/acuariosupremus.com\\\/?product=acuario-hexagonal-de-vidrio-curveado-22-l-boyu-lj-300-plateado#breadcrumb\",\"itemListElement\":[{\"@type\":\"ListItem\",\"position\":1,\"name\":\"Portada\",\"item\":\"https:\\\/\\\/acuariosupremus.com\\\/\"},{\"@type\":\"ListItem\",\"position\":2,\"name\":\"Tienda\",\"item\":\"https:\\\/\\\/acuariosupremus.com\\\/tienda\\\/\"},{\"@type\":\"ListItem\",\"position\":3,\"name\":\"Acuario hexagonal de vidrio curveado 22 l, BOYU LJ-300 Plateado.\"}]},{\"@type\":\"WebSite\",\"@id\":\"https:\\\/\\\/acuariosupremus.com\\\/#website\",\"url\":\"https:\\\/\\\/acuariosupremus.com\\\/\",\"name\":\"Acuario Supremus\",\"description\":\"Peces, Peceras y Mascotas.\",\"publisher\":{\"@id\":\"https:\\\/\\\/acuariosupremus.com\\\/#organization\"},\"potentialAction\":[{\"@type\":\"SearchAction\",\"target\":{\"@type\":\"EntryPoint\",\"urlTemplate\":\"https:\\\/\\\/acuariosupremus.com\\\/?s={search_term_string}\"},\"query-input\":{\"@type\":\"PropertyValueSpecification\",\"valueRequired\":true,\"valueName\":\"search_term_string\"}}],\"inLanguage\":\"es\"},{\"@type\":\"Organization\",\"@id\":\"https:\\\/\\\/acuariosupremus.com\\\/#organization\",\"name\":\"Acuario Supremus\",\"url\":\"https:\\\/\\\/acuariosupremus.com\\\/\",\"logo\":{\"@type\":\"ImageObject\",\"inLanguage\":\"es\",\"@id\":\"https:\\\/\\\/acuariosupremus.com\\\/#\\\/schema\\\/logo\\\/image\\\/\",\"url\":\"https:\\\/\\\/acuariosupremus.com\\\/wp-content\\\/uploads\\\/2021\\\/12\\\/cropped-logo_acuario_supremus_fn-2.png\",\"contentUrl\":\"https:\\\/\\\/acuariosupremus.com\\\/wp-content\\\/uploads\\\/2021\\\/12\\\/cropped-logo_acuario_supremus_fn-2.png\",\"width\":1000,\"height\":318,\"caption\":\"Acuario Supremus\"},\"image\":{\"@id\":\"https:\\\/\\\/acuariosupremus.com\\\/#\\\/schema\\\/logo\\\/image\\\/\"},\"sameAs\":[\"https:\\\/\\\/www.facebook.com\\\/AcuarioSupremus\",\"https:\\\/\\\/x.com\\\/AcuarioSupremus\",\"https:\\\/\\\/www.instagram.com\\\/acuariosupremus\\\/?hl=es\"]}]}<\/script>\n<!-- \/ Yoast SEO plugin. -->","yoast_head_json":{"title":"Acuario hexagonal de vidrio curveado 22 l, BOYU LJ-300 Plateado. | Acuario Supremus","description":"Los LJ son los acuarios m\u00e1s originales y decorativos de BOYU, tan solo dos uniones de silicona, este acuario hexagonal y vidrio termoformado de 1 pieza.","robots":{"index":"index","follow":"follow","max-snippet":"max-snippet:-1","max-image-preview":"max-image-preview:large","max-video-preview":"max-video-preview:-1"},"canonical":"https:\/\/acuariosupremus.com\/?product=acuario-hexagonal-de-vidrio-curveado-22-l-boyu-lj-300-plateado","og_locale":"es_MX","og_type":"article","og_title":"Acuario hexagonal de vidrio curveado 22 l, BOYU LJ-300 Plateado. | Acuario Supremus","og_description":"Los LJ son los acuarios m\u00e1s originales y decorativos de BOYU, tan solo dos uniones de silicona, este acuario hexagonal y vidrio termoformado de 1 pieza.","og_url":"https:\/\/acuariosupremus.com\/?product=acuario-hexagonal-de-vidrio-curveado-22-l-boyu-lj-300-plateado","og_site_name":"Acuario Supremus","article_publisher":"https:\/\/www.facebook.com\/AcuarioSupremus","article_modified_time":"2025-12-26T21:17:19+00:00","og_image":[{"width":650,"height":602,"url":"https:\/\/acuariosupremus.com\/wp-content\/uploads\/2022\/05\/LJ-300.jpg","type":"image\/jpeg"}],"twitter_card":"summary_large_image","twitter_site":"@AcuarioSupremus","twitter_misc":{"Tiempo de lectura":"1 minuto"},"schema":{"@context":"https:\/\/schema.org","@graph":[{"@type":"WebPage","@id":"https:\/\/acuariosupremus.com\/?product=acuario-hexagonal-de-vidrio-curveado-22-l-boyu-lj-300-plateado","url":"https:\/\/acuariosupremus.com\/?product=acuario-hexagonal-de-vidrio-curveado-22-l-boyu-lj-300-plateado","name":"Acuario hexagonal de vidrio curveado 22 l, BOYU LJ-300 Plateado. | Acuario Supremus","isPartOf":{"@id":"https:\/\/acuariosupremus.com\/#website"},"primaryImageOfPage":{"@id":"https:\/\/acuariosupremus.com\/?product=acuario-hexagonal-de-vidrio-curveado-22-l-boyu-lj-300-plateado#primaryimage"},"image":{"@id":"https:\/\/acuariosupremus.com\/?product=acuario-hexagonal-de-vidrio-curveado-22-l-boyu-lj-300-plateado#primaryimage"},"thumbnailUrl":"https:\/\/acuariosupremus.com\/wp-content\/uploads\/2022\/05\/LJ-300.jpg","datePublished":"2022-05-05T18:20:57+00:00","dateModified":"2025-12-26T21:17:19+00:00","description":"Los LJ son los acuarios m\u00e1s originales y decorativos de BOYU, tan solo dos uniones de silicona, este acuario hexagonal y vidrio termoformado de 1 pieza.","breadcrumb":{"@id":"https:\/\/acuariosupremus.com\/?product=acuario-hexagonal-de-vidrio-curveado-22-l-boyu-lj-300-plateado#breadcrumb"},"inLanguage":"es","potentialAction":[{"@type":"ReadAction","target":["https:\/\/acuariosupremus.com\/?product=acuario-hexagonal-de-vidrio-curveado-22-l-boyu-lj-300-plateado"]}]},{"@type":"ImageObject","inLanguage":"es","@id":"https:\/\/acuariosupremus.com\/?product=acuario-hexagonal-de-vidrio-curveado-22-l-boyu-lj-300-plateado#primaryimage","url":"https:\/\/acuariosupremus.com\/wp-content\/uploads\/2022\/05\/LJ-300.jpg","contentUrl":"https:\/\/acuariosupremus.com\/wp-content\/uploads\/2022\/05\/LJ-300.jpg","width":650,"height":602},{"@type":"BreadcrumbList","@id":"https:\/\/acuariosupremus.com\/?product=acuario-hexagonal-de-vidrio-curveado-22-l-boyu-lj-300-plateado#breadcrumb","itemListElement":[{"@type":"ListItem","position":1,"name":"Portada","item":"https:\/\/acuariosupremus.com\/"},{"@type":"ListItem","position":2,"name":"Tienda","item":"https:\/\/acuariosupremus.com\/tienda\/"},{"@type":"ListItem","position":3,"name":"Acuario hexagonal de vidrio curveado 22 l, BOYU LJ-300 Plateado."}]},{"@type":"WebSite","@id":"https:\/\/acuariosupremus.com\/#website","url":"https:\/\/acuariosupremus.com\/","name":"Acuario Supremus","description":"Peces, Peceras y Mascotas.","publisher":{"@id":"https:\/\/acuariosupremus.com\/#organization"},"potentialAction":[{"@type":"SearchAction","target":{"@type":"EntryPoint","urlTemplate":"https:\/\/acuariosupremus.com\/?s={search_term_string}"},"query-input":{"@type":"PropertyValueSpecification","valueRequired":true,"valueName":"search_term_string"}}],"inLanguage":"es"},{"@type":"Organization","@id":"https:\/\/acuariosupremus.com\/#organization","name":"Acuario Supremus","url":"https:\/\/acuariosupremus.com\/","logo":{"@type":"ImageObject","inLanguage":"es","@id":"https:\/\/acuariosupremus.com\/#\/schema\/logo\/image\/","url":"https:\/\/acuariosupremus.com\/wp-content\/uploads\/2021\/12\/cropped-logo_acuario_supremus_fn-2.png","contentUrl":"https:\/\/acuariosupremus.com\/wp-content\/uploads\/2021\/12\/cropped-logo_acuario_supremus_fn-2.png","width":1000,"height":318,"caption":"Acuario Supremus"},"image":{"@id":"https:\/\/acuariosupremus.com\/#\/schema\/logo\/image\/"},"sameAs":["https:\/\/www.facebook.com\/AcuarioSupremus","https:\/\/x.com\/AcuarioSupremus","https:\/\/www.instagram.com\/acuariosupremus\/?hl=es"]}]}},"jetpack_sharing_enabled":true,"_links":{"self":[{"href":"https:\/\/acuariosupremus.com\/index.php?rest_route=\/wp\/v2\/product\/8595","targetHints":{"allow":["GET"]}}],"collection":[{"href":"https:\/\/acuariosupremus.com\/index.php?rest_route=\/wp\/v2\/product"}],"about":[{"href":"https:\/\/acuariosupremus.com\/index.php?rest_route=\/wp\/v2\/types\/product"}],"wp:featuredmedia":[{"embeddable":true,"href":"https:\/\/acuariosupremus.com\/index.php?rest_route=\/wp\/v2\/media\/8581"}],"wp:attachment":[{"href":"https:\/\/acuariosupremus.com\/index.php?rest_route=%2Fwp%2Fv2%2Fmedia&parent=8595"}],"wp:term":[{"taxonomy":"product_brand","embeddable":true,"href":"https:\/\/acuariosupremus.com\/index.php?rest_route=%2Fwp%2Fv2%2Fproduct_brand&post=8595"},{"taxonomy":"product_cat","embeddable":true,"href":"https:\/\/acuariosupremus.com\/index.php?rest_route=%2Fwp%2Fv2%2Fproduct_cat&post=8595"},{"taxonomy":"product_tag","embeddable":true,"href":"https:\/\/acuariosupremus.com\/index.php?rest_route=%2Fwp%2Fv2%2Fproduct_tag&post=8595"}],"curies":[{"name":"wp","href":"https:\/\/api.w.org\/{rel}","templated":true}]}}