{"id":8604,"date":"2022-05-05T16:15:42","date_gmt":"2022-05-05T21:15:42","guid":{"rendered":"https:\/\/acuariosupremus.com\/?post_type=product&#038;p=8604"},"modified":"2025-12-26T15:20:25","modified_gmt":"2025-12-26T21:20:25","slug":"acuario-con-filtro-luminaria-led-20-l-boyu-ms-320m-negro","status":"publish","type":"product","link":"https:\/\/acuariosupremus.com\/?product=acuario-con-filtro-luminaria-led-20-l-boyu-ms-320m-negro","title":{"rendered":"Acuario con filtro luminaria LED 20 l, BOYU MS-320M Negro."},"content":{"rendered":"<p>Sus reducidas dimensiones y su nueva proporci\u00f3n m\u00e1s esbelta facilitan su ubicaci\u00f3n en cualquier estancia, y gracias a su pr\u00e1ctica cubierta la accesibilidad es inmejorable. Esta l\u00ednea de acuarios de 20, 31 y 45 litros de capacidad tiene un consumo el\u00e9ctrico m\u00e1ximo entre 9 y 14 w, sin olvidar un dise\u00f1o depurado, simplista y elegante. Como viene siendo habitual en la marca, estos acuarios usan materiales y acabados de primera calidad, como el pl\u00e1stico ABS blanco o negro para su cubierta y marcos, as\u00ed como un vidrio frontal termo-formado con sus esquinas frontales redondeadas que eliminan la necesidad de uniones de silicona que optimizan la visi\u00f3n en su interior. La luminaria est\u00e1 dotada de eficientes chips LED de hasta tres colores (azul y blanco y rojo), que se controlan mediante un control t\u00e1ctil integrado en la cubierta.<\/p>\n<p>Modelo:\u00a0<strong>MS-320M NEGRO<\/strong> Medidas: 320x210x400 ( l x a x h mm) Capacidad: 20 (Litros) Volt. \/ frec. 127\/60 (V\/Hz) Bomba de agua: 4 (w) Caudal: 290 (L\/h) Iluminaci\u00f3n: LED \/ 5 (Tipo \/ w) Medidas c. Embalaje: 520 x 310 x 550 ( l x a x h mm) Peso con embalaje: 5,37 (kg).<\/p>\n","protected":false},"excerpt":{"rendered":"<p>El acuario ideal para su hogar y oficina.<\/p>\n<p>Las necesidades actuales de los acuari\u00f3filos est\u00e1n cambiando. El motivo principal es el nuevo estilo de vida de muchas personas, que les permite dedicar cada vez menos tiempo y espacio para a su hobby, siendo cada vez m\u00e1s relevante la importancia del consumo el\u00e9ctrico. Los acuarios BOYU de la serie MS est\u00e1n pensados para satisfacer estas nuevas necesidades, permitiendo un mantenimiento radicalmente f\u00e1cil y r\u00e1pido junto con un reducido consumo el\u00e9ctrico, gracias a su eficiente bomba de agua y su moderna luminaria LED.<\/p>\n<p><a href=\"https:\/\/acuariosupremus.com\/producto\/gabinete-con-puerta-para-acuario-ms-320m-boyu-mst-320-negro\/\">Gabinete con puerta para acuario MS-320M, BOYU MST-320 Negro.<\/a><\/p>\n<p><em><strong>*ACUARIO Y GABINETE SE VENDE POR SEPARADO.<\/strong><\/em><\/p>\n","protected":false},"featured_media":8605,"template":"","meta":[],"product_brand":[122],"product_cat":[40,53],"product_tag":[613,677],"class_list":{"0":"post-8604","1":"product","2":"type-product","3":"status-publish","4":"has-post-thumbnail","6":"product_brand-boyu","7":"product_cat-peces","8":"product_cat-peceras","9":"product_tag-acuario-boyu","10":"product_tag-acuario-boyu-ms","12":"first","13":"instock","14":"sale","15":"shipping-taxable","16":"purchasable","17":"product-type-simple"},"yoast_head":"<!-- This site is optimized with the Yoast SEO plugin v27.5 - https:\/\/yoast.com\/product\/yoast-seo-wordpress\/ -->\n<title>Acuario con filtro luminaria LED 20 l, BOYU MS-320M Negro. | Acuario Supremus<\/title>\n<meta name=\"description\" content=\"Los acuarios BOYU de la serie MS est\u00e1n pensados permitir un mantenimiento radicalmente f\u00e1cil y r\u00e1pido junto con un reducido consumo el\u00e9ctrico.\" \/>\n<meta name=\"robots\" content=\"index, follow, max-snippet:-1, max-image-preview:large, max-video-preview:-1\" \/>\n<link rel=\"canonical\" href=\"https:\/\/acuariosupremus.com\/?product=acuario-con-filtro-luminaria-led-20-l-boyu-ms-320m-negro\" \/>\n<meta property=\"og:locale\" content=\"es_MX\" \/>\n<meta property=\"og:type\" content=\"article\" \/>\n<meta property=\"og:title\" content=\"Acuario con filtro luminaria LED 20 l, BOYU MS-320M Negro. | Acuario Supremus\" \/>\n<meta property=\"og:description\" content=\"Los acuarios BOYU de la serie MS est\u00e1n pensados permitir un mantenimiento radicalmente f\u00e1cil y r\u00e1pido junto con un reducido consumo el\u00e9ctrico.\" \/>\n<meta property=\"og:url\" content=\"https:\/\/acuariosupremus.com\/?product=acuario-con-filtro-luminaria-led-20-l-boyu-ms-320m-negro\" \/>\n<meta property=\"og:site_name\" content=\"Acuario Supremus\" \/>\n<meta property=\"article:publisher\" content=\"https:\/\/www.facebook.com\/AcuarioSupremus\" \/>\n<meta property=\"article:modified_time\" content=\"2025-12-26T21:20:25+00:00\" \/>\n<meta property=\"og:image\" content=\"https:\/\/acuariosupremus.com\/wp-content\/uploads\/2022\/05\/MS-320M.jpg\" \/>\n\t<meta property=\"og:image:width\" content=\"426\" \/>\n\t<meta property=\"og:image:height\" content=\"450\" \/>\n\t<meta property=\"og:image:type\" content=\"image\/jpeg\" \/>\n<meta name=\"twitter:card\" content=\"summary_large_image\" \/>\n<meta name=\"twitter:site\" content=\"@AcuarioSupremus\" \/>\n<meta name=\"twitter:label1\" content=\"Tiempo de lectura\" \/>\n\t<meta name=\"twitter:data1\" content=\"2 minutos\" \/>\n<script type=\"application\/ld+json\" class=\"yoast-schema-graph\">{\"@context\":\"https:\\\/\\\/schema.org\",\"@graph\":[{\"@type\":\"WebPage\",\"@id\":\"https:\\\/\\\/acuariosupremus.com\\\/?product=acuario-con-filtro-luminaria-led-20-l-boyu-ms-320m-negro\",\"url\":\"https:\\\/\\\/acuariosupremus.com\\\/?product=acuario-con-filtro-luminaria-led-20-l-boyu-ms-320m-negro\",\"name\":\"Acuario con filtro luminaria LED 20 l, BOYU MS-320M Negro. | Acuario Supremus\",\"isPartOf\":{\"@id\":\"https:\\\/\\\/acuariosupremus.com\\\/#website\"},\"primaryImageOfPage\":{\"@id\":\"https:\\\/\\\/acuariosupremus.com\\\/?product=acuario-con-filtro-luminaria-led-20-l-boyu-ms-320m-negro#primaryimage\"},\"image\":{\"@id\":\"https:\\\/\\\/acuariosupremus.com\\\/?product=acuario-con-filtro-luminaria-led-20-l-boyu-ms-320m-negro#primaryimage\"},\"thumbnailUrl\":\"https:\\\/\\\/acuariosupremus.com\\\/wp-content\\\/uploads\\\/2022\\\/05\\\/MS-320M.jpg\",\"datePublished\":\"2022-05-05T21:15:42+00:00\",\"dateModified\":\"2025-12-26T21:20:25+00:00\",\"description\":\"Los acuarios BOYU de la serie MS est\u00e1n pensados permitir un mantenimiento radicalmente f\u00e1cil y r\u00e1pido junto con un reducido consumo el\u00e9ctrico.\",\"breadcrumb\":{\"@id\":\"https:\\\/\\\/acuariosupremus.com\\\/?product=acuario-con-filtro-luminaria-led-20-l-boyu-ms-320m-negro#breadcrumb\"},\"inLanguage\":\"es\",\"potentialAction\":[{\"@type\":\"ReadAction\",\"target\":[\"https:\\\/\\\/acuariosupremus.com\\\/?product=acuario-con-filtro-luminaria-led-20-l-boyu-ms-320m-negro\"]}]},{\"@type\":\"ImageObject\",\"inLanguage\":\"es\",\"@id\":\"https:\\\/\\\/acuariosupremus.com\\\/?product=acuario-con-filtro-luminaria-led-20-l-boyu-ms-320m-negro#primaryimage\",\"url\":\"https:\\\/\\\/acuariosupremus.com\\\/wp-content\\\/uploads\\\/2022\\\/05\\\/MS-320M.jpg\",\"contentUrl\":\"https:\\\/\\\/acuariosupremus.com\\\/wp-content\\\/uploads\\\/2022\\\/05\\\/MS-320M.jpg\",\"width\":426,\"height\":450},{\"@type\":\"BreadcrumbList\",\"@id\":\"https:\\\/\\\/acuariosupremus.com\\\/?product=acuario-con-filtro-luminaria-led-20-l-boyu-ms-320m-negro#breadcrumb\",\"itemListElement\":[{\"@type\":\"ListItem\",\"position\":1,\"name\":\"Portada\",\"item\":\"https:\\\/\\\/acuariosupremus.com\\\/\"},{\"@type\":\"ListItem\",\"position\":2,\"name\":\"Tienda\",\"item\":\"https:\\\/\\\/acuariosupremus.com\\\/tienda\\\/\"},{\"@type\":\"ListItem\",\"position\":3,\"name\":\"Acuario con filtro luminaria LED 20 l, BOYU MS-320M Negro.\"}]},{\"@type\":\"WebSite\",\"@id\":\"https:\\\/\\\/acuariosupremus.com\\\/#website\",\"url\":\"https:\\\/\\\/acuariosupremus.com\\\/\",\"name\":\"Acuario Supremus\",\"description\":\"Peces, Peceras y Mascotas.\",\"publisher\":{\"@id\":\"https:\\\/\\\/acuariosupremus.com\\\/#organization\"},\"potentialAction\":[{\"@type\":\"SearchAction\",\"target\":{\"@type\":\"EntryPoint\",\"urlTemplate\":\"https:\\\/\\\/acuariosupremus.com\\\/?s={search_term_string}\"},\"query-input\":{\"@type\":\"PropertyValueSpecification\",\"valueRequired\":true,\"valueName\":\"search_term_string\"}}],\"inLanguage\":\"es\"},{\"@type\":\"Organization\",\"@id\":\"https:\\\/\\\/acuariosupremus.com\\\/#organization\",\"name\":\"Acuario Supremus\",\"url\":\"https:\\\/\\\/acuariosupremus.com\\\/\",\"logo\":{\"@type\":\"ImageObject\",\"inLanguage\":\"es\",\"@id\":\"https:\\\/\\\/acuariosupremus.com\\\/#\\\/schema\\\/logo\\\/image\\\/\",\"url\":\"https:\\\/\\\/acuariosupremus.com\\\/wp-content\\\/uploads\\\/2021\\\/12\\\/cropped-logo_acuario_supremus_fn-2.png\",\"contentUrl\":\"https:\\\/\\\/acuariosupremus.com\\\/wp-content\\\/uploads\\\/2021\\\/12\\\/cropped-logo_acuario_supremus_fn-2.png\",\"width\":1000,\"height\":318,\"caption\":\"Acuario Supremus\"},\"image\":{\"@id\":\"https:\\\/\\\/acuariosupremus.com\\\/#\\\/schema\\\/logo\\\/image\\\/\"},\"sameAs\":[\"https:\\\/\\\/www.facebook.com\\\/AcuarioSupremus\",\"https:\\\/\\\/x.com\\\/AcuarioSupremus\",\"https:\\\/\\\/www.instagram.com\\\/acuariosupremus\\\/?hl=es\"]}]}<\/script>\n<!-- \/ Yoast SEO plugin. -->","yoast_head_json":{"title":"Acuario con filtro luminaria LED 20 l, BOYU MS-320M Negro. | Acuario Supremus","description":"Los acuarios BOYU de la serie MS est\u00e1n pensados permitir un mantenimiento radicalmente f\u00e1cil y r\u00e1pido junto con un reducido consumo el\u00e9ctrico.","robots":{"index":"index","follow":"follow","max-snippet":"max-snippet:-1","max-image-preview":"max-image-preview:large","max-video-preview":"max-video-preview:-1"},"canonical":"https:\/\/acuariosupremus.com\/?product=acuario-con-filtro-luminaria-led-20-l-boyu-ms-320m-negro","og_locale":"es_MX","og_type":"article","og_title":"Acuario con filtro luminaria LED 20 l, BOYU MS-320M Negro. | Acuario Supremus","og_description":"Los acuarios BOYU de la serie MS est\u00e1n pensados permitir un mantenimiento radicalmente f\u00e1cil y r\u00e1pido junto con un reducido consumo el\u00e9ctrico.","og_url":"https:\/\/acuariosupremus.com\/?product=acuario-con-filtro-luminaria-led-20-l-boyu-ms-320m-negro","og_site_name":"Acuario Supremus","article_publisher":"https:\/\/www.facebook.com\/AcuarioSupremus","article_modified_time":"2025-12-26T21:20:25+00:00","og_image":[{"width":426,"height":450,"url":"https:\/\/acuariosupremus.com\/wp-content\/uploads\/2022\/05\/MS-320M.jpg","type":"image\/jpeg"}],"twitter_card":"summary_large_image","twitter_site":"@AcuarioSupremus","twitter_misc":{"Tiempo de lectura":"2 minutos"},"schema":{"@context":"https:\/\/schema.org","@graph":[{"@type":"WebPage","@id":"https:\/\/acuariosupremus.com\/?product=acuario-con-filtro-luminaria-led-20-l-boyu-ms-320m-negro","url":"https:\/\/acuariosupremus.com\/?product=acuario-con-filtro-luminaria-led-20-l-boyu-ms-320m-negro","name":"Acuario con filtro luminaria LED 20 l, BOYU MS-320M Negro. | Acuario Supremus","isPartOf":{"@id":"https:\/\/acuariosupremus.com\/#website"},"primaryImageOfPage":{"@id":"https:\/\/acuariosupremus.com\/?product=acuario-con-filtro-luminaria-led-20-l-boyu-ms-320m-negro#primaryimage"},"image":{"@id":"https:\/\/acuariosupremus.com\/?product=acuario-con-filtro-luminaria-led-20-l-boyu-ms-320m-negro#primaryimage"},"thumbnailUrl":"https:\/\/acuariosupremus.com\/wp-content\/uploads\/2022\/05\/MS-320M.jpg","datePublished":"2022-05-05T21:15:42+00:00","dateModified":"2025-12-26T21:20:25+00:00","description":"Los acuarios BOYU de la serie MS est\u00e1n pensados permitir un mantenimiento radicalmente f\u00e1cil y r\u00e1pido junto con un reducido consumo el\u00e9ctrico.","breadcrumb":{"@id":"https:\/\/acuariosupremus.com\/?product=acuario-con-filtro-luminaria-led-20-l-boyu-ms-320m-negro#breadcrumb"},"inLanguage":"es","potentialAction":[{"@type":"ReadAction","target":["https:\/\/acuariosupremus.com\/?product=acuario-con-filtro-luminaria-led-20-l-boyu-ms-320m-negro"]}]},{"@type":"ImageObject","inLanguage":"es","@id":"https:\/\/acuariosupremus.com\/?product=acuario-con-filtro-luminaria-led-20-l-boyu-ms-320m-negro#primaryimage","url":"https:\/\/acuariosupremus.com\/wp-content\/uploads\/2022\/05\/MS-320M.jpg","contentUrl":"https:\/\/acuariosupremus.com\/wp-content\/uploads\/2022\/05\/MS-320M.jpg","width":426,"height":450},{"@type":"BreadcrumbList","@id":"https:\/\/acuariosupremus.com\/?product=acuario-con-filtro-luminaria-led-20-l-boyu-ms-320m-negro#breadcrumb","itemListElement":[{"@type":"ListItem","position":1,"name":"Portada","item":"https:\/\/acuariosupremus.com\/"},{"@type":"ListItem","position":2,"name":"Tienda","item":"https:\/\/acuariosupremus.com\/tienda\/"},{"@type":"ListItem","position":3,"name":"Acuario con filtro luminaria LED 20 l, BOYU MS-320M Negro."}]},{"@type":"WebSite","@id":"https:\/\/acuariosupremus.com\/#website","url":"https:\/\/acuariosupremus.com\/","name":"Acuario Supremus","description":"Peces, Peceras y Mascotas.","publisher":{"@id":"https:\/\/acuariosupremus.com\/#organization"},"potentialAction":[{"@type":"SearchAction","target":{"@type":"EntryPoint","urlTemplate":"https:\/\/acuariosupremus.com\/?s={search_term_string}"},"query-input":{"@type":"PropertyValueSpecification","valueRequired":true,"valueName":"search_term_string"}}],"inLanguage":"es"},{"@type":"Organization","@id":"https:\/\/acuariosupremus.com\/#organization","name":"Acuario Supremus","url":"https:\/\/acuariosupremus.com\/","logo":{"@type":"ImageObject","inLanguage":"es","@id":"https:\/\/acuariosupremus.com\/#\/schema\/logo\/image\/","url":"https:\/\/acuariosupremus.com\/wp-content\/uploads\/2021\/12\/cropped-logo_acuario_supremus_fn-2.png","contentUrl":"https:\/\/acuariosupremus.com\/wp-content\/uploads\/2021\/12\/cropped-logo_acuario_supremus_fn-2.png","width":1000,"height":318,"caption":"Acuario Supremus"},"image":{"@id":"https:\/\/acuariosupremus.com\/#\/schema\/logo\/image\/"},"sameAs":["https:\/\/www.facebook.com\/AcuarioSupremus","https:\/\/x.com\/AcuarioSupremus","https:\/\/www.instagram.com\/acuariosupremus\/?hl=es"]}]}},"jetpack_sharing_enabled":true,"_links":{"self":[{"href":"https:\/\/acuariosupremus.com\/index.php?rest_route=\/wp\/v2\/product\/8604","targetHints":{"allow":["GET"]}}],"collection":[{"href":"https:\/\/acuariosupremus.com\/index.php?rest_route=\/wp\/v2\/product"}],"about":[{"href":"https:\/\/acuariosupremus.com\/index.php?rest_route=\/wp\/v2\/types\/product"}],"wp:featuredmedia":[{"embeddable":true,"href":"https:\/\/acuariosupremus.com\/index.php?rest_route=\/wp\/v2\/media\/8605"}],"wp:attachment":[{"href":"https:\/\/acuariosupremus.com\/index.php?rest_route=%2Fwp%2Fv2%2Fmedia&parent=8604"}],"wp:term":[{"taxonomy":"product_brand","embeddable":true,"href":"https:\/\/acuariosupremus.com\/index.php?rest_route=%2Fwp%2Fv2%2Fproduct_brand&post=8604"},{"taxonomy":"product_cat","embeddable":true,"href":"https:\/\/acuariosupremus.com\/index.php?rest_route=%2Fwp%2Fv2%2Fproduct_cat&post=8604"},{"taxonomy":"product_tag","embeddable":true,"href":"https:\/\/acuariosupremus.com\/index.php?rest_route=%2Fwp%2Fv2%2Fproduct_tag&post=8604"}],"curies":[{"name":"wp","href":"https:\/\/api.w.org\/{rel}","templated":true}]}}