{"id":866,"date":"2022-01-23T19:32:00","date_gmt":"2022-01-24T01:32:00","guid":{"rendered":"https:\/\/acuariosupremus.com\/?post_type=product&#038;p=866"},"modified":"2025-12-10T15:57:58","modified_gmt":"2025-12-10T21:57:58","slug":"easy-balance-250-ml-8-4-oz","status":"publish","type":"product","link":"https:\/\/acuariosupremus.com\/?product=easy-balance-250-ml-8-4-oz","title":{"rendered":"EASY BALANCE 250 ML"},"content":{"rendered":"<p>Instrucciones:<br \/>\nEl uso continuo de Easy Balance mantiene el acuario biol\u00f3gicamente y qu\u00edmicamente equilibrado hasta por 6 meses. Estabiliza el pH y la alcalinidad (KH), evitando as\u00ed los cambios bruscos y peligrosos de agua. Reduce los niveles de nitratos y fosfatos con sus gr\u00e1nulos Nitraban. Easy Balance tambi\u00e9n agrega vitaminas y oligoelementos ala agua del acuario.<br \/>\nEasy Balance no debe utilizarse en acuarios con condiciones pobres de oxigeno. Agregar una cucharadita (5 ml) de<br \/>\nEasyBalance por cada cinco galones (19 litros) de agua y repita semanalmente. Cambie el 50 al 75% del agua de su acuario<br \/>\ncada seis meses, siempre que se haya utilizado, seg\u00fan las instrucciones y que el acuario tenga el n\u00famero correcto de peces, la aeraci\u00f3n adecuada, una filtraci\u00f3n eficiente, y la calidad del agua sea probada regularmente.<br \/>\nMedidas:<br \/>\n8 cm x 18 cm x 4 cm<br \/>\nPeso\/Capacidad:<br \/>\n8.4 oz \/ <strong>250 ml.<\/strong><\/p>\n","protected":false},"excerpt":{"rendered":"<p>Caracter\u00edsticas:<br \/>\nReduce los cambios frecuentes de agua.<br \/>\nMantiene el agua de los acuario equilibrada biol\u00f3gicamente por 6 meses.<br \/>\nAcondicionador de agua para todos los acuarios de agua dulce.<br \/>\nMANTENGASE FUERA DEL ALCANCE DE LOS NI\u00d1OS<\/p>\n","protected":false},"featured_media":867,"template":"","meta":[],"product_brand":[116],"product_cat":[40,41],"product_tag":[136],"class_list":{"0":"post-866","1":"product","2":"type-product","3":"status-publish","4":"has-post-thumbnail","6":"product_brand-tetra","7":"product_cat-peces","8":"product_cat-acondicionadores","9":"product_tag-estabilizador","11":"first","12":"instock","13":"sale","14":"shipping-taxable","15":"purchasable","16":"product-type-simple"},"yoast_head":"<!-- This site is optimized with the Yoast SEO plugin v27.4 - https:\/\/yoast.com\/product\/yoast-seo-wordpress\/ -->\n<title>EASY BALANCE 250 ML | Acuario Supremus<\/title>\n<meta name=\"description\" content=\"Reduce los cambios frecuentes de agua, Mantiene el agua de los acuario equilibrada biol\u00f3gicamente por 6 meses, solo agua dulce.\" \/>\n<meta name=\"robots\" content=\"index, follow, max-snippet:-1, max-image-preview:large, max-video-preview:-1\" \/>\n<link rel=\"canonical\" href=\"https:\/\/acuariosupremus.com\/?product=easy-balance-250-ml-8-4-oz\" \/>\n<meta property=\"og:locale\" content=\"es_MX\" \/>\n<meta property=\"og:type\" content=\"article\" \/>\n<meta property=\"og:title\" content=\"EASY BALANCE 250 ML | Acuario Supremus\" \/>\n<meta property=\"og:description\" content=\"Reduce los cambios frecuentes de agua, Mantiene el agua de los acuario equilibrada biol\u00f3gicamente por 6 meses, solo agua dulce.\" \/>\n<meta property=\"og:url\" content=\"https:\/\/acuariosupremus.com\/?product=easy-balance-250-ml-8-4-oz\" \/>\n<meta property=\"og:site_name\" content=\"Acuario Supremus\" \/>\n<meta property=\"article:publisher\" content=\"https:\/\/www.facebook.com\/AcuarioSupremus\" \/>\n<meta property=\"article:modified_time\" content=\"2025-12-10T21:57:58+00:00\" \/>\n<meta property=\"og:image\" content=\"https:\/\/acuariosupremus.com\/wp-content\/uploads\/2022\/01\/TE77139.jpg\" \/>\n\t<meta property=\"og:image:width\" content=\"1000\" \/>\n\t<meta property=\"og:image:height\" content=\"1000\" \/>\n\t<meta property=\"og:image:type\" content=\"image\/jpeg\" \/>\n<meta name=\"twitter:card\" content=\"summary_large_image\" \/>\n<meta name=\"twitter:site\" content=\"@AcuarioSupremus\" \/>\n<meta name=\"twitter:label1\" content=\"Tiempo de lectura\" \/>\n\t<meta name=\"twitter:data1\" content=\"1 minuto\" \/>\n<script type=\"application\/ld+json\" class=\"yoast-schema-graph\">{\"@context\":\"https:\\\/\\\/schema.org\",\"@graph\":[{\"@type\":\"WebPage\",\"@id\":\"https:\\\/\\\/acuariosupremus.com\\\/?product=easy-balance-250-ml-8-4-oz\",\"url\":\"https:\\\/\\\/acuariosupremus.com\\\/?product=easy-balance-250-ml-8-4-oz\",\"name\":\"EASY BALANCE 250 ML | Acuario Supremus\",\"isPartOf\":{\"@id\":\"https:\\\/\\\/acuariosupremus.com\\\/#website\"},\"primaryImageOfPage\":{\"@id\":\"https:\\\/\\\/acuariosupremus.com\\\/?product=easy-balance-250-ml-8-4-oz#primaryimage\"},\"image\":{\"@id\":\"https:\\\/\\\/acuariosupremus.com\\\/?product=easy-balance-250-ml-8-4-oz#primaryimage\"},\"thumbnailUrl\":\"https:\\\/\\\/acuariosupremus.com\\\/wp-content\\\/uploads\\\/2022\\\/01\\\/TE77139.jpg\",\"datePublished\":\"2022-01-24T01:32:00+00:00\",\"dateModified\":\"2025-12-10T21:57:58+00:00\",\"description\":\"Reduce los cambios frecuentes de agua, Mantiene el agua de los acuario equilibrada biol\u00f3gicamente por 6 meses, solo agua dulce.\",\"breadcrumb\":{\"@id\":\"https:\\\/\\\/acuariosupremus.com\\\/?product=easy-balance-250-ml-8-4-oz#breadcrumb\"},\"inLanguage\":\"es\",\"potentialAction\":[{\"@type\":\"ReadAction\",\"target\":[\"https:\\\/\\\/acuariosupremus.com\\\/?product=easy-balance-250-ml-8-4-oz\"]}]},{\"@type\":\"ImageObject\",\"inLanguage\":\"es\",\"@id\":\"https:\\\/\\\/acuariosupremus.com\\\/?product=easy-balance-250-ml-8-4-oz#primaryimage\",\"url\":\"https:\\\/\\\/acuariosupremus.com\\\/wp-content\\\/uploads\\\/2022\\\/01\\\/TE77139.jpg\",\"contentUrl\":\"https:\\\/\\\/acuariosupremus.com\\\/wp-content\\\/uploads\\\/2022\\\/01\\\/TE77139.jpg\",\"width\":1000,\"height\":1000},{\"@type\":\"BreadcrumbList\",\"@id\":\"https:\\\/\\\/acuariosupremus.com\\\/?product=easy-balance-250-ml-8-4-oz#breadcrumb\",\"itemListElement\":[{\"@type\":\"ListItem\",\"position\":1,\"name\":\"Portada\",\"item\":\"https:\\\/\\\/acuariosupremus.com\\\/\"},{\"@type\":\"ListItem\",\"position\":2,\"name\":\"Tienda\",\"item\":\"https:\\\/\\\/acuariosupremus.com\\\/tienda\\\/\"},{\"@type\":\"ListItem\",\"position\":3,\"name\":\"EASY BALANCE 250 ML\"}]},{\"@type\":\"WebSite\",\"@id\":\"https:\\\/\\\/acuariosupremus.com\\\/#website\",\"url\":\"https:\\\/\\\/acuariosupremus.com\\\/\",\"name\":\"Acuario Supremus\",\"description\":\"Peces, Peceras y Mascotas.\",\"publisher\":{\"@id\":\"https:\\\/\\\/acuariosupremus.com\\\/#organization\"},\"potentialAction\":[{\"@type\":\"SearchAction\",\"target\":{\"@type\":\"EntryPoint\",\"urlTemplate\":\"https:\\\/\\\/acuariosupremus.com\\\/?s={search_term_string}\"},\"query-input\":{\"@type\":\"PropertyValueSpecification\",\"valueRequired\":true,\"valueName\":\"search_term_string\"}}],\"inLanguage\":\"es\"},{\"@type\":\"Organization\",\"@id\":\"https:\\\/\\\/acuariosupremus.com\\\/#organization\",\"name\":\"Acuario Supremus\",\"url\":\"https:\\\/\\\/acuariosupremus.com\\\/\",\"logo\":{\"@type\":\"ImageObject\",\"inLanguage\":\"es\",\"@id\":\"https:\\\/\\\/acuariosupremus.com\\\/#\\\/schema\\\/logo\\\/image\\\/\",\"url\":\"https:\\\/\\\/acuariosupremus.com\\\/wp-content\\\/uploads\\\/2021\\\/12\\\/cropped-logo_acuario_supremus_fn-2.png\",\"contentUrl\":\"https:\\\/\\\/acuariosupremus.com\\\/wp-content\\\/uploads\\\/2021\\\/12\\\/cropped-logo_acuario_supremus_fn-2.png\",\"width\":1000,\"height\":318,\"caption\":\"Acuario Supremus\"},\"image\":{\"@id\":\"https:\\\/\\\/acuariosupremus.com\\\/#\\\/schema\\\/logo\\\/image\\\/\"},\"sameAs\":[\"https:\\\/\\\/www.facebook.com\\\/AcuarioSupremus\",\"https:\\\/\\\/x.com\\\/AcuarioSupremus\",\"https:\\\/\\\/www.instagram.com\\\/acuariosupremus\\\/?hl=es\"]}]}<\/script>\n<!-- \/ Yoast SEO plugin. -->","yoast_head_json":{"title":"EASY BALANCE 250 ML | Acuario Supremus","description":"Reduce los cambios frecuentes de agua, Mantiene el agua de los acuario equilibrada biol\u00f3gicamente por 6 meses, solo agua dulce.","robots":{"index":"index","follow":"follow","max-snippet":"max-snippet:-1","max-image-preview":"max-image-preview:large","max-video-preview":"max-video-preview:-1"},"canonical":"https:\/\/acuariosupremus.com\/?product=easy-balance-250-ml-8-4-oz","og_locale":"es_MX","og_type":"article","og_title":"EASY BALANCE 250 ML | Acuario Supremus","og_description":"Reduce los cambios frecuentes de agua, Mantiene el agua de los acuario equilibrada biol\u00f3gicamente por 6 meses, solo agua dulce.","og_url":"https:\/\/acuariosupremus.com\/?product=easy-balance-250-ml-8-4-oz","og_site_name":"Acuario Supremus","article_publisher":"https:\/\/www.facebook.com\/AcuarioSupremus","article_modified_time":"2025-12-10T21:57:58+00:00","og_image":[{"width":1000,"height":1000,"url":"https:\/\/acuariosupremus.com\/wp-content\/uploads\/2022\/01\/TE77139.jpg","type":"image\/jpeg"}],"twitter_card":"summary_large_image","twitter_site":"@AcuarioSupremus","twitter_misc":{"Tiempo de lectura":"1 minuto"},"schema":{"@context":"https:\/\/schema.org","@graph":[{"@type":"WebPage","@id":"https:\/\/acuariosupremus.com\/?product=easy-balance-250-ml-8-4-oz","url":"https:\/\/acuariosupremus.com\/?product=easy-balance-250-ml-8-4-oz","name":"EASY BALANCE 250 ML | Acuario Supremus","isPartOf":{"@id":"https:\/\/acuariosupremus.com\/#website"},"primaryImageOfPage":{"@id":"https:\/\/acuariosupremus.com\/?product=easy-balance-250-ml-8-4-oz#primaryimage"},"image":{"@id":"https:\/\/acuariosupremus.com\/?product=easy-balance-250-ml-8-4-oz#primaryimage"},"thumbnailUrl":"https:\/\/acuariosupremus.com\/wp-content\/uploads\/2022\/01\/TE77139.jpg","datePublished":"2022-01-24T01:32:00+00:00","dateModified":"2025-12-10T21:57:58+00:00","description":"Reduce los cambios frecuentes de agua, Mantiene el agua de los acuario equilibrada biol\u00f3gicamente por 6 meses, solo agua dulce.","breadcrumb":{"@id":"https:\/\/acuariosupremus.com\/?product=easy-balance-250-ml-8-4-oz#breadcrumb"},"inLanguage":"es","potentialAction":[{"@type":"ReadAction","target":["https:\/\/acuariosupremus.com\/?product=easy-balance-250-ml-8-4-oz"]}]},{"@type":"ImageObject","inLanguage":"es","@id":"https:\/\/acuariosupremus.com\/?product=easy-balance-250-ml-8-4-oz#primaryimage","url":"https:\/\/acuariosupremus.com\/wp-content\/uploads\/2022\/01\/TE77139.jpg","contentUrl":"https:\/\/acuariosupremus.com\/wp-content\/uploads\/2022\/01\/TE77139.jpg","width":1000,"height":1000},{"@type":"BreadcrumbList","@id":"https:\/\/acuariosupremus.com\/?product=easy-balance-250-ml-8-4-oz#breadcrumb","itemListElement":[{"@type":"ListItem","position":1,"name":"Portada","item":"https:\/\/acuariosupremus.com\/"},{"@type":"ListItem","position":2,"name":"Tienda","item":"https:\/\/acuariosupremus.com\/tienda\/"},{"@type":"ListItem","position":3,"name":"EASY BALANCE 250 ML"}]},{"@type":"WebSite","@id":"https:\/\/acuariosupremus.com\/#website","url":"https:\/\/acuariosupremus.com\/","name":"Acuario Supremus","description":"Peces, Peceras y Mascotas.","publisher":{"@id":"https:\/\/acuariosupremus.com\/#organization"},"potentialAction":[{"@type":"SearchAction","target":{"@type":"EntryPoint","urlTemplate":"https:\/\/acuariosupremus.com\/?s={search_term_string}"},"query-input":{"@type":"PropertyValueSpecification","valueRequired":true,"valueName":"search_term_string"}}],"inLanguage":"es"},{"@type":"Organization","@id":"https:\/\/acuariosupremus.com\/#organization","name":"Acuario Supremus","url":"https:\/\/acuariosupremus.com\/","logo":{"@type":"ImageObject","inLanguage":"es","@id":"https:\/\/acuariosupremus.com\/#\/schema\/logo\/image\/","url":"https:\/\/acuariosupremus.com\/wp-content\/uploads\/2021\/12\/cropped-logo_acuario_supremus_fn-2.png","contentUrl":"https:\/\/acuariosupremus.com\/wp-content\/uploads\/2021\/12\/cropped-logo_acuario_supremus_fn-2.png","width":1000,"height":318,"caption":"Acuario Supremus"},"image":{"@id":"https:\/\/acuariosupremus.com\/#\/schema\/logo\/image\/"},"sameAs":["https:\/\/www.facebook.com\/AcuarioSupremus","https:\/\/x.com\/AcuarioSupremus","https:\/\/www.instagram.com\/acuariosupremus\/?hl=es"]}]}},"jetpack_sharing_enabled":true,"_links":{"self":[{"href":"https:\/\/acuariosupremus.com\/index.php?rest_route=\/wp\/v2\/product\/866","targetHints":{"allow":["GET"]}}],"collection":[{"href":"https:\/\/acuariosupremus.com\/index.php?rest_route=\/wp\/v2\/product"}],"about":[{"href":"https:\/\/acuariosupremus.com\/index.php?rest_route=\/wp\/v2\/types\/product"}],"wp:featuredmedia":[{"embeddable":true,"href":"https:\/\/acuariosupremus.com\/index.php?rest_route=\/wp\/v2\/media\/867"}],"wp:attachment":[{"href":"https:\/\/acuariosupremus.com\/index.php?rest_route=%2Fwp%2Fv2%2Fmedia&parent=866"}],"wp:term":[{"taxonomy":"product_brand","embeddable":true,"href":"https:\/\/acuariosupremus.com\/index.php?rest_route=%2Fwp%2Fv2%2Fproduct_brand&post=866"},{"taxonomy":"product_cat","embeddable":true,"href":"https:\/\/acuariosupremus.com\/index.php?rest_route=%2Fwp%2Fv2%2Fproduct_cat&post=866"},{"taxonomy":"product_tag","embeddable":true,"href":"https:\/\/acuariosupremus.com\/index.php?rest_route=%2Fwp%2Fv2%2Fproduct_tag&post=866"}],"curies":[{"name":"wp","href":"https:\/\/api.w.org\/{rel}","templated":true}]}}