{"id":8692,"date":"2022-05-05T21:04:39","date_gmt":"2022-05-06T02:04:39","guid":{"rendered":"https:\/\/acuariosupremus.com\/?post_type=product&#038;p=8692"},"modified":"2025-12-26T15:31:19","modified_gmt":"2025-12-26T21:31:19","slug":"acuario-marino-equipado-con-back-filter-boyu-ha-1200a-blanco","status":"publish","type":"product","link":"https:\/\/acuariosupremus.com\/?product=acuario-marino-equipado-con-back-filter-boyu-ha-1200a-blanco","title":{"rendered":"Acuario marino equipado con \u201cBack Filter&#8221;, BOYU HA-1200A BLANCO."},"content":{"rendered":"<p>Ofrece tres opciones de tama\u00f1os con capacidades de 227, 301 o 377 litros. El gabinete incluido est\u00e1 construido en madera MDF y cuenta con opci\u00f3n de color blanco o negro. El sistema de filtraci\u00f3n \u201cBack Filter\u201d tiene la ventaja de simplificar al m\u00e1ximo su mantenimiento, con un m\u00ednimo \u00edndice de evaporaci\u00f3n de agua y dejando libre todo el espacio que nos ofrece su gabinete de serie.<\/p>\n<p>Modelo: <strong>HA-1200A BLANCO<\/strong> Medidas: 1.20 0x 533 x 530 ( l x a x h mm) Capacidad: 300 (Litros) Volt. \/ frec. 127\/60 (V\/Hz) Bomba de agua: 2 x 16\u00a0 W\/h Caudal: 2 x 1.100 (L\/h)<\/p>\n<p>Medidas: Bulto 1: Acuario 1,210 x 91 x 130 ( l x a x h mm), Bulto 2: Mesa 1,210 x 910 x 140 ( l x a x h mm).<\/p>\n","protected":false},"excerpt":{"rendered":"<p>Acuario de arrecife con sistema de filtraci\u00f3n \u201cBack Filter\u201d.<\/p>\n<p>Los acuarios BOYU de la serie HA-A est\u00e1n dise\u00f1ados para mantener los sistemas de arrecife m\u00e1s ambiciosos y exigentes. Re\u00fanen en un solo KIT el equipamiento m\u00e1s avanzado usando los mejores materiales y acabados perfectos, todo ello con dise\u00f1o minimalista muy depurado, moderno y pr\u00e1ctico. Este acuario se caracteriza por no incluir biseles, tirantes o refuerzos en su recipiente de vidrio, para obtener una imagen sobria que deja todo el protagonismo a su contenido. Esta l\u00ednea presenta sus acuarios desprovistos de una cubierta, dejando a libre elecci\u00f3n la iluminaci\u00f3n m\u00e1s adecuada para nuestro proyecto. Ofrece un sistema de filtraci\u00f3n \u201cBack Filter\u201d y equipa dos bombas de retorno y espumadores de alto rendimiento seg\u00fan el modelo.<\/p>\n","protected":false},"featured_media":8691,"template":"","meta":[],"product_brand":[122],"product_cat":[40,94,53],"product_tag":[613,682],"class_list":{"0":"post-8692","1":"product","2":"type-product","3":"status-publish","4":"has-post-thumbnail","6":"product_brand-boyu","7":"product_cat-peces","8":"product_cat-arrecife","9":"product_cat-peceras","10":"product_tag-acuario-boyu","11":"product_tag-acuario-boyu-ha-back-filter","13":"first","14":"instock","15":"sale","16":"shipping-taxable","17":"purchasable","18":"product-type-simple"},"yoast_head":"<!-- This site is optimized with the Yoast SEO plugin v27.4 - https:\/\/yoast.com\/product\/yoast-seo-wordpress\/ -->\n<title>Acuario marino equipado con \u201cBack Filter&quot;, BOYU HA-1200A BLANCO. | Acuario Supremus<\/title>\n<meta name=\"description\" content=\"Los acuarios BOYU de la serie HA-A con Back Filter est\u00e1n dise\u00f1ados para mantener los sistemas de arrecife m\u00e1s ambiciosos y exigentes.\" \/>\n<meta name=\"robots\" content=\"index, follow, max-snippet:-1, max-image-preview:large, max-video-preview:-1\" \/>\n<link rel=\"canonical\" href=\"https:\/\/acuariosupremus.com\/?product=acuario-marino-equipado-con-back-filter-boyu-ha-1200a-blanco\" \/>\n<meta property=\"og:locale\" content=\"es_MX\" \/>\n<meta property=\"og:type\" content=\"article\" \/>\n<meta property=\"og:title\" content=\"Acuario marino equipado con \u201cBack Filter&quot;, BOYU HA-1200A BLANCO. | Acuario Supremus\" \/>\n<meta property=\"og:description\" content=\"Los acuarios BOYU de la serie HA-A con Back Filter est\u00e1n dise\u00f1ados para mantener los sistemas de arrecife m\u00e1s ambiciosos y exigentes.\" \/>\n<meta property=\"og:url\" content=\"https:\/\/acuariosupremus.com\/?product=acuario-marino-equipado-con-back-filter-boyu-ha-1200a-blanco\" \/>\n<meta property=\"og:site_name\" content=\"Acuario Supremus\" \/>\n<meta property=\"article:publisher\" content=\"https:\/\/www.facebook.com\/AcuarioSupremus\" \/>\n<meta property=\"article:modified_time\" content=\"2025-12-26T21:31:19+00:00\" \/>\n<meta property=\"og:image\" content=\"https:\/\/acuariosupremus.com\/wp-content\/uploads\/2022\/05\/acuarios_boyu_serie-ha-a_05.jpg\" \/>\n\t<meta property=\"og:image:width\" content=\"1250\" \/>\n\t<meta property=\"og:image:height\" content=\"1250\" \/>\n\t<meta property=\"og:image:type\" content=\"image\/jpeg\" \/>\n<meta name=\"twitter:card\" content=\"summary_large_image\" \/>\n<meta name=\"twitter:site\" content=\"@AcuarioSupremus\" \/>\n<meta name=\"twitter:label1\" content=\"Tiempo de lectura\" \/>\n\t<meta name=\"twitter:data1\" content=\"1 minuto\" \/>\n<script type=\"application\/ld+json\" class=\"yoast-schema-graph\">{\"@context\":\"https:\\\/\\\/schema.org\",\"@graph\":[{\"@type\":\"WebPage\",\"@id\":\"https:\\\/\\\/acuariosupremus.com\\\/?product=acuario-marino-equipado-con-back-filter-boyu-ha-1200a-blanco\",\"url\":\"https:\\\/\\\/acuariosupremus.com\\\/?product=acuario-marino-equipado-con-back-filter-boyu-ha-1200a-blanco\",\"name\":\"Acuario marino equipado con \u201cBack Filter\\\", BOYU HA-1200A BLANCO. | Acuario Supremus\",\"isPartOf\":{\"@id\":\"https:\\\/\\\/acuariosupremus.com\\\/#website\"},\"primaryImageOfPage\":{\"@id\":\"https:\\\/\\\/acuariosupremus.com\\\/?product=acuario-marino-equipado-con-back-filter-boyu-ha-1200a-blanco#primaryimage\"},\"image\":{\"@id\":\"https:\\\/\\\/acuariosupremus.com\\\/?product=acuario-marino-equipado-con-back-filter-boyu-ha-1200a-blanco#primaryimage\"},\"thumbnailUrl\":\"https:\\\/\\\/acuariosupremus.com\\\/wp-content\\\/uploads\\\/2022\\\/05\\\/acuarios_boyu_serie-ha-a_05.jpg\",\"datePublished\":\"2022-05-06T02:04:39+00:00\",\"dateModified\":\"2025-12-26T21:31:19+00:00\",\"description\":\"Los acuarios BOYU de la serie HA-A con Back Filter est\u00e1n dise\u00f1ados para mantener los sistemas de arrecife m\u00e1s ambiciosos y exigentes.\",\"breadcrumb\":{\"@id\":\"https:\\\/\\\/acuariosupremus.com\\\/?product=acuario-marino-equipado-con-back-filter-boyu-ha-1200a-blanco#breadcrumb\"},\"inLanguage\":\"es\",\"potentialAction\":[{\"@type\":\"ReadAction\",\"target\":[\"https:\\\/\\\/acuariosupremus.com\\\/?product=acuario-marino-equipado-con-back-filter-boyu-ha-1200a-blanco\"]}]},{\"@type\":\"ImageObject\",\"inLanguage\":\"es\",\"@id\":\"https:\\\/\\\/acuariosupremus.com\\\/?product=acuario-marino-equipado-con-back-filter-boyu-ha-1200a-blanco#primaryimage\",\"url\":\"https:\\\/\\\/acuariosupremus.com\\\/wp-content\\\/uploads\\\/2022\\\/05\\\/acuarios_boyu_serie-ha-a_05.jpg\",\"contentUrl\":\"https:\\\/\\\/acuariosupremus.com\\\/wp-content\\\/uploads\\\/2022\\\/05\\\/acuarios_boyu_serie-ha-a_05.jpg\",\"width\":1250,\"height\":1250},{\"@type\":\"BreadcrumbList\",\"@id\":\"https:\\\/\\\/acuariosupremus.com\\\/?product=acuario-marino-equipado-con-back-filter-boyu-ha-1200a-blanco#breadcrumb\",\"itemListElement\":[{\"@type\":\"ListItem\",\"position\":1,\"name\":\"Portada\",\"item\":\"https:\\\/\\\/acuariosupremus.com\\\/\"},{\"@type\":\"ListItem\",\"position\":2,\"name\":\"Tienda\",\"item\":\"https:\\\/\\\/acuariosupremus.com\\\/tienda\\\/\"},{\"@type\":\"ListItem\",\"position\":3,\"name\":\"Acuario marino equipado con \u201cBack Filter\u00bb, BOYU HA-1200A BLANCO.\"}]},{\"@type\":\"WebSite\",\"@id\":\"https:\\\/\\\/acuariosupremus.com\\\/#website\",\"url\":\"https:\\\/\\\/acuariosupremus.com\\\/\",\"name\":\"Acuario Supremus\",\"description\":\"Peces, Peceras y Mascotas.\",\"publisher\":{\"@id\":\"https:\\\/\\\/acuariosupremus.com\\\/#organization\"},\"potentialAction\":[{\"@type\":\"SearchAction\",\"target\":{\"@type\":\"EntryPoint\",\"urlTemplate\":\"https:\\\/\\\/acuariosupremus.com\\\/?s={search_term_string}\"},\"query-input\":{\"@type\":\"PropertyValueSpecification\",\"valueRequired\":true,\"valueName\":\"search_term_string\"}}],\"inLanguage\":\"es\"},{\"@type\":\"Organization\",\"@id\":\"https:\\\/\\\/acuariosupremus.com\\\/#organization\",\"name\":\"Acuario Supremus\",\"url\":\"https:\\\/\\\/acuariosupremus.com\\\/\",\"logo\":{\"@type\":\"ImageObject\",\"inLanguage\":\"es\",\"@id\":\"https:\\\/\\\/acuariosupremus.com\\\/#\\\/schema\\\/logo\\\/image\\\/\",\"url\":\"https:\\\/\\\/acuariosupremus.com\\\/wp-content\\\/uploads\\\/2021\\\/12\\\/cropped-logo_acuario_supremus_fn-2.png\",\"contentUrl\":\"https:\\\/\\\/acuariosupremus.com\\\/wp-content\\\/uploads\\\/2021\\\/12\\\/cropped-logo_acuario_supremus_fn-2.png\",\"width\":1000,\"height\":318,\"caption\":\"Acuario Supremus\"},\"image\":{\"@id\":\"https:\\\/\\\/acuariosupremus.com\\\/#\\\/schema\\\/logo\\\/image\\\/\"},\"sameAs\":[\"https:\\\/\\\/www.facebook.com\\\/AcuarioSupremus\",\"https:\\\/\\\/x.com\\\/AcuarioSupremus\",\"https:\\\/\\\/www.instagram.com\\\/acuariosupremus\\\/?hl=es\"]}]}<\/script>\n<!-- \/ Yoast SEO plugin. -->","yoast_head_json":{"title":"Acuario marino equipado con \u201cBack Filter\", BOYU HA-1200A BLANCO. | Acuario Supremus","description":"Los acuarios BOYU de la serie HA-A con Back Filter est\u00e1n dise\u00f1ados para mantener los sistemas de arrecife m\u00e1s ambiciosos y exigentes.","robots":{"index":"index","follow":"follow","max-snippet":"max-snippet:-1","max-image-preview":"max-image-preview:large","max-video-preview":"max-video-preview:-1"},"canonical":"https:\/\/acuariosupremus.com\/?product=acuario-marino-equipado-con-back-filter-boyu-ha-1200a-blanco","og_locale":"es_MX","og_type":"article","og_title":"Acuario marino equipado con \u201cBack Filter\", BOYU HA-1200A BLANCO. | Acuario Supremus","og_description":"Los acuarios BOYU de la serie HA-A con Back Filter est\u00e1n dise\u00f1ados para mantener los sistemas de arrecife m\u00e1s ambiciosos y exigentes.","og_url":"https:\/\/acuariosupremus.com\/?product=acuario-marino-equipado-con-back-filter-boyu-ha-1200a-blanco","og_site_name":"Acuario Supremus","article_publisher":"https:\/\/www.facebook.com\/AcuarioSupremus","article_modified_time":"2025-12-26T21:31:19+00:00","og_image":[{"width":1250,"height":1250,"url":"https:\/\/acuariosupremus.com\/wp-content\/uploads\/2022\/05\/acuarios_boyu_serie-ha-a_05.jpg","type":"image\/jpeg"}],"twitter_card":"summary_large_image","twitter_site":"@AcuarioSupremus","twitter_misc":{"Tiempo de lectura":"1 minuto"},"schema":{"@context":"https:\/\/schema.org","@graph":[{"@type":"WebPage","@id":"https:\/\/acuariosupremus.com\/?product=acuario-marino-equipado-con-back-filter-boyu-ha-1200a-blanco","url":"https:\/\/acuariosupremus.com\/?product=acuario-marino-equipado-con-back-filter-boyu-ha-1200a-blanco","name":"Acuario marino equipado con \u201cBack Filter\", BOYU HA-1200A BLANCO. | Acuario Supremus","isPartOf":{"@id":"https:\/\/acuariosupremus.com\/#website"},"primaryImageOfPage":{"@id":"https:\/\/acuariosupremus.com\/?product=acuario-marino-equipado-con-back-filter-boyu-ha-1200a-blanco#primaryimage"},"image":{"@id":"https:\/\/acuariosupremus.com\/?product=acuario-marino-equipado-con-back-filter-boyu-ha-1200a-blanco#primaryimage"},"thumbnailUrl":"https:\/\/acuariosupremus.com\/wp-content\/uploads\/2022\/05\/acuarios_boyu_serie-ha-a_05.jpg","datePublished":"2022-05-06T02:04:39+00:00","dateModified":"2025-12-26T21:31:19+00:00","description":"Los acuarios BOYU de la serie HA-A con Back Filter est\u00e1n dise\u00f1ados para mantener los sistemas de arrecife m\u00e1s ambiciosos y exigentes.","breadcrumb":{"@id":"https:\/\/acuariosupremus.com\/?product=acuario-marino-equipado-con-back-filter-boyu-ha-1200a-blanco#breadcrumb"},"inLanguage":"es","potentialAction":[{"@type":"ReadAction","target":["https:\/\/acuariosupremus.com\/?product=acuario-marino-equipado-con-back-filter-boyu-ha-1200a-blanco"]}]},{"@type":"ImageObject","inLanguage":"es","@id":"https:\/\/acuariosupremus.com\/?product=acuario-marino-equipado-con-back-filter-boyu-ha-1200a-blanco#primaryimage","url":"https:\/\/acuariosupremus.com\/wp-content\/uploads\/2022\/05\/acuarios_boyu_serie-ha-a_05.jpg","contentUrl":"https:\/\/acuariosupremus.com\/wp-content\/uploads\/2022\/05\/acuarios_boyu_serie-ha-a_05.jpg","width":1250,"height":1250},{"@type":"BreadcrumbList","@id":"https:\/\/acuariosupremus.com\/?product=acuario-marino-equipado-con-back-filter-boyu-ha-1200a-blanco#breadcrumb","itemListElement":[{"@type":"ListItem","position":1,"name":"Portada","item":"https:\/\/acuariosupremus.com\/"},{"@type":"ListItem","position":2,"name":"Tienda","item":"https:\/\/acuariosupremus.com\/tienda\/"},{"@type":"ListItem","position":3,"name":"Acuario marino equipado con \u201cBack Filter\u00bb, BOYU HA-1200A BLANCO."}]},{"@type":"WebSite","@id":"https:\/\/acuariosupremus.com\/#website","url":"https:\/\/acuariosupremus.com\/","name":"Acuario Supremus","description":"Peces, Peceras y Mascotas.","publisher":{"@id":"https:\/\/acuariosupremus.com\/#organization"},"potentialAction":[{"@type":"SearchAction","target":{"@type":"EntryPoint","urlTemplate":"https:\/\/acuariosupremus.com\/?s={search_term_string}"},"query-input":{"@type":"PropertyValueSpecification","valueRequired":true,"valueName":"search_term_string"}}],"inLanguage":"es"},{"@type":"Organization","@id":"https:\/\/acuariosupremus.com\/#organization","name":"Acuario Supremus","url":"https:\/\/acuariosupremus.com\/","logo":{"@type":"ImageObject","inLanguage":"es","@id":"https:\/\/acuariosupremus.com\/#\/schema\/logo\/image\/","url":"https:\/\/acuariosupremus.com\/wp-content\/uploads\/2021\/12\/cropped-logo_acuario_supremus_fn-2.png","contentUrl":"https:\/\/acuariosupremus.com\/wp-content\/uploads\/2021\/12\/cropped-logo_acuario_supremus_fn-2.png","width":1000,"height":318,"caption":"Acuario Supremus"},"image":{"@id":"https:\/\/acuariosupremus.com\/#\/schema\/logo\/image\/"},"sameAs":["https:\/\/www.facebook.com\/AcuarioSupremus","https:\/\/x.com\/AcuarioSupremus","https:\/\/www.instagram.com\/acuariosupremus\/?hl=es"]}]}},"jetpack_sharing_enabled":true,"_links":{"self":[{"href":"https:\/\/acuariosupremus.com\/index.php?rest_route=\/wp\/v2\/product\/8692","targetHints":{"allow":["GET"]}}],"collection":[{"href":"https:\/\/acuariosupremus.com\/index.php?rest_route=\/wp\/v2\/product"}],"about":[{"href":"https:\/\/acuariosupremus.com\/index.php?rest_route=\/wp\/v2\/types\/product"}],"wp:featuredmedia":[{"embeddable":true,"href":"https:\/\/acuariosupremus.com\/index.php?rest_route=\/wp\/v2\/media\/8691"}],"wp:attachment":[{"href":"https:\/\/acuariosupremus.com\/index.php?rest_route=%2Fwp%2Fv2%2Fmedia&parent=8692"}],"wp:term":[{"taxonomy":"product_brand","embeddable":true,"href":"https:\/\/acuariosupremus.com\/index.php?rest_route=%2Fwp%2Fv2%2Fproduct_brand&post=8692"},{"taxonomy":"product_cat","embeddable":true,"href":"https:\/\/acuariosupremus.com\/index.php?rest_route=%2Fwp%2Fv2%2Fproduct_cat&post=8692"},{"taxonomy":"product_tag","embeddable":true,"href":"https:\/\/acuariosupremus.com\/index.php?rest_route=%2Fwp%2Fv2%2Fproduct_tag&post=8692"}],"curies":[{"name":"wp","href":"https:\/\/api.w.org\/{rel}","templated":true}]}}