{"id":8703,"date":"2022-05-06T16:20:56","date_gmt":"2022-05-06T21:20:56","guid":{"rendered":"https:\/\/acuariosupremus.com\/?post_type=product&#038;p=8703"},"modified":"2025-12-26T15:49:06","modified_gmt":"2025-12-26T21:49:06","slug":"pinzas-de-acero-inoxidable-para-plantas-curvas-boyu-wpc-2","status":"publish","type":"product","link":"https:\/\/acuariosupremus.com\/?product=pinzas-de-acero-inoxidable-para-plantas-curvas-boyu-wpc-2","title":{"rendered":"Pinzas de acero inoxidable para plantas curvas, BOYU WPC-2."},"content":{"rendered":"<p>Esta l\u00ednea ofrece una versi\u00f3n recta y otra con un \u00e1ngulo en la punta para facilitar la accesibilidad en diversas situaciones de manejo. Se utilizan a menudo en el paisajismo acu\u00e1tico general de cualquier acuario y tambi\u00e9n son una herramienta indispensable para cualquier acuarista. Est\u00e1 elaborada en acero inoxidable de gran calidad para evitar su deterioro y asegurar un largo per\u00edodo de uso.<\/p>\n<p>Apertura m\u00e1xima: 22 (mm.) Longitud de la punta: 175(mm.) Apertura: El\u00e1stico (sistema) Construcci\u00f3n Acero INOX (material), Peso 50 (grs.) Peso con embalaje 65 (grs) Medidas 270 x 22 x 10 (mm) Medidas embalaje 345 x 70 x 18 (mm).<\/p>\n","protected":false},"excerpt":{"rendered":"<p>Pinzas de acero inoxidable de gran calidad para realizar labores de mantenimiento en acuarios de agua dulce y salada. Son ideales para plantaci\u00f3n y mantenimiento de plantas acu\u00e1ticas, en particular aquellas con los tallos gruesos o anchos. Son muy \u00fatiles cuando se siembra en un sustrato de grava (m\u00e1s grueso que la arena). En los sistemas marinos y de arrecife estas pinzas funcionan bien en la colocaci\u00f3n o la recuperaci\u00f3n de fragmentos de coral o colonias. Su punta fina permite adquirir la sensibilidad necesaria para no da\u00f1ar las plantas y evitar al tiempo desplantar las siembras de alrededor.<\/p>\n","protected":false},"featured_media":8704,"template":"","meta":[],"product_brand":[122],"product_cat":[40,56],"product_tag":[542],"class_list":{"0":"post-8703","1":"product","2":"type-product","3":"status-publish","4":"has-post-thumbnail","6":"product_brand-boyu","7":"product_cat-peces","8":"product_cat-plantas-naturales","9":"product_tag-pinzas-corales-y-plantas","11":"first","12":"instock","13":"sale","14":"shipping-taxable","15":"purchasable","16":"product-type-simple"},"yoast_head":"<!-- This site is optimized with the Yoast SEO plugin v27.4 - https:\/\/yoast.com\/product\/yoast-seo-wordpress\/ -->\n<title>Pinzas de acero inoxidable para plantas curvas, BOYU WPC-2. | Acuario Supremus<\/title>\n<meta name=\"description\" content=\"Pinzas de acero inoxidable de gran calidad para realizar labores de mantenimiento en acuarios de agua dulce y salada.\" \/>\n<meta name=\"robots\" content=\"index, follow, max-snippet:-1, max-image-preview:large, max-video-preview:-1\" \/>\n<link rel=\"canonical\" href=\"https:\/\/acuariosupremus.com\/?product=pinzas-de-acero-inoxidable-para-plantas-curvas-boyu-wpc-2\" \/>\n<meta property=\"og:locale\" content=\"es_MX\" \/>\n<meta property=\"og:type\" content=\"article\" \/>\n<meta property=\"og:title\" content=\"Pinzas de acero inoxidable para plantas curvas, BOYU WPC-2. | Acuario Supremus\" \/>\n<meta property=\"og:description\" content=\"Pinzas de acero inoxidable de gran calidad para realizar labores de mantenimiento en acuarios de agua dulce y salada.\" \/>\n<meta property=\"og:url\" content=\"https:\/\/acuariosupremus.com\/?product=pinzas-de-acero-inoxidable-para-plantas-curvas-boyu-wpc-2\" \/>\n<meta property=\"og:site_name\" content=\"Acuario Supremus\" \/>\n<meta property=\"article:publisher\" content=\"https:\/\/www.facebook.com\/AcuarioSupremus\" \/>\n<meta property=\"article:modified_time\" content=\"2025-12-26T21:49:06+00:00\" \/>\n<meta property=\"og:image\" content=\"https:\/\/acuariosupremus.com\/wp-content\/uploads\/2022\/05\/pinzas_curvas_wpc_02.jpg\" \/>\n\t<meta property=\"og:image:width\" content=\"1250\" \/>\n\t<meta property=\"og:image:height\" content=\"1250\" \/>\n\t<meta property=\"og:image:type\" content=\"image\/jpeg\" \/>\n<meta name=\"twitter:card\" content=\"summary_large_image\" \/>\n<meta name=\"twitter:site\" content=\"@AcuarioSupremus\" \/>\n<meta name=\"twitter:label1\" content=\"Tiempo de lectura\" \/>\n\t<meta name=\"twitter:data1\" content=\"1 minuto\" \/>\n<script type=\"application\/ld+json\" class=\"yoast-schema-graph\">{\"@context\":\"https:\\\/\\\/schema.org\",\"@graph\":[{\"@type\":\"WebPage\",\"@id\":\"https:\\\/\\\/acuariosupremus.com\\\/?product=pinzas-de-acero-inoxidable-para-plantas-curvas-boyu-wpc-2\",\"url\":\"https:\\\/\\\/acuariosupremus.com\\\/?product=pinzas-de-acero-inoxidable-para-plantas-curvas-boyu-wpc-2\",\"name\":\"Pinzas de acero inoxidable para plantas curvas, BOYU WPC-2. | Acuario Supremus\",\"isPartOf\":{\"@id\":\"https:\\\/\\\/acuariosupremus.com\\\/#website\"},\"primaryImageOfPage\":{\"@id\":\"https:\\\/\\\/acuariosupremus.com\\\/?product=pinzas-de-acero-inoxidable-para-plantas-curvas-boyu-wpc-2#primaryimage\"},\"image\":{\"@id\":\"https:\\\/\\\/acuariosupremus.com\\\/?product=pinzas-de-acero-inoxidable-para-plantas-curvas-boyu-wpc-2#primaryimage\"},\"thumbnailUrl\":\"https:\\\/\\\/acuariosupremus.com\\\/wp-content\\\/uploads\\\/2022\\\/05\\\/pinzas_curvas_wpc_02.jpg\",\"datePublished\":\"2022-05-06T21:20:56+00:00\",\"dateModified\":\"2025-12-26T21:49:06+00:00\",\"description\":\"Pinzas de acero inoxidable de gran calidad para realizar labores de mantenimiento en acuarios de agua dulce y salada.\",\"breadcrumb\":{\"@id\":\"https:\\\/\\\/acuariosupremus.com\\\/?product=pinzas-de-acero-inoxidable-para-plantas-curvas-boyu-wpc-2#breadcrumb\"},\"inLanguage\":\"es\",\"potentialAction\":[{\"@type\":\"ReadAction\",\"target\":[\"https:\\\/\\\/acuariosupremus.com\\\/?product=pinzas-de-acero-inoxidable-para-plantas-curvas-boyu-wpc-2\"]}]},{\"@type\":\"ImageObject\",\"inLanguage\":\"es\",\"@id\":\"https:\\\/\\\/acuariosupremus.com\\\/?product=pinzas-de-acero-inoxidable-para-plantas-curvas-boyu-wpc-2#primaryimage\",\"url\":\"https:\\\/\\\/acuariosupremus.com\\\/wp-content\\\/uploads\\\/2022\\\/05\\\/pinzas_curvas_wpc_02.jpg\",\"contentUrl\":\"https:\\\/\\\/acuariosupremus.com\\\/wp-content\\\/uploads\\\/2022\\\/05\\\/pinzas_curvas_wpc_02.jpg\",\"width\":1250,\"height\":1250},{\"@type\":\"BreadcrumbList\",\"@id\":\"https:\\\/\\\/acuariosupremus.com\\\/?product=pinzas-de-acero-inoxidable-para-plantas-curvas-boyu-wpc-2#breadcrumb\",\"itemListElement\":[{\"@type\":\"ListItem\",\"position\":1,\"name\":\"Portada\",\"item\":\"https:\\\/\\\/acuariosupremus.com\\\/\"},{\"@type\":\"ListItem\",\"position\":2,\"name\":\"Tienda\",\"item\":\"https:\\\/\\\/acuariosupremus.com\\\/tienda\\\/\"},{\"@type\":\"ListItem\",\"position\":3,\"name\":\"Pinzas de acero inoxidable para plantas curvas, BOYU WPC-2.\"}]},{\"@type\":\"WebSite\",\"@id\":\"https:\\\/\\\/acuariosupremus.com\\\/#website\",\"url\":\"https:\\\/\\\/acuariosupremus.com\\\/\",\"name\":\"Acuario Supremus\",\"description\":\"Peces, Peceras y Mascotas.\",\"publisher\":{\"@id\":\"https:\\\/\\\/acuariosupremus.com\\\/#organization\"},\"potentialAction\":[{\"@type\":\"SearchAction\",\"target\":{\"@type\":\"EntryPoint\",\"urlTemplate\":\"https:\\\/\\\/acuariosupremus.com\\\/?s={search_term_string}\"},\"query-input\":{\"@type\":\"PropertyValueSpecification\",\"valueRequired\":true,\"valueName\":\"search_term_string\"}}],\"inLanguage\":\"es\"},{\"@type\":\"Organization\",\"@id\":\"https:\\\/\\\/acuariosupremus.com\\\/#organization\",\"name\":\"Acuario Supremus\",\"url\":\"https:\\\/\\\/acuariosupremus.com\\\/\",\"logo\":{\"@type\":\"ImageObject\",\"inLanguage\":\"es\",\"@id\":\"https:\\\/\\\/acuariosupremus.com\\\/#\\\/schema\\\/logo\\\/image\\\/\",\"url\":\"https:\\\/\\\/acuariosupremus.com\\\/wp-content\\\/uploads\\\/2021\\\/12\\\/cropped-logo_acuario_supremus_fn-2.png\",\"contentUrl\":\"https:\\\/\\\/acuariosupremus.com\\\/wp-content\\\/uploads\\\/2021\\\/12\\\/cropped-logo_acuario_supremus_fn-2.png\",\"width\":1000,\"height\":318,\"caption\":\"Acuario Supremus\"},\"image\":{\"@id\":\"https:\\\/\\\/acuariosupremus.com\\\/#\\\/schema\\\/logo\\\/image\\\/\"},\"sameAs\":[\"https:\\\/\\\/www.facebook.com\\\/AcuarioSupremus\",\"https:\\\/\\\/x.com\\\/AcuarioSupremus\",\"https:\\\/\\\/www.instagram.com\\\/acuariosupremus\\\/?hl=es\"]}]}<\/script>\n<!-- \/ Yoast SEO plugin. -->","yoast_head_json":{"title":"Pinzas de acero inoxidable para plantas curvas, BOYU WPC-2. | Acuario Supremus","description":"Pinzas de acero inoxidable de gran calidad para realizar labores de mantenimiento en acuarios de agua dulce y salada.","robots":{"index":"index","follow":"follow","max-snippet":"max-snippet:-1","max-image-preview":"max-image-preview:large","max-video-preview":"max-video-preview:-1"},"canonical":"https:\/\/acuariosupremus.com\/?product=pinzas-de-acero-inoxidable-para-plantas-curvas-boyu-wpc-2","og_locale":"es_MX","og_type":"article","og_title":"Pinzas de acero inoxidable para plantas curvas, BOYU WPC-2. | Acuario Supremus","og_description":"Pinzas de acero inoxidable de gran calidad para realizar labores de mantenimiento en acuarios de agua dulce y salada.","og_url":"https:\/\/acuariosupremus.com\/?product=pinzas-de-acero-inoxidable-para-plantas-curvas-boyu-wpc-2","og_site_name":"Acuario Supremus","article_publisher":"https:\/\/www.facebook.com\/AcuarioSupremus","article_modified_time":"2025-12-26T21:49:06+00:00","og_image":[{"width":1250,"height":1250,"url":"https:\/\/acuariosupremus.com\/wp-content\/uploads\/2022\/05\/pinzas_curvas_wpc_02.jpg","type":"image\/jpeg"}],"twitter_card":"summary_large_image","twitter_site":"@AcuarioSupremus","twitter_misc":{"Tiempo de lectura":"1 minuto"},"schema":{"@context":"https:\/\/schema.org","@graph":[{"@type":"WebPage","@id":"https:\/\/acuariosupremus.com\/?product=pinzas-de-acero-inoxidable-para-plantas-curvas-boyu-wpc-2","url":"https:\/\/acuariosupremus.com\/?product=pinzas-de-acero-inoxidable-para-plantas-curvas-boyu-wpc-2","name":"Pinzas de acero inoxidable para plantas curvas, BOYU WPC-2. | Acuario Supremus","isPartOf":{"@id":"https:\/\/acuariosupremus.com\/#website"},"primaryImageOfPage":{"@id":"https:\/\/acuariosupremus.com\/?product=pinzas-de-acero-inoxidable-para-plantas-curvas-boyu-wpc-2#primaryimage"},"image":{"@id":"https:\/\/acuariosupremus.com\/?product=pinzas-de-acero-inoxidable-para-plantas-curvas-boyu-wpc-2#primaryimage"},"thumbnailUrl":"https:\/\/acuariosupremus.com\/wp-content\/uploads\/2022\/05\/pinzas_curvas_wpc_02.jpg","datePublished":"2022-05-06T21:20:56+00:00","dateModified":"2025-12-26T21:49:06+00:00","description":"Pinzas de acero inoxidable de gran calidad para realizar labores de mantenimiento en acuarios de agua dulce y salada.","breadcrumb":{"@id":"https:\/\/acuariosupremus.com\/?product=pinzas-de-acero-inoxidable-para-plantas-curvas-boyu-wpc-2#breadcrumb"},"inLanguage":"es","potentialAction":[{"@type":"ReadAction","target":["https:\/\/acuariosupremus.com\/?product=pinzas-de-acero-inoxidable-para-plantas-curvas-boyu-wpc-2"]}]},{"@type":"ImageObject","inLanguage":"es","@id":"https:\/\/acuariosupremus.com\/?product=pinzas-de-acero-inoxidable-para-plantas-curvas-boyu-wpc-2#primaryimage","url":"https:\/\/acuariosupremus.com\/wp-content\/uploads\/2022\/05\/pinzas_curvas_wpc_02.jpg","contentUrl":"https:\/\/acuariosupremus.com\/wp-content\/uploads\/2022\/05\/pinzas_curvas_wpc_02.jpg","width":1250,"height":1250},{"@type":"BreadcrumbList","@id":"https:\/\/acuariosupremus.com\/?product=pinzas-de-acero-inoxidable-para-plantas-curvas-boyu-wpc-2#breadcrumb","itemListElement":[{"@type":"ListItem","position":1,"name":"Portada","item":"https:\/\/acuariosupremus.com\/"},{"@type":"ListItem","position":2,"name":"Tienda","item":"https:\/\/acuariosupremus.com\/tienda\/"},{"@type":"ListItem","position":3,"name":"Pinzas de acero inoxidable para plantas curvas, BOYU WPC-2."}]},{"@type":"WebSite","@id":"https:\/\/acuariosupremus.com\/#website","url":"https:\/\/acuariosupremus.com\/","name":"Acuario Supremus","description":"Peces, Peceras y Mascotas.","publisher":{"@id":"https:\/\/acuariosupremus.com\/#organization"},"potentialAction":[{"@type":"SearchAction","target":{"@type":"EntryPoint","urlTemplate":"https:\/\/acuariosupremus.com\/?s={search_term_string}"},"query-input":{"@type":"PropertyValueSpecification","valueRequired":true,"valueName":"search_term_string"}}],"inLanguage":"es"},{"@type":"Organization","@id":"https:\/\/acuariosupremus.com\/#organization","name":"Acuario Supremus","url":"https:\/\/acuariosupremus.com\/","logo":{"@type":"ImageObject","inLanguage":"es","@id":"https:\/\/acuariosupremus.com\/#\/schema\/logo\/image\/","url":"https:\/\/acuariosupremus.com\/wp-content\/uploads\/2021\/12\/cropped-logo_acuario_supremus_fn-2.png","contentUrl":"https:\/\/acuariosupremus.com\/wp-content\/uploads\/2021\/12\/cropped-logo_acuario_supremus_fn-2.png","width":1000,"height":318,"caption":"Acuario Supremus"},"image":{"@id":"https:\/\/acuariosupremus.com\/#\/schema\/logo\/image\/"},"sameAs":["https:\/\/www.facebook.com\/AcuarioSupremus","https:\/\/x.com\/AcuarioSupremus","https:\/\/www.instagram.com\/acuariosupremus\/?hl=es"]}]}},"jetpack_sharing_enabled":true,"_links":{"self":[{"href":"https:\/\/acuariosupremus.com\/index.php?rest_route=\/wp\/v2\/product\/8703","targetHints":{"allow":["GET"]}}],"collection":[{"href":"https:\/\/acuariosupremus.com\/index.php?rest_route=\/wp\/v2\/product"}],"about":[{"href":"https:\/\/acuariosupremus.com\/index.php?rest_route=\/wp\/v2\/types\/product"}],"wp:featuredmedia":[{"embeddable":true,"href":"https:\/\/acuariosupremus.com\/index.php?rest_route=\/wp\/v2\/media\/8704"}],"wp:attachment":[{"href":"https:\/\/acuariosupremus.com\/index.php?rest_route=%2Fwp%2Fv2%2Fmedia&parent=8703"}],"wp:term":[{"taxonomy":"product_brand","embeddable":true,"href":"https:\/\/acuariosupremus.com\/index.php?rest_route=%2Fwp%2Fv2%2Fproduct_brand&post=8703"},{"taxonomy":"product_cat","embeddable":true,"href":"https:\/\/acuariosupremus.com\/index.php?rest_route=%2Fwp%2Fv2%2Fproduct_cat&post=8703"},{"taxonomy":"product_tag","embeddable":true,"href":"https:\/\/acuariosupremus.com\/index.php?rest_route=%2Fwp%2Fv2%2Fproduct_tag&post=8703"}],"curies":[{"name":"wp","href":"https:\/\/api.w.org\/{rel}","templated":true}]}}