{"id":8712,"date":"2022-05-06T16:39:57","date_gmt":"2022-05-06T21:39:57","guid":{"rendered":"https:\/\/acuariosupremus.com\/?post_type=product&#038;p=8712"},"modified":"2025-12-26T15:49:45","modified_gmt":"2025-12-26T21:49:45","slug":"red-con-mango-de-acero-inoxidable-de-12-boyu-fc-12","status":"publish","type":"product","link":"https:\/\/acuariosupremus.com\/?product=red-con-mango-de-acero-inoxidable-de-12-boyu-fc-12","title":{"rendered":"Red con mango de acero inoxidable de 12&#8243;, BOYU FC-12."},"content":{"rendered":"<p>Su red de captura (o cuchara) presenta medidas var\u00edan desde los 541 hasta los 1,248 cm2de superficie, con una profundidad de cuchara desde los 20 hasta los 30 cm, y est\u00e1n formadas por un tejido de hilo reforzado de nylon que forma hex\u00e1gonos de aproximadamente 5 mil\u00edmetros de poro de luz, ofreciendo tres distintos tama\u00f1os para adaptarse a las necesidades de los estanques, grandes acuarios y piscinas para acuicultura. El color negro del tejido enga\u00f1a a muchos peces, de modo que pueden ver la red como una posible \u00e1rea de fuga. Adem\u00e1s, Este tipo de tejido evita posibles da\u00f1os en la mucosa de los peces a la hora de ser manipulados, y favorece un r\u00e1pido movimiento de esta a trav\u00e9s del agua para facilitar una exitosa captura. Como herramienta de mantenimiento, tambi\u00e9n nos ofrece una gran eficacia colectando los restos grandes de suciedad, realizando movimientos envolventes a lo largo de su estanque o piscina. El mango de la red est\u00e1 elaborado con tubo de acero inoxidable pulido. Este material ofrece una gran solidez adem\u00e1s de ligereza, resistencia a la corrosi\u00f3n y alta durabilidad. Estas cualidades son muy apreciadas para un uso profesional. El marco de la red se encuentra atornillado al mango y est\u00e1 elaborado en varilla de acero inoxidable macizo y pulido para garantizar una gran rigidez a todo el conjunto. El extremo del mango cuenta con una c\u00f3moda asa de pl\u00e1stico ABS para facilitar la maniobra y control de la red a la hora de realizar su trabajo, reduciendo la fatiga incluso si se realiza esta labor por varias horas. El mango cuenta con un pr\u00e1ctico ojal para colgar convenientemente la red. Este producto est\u00e1 elaborado con materiales de alta calidad e inertes al agua, que garantizar\u00e1n una larga vida \u00fatil y la posibilidad de realizar un tratamiento profil\u00e1ctico para evitar transmisiones de enfermedades entre diferentes acuarios o piscinas.<\/p>\n<p>Longitud total 755 (mm) Medidas red 290 x 235 x 210 (I x a x h mm) Medidas red 12 (diagonal \u201c) Medidas con embalaje 290 x 235 x 25 (mm) Peso 200 (grs.) Peso con embalaje 200 (grs.).<\/p>\n","protected":false},"excerpt":{"rendered":"<p>Red de textil y acero inoxidable FN.<\/p>\n<p>L\u00ednea de redes para a peces de grandes acuarios, estanques y acuicultura. Estas redes est\u00e1n dise\u00f1adas especialmente para poder extraer peces que superan los 1,000 gramos de peso, pudiendo ser usadas en exteriores y de forma continuada.<\/p>\n","protected":false},"featured_media":8711,"template":"","meta":[],"product_brand":[122],"product_cat":[40,58],"product_tag":[683,237],"class_list":{"0":"post-8712","1":"product","2":"type-product","3":"status-publish","4":"has-post-thumbnail","6":"product_brand-boyu","7":"product_cat-peces","8":"product_cat-redes","9":"product_tag-red-acero-inox-gre","10":"product_tag-red-malla-gruesa","12":"first","13":"instock","14":"sale","15":"shipping-taxable","16":"purchasable","17":"product-type-simple"},"yoast_head":"<!-- This site is optimized with the Yoast SEO plugin v27.3 - https:\/\/yoast.com\/product\/yoast-seo-wordpress\/ -->\n<title>Red con mango de acero inoxidable de 12&quot;, BOYU FC-12. | Acuario Supremus<\/title>\n<meta name=\"description\" content=\"L\u00ednea de redes para captura o manejar grandes peces de grandes acuarios, estanques y acuicultura, peces de mas de 1 kilogramo de peso.\" \/>\n<meta name=\"robots\" content=\"index, follow, max-snippet:-1, max-image-preview:large, max-video-preview:-1\" \/>\n<link rel=\"canonical\" href=\"https:\/\/acuariosupremus.com\/?product=red-con-mango-de-acero-inoxidable-de-12-boyu-fc-12\" \/>\n<meta property=\"og:locale\" content=\"es_MX\" \/>\n<meta property=\"og:type\" content=\"article\" \/>\n<meta property=\"og:title\" content=\"Red con mango de acero inoxidable de 12&quot;, BOYU FC-12. | Acuario Supremus\" \/>\n<meta property=\"og:description\" content=\"L\u00ednea de redes para captura o manejar grandes peces de grandes acuarios, estanques y acuicultura, peces de mas de 1 kilogramo de peso.\" \/>\n<meta property=\"og:url\" content=\"https:\/\/acuariosupremus.com\/?product=red-con-mango-de-acero-inoxidable-de-12-boyu-fc-12\" \/>\n<meta property=\"og:site_name\" content=\"Acuario Supremus\" \/>\n<meta property=\"article:publisher\" content=\"https:\/\/www.facebook.com\/AcuarioSupremus\" \/>\n<meta property=\"article:modified_time\" content=\"2025-12-26T21:49:45+00:00\" \/>\n<meta property=\"og:image\" content=\"https:\/\/acuariosupremus.com\/wp-content\/uploads\/2022\/05\/redes_boyu_fc_01.jpg\" \/>\n\t<meta property=\"og:image:width\" content=\"1250\" \/>\n\t<meta property=\"og:image:height\" content=\"1250\" \/>\n\t<meta property=\"og:image:type\" content=\"image\/jpeg\" \/>\n<meta name=\"twitter:card\" content=\"summary_large_image\" \/>\n<meta name=\"twitter:site\" content=\"@AcuarioSupremus\" \/>\n<meta name=\"twitter:label1\" content=\"Tiempo de lectura\" \/>\n\t<meta name=\"twitter:data1\" content=\"2 minutos\" \/>\n<script type=\"application\/ld+json\" class=\"yoast-schema-graph\">{\"@context\":\"https:\\\/\\\/schema.org\",\"@graph\":[{\"@type\":\"WebPage\",\"@id\":\"https:\\\/\\\/acuariosupremus.com\\\/?product=red-con-mango-de-acero-inoxidable-de-12-boyu-fc-12\",\"url\":\"https:\\\/\\\/acuariosupremus.com\\\/?product=red-con-mango-de-acero-inoxidable-de-12-boyu-fc-12\",\"name\":\"Red con mango de acero inoxidable de 12\\\", BOYU FC-12. | Acuario Supremus\",\"isPartOf\":{\"@id\":\"https:\\\/\\\/acuariosupremus.com\\\/#website\"},\"primaryImageOfPage\":{\"@id\":\"https:\\\/\\\/acuariosupremus.com\\\/?product=red-con-mango-de-acero-inoxidable-de-12-boyu-fc-12#primaryimage\"},\"image\":{\"@id\":\"https:\\\/\\\/acuariosupremus.com\\\/?product=red-con-mango-de-acero-inoxidable-de-12-boyu-fc-12#primaryimage\"},\"thumbnailUrl\":\"https:\\\/\\\/acuariosupremus.com\\\/wp-content\\\/uploads\\\/2022\\\/05\\\/redes_boyu_fc_01.jpg\",\"datePublished\":\"2022-05-06T21:39:57+00:00\",\"dateModified\":\"2025-12-26T21:49:45+00:00\",\"description\":\"L\u00ednea de redes para captura o manejar grandes peces de grandes acuarios, estanques y acuicultura, peces de mas de 1 kilogramo de peso.\",\"breadcrumb\":{\"@id\":\"https:\\\/\\\/acuariosupremus.com\\\/?product=red-con-mango-de-acero-inoxidable-de-12-boyu-fc-12#breadcrumb\"},\"inLanguage\":\"es\",\"potentialAction\":[{\"@type\":\"ReadAction\",\"target\":[\"https:\\\/\\\/acuariosupremus.com\\\/?product=red-con-mango-de-acero-inoxidable-de-12-boyu-fc-12\"]}]},{\"@type\":\"ImageObject\",\"inLanguage\":\"es\",\"@id\":\"https:\\\/\\\/acuariosupremus.com\\\/?product=red-con-mango-de-acero-inoxidable-de-12-boyu-fc-12#primaryimage\",\"url\":\"https:\\\/\\\/acuariosupremus.com\\\/wp-content\\\/uploads\\\/2022\\\/05\\\/redes_boyu_fc_01.jpg\",\"contentUrl\":\"https:\\\/\\\/acuariosupremus.com\\\/wp-content\\\/uploads\\\/2022\\\/05\\\/redes_boyu_fc_01.jpg\",\"width\":1250,\"height\":1250},{\"@type\":\"BreadcrumbList\",\"@id\":\"https:\\\/\\\/acuariosupremus.com\\\/?product=red-con-mango-de-acero-inoxidable-de-12-boyu-fc-12#breadcrumb\",\"itemListElement\":[{\"@type\":\"ListItem\",\"position\":1,\"name\":\"Portada\",\"item\":\"https:\\\/\\\/acuariosupremus.com\\\/\"},{\"@type\":\"ListItem\",\"position\":2,\"name\":\"Tienda\",\"item\":\"https:\\\/\\\/acuariosupremus.com\\\/tienda\\\/\"},{\"@type\":\"ListItem\",\"position\":3,\"name\":\"Red con mango de acero inoxidable de 12&#8243;, BOYU FC-12.\"}]},{\"@type\":\"WebSite\",\"@id\":\"https:\\\/\\\/acuariosupremus.com\\\/#website\",\"url\":\"https:\\\/\\\/acuariosupremus.com\\\/\",\"name\":\"Acuario Supremus\",\"description\":\"Peces, Peceras y Mascotas.\",\"publisher\":{\"@id\":\"https:\\\/\\\/acuariosupremus.com\\\/#organization\"},\"potentialAction\":[{\"@type\":\"SearchAction\",\"target\":{\"@type\":\"EntryPoint\",\"urlTemplate\":\"https:\\\/\\\/acuariosupremus.com\\\/?s={search_term_string}\"},\"query-input\":{\"@type\":\"PropertyValueSpecification\",\"valueRequired\":true,\"valueName\":\"search_term_string\"}}],\"inLanguage\":\"es\"},{\"@type\":\"Organization\",\"@id\":\"https:\\\/\\\/acuariosupremus.com\\\/#organization\",\"name\":\"Acuario Supremus\",\"url\":\"https:\\\/\\\/acuariosupremus.com\\\/\",\"logo\":{\"@type\":\"ImageObject\",\"inLanguage\":\"es\",\"@id\":\"https:\\\/\\\/acuariosupremus.com\\\/#\\\/schema\\\/logo\\\/image\\\/\",\"url\":\"https:\\\/\\\/acuariosupremus.com\\\/wp-content\\\/uploads\\\/2021\\\/12\\\/cropped-logo_acuario_supremus_fn-2.png\",\"contentUrl\":\"https:\\\/\\\/acuariosupremus.com\\\/wp-content\\\/uploads\\\/2021\\\/12\\\/cropped-logo_acuario_supremus_fn-2.png\",\"width\":1000,\"height\":318,\"caption\":\"Acuario Supremus\"},\"image\":{\"@id\":\"https:\\\/\\\/acuariosupremus.com\\\/#\\\/schema\\\/logo\\\/image\\\/\"},\"sameAs\":[\"https:\\\/\\\/www.facebook.com\\\/AcuarioSupremus\",\"https:\\\/\\\/x.com\\\/AcuarioSupremus\",\"https:\\\/\\\/www.instagram.com\\\/acuariosupremus\\\/?hl=es\"]}]}<\/script>\n<!-- \/ Yoast SEO plugin. -->","yoast_head_json":{"title":"Red con mango de acero inoxidable de 12\", BOYU FC-12. | Acuario Supremus","description":"L\u00ednea de redes para captura o manejar grandes peces de grandes acuarios, estanques y acuicultura, peces de mas de 1 kilogramo de peso.","robots":{"index":"index","follow":"follow","max-snippet":"max-snippet:-1","max-image-preview":"max-image-preview:large","max-video-preview":"max-video-preview:-1"},"canonical":"https:\/\/acuariosupremus.com\/?product=red-con-mango-de-acero-inoxidable-de-12-boyu-fc-12","og_locale":"es_MX","og_type":"article","og_title":"Red con mango de acero inoxidable de 12\", BOYU FC-12. | Acuario Supremus","og_description":"L\u00ednea de redes para captura o manejar grandes peces de grandes acuarios, estanques y acuicultura, peces de mas de 1 kilogramo de peso.","og_url":"https:\/\/acuariosupremus.com\/?product=red-con-mango-de-acero-inoxidable-de-12-boyu-fc-12","og_site_name":"Acuario Supremus","article_publisher":"https:\/\/www.facebook.com\/AcuarioSupremus","article_modified_time":"2025-12-26T21:49:45+00:00","og_image":[{"width":1250,"height":1250,"url":"https:\/\/acuariosupremus.com\/wp-content\/uploads\/2022\/05\/redes_boyu_fc_01.jpg","type":"image\/jpeg"}],"twitter_card":"summary_large_image","twitter_site":"@AcuarioSupremus","twitter_misc":{"Tiempo de lectura":"2 minutos"},"schema":{"@context":"https:\/\/schema.org","@graph":[{"@type":"WebPage","@id":"https:\/\/acuariosupremus.com\/?product=red-con-mango-de-acero-inoxidable-de-12-boyu-fc-12","url":"https:\/\/acuariosupremus.com\/?product=red-con-mango-de-acero-inoxidable-de-12-boyu-fc-12","name":"Red con mango de acero inoxidable de 12\", BOYU FC-12. | Acuario Supremus","isPartOf":{"@id":"https:\/\/acuariosupremus.com\/#website"},"primaryImageOfPage":{"@id":"https:\/\/acuariosupremus.com\/?product=red-con-mango-de-acero-inoxidable-de-12-boyu-fc-12#primaryimage"},"image":{"@id":"https:\/\/acuariosupremus.com\/?product=red-con-mango-de-acero-inoxidable-de-12-boyu-fc-12#primaryimage"},"thumbnailUrl":"https:\/\/acuariosupremus.com\/wp-content\/uploads\/2022\/05\/redes_boyu_fc_01.jpg","datePublished":"2022-05-06T21:39:57+00:00","dateModified":"2025-12-26T21:49:45+00:00","description":"L\u00ednea de redes para captura o manejar grandes peces de grandes acuarios, estanques y acuicultura, peces de mas de 1 kilogramo de peso.","breadcrumb":{"@id":"https:\/\/acuariosupremus.com\/?product=red-con-mango-de-acero-inoxidable-de-12-boyu-fc-12#breadcrumb"},"inLanguage":"es","potentialAction":[{"@type":"ReadAction","target":["https:\/\/acuariosupremus.com\/?product=red-con-mango-de-acero-inoxidable-de-12-boyu-fc-12"]}]},{"@type":"ImageObject","inLanguage":"es","@id":"https:\/\/acuariosupremus.com\/?product=red-con-mango-de-acero-inoxidable-de-12-boyu-fc-12#primaryimage","url":"https:\/\/acuariosupremus.com\/wp-content\/uploads\/2022\/05\/redes_boyu_fc_01.jpg","contentUrl":"https:\/\/acuariosupremus.com\/wp-content\/uploads\/2022\/05\/redes_boyu_fc_01.jpg","width":1250,"height":1250},{"@type":"BreadcrumbList","@id":"https:\/\/acuariosupremus.com\/?product=red-con-mango-de-acero-inoxidable-de-12-boyu-fc-12#breadcrumb","itemListElement":[{"@type":"ListItem","position":1,"name":"Portada","item":"https:\/\/acuariosupremus.com\/"},{"@type":"ListItem","position":2,"name":"Tienda","item":"https:\/\/acuariosupremus.com\/tienda\/"},{"@type":"ListItem","position":3,"name":"Red con mango de acero inoxidable de 12&#8243;, BOYU FC-12."}]},{"@type":"WebSite","@id":"https:\/\/acuariosupremus.com\/#website","url":"https:\/\/acuariosupremus.com\/","name":"Acuario Supremus","description":"Peces, Peceras y Mascotas.","publisher":{"@id":"https:\/\/acuariosupremus.com\/#organization"},"potentialAction":[{"@type":"SearchAction","target":{"@type":"EntryPoint","urlTemplate":"https:\/\/acuariosupremus.com\/?s={search_term_string}"},"query-input":{"@type":"PropertyValueSpecification","valueRequired":true,"valueName":"search_term_string"}}],"inLanguage":"es"},{"@type":"Organization","@id":"https:\/\/acuariosupremus.com\/#organization","name":"Acuario Supremus","url":"https:\/\/acuariosupremus.com\/","logo":{"@type":"ImageObject","inLanguage":"es","@id":"https:\/\/acuariosupremus.com\/#\/schema\/logo\/image\/","url":"https:\/\/acuariosupremus.com\/wp-content\/uploads\/2021\/12\/cropped-logo_acuario_supremus_fn-2.png","contentUrl":"https:\/\/acuariosupremus.com\/wp-content\/uploads\/2021\/12\/cropped-logo_acuario_supremus_fn-2.png","width":1000,"height":318,"caption":"Acuario Supremus"},"image":{"@id":"https:\/\/acuariosupremus.com\/#\/schema\/logo\/image\/"},"sameAs":["https:\/\/www.facebook.com\/AcuarioSupremus","https:\/\/x.com\/AcuarioSupremus","https:\/\/www.instagram.com\/acuariosupremus\/?hl=es"]}]}},"jetpack_sharing_enabled":true,"_links":{"self":[{"href":"https:\/\/acuariosupremus.com\/index.php?rest_route=\/wp\/v2\/product\/8712","targetHints":{"allow":["GET"]}}],"collection":[{"href":"https:\/\/acuariosupremus.com\/index.php?rest_route=\/wp\/v2\/product"}],"about":[{"href":"https:\/\/acuariosupremus.com\/index.php?rest_route=\/wp\/v2\/types\/product"}],"wp:featuredmedia":[{"embeddable":true,"href":"https:\/\/acuariosupremus.com\/index.php?rest_route=\/wp\/v2\/media\/8711"}],"wp:attachment":[{"href":"https:\/\/acuariosupremus.com\/index.php?rest_route=%2Fwp%2Fv2%2Fmedia&parent=8712"}],"wp:term":[{"taxonomy":"product_brand","embeddable":true,"href":"https:\/\/acuariosupremus.com\/index.php?rest_route=%2Fwp%2Fv2%2Fproduct_brand&post=8712"},{"taxonomy":"product_cat","embeddable":true,"href":"https:\/\/acuariosupremus.com\/index.php?rest_route=%2Fwp%2Fv2%2Fproduct_cat&post=8712"},{"taxonomy":"product_tag","embeddable":true,"href":"https:\/\/acuariosupremus.com\/index.php?rest_route=%2Fwp%2Fv2%2Fproduct_tag&post=8712"}],"curies":[{"name":"wp","href":"https:\/\/api.w.org\/{rel}","templated":true}]}}