{"id":8720,"date":"2022-05-06T16:57:15","date_gmt":"2022-05-06T21:57:15","guid":{"rendered":"https:\/\/acuariosupremus.com\/?post_type=product&#038;p=8720"},"modified":"2025-05-10T13:37:46","modified_gmt":"2025-05-10T19:37:46","slug":"red-con-mango-plastico-de-4-boyu-fn-1104","status":"publish","type":"product","link":"https:\/\/acuariosupremus.com\/?product=red-con-mango-plastico-de-4-boyu-fn-1104","title":{"rendered":"Red con mango pl\u00e1stico de 4\u201d, BOYU FN-1104."},"content":{"rendered":"<p>Tambi\u00e9n ofrece una gran eficacia colectando los restos de suciedad tras la poda de las plantas o un mantenimiento, realizando movimientos envolventes a lo largo de su acuario o estanque. El mango de la red est\u00e1 elaborado con un doble trenzado de alambre de acero flexible y forrado con un elast\u00f3mero at\u00f3xico totalmente inocuo al agua dulce o salada. Esta funda pl\u00e1stica protege del \u00f3xido al alambre, que compone adem\u00e1s el marco de la red. La flexibilidad de este alambre permite adaptar la forma del marco y doblar convenientemente el mango para adaptarse a accesos y situaciones concretas. El extremo del mango cuenta con bucle con una funda pl\u00e1stica extra en para aumentar la comodidad de uso y poder colgarla para su secado. Esta red est\u00e1 elaborada con acero y pl\u00e1sticos inertes al agua de alta calidad, que garantizar\u00e1n una larga vida \u00fatil y la posibilidad de realizar un tratamiento profil\u00e1ctico para evitar transmisiones de enfermedades entre acuarios. El grosor del alambre y su funda se adaptan a las 10 medidas distintas de la red, para asegurar una solidez suficiente sin perder la necesaria ligereza para un uso pr\u00e1ctico.<\/p>\n<p>Longitud total 308 (mm) Medidas red 87 x 93 x 60 (I x a x h mm) Medidas red 4 (diagonal \u201c) Medidas con embalaje 87 x 93 x 10 (mm) Peso 35 (grs.) Peso con embalaje 35 (grs.).<\/p>\n","protected":false},"excerpt":{"rendered":"<p>Red de doble trenzado FN.<\/p>\n<p>La red de captura (o cuchara) presenta un tejido de nylon mono-hilo con forma hexagonal con aproximadamente 1 mil\u00edmetro de poro de luz, y ofrece de diez distintos tama\u00f1os para adaptarse a las necesidades de cualquier acuario y condiciones de uso, variando desde los 56 hasta los 825 cm2de superficie, con una profundidad de cuchara desde los 6 hasta los 30 cm. Este tipo de red evita posibles da\u00f1os en la mucosa de los peces a la hora de ser manipulados, y favorece un r\u00e1pido movimiento de esta a trav\u00e9s del agua, necesario para facilitar una exitosa captura.<\/p>\n","protected":false},"featured_media":8715,"template":"","meta":[],"product_brand":[122],"product_cat":[40,58],"product_tag":[237],"class_list":{"0":"post-8720","1":"product","2":"type-product","3":"status-publish","4":"has-post-thumbnail","6":"product_brand-boyu","7":"product_cat-peces","8":"product_cat-redes","9":"product_tag-red-malla-gruesa","11":"first","12":"instock","13":"shipping-taxable","14":"purchasable","15":"product-type-simple"},"yoast_head":"<!-- This site is optimized with the Yoast SEO plugin v27.4 - https:\/\/yoast.com\/product\/yoast-seo-wordpress\/ -->\n<title>Red con mango pl\u00e1stico de 4\u201d, BOYU FN-1104. | Acuario Supremus<\/title>\n<meta name=\"description\" content=\"La red de captura presenta un tejido de nylon mono-hilo con forma hexagonal con aproximadamente 1 mil\u00edmetro de poro de luz.\" \/>\n<meta name=\"robots\" content=\"index, follow, max-snippet:-1, max-image-preview:large, max-video-preview:-1\" \/>\n<link rel=\"canonical\" href=\"https:\/\/acuariosupremus.com\/producto\/red-con-mango-plastico-de-4-boyu-fn-1104\/\" \/>\n<meta property=\"og:locale\" content=\"es_MX\" \/>\n<meta property=\"og:type\" content=\"article\" \/>\n<meta property=\"og:title\" content=\"Red con mango pl\u00e1stico de 4\u201d, BOYU FN-1104. | Acuario Supremus\" \/>\n<meta property=\"og:description\" content=\"La red de captura presenta un tejido de nylon mono-hilo con forma hexagonal con aproximadamente 1 mil\u00edmetro de poro de luz.\" \/>\n<meta property=\"og:url\" content=\"https:\/\/acuariosupremus.com\/producto\/red-con-mango-plastico-de-4-boyu-fn-1104\/\" \/>\n<meta property=\"og:site_name\" content=\"Acuario Supremus\" \/>\n<meta property=\"article:publisher\" content=\"https:\/\/www.facebook.com\/AcuarioSupremus\" \/>\n<meta property=\"article:modified_time\" content=\"2025-05-10T19:37:46+00:00\" \/>\n<meta property=\"og:image\" content=\"https:\/\/acuariosupremus.com\/wp-content\/uploads\/2022\/05\/redes_boyu_fn_01.jpg\" \/>\n\t<meta property=\"og:image:width\" content=\"1250\" \/>\n\t<meta property=\"og:image:height\" content=\"1250\" \/>\n\t<meta property=\"og:image:type\" content=\"image\/jpeg\" \/>\n<meta name=\"twitter:card\" content=\"summary_large_image\" \/>\n<meta name=\"twitter:site\" content=\"@AcuarioSupremus\" \/>\n<meta name=\"twitter:label1\" content=\"Tiempo de lectura\" \/>\n\t<meta name=\"twitter:data1\" content=\"2 minutos\" \/>\n<script type=\"application\/ld+json\" class=\"yoast-schema-graph\">{\"@context\":\"https:\\\/\\\/schema.org\",\"@graph\":[{\"@type\":\"WebPage\",\"@id\":\"https:\\\/\\\/acuariosupremus.com\\\/producto\\\/red-con-mango-plastico-de-4-boyu-fn-1104\\\/\",\"url\":\"https:\\\/\\\/acuariosupremus.com\\\/producto\\\/red-con-mango-plastico-de-4-boyu-fn-1104\\\/\",\"name\":\"Red con mango pl\u00e1stico de 4\u201d, BOYU FN-1104. | Acuario Supremus\",\"isPartOf\":{\"@id\":\"https:\\\/\\\/acuariosupremus.com\\\/#website\"},\"primaryImageOfPage\":{\"@id\":\"https:\\\/\\\/acuariosupremus.com\\\/producto\\\/red-con-mango-plastico-de-4-boyu-fn-1104\\\/#primaryimage\"},\"image\":{\"@id\":\"https:\\\/\\\/acuariosupremus.com\\\/producto\\\/red-con-mango-plastico-de-4-boyu-fn-1104\\\/#primaryimage\"},\"thumbnailUrl\":\"https:\\\/\\\/acuariosupremus.com\\\/wp-content\\\/uploads\\\/2022\\\/05\\\/redes_boyu_fn_01.jpg\",\"datePublished\":\"2022-05-06T21:57:15+00:00\",\"dateModified\":\"2025-05-10T19:37:46+00:00\",\"description\":\"La red de captura presenta un tejido de nylon mono-hilo con forma hexagonal con aproximadamente 1 mil\u00edmetro de poro de luz.\",\"breadcrumb\":{\"@id\":\"https:\\\/\\\/acuariosupremus.com\\\/producto\\\/red-con-mango-plastico-de-4-boyu-fn-1104\\\/#breadcrumb\"},\"inLanguage\":\"es\",\"potentialAction\":[{\"@type\":\"ReadAction\",\"target\":[\"https:\\\/\\\/acuariosupremus.com\\\/producto\\\/red-con-mango-plastico-de-4-boyu-fn-1104\\\/\"]}]},{\"@type\":\"ImageObject\",\"inLanguage\":\"es\",\"@id\":\"https:\\\/\\\/acuariosupremus.com\\\/producto\\\/red-con-mango-plastico-de-4-boyu-fn-1104\\\/#primaryimage\",\"url\":\"https:\\\/\\\/acuariosupremus.com\\\/wp-content\\\/uploads\\\/2022\\\/05\\\/redes_boyu_fn_01.jpg\",\"contentUrl\":\"https:\\\/\\\/acuariosupremus.com\\\/wp-content\\\/uploads\\\/2022\\\/05\\\/redes_boyu_fn_01.jpg\",\"width\":1250,\"height\":1250},{\"@type\":\"BreadcrumbList\",\"@id\":\"https:\\\/\\\/acuariosupremus.com\\\/producto\\\/red-con-mango-plastico-de-4-boyu-fn-1104\\\/#breadcrumb\",\"itemListElement\":[{\"@type\":\"ListItem\",\"position\":1,\"name\":\"Portada\",\"item\":\"https:\\\/\\\/acuariosupremus.com\\\/\"},{\"@type\":\"ListItem\",\"position\":2,\"name\":\"Tienda\",\"item\":\"https:\\\/\\\/acuariosupremus.com\\\/tienda\\\/\"},{\"@type\":\"ListItem\",\"position\":3,\"name\":\"Red con mango pl\u00e1stico de 4\u201d, BOYU FN-1104.\"}]},{\"@type\":\"WebSite\",\"@id\":\"https:\\\/\\\/acuariosupremus.com\\\/#website\",\"url\":\"https:\\\/\\\/acuariosupremus.com\\\/\",\"name\":\"Acuario Supremus\",\"description\":\"Peces, Peceras y Mascotas.\",\"publisher\":{\"@id\":\"https:\\\/\\\/acuariosupremus.com\\\/#organization\"},\"potentialAction\":[{\"@type\":\"SearchAction\",\"target\":{\"@type\":\"EntryPoint\",\"urlTemplate\":\"https:\\\/\\\/acuariosupremus.com\\\/?s={search_term_string}\"},\"query-input\":{\"@type\":\"PropertyValueSpecification\",\"valueRequired\":true,\"valueName\":\"search_term_string\"}}],\"inLanguage\":\"es\"},{\"@type\":\"Organization\",\"@id\":\"https:\\\/\\\/acuariosupremus.com\\\/#organization\",\"name\":\"Acuario Supremus\",\"url\":\"https:\\\/\\\/acuariosupremus.com\\\/\",\"logo\":{\"@type\":\"ImageObject\",\"inLanguage\":\"es\",\"@id\":\"https:\\\/\\\/acuariosupremus.com\\\/#\\\/schema\\\/logo\\\/image\\\/\",\"url\":\"https:\\\/\\\/acuariosupremus.com\\\/wp-content\\\/uploads\\\/2021\\\/12\\\/cropped-logo_acuario_supremus_fn-2.png\",\"contentUrl\":\"https:\\\/\\\/acuariosupremus.com\\\/wp-content\\\/uploads\\\/2021\\\/12\\\/cropped-logo_acuario_supremus_fn-2.png\",\"width\":1000,\"height\":318,\"caption\":\"Acuario Supremus\"},\"image\":{\"@id\":\"https:\\\/\\\/acuariosupremus.com\\\/#\\\/schema\\\/logo\\\/image\\\/\"},\"sameAs\":[\"https:\\\/\\\/www.facebook.com\\\/AcuarioSupremus\",\"https:\\\/\\\/x.com\\\/AcuarioSupremus\",\"https:\\\/\\\/www.instagram.com\\\/acuariosupremus\\\/?hl=es\"]}]}<\/script>\n<!-- \/ Yoast SEO plugin. -->","yoast_head_json":{"title":"Red con mango pl\u00e1stico de 4\u201d, BOYU FN-1104. | Acuario Supremus","description":"La red de captura presenta un tejido de nylon mono-hilo con forma hexagonal con aproximadamente 1 mil\u00edmetro de poro de luz.","robots":{"index":"index","follow":"follow","max-snippet":"max-snippet:-1","max-image-preview":"max-image-preview:large","max-video-preview":"max-video-preview:-1"},"canonical":"https:\/\/acuariosupremus.com\/producto\/red-con-mango-plastico-de-4-boyu-fn-1104\/","og_locale":"es_MX","og_type":"article","og_title":"Red con mango pl\u00e1stico de 4\u201d, BOYU FN-1104. | Acuario Supremus","og_description":"La red de captura presenta un tejido de nylon mono-hilo con forma hexagonal con aproximadamente 1 mil\u00edmetro de poro de luz.","og_url":"https:\/\/acuariosupremus.com\/producto\/red-con-mango-plastico-de-4-boyu-fn-1104\/","og_site_name":"Acuario Supremus","article_publisher":"https:\/\/www.facebook.com\/AcuarioSupremus","article_modified_time":"2025-05-10T19:37:46+00:00","og_image":[{"width":1250,"height":1250,"url":"https:\/\/acuariosupremus.com\/wp-content\/uploads\/2022\/05\/redes_boyu_fn_01.jpg","type":"image\/jpeg"}],"twitter_card":"summary_large_image","twitter_site":"@AcuarioSupremus","twitter_misc":{"Tiempo de lectura":"2 minutos"},"schema":{"@context":"https:\/\/schema.org","@graph":[{"@type":"WebPage","@id":"https:\/\/acuariosupremus.com\/producto\/red-con-mango-plastico-de-4-boyu-fn-1104\/","url":"https:\/\/acuariosupremus.com\/producto\/red-con-mango-plastico-de-4-boyu-fn-1104\/","name":"Red con mango pl\u00e1stico de 4\u201d, BOYU FN-1104. | Acuario Supremus","isPartOf":{"@id":"https:\/\/acuariosupremus.com\/#website"},"primaryImageOfPage":{"@id":"https:\/\/acuariosupremus.com\/producto\/red-con-mango-plastico-de-4-boyu-fn-1104\/#primaryimage"},"image":{"@id":"https:\/\/acuariosupremus.com\/producto\/red-con-mango-plastico-de-4-boyu-fn-1104\/#primaryimage"},"thumbnailUrl":"https:\/\/acuariosupremus.com\/wp-content\/uploads\/2022\/05\/redes_boyu_fn_01.jpg","datePublished":"2022-05-06T21:57:15+00:00","dateModified":"2025-05-10T19:37:46+00:00","description":"La red de captura presenta un tejido de nylon mono-hilo con forma hexagonal con aproximadamente 1 mil\u00edmetro de poro de luz.","breadcrumb":{"@id":"https:\/\/acuariosupremus.com\/producto\/red-con-mango-plastico-de-4-boyu-fn-1104\/#breadcrumb"},"inLanguage":"es","potentialAction":[{"@type":"ReadAction","target":["https:\/\/acuariosupremus.com\/producto\/red-con-mango-plastico-de-4-boyu-fn-1104\/"]}]},{"@type":"ImageObject","inLanguage":"es","@id":"https:\/\/acuariosupremus.com\/producto\/red-con-mango-plastico-de-4-boyu-fn-1104\/#primaryimage","url":"https:\/\/acuariosupremus.com\/wp-content\/uploads\/2022\/05\/redes_boyu_fn_01.jpg","contentUrl":"https:\/\/acuariosupremus.com\/wp-content\/uploads\/2022\/05\/redes_boyu_fn_01.jpg","width":1250,"height":1250},{"@type":"BreadcrumbList","@id":"https:\/\/acuariosupremus.com\/producto\/red-con-mango-plastico-de-4-boyu-fn-1104\/#breadcrumb","itemListElement":[{"@type":"ListItem","position":1,"name":"Portada","item":"https:\/\/acuariosupremus.com\/"},{"@type":"ListItem","position":2,"name":"Tienda","item":"https:\/\/acuariosupremus.com\/tienda\/"},{"@type":"ListItem","position":3,"name":"Red con mango pl\u00e1stico de 4\u201d, BOYU FN-1104."}]},{"@type":"WebSite","@id":"https:\/\/acuariosupremus.com\/#website","url":"https:\/\/acuariosupremus.com\/","name":"Acuario Supremus","description":"Peces, Peceras y Mascotas.","publisher":{"@id":"https:\/\/acuariosupremus.com\/#organization"},"potentialAction":[{"@type":"SearchAction","target":{"@type":"EntryPoint","urlTemplate":"https:\/\/acuariosupremus.com\/?s={search_term_string}"},"query-input":{"@type":"PropertyValueSpecification","valueRequired":true,"valueName":"search_term_string"}}],"inLanguage":"es"},{"@type":"Organization","@id":"https:\/\/acuariosupremus.com\/#organization","name":"Acuario Supremus","url":"https:\/\/acuariosupremus.com\/","logo":{"@type":"ImageObject","inLanguage":"es","@id":"https:\/\/acuariosupremus.com\/#\/schema\/logo\/image\/","url":"https:\/\/acuariosupremus.com\/wp-content\/uploads\/2021\/12\/cropped-logo_acuario_supremus_fn-2.png","contentUrl":"https:\/\/acuariosupremus.com\/wp-content\/uploads\/2021\/12\/cropped-logo_acuario_supremus_fn-2.png","width":1000,"height":318,"caption":"Acuario Supremus"},"image":{"@id":"https:\/\/acuariosupremus.com\/#\/schema\/logo\/image\/"},"sameAs":["https:\/\/www.facebook.com\/AcuarioSupremus","https:\/\/x.com\/AcuarioSupremus","https:\/\/www.instagram.com\/acuariosupremus\/?hl=es"]}]}},"jetpack_sharing_enabled":true,"_links":{"self":[{"href":"https:\/\/acuariosupremus.com\/index.php?rest_route=\/wp\/v2\/product\/8720","targetHints":{"allow":["GET"]}}],"collection":[{"href":"https:\/\/acuariosupremus.com\/index.php?rest_route=\/wp\/v2\/product"}],"about":[{"href":"https:\/\/acuariosupremus.com\/index.php?rest_route=\/wp\/v2\/types\/product"}],"wp:featuredmedia":[{"embeddable":true,"href":"https:\/\/acuariosupremus.com\/index.php?rest_route=\/wp\/v2\/media\/8715"}],"wp:attachment":[{"href":"https:\/\/acuariosupremus.com\/index.php?rest_route=%2Fwp%2Fv2%2Fmedia&parent=8720"}],"wp:term":[{"taxonomy":"product_brand","embeddable":true,"href":"https:\/\/acuariosupremus.com\/index.php?rest_route=%2Fwp%2Fv2%2Fproduct_brand&post=8720"},{"taxonomy":"product_cat","embeddable":true,"href":"https:\/\/acuariosupremus.com\/index.php?rest_route=%2Fwp%2Fv2%2Fproduct_cat&post=8720"},{"taxonomy":"product_tag","embeddable":true,"href":"https:\/\/acuariosupremus.com\/index.php?rest_route=%2Fwp%2Fv2%2Fproduct_tag&post=8720"}],"curies":[{"name":"wp","href":"https:\/\/api.w.org\/{rel}","templated":true}]}}