{"id":8734,"date":"2022-05-06T17:52:58","date_gmt":"2022-05-06T22:52:58","guid":{"rendered":"https:\/\/acuariosupremus.com\/?post_type=product&#038;p=8734"},"modified":"2025-05-10T13:42:41","modified_gmt":"2025-05-10T19:42:41","slug":"rasqueta-mango-metalico-limpieza-de-cristales-boyu-as-103","status":"publish","type":"product","link":"https:\/\/acuariosupremus.com\/?product=rasqueta-mango-metalico-limpieza-de-cristales-boyu-as-103","title":{"rendered":"Rasqueta mango met\u00e1lico limpieza de cristales, BOYU AS-103."},"content":{"rendered":"<p>En una de las caras de su extremo presenta una esponja muy suave y fina, capaz de arrastrar las algas tapizantes menos persistentes. Esta esponja le permitir\u00e1 eliminar incluso aquellas algas tediosas que han crecido dentro de antiguas ralladuras de su vidrio o acr\u00edlico. Por el otro lado posee una micro-fibra abrasiva capaz de despegar cualquier tipo de alga y suciedad incrustada sin rallar el vidrio. Advertencia: no use esta fibra verde con material acr\u00edlico o metacrilato.<br \/>\nEl mango est\u00e1 construido en acero cromado de gran calidad, con un perfil circular que aporta una gran solidez y ligereza. El mango incluye una pieza ergon\u00f3mica de pl\u00e1stico en su extremo que a\u00f1ade un mayor control y precisi\u00f3n a la hora de guiar la banda de goma, la esponja o la micro-fibra a lo largo de las paredes del acuario. Esta herramienta est\u00e1 fabricada con materiales de muy alta calidad, inocuos al agua dulce o salada y resistentes a la corrosi\u00f3n. Estas propiedades junto con la gran solidez de su mango le garantizan una larga vida \u00fatil y le ahorrar\u00e1n mucho tiempo para realizar sus labores peri\u00f3dicas de mantenimiento.<\/p>\n<p>Longitud total 520 (mm) Medidas\u00a0 595 x 80 x 55 (I x a x h mm)\u00a0 Medidas con embalaje 595 x 80 x 55 (mm) Peso 80 (grs.) Peso con embalaje 95 (grs.).<\/p>\n","protected":false},"excerpt":{"rendered":"<p>Multi-rasqueta triple funci\u00f3n con mango met\u00e1lico.<\/p>\n<p>La rasqueta de triple funci\u00f3n AS-103 es excelente para limpiar las algas del vidrio de su acuario sin el riesgo de producir ralladuras. Cuenta con una banda de goma en su extremo especialmente dise\u00f1ada para arrastrar las algas m\u00e1s persistentes como las filamentosas o las temidas \u201calgas pincel\u201d. El elast\u00f3mero con el que est\u00e1 fabricada esta banda de goma posee la solidez necesaria para arrancar f\u00e1cilmente las algas, y al mismo tiempo tiene la flexibilidad suficiente como para para adaptarse a las esquinas y superficies curvas de los acuarios BOYU.<\/p>\n","protected":false},"featured_media":8772,"template":"","meta":[],"product_brand":[122],"product_cat":[40,62],"product_tag":[259],"class_list":{"0":"post-8734","1":"product","2":"type-product","3":"status-publish","4":"has-post-thumbnail","6":"product_brand-boyu","7":"product_cat-peces","8":"product_cat-sifon-rasquetas-mantenimiento","9":"product_tag-rasqueta-acuario","11":"first","12":"instock","13":"shipping-taxable","14":"purchasable","15":"product-type-simple"},"yoast_head":"<!-- This site is optimized with the Yoast SEO plugin v27.4 - https:\/\/yoast.com\/product\/yoast-seo-wordpress\/ -->\n<title>Rasqueta mango met\u00e1lico limpieza de cristales, BOYU AS-103. | Acuario Supremus<\/title>\n<meta name=\"description\" content=\"La rasqueta de triple funci\u00f3n AS-103 es excelente para limpiar las algas del vidrio de su acuario sin el riesgo de producir ralladuras.\" \/>\n<meta name=\"robots\" content=\"index, follow, max-snippet:-1, max-image-preview:large, max-video-preview:-1\" \/>\n<link rel=\"canonical\" href=\"https:\/\/acuariosupremus.com\/?product=rasqueta-mango-metalico-limpieza-de-cristales-boyu-as-103\" \/>\n<meta property=\"og:locale\" content=\"es_MX\" \/>\n<meta property=\"og:type\" content=\"article\" \/>\n<meta property=\"og:title\" content=\"Rasqueta mango met\u00e1lico limpieza de cristales, BOYU AS-103. | Acuario Supremus\" \/>\n<meta property=\"og:description\" content=\"La rasqueta de triple funci\u00f3n AS-103 es excelente para limpiar las algas del vidrio de su acuario sin el riesgo de producir ralladuras.\" \/>\n<meta property=\"og:url\" content=\"https:\/\/acuariosupremus.com\/?product=rasqueta-mango-metalico-limpieza-de-cristales-boyu-as-103\" \/>\n<meta property=\"og:site_name\" content=\"Acuario Supremus\" \/>\n<meta property=\"article:publisher\" content=\"https:\/\/www.facebook.com\/AcuarioSupremus\" \/>\n<meta property=\"article:modified_time\" content=\"2025-05-10T19:42:41+00:00\" \/>\n<meta property=\"og:image\" content=\"https:\/\/acuariosupremus.com\/wp-content\/uploads\/2022\/05\/rasqueta_mango_metalico_as103_07.jpg\" \/>\n\t<meta property=\"og:image:width\" content=\"1250\" \/>\n\t<meta property=\"og:image:height\" content=\"1250\" \/>\n\t<meta property=\"og:image:type\" content=\"image\/jpeg\" \/>\n<meta name=\"twitter:card\" content=\"summary_large_image\" \/>\n<meta name=\"twitter:site\" content=\"@AcuarioSupremus\" \/>\n<meta name=\"twitter:label1\" content=\"Tiempo de lectura\" \/>\n\t<meta name=\"twitter:data1\" content=\"2 minutos\" \/>\n<script type=\"application\/ld+json\" class=\"yoast-schema-graph\">{\"@context\":\"https:\\\/\\\/schema.org\",\"@graph\":[{\"@type\":\"WebPage\",\"@id\":\"https:\\\/\\\/acuariosupremus.com\\\/?product=rasqueta-mango-metalico-limpieza-de-cristales-boyu-as-103\",\"url\":\"https:\\\/\\\/acuariosupremus.com\\\/?product=rasqueta-mango-metalico-limpieza-de-cristales-boyu-as-103\",\"name\":\"Rasqueta mango met\u00e1lico limpieza de cristales, BOYU AS-103. | Acuario Supremus\",\"isPartOf\":{\"@id\":\"https:\\\/\\\/acuariosupremus.com\\\/#website\"},\"primaryImageOfPage\":{\"@id\":\"https:\\\/\\\/acuariosupremus.com\\\/?product=rasqueta-mango-metalico-limpieza-de-cristales-boyu-as-103#primaryimage\"},\"image\":{\"@id\":\"https:\\\/\\\/acuariosupremus.com\\\/?product=rasqueta-mango-metalico-limpieza-de-cristales-boyu-as-103#primaryimage\"},\"thumbnailUrl\":\"https:\\\/\\\/acuariosupremus.com\\\/wp-content\\\/uploads\\\/2022\\\/05\\\/rasqueta_mango_metalico_as103_07.jpg\",\"datePublished\":\"2022-05-06T22:52:58+00:00\",\"dateModified\":\"2025-05-10T19:42:41+00:00\",\"description\":\"La rasqueta de triple funci\u00f3n AS-103 es excelente para limpiar las algas del vidrio de su acuario sin el riesgo de producir ralladuras.\",\"breadcrumb\":{\"@id\":\"https:\\\/\\\/acuariosupremus.com\\\/?product=rasqueta-mango-metalico-limpieza-de-cristales-boyu-as-103#breadcrumb\"},\"inLanguage\":\"es\",\"potentialAction\":[{\"@type\":\"ReadAction\",\"target\":[\"https:\\\/\\\/acuariosupremus.com\\\/?product=rasqueta-mango-metalico-limpieza-de-cristales-boyu-as-103\"]}]},{\"@type\":\"ImageObject\",\"inLanguage\":\"es\",\"@id\":\"https:\\\/\\\/acuariosupremus.com\\\/?product=rasqueta-mango-metalico-limpieza-de-cristales-boyu-as-103#primaryimage\",\"url\":\"https:\\\/\\\/acuariosupremus.com\\\/wp-content\\\/uploads\\\/2022\\\/05\\\/rasqueta_mango_metalico_as103_07.jpg\",\"contentUrl\":\"https:\\\/\\\/acuariosupremus.com\\\/wp-content\\\/uploads\\\/2022\\\/05\\\/rasqueta_mango_metalico_as103_07.jpg\",\"width\":1250,\"height\":1250},{\"@type\":\"BreadcrumbList\",\"@id\":\"https:\\\/\\\/acuariosupremus.com\\\/?product=rasqueta-mango-metalico-limpieza-de-cristales-boyu-as-103#breadcrumb\",\"itemListElement\":[{\"@type\":\"ListItem\",\"position\":1,\"name\":\"Portada\",\"item\":\"https:\\\/\\\/acuariosupremus.com\\\/\"},{\"@type\":\"ListItem\",\"position\":2,\"name\":\"Tienda\",\"item\":\"https:\\\/\\\/acuariosupremus.com\\\/tienda\\\/\"},{\"@type\":\"ListItem\",\"position\":3,\"name\":\"Rasqueta mango met\u00e1lico limpieza de cristales, BOYU AS-103.\"}]},{\"@type\":\"WebSite\",\"@id\":\"https:\\\/\\\/acuariosupremus.com\\\/#website\",\"url\":\"https:\\\/\\\/acuariosupremus.com\\\/\",\"name\":\"Acuario Supremus\",\"description\":\"Peces, Peceras y Mascotas.\",\"publisher\":{\"@id\":\"https:\\\/\\\/acuariosupremus.com\\\/#organization\"},\"potentialAction\":[{\"@type\":\"SearchAction\",\"target\":{\"@type\":\"EntryPoint\",\"urlTemplate\":\"https:\\\/\\\/acuariosupremus.com\\\/?s={search_term_string}\"},\"query-input\":{\"@type\":\"PropertyValueSpecification\",\"valueRequired\":true,\"valueName\":\"search_term_string\"}}],\"inLanguage\":\"es\"},{\"@type\":\"Organization\",\"@id\":\"https:\\\/\\\/acuariosupremus.com\\\/#organization\",\"name\":\"Acuario Supremus\",\"url\":\"https:\\\/\\\/acuariosupremus.com\\\/\",\"logo\":{\"@type\":\"ImageObject\",\"inLanguage\":\"es\",\"@id\":\"https:\\\/\\\/acuariosupremus.com\\\/#\\\/schema\\\/logo\\\/image\\\/\",\"url\":\"https:\\\/\\\/acuariosupremus.com\\\/wp-content\\\/uploads\\\/2021\\\/12\\\/cropped-logo_acuario_supremus_fn-2.png\",\"contentUrl\":\"https:\\\/\\\/acuariosupremus.com\\\/wp-content\\\/uploads\\\/2021\\\/12\\\/cropped-logo_acuario_supremus_fn-2.png\",\"width\":1000,\"height\":318,\"caption\":\"Acuario Supremus\"},\"image\":{\"@id\":\"https:\\\/\\\/acuariosupremus.com\\\/#\\\/schema\\\/logo\\\/image\\\/\"},\"sameAs\":[\"https:\\\/\\\/www.facebook.com\\\/AcuarioSupremus\",\"https:\\\/\\\/x.com\\\/AcuarioSupremus\",\"https:\\\/\\\/www.instagram.com\\\/acuariosupremus\\\/?hl=es\"]}]}<\/script>\n<!-- \/ Yoast SEO plugin. -->","yoast_head_json":{"title":"Rasqueta mango met\u00e1lico limpieza de cristales, BOYU AS-103. | Acuario Supremus","description":"La rasqueta de triple funci\u00f3n AS-103 es excelente para limpiar las algas del vidrio de su acuario sin el riesgo de producir ralladuras.","robots":{"index":"index","follow":"follow","max-snippet":"max-snippet:-1","max-image-preview":"max-image-preview:large","max-video-preview":"max-video-preview:-1"},"canonical":"https:\/\/acuariosupremus.com\/?product=rasqueta-mango-metalico-limpieza-de-cristales-boyu-as-103","og_locale":"es_MX","og_type":"article","og_title":"Rasqueta mango met\u00e1lico limpieza de cristales, BOYU AS-103. | Acuario Supremus","og_description":"La rasqueta de triple funci\u00f3n AS-103 es excelente para limpiar las algas del vidrio de su acuario sin el riesgo de producir ralladuras.","og_url":"https:\/\/acuariosupremus.com\/?product=rasqueta-mango-metalico-limpieza-de-cristales-boyu-as-103","og_site_name":"Acuario Supremus","article_publisher":"https:\/\/www.facebook.com\/AcuarioSupremus","article_modified_time":"2025-05-10T19:42:41+00:00","og_image":[{"width":1250,"height":1250,"url":"https:\/\/acuariosupremus.com\/wp-content\/uploads\/2022\/05\/rasqueta_mango_metalico_as103_07.jpg","type":"image\/jpeg"}],"twitter_card":"summary_large_image","twitter_site":"@AcuarioSupremus","twitter_misc":{"Tiempo de lectura":"2 minutos"},"schema":{"@context":"https:\/\/schema.org","@graph":[{"@type":"WebPage","@id":"https:\/\/acuariosupremus.com\/?product=rasqueta-mango-metalico-limpieza-de-cristales-boyu-as-103","url":"https:\/\/acuariosupremus.com\/?product=rasqueta-mango-metalico-limpieza-de-cristales-boyu-as-103","name":"Rasqueta mango met\u00e1lico limpieza de cristales, BOYU AS-103. | Acuario Supremus","isPartOf":{"@id":"https:\/\/acuariosupremus.com\/#website"},"primaryImageOfPage":{"@id":"https:\/\/acuariosupremus.com\/?product=rasqueta-mango-metalico-limpieza-de-cristales-boyu-as-103#primaryimage"},"image":{"@id":"https:\/\/acuariosupremus.com\/?product=rasqueta-mango-metalico-limpieza-de-cristales-boyu-as-103#primaryimage"},"thumbnailUrl":"https:\/\/acuariosupremus.com\/wp-content\/uploads\/2022\/05\/rasqueta_mango_metalico_as103_07.jpg","datePublished":"2022-05-06T22:52:58+00:00","dateModified":"2025-05-10T19:42:41+00:00","description":"La rasqueta de triple funci\u00f3n AS-103 es excelente para limpiar las algas del vidrio de su acuario sin el riesgo de producir ralladuras.","breadcrumb":{"@id":"https:\/\/acuariosupremus.com\/?product=rasqueta-mango-metalico-limpieza-de-cristales-boyu-as-103#breadcrumb"},"inLanguage":"es","potentialAction":[{"@type":"ReadAction","target":["https:\/\/acuariosupremus.com\/?product=rasqueta-mango-metalico-limpieza-de-cristales-boyu-as-103"]}]},{"@type":"ImageObject","inLanguage":"es","@id":"https:\/\/acuariosupremus.com\/?product=rasqueta-mango-metalico-limpieza-de-cristales-boyu-as-103#primaryimage","url":"https:\/\/acuariosupremus.com\/wp-content\/uploads\/2022\/05\/rasqueta_mango_metalico_as103_07.jpg","contentUrl":"https:\/\/acuariosupremus.com\/wp-content\/uploads\/2022\/05\/rasqueta_mango_metalico_as103_07.jpg","width":1250,"height":1250},{"@type":"BreadcrumbList","@id":"https:\/\/acuariosupremus.com\/?product=rasqueta-mango-metalico-limpieza-de-cristales-boyu-as-103#breadcrumb","itemListElement":[{"@type":"ListItem","position":1,"name":"Portada","item":"https:\/\/acuariosupremus.com\/"},{"@type":"ListItem","position":2,"name":"Tienda","item":"https:\/\/acuariosupremus.com\/tienda\/"},{"@type":"ListItem","position":3,"name":"Rasqueta mango met\u00e1lico limpieza de cristales, BOYU AS-103."}]},{"@type":"WebSite","@id":"https:\/\/acuariosupremus.com\/#website","url":"https:\/\/acuariosupremus.com\/","name":"Acuario Supremus","description":"Peces, Peceras y Mascotas.","publisher":{"@id":"https:\/\/acuariosupremus.com\/#organization"},"potentialAction":[{"@type":"SearchAction","target":{"@type":"EntryPoint","urlTemplate":"https:\/\/acuariosupremus.com\/?s={search_term_string}"},"query-input":{"@type":"PropertyValueSpecification","valueRequired":true,"valueName":"search_term_string"}}],"inLanguage":"es"},{"@type":"Organization","@id":"https:\/\/acuariosupremus.com\/#organization","name":"Acuario Supremus","url":"https:\/\/acuariosupremus.com\/","logo":{"@type":"ImageObject","inLanguage":"es","@id":"https:\/\/acuariosupremus.com\/#\/schema\/logo\/image\/","url":"https:\/\/acuariosupremus.com\/wp-content\/uploads\/2021\/12\/cropped-logo_acuario_supremus_fn-2.png","contentUrl":"https:\/\/acuariosupremus.com\/wp-content\/uploads\/2021\/12\/cropped-logo_acuario_supremus_fn-2.png","width":1000,"height":318,"caption":"Acuario Supremus"},"image":{"@id":"https:\/\/acuariosupremus.com\/#\/schema\/logo\/image\/"},"sameAs":["https:\/\/www.facebook.com\/AcuarioSupremus","https:\/\/x.com\/AcuarioSupremus","https:\/\/www.instagram.com\/acuariosupremus\/?hl=es"]}]}},"jetpack_sharing_enabled":true,"_links":{"self":[{"href":"https:\/\/acuariosupremus.com\/index.php?rest_route=\/wp\/v2\/product\/8734","targetHints":{"allow":["GET"]}}],"collection":[{"href":"https:\/\/acuariosupremus.com\/index.php?rest_route=\/wp\/v2\/product"}],"about":[{"href":"https:\/\/acuariosupremus.com\/index.php?rest_route=\/wp\/v2\/types\/product"}],"wp:featuredmedia":[{"embeddable":true,"href":"https:\/\/acuariosupremus.com\/index.php?rest_route=\/wp\/v2\/media\/8772"}],"wp:attachment":[{"href":"https:\/\/acuariosupremus.com\/index.php?rest_route=%2Fwp%2Fv2%2Fmedia&parent=8734"}],"wp:term":[{"taxonomy":"product_brand","embeddable":true,"href":"https:\/\/acuariosupremus.com\/index.php?rest_route=%2Fwp%2Fv2%2Fproduct_brand&post=8734"},{"taxonomy":"product_cat","embeddable":true,"href":"https:\/\/acuariosupremus.com\/index.php?rest_route=%2Fwp%2Fv2%2Fproduct_cat&post=8734"},{"taxonomy":"product_tag","embeddable":true,"href":"https:\/\/acuariosupremus.com\/index.php?rest_route=%2Fwp%2Fv2%2Fproduct_tag&post=8734"}],"curies":[{"name":"wp","href":"https:\/\/api.w.org\/{rel}","templated":true}]}}