{"id":8745,"date":"2022-05-06T18:17:00","date_gmt":"2022-05-06T23:17:00","guid":{"rendered":"https:\/\/acuariosupremus.com\/?post_type=product&#038;p=8745"},"modified":"2025-12-26T15:53:22","modified_gmt":"2025-12-26T21:53:22","slug":"limpiador-magnetico-chico-boyu-mb-103","status":"publish","type":"product","link":"https:\/\/acuariosupremus.com\/?product=limpiador-magnetico-chico-boyu-mb-103","title":{"rendered":"Limpiador magn\u00e9tico Chico, BOYU MB-103."},"content":{"rendered":"<p>Equipa dos ojales en ambas partes del limpiador unidos por un hilo. De este modo, usted podr\u00e1 recuperar a la parte sumergida en caso de perder accidentalmente el v\u00ednculo magn\u00e9tico sin mojarse las manos. La parte externa tiene una fibra de felpa muy suave para evitar accidentales ara\u00f1azos en la cara seca del acuario, mientras que la cara interna presenta una resistente superficie de fibra tipo \u201cVelcro\u201d con fibras pl\u00e1sticas en forma de \u201cbucle\u201d. Este material es muy duradero y eficaz arrastrando con facilidad hasta las algas m\u00e1s persistentes sin producir ara\u00f1azos en el vidrio. Este limpiador es ideal para limpiar algas m\u00e1s persistentes en cualquier tipo de acuario de vidrio. Su estructura est\u00e1 sellada para impedir el paso del agua en su interior y evitar as\u00ed el riesgo de emitir agua con restos de \u00f3xido al acuario. Est\u00e1 elaborado con pl\u00e1sticos inertes al agua de alta calidad, que garantizar\u00e1n una larga vida \u00fatil y la posibilidad de realizar un tratamiento profil\u00e1ctico de la parte sumergible antes de usarlo. Cuenta con un asa muy c\u00f3moda que permite sujetar firmemente la cara externa del limpiador, para controlar en todo momento el proceso de limpieza.<\/p>\n<p>M\u00e1x. grosor de vidrio 6 (mm) Medidas 73 x 34 x 47 (I x a x h mm)\u00a0 Medidas con embalaje 158 x 84 x 50 (mm) Peso 185 (grs.) Peso con embalaje 195 (grs.).<\/p>\n","protected":false},"excerpt":{"rendered":"<p>Vidrios libres de algas.<\/p>\n<p>L\u00ednea de limpiadores magn\u00e9ticos compactos para acuarios de vidrio en agua dulce y salada. Equipa en su interior unos potentes imanes, que con su gran poder de atracci\u00f3n le permiten trabajar f\u00e1cilmente con grosores de vidrio de hasta 12 mm. Las excelentes propiedades magn\u00e9ticas de estos imanes permiten un dise\u00f1o compacto y delgado. Esto permite acceder a rincones y pasos estrechos entre el vidrio y la decoraci\u00f3n donde otros limpiadores no llegan debido a sus excesivas dimensiones.<\/p>\n","protected":false},"featured_media":8737,"template":"","meta":[],"product_brand":[122],"product_cat":[40,62],"product_tag":[241],"class_list":{"0":"post-8745","1":"product","2":"type-product","3":"status-publish","4":"has-post-thumbnail","6":"product_brand-boyu","7":"product_cat-peces","8":"product_cat-sifon-rasquetas-mantenimiento","9":"product_tag-limpiador-magnetico","11":"first","12":"instock","13":"sale","14":"shipping-taxable","15":"purchasable","16":"product-type-simple"},"yoast_head":"<!-- This site is optimized with the Yoast SEO plugin v27.4 - https:\/\/yoast.com\/product\/yoast-seo-wordpress\/ -->\n<title>Limpiador magn\u00e9tico Chico, BOYU MB-103. | Acuario Supremus<\/title>\n<meta name=\"description\" content=\"L\u00ednea de limpiadores magn\u00e9ticos compactos para acuarios de vidrio libres de algas tanto en agua dulce y salada.\" \/>\n<meta name=\"robots\" content=\"index, follow, max-snippet:-1, max-image-preview:large, max-video-preview:-1\" \/>\n<link rel=\"canonical\" href=\"https:\/\/acuariosupremus.com\/?product=limpiador-magnetico-chico-boyu-mb-103\" \/>\n<meta property=\"og:locale\" content=\"es_MX\" \/>\n<meta property=\"og:type\" content=\"article\" \/>\n<meta property=\"og:title\" content=\"Limpiador magn\u00e9tico Chico, BOYU MB-103. | Acuario Supremus\" \/>\n<meta property=\"og:description\" content=\"L\u00ednea de limpiadores magn\u00e9ticos compactos para acuarios de vidrio libres de algas tanto en agua dulce y salada.\" \/>\n<meta property=\"og:url\" content=\"https:\/\/acuariosupremus.com\/?product=limpiador-magnetico-chico-boyu-mb-103\" \/>\n<meta property=\"og:site_name\" content=\"Acuario Supremus\" \/>\n<meta property=\"article:publisher\" content=\"https:\/\/www.facebook.com\/AcuarioSupremus\" \/>\n<meta property=\"article:modified_time\" content=\"2025-12-26T21:53:22+00:00\" \/>\n<meta property=\"og:image\" content=\"https:\/\/acuariosupremus.com\/wp-content\/uploads\/2022\/05\/limpiador_magnetico_mb_01.jpg\" \/>\n\t<meta property=\"og:image:width\" content=\"1250\" \/>\n\t<meta property=\"og:image:height\" content=\"1250\" \/>\n\t<meta property=\"og:image:type\" content=\"image\/jpeg\" \/>\n<meta name=\"twitter:card\" content=\"summary_large_image\" \/>\n<meta name=\"twitter:site\" content=\"@AcuarioSupremus\" \/>\n<meta name=\"twitter:label1\" content=\"Tiempo de lectura\" \/>\n\t<meta name=\"twitter:data1\" content=\"2 minutos\" \/>\n<script type=\"application\/ld+json\" class=\"yoast-schema-graph\">{\"@context\":\"https:\\\/\\\/schema.org\",\"@graph\":[{\"@type\":\"WebPage\",\"@id\":\"https:\\\/\\\/acuariosupremus.com\\\/?product=limpiador-magnetico-chico-boyu-mb-103\",\"url\":\"https:\\\/\\\/acuariosupremus.com\\\/?product=limpiador-magnetico-chico-boyu-mb-103\",\"name\":\"Limpiador magn\u00e9tico Chico, BOYU MB-103. | Acuario Supremus\",\"isPartOf\":{\"@id\":\"https:\\\/\\\/acuariosupremus.com\\\/#website\"},\"primaryImageOfPage\":{\"@id\":\"https:\\\/\\\/acuariosupremus.com\\\/?product=limpiador-magnetico-chico-boyu-mb-103#primaryimage\"},\"image\":{\"@id\":\"https:\\\/\\\/acuariosupremus.com\\\/?product=limpiador-magnetico-chico-boyu-mb-103#primaryimage\"},\"thumbnailUrl\":\"https:\\\/\\\/acuariosupremus.com\\\/wp-content\\\/uploads\\\/2022\\\/05\\\/limpiador_magnetico_mb_01.jpg\",\"datePublished\":\"2022-05-06T23:17:00+00:00\",\"dateModified\":\"2025-12-26T21:53:22+00:00\",\"description\":\"L\u00ednea de limpiadores magn\u00e9ticos compactos para acuarios de vidrio libres de algas tanto en agua dulce y salada.\",\"breadcrumb\":{\"@id\":\"https:\\\/\\\/acuariosupremus.com\\\/?product=limpiador-magnetico-chico-boyu-mb-103#breadcrumb\"},\"inLanguage\":\"es\",\"potentialAction\":[{\"@type\":\"ReadAction\",\"target\":[\"https:\\\/\\\/acuariosupremus.com\\\/?product=limpiador-magnetico-chico-boyu-mb-103\"]}]},{\"@type\":\"ImageObject\",\"inLanguage\":\"es\",\"@id\":\"https:\\\/\\\/acuariosupremus.com\\\/?product=limpiador-magnetico-chico-boyu-mb-103#primaryimage\",\"url\":\"https:\\\/\\\/acuariosupremus.com\\\/wp-content\\\/uploads\\\/2022\\\/05\\\/limpiador_magnetico_mb_01.jpg\",\"contentUrl\":\"https:\\\/\\\/acuariosupremus.com\\\/wp-content\\\/uploads\\\/2022\\\/05\\\/limpiador_magnetico_mb_01.jpg\",\"width\":1250,\"height\":1250},{\"@type\":\"BreadcrumbList\",\"@id\":\"https:\\\/\\\/acuariosupremus.com\\\/?product=limpiador-magnetico-chico-boyu-mb-103#breadcrumb\",\"itemListElement\":[{\"@type\":\"ListItem\",\"position\":1,\"name\":\"Portada\",\"item\":\"https:\\\/\\\/acuariosupremus.com\\\/\"},{\"@type\":\"ListItem\",\"position\":2,\"name\":\"Tienda\",\"item\":\"https:\\\/\\\/acuariosupremus.com\\\/tienda\\\/\"},{\"@type\":\"ListItem\",\"position\":3,\"name\":\"Limpiador magn\u00e9tico Chico, BOYU MB-103.\"}]},{\"@type\":\"WebSite\",\"@id\":\"https:\\\/\\\/acuariosupremus.com\\\/#website\",\"url\":\"https:\\\/\\\/acuariosupremus.com\\\/\",\"name\":\"Acuario Supremus\",\"description\":\"Peces, Peceras y Mascotas.\",\"publisher\":{\"@id\":\"https:\\\/\\\/acuariosupremus.com\\\/#organization\"},\"potentialAction\":[{\"@type\":\"SearchAction\",\"target\":{\"@type\":\"EntryPoint\",\"urlTemplate\":\"https:\\\/\\\/acuariosupremus.com\\\/?s={search_term_string}\"},\"query-input\":{\"@type\":\"PropertyValueSpecification\",\"valueRequired\":true,\"valueName\":\"search_term_string\"}}],\"inLanguage\":\"es\"},{\"@type\":\"Organization\",\"@id\":\"https:\\\/\\\/acuariosupremus.com\\\/#organization\",\"name\":\"Acuario Supremus\",\"url\":\"https:\\\/\\\/acuariosupremus.com\\\/\",\"logo\":{\"@type\":\"ImageObject\",\"inLanguage\":\"es\",\"@id\":\"https:\\\/\\\/acuariosupremus.com\\\/#\\\/schema\\\/logo\\\/image\\\/\",\"url\":\"https:\\\/\\\/acuariosupremus.com\\\/wp-content\\\/uploads\\\/2021\\\/12\\\/cropped-logo_acuario_supremus_fn-2.png\",\"contentUrl\":\"https:\\\/\\\/acuariosupremus.com\\\/wp-content\\\/uploads\\\/2021\\\/12\\\/cropped-logo_acuario_supremus_fn-2.png\",\"width\":1000,\"height\":318,\"caption\":\"Acuario Supremus\"},\"image\":{\"@id\":\"https:\\\/\\\/acuariosupremus.com\\\/#\\\/schema\\\/logo\\\/image\\\/\"},\"sameAs\":[\"https:\\\/\\\/www.facebook.com\\\/AcuarioSupremus\",\"https:\\\/\\\/x.com\\\/AcuarioSupremus\",\"https:\\\/\\\/www.instagram.com\\\/acuariosupremus\\\/?hl=es\"]}]}<\/script>\n<!-- \/ Yoast SEO plugin. -->","yoast_head_json":{"title":"Limpiador magn\u00e9tico Chico, BOYU MB-103. | Acuario Supremus","description":"L\u00ednea de limpiadores magn\u00e9ticos compactos para acuarios de vidrio libres de algas tanto en agua dulce y salada.","robots":{"index":"index","follow":"follow","max-snippet":"max-snippet:-1","max-image-preview":"max-image-preview:large","max-video-preview":"max-video-preview:-1"},"canonical":"https:\/\/acuariosupremus.com\/?product=limpiador-magnetico-chico-boyu-mb-103","og_locale":"es_MX","og_type":"article","og_title":"Limpiador magn\u00e9tico Chico, BOYU MB-103. | Acuario Supremus","og_description":"L\u00ednea de limpiadores magn\u00e9ticos compactos para acuarios de vidrio libres de algas tanto en agua dulce y salada.","og_url":"https:\/\/acuariosupremus.com\/?product=limpiador-magnetico-chico-boyu-mb-103","og_site_name":"Acuario Supremus","article_publisher":"https:\/\/www.facebook.com\/AcuarioSupremus","article_modified_time":"2025-12-26T21:53:22+00:00","og_image":[{"width":1250,"height":1250,"url":"https:\/\/acuariosupremus.com\/wp-content\/uploads\/2022\/05\/limpiador_magnetico_mb_01.jpg","type":"image\/jpeg"}],"twitter_card":"summary_large_image","twitter_site":"@AcuarioSupremus","twitter_misc":{"Tiempo de lectura":"2 minutos"},"schema":{"@context":"https:\/\/schema.org","@graph":[{"@type":"WebPage","@id":"https:\/\/acuariosupremus.com\/?product=limpiador-magnetico-chico-boyu-mb-103","url":"https:\/\/acuariosupremus.com\/?product=limpiador-magnetico-chico-boyu-mb-103","name":"Limpiador magn\u00e9tico Chico, BOYU MB-103. | Acuario Supremus","isPartOf":{"@id":"https:\/\/acuariosupremus.com\/#website"},"primaryImageOfPage":{"@id":"https:\/\/acuariosupremus.com\/?product=limpiador-magnetico-chico-boyu-mb-103#primaryimage"},"image":{"@id":"https:\/\/acuariosupremus.com\/?product=limpiador-magnetico-chico-boyu-mb-103#primaryimage"},"thumbnailUrl":"https:\/\/acuariosupremus.com\/wp-content\/uploads\/2022\/05\/limpiador_magnetico_mb_01.jpg","datePublished":"2022-05-06T23:17:00+00:00","dateModified":"2025-12-26T21:53:22+00:00","description":"L\u00ednea de limpiadores magn\u00e9ticos compactos para acuarios de vidrio libres de algas tanto en agua dulce y salada.","breadcrumb":{"@id":"https:\/\/acuariosupremus.com\/?product=limpiador-magnetico-chico-boyu-mb-103#breadcrumb"},"inLanguage":"es","potentialAction":[{"@type":"ReadAction","target":["https:\/\/acuariosupremus.com\/?product=limpiador-magnetico-chico-boyu-mb-103"]}]},{"@type":"ImageObject","inLanguage":"es","@id":"https:\/\/acuariosupremus.com\/?product=limpiador-magnetico-chico-boyu-mb-103#primaryimage","url":"https:\/\/acuariosupremus.com\/wp-content\/uploads\/2022\/05\/limpiador_magnetico_mb_01.jpg","contentUrl":"https:\/\/acuariosupremus.com\/wp-content\/uploads\/2022\/05\/limpiador_magnetico_mb_01.jpg","width":1250,"height":1250},{"@type":"BreadcrumbList","@id":"https:\/\/acuariosupremus.com\/?product=limpiador-magnetico-chico-boyu-mb-103#breadcrumb","itemListElement":[{"@type":"ListItem","position":1,"name":"Portada","item":"https:\/\/acuariosupremus.com\/"},{"@type":"ListItem","position":2,"name":"Tienda","item":"https:\/\/acuariosupremus.com\/tienda\/"},{"@type":"ListItem","position":3,"name":"Limpiador magn\u00e9tico Chico, BOYU MB-103."}]},{"@type":"WebSite","@id":"https:\/\/acuariosupremus.com\/#website","url":"https:\/\/acuariosupremus.com\/","name":"Acuario Supremus","description":"Peces, Peceras y Mascotas.","publisher":{"@id":"https:\/\/acuariosupremus.com\/#organization"},"potentialAction":[{"@type":"SearchAction","target":{"@type":"EntryPoint","urlTemplate":"https:\/\/acuariosupremus.com\/?s={search_term_string}"},"query-input":{"@type":"PropertyValueSpecification","valueRequired":true,"valueName":"search_term_string"}}],"inLanguage":"es"},{"@type":"Organization","@id":"https:\/\/acuariosupremus.com\/#organization","name":"Acuario Supremus","url":"https:\/\/acuariosupremus.com\/","logo":{"@type":"ImageObject","inLanguage":"es","@id":"https:\/\/acuariosupremus.com\/#\/schema\/logo\/image\/","url":"https:\/\/acuariosupremus.com\/wp-content\/uploads\/2021\/12\/cropped-logo_acuario_supremus_fn-2.png","contentUrl":"https:\/\/acuariosupremus.com\/wp-content\/uploads\/2021\/12\/cropped-logo_acuario_supremus_fn-2.png","width":1000,"height":318,"caption":"Acuario Supremus"},"image":{"@id":"https:\/\/acuariosupremus.com\/#\/schema\/logo\/image\/"},"sameAs":["https:\/\/www.facebook.com\/AcuarioSupremus","https:\/\/x.com\/AcuarioSupremus","https:\/\/www.instagram.com\/acuariosupremus\/?hl=es"]}]}},"jetpack_sharing_enabled":true,"_links":{"self":[{"href":"https:\/\/acuariosupremus.com\/index.php?rest_route=\/wp\/v2\/product\/8745","targetHints":{"allow":["GET"]}}],"collection":[{"href":"https:\/\/acuariosupremus.com\/index.php?rest_route=\/wp\/v2\/product"}],"about":[{"href":"https:\/\/acuariosupremus.com\/index.php?rest_route=\/wp\/v2\/types\/product"}],"wp:featuredmedia":[{"embeddable":true,"href":"https:\/\/acuariosupremus.com\/index.php?rest_route=\/wp\/v2\/media\/8737"}],"wp:attachment":[{"href":"https:\/\/acuariosupremus.com\/index.php?rest_route=%2Fwp%2Fv2%2Fmedia&parent=8745"}],"wp:term":[{"taxonomy":"product_brand","embeddable":true,"href":"https:\/\/acuariosupremus.com\/index.php?rest_route=%2Fwp%2Fv2%2Fproduct_brand&post=8745"},{"taxonomy":"product_cat","embeddable":true,"href":"https:\/\/acuariosupremus.com\/index.php?rest_route=%2Fwp%2Fv2%2Fproduct_cat&post=8745"},{"taxonomy":"product_tag","embeddable":true,"href":"https:\/\/acuariosupremus.com\/index.php?rest_route=%2Fwp%2Fv2%2Fproduct_tag&post=8745"}],"curies":[{"name":"wp","href":"https:\/\/api.w.org\/{rel}","templated":true}]}}