{"id":8755,"date":"2022-05-06T18:31:41","date_gmt":"2022-05-06T23:31:41","guid":{"rendered":"https:\/\/acuariosupremus.com\/?post_type=product&#038;p=8755"},"modified":"2025-12-26T15:54:12","modified_gmt":"2025-12-26T21:54:12","slug":"limpiador-magnetico-flotante-para-vidrio-curvo-boyu-wd-903ak","status":"publish","type":"product","link":"https:\/\/acuariosupremus.com\/?product=limpiador-magnetico-flotante-para-vidrio-curvo-boyu-wd-903ak","title":{"rendered":"Limpiador magn\u00e9tico flotante para vidrio curvo, BOYU WD-903AK."},"content":{"rendered":"<p>La parte externa tiene una fibra de felpa muy suave para evitar accidentales ara\u00f1azos en la cara seca del acuario, mientras que la cara interna presenta una resistente superficie de fibra tipo \u201cVelcro\u201d con fibras pl\u00e1sticas en forma de \u201cbucle\u201d. Este material es muy duradero y eficaz arrastrando con facilidad hasta las algas m\u00e1s persistentes sin producir ara\u00f1azos en el vidrio. La parte sumergida presenta en uno de sus extremos una curva con un radio especifico, especialmente dise\u00f1ada para adaptarse a las esquinas y frentes curvos de todos los modelos de acuarios BOYU. Sin embargo, este limpiador es perfecto para limpiar algas en cualquier tipo de acuario de vidrio, tanto si presenta superficies curvas como rectas. Su estructura est\u00e1 sellada para impedir el paso del agua en su interior y evitar as\u00ed el riesgo de emitir agua con restos de \u00f3xido al acuario. Est\u00e1 elaborado con pl\u00e1sticos inertes al agua de alta calidad, que garantizar\u00e1n una larga vida \u00fatil y la posibilidad de realizar un tratamiento profil\u00e1ctico de la parte sumergible antes de usarlo. Cuenta con una forma ergon\u00f3mica que permite sujetar firmemente la cara externa del limpiador, para controlar en todo momento el proceso de limpieza.<\/p>\n<p>M\u00e1x. grosor de vidrio 10 (mm) Medidas 90 x 58 x 62 (I x a x h mm)\u00a0 Medidas con embalaje 150 x 90 x 74 (mm) Peso 175 (grs.) Peso con embalaje 180 (grs.).<\/p>\n","protected":false},"excerpt":{"rendered":"<p>Superficies curvas libres de algas.<\/p>\n<p>L\u00ednea Premium de limpiadores magn\u00e9ticos flotantes para acuarios de vidrio en agua dulce y salada. Equipa en su interior unos s\u00faper-imanes de neodimio en ambos lados, que con su gran poder de atracci\u00f3n le permiten trabajar f\u00e1cilmente con grosores de vidrio de hasta 12 mm. Estos peque\u00f1os imanes permiten albergar aire en el interior de la parte sumergida del limpiador, otorg\u00e1ndole una notable flotabilidad positiva. Si el im\u00e1n sumergido perdiese accidentalmente su v\u00ednculo magn\u00e9tico con su parte externa flotar\u00e1 inmediatamente para poder obtenerlo sin tener que mojarse las manos.<\/p>\n","protected":false},"featured_media":8747,"template":"","meta":[],"product_brand":[122],"product_cat":[40,62],"product_tag":[241,684],"class_list":{"0":"post-8755","1":"product","2":"type-product","3":"status-publish","4":"has-post-thumbnail","6":"product_brand-boyu","7":"product_cat-peces","8":"product_cat-sifon-rasquetas-mantenimiento","9":"product_tag-limpiador-magnetico","10":"product_tag-limpiador-magnetico-para-vidrio-curvo","12":"first","13":"instock","14":"sale","15":"shipping-taxable","16":"purchasable","17":"product-type-simple"},"yoast_head":"<!-- This site is optimized with the Yoast SEO plugin v27.4 - https:\/\/yoast.com\/product\/yoast-seo-wordpress\/ -->\n<title>Limpiador magn\u00e9tico flotante para vidrio curvo, BOYU WD-903AK. | Acuario Supremus<\/title>\n<meta name=\"description\" content=\"L\u00ednea Premium de limpiadores magn\u00e9ticos flotantes para acuarios de vidrio con esquinas curvas tanto para agua dulce y salada.\" \/>\n<meta name=\"robots\" content=\"index, follow, max-snippet:-1, max-image-preview:large, max-video-preview:-1\" \/>\n<link rel=\"canonical\" href=\"https:\/\/acuariosupremus.com\/?product=limpiador-magnetico-flotante-para-vidrio-curvo-boyu-wd-903ak\" \/>\n<meta property=\"og:locale\" content=\"es_MX\" \/>\n<meta property=\"og:type\" content=\"article\" \/>\n<meta property=\"og:title\" content=\"Limpiador magn\u00e9tico flotante para vidrio curvo, BOYU WD-903AK. | Acuario Supremus\" \/>\n<meta property=\"og:description\" content=\"L\u00ednea Premium de limpiadores magn\u00e9ticos flotantes para acuarios de vidrio con esquinas curvas tanto para agua dulce y salada.\" \/>\n<meta property=\"og:url\" content=\"https:\/\/acuariosupremus.com\/?product=limpiador-magnetico-flotante-para-vidrio-curvo-boyu-wd-903ak\" \/>\n<meta property=\"og:site_name\" content=\"Acuario Supremus\" \/>\n<meta property=\"article:publisher\" content=\"https:\/\/www.facebook.com\/AcuarioSupremus\" \/>\n<meta property=\"article:modified_time\" content=\"2025-12-26T21:54:12+00:00\" \/>\n<meta property=\"og:image\" content=\"https:\/\/acuariosupremus.com\/wp-content\/uploads\/2022\/05\/limpiador_magnetico_wd_01.jpg\" \/>\n\t<meta property=\"og:image:width\" content=\"1250\" \/>\n\t<meta property=\"og:image:height\" content=\"1250\" \/>\n\t<meta property=\"og:image:type\" content=\"image\/jpeg\" \/>\n<meta name=\"twitter:card\" content=\"summary_large_image\" \/>\n<meta name=\"twitter:site\" content=\"@AcuarioSupremus\" \/>\n<meta name=\"twitter:label1\" content=\"Tiempo de lectura\" \/>\n\t<meta name=\"twitter:data1\" content=\"2 minutos\" \/>\n<script type=\"application\/ld+json\" class=\"yoast-schema-graph\">{\"@context\":\"https:\\\/\\\/schema.org\",\"@graph\":[{\"@type\":\"WebPage\",\"@id\":\"https:\\\/\\\/acuariosupremus.com\\\/?product=limpiador-magnetico-flotante-para-vidrio-curvo-boyu-wd-903ak\",\"url\":\"https:\\\/\\\/acuariosupremus.com\\\/?product=limpiador-magnetico-flotante-para-vidrio-curvo-boyu-wd-903ak\",\"name\":\"Limpiador magn\u00e9tico flotante para vidrio curvo, BOYU WD-903AK. | Acuario Supremus\",\"isPartOf\":{\"@id\":\"https:\\\/\\\/acuariosupremus.com\\\/#website\"},\"primaryImageOfPage\":{\"@id\":\"https:\\\/\\\/acuariosupremus.com\\\/?product=limpiador-magnetico-flotante-para-vidrio-curvo-boyu-wd-903ak#primaryimage\"},\"image\":{\"@id\":\"https:\\\/\\\/acuariosupremus.com\\\/?product=limpiador-magnetico-flotante-para-vidrio-curvo-boyu-wd-903ak#primaryimage\"},\"thumbnailUrl\":\"https:\\\/\\\/acuariosupremus.com\\\/wp-content\\\/uploads\\\/2022\\\/05\\\/limpiador_magnetico_wd_01.jpg\",\"datePublished\":\"2022-05-06T23:31:41+00:00\",\"dateModified\":\"2025-12-26T21:54:12+00:00\",\"description\":\"L\u00ednea Premium de limpiadores magn\u00e9ticos flotantes para acuarios de vidrio con esquinas curvas tanto para agua dulce y salada.\",\"breadcrumb\":{\"@id\":\"https:\\\/\\\/acuariosupremus.com\\\/?product=limpiador-magnetico-flotante-para-vidrio-curvo-boyu-wd-903ak#breadcrumb\"},\"inLanguage\":\"es\",\"potentialAction\":[{\"@type\":\"ReadAction\",\"target\":[\"https:\\\/\\\/acuariosupremus.com\\\/?product=limpiador-magnetico-flotante-para-vidrio-curvo-boyu-wd-903ak\"]}]},{\"@type\":\"ImageObject\",\"inLanguage\":\"es\",\"@id\":\"https:\\\/\\\/acuariosupremus.com\\\/?product=limpiador-magnetico-flotante-para-vidrio-curvo-boyu-wd-903ak#primaryimage\",\"url\":\"https:\\\/\\\/acuariosupremus.com\\\/wp-content\\\/uploads\\\/2022\\\/05\\\/limpiador_magnetico_wd_01.jpg\",\"contentUrl\":\"https:\\\/\\\/acuariosupremus.com\\\/wp-content\\\/uploads\\\/2022\\\/05\\\/limpiador_magnetico_wd_01.jpg\",\"width\":1250,\"height\":1250},{\"@type\":\"BreadcrumbList\",\"@id\":\"https:\\\/\\\/acuariosupremus.com\\\/?product=limpiador-magnetico-flotante-para-vidrio-curvo-boyu-wd-903ak#breadcrumb\",\"itemListElement\":[{\"@type\":\"ListItem\",\"position\":1,\"name\":\"Portada\",\"item\":\"https:\\\/\\\/acuariosupremus.com\\\/\"},{\"@type\":\"ListItem\",\"position\":2,\"name\":\"Tienda\",\"item\":\"https:\\\/\\\/acuariosupremus.com\\\/tienda\\\/\"},{\"@type\":\"ListItem\",\"position\":3,\"name\":\"Limpiador magn\u00e9tico flotante para vidrio curvo, BOYU WD-903AK.\"}]},{\"@type\":\"WebSite\",\"@id\":\"https:\\\/\\\/acuariosupremus.com\\\/#website\",\"url\":\"https:\\\/\\\/acuariosupremus.com\\\/\",\"name\":\"Acuario Supremus\",\"description\":\"Peces, Peceras y Mascotas.\",\"publisher\":{\"@id\":\"https:\\\/\\\/acuariosupremus.com\\\/#organization\"},\"potentialAction\":[{\"@type\":\"SearchAction\",\"target\":{\"@type\":\"EntryPoint\",\"urlTemplate\":\"https:\\\/\\\/acuariosupremus.com\\\/?s={search_term_string}\"},\"query-input\":{\"@type\":\"PropertyValueSpecification\",\"valueRequired\":true,\"valueName\":\"search_term_string\"}}],\"inLanguage\":\"es\"},{\"@type\":\"Organization\",\"@id\":\"https:\\\/\\\/acuariosupremus.com\\\/#organization\",\"name\":\"Acuario Supremus\",\"url\":\"https:\\\/\\\/acuariosupremus.com\\\/\",\"logo\":{\"@type\":\"ImageObject\",\"inLanguage\":\"es\",\"@id\":\"https:\\\/\\\/acuariosupremus.com\\\/#\\\/schema\\\/logo\\\/image\\\/\",\"url\":\"https:\\\/\\\/acuariosupremus.com\\\/wp-content\\\/uploads\\\/2021\\\/12\\\/cropped-logo_acuario_supremus_fn-2.png\",\"contentUrl\":\"https:\\\/\\\/acuariosupremus.com\\\/wp-content\\\/uploads\\\/2021\\\/12\\\/cropped-logo_acuario_supremus_fn-2.png\",\"width\":1000,\"height\":318,\"caption\":\"Acuario Supremus\"},\"image\":{\"@id\":\"https:\\\/\\\/acuariosupremus.com\\\/#\\\/schema\\\/logo\\\/image\\\/\"},\"sameAs\":[\"https:\\\/\\\/www.facebook.com\\\/AcuarioSupremus\",\"https:\\\/\\\/x.com\\\/AcuarioSupremus\",\"https:\\\/\\\/www.instagram.com\\\/acuariosupremus\\\/?hl=es\"]}]}<\/script>\n<!-- \/ Yoast SEO plugin. -->","yoast_head_json":{"title":"Limpiador magn\u00e9tico flotante para vidrio curvo, BOYU WD-903AK. | Acuario Supremus","description":"L\u00ednea Premium de limpiadores magn\u00e9ticos flotantes para acuarios de vidrio con esquinas curvas tanto para agua dulce y salada.","robots":{"index":"index","follow":"follow","max-snippet":"max-snippet:-1","max-image-preview":"max-image-preview:large","max-video-preview":"max-video-preview:-1"},"canonical":"https:\/\/acuariosupremus.com\/?product=limpiador-magnetico-flotante-para-vidrio-curvo-boyu-wd-903ak","og_locale":"es_MX","og_type":"article","og_title":"Limpiador magn\u00e9tico flotante para vidrio curvo, BOYU WD-903AK. | Acuario Supremus","og_description":"L\u00ednea Premium de limpiadores magn\u00e9ticos flotantes para acuarios de vidrio con esquinas curvas tanto para agua dulce y salada.","og_url":"https:\/\/acuariosupremus.com\/?product=limpiador-magnetico-flotante-para-vidrio-curvo-boyu-wd-903ak","og_site_name":"Acuario Supremus","article_publisher":"https:\/\/www.facebook.com\/AcuarioSupremus","article_modified_time":"2025-12-26T21:54:12+00:00","og_image":[{"width":1250,"height":1250,"url":"https:\/\/acuariosupremus.com\/wp-content\/uploads\/2022\/05\/limpiador_magnetico_wd_01.jpg","type":"image\/jpeg"}],"twitter_card":"summary_large_image","twitter_site":"@AcuarioSupremus","twitter_misc":{"Tiempo de lectura":"2 minutos"},"schema":{"@context":"https:\/\/schema.org","@graph":[{"@type":"WebPage","@id":"https:\/\/acuariosupremus.com\/?product=limpiador-magnetico-flotante-para-vidrio-curvo-boyu-wd-903ak","url":"https:\/\/acuariosupremus.com\/?product=limpiador-magnetico-flotante-para-vidrio-curvo-boyu-wd-903ak","name":"Limpiador magn\u00e9tico flotante para vidrio curvo, BOYU WD-903AK. | Acuario Supremus","isPartOf":{"@id":"https:\/\/acuariosupremus.com\/#website"},"primaryImageOfPage":{"@id":"https:\/\/acuariosupremus.com\/?product=limpiador-magnetico-flotante-para-vidrio-curvo-boyu-wd-903ak#primaryimage"},"image":{"@id":"https:\/\/acuariosupremus.com\/?product=limpiador-magnetico-flotante-para-vidrio-curvo-boyu-wd-903ak#primaryimage"},"thumbnailUrl":"https:\/\/acuariosupremus.com\/wp-content\/uploads\/2022\/05\/limpiador_magnetico_wd_01.jpg","datePublished":"2022-05-06T23:31:41+00:00","dateModified":"2025-12-26T21:54:12+00:00","description":"L\u00ednea Premium de limpiadores magn\u00e9ticos flotantes para acuarios de vidrio con esquinas curvas tanto para agua dulce y salada.","breadcrumb":{"@id":"https:\/\/acuariosupremus.com\/?product=limpiador-magnetico-flotante-para-vidrio-curvo-boyu-wd-903ak#breadcrumb"},"inLanguage":"es","potentialAction":[{"@type":"ReadAction","target":["https:\/\/acuariosupremus.com\/?product=limpiador-magnetico-flotante-para-vidrio-curvo-boyu-wd-903ak"]}]},{"@type":"ImageObject","inLanguage":"es","@id":"https:\/\/acuariosupremus.com\/?product=limpiador-magnetico-flotante-para-vidrio-curvo-boyu-wd-903ak#primaryimage","url":"https:\/\/acuariosupremus.com\/wp-content\/uploads\/2022\/05\/limpiador_magnetico_wd_01.jpg","contentUrl":"https:\/\/acuariosupremus.com\/wp-content\/uploads\/2022\/05\/limpiador_magnetico_wd_01.jpg","width":1250,"height":1250},{"@type":"BreadcrumbList","@id":"https:\/\/acuariosupremus.com\/?product=limpiador-magnetico-flotante-para-vidrio-curvo-boyu-wd-903ak#breadcrumb","itemListElement":[{"@type":"ListItem","position":1,"name":"Portada","item":"https:\/\/acuariosupremus.com\/"},{"@type":"ListItem","position":2,"name":"Tienda","item":"https:\/\/acuariosupremus.com\/tienda\/"},{"@type":"ListItem","position":3,"name":"Limpiador magn\u00e9tico flotante para vidrio curvo, BOYU WD-903AK."}]},{"@type":"WebSite","@id":"https:\/\/acuariosupremus.com\/#website","url":"https:\/\/acuariosupremus.com\/","name":"Acuario Supremus","description":"Peces, Peceras y Mascotas.","publisher":{"@id":"https:\/\/acuariosupremus.com\/#organization"},"potentialAction":[{"@type":"SearchAction","target":{"@type":"EntryPoint","urlTemplate":"https:\/\/acuariosupremus.com\/?s={search_term_string}"},"query-input":{"@type":"PropertyValueSpecification","valueRequired":true,"valueName":"search_term_string"}}],"inLanguage":"es"},{"@type":"Organization","@id":"https:\/\/acuariosupremus.com\/#organization","name":"Acuario Supremus","url":"https:\/\/acuariosupremus.com\/","logo":{"@type":"ImageObject","inLanguage":"es","@id":"https:\/\/acuariosupremus.com\/#\/schema\/logo\/image\/","url":"https:\/\/acuariosupremus.com\/wp-content\/uploads\/2021\/12\/cropped-logo_acuario_supremus_fn-2.png","contentUrl":"https:\/\/acuariosupremus.com\/wp-content\/uploads\/2021\/12\/cropped-logo_acuario_supremus_fn-2.png","width":1000,"height":318,"caption":"Acuario Supremus"},"image":{"@id":"https:\/\/acuariosupremus.com\/#\/schema\/logo\/image\/"},"sameAs":["https:\/\/www.facebook.com\/AcuarioSupremus","https:\/\/x.com\/AcuarioSupremus","https:\/\/www.instagram.com\/acuariosupremus\/?hl=es"]}]}},"jetpack_sharing_enabled":true,"_links":{"self":[{"href":"https:\/\/acuariosupremus.com\/index.php?rest_route=\/wp\/v2\/product\/8755","targetHints":{"allow":["GET"]}}],"collection":[{"href":"https:\/\/acuariosupremus.com\/index.php?rest_route=\/wp\/v2\/product"}],"about":[{"href":"https:\/\/acuariosupremus.com\/index.php?rest_route=\/wp\/v2\/types\/product"}],"wp:featuredmedia":[{"embeddable":true,"href":"https:\/\/acuariosupremus.com\/index.php?rest_route=\/wp\/v2\/media\/8747"}],"wp:attachment":[{"href":"https:\/\/acuariosupremus.com\/index.php?rest_route=%2Fwp%2Fv2%2Fmedia&parent=8755"}],"wp:term":[{"taxonomy":"product_brand","embeddable":true,"href":"https:\/\/acuariosupremus.com\/index.php?rest_route=%2Fwp%2Fv2%2Fproduct_brand&post=8755"},{"taxonomy":"product_cat","embeddable":true,"href":"https:\/\/acuariosupremus.com\/index.php?rest_route=%2Fwp%2Fv2%2Fproduct_cat&post=8755"},{"taxonomy":"product_tag","embeddable":true,"href":"https:\/\/acuariosupremus.com\/index.php?rest_route=%2Fwp%2Fv2%2Fproduct_tag&post=8755"}],"curies":[{"name":"wp","href":"https:\/\/api.w.org\/{rel}","templated":true}]}}