{"id":8757,"date":"2022-05-06T20:13:48","date_gmt":"2022-05-07T01:13:48","guid":{"rendered":"https:\/\/acuariosupremus.com\/?post_type=product&#038;p=8757"},"modified":"2025-12-26T15:54:47","modified_gmt":"2025-12-26T21:54:47","slug":"juego-de-rasquetas-multifuncionales-boyu-as-201","status":"publish","type":"product","link":"https:\/\/acuariosupremus.com\/?product=juego-de-rasquetas-multifuncionales-boyu-as-201","title":{"rendered":"Juego de rasquetas multifuncionales BOYU AS-201."},"content":{"rendered":"<p>Las distintas herramientas se instalan y desmontan en un instante con un simple pero confiable sistema de clip. Para ello basta con presionar la pesta\u00f1a de sujeci\u00f3n y liberaremos la herramienta, y para insertar una nueva solamente presionaremos hacia adentro hasta o\u00edr un \u201cclic\u201d. Entre sus soluciones cuenta con una red de poro muy fino para recoger cualquier tipo de desecho (incluso podr\u00e1 capturar camarones y peces). Esta red presenta un \u00e1ngulo frontal de 90 grados para alcanzar c\u00f3modamente las esquinas de su acuario. Para arrastrar cualquier tipo de algas de los cristales nos ofrece dos herramientas; una afilada cuchilla de acero inoxidable y una rasqueta con fibra tipo \u201cvelcro\u201d. Finalmente, podremos alisar y desplazar c\u00f3modamente la grava del acuario con el rastrillo y la pala que completan nuestro set de herramientas. El bast\u00f3n de aluminio es telesc\u00f3pico y aporta una gran versatilidad de uso, ya que podr\u00e1 extenderlo y fijar su posici\u00f3n desde 52 hasta los 89 cent\u00edmetros para que no se le escape ning\u00fan rinc\u00f3n de su acuario. Est\u00e1 fabricado con materiales de muy alta calidad y resistentes a la corrosi\u00f3n, que le garantizan una larga vida \u00fatil y le ahorrar\u00e1n mucho tiempo para realizar sus labores peri\u00f3dicas de mantenimiento.<\/p>\n<p>Longitud del mango: 525\/890 (mm) Medidas red 120 x 100 x 10 (I x a x h mm)\u00a0 Medidas con embalaje 640 x 205 x 50 (mm) Peso 250 (grs.) Peso con embalaje 420 (grs.).<\/p>\n","protected":false},"excerpt":{"rendered":"<p>Rasqueta Multi-funciones 5 en 1.<\/p>\n<p>La soluci\u00f3n ideal para la limpieza de su acuario de agua dulce o salada es la rasqueta multi-funciones 5 en 1 que nos presenta BOYU. A la hora de abordar este peque\u00f1o reto de limpieza nos encontramos con la necesidad de realizar varias tareas de forma correcta y usando el menor tiempo posible para no provocar demasiado estr\u00e9s en nuestros peces. Posiblemente tengamos que limpiar las algas de los cristales, rastrillar y desplazar la grava tras el sifonado, y quiz\u00e1s tengamos que extraer los restos de suciedad en suspensi\u00f3n que hallamos liberado al agua. Para realizar exitosamente todas estas funciones BOYU nos presenta cinco soluciones en una sola herramienta, que consta de un s\u00f3lido mango telesc\u00f3pico con cinco funciones intercambiables.<\/p>\n","protected":false},"featured_media":8758,"template":"","meta":[],"product_brand":[122],"product_cat":[40,62],"product_tag":[259],"class_list":{"0":"post-8757","1":"product","2":"type-product","3":"status-publish","4":"has-post-thumbnail","6":"product_brand-boyu","7":"product_cat-peces","8":"product_cat-sifon-rasquetas-mantenimiento","9":"product_tag-rasqueta-acuario","11":"first","12":"instock","13":"sale","14":"shipping-taxable","15":"purchasable","16":"product-type-simple"},"yoast_head":"<!-- This site is optimized with the Yoast SEO plugin v27.4 - https:\/\/yoast.com\/product\/yoast-seo-wordpress\/ -->\n<title>Juego de rasquetas multifuncionales BOYU AS-201. | Acuario Supremus<\/title>\n<meta name=\"description\" content=\"La soluci\u00f3n ideal para la limpieza de su acuario de agua dulce o salada es la rasqueta multi-funciones 5 en 1 de la marca BOYU.\" \/>\n<meta name=\"robots\" content=\"index, follow, max-snippet:-1, max-image-preview:large, max-video-preview:-1\" \/>\n<link rel=\"canonical\" href=\"https:\/\/acuariosupremus.com\/?product=juego-de-rasquetas-multifuncionales-boyu-as-201\" \/>\n<meta property=\"og:locale\" content=\"es_MX\" \/>\n<meta property=\"og:type\" content=\"article\" \/>\n<meta property=\"og:title\" content=\"Juego de rasquetas multifuncionales BOYU AS-201. | Acuario Supremus\" \/>\n<meta property=\"og:description\" content=\"La soluci\u00f3n ideal para la limpieza de su acuario de agua dulce o salada es la rasqueta multi-funciones 5 en 1 de la marca BOYU.\" \/>\n<meta property=\"og:url\" content=\"https:\/\/acuariosupremus.com\/?product=juego-de-rasquetas-multifuncionales-boyu-as-201\" \/>\n<meta property=\"og:site_name\" content=\"Acuario Supremus\" \/>\n<meta property=\"article:publisher\" content=\"https:\/\/www.facebook.com\/AcuarioSupremus\" \/>\n<meta property=\"article:modified_time\" content=\"2025-12-26T21:54:47+00:00\" \/>\n<meta property=\"og:image\" content=\"https:\/\/acuariosupremus.com\/wp-content\/uploads\/2022\/05\/multi_rasqueta_5funciones_as201_01.jpg\" \/>\n\t<meta property=\"og:image:width\" content=\"1250\" \/>\n\t<meta property=\"og:image:height\" content=\"1250\" \/>\n\t<meta property=\"og:image:type\" content=\"image\/jpeg\" \/>\n<meta name=\"twitter:card\" content=\"summary_large_image\" \/>\n<meta name=\"twitter:site\" content=\"@AcuarioSupremus\" \/>\n<meta name=\"twitter:label1\" content=\"Tiempo de lectura\" \/>\n\t<meta name=\"twitter:data1\" content=\"2 minutos\" \/>\n<script type=\"application\/ld+json\" class=\"yoast-schema-graph\">{\"@context\":\"https:\\\/\\\/schema.org\",\"@graph\":[{\"@type\":\"WebPage\",\"@id\":\"https:\\\/\\\/acuariosupremus.com\\\/?product=juego-de-rasquetas-multifuncionales-boyu-as-201\",\"url\":\"https:\\\/\\\/acuariosupremus.com\\\/?product=juego-de-rasquetas-multifuncionales-boyu-as-201\",\"name\":\"Juego de rasquetas multifuncionales BOYU AS-201. | Acuario Supremus\",\"isPartOf\":{\"@id\":\"https:\\\/\\\/acuariosupremus.com\\\/#website\"},\"primaryImageOfPage\":{\"@id\":\"https:\\\/\\\/acuariosupremus.com\\\/?product=juego-de-rasquetas-multifuncionales-boyu-as-201#primaryimage\"},\"image\":{\"@id\":\"https:\\\/\\\/acuariosupremus.com\\\/?product=juego-de-rasquetas-multifuncionales-boyu-as-201#primaryimage\"},\"thumbnailUrl\":\"https:\\\/\\\/acuariosupremus.com\\\/wp-content\\\/uploads\\\/2022\\\/05\\\/multi_rasqueta_5funciones_as201_01.jpg\",\"datePublished\":\"2022-05-07T01:13:48+00:00\",\"dateModified\":\"2025-12-26T21:54:47+00:00\",\"description\":\"La soluci\u00f3n ideal para la limpieza de su acuario de agua dulce o salada es la rasqueta multi-funciones 5 en 1 de la marca BOYU.\",\"breadcrumb\":{\"@id\":\"https:\\\/\\\/acuariosupremus.com\\\/?product=juego-de-rasquetas-multifuncionales-boyu-as-201#breadcrumb\"},\"inLanguage\":\"es\",\"potentialAction\":[{\"@type\":\"ReadAction\",\"target\":[\"https:\\\/\\\/acuariosupremus.com\\\/?product=juego-de-rasquetas-multifuncionales-boyu-as-201\"]}]},{\"@type\":\"ImageObject\",\"inLanguage\":\"es\",\"@id\":\"https:\\\/\\\/acuariosupremus.com\\\/?product=juego-de-rasquetas-multifuncionales-boyu-as-201#primaryimage\",\"url\":\"https:\\\/\\\/acuariosupremus.com\\\/wp-content\\\/uploads\\\/2022\\\/05\\\/multi_rasqueta_5funciones_as201_01.jpg\",\"contentUrl\":\"https:\\\/\\\/acuariosupremus.com\\\/wp-content\\\/uploads\\\/2022\\\/05\\\/multi_rasqueta_5funciones_as201_01.jpg\",\"width\":1250,\"height\":1250},{\"@type\":\"BreadcrumbList\",\"@id\":\"https:\\\/\\\/acuariosupremus.com\\\/?product=juego-de-rasquetas-multifuncionales-boyu-as-201#breadcrumb\",\"itemListElement\":[{\"@type\":\"ListItem\",\"position\":1,\"name\":\"Portada\",\"item\":\"https:\\\/\\\/acuariosupremus.com\\\/\"},{\"@type\":\"ListItem\",\"position\":2,\"name\":\"Tienda\",\"item\":\"https:\\\/\\\/acuariosupremus.com\\\/tienda\\\/\"},{\"@type\":\"ListItem\",\"position\":3,\"name\":\"Juego de rasquetas multifuncionales BOYU AS-201.\"}]},{\"@type\":\"WebSite\",\"@id\":\"https:\\\/\\\/acuariosupremus.com\\\/#website\",\"url\":\"https:\\\/\\\/acuariosupremus.com\\\/\",\"name\":\"Acuario Supremus\",\"description\":\"Peces, Peceras y Mascotas.\",\"publisher\":{\"@id\":\"https:\\\/\\\/acuariosupremus.com\\\/#organization\"},\"potentialAction\":[{\"@type\":\"SearchAction\",\"target\":{\"@type\":\"EntryPoint\",\"urlTemplate\":\"https:\\\/\\\/acuariosupremus.com\\\/?s={search_term_string}\"},\"query-input\":{\"@type\":\"PropertyValueSpecification\",\"valueRequired\":true,\"valueName\":\"search_term_string\"}}],\"inLanguage\":\"es\"},{\"@type\":\"Organization\",\"@id\":\"https:\\\/\\\/acuariosupremus.com\\\/#organization\",\"name\":\"Acuario Supremus\",\"url\":\"https:\\\/\\\/acuariosupremus.com\\\/\",\"logo\":{\"@type\":\"ImageObject\",\"inLanguage\":\"es\",\"@id\":\"https:\\\/\\\/acuariosupremus.com\\\/#\\\/schema\\\/logo\\\/image\\\/\",\"url\":\"https:\\\/\\\/acuariosupremus.com\\\/wp-content\\\/uploads\\\/2021\\\/12\\\/cropped-logo_acuario_supremus_fn-2.png\",\"contentUrl\":\"https:\\\/\\\/acuariosupremus.com\\\/wp-content\\\/uploads\\\/2021\\\/12\\\/cropped-logo_acuario_supremus_fn-2.png\",\"width\":1000,\"height\":318,\"caption\":\"Acuario Supremus\"},\"image\":{\"@id\":\"https:\\\/\\\/acuariosupremus.com\\\/#\\\/schema\\\/logo\\\/image\\\/\"},\"sameAs\":[\"https:\\\/\\\/www.facebook.com\\\/AcuarioSupremus\",\"https:\\\/\\\/x.com\\\/AcuarioSupremus\",\"https:\\\/\\\/www.instagram.com\\\/acuariosupremus\\\/?hl=es\"]}]}<\/script>\n<!-- \/ Yoast SEO plugin. -->","yoast_head_json":{"title":"Juego de rasquetas multifuncionales BOYU AS-201. | Acuario Supremus","description":"La soluci\u00f3n ideal para la limpieza de su acuario de agua dulce o salada es la rasqueta multi-funciones 5 en 1 de la marca BOYU.","robots":{"index":"index","follow":"follow","max-snippet":"max-snippet:-1","max-image-preview":"max-image-preview:large","max-video-preview":"max-video-preview:-1"},"canonical":"https:\/\/acuariosupremus.com\/?product=juego-de-rasquetas-multifuncionales-boyu-as-201","og_locale":"es_MX","og_type":"article","og_title":"Juego de rasquetas multifuncionales BOYU AS-201. | Acuario Supremus","og_description":"La soluci\u00f3n ideal para la limpieza de su acuario de agua dulce o salada es la rasqueta multi-funciones 5 en 1 de la marca BOYU.","og_url":"https:\/\/acuariosupremus.com\/?product=juego-de-rasquetas-multifuncionales-boyu-as-201","og_site_name":"Acuario Supremus","article_publisher":"https:\/\/www.facebook.com\/AcuarioSupremus","article_modified_time":"2025-12-26T21:54:47+00:00","og_image":[{"width":1250,"height":1250,"url":"https:\/\/acuariosupremus.com\/wp-content\/uploads\/2022\/05\/multi_rasqueta_5funciones_as201_01.jpg","type":"image\/jpeg"}],"twitter_card":"summary_large_image","twitter_site":"@AcuarioSupremus","twitter_misc":{"Tiempo de lectura":"2 minutos"},"schema":{"@context":"https:\/\/schema.org","@graph":[{"@type":"WebPage","@id":"https:\/\/acuariosupremus.com\/?product=juego-de-rasquetas-multifuncionales-boyu-as-201","url":"https:\/\/acuariosupremus.com\/?product=juego-de-rasquetas-multifuncionales-boyu-as-201","name":"Juego de rasquetas multifuncionales BOYU AS-201. | Acuario Supremus","isPartOf":{"@id":"https:\/\/acuariosupremus.com\/#website"},"primaryImageOfPage":{"@id":"https:\/\/acuariosupremus.com\/?product=juego-de-rasquetas-multifuncionales-boyu-as-201#primaryimage"},"image":{"@id":"https:\/\/acuariosupremus.com\/?product=juego-de-rasquetas-multifuncionales-boyu-as-201#primaryimage"},"thumbnailUrl":"https:\/\/acuariosupremus.com\/wp-content\/uploads\/2022\/05\/multi_rasqueta_5funciones_as201_01.jpg","datePublished":"2022-05-07T01:13:48+00:00","dateModified":"2025-12-26T21:54:47+00:00","description":"La soluci\u00f3n ideal para la limpieza de su acuario de agua dulce o salada es la rasqueta multi-funciones 5 en 1 de la marca BOYU.","breadcrumb":{"@id":"https:\/\/acuariosupremus.com\/?product=juego-de-rasquetas-multifuncionales-boyu-as-201#breadcrumb"},"inLanguage":"es","potentialAction":[{"@type":"ReadAction","target":["https:\/\/acuariosupremus.com\/?product=juego-de-rasquetas-multifuncionales-boyu-as-201"]}]},{"@type":"ImageObject","inLanguage":"es","@id":"https:\/\/acuariosupremus.com\/?product=juego-de-rasquetas-multifuncionales-boyu-as-201#primaryimage","url":"https:\/\/acuariosupremus.com\/wp-content\/uploads\/2022\/05\/multi_rasqueta_5funciones_as201_01.jpg","contentUrl":"https:\/\/acuariosupremus.com\/wp-content\/uploads\/2022\/05\/multi_rasqueta_5funciones_as201_01.jpg","width":1250,"height":1250},{"@type":"BreadcrumbList","@id":"https:\/\/acuariosupremus.com\/?product=juego-de-rasquetas-multifuncionales-boyu-as-201#breadcrumb","itemListElement":[{"@type":"ListItem","position":1,"name":"Portada","item":"https:\/\/acuariosupremus.com\/"},{"@type":"ListItem","position":2,"name":"Tienda","item":"https:\/\/acuariosupremus.com\/tienda\/"},{"@type":"ListItem","position":3,"name":"Juego de rasquetas multifuncionales BOYU AS-201."}]},{"@type":"WebSite","@id":"https:\/\/acuariosupremus.com\/#website","url":"https:\/\/acuariosupremus.com\/","name":"Acuario Supremus","description":"Peces, Peceras y Mascotas.","publisher":{"@id":"https:\/\/acuariosupremus.com\/#organization"},"potentialAction":[{"@type":"SearchAction","target":{"@type":"EntryPoint","urlTemplate":"https:\/\/acuariosupremus.com\/?s={search_term_string}"},"query-input":{"@type":"PropertyValueSpecification","valueRequired":true,"valueName":"search_term_string"}}],"inLanguage":"es"},{"@type":"Organization","@id":"https:\/\/acuariosupremus.com\/#organization","name":"Acuario Supremus","url":"https:\/\/acuariosupremus.com\/","logo":{"@type":"ImageObject","inLanguage":"es","@id":"https:\/\/acuariosupremus.com\/#\/schema\/logo\/image\/","url":"https:\/\/acuariosupremus.com\/wp-content\/uploads\/2021\/12\/cropped-logo_acuario_supremus_fn-2.png","contentUrl":"https:\/\/acuariosupremus.com\/wp-content\/uploads\/2021\/12\/cropped-logo_acuario_supremus_fn-2.png","width":1000,"height":318,"caption":"Acuario Supremus"},"image":{"@id":"https:\/\/acuariosupremus.com\/#\/schema\/logo\/image\/"},"sameAs":["https:\/\/www.facebook.com\/AcuarioSupremus","https:\/\/x.com\/AcuarioSupremus","https:\/\/www.instagram.com\/acuariosupremus\/?hl=es"]}]}},"jetpack_sharing_enabled":true,"_links":{"self":[{"href":"https:\/\/acuariosupremus.com\/index.php?rest_route=\/wp\/v2\/product\/8757","targetHints":{"allow":["GET"]}}],"collection":[{"href":"https:\/\/acuariosupremus.com\/index.php?rest_route=\/wp\/v2\/product"}],"about":[{"href":"https:\/\/acuariosupremus.com\/index.php?rest_route=\/wp\/v2\/types\/product"}],"wp:featuredmedia":[{"embeddable":true,"href":"https:\/\/acuariosupremus.com\/index.php?rest_route=\/wp\/v2\/media\/8758"}],"wp:attachment":[{"href":"https:\/\/acuariosupremus.com\/index.php?rest_route=%2Fwp%2Fv2%2Fmedia&parent=8757"}],"wp:term":[{"taxonomy":"product_brand","embeddable":true,"href":"https:\/\/acuariosupremus.com\/index.php?rest_route=%2Fwp%2Fv2%2Fproduct_brand&post=8757"},{"taxonomy":"product_cat","embeddable":true,"href":"https:\/\/acuariosupremus.com\/index.php?rest_route=%2Fwp%2Fv2%2Fproduct_cat&post=8757"},{"taxonomy":"product_tag","embeddable":true,"href":"https:\/\/acuariosupremus.com\/index.php?rest_route=%2Fwp%2Fv2%2Fproduct_tag&post=8757"}],"curies":[{"name":"wp","href":"https:\/\/api.w.org\/{rel}","templated":true}]}}